{"id":3341,"date":"2025-01-07T01:06:38","date_gmt":"2025-01-07T01:06:38","guid":{"rendered":"https:\/\/fmp-components.com\/?page_id=8"},"modified":"2025-01-07T01:16:32","modified_gmt":"2025-01-07T01:16:32","slug":"plastic-gearbox-motor-tgp02d-a130-for-toy-robot-remote-control-toy-cars","status":"publish","type":"product","link":"https:\/\/fmp-components.com\/de\/product\/plastic-gearbox-motor-tgp02d-a130-for-toy-robot-remote-control-toy-cars\/","title":{"rendered":"Kunststoff-Getriebemotor TGP02D-A130 f\u00fcr ferngesteuerte Spielzeugroboter"},"content":{"rendered":"<h2>Figuren:<\/h2>\n<p>1. Doppelwelle. Kleine Gr\u00f6\u00dfe: 42,2 mm \u00d7 45,5 mm \u00d7 23 mm<br \/>\n2. DC-Kunststoffgetriebemotor mit niedriger Drehzahl und gro\u00dfem Drehmoment<br \/>\n3. Geeignet f\u00fcr Anwendungen mit kleinem Durchmesser, geringem Ger\u00e4uschpegel und gro\u00dfem Drehmoment<br \/>\n4. Untersetzungsverh\u00e4ltnis: 48\u3001120\u3001180\u3001220\u3001288<\/p>\n<p><img loading=\"lazy\" decoding=\"async\" class=\"alignnone wp-image-3349\" src=\"https:\/\/fmp-components.com\/wp-content\/uploads\/2025\/01\/fmp_3.TGP010-A130-2.webp\" alt=\"fmp_3.TGP010-A130-2\" width=\"909\" height=\"423\" title=\"\" srcset=\"https:\/\/fmp-components.com\/wp-content\/uploads\/2025\/01\/fmp_3.TGP010-A130-2.webp 909w, https:\/\/fmp-components.com\/wp-content\/uploads\/2025\/01\/fmp_3.TGP010-A130-2-480x223.webp 480w\" sizes=\"(min-width: 0px) and (max-width: 480px) 480px, (min-width: 481px) 909px, 100vw\" \/><\/p>\n<h2>Technische Daten des Mini-Gleichstrommotors<\/h2>\n<table style=\"width: 98.042%; height: 144px;\" border=\"1\">\n<tbody>\n<tr>\n<td style=\"width: 21.3647%;\">Motormodell Nr.<\/td>\n<td style=\"width: 15.8837%;\">Nennspannung<br \/>\nVDC<\/td>\n<td style=\"width: 16.6667%;\">Leerlaufdrehzahl<br \/>\nU\/min<\/td>\n<td style=\"width: 17.6734%;\">Leerlaufstrom<br \/>\nmA<\/td>\n<td style=\"width: 13.0872%;\">Blockierdrehmoment<br \/>\ng\/cm<\/td>\n<td style=\"width: 15.3244%;\">Blockierstrom<br \/>\nA<\/td>\n<\/tr>\n<tr>\n<td style=\"width: 21.3647%;\">TFE-130RA-12215<\/td>\n<td style=\"width: 15.8837%;\">6.0<\/td>\n<td style=\"width: 16.6667%;\">11500<\/td>\n<td style=\"width: 17.6734%;\">120<\/td>\n<td style=\"width: 13.0872%;\">20<\/td>\n<td style=\"width: 15.3244%;\">0.85<\/td>\n<\/tr>\n<tr>\n<td style=\"width: 21.3647%;\">TFE-130RA-14175<\/td>\n<td style=\"width: 15.8837%;\">3.0<\/td>\n<td style=\"width: 16.6667%;\">8000<\/td>\n<td style=\"width: 17.6734%;\">120<\/td>\n<td style=\"width: 13.0872%;\">13<\/td>\n<td style=\"width: 15.3244%;\">0.70<\/td>\n<\/tr>\n<tr>\n<td style=\"width: 21.3647%;\">TFE-130RA-18100<\/td>\n<td style=\"width: 15.8837%;\">3.0<\/td>\n<td style=\"width: 16.6667%;\">11500<\/td>\n<td style=\"width: 17.6734%;\">250<\/td>\n<td style=\"width: 13.0872%;\">20<\/td>\n<td style=\"width: 15.3244%;\">1.80<\/td>\n<\/tr>\n<\/tbody>\n<\/table>\n<h2>Technische Daten des Getriebemotors<\/h2>\n<table style=\"width: 98.042%; height: 120px;\" border=\"1\">\n<tbody>\n<tr style=\"height: 30px;\">\n<th style=\"height: 30px; width: 32.774%; text-align: left;\">Getriebemodell<\/th>\n<td style=\"height: 30px; width: 68.0089%;\">TGP01D-A130-12215-XXX<\/td>\n<\/tr>\n<tr style=\"height: 30px;\">\n<th style=\"height: 30px; width: 32.774%; text-align: left;\">Untersetzungsverh\u00e4ltnisse<\/th>\n<td style=\"height: 30px; width: 68.0089%;\">48, 120, 180, 220, 288<\/td>\n<\/tr>\n<tr style=\"height: 30px;\">\n<th style=\"height: 30px; width: 32.774%; text-align: left;\">Leerlaufdrehzahlen (U\/min)<\/th>\n<td style=\"height: 30px; width: 68.0089%;\">230, 90, 60, 50, 38<\/td>\n<\/tr>\n<tr style=\"height: 30px;\">\n<th style=\"height: 30px; width: 32.774%; text-align: left;\">Max. momentanes Toleranzdrehmoment (kg.cm)<\/th>\n<td style=\"height: 30px; width: 68.0089%;\">0.7, 1.4, 2.0, 2.2, 2.8<\/td>\n<\/tr>\n<\/tbody>\n<\/table>\n<h2>Getriebe mit Motor<\/h2>\n<table style=\"width: 98.7983%; height: 96px;\" border=\"1\">\n<tbody>\n<tr style=\"height: 24px;\">\n<th style=\"height: 24px; text-align: left; width: 38.4787%;\">Getriebemodell<\/th>\n<td style=\"height: 24px; width: 63.0872%;\">TGP01D-A130-14175-XXX<\/td>\n<\/tr>\n<tr style=\"height: 24px;\">\n<th style=\"height: 24px; text-align: left; width: 38.4787%;\">Untersetzungsverh\u00e4ltnisse<\/th>\n<td style=\"height: 24px; width: 63.0872%;\">48, 120, 180, 220, 288<\/td>\n<\/tr>\n<tr style=\"height: 24px;\">\n<th style=\"height: 24px; text-align: left; width: 38.4787%;\">Leerlaufdrehzahlen (U\/min)<\/th>\n<td style=\"height: 24px; width: 63.0872%;\">150, 60, 40, 33, 25<\/td>\n<\/tr>\n<tr style=\"height: 24px;\">\n<th style=\"height: 24px; text-align: left; width: 38.4787%;\">Max. momentanes Toleranzdrehmoment (kg.cm)<\/th>\n<td style=\"height: 24px; width: 63.0872%;\">0.5, 0.9, 1.2, 1.4, 1.8<\/td>\n<\/tr>\n<\/tbody>\n<\/table>\n<table style=\"color: #666666; font-size: 14px; width: 98.9666%; height: 142px;\" border=\"1\">\n<tbody>\n<tr style=\"height: 24px;\">\n<th style=\"text-align: left; width: 38.5906%; height: 24px;\">Getriebemodell<\/th>\n<td style=\"width: 61.8421%; height: 24px;\">TGP01D-A130-18100-XXX<\/td>\n<\/tr>\n<tr style=\"height: 24px;\">\n<th style=\"text-align: left; width: 38.5906%; height: 24px;\">Untersetzungsverh\u00e4ltnisse<\/th>\n<td style=\"width: 61.8421%; height: 24px;\">48, 120, 180, 220, 288<\/td>\n<\/tr>\n<tr style=\"height: 24px;\">\n<th style=\"text-align: left; width: 38.5906%; height: 24px;\">Leerlaufdrehzahlen (U\/min)<\/th>\n<td style=\"width: 61.8421%; height: 24px;\">230, 90, 60, 50, 38<\/td>\n<\/tr>\n<tr style=\"height: 24px;\">\n<th style=\"text-align: left; width: 38.5906%; height: 24px;\">Max. momentanes Toleranzdrehmoment (kg.cm)<\/th>\n<td style=\"width: 61.8421%; height: 24px;\">0.7, 1.4, 2.0, 2.2, 2.8<\/td>\n<\/tr>\n<\/tbody>\n<\/table>\n<p>&nbsp;<\/p>\n<table border=\"1\" width=\"100%\" cellspacing=\"0\" cellpadding=\"0\">\n<tbody>\n<tr>\n<td colspan=\"2\" rowspan=\"3\" width=\"131\" height=\"65\" data-spm-anchor-id=\"a2700.details.0.i21.659d3e61kGVPBR\">MODELL<\/td>\n<td rowspan=\"3\" width=\"75\">Reduktionsverh\u00e4ltnis<\/td>\n<td colspan=\"2\" width=\"133\">STROMSPANNUNG<\/td>\n<td colspan=\"2\" width=\"117\">KEINE LAST<\/td>\n<td colspan=\"4\" width=\"228\">BEI MAXIMALER EFFIZIENZ<\/td>\n<td colspan=\"2\" width=\"118\">STALL<\/td>\n<\/tr>\n<tr>\n<td rowspan=\"2\" width=\"75\">ARBEITSBEREICH<\/td>\n<td width=\"58\">Nominal<\/td>\n<td width=\"55\">GESCHWINDIGKEIT<\/td>\n<td width=\"62\">AKTUELL<\/td>\n<td width=\"55\">GESCHWINDIGKEIT<\/td>\n<td width=\"62\">AKTUELL<\/td>\n<td width=\"56\">DREHMOMENT<\/td>\n<td width=\"55\">AUSGABE<\/td>\n<td width=\"56\">DREHMOMENT<\/td>\n<td width=\"62\">AKTUELL<\/td>\n<\/tr>\n<tr>\n<td width=\"58\">V<\/td>\n<td width=\"55\">U\/min<\/td>\n<td width=\"62\">A<\/td>\n<td width=\"55\">U\/min<\/td>\n<td width=\"62\">A<\/td>\n<td width=\"56\">kg.cm<\/td>\n<td width=\"55\">W<\/td>\n<td width=\"56\">kg.cm<\/td>\n<td width=\"62\">A<\/td>\n<\/tr>\n<tr>\n<td colspan=\"2\" width=\"131\" height=\"24\">T130-02-06500<\/td>\n<td width=\"75\">48\/1<\/td>\n<td width=\"75\">3.0~7.0<\/td>\n<td width=\"58\">6.0<\/td>\n<td width=\"55\">500<\/td>\n<td width=\"62\">0.21<\/td>\n<td width=\"55\">416<\/td>\n<td width=\"62\">1.04<\/td>\n<td width=\"56\">0.4<\/td>\n<td width=\"55\">1.71<\/td>\n<td width=\"56\">2.4<\/td>\n<td width=\"62\">5.2<\/td>\n<\/tr>\n<tr>\n<td colspan=\"2\" width=\"131\" height=\"24\">T130-02-06200<\/td>\n<td width=\"75\">120\/1<\/td>\n<td width=\"75\">3.0~7.0<\/td>\n<td width=\"58\">6.0<\/td>\n<td width=\"55\">200<\/td>\n<td width=\"62\">0.21<\/td>\n<td width=\"55\">415<\/td>\n<td width=\"62\">1.06<\/td>\n<td width=\"56\">1.0<\/td>\n<td width=\"55\">4.26<\/td>\n<td width=\"56\">5.9<\/td>\n<td width=\"62\">5.2<\/td>\n<\/tr>\n<tr>\n<td colspan=\"2\" width=\"131\" height=\"24\">T130-02-09175<\/td>\n<td width=\"75\">48\/1<\/td>\n<td width=\"75\">3.0~10.0<\/td>\n<td width=\"58\">9.0<\/td>\n<td width=\"55\">175<\/td>\n<td width=\"62\">0.09<\/td>\n<td width=\"55\">133<\/td>\n<td width=\"62\">0.17<\/td>\n<td width=\"56\">0.3<\/td>\n<td width=\"55\">0.41<\/td>\n<td width=\"56\">1.3<\/td>\n<td width=\"62\">0.55<\/td>\n<\/tr>\n<tr>\n<td colspan=\"2\" width=\"131\" height=\"24\">T130-02-0938<\/td>\n<td width=\"75\">220\/1<\/td>\n<td width=\"75\">3.0~10.0<\/td>\n<td width=\"58\">9.0<\/td>\n<td width=\"55\">38<\/td>\n<td width=\"62\">0.09<\/td>\n<td width=\"55\">31<\/td>\n<td width=\"62\">0.14<\/td>\n<td width=\"56\">1.0<\/td>\n<td width=\"55\">0.32<\/td>\n<td width=\"56\">5.8<\/td>\n<td width=\"62\">0.55<\/td>\n<\/tr>\n<tr>\n<td colspan=\"2\" width=\"131\" height=\"24\">T130-02-1260<\/td>\n<td width=\"75\">220\/1<\/td>\n<td width=\"75\">3.0~13.0<\/td>\n<td width=\"58\">12.0<\/td>\n<td width=\"55\">60<\/td>\n<td width=\"62\">0.05<\/td>\n<td width=\"55\">48<\/td>\n<td width=\"62\">0.2<\/td>\n<td width=\"56\">1.5<\/td>\n<td width=\"55\">0.74<\/td>\n<td width=\"56\">5.8<\/td>\n<td width=\"62\">0.85<\/td>\n<\/tr>\n<\/tbody>\n<\/table>\n<h2>Sonstiges Kunststoffgetriebe plus A130-Gleichstrommotor<\/h2>\n<table style=\"width: 100%; height: 71px;\" border=\"1\" width=\"100%\" cellspacing=\"0\" cellpadding=\"0\">\n<tbody>\n<tr style=\"height: 13.8pt;\">\n<td style=\"height: 13px; width: 49.892%;\" align=\"right\" width=\"64\" height=\"18\"><img loading=\"lazy\" decoding=\"async\" class=\"alignnone size-full wp-image-3344\" src=\"https:\/\/fmp-components.com\/wp-content\/uploads\/2025\/01\/fmp_1.TGP010-A130-1-1.webp\" alt=\"fmp_1.TGP010-A130-1-1\" width=\"600\" height=\"600\" title=\"\" srcset=\"https:\/\/fmp-components.com\/wp-content\/uploads\/2025\/01\/fmp_1.TGP010-A130-1-1.webp 600w, https:\/\/fmp-components.com\/wp-content\/uploads\/2025\/01\/fmp_1.TGP010-A130-1-1-480x480.webp 480w\" sizes=\"(min-width: 0px) and (max-width: 480px) 480px, (min-width: 481px) 600px, 100vw\" \/><\/td>\n<td style=\"width: 49.892%; height: 13px;\" align=\"right\" width=\"64\"><img loading=\"lazy\" decoding=\"async\" class=\"alignnone size-full wp-image-3345\" src=\"https:\/\/fmp-components.com\/wp-content\/uploads\/2025\/01\/fmp_2.TGP010-A130-1-1.webp\" alt=\"fmp_2.TGP010-A130-1-1\" width=\"600\" height=\"600\" title=\"\" srcset=\"https:\/\/fmp-components.com\/wp-content\/uploads\/2025\/01\/fmp_2.TGP010-A130-1-1.webp 600w, https:\/\/fmp-components.com\/wp-content\/uploads\/2025\/01\/fmp_2.TGP010-A130-1-1-480x480.webp 480w\" sizes=\"(min-width: 0px) and (max-width: 480px) 480px, (min-width: 481px) 600px, 100vw\" \/><\/td>\n<\/tr>\n<tr style=\"height: 22px;\">\n<td style=\"height: 22px; text-align: center;\"><strong>TGP01D-A130<\/strong><\/td>\n<td style=\"height: 22px; text-align: center;\"><strong>TGP01S-A130<\/strong><\/td>\n<\/tr>\n<tr style=\"height: 13.8pt;\">\n<td style=\"height: 13px; width: 49.892%;\" align=\"right\" height=\"18\"><img loading=\"lazy\" decoding=\"async\" class=\"alignnone size-full wp-image-3346\" src=\"https:\/\/fmp-components.com\/wp-content\/uploads\/2025\/01\/fmp_3.TGP010-A130-1.webp\" alt=\"fmp_3.TGP010-A130-1\" width=\"600\" height=\"600\" title=\"\" srcset=\"https:\/\/fmp-components.com\/wp-content\/uploads\/2025\/01\/fmp_3.TGP010-A130-1.webp 600w, https:\/\/fmp-components.com\/wp-content\/uploads\/2025\/01\/fmp_3.TGP010-A130-1-480x480.webp 480w\" sizes=\"(min-width: 0px) and (max-width: 480px) 480px, (min-width: 481px) 600px, 100vw\" \/><\/td>\n<td style=\"width: 49.892%; height: 13px;\" align=\"right\"><img loading=\"lazy\" decoding=\"async\" class=\"alignnone size-full wp-image-3347\" src=\"https:\/\/fmp-components.com\/wp-content\/uploads\/2025\/01\/fmp_4.TGP010-A130-1.webp\" alt=\"fmp_4.TGP010-A130-1\" width=\"600\" height=\"600\" title=\"\" srcset=\"https:\/\/fmp-components.com\/wp-content\/uploads\/2025\/01\/fmp_4.TGP010-A130-1.webp 600w, https:\/\/fmp-components.com\/wp-content\/uploads\/2025\/01\/fmp_4.TGP010-A130-1-480x480.webp 480w\" sizes=\"(min-width: 0px) and (max-width: 480px) 480px, (min-width: 481px) 600px, 100vw\" \/><\/td>\n<\/tr>\n<tr style=\"height: 23px;\">\n<td style=\"height: 23px; text-align: center;\"><strong>TGP02D-A130<\/strong><\/td>\n<td style=\"height: 23px; text-align: center;\"><strong>TGP02S-A130<\/strong><\/td>\n<\/tr>\n<\/tbody>\n<\/table>\n<h2>Anwendung:<\/h2>\n<table style=\"width: 100%;\" border=\"1\" width=\"100%\" cellspacing=\"0\" cellpadding=\"0\">\n<tbody>\n<tr>\n<th>Anwendungsbereiche<\/th>\n<td><strong>B\u00fcromaschinen:<\/strong> Geldautomaten, Kopierer und Scanner, Bargeldabwicklung, Kassensysteme, Drucker, Verkaufsautomaten.<br \/>\n<strong>Speisen und Getr\u00e4nke:<\/strong> Getr\u00e4nkeausschankger\u00e4te, Stabmixer, Standmixer, R\u00fchrger\u00e4te, Kaffeemaschinen, K\u00fcchenmaschinen, Entsafter, Fritteusen, Eisw\u00fcrfelbereiter, Sojamilchbereiter.<br \/>\n<strong>Kamera und Optik:<\/strong> Video, Kameras, Projektoren.<br \/>\n<strong>Elektrowerkzeuge:<\/strong> Bohrmaschinen und Akkuschrauber, Schleifmaschinen, Poliermaschinen, S\u00e4gen.<br \/>\n<strong>Rasen und Garten:<\/strong> Rasenm\u00e4her, Schneefr\u00e4sen, Trimmer, Laubbl\u00e4ser.<\/td>\n<\/tr>\n<\/tbody>\n<\/table>\n<h2 data-pm-slice=\"0 0 []\">Merkmale des Kunststoffgetriebemotors TGP02D-A130<\/h2>\n<p>Der TGP02D-A130 ist ein leistungsstarker Kunststoffgetriebemotor, der eine vielseitige und zuverl\u00e4ssige L\u00f6sung f\u00fcr ein breites Anwendungsspektrum bietet. Dieser Motor kombiniert ein robustes Kunststoffgetriebe mit einem effizienten Gleichstrommotor und eignet sich daher ideal f\u00fcr verschiedene Drehmomentanforderungen im niedrigen bis mittleren Bereich. Nachfolgend die wichtigsten Merkmale des TGP02D-A130:<\/p>\n<ol>\n<li><strong>Kompaktes Design<\/strong>Der Motor mit Kunststoffgetriebe zeichnet sich durch seine kompakte Gr\u00f6\u00dfe aus, wodurch er sich problemlos in platzbeschr\u00e4nkte Anwendungen integrieren l\u00e4sst, ohne Kompromisse bei der Leistung einzugehen.<\/li>\n<li><strong>Effiziente Leistung<\/strong>Ausgestattet mit einem leistungsstarken Gleichstrommotor, bietet der TGP02D-A130 eine reibungslose und effiziente Leistung und sorgt f\u00fcr ein gleichm\u00e4\u00dfiges Drehmoment und eine konstante Drehzahl, die f\u00fcr eine Vielzahl von Anwendungen geeignet sind.<\/li>\n<li><strong>Robustes Kunststoffgetriebe<\/strong>Der Motor ist mit einem robusten Kunststoffgetriebe gekoppelt, was eine lange Lebensdauer gew\u00e4hrleistet und das Gesamtgewicht der Baugruppe reduziert, was insbesondere bei leichten Anwendungen von Vorteil ist.<\/li>\n<li><strong>Ger\u00e4uscharmer Betrieb<\/strong>Der TGP02D-A130 wurde f\u00fcr einen leisen Betrieb entwickelt und eignet sich daher ideal f\u00fcr Anwendungen, bei denen eine Ger\u00e4uschreduzierung von entscheidender Bedeutung ist, wie beispielsweise bei Haushaltsger\u00e4ten und Spielzeug.<\/li>\n<li><strong>Vielseitigkeit<\/strong>Dieser Motor ist \u00e4u\u00dferst vielseitig und kann in einer breiten Palette von Ger\u00e4ten eingesetzt werden, darunter Robotersysteme, Modelle, kleine Maschinen und andere Ger\u00e4te, die eine pr\u00e4zise Bewegungssteuerung erfordern.<\/li>\n<\/ol>\n<p>Zusammenfassend l\u00e4sst sich sagen, dass der Kunststoffgetriebemotor TGP02D-A130 eine zuverl\u00e4ssige, kosteng\u00fcnstige und effiziente L\u00f6sung f\u00fcr eine Vielzahl von Anwendungen im niedrigen bis mittleren Leistungsbereich darstellt. Er vereint die Robustheit eines Kunststoffgetriebes mit der Pr\u00e4zision eines Gleichstrommotors und bietet so hohe Leistung in einem kompakten und vielseitigen Design.<\/p>\n<h2>\u00dcber FMP<\/h2>\n<p>FMP ist ein f\u00fchrender Hersteller, der f\u00fcr seine Expertise in der Konstruktion, Entwicklung und Produktion von hochpr\u00e4zisen Getrieben, Hydraulikzylindern, Motoren, Nebenabtriebswellen, Mikromotoren und einer Vielzahl weiterer wichtiger Komponenten bekannt ist. Dank des Engagements und der Expertise unseres qualifizierten Teams haben wir uns als bedeutender Akteur in der Branche etabliert. Unsere Produkte werden in Europa, Nordamerika, S\u00fcdostasien und anderen wichtigen globalen M\u00e4rkten vertrieben und genie\u00dfen dort einen exzellenten Ruf f\u00fcr Qualit\u00e4t, Zuverl\u00e4ssigkeit und Leistung.<\/p>\n<p>Bei FMP verf\u00fcgen wir \u00fcber modernste Produktionsanlagen, darunter gro\u00dfz\u00fcgige Fertigungshallen, moderne B\u00fcror\u00e4ume und Mitarbeiterunterk\u00fcnfte. Unsere hochmoderne Forschungs- und Entwicklungs-, Produktions- und Pr\u00fcfausr\u00fcstung erm\u00f6glicht es uns, unseren Kunden hochspezialisierte, ma\u00dfgeschneiderte L\u00f6sungen anzubieten. Dank unserer starken technischen Kompetenz, effizienter Produktionsprozesse und eines soliden Managementsystems stellen wir sicher, dass jedes Produkt die h\u00f6chsten Branchenstandards erf\u00fcllt oder \u00fcbertrifft.<\/p>\n<p>Qualit\u00e4t steht bei uns an erster Stelle. Von der Materialauswahl und dem Design \u00fcber die Produktion und Lieferung bis hin zum Kundenfeedback achten wir auf jedes Detail. Kundenzufriedenheit ist unser oberstes Ziel, und wir sind bestrebt, w\u00e4hrend des gesamten Prozesses einen hervorragenden Service zu bieten. FMP setzt auf langfristige, partnerschaftliche Beziehungen zu seinen Kunden und f\u00f6rdert Wachstum und Erfolg statt kurzfristiger Gewinne.<\/p>\n<p>Wir sind stets offen f\u00fcr Kooperationen und freuen uns darauf, gemeinsam mit unseren Partnern eine erfolgreiche Zukunft zu gestalten. Unsere ma\u00dfgeschneiderten L\u00f6sungen sind darauf ausgelegt, sich an die sich wandelnden Bed\u00fcrfnisse unserer Kunden anzupassen und jedem Projekt die volle Aufmerksamkeit und Expertise zukommen zu lassen, die es verdient. Ob Standardprodukte oder individuelle L\u00f6sungen \u2013 FMP unterst\u00fctzt Sie auf jedem Schritt Ihres Weges zum Erfolg.<\/p>\n<p><img loading=\"lazy\" decoding=\"async\" class=\"alignnone size-full wp-image-3335\" src=\"https:\/\/fmp-components.com\/wp-content\/uploads\/2025\/01\/DC-motor-tgp01d-a130-product-1.webp\" alt=\"Gleichstrommotor-tgp01d-a130\" width=\"883\" height=\"574\" title=\"\" srcset=\"https:\/\/fmp-components.com\/wp-content\/uploads\/2025\/01\/DC-motor-tgp01d-a130-product-1.webp 883w, https:\/\/fmp-components.com\/wp-content\/uploads\/2025\/01\/DC-motor-tgp01d-a130-product-1-480x312.webp 480w\" sizes=\"(min-width: 0px) and (max-width: 480px) 480px, (min-width: 481px) 883px, 100vw\" \/><\/p>\n<p>Autor: CX<\/p>","protected":false},"excerpt":{"rendered":"<p>Characters: 1. Double shaft.Small size 42.2mm*45.5mm*23mm 2. DC plastic gear motor with low speed and big torque 3. Suitable for small diameter, low noise, and big toque application 4. Reduction Ratio: 48\u3001120\u3001180\u3001220\u3001288 Mini DC Motor Technical Data Motor model No Rated voltage VDC No-load speed r\/min No-load current mA Stall torque g.cm Stall current A [&hellip;]<\/p>","protected":false},"featured_media":3351,"comment_status":"open","ping_status":"closed","template":"","meta":{"_et_pb_use_builder":"","_et_pb_old_content":"","_et_gb_content_width":""},"product_brand":[],"product_cat":[85],"product_tag":[],"class_list":{"0":"post-3341","1":"product","2":"type-product","3":"status-publish","4":"has-post-thumbnail","6":"product_cat-dc-motors","8":"first","9":"instock","10":"shipping-taxable","11":"product-type-simple"},"_links":{"self":[{"href":"https:\/\/fmp-components.com\/de\/wp-json\/wp\/v2\/product\/3341","targetHints":{"allow":["GET"]}}],"collection":[{"href":"https:\/\/fmp-components.com\/de\/wp-json\/wp\/v2\/product"}],"about":[{"href":"https:\/\/fmp-components.com\/de\/wp-json\/wp\/v2\/types\/product"}],"replies":[{"embeddable":true,"href":"https:\/\/fmp-components.com\/de\/wp-json\/wp\/v2\/comments?post=3341"}],"wp:featuredmedia":[{"embeddable":true,"href":"https:\/\/fmp-components.com\/de\/wp-json\/wp\/v2\/media\/3351"}],"wp:attachment":[{"href":"https:\/\/fmp-components.com\/de\/wp-json\/wp\/v2\/media?parent=3341"}],"wp:term":[{"taxonomy":"product_brand","embeddable":true,"href":"https:\/\/fmp-components.com\/de\/wp-json\/wp\/v2\/product_brand?post=3341"},{"taxonomy":"product_cat","embeddable":true,"href":"https:\/\/fmp-components.com\/de\/wp-json\/wp\/v2\/product_cat?post=3341"},{"taxonomy":"product_tag","embeddable":true,"href":"https:\/\/fmp-components.com\/de\/wp-json\/wp\/v2\/product_tag?post=3341"}],"curies":[{"name":"wp","href":"https:\/\/api.w.org\/{rel}","templated":true}]}}