{"id":3339,"date":"2025-01-06T08:44:00","date_gmt":"2025-01-06T08:44:00","guid":{"rendered":"https:\/\/fmp-components.com\/?page_id=8"},"modified":"2025-01-07T01:03:57","modified_gmt":"2025-01-07T01:03:57","slug":"plastic-gearbox-mini-geared-motor-tgp01s-a130","status":"publish","type":"product","link":"https:\/\/fmp-components.com\/de\/product\/plastic-gearbox-mini-geared-motor-tgp01s-a130\/","title":{"rendered":"Kunststoffgetriebe Mini-Getriebemotor TGP01S-A130"},"content":{"rendered":"<h2>Kunststoffgetriebe Mini-Getriebemotor TGP01S-A130<\/h2>\n<ul class=\"a-unordered-list a-vertical a-spacing-mini\">\n<li><span class=\"a-list-item\">TGP-Kunststoffzahnradgetriebe plus A130 Permanentmagnet-Gleichstrommotor<\/span><\/li>\n<li><span class=\"a-list-item\">Kleiner Gleichstrom-Getriebemotor mit niedriger Drehzahl und hohem Drehmoment<\/span><\/li>\n<li><span class=\"a-list-item\">geeignet f\u00fcr Anwendungen mit kleinem Durchmesser, geringem Ger\u00e4uschpegel und hohem Drehmoment<\/span><\/li>\n<li><span class=\"a-list-item\">Reduktionsverh\u00e4ltnis: 48, 120, 180, 220, 288<\/span><\/li>\n<\/ul>\n<h2 align=\"left\" data-spm-anchor-id=\"a2700.details.0.i21.36dd6237ZBajCj\">Eigenschaften eines Mini-Getriebemotors<\/h2>\n<ul>\n<li>Kleiner Gleichstrom-Getriebemotor mit niedriger Drehzahl und hohem Drehmoment<\/li>\n<li>Geeignet f\u00fcr kleine Durchmesser. Ger\u00e4uscharm und mit hohem Drehmoment.<\/li>\n<li>Reduktionsverh\u00e4ltnis: 48, 120, 180, 220, 288<\/li>\n<li>Einzelwelle. Kleine Gr\u00f6\u00dfe: 18,7 mm \u00d7 22,3 mm \u00d7 64,5 mm<\/li>\n<li>Gleichstrom-Kunststoffgetriebemotor mit niedriger Drehzahl und hohem Drehmoment<\/li>\n<\/ul>\n<p><img loading=\"lazy\" decoding=\"async\" class=\"alignnone size-full wp-image-3342\" src=\"https:\/\/fmp-components.com\/wp-content\/uploads\/2025\/01\/fmp_2.TGP010-A130-2.webp\" alt=\"fmp_2.TGP010-A130-2\" width=\"837\" height=\"522\" title=\"\" srcset=\"https:\/\/fmp-components.com\/wp-content\/uploads\/2025\/01\/fmp_2.TGP010-A130-2.webp 837w, https:\/\/fmp-components.com\/wp-content\/uploads\/2025\/01\/fmp_2.TGP010-A130-2-480x299.webp 480w\" sizes=\"(min-width: 0px) and (max-width: 480px) 480px, (min-width: 481px) 837px, 100vw\" \/><\/p>\n<h2>Technische Daten des Mini-Gleichstrommotors<\/h2>\n<table style=\"width: 96.6375%; height: 144px;\" border=\"1\">\n<tbody>\n<tr>\n<td>Motormodell Nr.<\/td>\n<td>Nennspannung<br \/>\nVDC<\/td>\n<td>Leerlaufdrehzahl<br \/>\nU\/min<\/td>\n<td>Leerlaufstrom<br \/>\nmA<\/td>\n<td>Blockierdrehmoment<br \/>\ng\/cm<\/td>\n<td>Blockierstrom<br \/>\nA<\/td>\n<\/tr>\n<tr>\n<td>TFE-130RA-12215<\/td>\n<td>6.0<\/td>\n<td>11500<\/td>\n<td>120<\/td>\n<td>20<\/td>\n<td>0.85<\/td>\n<\/tr>\n<tr>\n<td>TFE-130RA-14175<\/td>\n<td>3.0<\/td>\n<td>8000<\/td>\n<td>120<\/td>\n<td>13<\/td>\n<td>0.70<\/td>\n<\/tr>\n<tr>\n<td>TFE-130RA-18100<\/td>\n<td>3.0<\/td>\n<td>11500<\/td>\n<td>250<\/td>\n<td>20<\/td>\n<td>1.80<\/td>\n<\/tr>\n<\/tbody>\n<\/table>\n<h2>Technische Daten des Getriebemotors<\/h2>\n<table style=\"width: 96.6375%; height: 120px;\" border=\"1\">\n<tbody>\n<tr style=\"height: 30px;\">\n<th style=\"height: 30px; width: 32.774%; text-align: left;\">Getriebemodell<\/th>\n<td style=\"height: 30px; width: 66.5548%;\">TGP01D-A130-12215-XXX<\/td>\n<\/tr>\n<tr style=\"height: 30px;\">\n<th style=\"height: 30px; width: 32.774%; text-align: left;\">Untersetzungsverh\u00e4ltnisse<\/th>\n<td style=\"height: 30px; width: 66.5548%;\">48, 120, 180, 220, 288<\/td>\n<\/tr>\n<tr style=\"height: 30px;\">\n<th style=\"height: 30px; width: 32.774%; text-align: left;\">Leerlaufdrehzahlen (U\/min)<\/th>\n<td style=\"height: 30px; width: 66.5548%;\">230, 90, 60, 50, 38<\/td>\n<\/tr>\n<tr style=\"height: 30px;\">\n<th style=\"height: 30px; width: 32.774%; text-align: left;\">Max. momentanes Toleranzdrehmoment (kg.cm)<\/th>\n<td style=\"height: 30px; width: 66.5548%;\">0.7, 1.4, 2.0, 2.2, 2.8<\/td>\n<\/tr>\n<\/tbody>\n<\/table>\n<h2>Getriebe mit Motor<\/h2>\n<table style=\"width: 96.6375%; height: 96px;\" border=\"1\">\n<tbody>\n<tr style=\"height: 24px;\">\n<th style=\"height: 24px; text-align: left; width: 38.4787%;\">Getriebemodell<\/th>\n<td style=\"height: 24px; width: 60.8501%;\">TGP01D-A130-14175-XXX<\/td>\n<\/tr>\n<tr style=\"height: 24px;\">\n<th style=\"height: 24px; text-align: left; width: 38.4787%;\">Untersetzungsverh\u00e4ltnisse<\/th>\n<td style=\"height: 24px; width: 60.8501%;\">48, 120, 180, 220, 288<\/td>\n<\/tr>\n<tr style=\"height: 24px;\">\n<th style=\"height: 24px; text-align: left; width: 38.4787%;\">Leerlaufdrehzahlen (U\/min)<\/th>\n<td style=\"height: 24px; width: 60.8501%;\">150, 60, 40, 33, 25<\/td>\n<\/tr>\n<tr style=\"height: 24px;\">\n<th style=\"height: 24px; text-align: left; width: 38.4787%;\">Max. momentanes Toleranzdrehmoment (kg.cm)<\/th>\n<td style=\"height: 24px; width: 60.8501%;\">0.5, 0.9, 1.2, 1.4, 1.8<\/td>\n<\/tr>\n<\/tbody>\n<\/table>\n<table style=\"width: 96.6375%; height: 120px;\" border=\"1\">\n<tbody>\n<tr>\n<th style=\"text-align: left; width: 38.5906%;\">Getriebemodell<\/th>\n<td style=\"width: 60.7383%;\">TGP01D-A130-18100-XXX<\/td>\n<\/tr>\n<tr>\n<th style=\"text-align: left; width: 38.5906%;\">Untersetzungsverh\u00e4ltnisse<\/th>\n<td style=\"width: 60.7383%;\">48, 120, 180, 220, 288<\/td>\n<\/tr>\n<tr>\n<th style=\"text-align: left; width: 38.5906%;\">Leerlaufdrehzahlen (U\/min)<\/th>\n<td style=\"width: 60.7383%;\">230, 90, 60, 50, 38<\/td>\n<\/tr>\n<tr>\n<th style=\"text-align: left; width: 38.5906%;\">Max. momentanes Toleranzdrehmoment (kg.cm)<\/th>\n<td style=\"width: 60.7383%;\">0.7, 1.4, 2.0, 2.2, 2.8<\/td>\n<\/tr>\n<\/tbody>\n<\/table>\n<h2>Sonstiges Kunststoffgetriebe plus A130-Gleichstrommotor<\/h2>\n<table style=\"width: 100%; height: 71px;\" border=\"1\" width=\"100%\" cellspacing=\"0\" cellpadding=\"0\">\n<tbody>\n<tr style=\"height: 13.8pt;\">\n<td style=\"height: 13px; width: 49.892%;\" align=\"right\" width=\"64\" height=\"18\"><img loading=\"lazy\" decoding=\"async\" class=\"alignnone size-full wp-image-3344\" src=\"https:\/\/fmp-components.com\/wp-content\/uploads\/2025\/01\/fmp_1.TGP010-A130-1-1.webp\" alt=\"fmp_1.TGP010-A130-1-1\" width=\"600\" height=\"600\" title=\"\" srcset=\"https:\/\/fmp-components.com\/wp-content\/uploads\/2025\/01\/fmp_1.TGP010-A130-1-1.webp 600w, https:\/\/fmp-components.com\/wp-content\/uploads\/2025\/01\/fmp_1.TGP010-A130-1-1-480x480.webp 480w\" sizes=\"(min-width: 0px) and (max-width: 480px) 480px, (min-width: 481px) 600px, 100vw\" \/><\/td>\n<td style=\"width: 49.892%; height: 13px;\" align=\"right\" width=\"64\"><img loading=\"lazy\" decoding=\"async\" class=\"alignnone size-full wp-image-3345\" src=\"https:\/\/fmp-components.com\/wp-content\/uploads\/2025\/01\/fmp_2.TGP010-A130-1-1.webp\" alt=\"fmp_2.TGP010-A130-1-1\" width=\"600\" height=\"600\" title=\"\" srcset=\"https:\/\/fmp-components.com\/wp-content\/uploads\/2025\/01\/fmp_2.TGP010-A130-1-1.webp 600w, https:\/\/fmp-components.com\/wp-content\/uploads\/2025\/01\/fmp_2.TGP010-A130-1-1-480x480.webp 480w\" sizes=\"(min-width: 0px) and (max-width: 480px) 480px, (min-width: 481px) 600px, 100vw\" \/><\/td>\n<\/tr>\n<tr style=\"height: 22px;\">\n<td style=\"height: 22px; text-align: center;\"><strong>TGP01D-A130<\/strong><\/td>\n<td style=\"height: 22px; text-align: center;\"><strong>TGP01S-A130<\/strong><\/td>\n<\/tr>\n<tr style=\"height: 13.8pt;\">\n<td style=\"height: 13px; width: 49.892%;\" align=\"right\" height=\"18\"><img loading=\"lazy\" decoding=\"async\" class=\"alignnone size-full wp-image-3346\" src=\"https:\/\/fmp-components.com\/wp-content\/uploads\/2025\/01\/fmp_3.TGP010-A130-1.webp\" alt=\"fmp_3.TGP010-A130-1\" width=\"600\" height=\"600\" title=\"\" srcset=\"https:\/\/fmp-components.com\/wp-content\/uploads\/2025\/01\/fmp_3.TGP010-A130-1.webp 600w, https:\/\/fmp-components.com\/wp-content\/uploads\/2025\/01\/fmp_3.TGP010-A130-1-480x480.webp 480w\" sizes=\"(min-width: 0px) and (max-width: 480px) 480px, (min-width: 481px) 600px, 100vw\" \/><\/td>\n<td style=\"width: 49.892%; height: 13px;\" align=\"right\"><img loading=\"lazy\" decoding=\"async\" class=\"alignnone size-full wp-image-3347\" src=\"https:\/\/fmp-components.com\/wp-content\/uploads\/2025\/01\/fmp_4.TGP010-A130-1.webp\" alt=\"fmp_4.TGP010-A130-1\" width=\"600\" height=\"600\" title=\"\" srcset=\"https:\/\/fmp-components.com\/wp-content\/uploads\/2025\/01\/fmp_4.TGP010-A130-1.webp 600w, https:\/\/fmp-components.com\/wp-content\/uploads\/2025\/01\/fmp_4.TGP010-A130-1-480x480.webp 480w\" sizes=\"(min-width: 0px) and (max-width: 480px) 480px, (min-width: 481px) 600px, 100vw\" \/><\/td>\n<\/tr>\n<tr style=\"height: 23px;\">\n<td style=\"height: 23px; text-align: center;\"><strong>TGP02D-A130<\/strong><\/td>\n<td style=\"height: 23px; text-align: center;\"><strong>TGP02S-A130<\/strong><\/td>\n<\/tr>\n<\/tbody>\n<\/table>\n<h2 data-pm-slice=\"0 0 []\">Merkmale des Mini-Getriebemotors TGP01S-A130 mit Kunststoffgetriebe<\/h2>\n<p>Der Mini-Getriebemotor TGP01S-A130 mit Kunststoffgetriebe ist ein kompakter, leichter und effizienter Motor, der speziell f\u00fcr Anwendungen im kleinen Ma\u00dfstab entwickelt wurde, bei denen Platz und Gewicht entscheidende Faktoren sind. Dieser Motor kombiniert ein Kunststoffgetriebe mit einem Mini-Gleichstrommotor und bietet so Vielseitigkeit und Zuverl\u00e4ssigkeit f\u00fcr diverse Anwendungen. Hier die wichtigsten Merkmale des Modells TGP01S-A130:<\/p>\n<ol>\n<li><strong>Kompaktes und leichtes Design<\/strong>:\n<ul>\n<li>Der TGP01S-A130 zeichnet sich durch seine kompakte Bauweise aus und eignet sich daher ideal f\u00fcr Anwendungen mit begrenztem Platzangebot. Das leichte Kunststoffgetriebe reduziert das Gesamtgewicht des Motors und erm\u00f6glicht so eine einfache Integration in kleine Ger\u00e4te und Systeme.<\/li>\n<\/ul>\n<\/li>\n<li><strong>Kunststoffgetriebe<\/strong>:\n<ul>\n<li>Die Verwendung von robustem Kunststoff im Getriebe gew\u00e4hrleistet eine leichte und dennoch stabile Konstruktion, die einen reibungslosen Betrieb erm\u00f6glicht und gleichzeitig die Gesamtkosten des Motors niedrig h\u00e4lt. Das Kunststoffmaterial tr\u00e4gt au\u00dferdem zur Ger\u00e4uschreduzierung im Betrieb bei.<\/li>\n<\/ul>\n<\/li>\n<li><strong>Hohes Drehmoment<\/strong>:\n<ul>\n<li>Trotz seiner geringen Gr\u00f6\u00dfe bietet der TGP01S-A130 ein gutes Verh\u00e4ltnis von Drehmoment und Drehzahl und eignet sich daher f\u00fcr Aufgaben, die ein moderates Drehmoment erfordern, wie z. B. den Antrieb kleiner R\u00e4der, Aktuatoren oder anderer leichter Maschinen.<\/li>\n<\/ul>\n<\/li>\n<li><strong>Effiziente Kraft\u00fcbertragung<\/strong>:\n<ul>\n<li>Der Getriebemotor ist auf effiziente Kraft\u00fcbertragung ausgelegt und optimiert die Nutzung elektrischer Energie bei minimalen Verlusten. Dadurch eignet er sich ideal f\u00fcr batteriebetriebene Ger\u00e4te und Anwendungen, die einen hohen Wirkungsgrad erfordern.<\/li>\n<\/ul>\n<\/li>\n<li><strong>Reibungsloser und leiser Betrieb<\/strong>:\n<ul>\n<li>Dank seines pr\u00e4zisionsgefertigten Kunststoffgetriebes arbeitet der Motor leise und gleichm\u00e4\u00dfig und ist daher eine hervorragende Wahl f\u00fcr Anwendungen, bei denen Ger\u00e4uschreduzierung wichtig ist, wie z. B. bei Spielzeug, medizinischen Ger\u00e4ten oder Haushaltsger\u00e4ten.<\/li>\n<\/ul>\n<\/li>\n<\/ol>\n<p>Der Mini-Getriebemotor TGP01S-A130 mit Kunststoffgetriebe vereint kompakte Bauweise, geringen Stromverbrauch, hohes Drehmoment und leisen Betrieb in einem kosteng\u00fcnstigen und vielseitigen Paket. Dank seiner Langlebigkeit, Effizienz und des breiten Spannungsbereichs eignet er sich ideal f\u00fcr ein breites Anwendungsspektrum, von der Robotik bis hin zu Konsumg\u00fctern.<\/p>\n<h2>\u00dcber FMP<\/h2>\n<p>FMP ist ein f\u00fchrender Hersteller, der sich auf die Konstruktion, Entwicklung und Produktion von hochpr\u00e4zisen Getrieben, Hydraulikzylindern, Motoren, Zapfwellen, Mikromotoren und einer Vielzahl weiterer wichtiger Komponenten spezialisiert hat. Dank des Engagements und der harten Arbeit unseres qualifizierten Teams haben wir uns als Branchenf\u00fchrer etabliert. Unsere Produkte sind in Europa, Nordamerika, S\u00fcdostasien und anderen Schl\u00fcsselm\u00e4rkten weit verbreitet und genie\u00dfen einen hervorragenden Ruf f\u00fcr Qualit\u00e4t und Exzellenz. Unsere Kunden loben stets die Leistung und Zuverl\u00e4ssigkeit unserer Produkte.<\/p>\n<p>Bei FMP verf\u00fcgen wir \u00fcber hochmoderne Produktionsanlagen, darunter gro\u00dfz\u00fcgige Fertigungswerkst\u00e4tten, B\u00fcror\u00e4ume und Mitarbeiterunterk\u00fcnfte. Dar\u00fcber hinaus verf\u00fcgen wir \u00fcber modernste Forschungs- und Entwicklungs-, Produktions- und Pr\u00fcfanlagen. Unsere spezialisierten Abteilungen f\u00fcr Konstruktion, Formenbau und Montage sind bestens ger\u00fcstet, um ma\u00dfgeschneiderte L\u00f6sungen f\u00fcr die individuellen Bed\u00fcrfnisse jedes Kunden zu entwickeln. Mit einer soliden technischen Basis, optimierten Produktionsprozessen und einem effizienten Managementsystem stellt FMP sicher, dass alle Produkte den h\u00f6chsten Industriestandards entsprechen.<\/p>\n<p>Qualit\u00e4t steht im Mittelpunkt unserer Gesch\u00e4ftst\u00e4tigkeit. Von der Materialauswahl und dem Design \u00fcber die Produktion und Lieferung bis hin zum Kundenfeedback achten wir auf jedes Detail. Kundenzufriedenheit hat f\u00fcr uns oberste Priorit\u00e4t und wir sind bestrebt, in jeder Phase des Prozesses au\u00dfergew\u00f6hnlichen Service zu bieten. FMP konzentriert sich nicht auf \u00fcberm\u00e4\u00dfigen Gewinn, sondern auf den Aufbau langfristiger, f\u00fcr beide Seiten vorteilhafter Partnerschaften mit unseren Kunden, um nachhaltiges Wachstum und Erfolg zu gew\u00e4hrleisten.<\/p>\n<p>Wir freuen uns auf die Zusammenarbeit und darauf, gemeinsam mit unseren Partnern eine bessere Zukunft zu gestalten. Unsere ma\u00dfgeschneiderten L\u00f6sungen sind auf die wachsenden Anforderungen unserer Kunden zugeschnitten und stellen sicher, dass jedes Projekt die volle Aufmerksamkeit und Expertise erh\u00e4lt, die es verdient. Ob Standardprodukte oder ma\u00dfgeschneiderte L\u00f6sungen \u2013 FMP unterst\u00fctzt Sie bei jedem Schritt Ihres Erfolgs.<\/p>\n<p><img loading=\"lazy\" decoding=\"async\" class=\"alignnone size-full wp-image-3335\" src=\"https:\/\/fmp-components.com\/wp-content\/uploads\/2025\/01\/DC-motor-tgp01d-a130-product-1.webp\" alt=\"Gleichstrommotor-tgp01d-a130\" width=\"883\" height=\"574\" title=\"\" srcset=\"https:\/\/fmp-components.com\/wp-content\/uploads\/2025\/01\/DC-motor-tgp01d-a130-product-1.webp 883w, https:\/\/fmp-components.com\/wp-content\/uploads\/2025\/01\/DC-motor-tgp01d-a130-product-1-480x312.webp 480w\" sizes=\"(min-width: 0px) and (max-width: 480px) 480px, (min-width: 481px) 883px, 100vw\" \/><\/p>\n<p>Autor: CX<\/p>","protected":false},"excerpt":{"rendered":"<p>Plastic Gearbox Mini Geared Motor TGP01S-A130 TGP plastic gears gearbox plus A130 permanent magnet DC motor small size dc gear motor with low speed and big torque suitable to small diameter, low noise, and big torque application reduction ratio: 48,120,180,220,288 Characters of Mini Geared Motor Small size dc gear motor with low speed and big [&hellip;]<\/p>","protected":false},"featured_media":3340,"comment_status":"open","ping_status":"closed","template":"","meta":{"_et_pb_use_builder":"","_et_pb_old_content":"","_et_gb_content_width":""},"product_brand":[],"product_cat":[85],"product_tag":[],"class_list":{"0":"post-3339","1":"product","2":"type-product","3":"status-publish","4":"has-post-thumbnail","6":"product_cat-dc-motors","8":"first","9":"instock","10":"shipping-taxable","11":"product-type-simple"},"_links":{"self":[{"href":"https:\/\/fmp-components.com\/de\/wp-json\/wp\/v2\/product\/3339","targetHints":{"allow":["GET"]}}],"collection":[{"href":"https:\/\/fmp-components.com\/de\/wp-json\/wp\/v2\/product"}],"about":[{"href":"https:\/\/fmp-components.com\/de\/wp-json\/wp\/v2\/types\/product"}],"replies":[{"embeddable":true,"href":"https:\/\/fmp-components.com\/de\/wp-json\/wp\/v2\/comments?post=3339"}],"wp:featuredmedia":[{"embeddable":true,"href":"https:\/\/fmp-components.com\/de\/wp-json\/wp\/v2\/media\/3340"}],"wp:attachment":[{"href":"https:\/\/fmp-components.com\/de\/wp-json\/wp\/v2\/media?parent=3339"}],"wp:term":[{"taxonomy":"product_brand","embeddable":true,"href":"https:\/\/fmp-components.com\/de\/wp-json\/wp\/v2\/product_brand?post=3339"},{"taxonomy":"product_cat","embeddable":true,"href":"https:\/\/fmp-components.com\/de\/wp-json\/wp\/v2\/product_cat?post=3339"},{"taxonomy":"product_tag","embeddable":true,"href":"https:\/\/fmp-components.com\/de\/wp-json\/wp\/v2\/product_tag?post=3339"}],"curies":[{"name":"wp","href":"https:\/\/api.w.org\/{rel}","templated":true}]}}