{"id":332,"date":"2024-12-09T07:11:22","date_gmt":"2024-12-09T07:11:22","guid":{"rendered":"https:\/\/fmp-components.com\/?page_id=8"},"modified":"2024-12-09T07:14:00","modified_gmt":"2024-12-09T07:14:00","slug":"forklift-distance-adjustment-hydraulic-cylinder","status":"publish","type":"product","link":"https:\/\/fmp-components.com\/de\/product\/forklift-distance-adjustment-hydraulic-cylinder\/","title":{"rendered":"Hydraulikzylinder zur Abstandseinstellung f\u00fcr Gabelstapler"},"content":{"rendered":"<p style=\"text-align: center;\"><span style=\"font-size: 18pt;\">Hydraulikzylinder zur Abstandseinstellung f\u00fcr Gabelstapler<\/span><\/p>\n<p><img loading=\"lazy\" decoding=\"async\" class=\"size-full wp-image-343 aligncenter\" src=\"https:\/\/fmp-components.com\/wp-content\/uploads\/2024\/12\/Forklift-Distance-Adjustment-Hydraulic-Cylinder.webp\" alt=\"Hydraulikzylinder zur Abstandseinstellung f\u00fcr Gabelstapler\" width=\"500\" height=\"500\" title=\"\" srcset=\"https:\/\/fmp-components.com\/wp-content\/uploads\/2024\/12\/Forklift-Distance-Adjustment-Hydraulic-Cylinder.webp 500w, https:\/\/fmp-components.com\/wp-content\/uploads\/2024\/12\/Forklift-Distance-Adjustment-Hydraulic-Cylinder-480x480.webp 480w\" sizes=\"(min-width: 0px) and (max-width: 480px) 480px, (min-width: 481px) 500px, 100vw\" \/><\/p>\n<h2>Abmessungen des Hydraulikzylinders zur Distanzverstellung beim Gabelstapler:<\/h2>\n<table>\n<tbody>\n<tr>\n<td>\n<h2><img loading=\"lazy\" decoding=\"async\" class=\"alignnone size-full wp-image-333\" src=\"https:\/\/fmp-components.com\/wp-content\/uploads\/2024\/12\/Forklift-Distance-Adjustment-Hydraulic-Cylinder-Dimensions-1.webp\" alt=\"Abmessungen des Hydraulikzylinders zur Distanzverstellung von Gabelstaplern\" width=\"600\" height=\"240\" title=\"\" srcset=\"https:\/\/fmp-components.com\/wp-content\/uploads\/2024\/12\/Forklift-Distance-Adjustment-Hydraulic-Cylinder-Dimensions-1.webp 600w, https:\/\/fmp-components.com\/wp-content\/uploads\/2024\/12\/Forklift-Distance-Adjustment-Hydraulic-Cylinder-Dimensions-1-480x192.webp 480w\" sizes=\"(min-width: 0px) and (max-width: 480px) 480px, (min-width: 481px) 600px, 100vw\" \/><\/h2>\n<\/td>\n<td>\n<h2><img loading=\"lazy\" decoding=\"async\" class=\"alignnone size-full wp-image-334\" src=\"https:\/\/fmp-components.com\/wp-content\/uploads\/2024\/12\/Forklift-Distance-Adjustment-Hydraulic-Cylinder-Dimensions-2.webp\" alt=\"Abmessungen des Hydraulikzylinders zur Distanzverstellung von Gabelstaplern\" width=\"600\" height=\"240\" title=\"\" srcset=\"https:\/\/fmp-components.com\/wp-content\/uploads\/2024\/12\/Forklift-Distance-Adjustment-Hydraulic-Cylinder-Dimensions-2.webp 600w, https:\/\/fmp-components.com\/wp-content\/uploads\/2024\/12\/Forklift-Distance-Adjustment-Hydraulic-Cylinder-Dimensions-2-480x192.webp 480w\" sizes=\"(min-width: 0px) and (max-width: 480px) 480px, (min-width: 481px) 600px, 100vw\" \/><\/h2>\n<\/td>\n<\/tr>\n<\/tbody>\n<\/table>\n<table border=\"1\" cellspacing=\"0\" cellpadding=\"0\">\n<tbody>\n<tr>\n<td width=\"246\">Zylindername<\/td>\n<td width=\"336\">Zeichnungsnummer<\/td>\n<td width=\"126\">Bohrungsdurchmesser (D)<\/td>\n<td width=\"123\">Stabdurchmesser (d)<\/td>\n<td width=\"114\">Schlaganfall (S)<\/td>\n<td width=\"170\">Installationsabstand (L)<\/td>\n<td width=\"172\">Arbeitsdruck<\/td>\n<td width=\"366\">Schnittstellenma\u00dfe (M)<\/td>\n<td width=\"96\">Gewicht<\/td>\n<\/tr>\n<tr>\n<td class=\"et3\" width=\"246\" height=\"286\">Distanzverstellzylinder<\/td>\n<td class=\"et4\" width=\"336\">3CS17G-30-00T4<\/td>\n<td class=\"et4\" width=\"126\">\u03a650<\/td>\n<td class=\"et4\" width=\"123\">\u03a625<\/td>\n<td class=\"et4\" width=\"114\">295<\/td>\n<td class=\"et4\" width=\"170\">503<\/td>\n<td class=\"et4\" width=\"172\">16 MPa<\/td>\n<td class=\"et4\" width=\"366\">2-M16*1,5<\/td>\n<td class=\"et4\" width=\"96\">7 kg<\/td>\n<\/tr>\n<\/tbody>\n<\/table>\n<table>\n<tbody>\n<tr>\n<td>\n<h2><img loading=\"lazy\" decoding=\"async\" class=\"alignnone size-full wp-image-335\" src=\"https:\/\/fmp-components.com\/wp-content\/uploads\/2024\/12\/Forklift-Distance-Adjustment-Hydraulic-Cylinder-Dimensions-3.webp\" alt=\"Abmessungen des Hydraulikzylinders zur Distanzverstellung von Gabelstaplern\" width=\"680\" height=\"260\" title=\"\" srcset=\"https:\/\/fmp-components.com\/wp-content\/uploads\/2024\/12\/Forklift-Distance-Adjustment-Hydraulic-Cylinder-Dimensions-3.webp 680w, https:\/\/fmp-components.com\/wp-content\/uploads\/2024\/12\/Forklift-Distance-Adjustment-Hydraulic-Cylinder-Dimensions-3-480x184.webp 480w\" sizes=\"(min-width: 0px) and (max-width: 480px) 480px, (min-width: 481px) 680px, 100vw\" \/><\/h2>\n<\/td>\n<td>\n<h2><img loading=\"lazy\" decoding=\"async\" class=\"alignnone size-full wp-image-336\" src=\"https:\/\/fmp-components.com\/wp-content\/uploads\/2024\/12\/Forklift-Distance-Adjustment-Hydraulic-Cylinder-Dimensions-4.webp\" alt=\"Abmessungen des Hydraulikzylinders zur Distanzverstellung von Gabelstaplern\" width=\"680\" height=\"260\" title=\"\" srcset=\"https:\/\/fmp-components.com\/wp-content\/uploads\/2024\/12\/Forklift-Distance-Adjustment-Hydraulic-Cylinder-Dimensions-4.webp 680w, https:\/\/fmp-components.com\/wp-content\/uploads\/2024\/12\/Forklift-Distance-Adjustment-Hydraulic-Cylinder-Dimensions-4-480x184.webp 480w\" sizes=\"(min-width: 0px) and (max-width: 480px) 480px, (min-width: 481px) 680px, 100vw\" \/><\/h2>\n<\/td>\n<\/tr>\n<\/tbody>\n<\/table>\n<table border=\"1\" cellspacing=\"0\" cellpadding=\"0\">\n<tbody>\n<tr>\n<td width=\"246\">Zylindername<\/td>\n<td width=\"336\">Zeichnungsnummer<\/td>\n<td width=\"126\">Bohrungsdurchmesser (D)<\/td>\n<td width=\"123\">Stabdurchmesser (d)<\/td>\n<td width=\"114\">Schlaganfall (S)<\/td>\n<td width=\"170\">Installationsabstand (L)<\/td>\n<td width=\"172\">Arbeitsdruck<\/td>\n<td width=\"366\">Schnittstellenma\u00dfe (M)<\/td>\n<td width=\"96\">Gewicht<\/td>\n<\/tr>\n<tr>\n<td class=\"et3\" width=\"246\" height=\"286\">Distanzverstellzylinder<\/td>\n<td class=\"et4\" width=\"336\">7B3-303000-00TA<\/td>\n<td class=\"et4\" width=\"126\">\u03a650<\/td>\n<td class=\"et4\" width=\"123\">\u03a628<\/td>\n<td class=\"et4\" width=\"114\">750<\/td>\n<td class=\"et4\" width=\"170\">1040<\/td>\n<td class=\"et4\" width=\"172\">18 MPa<\/td>\n<td class=\"et4\" width=\"366\">M14*1,5;M16*1,5<\/td>\n<td class=\"et4\" width=\"96\">14 kg<\/td>\n<\/tr>\n<\/tbody>\n<\/table>\n<table>\n<tbody>\n<tr>\n<td>\n<h2><img loading=\"lazy\" decoding=\"async\" class=\"alignnone size-full wp-image-337\" src=\"https:\/\/fmp-components.com\/wp-content\/uploads\/2024\/12\/Forklift-Distance-Adjustment-Hydraulic-Cylinder-Dimensions-5.webp\" alt=\"Abmessungen des Hydraulikzylinders zur Distanzverstellung von Gabelstaplern\" width=\"680\" height=\"280\" title=\"\" srcset=\"https:\/\/fmp-components.com\/wp-content\/uploads\/2024\/12\/Forklift-Distance-Adjustment-Hydraulic-Cylinder-Dimensions-5.webp 680w, https:\/\/fmp-components.com\/wp-content\/uploads\/2024\/12\/Forklift-Distance-Adjustment-Hydraulic-Cylinder-Dimensions-5-480x198.webp 480w\" sizes=\"(min-width: 0px) and (max-width: 480px) 480px, (min-width: 481px) 680px, 100vw\" \/><\/h2>\n<\/td>\n<td>\n<h2><img loading=\"lazy\" decoding=\"async\" class=\"alignnone size-full wp-image-338\" src=\"https:\/\/fmp-components.com\/wp-content\/uploads\/2024\/12\/Forklift-Distance-Adjustment-Hydraulic-Cylinder-Dimensions-6.webp\" alt=\"Abmessungen des Hydraulikzylinders zur Distanzverstellung von Gabelstaplern\" width=\"680\" height=\"280\" title=\"\" srcset=\"https:\/\/fmp-components.com\/wp-content\/uploads\/2024\/12\/Forklift-Distance-Adjustment-Hydraulic-Cylinder-Dimensions-6.webp 680w, https:\/\/fmp-components.com\/wp-content\/uploads\/2024\/12\/Forklift-Distance-Adjustment-Hydraulic-Cylinder-Dimensions-6-480x198.webp 480w\" sizes=\"(min-width: 0px) and (max-width: 480px) 480px, (min-width: 481px) 680px, 100vw\" \/><\/h2>\n<\/td>\n<\/tr>\n<\/tbody>\n<\/table>\n<table border=\"1\" cellspacing=\"0\" cellpadding=\"0\">\n<tbody>\n<tr>\n<td width=\"246\">Zylindername<\/td>\n<td width=\"336\">Zeichnungsnummer<\/td>\n<td width=\"126\">Bohrungsdurchmesser (D)<\/td>\n<td width=\"123\">Stabdurchmesser (d)<\/td>\n<td width=\"114\">Schlaganfall (S)<\/td>\n<td width=\"170\">Installationsabstand (L)<\/td>\n<td width=\"172\">Arbeitsdruck<\/td>\n<td width=\"366\">Schnittstellenma\u00dfe (M)<\/td>\n<td width=\"96\">Gewicht<\/td>\n<\/tr>\n<tr>\n<td class=\"et3\" width=\"246\" height=\"284\">Distanzverstellzylinder<\/td>\n<td class=\"et4\" width=\"336\">5CS17-40-00Z<\/td>\n<td class=\"et4\" width=\"126\">\u03a650<\/td>\n<td class=\"et4\" width=\"123\">\u03a625<\/td>\n<td class=\"et4\" width=\"114\">619<\/td>\n<td class=\"et4\" width=\"170\">889<\/td>\n<td class=\"et4\" width=\"172\">15 MPa<\/td>\n<td class=\"et4\" width=\"366\">M14*1,5<\/td>\n<td class=\"et4\" width=\"96\">13 kg<\/td>\n<\/tr>\n<\/tbody>\n<\/table>\n<table>\n<tbody>\n<tr>\n<td>\n<h2><img loading=\"lazy\" decoding=\"async\" class=\"alignnone size-full wp-image-339\" src=\"https:\/\/fmp-components.com\/wp-content\/uploads\/2024\/12\/Forklift-Distance-Adjustment-Hydraulic-Cylinder-Dimensions-7.webp\" alt=\"Abmessungen des Hydraulikzylinders zur Distanzverstellung von Gabelstaplern\" width=\"680\" height=\"290\" title=\"\" srcset=\"https:\/\/fmp-components.com\/wp-content\/uploads\/2024\/12\/Forklift-Distance-Adjustment-Hydraulic-Cylinder-Dimensions-7.webp 680w, https:\/\/fmp-components.com\/wp-content\/uploads\/2024\/12\/Forklift-Distance-Adjustment-Hydraulic-Cylinder-Dimensions-7-480x205.webp 480w\" sizes=\"(min-width: 0px) and (max-width: 480px) 480px, (min-width: 481px) 680px, 100vw\" \/><\/h2>\n<\/td>\n<td>\n<h2><img loading=\"lazy\" decoding=\"async\" class=\"alignnone size-full wp-image-340\" src=\"https:\/\/fmp-components.com\/wp-content\/uploads\/2024\/12\/Forklift-Distance-Adjustment-Hydraulic-Cylinder-Dimensions-8.webp\" alt=\"Abmessungen des Hydraulikzylinders zur Distanzverstellung von Gabelstaplern\" width=\"680\" height=\"290\" title=\"\" srcset=\"https:\/\/fmp-components.com\/wp-content\/uploads\/2024\/12\/Forklift-Distance-Adjustment-Hydraulic-Cylinder-Dimensions-8.webp 680w, https:\/\/fmp-components.com\/wp-content\/uploads\/2024\/12\/Forklift-Distance-Adjustment-Hydraulic-Cylinder-Dimensions-8-480x205.webp 480w\" sizes=\"(min-width: 0px) and (max-width: 480px) 480px, (min-width: 481px) 680px, 100vw\" \/><\/h2>\n<\/td>\n<\/tr>\n<\/tbody>\n<\/table>\n<table border=\"1\" cellspacing=\"0\" cellpadding=\"0\">\n<tbody>\n<tr>\n<td width=\"246\">Zylindername<\/td>\n<td width=\"336\">Zeichnungsnummer<\/td>\n<td width=\"126\">Bohrungsdurchmesser (D)<\/td>\n<td width=\"123\">Stabdurchmesser (d)<\/td>\n<td width=\"114\">Schlaganfall (S)<\/td>\n<td width=\"170\">Installationsabstand (L)<\/td>\n<td width=\"172\">Arbeitsdruck<\/td>\n<td width=\"366\">Schnittstellenma\u00dfe (M)<\/td>\n<td width=\"96\">Gewicht<\/td>\n<\/tr>\n<tr>\n<td class=\"et3\" width=\"246\" height=\"334\">Distanzverstellzylinder<\/td>\n<td class=\"et4\" width=\"336\">8M3-304000A-625<\/td>\n<td class=\"et4\" width=\"126\">\u03a663<\/td>\n<td class=\"et4\" width=\"123\">\u03a632<\/td>\n<td class=\"et4\" width=\"114\">855<\/td>\n<td class=\"et4\" width=\"170\">1174<\/td>\n<td class=\"et4\" width=\"172\">20 MPa<\/td>\n<td class=\"et4\" width=\"366\">2-M16*1,5<\/td>\n<td class=\"et4\" width=\"96\">22 kg<\/td>\n<\/tr>\n<\/tbody>\n<\/table>\n<table>\n<tbody>\n<tr>\n<td>\n<h2><img loading=\"lazy\" decoding=\"async\" class=\"alignnone size-full wp-image-341\" src=\"https:\/\/fmp-components.com\/wp-content\/uploads\/2024\/12\/Forklift-Distance-Adjustment-Hydraulic-Cylinder-Dimensions-9.webp\" alt=\"Abmessungen des Hydraulikzylinders zur Distanzverstellung von Gabelstaplern\" width=\"680\" height=\"265\" title=\"\" srcset=\"https:\/\/fmp-components.com\/wp-content\/uploads\/2024\/12\/Forklift-Distance-Adjustment-Hydraulic-Cylinder-Dimensions-9.webp 680w, https:\/\/fmp-components.com\/wp-content\/uploads\/2024\/12\/Forklift-Distance-Adjustment-Hydraulic-Cylinder-Dimensions-9-480x187.webp 480w\" sizes=\"(min-width: 0px) and (max-width: 480px) 480px, (min-width: 481px) 680px, 100vw\" \/><\/h2>\n<\/td>\n<td>\n<h2><img loading=\"lazy\" decoding=\"async\" class=\"alignnone size-full wp-image-342\" src=\"https:\/\/fmp-components.com\/wp-content\/uploads\/2024\/12\/Forklift-Distance-Adjustment-Hydraulic-Cylinder-Dimensions-10.webp\" alt=\"Abmessungen des Hydraulikzylinders zur Distanzverstellung von Gabelstaplern\" width=\"680\" height=\"265\" title=\"\" srcset=\"https:\/\/fmp-components.com\/wp-content\/uploads\/2024\/12\/Forklift-Distance-Adjustment-Hydraulic-Cylinder-Dimensions-10.webp 680w, https:\/\/fmp-components.com\/wp-content\/uploads\/2024\/12\/Forklift-Distance-Adjustment-Hydraulic-Cylinder-Dimensions-10-480x187.webp 480w\" sizes=\"(min-width: 0px) and (max-width: 480px) 480px, (min-width: 481px) 680px, 100vw\" \/><\/h2>\n<\/td>\n<\/tr>\n<\/tbody>\n<\/table>\n<table border=\"1\" cellspacing=\"0\" cellpadding=\"0\">\n<tbody>\n<tr>\n<td width=\"246\">Zylindername<\/td>\n<td width=\"336\">Zeichnungsnummer<\/td>\n<td width=\"126\">Bohrungsdurchmesser (D)<\/td>\n<td width=\"123\">Stabdurchmesser (d)<\/td>\n<td width=\"114\">Schlaganfall (S)<\/td>\n<td width=\"170\">Installationsabstand (L)<\/td>\n<td width=\"172\">Arbeitsdruck<\/td>\n<td width=\"366\">Schnittstellenma\u00dfe (M)<\/td>\n<td width=\"96\">Gewicht<\/td>\n<\/tr>\n<tr>\n<td class=\"et3\" width=\"246\" height=\"284\">Distanzverstellzylinder<\/td>\n<td class=\"et4\" width=\"336\">7B3-304000-00<\/td>\n<td class=\"et4\" width=\"126\">\u03a670<\/td>\n<td class=\"et4\" width=\"123\">\u03a630<\/td>\n<td class=\"et4\" width=\"114\">300<\/td>\n<td class=\"et4\" width=\"170\">536<\/td>\n<td class=\"et4\" width=\"172\">18 MPa<\/td>\n<td class=\"et4\" width=\"366\">2-M14*1,5<\/td>\n<td class=\"et4\" width=\"96\">13,5 kg<\/td>\n<\/tr>\n<\/tbody>\n<\/table>\n<h2>Hydraulikzylinder. Verf\u00fcgbare Marken und Modelle:<\/h2>\n<table border=\"1\" cellspacing=\"0\" cellpadding=\"0\">\n<tbody>\n<tr>\n<td><b data-spm-anchor-id=\"a2700.details.0.i43.45d84a73e99C9z\">KOMATSU (PC)<\/b><\/td>\n<td>PC30,PC40,PC50,PC56,PC60,PC78,PC100,PC110,PC120,PC130,PC160,PC200-3\/5\/6\/7\/8\/8MO,PC210,PC220-5\/6\/7\/8\/8MO,PC240,PC300\/350\/360-5\/6\/7\/8\/8MO,PC400\/450-5\/6\/7\/8\/8MO,PC800,PC850<\/td>\n<\/tr>\n<tr>\n<td><b>RAUPE (E)<\/b><\/td>\n<td>E301.5,E302,E305.5,E306,E307V1\/V2\/B\/C\/D\/E\/F,E308B\/C,E120B,E312V1\/V2\/B\/C\/D,E313D2,E312D2,E315D,<br \/>\nE200B, E320V1\/V2\/A\/B\/C\/D, E324D, E325C\/D, E329D, E330\/336C\/D, E345C, E349D, E365C, E374, E390<\/td>\n<\/tr>\n<tr>\n<td><b>KOBELCO (SK)<\/b><\/td>\n<td>SK60-3\/5\/8, SK75-8\/SR, SK100, SK120-3\/5, SK135-8\/SR, SK140-8, SK200-3\/5\/6\/6E, SK210-3\/5\/6\/6E,<br \/>\nSK230\/250-6E,SK250-8,SK260-8,SK350-8\/S8,SK460\/480-8<\/td>\n<\/tr>\n<tr>\n<td><b>HYUNDAI (R)<\/b><\/td>\n<td>R55-5\/7, R60-5\/7, R80, R110,R130, R200-5, R210-5, R215-5\/7,R220-5\/7\/9, R225-5\/7\/9, R250,R260,R265,R290,R305,R445,R485, R505<\/td>\n<\/tr>\n<tr>\n<td><b data-spm-anchor-id=\"a2700.details.0.i53.45d84a73e99C9z\">HITACHI (EX.ZX)<\/b><\/td>\n<td>EX60,EX100-1\/2\/3,EX120-1\/3\/5\/6,EX200-1\/3\/5,EX230-5,EX300-1,EX400<br \/>\nZAX60, ZAX70, ZA120-6, ZAX200\/210-1\/3\/5\/5K, ZAX240, ZAX250, ZAX260, ZAX330-3\/5\/6, ZAX450\/470, ZAX650\/670, ZAX850\/870<\/td>\n<\/tr>\n<tr>\n<td>\n<div class=\"magic-32\"><b data-spm-anchor-id=\"a2700.details.0.i55.45d84a73e99C9z\">DOOSAN (DH\/DX)<\/b><\/div>\n<\/td>\n<td>\n<div class=\"magic-33\"><span class=\"magic-34\">DH55, DH60, DH80, DH150, DH215-5\/7, DH220-5, DH225-5\/7, DH258, DH300-5\/7, DH370, DH420, DH500<br \/>\nDX55, DX60, DX75, DX130, DX225-9, DX300, DX380, DX420, DX500<\/span><\/div>\n<\/td>\n<\/tr>\n<tr>\n<td>\n<div class=\"magic-32\"><b>VOLVO (EG)<\/b><\/div>\n<\/td>\n<td>\n<div class=\"magic-33\"><span class=\"magic-34\">EC55, EC60, EC75, EC80, EC140, EC210B\/D, EC220D, EC240, EC250, EC290, EC300, EC360 EC380, EC460, EC480, EC700, EC750, EC950<\/span><\/div>\n<\/td>\n<\/tr>\n<tr>\n<td>\n<div class=\"magic-32\"><b>KATO (HD)<\/b><\/div>\n<\/td>\n<td>\n<div class=\"magic-33\"><span class=\"magic-34\">HD307\/308,HD450,HD512,HD700-5\/7,HD820-1\/2\/3\/5\/R,HD1023-1\/3,HD1430-1\/3<\/span><\/div>\n<\/td>\n<\/tr>\n<tr>\n<td>\n<div class=\"magic-32\"><b>ANDERE MARKE<\/b><\/div>\n<\/td>\n<td>\n<div class=\"magic-33\"><span class=\"magic-34\">XCMG,LIUGONG,KUBOTA,CASE,YANMAR,SUNWARD,ZOOMLION,LISHIDE,LIEHERR<\/span><\/div>\n<\/td>\n<\/tr>\n<\/tbody>\n<\/table>\n<h3>Anwendung des hydraulischen Distanzverstellzylinders f\u00fcr Gabelstapler<\/h3>\n<p>Der hydraulische Distanzverstellzylinder f\u00fcr Gabelstapler ist eine wichtige Komponente, die in verschiedenen Anwendungen im Bereich Materialtransport und Logistik eine bedeutende Rolle spielt. Hier einige wichtige Anwendungsbereiche:<\/p>\n<h4>1. Vielseitige Beladungsm\u00f6glichkeiten<\/h4>\n<p>Der Hydraulikzylinder erm\u00f6glicht die Anpassung des Gabelabstands, sodass Gabelstapler unterschiedlichste Lastgr\u00f6\u00dfen und -formen handhaben k\u00f6nnen. Diese Vielseitigkeit ist in Umgebungen, in denen verschiedene Paletten oder Beh\u00e4lter verwendet werden, von entscheidender Bedeutung und gew\u00e4hrleistet ein effizientes Handling und den Transport von Materialien.<\/p>\n<h3>2. Verbesserte Sicherheit<\/h3>\n<p>Durch die pr\u00e4zise Steuerung des Gabelabstands tr\u00e4gt der Hydraulikzylinder zu einer effektiveren Ladungssicherung bei. Dies reduziert das Risiko des Umkippens oder Herabfallens und erh\u00f6ht die Sicherheit sowohl f\u00fcr den Bediener als auch f\u00fcr die umliegenden Arbeiter.<\/p>\n<h4>3. Effiziente Materialhandhabung<\/h4>\n<p>In Lagerhallen und Distributionszentren optimiert die M\u00f6glichkeit, Gabelabst\u00e4nde schnell anzupassen, die Abl\u00e4ufe. Gabelstapler k\u00f6nnen problemlos zwischen dem Transport von Standardpaletten und Spezialladungen wechseln, was den gesamten Arbeitsablauf und die Produktivit\u00e4t verbessert.<\/p>\n<h4>4. Spezialausr\u00fcstung<\/h4>\n<p>Neben der Standard-Palettenhandhabung eignet sich der Hydraulikzylinder auch f\u00fcr Spezialanbauger\u00e4te wie Klemmen oder Seitenschieber, die eine pr\u00e4zise Gabelpositionierung erfordern. Diese Anpassungsf\u00e4higkeit erm\u00f6glicht es Gabelstaplern, \u00fcber das einfache Heben hinaus eine Vielzahl von Aufgaben zu \u00fcbernehmen und macht sie somit vielseitiger.<\/p>\n<h4>5. Anwendungen im Bauwesen und in der Industrie<\/h4>\n<p>Auf Baustellen und in Industrieanlagen ist die M\u00f6glichkeit, den Gabelabstand anzupassen, unerl\u00e4sslich f\u00fcr den Transport von Materialien unterschiedlicher Abmessungen, wie z. B. Stahltr\u00e4ger, Bl\u00f6cke und Kisten. Diese Flexibilit\u00e4t gew\u00e4hrleistet, dass Gabelstapler die in diesen Umgebungen \u00fcblicherweise vorkommenden vielf\u00e4ltigen Materialien effizient handhaben k\u00f6nnen.<\/p>\n<h4>6. Optimierung von Speicherl\u00f6sungen<\/h4>\n<p>Der Hydraulikzylinder tr\u00e4gt zur Maximierung der Lagereffizienz bei, indem er es Gabelstaplern erm\u00f6glicht, Gegenst\u00e4nde auch in beengten R\u00e4umen zu entnehmen und abzustellen. Dies ist besonders vorteilhaft in Hochregallagern, wo der Platz begrenzt ist und pr\u00e4zises Handling erforderlich ist.<\/p>\n<p>Der hydraulische Gabelabstandsverstellzylinder verbessert die Funktionalit\u00e4t und Sicherheit von Gabelstaplern in verschiedenen Anwendungsbereichen erheblich. Durch die schnelle Anpassung des Gabelabstands k\u00f6nnen Bediener unterschiedlichste Lasten effizient und sicher handhaben. Dies macht ihn zu einem unverzichtbaren Helfer im Materialumschlag.<\/p>\n<h3>\u00dcber FMP<\/h3>\n<p>FMP ist ein spezialisierter Hersteller von Hydraulikzylindern mit starkem Fokus auf Forschung und Produktion. Seit seiner Gr\u00fcndung konzentriert sich das Unternehmen konsequent auf die Entwicklung von Hydraulikzylindern und hat sich von der Herstellung vielf\u00e4ltiger Produkte, wie Ernte- und Baumaschinen, hin zur Spezialisierung auf landwirtschaftliche Traktorkomponenten entwickelt. Mit \u00fcber einem Jahrzehnt Fertigungskompetenz, Managementerfahrung und fortschrittlicher Produktionstechnologie garantiert FMP h\u00f6chste Produktqualit\u00e4t.<\/p>\n<p>Im Zuge des Wachstums des Unternehmens wurden eine umfassende Fertigungslinie f\u00fcr die maschinelle Bearbeitung, eine Montagelinie und eine Beschichtungslinie aufgebaut. FMP wird von einem engagierten Team aus erfahrenen F\u00fchrungskr\u00e4ften, qualifizierten Maschinenbauern und hochqualifizierten technischen Mitarbeitern unterst\u00fctzt. Dies gew\u00e4hrleistet eine stabile Produktqualit\u00e4t und gleichzeitig eine effiziente Kontrolle der Prozesskontinuit\u00e4t und der Gesamtproduktionseffizienz.<\/p>\n<p>FMP h\u00e4lt an den Grundwerten fest: \u201eTechnologische Innovation treibt den Fortschritt voran, Qualit\u00e4t schafft Marken, Handwerkskunst sichert Qualit\u00e4t und baut langfristige Win-Win-Beziehungen auf.\u201c Das Unternehmen ist weiterhin bestrebt, qualitativ hochwertige Produkte und einen erstklassigen Kundenservice anzubieten und ist stets bestrebt, die sich entwickelnden Bed\u00fcrfnisse des Marktes zu erf\u00fcllen.<\/p>\n<p><img loading=\"lazy\" decoding=\"async\" class=\"alignnone wp-image-303\" src=\"https:\/\/fmp-components.com\/wp-content\/uploads\/2024\/12\/hydraulic-cylinder-factory-11_1.webp\" alt=\"Hydraulikzylinderfabrik\" width=\"917\" height=\"1003\" title=\"\" srcset=\"https:\/\/fmp-components.com\/wp-content\/uploads\/2024\/12\/hydraulic-cylinder-factory-11_1.webp 917w, https:\/\/fmp-components.com\/wp-content\/uploads\/2024\/12\/hydraulic-cylinder-factory-11_1-480x525.webp 480w\" sizes=\"(min-width: 0px) and (max-width: 480px) 480px, (min-width: 481px) 917px, 100vw\" \/><\/p>\n<table style=\"width: 100%;\" border=\"1\" width=\"100%\" cellspacing=\"0\" cellpadding=\"0\">\n<tbody>\n<tr>\n<td style=\"width: 41.9294%;\" width=\"226\"><img loading=\"lazy\" decoding=\"async\" class=\"alignnone size-full wp-image-309\" src=\"https:\/\/fmp-components.com\/wp-content\/uploads\/2024\/12\/Forklift-Tilt-Hydraulic-Cylinder.webp\" alt=\"Hydraulikzylinder zum Neigen von Gabelstaplern\" width=\"1000\" height=\"750\" title=\"\" srcset=\"https:\/\/fmp-components.com\/wp-content\/uploads\/2024\/12\/Forklift-Tilt-Hydraulic-Cylinder.webp 1000w, https:\/\/fmp-components.com\/wp-content\/uploads\/2024\/12\/Forklift-Tilt-Hydraulic-Cylinder-980x735.webp 980w, https:\/\/fmp-components.com\/wp-content\/uploads\/2024\/12\/Forklift-Tilt-Hydraulic-Cylinder-480x360.webp 480w\" sizes=\"(min-width: 0px) and (max-width: 480px) 480px, (min-width: 481px) and (max-width: 980px) 980px, (min-width: 981px) 1000px, 100vw\" \/><\/td>\n<td style=\"width: 55.6484%;\" width=\"64\"><img loading=\"lazy\" decoding=\"async\" class=\"alignnone wp-image-283\" src=\"https:\/\/fmp-components.com\/wp-content\/uploads\/2024\/12\/hydraulic-cylinder-factory-5.webp\" alt=\"Hydraulikzylinderfabrik\" width=\"542\" height=\"312\" title=\"\"><\/td>\n<\/tr>\n<\/tbody>\n<\/table>\n<p>Autor: CX<\/p>","protected":false},"excerpt":{"rendered":"<p>Der hydraulische Gabelabstandsverstellzylinder ist eine entscheidende Komponente, die die Vielseitigkeit und Effizienz von Gabelstaplern deutlich steigert. Mit diesem Zylinder l\u00e4sst sich der Gabelabstand pr\u00e4zise einstellen, sodass Bediener problemlos Lasten unterschiedlicher Gr\u00f6\u00dfe und Form transportieren k\u00f6nnen. Gefertigt aus hochfesten Materialien, gew\u00e4hrleistet er Langlebigkeit und Zuverl\u00e4ssigkeit auch unter hoher Belastung. Der leichtg\u00e4ngige Mechanismus sorgt f\u00fcr gleichbleibende Leistung und erm\u00f6glicht schnelle und effiziente Anpassungen. Dies steigert nicht nur die Produktivit\u00e4t, sondern erh\u00f6ht auch die Sicherheit, da die Ladung w\u00e4hrend des Transports sicher und ausbalanciert ist. Ideal f\u00fcr den Einsatz in Lagerhallen, auf Baustellen und in industriellen Anwendungen \u2013 dieser Hydraulikzylinder ist unverzichtbar f\u00fcr die optimale Funktionalit\u00e4t von Gabelstaplern.<\/p>","protected":false},"featured_media":343,"comment_status":"open","ping_status":"closed","template":"","meta":{"_et_pb_use_builder":"","_et_pb_old_content":"","_et_gb_content_width":""},"product_brand":[],"product_cat":[15],"product_tag":[],"class_list":{"0":"post-332","1":"product","2":"type-product","3":"status-publish","4":"has-post-thumbnail","6":"product_cat-uncategorized","8":"first","9":"instock","10":"shipping-taxable","11":"product-type-simple"},"_links":{"self":[{"href":"https:\/\/fmp-components.com\/de\/wp-json\/wp\/v2\/product\/332","targetHints":{"allow":["GET"]}}],"collection":[{"href":"https:\/\/fmp-components.com\/de\/wp-json\/wp\/v2\/product"}],"about":[{"href":"https:\/\/fmp-components.com\/de\/wp-json\/wp\/v2\/types\/product"}],"replies":[{"embeddable":true,"href":"https:\/\/fmp-components.com\/de\/wp-json\/wp\/v2\/comments?post=332"}],"wp:featuredmedia":[{"embeddable":true,"href":"https:\/\/fmp-components.com\/de\/wp-json\/wp\/v2\/media\/343"}],"wp:attachment":[{"href":"https:\/\/fmp-components.com\/de\/wp-json\/wp\/v2\/media?parent=332"}],"wp:term":[{"taxonomy":"product_brand","embeddable":true,"href":"https:\/\/fmp-components.com\/de\/wp-json\/wp\/v2\/product_brand?post=332"},{"taxonomy":"product_cat","embeddable":true,"href":"https:\/\/fmp-components.com\/de\/wp-json\/wp\/v2\/product_cat?post=332"},{"taxonomy":"product_tag","embeddable":true,"href":"https:\/\/fmp-components.com\/de\/wp-json\/wp\/v2\/product_tag?post=332"}],"curies":[{"name":"wp","href":"https:\/\/api.w.org\/{rel}","templated":true}]}}