{"id":3316,"date":"2025-01-06T05:54:00","date_gmt":"2025-01-06T05:54:00","guid":{"rendered":"https:\/\/fmp-components.com\/?page_id=8"},"modified":"2025-01-06T05:54:00","modified_gmt":"2025-01-06T05:54:00","slug":"agriculture-gearbox-for-hay-tedder-fmp03","status":"publish","type":"product","link":"https:\/\/fmp-components.com\/de\/product\/agriculture-gearbox-for-hay-tedder-fmp03\/","title":{"rendered":"Landwirtschaftsgetriebe f\u00fcr Heuwender FMP03"},"content":{"rendered":"<h2 class=\"et_pb_module_header\">Landwirtschaftsgetriebe f\u00fcr Heuwenderspezifikation<\/h2>\n<p><img loading=\"lazy\" decoding=\"async\" class=\"alignnone wp-image-3318\" src=\"https:\/\/fmp-components.com\/wp-content\/uploads\/2025\/01\/agricutural-gearbox-fmp03.png\" alt=\"Landwirtschaftsgetriebe-fmp03\" width=\"809\" height=\"766\" title=\"\" srcset=\"https:\/\/fmp-components.com\/wp-content\/uploads\/2025\/01\/agricutural-gearbox-fmp03.png 809w, https:\/\/fmp-components.com\/wp-content\/uploads\/2025\/01\/agricutural-gearbox-fmp03-480x455.png 480w\" sizes=\"(min-width: 0px) and (max-width: 480px) 480px, (min-width: 481px) 809px, 100vw\" \/><\/p>\n<table style=\"width: 86.9328%;\" border=\"1\" width=\"100%\" cellspacing=\"0\" cellpadding=\"0\">\n<tbody>\n<tr>\n<th style=\"width: 38.0987%;\">Verh\u00e4ltnis<\/th>\n<td style=\"width: 48.6184%;\">2.63:1<\/td>\n<\/tr>\n<tr>\n<th style=\"width: 38.0987%;\">Eingangsgeschwindigkeit<\/th>\n<td style=\"width: 48.6184%;\">400 U\/min<\/td>\n<\/tr>\n<tr>\n<th style=\"width: 38.0987%;\">Eingangswelle<\/th>\n<td style=\"width: 48.6184%;\">X<\/td>\n<\/tr>\n<\/tbody>\n<\/table>\n<h3>Merkmale des Heuwender-Landwirtschaftsgetriebes<\/h3>\n<ol>\n<li><strong>Hochleistungskonstruktion<\/strong><br \/>\nDas Heuwendergetriebe ist f\u00fcr robuste Leistung unter anspruchsvollen landwirtschaftlichen Bedingungen ausgelegt. Es verf\u00fcgt \u00fcber ein langlebiges Geh\u00e4use aus hochfesten Materialien, das den Belastungen des Dauereinsatzes in rauen Umgebungen standh\u00e4lt.<\/li>\n<li><strong>Pr\u00e4zisionsgetriebedesign<\/strong><br \/>\nPr\u00e4zisionsgefertigte Zahnr\u00e4der sorgen f\u00fcr einen reibungslosen und effizienten Betrieb und reduzieren den Verschlei\u00df. Dies erh\u00f6ht die Gesamtlebensdauer des Getriebes und minimiert den Wartungsaufwand.<\/li>\n<li><strong>Hohe Drehmomentkapazit\u00e4t<\/strong><br \/>\nDas f\u00fcr schwere Landmaschinen konzipierte Getriebe bietet ein hohes Drehmoment und sorgt so auch bei anspruchsvollen Aufgaben wie dem Heuwenden f\u00fcr optimale Leistung und liefert konstante Leistung f\u00fcr eine gleichm\u00e4\u00dfige Verteilung.<\/li>\n<li><strong>Effiziente Kraft\u00fcbertragung<\/strong><br \/>\nDas Getriebe ist f\u00fcr eine effiziente Kraft\u00fcbertragung vom Zapfwellensystem (Power Take-Off) des Traktors zum Heuwender ausgelegt und sorgt so f\u00fcr minimalen Energieverlust und maximale Produktivit\u00e4t.<\/li>\n<li><strong>Kompakt und leicht<\/strong><br \/>\nTrotz seiner Schwerlastf\u00e4higkeit ist das Getriebe kompakt und leicht, sodass es einfach zu handhaben, zu installieren und zu warten ist, was die Gesamteffizienz der Maschine erh\u00f6ht.<\/li>\n<\/ol>\n<p>Diese Eigenschaften machen das Heuwender-Landwirtschaftsgetriebe zu einer zuverl\u00e4ssigen und effizienten Komponente f\u00fcr landwirtschaftliche Maschinen, die optimale Leistung und lange Haltbarkeit bei Heuwendeanwendungen gew\u00e4hrleistet.<\/p>\n<h2>\u00dcber FMP<\/h2>\n<p>FMP mit Hauptsitz in Italien ist ein f\u00fchrender Hersteller, der f\u00fcr seine Expertise in der Konstruktion, Entwicklung und Produktion von Hochleistungsgetrieben mit Schwerpunkt auf dem Landmaschinensektor bekannt ist. Bekannt f\u00fcr Pr\u00e4zisionstechnik, innovative L\u00f6sungen und unersch\u00fctterliche Zuverl\u00e4ssigkeit, hat sich FMP einen Ruf als vertrauensw\u00fcrdiger Partner sowohl im Agrar- als auch im Industriemarkt erarbeitet. Unser vielf\u00e4ltiges Portfolio umfasst kundenspezifische Getriebe f\u00fcr Rasenm\u00e4her, Zapfwellen und eine Reihe weiterer wichtiger Komponenten, die alle auf die individuellen Anforderungen verschiedener Anwendungen zugeschnitten sind.<\/p>\n<p>Wir bei FMP wissen, dass jeder Kunde vor individuellen Herausforderungen steht. Deshalb bieten wir ma\u00dfgeschneiderte L\u00f6sungen. Ob Einzelkomponente oder vollintegriertes System \u2013 wir arbeiten eng mit unseren Kunden zusammen, um sicherzustellen, dass jede L\u00f6sung nicht nur ihren Anforderungen entspricht, sondern auch die Leistung optimiert und Mehrwert schafft. Unser Engagement f\u00fcr schnelle, professionelle Antworten und kompetente Beratung garantiert, dass jede Anfrage pr\u00e4zise und sorgf\u00e4ltig bearbeitet wird und so optimale Ergebnisse erzielt werden.<\/p>\n<p>Transparente Kommunikation in jeder Phase des Produktentwicklungszyklus ist uns wichtig. Unser engagiertes Team arbeitet eng mit unseren Kunden zusammen, um ihre Bed\u00fcrfnisse umfassend zu verstehen und bietet ihnen praxisnahe Einblicke und Expertenempfehlungen f\u00fcr optimale Ergebnisse. Ob wir innovative Produkte entwickeln oder Routineauftr\u00e4ge erf\u00fcllen \u2013 FMP liefert stets hochwertige, pr\u00e4zise gefertigte L\u00f6sungen termingerecht. Unsere Mission ist es, die Erwartungen unserer Kunden durch au\u00dfergew\u00f6hnlichen Service und herausragende Ergebnisse stets zu \u00fcbertreffen.<\/p>\n<p>Im Mittelpunkt der Gesch\u00e4ftst\u00e4tigkeit von FMP steht ein starkes Engagement f\u00fcr Qualit\u00e4t. Wir halten uns an h\u00f6chste Fertigungsstandards und implementieren strenge Qualit\u00e4tskontrollma\u00dfnahmen, um sicherzustellen, dass jedes Produkt die Branchenstandards nicht nur erf\u00fcllt, sondern \u00fcbertrifft. Dieses Engagement f\u00fcr Spitzenleistungen sowie unsere Grundwerte Integrit\u00e4t, Teamwork und Beharrlichkeit haben es uns erm\u00f6glicht, langfristige, vertrauensvolle Beziehungen zu Kunden in \u00fcber 30 L\u00e4ndern weltweit aufzubauen.<\/p>\n<p>FMP f\u00f6rdert globale Partnerschaften durch kompetente Beratung und ma\u00dfgeschneiderte L\u00f6sungen, die sich mit den dynamischen Bed\u00fcrfnissen unserer Kunden weiterentwickeln. Unser Ziel sind langfristige, f\u00fcr beide Seiten vorteilhafte Beziehungen, die zum Erfolg jedes Projekts beitragen. Ob Sie innovative L\u00f6sungen f\u00fcr eine neue Initiative suchen oder fortlaufende Unterst\u00fctzung f\u00fcr ein bestehendes System ben\u00f6tigen \u2013 FMP unterst\u00fctzt Sie bei der Bew\u00e4ltigung technischer Herausforderungen und sichert Ihren anhaltenden Erfolg.<\/p>\n<p><img loading=\"lazy\" decoding=\"async\" class=\"alignnone wp-image-2695\" src=\"https:\/\/fmp-components.com\/wp-content\/uploads\/2025\/01\/agricultural-gearbox3.webp\" alt=\"Agrargetriebe\" width=\"1140\" height=\"1138\" title=\"\" srcset=\"https:\/\/fmp-components.com\/wp-content\/uploads\/2025\/01\/agricultural-gearbox3.webp 1140w, https:\/\/fmp-components.com\/wp-content\/uploads\/2025\/01\/agricultural-gearbox3-480x479.webp 480w\" sizes=\"(min-width: 0px) and (max-width: 480px) 480px, (min-width: 481px) 1140px, 100vw\" \/><\/p>\n<p>Autor: CX<\/p>","protected":false},"excerpt":{"rendered":"<p>Agriculture Gearbox For Hay Tedder Specification Ratio 2.63:1 Input Speed 400 rpm Input Shaft X Features of Hay Tedder Agriculture Gearbox High-Performance Construction The Hay Tedder gearbox is engineered for robust performance in demanding agricultural conditions. It features a durable housing made from high-strength materials to withstand the rigors of continuous use in tough environments. [&hellip;]<\/p>","protected":false},"featured_media":3317,"comment_status":"open","ping_status":"closed","template":"","meta":{"_et_pb_use_builder":"","_et_pb_old_content":"","_et_gb_content_width":""},"product_brand":[],"product_cat":[83],"product_tag":[],"class_list":{"0":"post-3316","1":"product","2":"type-product","3":"status-publish","4":"has-post-thumbnail","6":"product_cat-gearbox-for-hay-tedders","8":"first","9":"instock","10":"shipping-taxable","11":"product-type-simple"},"_links":{"self":[{"href":"https:\/\/fmp-components.com\/de\/wp-json\/wp\/v2\/product\/3316","targetHints":{"allow":["GET"]}}],"collection":[{"href":"https:\/\/fmp-components.com\/de\/wp-json\/wp\/v2\/product"}],"about":[{"href":"https:\/\/fmp-components.com\/de\/wp-json\/wp\/v2\/types\/product"}],"replies":[{"embeddable":true,"href":"https:\/\/fmp-components.com\/de\/wp-json\/wp\/v2\/comments?post=3316"}],"wp:featuredmedia":[{"embeddable":true,"href":"https:\/\/fmp-components.com\/de\/wp-json\/wp\/v2\/media\/3317"}],"wp:attachment":[{"href":"https:\/\/fmp-components.com\/de\/wp-json\/wp\/v2\/media?parent=3316"}],"wp:term":[{"taxonomy":"product_brand","embeddable":true,"href":"https:\/\/fmp-components.com\/de\/wp-json\/wp\/v2\/product_brand?post=3316"},{"taxonomy":"product_cat","embeddable":true,"href":"https:\/\/fmp-components.com\/de\/wp-json\/wp\/v2\/product_cat?post=3316"},{"taxonomy":"product_tag","embeddable":true,"href":"https:\/\/fmp-components.com\/de\/wp-json\/wp\/v2\/product_tag?post=3316"}],"curies":[{"name":"wp","href":"https:\/\/api.w.org\/{rel}","templated":true}]}}