{"id":3308,"date":"2025-01-06T05:16:18","date_gmt":"2025-01-06T05:16:18","guid":{"rendered":"https:\/\/fmp-components.com\/?page_id=8"},"modified":"2025-01-06T05:16:18","modified_gmt":"2025-01-06T05:16:18","slug":"fmp11-series-agricultural-micro-tiller-gearbox","status":"publish","type":"product","link":"https:\/\/fmp-components.com\/de\/product\/fmp11-series-agricultural-micro-tiller-gearbox\/","title":{"rendered":"Landwirtschaftliches Mikro-Grubbergetriebe der Serie FMP11"},"content":{"rendered":"<h2>Spezifikation des Mikro-Grubbergetriebes<\/h2>\n<p><img loading=\"lazy\" decoding=\"async\" class=\"alignnone  wp-image-3310\" src=\"https:\/\/fmp-components.com\/wp-content\/uploads\/2025\/01\/agricutural-gearbox-FMP11.png\" alt=\"Landwirtschaftsgetriebe-FMP11\" width=\"892\" height=\"936\" title=\"\" srcset=\"https:\/\/fmp-components.com\/wp-content\/uploads\/2025\/01\/agricutural-gearbox-FMP11.png 892w, https:\/\/fmp-components.com\/wp-content\/uploads\/2025\/01\/agricutural-gearbox-FMP11-480x504.png 480w\" sizes=\"(min-width: 0px) and (max-width: 480px) 480px, (min-width: 481px) 892px, 100vw\" \/><\/p>\n<table style=\"width: 100%;\" border=\"1\" width=\"100%\" cellspacing=\"0\" cellpadding=\"0\">\n<tbody>\n<tr>\n<th>Verh\u00e4ltnis<\/th>\n<td>3.38:1<\/td>\n<\/tr>\n<tr>\n<th>Eingangsgeschwindigkeit<\/th>\n<td>540 U\/min<\/td>\n<\/tr>\n<tr>\n<th>Eingangswelle<\/th>\n<td>X\/Y<\/td>\n<\/tr>\n<tr>\n<th>Eingangsleistung<\/th>\n<td>16,9 kW, 23 PS<\/td>\n<\/tr>\n<tr>\n<th>Ausgangsdrehmoment<\/th>\n<td>985 Nm<\/td>\n<\/tr>\n<\/tbody>\n<\/table>\n<h2>Vorteile des Micro Tiller-Getriebes<\/h2>\n<p>Das Mikro-Grubbergetriebe bietet zahlreiche Vorteile und ist daher ein unverzichtbarer Bestandteil kleiner Land- und Gartenger\u00e4te. Diese Vorteile sorgen f\u00fcr einen reibungslosen Betrieb, h\u00f6here Effizienz und l\u00e4ngere Lebensdauer und eignen sich daher ideal f\u00fcr Aufgaben wie Bodenbearbeitung, Bodenvorbereitung und \u00e4hnliche landwirtschaftliche T\u00e4tigkeiten. Hier sind die wichtigsten Vorteile:<\/p>\n<p>1. <strong>Kompaktes und leichtes Design<\/strong><\/p>\n<ul>\n<li>Das Mikro-Grubbergetriebe ist kompakt und leicht, was die Man\u00f6vrierf\u00e4higkeit und Tragbarkeit der Bodenbearbeitungsmaschine verbessert. Es eignet sich perfekt f\u00fcr den Einsatz in kleineren, beengten R\u00e4umen wie G\u00e4rten, Obstg\u00e4rten oder kleinen Grundst\u00fccken, wo gro\u00dfe Maschinen unhandlich w\u00e4ren.<\/li>\n<\/ul>\n<p>2. <strong>Verbesserte Drehmoment- und Kraft\u00fcbertragung<\/strong><\/p>\n<ul>\n<li>Mikro-Grubbergetriebe sind so konstruiert, dass sie die Kraft effizient vom Motor auf die Fr\u00e4swerkzeuge \u00fcbertragen und so das n\u00f6tige Drehmoment zum Graben im Boden bereitstellen. Dies sorgt f\u00fcr eine bessere Fr\u00e4stiefe und Bodenbel\u00fcftung und erm\u00f6glicht so eine effektivere Bodenvorbereitung f\u00fcr die Bepflanzung.<\/li>\n<\/ul>\n<p>3. <strong>Haltbarkeit und Langlebigkeit<\/strong><\/p>\n<ul>\n<li>Mikro-Grubbergetriebe werden aus hochwertigen Materialien wie geh\u00e4rtetem Stahl gefertigt und halten den Belastungen des Dauereinsatzes stand. Ihre robuste Konstruktion beugt vorzeitigem Verschlei\u00df vor, reduziert die Wartungsh\u00e4ufigkeit und verl\u00e4ngert die Gesamtlebensdauer von Getriebe und Fr\u00e4se.<\/li>\n<\/ul>\n<p>4. <strong>Energieeffizienz<\/strong><\/p>\n<ul>\n<li>Diese Getriebe optimieren den Stromverbrauch und sorgen daf\u00fcr, dass der Motor effizient arbeitet und weniger Kraftstoff verbraucht. Dies senkt die Betriebskosten und macht sie zu einer umweltfreundlicheren Option f\u00fcr kleinere landwirtschaftliche oder g\u00e4rtnerische Betriebe.<\/li>\n<\/ul>\n<p>5. <strong>Benutzerfreundlichkeit<\/strong><\/p>\n<ul>\n<li>Das Getriebe ist f\u00fcr die einfache Integration in kleine Fr\u00e4sen konzipiert, sodass der Bediener die Maschine mit minimalem Kraftaufwand bedienen kann. Die kompakte Bauweise reduziert zudem das Gesamtgewicht der Maschine, verbessert die Handhabung und verringert die Erm\u00fcdung des Bedieners.<\/li>\n<\/ul>\n<p>Das Micro Tiller-Getriebe ist eine unsch\u00e4tzbar wertvolle Komponente f\u00fcr kleine Bodenbearbeitungsger\u00e4te und bietet eine Kombination aus Haltbarkeit, Effizienz und Kosteneffizienz, die den Anforderungen von Hobbyg\u00e4rtnern und professionellen G\u00e4rtnern gleicherma\u00dfen gerecht wird.<\/p>\n<p><img loading=\"lazy\" decoding=\"async\" class=\"alignnone size-full wp-image-3311\" src=\"https:\/\/fmp-components.com\/wp-content\/uploads\/2025\/01\/tractor-pto-shaft-1.jpg\" alt=\"Traktor-Zapfwelle\" width=\"960\" height=\"360\" title=\"\" srcset=\"https:\/\/fmp-components.com\/wp-content\/uploads\/2025\/01\/tractor-pto-shaft-1.jpg 960w, https:\/\/fmp-components.com\/wp-content\/uploads\/2025\/01\/tractor-pto-shaft-1-480x180.jpg 480w\" sizes=\"(min-width: 0px) and (max-width: 480px) 480px, (min-width: 481px) 960px, 100vw\" \/><\/p>\n<h2>\u00dcber FMP<\/h2>\n<p>FMP mit Hauptsitz in Italien ist ein f\u00fchrender Hersteller, der f\u00fcr seine Expertise in der Konstruktion, Entwicklung und Produktion von Hochleistungsgetrieben mit besonderem Schwerpunkt auf dem Landmaschinensektor bekannt ist. Bekannt f\u00fcr Pr\u00e4zisionstechnik, innovative L\u00f6sungen und unersch\u00fctterliche Zuverl\u00e4ssigkeit, hat sich FMP einen hervorragenden Ruf als vertrauensw\u00fcrdiger Partner sowohl im Agrar- als auch im Industriemarkt erarbeitet. Unser umfangreiches Portfolio umfasst kundenspezifische Getriebe f\u00fcr Rasenm\u00e4her, Zapfwellen und eine breite Palette weiterer wichtiger Komponenten, die alle sorgf\u00e4ltig auf die spezifischen Anforderungen verschiedener Anwendungen zugeschnitten sind.<\/p>\n<p>Wir bei FMP wissen, dass jeder Kunde vor individuellen Herausforderungen steht. Daher liefern wir ma\u00dfgeschneiderte L\u00f6sungen \u2013 ob f\u00fcr einzelne Komponenten oder vollst\u00e4ndig integrierte Systeme. Durch die enge Zusammenarbeit mit unseren Kunden stellen wir sicher, dass jede L\u00f6sung nicht nur ihre genauen Bed\u00fcrfnisse erf\u00fcllt, sondern auch die Leistung optimiert und den Wert maximiert. Unser Engagement f\u00fcr zeitnahe, professionelle Antworten und kompetente Beratung garantiert eine pr\u00e4zise Bearbeitung jeder Anfrage und somit stets optimale Ergebnisse.<\/p>\n<p>Wir legen Wert auf transparente und kontinuierliche Kommunikation w\u00e4hrend des gesamten Produktentwicklungsprozesses. Unser engagiertes Team arbeitet eng mit unseren Kunden zusammen, um deren Anforderungen umfassend zu verstehen und bietet wertvolle Einblicke und Expertenempfehlungen f\u00fcr optimale Ergebnisse. Ob wir innovative Produkte entwickeln oder Routineauftr\u00e4ge erf\u00fcllen \u2013 FMP ist stets bestrebt, hochwertige, pr\u00e4zise gefertigte L\u00f6sungen p\u00fcnktlich zu liefern. Unser Ziel ist es, die Erwartungen unserer Kunden stets zu \u00fcbertreffen und bei jedem Projekt au\u00dfergew\u00f6hnlichen Service und hervorragende Ergebnisse zu bieten.<\/p>\n<p>Im Mittelpunkt der Gesch\u00e4ftst\u00e4tigkeit von FMP steht das unersch\u00fctterliche Engagement f\u00fcr Qualit\u00e4t. Wir halten uns an h\u00f6chste Fertigungsstandards und implementieren strenge Qualit\u00e4tskontrollma\u00dfnahmen, um sicherzustellen, dass jedes Produkt die Branchenstandards nicht nur erf\u00fcllt, sondern \u00fcbertrifft. Dieses Engagement f\u00fcr Spitzenleistungen, kombiniert mit unseren Grundwerten Integrit\u00e4t, Teamwork und Beharrlichkeit, hat es uns erm\u00f6glicht, langj\u00e4hrige, vertrauensvolle Beziehungen zu Kunden in fast 30 L\u00e4ndern weltweit aufzubauen.<\/p>\n<p>FMP f\u00f6rdert globale Partnerschaften durch kompetente Beratung und ma\u00dfgeschneiderte L\u00f6sungen, die den sich wandelnden Bed\u00fcrfnissen unserer Kunden gerecht werden. Unser Ziel sind dauerhafte, f\u00fcr beide Seiten vorteilhafte Beziehungen, die zum Erfolg jedes Projekts beitragen. Ob Sie innovative L\u00f6sungen f\u00fcr eine neue Initiative suchen oder fortlaufende Unterst\u00fctzung f\u00fcr ein bestehendes System ben\u00f6tigen \u2013 FMP unterst\u00fctzt Sie bei der Bew\u00e4ltigung technischer Herausforderungen und sichert Ihren anhaltenden Erfolg.<\/p>\n<p><img loading=\"lazy\" decoding=\"async\" class=\"alignnone wp-image-2695\" src=\"https:\/\/fmp-components.com\/wp-content\/uploads\/2025\/01\/agricultural-gearbox3.webp\" alt=\"Agrargetriebe\" width=\"1140\" height=\"1138\" title=\"\" srcset=\"https:\/\/fmp-components.com\/wp-content\/uploads\/2025\/01\/agricultural-gearbox3.webp 1140w, https:\/\/fmp-components.com\/wp-content\/uploads\/2025\/01\/agricultural-gearbox3-480x479.webp 480w\" sizes=\"(min-width: 0px) and (max-width: 480px) 480px, (min-width: 481px) 1140px, 100vw\" \/><\/p>\n<p>Autor: CX<\/p>","protected":false},"excerpt":{"rendered":"<p>Micro Tiller Gearbox Specification Ratio 3.38:1 Input Speed 540 rpm Input Shaft X\/Y Input Power 16.9 kW, 23 hp Output Torque 985 Nm Benefits of Micro Tiller Gearbox The Micro Tiller Gearbox offers several benefits, making it an essential component in small-scale farming and gardening machinery. These advantages ensure smoother operation, increased efficiency, and enhanced [&hellip;]<\/p>","protected":false},"featured_media":3309,"comment_status":"open","ping_status":"closed","template":"","meta":{"_et_pb_use_builder":"","_et_pb_old_content":"","_et_gb_content_width":""},"product_brand":[],"product_cat":[81],"product_tag":[],"class_list":{"0":"post-3308","1":"product","2":"type-product","3":"status-publish","4":"has-post-thumbnail","6":"product_cat-micro-tiller-gearbox","8":"first","9":"instock","10":"shipping-taxable","11":"product-type-simple"},"_links":{"self":[{"href":"https:\/\/fmp-components.com\/de\/wp-json\/wp\/v2\/product\/3308","targetHints":{"allow":["GET"]}}],"collection":[{"href":"https:\/\/fmp-components.com\/de\/wp-json\/wp\/v2\/product"}],"about":[{"href":"https:\/\/fmp-components.com\/de\/wp-json\/wp\/v2\/types\/product"}],"replies":[{"embeddable":true,"href":"https:\/\/fmp-components.com\/de\/wp-json\/wp\/v2\/comments?post=3308"}],"wp:featuredmedia":[{"embeddable":true,"href":"https:\/\/fmp-components.com\/de\/wp-json\/wp\/v2\/media\/3309"}],"wp:attachment":[{"href":"https:\/\/fmp-components.com\/de\/wp-json\/wp\/v2\/media?parent=3308"}],"wp:term":[{"taxonomy":"product_brand","embeddable":true,"href":"https:\/\/fmp-components.com\/de\/wp-json\/wp\/v2\/product_brand?post=3308"},{"taxonomy":"product_cat","embeddable":true,"href":"https:\/\/fmp-components.com\/de\/wp-json\/wp\/v2\/product_cat?post=3308"},{"taxonomy":"product_tag","embeddable":true,"href":"https:\/\/fmp-components.com\/de\/wp-json\/wp\/v2\/product_tag?post=3308"}],"curies":[{"name":"wp","href":"https:\/\/api.w.org\/{rel}","templated":true}]}}