{"id":3291,"date":"2025-01-06T03:05:06","date_gmt":"2025-01-06T03:05:06","guid":{"rendered":"https:\/\/fmp-components.com\/?page_id=8"},"modified":"2025-01-06T03:15:19","modified_gmt":"2025-01-06T03:15:19","slug":"fmp-01-229-snow-plow-gearbox-for-spreader","status":"publish","type":"product","link":"https:\/\/fmp-components.com\/de\/product\/fmp-01-229-snow-plow-gearbox-for-spreader\/","title":{"rendered":"FMP-01-229 Schneepfluggetriebe f\u00fcr Streuer"},"content":{"rendered":"<h2>Spezifikationen des Schneepfluggetriebes<\/h2>\n<p><img loading=\"lazy\" decoding=\"async\" class=\"alignnone  wp-image-3297\" src=\"https:\/\/fmp-components.com\/wp-content\/uploads\/2025\/01\/fmp_Snow-plow-gearbox-draw1.webp\" alt=\"fmp_Snow-plow-gearbox-draw(1)\" width=\"877\" height=\"748\" title=\"\" srcset=\"https:\/\/fmp-components.com\/wp-content\/uploads\/2025\/01\/fmp_Snow-plow-gearbox-draw1.webp 877w, https:\/\/fmp-components.com\/wp-content\/uploads\/2025\/01\/fmp_Snow-plow-gearbox-draw1-480x410.webp 480w\" sizes=\"(min-width: 0px) and (max-width: 480px) 480px, (min-width: 481px) 877px, 100vw\" \/><\/p>\n<table style=\"width: 100.071%; height: 460px;\" border=\"1\">\n<tbody>\n<tr style=\"height: 23px;\">\n<td style=\"width: 28.7257%; text-align: center; height: 23px;\"><strong>ARTIKEL<\/strong><\/td>\n<td style=\"width: 70.6263%; height: 23px;\">FMP-01-229<\/td>\n<\/tr>\n<tr style=\"height: 23px;\">\n<td style=\"width: 28.7257%; text-align: center; height: 23px;\"><strong>Verh\u00e4ltnis<\/strong><\/td>\n<td style=\"width: 70.6263%; height: 23px;\">1:1.35<\/td>\n<\/tr>\n<tr style=\"height: 23px;\">\n<td style=\"width: 28.7257%; text-align: center; height: 23px;\"><strong>Z\u00e4hne<\/strong><\/td>\n<td style=\"width: 70.6263%; height: 23px;\">16\/16<\/td>\n<\/tr>\n<tr style=\"height: 23px;\">\n<td style=\"width: 28.7257%; text-align: center; height: 23px;\"><strong>Modul<\/strong><\/td>\n<td style=\"width: 70.6263%; height: 23px;\">4.5<\/td>\n<\/tr>\n<tr style=\"height: 23px;\">\n<td style=\"width: 28.7257%; text-align: center; height: 23px;\"><strong>Leistung (PS)<\/strong><\/td>\n<td style=\"width: 70.6263%; height: 23px;\">&#8211;<\/td>\n<\/tr>\n<tr style=\"height: 23px;\">\n<td style=\"width: 28.7257%; text-align: center; height: 23px;\"><strong>Nenneingangsleistung<\/strong><\/td>\n<td style=\"width: 70.6263%; height: 23px;\">540 U\/min<\/td>\n<\/tr>\n<tr style=\"height: 23px;\">\n<td style=\"width: 28.7257%; height: 23px; text-align: center;\"><strong>Beschreibung der Ein-\/Ausgabe<\/strong><\/td>\n<td style=\"width: 70.6263%; height: 23px;\">1 3\/8 Z6 \u03c625 Optische Achse<\/td>\n<\/tr>\n<tr style=\"height: 23px;\">\n<td style=\"width: 28.7257%; height: 23px; text-align: center;\"><strong>Gewicht (NW)<\/strong><\/td>\n<td style=\"width: 70.6263%; height: 23px;\">13 kg<\/td>\n<\/tr>\n<tr style=\"height: 23px;\">\n<th style=\"height: 23px;\">Eingangswelle<\/th>\n<td style=\"height: 23px;\">1-3\/8\u2033 (6-Zahn-Verzahnung)<\/td>\n<\/tr>\n<tr style=\"height: 23px;\">\n<th style=\"height: 23px;\">Wellenl\u00e4nge (Eingang)<\/th>\n<td style=\"height: 23px;\">3-1\/2&#8243;<\/td>\n<\/tr>\n<tr style=\"height: 23px;\">\n<th style=\"height: 23px;\">Abtriebswelle<\/th>\n<td style=\"height: 23px;\">1&#8243;<\/td>\n<\/tr>\n<tr style=\"height: 23px;\">\n<th style=\"height: 23px;\">Wellenl\u00e4nge (Ausgang)<\/th>\n<td style=\"height: 23px;\">3&#8243;<\/td>\n<\/tr>\n<tr style=\"height: 23px;\">\n<th style=\"height: 23px;\">Bohrungen in der Abtriebswelle<\/th>\n<td style=\"height: 23px;\">1-1\/2\u2033 Mitte zu Mitte<\/td>\n<\/tr>\n<tr style=\"height: 23px;\">\n<th style=\"height: 23px;\">Anzahl der Befestigungsl\u00f6cher<\/th>\n<td style=\"height: 23px;\">6<\/td>\n<\/tr>\n<tr style=\"height: 23px;\">\n<th style=\"height: 23px;\">Gesamtl\u00e4nge (OL)<\/th>\n<td style=\"height: 23px;\">11&#8243;<\/td>\n<\/tr>\n<tr style=\"height: 23px;\">\n<th style=\"height: 23px;\">Gesamth\u00f6he (OH)<\/th>\n<td style=\"height: 23px;\">9&#8243;<\/td>\n<\/tr>\n<tr style=\"height: 23px;\">\n<th style=\"height: 23px;\">\u00dcbersetzungsverh\u00e4ltnis<\/th>\n<td style=\"height: 23px;\">1:1<\/td>\n<\/tr>\n<tr style=\"height: 23px;\">\n<th style=\"height: 23px;\">Bolzenlochabstand (lange Seite)<\/th>\n<td style=\"height: 23px;\">2-3\/8\u2033 Mitte zu Mitte<\/td>\n<\/tr>\n<tr style=\"height: 23px;\">\n<th style=\"height: 23px;\">Bolzenlochabstand (Breite)<\/th>\n<td style=\"height: 23px;\">3-3\/4\u2033 Mitte zu Mitte<\/td>\n<\/tr>\n<tr style=\"height: 23px;\">\n<th style=\"height: 23px;\">Getriebefunktion<\/th>\n<td style=\"height: 23px;\">Hat einen Zirkon<\/td>\n<\/tr>\n<\/tbody>\n<\/table>\n<h2>Merkmale des Schneepfluggetriebes<\/h2>\n<ol>\n<li><strong>Robuste Geh\u00e4usekonstruktion<\/strong>\n<ul>\n<li>Typischerweise werden sie aus hochfestem Gusseisen oder Aluminiumlegierungen hergestellt, um eine lange Lebensdauer und Best\u00e4ndigkeit gegen\u00fcber rauen Betriebsbedingungen wie kalten Temperaturen und Umgebungen mit hoher Sto\u00dfbelastung zu gew\u00e4hrleisten.<\/li>\n<\/ul>\n<\/li>\n<li><strong>Hohe Drehmomentkapazit\u00e4t<\/strong>\n<ul>\n<li>Das Getriebe wurde f\u00fcr den Einsatz bei anspruchsvollen Schneer\u00e4umungsarbeiten entwickelt und ist so konstruiert, dass es ein hohes Drehmoment effektiv \u00fcbertr\u00e4gt, wodurch sich der Schneepflug effizient durch dichten Schnee und Eis bewegen kann.<\/li>\n<\/ul>\n<\/li>\n<li><strong>Pr\u00e4zisionsgefertigte Zahnr\u00e4der<\/strong>\n<ul>\n<li>Ausgestattet mit pr\u00e4zisionsgefertigten Zahnr\u00e4dern, die eine reibungslose Kraft\u00fcbertragung gew\u00e4hrleisten, die Reibung minimieren und auch unter hoher Belastung eine gleichbleibende Leistung sicherstellen.<\/li>\n<\/ul>\n<\/li>\n<li><strong>Witterungsbest\u00e4ndige Dichtungen<\/strong>\n<ul>\n<li>Ausgestattet mit hochentwickelten Dichtungen, die das Eindringen von Feuchtigkeit, Schnee und Eis in das Getriebe verhindern und so eine optimale Funktionalit\u00e4t gew\u00e4hrleisten sowie vor Korrosion und Verschlei\u00df sch\u00fctzen.<\/li>\n<\/ul>\n<\/li>\n<li><strong>Anpassbare \u00dcbersetzungsverh\u00e4ltnisse<\/strong>\n<ul>\n<li>Es gibt Getriebe in verschiedenen \u00dcbersetzungsverh\u00e4ltnissen, um die f\u00fcr unterschiedliche Schneepfluganwendungen erforderliche Geschwindigkeit und Kraft bereitzustellen und so eine Anpassungsf\u00e4higkeit an verschiedene Maschinenmodelle und Gel\u00e4nde zu erm\u00f6glichen.<\/li>\n<\/ul>\n<\/li>\n<\/ol>\n<p>Diese Merkmale gew\u00e4hrleisten, dass das Getriebe des Schneepflugs maximale Haltbarkeit, Effizienz und Zuverl\u00e4ssigkeit bietet, um auch unter schwierigen Winterwetterbedingungen zuverl\u00e4ssig zu funktionieren und einen reibungslosen, ununterbrochenen Betrieb w\u00e4hrend der gesamten Schneer\u00e4umsaison sicherzustellen.<\/p>\n<p><img loading=\"lazy\" decoding=\"async\" class=\"alignnone  wp-image-3299\" src=\"https:\/\/fmp-components.com\/wp-content\/uploads\/2025\/01\/FMP-gearbox1.jpg\" alt=\"FMP-Getriebe\" width=\"931\" height=\"623\" title=\"\" srcset=\"https:\/\/fmp-components.com\/wp-content\/uploads\/2025\/01\/FMP-gearbox1.jpg 931w, https:\/\/fmp-components.com\/wp-content\/uploads\/2025\/01\/FMP-gearbox1-480x321.jpg 480w\" sizes=\"(min-width: 0px) and (max-width: 480px) 480px, (min-width: 481px) 931px, 100vw\" \/><\/p>\n<h2>\u00dcber FMP<\/h2>\n<p>FMP mit Hauptsitz in Italien ist ein f\u00fchrender Hersteller, der f\u00fcr seine Expertise in der Konstruktion, Entwicklung und Produktion von Hochleistungsgetrieben, insbesondere f\u00fcr Landmaschinen, bekannt ist. Dank pr\u00e4ziser Fertigung, innovativer L\u00f6sungen und unersch\u00fctterlicher Zuverl\u00e4ssigkeit genie\u00dft FMP einen hervorragenden Ruf als vertrauensw\u00fcrdiger Partner in der Landwirtschaft und der Industrie. Unser umfangreiches Portfolio umfasst kundenspezifisch gefertigte Getriebe f\u00fcr Rasenm\u00e4her, Zapfwellen und eine breite Palette kritischer Komponenten. Alle Produkte werden mit gr\u00f6\u00dfter Sorgfalt und Liebe zum Detail gefertigt, um den individuellen Anforderungen verschiedenster Anwendungen gerecht zu werden.<\/p>\n<p>Wir bei FMP wissen, dass jeder Kunde vor individuellen Herausforderungen steht. Diese Erkenntnis treibt uns an, ma\u00dfgeschneiderte L\u00f6sungen zu entwickeln \u2013 ob f\u00fcr einzelne Komponenten oder vollst\u00e4ndig integrierte Systeme. Durch die enge Zusammenarbeit mit unseren Kunden stellen wir sicher, dass jede L\u00f6sung nicht nur deren Anforderungen exakt erf\u00fcllt, sondern auch die Leistung optimiert und einen au\u00dfergew\u00f6hnlichen Mehrwert bietet. Unser Engagement f\u00fcr reaktionsschnellen, professionellen Service und kompetente Beratung garantiert, dass jede Anfrage pr\u00e4zise bearbeitet wird und bestm\u00f6gliche Ergebnisse erzielt werden.<\/p>\n<p>Wir legen gro\u00dfen Wert auf transparente und kontinuierliche Kommunikation w\u00e4hrend des gesamten Produktentwicklungsprozesses. Unser Team arbeitet eng mit den Kunden zusammen, um deren Anforderungen vollst\u00e4ndig zu verstehen und wertvolle Erkenntnisse sowie praxisorientierte Empfehlungen f\u00fcr optimale Ergebnisse zu liefern. Ob die Entwicklung zukunftsweisender L\u00f6sungen oder die Abwicklung von Routineauftr\u00e4gen \u2013 FMP liefert stets termingerecht hochwertige, pr\u00e4zisionsgefertigte Produkte. Unsere Mission ist es, die Erwartungen unserer Kunden kontinuierlich zu \u00fcbertreffen und bei jedem Projekt herausragenden Service und exzellente Ergebnisse zu erzielen.<\/p>\n<p>Im Zentrum der Gesch\u00e4ftst\u00e4tigkeit von FMP steht unser unersch\u00fctterliches Qualit\u00e4tsversprechen. Wir halten uns an h\u00f6chste Fertigungsstandards und setzen strenge Qualit\u00e4tskontrollen ein, um sicherzustellen, dass jedes Produkt die Branchenstandards nicht nur erf\u00fcllt, sondern \u00fcbertrifft. Dieses Streben nach Exzellenz, kombiniert mit unseren Kernwerten Integrit\u00e4t, Teamwork und Beharrlichkeit, hat es uns erm\u00f6glicht, langfristige, vertrauensvolle Beziehungen zu Kunden in fast 30 L\u00e4ndern weltweit aufzubauen.<\/p>\n<p>FMP engagiert sich f\u00fcr globale Partnerschaften und bietet kompetente Beratung sowie ma\u00dfgeschneiderte L\u00f6sungen, die den sich wandelnden Bed\u00fcrfnissen unserer Kunden gerecht werden. Wir streben langfristige, f\u00fcr beide Seiten vorteilhafte Beziehungen an, die den Erfolg jedes Projekts sichern. Ob Sie innovative L\u00f6sungen f\u00fcr eine neue Initiative oder fortlaufende Unterst\u00fctzung f\u00fcr ein bestehendes System ben\u00f6tigen \u2013 FMP hilft Ihnen, technische Herausforderungen zu meistern und Ihren nachhaltigen Erfolg zu gew\u00e4hrleisten.<\/p>\n<p><img loading=\"lazy\" decoding=\"async\" class=\"alignnone wp-image-2695\" src=\"https:\/\/fmp-components.com\/wp-content\/uploads\/2025\/01\/agricultural-gearbox3.webp\" alt=\"Agrargetriebe\" width=\"1140\" height=\"1138\" title=\"\" srcset=\"https:\/\/fmp-components.com\/wp-content\/uploads\/2025\/01\/agricultural-gearbox3.webp 1140w, https:\/\/fmp-components.com\/wp-content\/uploads\/2025\/01\/agricultural-gearbox3-480x479.webp 480w\" sizes=\"(min-width: 0px) and (max-width: 480px) 480px, (min-width: 481px) 1140px, 100vw\" \/><\/p>\n<p>Autor: CX<\/p>","protected":false},"excerpt":{"rendered":"<p>Specifications of snow plow gearbox ITEM FMP-01-229 Ratio 1:1.35 Teeth 16\/16 Module 4.5 Power\uff08HP\uff09 &#8211; Rated Input 540rpm Input\/Output description 1 3\/8 Z6 \u03c625 Optic axis Weight\uff08N.W\uff09 13Kg Input Shaft 1-3\/8&#8243; (6 spline) Shaft Length (Input) 3-1\/2&#8243; Output Shaft 1&#8243; Shaft Length (Output) 3&#8243; Holes in Output Shaft 1-1\/2&#8243; center to center Number of Mounting [&hellip;]<\/p>","protected":false},"featured_media":3298,"comment_status":"open","ping_status":"closed","template":"","meta":{"_et_pb_use_builder":"","_et_pb_old_content":"","_et_gb_content_width":""},"product_brand":[],"product_cat":[80],"product_tag":[],"class_list":{"0":"post-3291","1":"product","2":"type-product","3":"status-publish","4":"has-post-thumbnail","6":"product_cat-snowblower-gearbox","8":"first","9":"instock","10":"shipping-taxable","11":"product-type-simple"},"_links":{"self":[{"href":"https:\/\/fmp-components.com\/de\/wp-json\/wp\/v2\/product\/3291","targetHints":{"allow":["GET"]}}],"collection":[{"href":"https:\/\/fmp-components.com\/de\/wp-json\/wp\/v2\/product"}],"about":[{"href":"https:\/\/fmp-components.com\/de\/wp-json\/wp\/v2\/types\/product"}],"replies":[{"embeddable":true,"href":"https:\/\/fmp-components.com\/de\/wp-json\/wp\/v2\/comments?post=3291"}],"wp:featuredmedia":[{"embeddable":true,"href":"https:\/\/fmp-components.com\/de\/wp-json\/wp\/v2\/media\/3298"}],"wp:attachment":[{"href":"https:\/\/fmp-components.com\/de\/wp-json\/wp\/v2\/media?parent=3291"}],"wp:term":[{"taxonomy":"product_brand","embeddable":true,"href":"https:\/\/fmp-components.com\/de\/wp-json\/wp\/v2\/product_brand?post=3291"},{"taxonomy":"product_cat","embeddable":true,"href":"https:\/\/fmp-components.com\/de\/wp-json\/wp\/v2\/product_cat?post=3291"},{"taxonomy":"product_tag","embeddable":true,"href":"https:\/\/fmp-components.com\/de\/wp-json\/wp\/v2\/product_tag?post=3291"}],"curies":[{"name":"wp","href":"https:\/\/api.w.org\/{rel}","templated":true}]}}