{"id":3285,"date":"2025-01-06T02:26:59","date_gmt":"2025-01-06T02:26:59","guid":{"rendered":"https:\/\/fmp-components.com\/?page_id=8"},"modified":"2025-01-06T02:26:59","modified_gmt":"2025-01-06T02:26:59","slug":"manure-spreaders-gearboxes-replacement-of-comer-code-n-2a","status":"publish","type":"product","link":"https:\/\/fmp-components.com\/de\/product\/manure-spreaders-gearboxes-replacement-of-comer-code-n-2a\/","title":{"rendered":"Getriebe f\u00fcr Miststreuer \u2013 Austausch des Comer-Codes N-2A"},"content":{"rendered":"<h2>Miststreuer-Getriebespezifikation N-2A<\/h2>\n<p><img loading=\"lazy\" decoding=\"async\" class=\"alignnone size-full wp-image-3286\" src=\"https:\/\/fmp-components.com\/wp-content\/uploads\/2025\/01\/manure-spreader-gearbox-N2A-specifications.webp\" alt=\"Miststreuer-Getriebe-N2A-Spezifikationen\" width=\"1012\" height=\"544\" title=\"\" srcset=\"https:\/\/fmp-components.com\/wp-content\/uploads\/2025\/01\/manure-spreader-gearbox-N2A-specifications.webp 1012w, https:\/\/fmp-components.com\/wp-content\/uploads\/2025\/01\/manure-spreader-gearbox-N2A-specifications-980x527.webp 980w, https:\/\/fmp-components.com\/wp-content\/uploads\/2025\/01\/manure-spreader-gearbox-N2A-specifications-480x258.webp 480w\" sizes=\"(min-width: 0px) and (max-width: 480px) 480px, (min-width: 481px) and (max-width: 980px) 980px, (min-width: 981px) 1012px, 100vw\" \/><\/p>\n<table style=\"width: 93.7748%; height: 397px;\" border=\"1\">\n<tbody>\n<tr>\n<td><strong>ich<\/strong><\/td>\n<td>5.67<\/td>\n<\/tr>\n<tr>\n<td><strong>N<sub>1<\/sub>[U\/min]<\/strong><\/td>\n<td>540<\/td>\n<\/tr>\n<tr>\n<td><strong>P<sub>1<\/sub>[kW]<\/strong><\/td>\n<td>23.5<\/td>\n<\/tr>\n<tr>\n<td><strong>M<sub>2<\/sub>[Nm]<\/strong><\/td>\n<td>&#8211;<\/td>\n<\/tr>\n<tr>\n<td><strong>Welle X<img loading=\"lazy\" decoding=\"async\" class=\"size-full wp-image-3287 aligncenter\" src=\"https:\/\/fmp-components.com\/wp-content\/uploads\/2025\/01\/shaft-x-1.webp\" alt=\"Welle-x\" width=\"81\" height=\"78\" title=\"\" srcset=\"https:\/\/fmp-components.com\/wp-content\/uploads\/2025\/01\/shaft-x-1.webp 81w, https:\/\/fmp-components.com\/wp-content\/uploads\/2025\/01\/shaft-x-1-12x12.webp 12w\" sizes=\"(max-width: 81px) 100vw, 81px\" \/><\/strong><\/td>\n<td>1\u201d 3\/8 Z6<\/td>\n<\/tr>\n<tr>\n<td><strong>Welle Y<img loading=\"lazy\" decoding=\"async\" class=\"size-full wp-image-3287 aligncenter\" src=\"https:\/\/fmp-components.com\/wp-content\/uploads\/2025\/01\/shaft-x-1.webp\" alt=\"Welle-x\" width=\"81\" height=\"78\" title=\"\" srcset=\"https:\/\/fmp-components.com\/wp-content\/uploads\/2025\/01\/shaft-x-1.webp 81w, https:\/\/fmp-components.com\/wp-content\/uploads\/2025\/01\/shaft-x-1-12x12.webp 12w\" sizes=\"(max-width: 81px) 100vw, 81px\" \/><\/strong><\/td>\n<td>1\u201d 3\/8 Z6<\/td>\n<\/tr>\n<tr>\n<td><strong>Welle Z<img loading=\"lazy\" decoding=\"async\" class=\"size-full wp-image-3287 aligncenter\" src=\"https:\/\/fmp-components.com\/wp-content\/uploads\/2025\/01\/shaft-x-1.webp\" alt=\"Welle-x\" width=\"81\" height=\"78\" title=\"\" srcset=\"https:\/\/fmp-components.com\/wp-content\/uploads\/2025\/01\/shaft-x-1.webp 81w, https:\/\/fmp-components.com\/wp-content\/uploads\/2025\/01\/shaft-x-1-12x12.webp 12w\" sizes=\"(max-width: 81px) 100vw, 81px\" \/><\/strong><\/td>\n<td>1\u201d 3\/8 Z6<\/td>\n<\/tr>\n<tr>\n<td><strong>Eingang<\/strong><\/td>\n<td>Z<\/td>\n<\/tr>\n<\/tbody>\n<\/table>\n<h3>Merkmale des Miststreuer-Getriebes<\/h3>\n<ol>\n<li><strong>Robustes Geh\u00e4use<\/strong><br \/>\nDas Getriebe verf\u00fcgt \u00fcber ein robustes, korrosionsbest\u00e4ndiges Geh\u00e4use, das typischerweise aus hochfesten Werkstoffen wie Gusseisen oder Aluminiumlegierungen gefertigt ist und so eine lange Lebensdauer auch unter rauen landwirtschaftlichen Bedingungen gew\u00e4hrleistet.<\/li>\n<li><strong>Hohe Drehmomentkapazit\u00e4t<\/strong><br \/>\nDas Getriebe des Miststreuers wurde f\u00fcr anspruchsvolle landwirtschaftliche Aufgaben entwickelt und liefert ein hohes Drehmoment f\u00fcr einen effizienten Betrieb. Es gew\u00e4hrleistet eine reibungslose Kraft\u00fcbertragung vom Traktor auf den Streuer.<\/li>\n<li><strong>Pr\u00e4zisionszahnr\u00e4der<\/strong><br \/>\nDie Zahnr\u00e4der sind pr\u00e4zisionsgefertigt f\u00fcr genauen Eingriff und reibungslosen Lauf, wodurch Verschlei\u00df reduziert und die Effizienz gesteigert wird. Sie werden typischerweise geschmiedet und so behandelt, dass sie hohen Belastungen standhalten.<\/li>\n<li><strong>Mehrere \u00dcbersetzungsverh\u00e4ltnisse<\/strong><br \/>\nDie Getriebe f\u00fcr Miststreuer sind in verschiedenen \u00dcbersetzungsverh\u00e4ltnissen erh\u00e4ltlich, z. B. 1:1, 1,46:1 und anderen kundenspezifischen \u00dcbersetzungen. Dadurch bieten sie Flexibilit\u00e4t, um den spezifischen Anforderungen verschiedener Maschinen und Anwendungen gerecht zu werden.<\/li>\n<li><strong>Kegelrollenlager<\/strong><br \/>\nHochbelastbare Kegelrollenlager werden im Getriebe eingesetzt, um eine optimale Unterst\u00fctzung der Wellen zu gew\u00e4hrleisten und so die Lagerlebensdauer, die Belastbarkeit und die Gesamtleistung des Getriebes zu verbessern.<\/li>\n<\/ol>\n<p>Diese Eigenschaften machen die Getriebe von Miststreuern zu \u00e4u\u00dferst zuverl\u00e4ssigen und effektiven Komponenten in modernen landwirtschaftlichen Betrieben und gew\u00e4hrleisten, dass Landwirte Aufgaben wie das Ausbringen von Mist effizient, gleichm\u00e4\u00dfig und mit minimalen Ausfallzeiten durchf\u00fchren k\u00f6nnen.<\/p>\n<p><img loading=\"lazy\" decoding=\"async\" class=\"alignnone  wp-image-3289\" src=\"https:\/\/fmp-components.com\/wp-content\/uploads\/2025\/01\/manure-spreader-gearbox-supplier1.webp\" alt=\"Lieferant von Dungstreuer-Getrieben (1)\" width=\"941\" height=\"627\" title=\"\" srcset=\"https:\/\/fmp-components.com\/wp-content\/uploads\/2025\/01\/manure-spreader-gearbox-supplier1.webp 941w, https:\/\/fmp-components.com\/wp-content\/uploads\/2025\/01\/manure-spreader-gearbox-supplier1-480x320.webp 480w\" sizes=\"(min-width: 0px) and (max-width: 480px) 480px, (min-width: 481px) 941px, 100vw\" \/><\/p>\n<h3>Zapfwelle f\u00fcr das Getriebe des Miststreuers<\/h3>\n<p>Die Zapfwelle (PTO) ist ein wesentliches Bauteil, das die Antriebsleistung des Traktors mit dem Getriebe des Miststreuers verbindet und so die \u00dcbertragung der mechanischen Kraft f\u00fcr den Betrieb des Miststreuers erm\u00f6glicht. Die Zapfwelle dient als Bindeglied zwischen Traktormotor und Getriebe des Miststreuers und gew\u00e4hrleistet dessen effektiven und effizienten Antrieb. Im Folgenden sind die wichtigsten Merkmale und Vorteile einer Zapfwelle f\u00fcr Miststreuergetriebe aufgef\u00fchrt:<\/p>\n<ol>\n<li><strong>Robuste Konstruktion<\/strong>\n<ul>\n<li><strong>Hochfester Stahl<\/strong>Die Zapfwelle ist aus robustem, hochfestem Stahl gefertigt, um den hohen Drehmomenten und Belastungen bei landwirtschaftlichen Arbeiten standzuhalten.<\/li>\n<li><strong>Langlebige Komponenten<\/strong>Dank hochbelastbarer Gelenke und einer verst\u00e4rkten Konstruktion sind Zapfwellen so konstruiert, dass sie den rauen Bedingungen in der Landwirtschaft standhalten, einschlie\u00dflich der Einwirkung von Staub, Feuchtigkeit und chemischen Elementen.<\/li>\n<\/ul>\n<\/li>\n<li><strong>Kompatibilit\u00e4t<\/strong>\n<ul>\n<li><strong>Universelles Design<\/strong>Die Zapfwellen sind mit Universalgelenken ausgestattet, um die Kompatibilit\u00e4t mit einer breiten Palette von Traktoren und Miststreuern zu gew\u00e4hrleisten.<\/li>\n<li><strong>Standardisierte Kupplungen<\/strong>Die Wellen sind mit standardisierten Kupplungen ausgestattet, die zum Zapfwellenausgang des Traktors und zum Getriebeeingang des Miststreuers passen und so ein einfaches An- und Abkuppeln gew\u00e4hrleisten.<\/li>\n<\/ul>\n<\/li>\n<li><strong>Hohes Drehmoment\u00fcbertragung<\/strong>\n<ul>\n<li>Die Zapfwelle ist so konstruiert, dass sie ein hohes Drehmoment vom Traktor auf das Getriebe des Miststreuers \u00fcbertr\u00e4gt. Dadurch wird ein effizienter Antrieb des Streuers auch unter hoher Last gew\u00e4hrleistet.<\/li>\n<\/ul>\n<\/li>\n<li><strong>Sicherheitsfunktionen<\/strong>\n<ul>\n<li><strong>Schutzschilde und Schutzvorrichtungen<\/strong>Die Zapfwellen sind mit Schutzvorrichtungen und Abdeckungen ausgestattet, um einen versehentlichen Kontakt mit beweglichen Teilen zu verhindern und so einen sicheren Betrieb f\u00fcr den Benutzer zu gew\u00e4hrleisten.<\/li>\n<li><strong>Rutschkupplungsmechanismen<\/strong>Viele Zapfwellen sind mit Rutschkupplungen oder \u00dcberlastschutzmechanismen ausgestattet, um die Welle und die angeschlossenen Maschinen vor Sch\u00e4den durch pl\u00f6tzliche Rucke oder \u00fcberm\u00e4\u00dfiges Drehmoment zu sch\u00fctzen.<\/li>\n<\/ul>\n<\/li>\n<li><strong>Flexibilit\u00e4t und Reichweite<\/strong>\n<ul>\n<li>Zapfwellen sind in verschiedenen L\u00e4ngen erh\u00e4ltlich, um den Abstand zwischen Traktor und Miststreuer optimal anzupassen und so die richtige Reichweite und Flexibilit\u00e4t f\u00fcr unterschiedliche Konfigurationen zu gew\u00e4hrleisten.<\/li>\n<li><strong>Teleskopdesign<\/strong>Einige Zapfwellen verf\u00fcgen \u00fcber eine Teleskopkonstruktion, die eine L\u00e4ngenanpassung erm\u00f6glicht, um unterschiedliche Arbeitsabst\u00e4nde zwischen Traktor und Streuer zu ber\u00fccksichtigen.<\/li>\n<\/ul>\n<\/li>\n<\/ol>\n<ol>\n<li style=\"list-style-type: none;\"><\/li>\n<\/ol>\n<p>Zusammenfassend l\u00e4sst sich sagen, dass die Zapfwelle f\u00fcr die Getriebe von Miststreuern eine entscheidende Komponente in der modernen Landwirtschaft darstellt. Sie gew\u00e4hrleistet eine effiziente Kraft\u00fcbertragung, erh\u00f6ht die Sicherheit und bietet Langlebigkeit und Flexibilit\u00e4t f\u00fcr vielf\u00e4ltige Anwendungen. Durch den Einsatz einer hochwertigen Zapfwelle k\u00f6nnen Landwirte die Leistung ihrer Miststreuer maximieren und gleichzeitig Wartungsaufwand und Betriebskosten minimieren.<\/p>\n<p><img loading=\"lazy\" decoding=\"async\" class=\"alignnone  wp-image-3288\" src=\"https:\/\/fmp-components.com\/wp-content\/uploads\/2025\/01\/pto-shaft-for-manure-spreader-gearbox1.webp\" alt=\"Zapfwellengetriebe f\u00fcr Miststreuer (1)\" width=\"852\" height=\"837\" title=\"\" srcset=\"https:\/\/fmp-components.com\/wp-content\/uploads\/2025\/01\/pto-shaft-for-manure-spreader-gearbox1.webp 852w, https:\/\/fmp-components.com\/wp-content\/uploads\/2025\/01\/pto-shaft-for-manure-spreader-gearbox1-480x471.webp 480w\" sizes=\"(min-width: 0px) and (max-width: 480px) 480px, (min-width: 481px) 852px, 100vw\" \/><\/p>\n<h2>\u00dcber FMP<\/h2>\n<p>FMP mit Hauptsitz in Italien ist ein f\u00fchrender Hersteller, der f\u00fcr seine Expertise in der Entwicklung und Produktion von Hochleistungsgetrieben bekannt ist und sich insbesondere auf den Landmaschinensektor spezialisiert hat. FMP steht f\u00fcr Pr\u00e4zisionstechnik, innovative L\u00f6sungen und un\u00fcbertroffene Zuverl\u00e4ssigkeit und hat sich als vertrauensw\u00fcrdiger Partner in der Landwirtschaft und der Industrie etabliert. Unser umfangreiches Portfolio umfasst kundenspezifisch gefertigte Getriebe f\u00fcr Rasenm\u00e4her, Zapfwellen und weitere wichtige Komponenten, die alle auf die spezifischen Anforderungen unterschiedlichster Anwendungen zugeschnitten sind.<\/p>\n<p>Wir bei FMP wissen, dass jeder Kunde individuelle Bed\u00fcrfnisse hat. Diese Erkenntnis treibt uns an, ma\u00dfgeschneiderte L\u00f6sungen anzubieten \u2013 ob f\u00fcr einzelne Komponenten oder vollst\u00e4ndig integrierte Systeme. Durch die enge Zusammenarbeit mit unseren Kunden stellen wir sicher, dass jede L\u00f6sung perfekt auf ihre Anforderungen abgestimmt ist, die Leistung optimiert und maximalen Nutzen bietet. Unser Engagement f\u00fcr zeitnahe, professionelle Antworten und kompetente Beratung gew\u00e4hrleistet, dass jede Anfrage pr\u00e4zise bearbeitet wird und somit stets erfolgreiche Ergebnisse erzielt werden.<\/p>\n<p>Wir legen gr\u00f6\u00dften Wert auf transparente und kontinuierliche Kommunikation in jeder Phase des Produktentwicklungsprozesses. Unser erfahrenes Team arbeitet eng mit unseren Kunden zusammen, um deren spezifische Bed\u00fcrfnisse genau zu verstehen und wertvolle Einblicke und Empfehlungen f\u00fcr optimale Ergebnisse zu liefern. Ob es um die Entwicklung innovativer Produkte oder die Abwicklung von Routineauftr\u00e4gen geht \u2013 FMP liefert stets termingerecht hochwertige, pr\u00e4zisionsgefertigte L\u00f6sungen. Unser Ziel ist es, die Erwartungen unserer Kunden zu \u00fcbertreffen, exzellenten Service zu bieten und bei jedem Projekt herausragende Ergebnisse zu erzielen.<\/p>\n<p>Im Zentrum der Gesch\u00e4ftst\u00e4tigkeit von FMP steht unser unersch\u00fctterliches Qualit\u00e4tsversprechen. Wir halten uns an h\u00f6chste Fertigungsstandards und setzen strenge Qualit\u00e4tskontrollverfahren ein, um sicherzustellen, dass jedes Produkt die Branchenstandards \u00fcbertrifft. Dieses Streben nach Exzellenz, kombiniert mit unseren Kernwerten Integrit\u00e4t, Teamwork und Beharrlichkeit, hat es uns erm\u00f6glicht, langfristige, vertrauensvolle Beziehungen zu Kunden in fast 30 L\u00e4ndern weltweit aufzubauen.<\/p>\n<p>FMP engagiert sich f\u00fcr den Aufbau globaler Partnerschaften durch kompetente Beratung und ma\u00dfgeschneiderte L\u00f6sungen, die sich mit den sich wandelnden Bed\u00fcrfnissen unserer Kunden weiterentwickeln. Wir streben langfristige, f\u00fcr beide Seiten vorteilhafte Beziehungen an, die den Erfolg jedes Projekts sichern. Ob Sie innovative L\u00f6sungen f\u00fcr eine neue Initiative oder fortlaufende Unterst\u00fctzung f\u00fcr ein bestehendes System ben\u00f6tigen \u2013 FMP hilft Ihnen, technische Herausforderungen zu meistern und Ihren nachhaltigen Erfolg zu gew\u00e4hrleisten.<\/p>\n<p><img loading=\"lazy\" decoding=\"async\" class=\"alignnone wp-image-2695\" src=\"https:\/\/fmp-components.com\/wp-content\/uploads\/2025\/01\/agricultural-gearbox3.webp\" alt=\"Agrargetriebe\" width=\"1140\" height=\"1138\" title=\"\" srcset=\"https:\/\/fmp-components.com\/wp-content\/uploads\/2025\/01\/agricultural-gearbox3.webp 1140w, https:\/\/fmp-components.com\/wp-content\/uploads\/2025\/01\/agricultural-gearbox3-480x479.webp 480w\" sizes=\"(min-width: 0px) and (max-width: 480px) 480px, (min-width: 481px) 1140px, 100vw\" \/><\/p>\n<p>Autor: CX<\/p>","protected":false},"excerpt":{"rendered":"<p>Manure Spreader Gearboxes N-2A Specification i 5.67 N1[rpm] 540 P1[kW] 23.5 M2[Nm] &#8211; Shaft X 1&#8221; 3\/8 Z6 Shaft Y 1&#8221; 3\/8 Z6 Shaft Z 1&#8221; 3\/8 Z6 Input Z Features of Manure Spreader Gearbox Durable Housing The gearbox features a robust, corrosion-resistant housing, typically made from high-strength materials such as cast iron or aluminum [&hellip;]<\/p>","protected":false},"featured_media":3290,"comment_status":"open","ping_status":"closed","template":"","meta":{"_et_pb_use_builder":"","_et_pb_old_content":"","_et_gb_content_width":""},"product_brand":[],"product_cat":[79],"product_tag":[],"class_list":{"0":"post-3285","1":"product","2":"type-product","3":"status-publish","4":"has-post-thumbnail","6":"product_cat-manure-spreader-gearbox","8":"first","9":"instock","10":"shipping-taxable","11":"product-type-simple"},"_links":{"self":[{"href":"https:\/\/fmp-components.com\/de\/wp-json\/wp\/v2\/product\/3285","targetHints":{"allow":["GET"]}}],"collection":[{"href":"https:\/\/fmp-components.com\/de\/wp-json\/wp\/v2\/product"}],"about":[{"href":"https:\/\/fmp-components.com\/de\/wp-json\/wp\/v2\/types\/product"}],"replies":[{"embeddable":true,"href":"https:\/\/fmp-components.com\/de\/wp-json\/wp\/v2\/comments?post=3285"}],"wp:featuredmedia":[{"embeddable":true,"href":"https:\/\/fmp-components.com\/de\/wp-json\/wp\/v2\/media\/3290"}],"wp:attachment":[{"href":"https:\/\/fmp-components.com\/de\/wp-json\/wp\/v2\/media?parent=3285"}],"wp:term":[{"taxonomy":"product_brand","embeddable":true,"href":"https:\/\/fmp-components.com\/de\/wp-json\/wp\/v2\/product_brand?post=3285"},{"taxonomy":"product_cat","embeddable":true,"href":"https:\/\/fmp-components.com\/de\/wp-json\/wp\/v2\/product_cat?post=3285"},{"taxonomy":"product_tag","embeddable":true,"href":"https:\/\/fmp-components.com\/de\/wp-json\/wp\/v2\/product_tag?post=3285"}],"curies":[{"name":"wp","href":"https:\/\/api.w.org\/{rel}","templated":true}]}}