{"id":3259,"date":"2025-01-06T01:36:46","date_gmt":"2025-01-06T01:36:46","guid":{"rendered":"https:\/\/fmp-components.com\/?page_id=8"},"modified":"2025-01-06T01:36:47","modified_gmt":"2025-01-06T01:36:47","slug":"gearbox-for-agricultural-machinery-700-series","status":"publish","type":"product","link":"https:\/\/fmp-components.com\/de\/product\/gearbox-for-agricultural-machinery-700-series\/","title":{"rendered":"Getriebe f\u00fcr Landmaschinen der Serie 700"},"content":{"rendered":"<h2>Zeichnung f\u00fcr die 700er-Serie<\/h2>\n<p><img loading=\"lazy\" decoding=\"async\" class=\"alignnone  wp-image-3263\" src=\"https:\/\/fmp-components.com\/wp-content\/uploads\/2025\/01\/R700-Spec-1.webp\" alt=\"R700-Spec-1\" width=\"900\" height=\"1126\" title=\"\" srcset=\"https:\/\/fmp-components.com\/wp-content\/uploads\/2025\/01\/R700-Spec-1.webp 900w, https:\/\/fmp-components.com\/wp-content\/uploads\/2025\/01\/R700-Spec-1-480x601.webp 480w\" sizes=\"(min-width: 0px) and (max-width: 480px) 480px, (min-width: 481px) 900px, 100vw\" \/><\/p>\n<h3>Ausrichtung der Wellenrotation f\u00fcr die 700er-Serie<\/h3>\n<p><img loading=\"lazy\" decoding=\"async\" class=\"alignnone size-full wp-image-3262\" src=\"https:\/\/fmp-components.com\/wp-content\/uploads\/2025\/01\/R700-Rotation.webp\" alt=\"R700-Rotation\" width=\"1024\" height=\"345\" title=\"\" srcset=\"https:\/\/fmp-components.com\/wp-content\/uploads\/2025\/01\/R700-Rotation.webp 1024w, https:\/\/fmp-components.com\/wp-content\/uploads\/2025\/01\/R700-Rotation-980x330.webp 980w, https:\/\/fmp-components.com\/wp-content\/uploads\/2025\/01\/R700-Rotation-480x162.webp 480w\" sizes=\"(min-width: 0px) and (max-width: 480px) 480px, (min-width: 481px) and (max-width: 980px) 980px, (min-width: 981px) 1024px, 100vw\" \/><\/p>\n<h3>Bewertungstabellen<\/h3>\n<p><img loading=\"lazy\" decoding=\"async\" class=\"alignnone  wp-image-3264\" src=\"https:\/\/fmp-components.com\/wp-content\/uploads\/2025\/01\/R700-rating-charts.webp\" alt=\"R700-Bewertungstabellen\" width=\"862\" height=\"397\" title=\"\" srcset=\"https:\/\/fmp-components.com\/wp-content\/uploads\/2025\/01\/R700-rating-charts.webp 393w, https:\/\/fmp-components.com\/wp-content\/uploads\/2025\/01\/R700-rating-charts-300x138.webp 300w, https:\/\/fmp-components.com\/wp-content\/uploads\/2025\/01\/R700-rating-charts-18x8.webp 18w\" sizes=\"(max-width: 862px) 100vw, 862px\" \/><\/p>\n<h3>Getriebe f\u00fcr Landmaschinen der Serie 700<\/h3>\n<p><strong>Merkmale:<\/strong><\/p>\n<ul>\n<li><strong>Zweiteiliges Aluminiumgeh\u00e4use<\/strong>Das aus hochfestem Aluminium gefertigte Geh\u00e4use gew\u00e4hrleistet eine hervorragende Haltbarkeit. <strong>Korrosionsbest\u00e4ndigkeit<\/strong> Und <strong>W\u00e4rmekapazit\u00e4t<\/strong>Dadurch ist es auch f\u00fcr anspruchsvolle landwirtschaftliche Umgebungen \u00e4u\u00dferst widerstandsf\u00e4hig.<\/li>\n<li><strong>Pr\u00e4zisionsgefertigte Komponenten<\/strong>Jedes Getriebe wird pr\u00e4zisionsgefertigt, um einen perfekten Zahneingriff zu gew\u00e4hrleisten, und <strong>Lagervorspannung<\/strong>, um einen reibungslosen und effizienten Betrieb auch unter hoher Last zu gew\u00e4hrleisten.<\/li>\n<li><strong>Geschmiedete Zahnr\u00e4der<\/strong>Die 700er-Serie zeichnet sich durch pr\u00e4zisionsgeschmiedete Zahnr\u00e4der aus, die in einer <strong>\u00dcbersetzungsverh\u00e4ltnis 3:1<\/strong>, wodurch eine hervorragende Drehmoment\u00fcbertragung und Betriebseffizienz gew\u00e4hrleistet werden.<\/li>\n<li><strong>Kegelrollenlager<\/strong>Diese Lager sind so konstruiert, dass sie die Leistung verbessern. <strong>Tragf\u00e4higkeit<\/strong> und erweitern <strong>Lagerlebensdauer<\/strong>Dadurch wird eine dauerhafte Leistungsf\u00e4higkeit auch unter hoher Belastung gew\u00e4hrleistet.<\/li>\n<li><strong>Hochfeste Stahlwellen<\/strong>: Der <strong>1,75\u2033 Eingangswelle<\/strong> Und <strong>2,75\u2033 Abtriebswelle<\/strong> Sie werden aus hochfestem Stahl hergestellt und gew\u00e4hrleisten so Robustheit und Zuverl\u00e4ssigkeit bei anspruchsvollen Anwendungen.<\/li>\n<li><strong>80W90 Getriebe\u00f6l<\/strong>Gef\u00fcllt mit hochwertigen <strong>80W90 Getriebe\u00f6l<\/strong>Das Getriebe wird vor dem Versand gr\u00fcndlich auf Undichtigkeiten gepr\u00fcft, um einen optimalen Betrieb vom ersten Tag an zu gew\u00e4hrleisten.<\/li>\n<li><strong>Dichtigkeitspr\u00fcfung<\/strong>Jede Einheit wird einem umfassenden Dichtigkeitstest unterzogen, um absolute Dichtheit zu gew\u00e4hrleisten und so die Zuverl\u00e4ssigkeit zu garantieren und den Wartungsaufwand im Laufe der Zeit zu reduzieren.<\/li>\n<li><strong>Gewicht<\/strong>Das Getriebe der 700er-Serie wiegt ungef\u00e4hr <strong>120 Pfund<\/strong>einschlie\u00dflich des Schmiermittels, was es robust macht und es in der Lage macht, auch die h\u00e4rtesten Aufgaben im Bereich der Landwirtschaft zu bew\u00e4ltigen.<\/li>\n<\/ul>\n<h3>Zus\u00e4tzliche Vorteile:<\/h3>\n<ul>\n<li><strong>Optimales W\u00e4rmemanagement<\/strong>Das Aluminiumgeh\u00e4use sorgt nicht nur f\u00fcr Stabilit\u00e4t, sondern tr\u00e4gt auch zu einer effizienten W\u00e4rmeableitung bei und gew\u00e4hrleistet so eine gleichbleibende Leistung auch bei l\u00e4ngerem Einsatz unter anspruchsvollen Bedingungen.<\/li>\n<li><strong>Haltbarkeit und Langlebigkeit<\/strong>Die 700er-Serie wurde f\u00fcr den kontinuierlichen Einsatz unter hoher Belastung in der Landwirtschaft konzipiert und ist so konstruiert, dass sie rauen Betriebsbedingungen standh\u00e4lt. Dies gew\u00e4hrleistet eine l\u00e4ngere Lebensdauer und minimale Ausfallzeiten.<\/li>\n<li><strong>Effizienz im gro\u00dfen Ma\u00dfstab<\/strong>Das \u00dcbersetzungsverh\u00e4ltnis von 3:1 ist ideal f\u00fcr gr\u00f6\u00dfere Landmaschinen und gew\u00e4hrleistet, dass das Getriebe die Effizienz maximiert und die Kraft effektiv f\u00fcr optimale Feldarbeiten \u00fcbertr\u00e4gt.<\/li>\n<\/ul>\n<p>Das Getriebe der Serie 700 wurde f\u00fcr h\u00f6chste Zuverl\u00e4ssigkeit, Leistung und Langlebigkeit unter h\u00e4rtesten Bedingungen in der Landwirtschaft entwickelt. Ob Sie gro\u00dfe Traktoren, M\u00e4hdrescher oder andere schwere Maschinen betreiben \u2013 die Serie 700 bietet die n\u00f6tige Kraft und Ausdauer f\u00fcr effizienten Betrieb und langfristige Zuverl\u00e4ssigkeit.<\/p>\n<h3>\u00dcber FMP<\/h3>\n<p>FMP mit Hauptsitz in Italien ist ein renommierter Hersteller, der f\u00fcr seine Expertise in der Entwicklung und Produktion von Hochleistungsgetrieben bekannt ist, insbesondere f\u00fcr die Landwirtschaft. Dank pr\u00e4ziser Konstruktion, innovativer L\u00f6sungen und unersch\u00fctterlicher Zuverl\u00e4ssigkeit genie\u00dft FMP einen hervorragenden Ruf als vertrauensw\u00fcrdiger Partner in der Landwirtschaft und der Industrie. Unser umfassendes Portfolio umfasst kundenspezifisch gefertigte Getriebe f\u00fcr Rasenm\u00e4her, Zapfwellen und eine Vielzahl weiterer wichtiger Komponenten, die alle sorgf\u00e4ltig auf die spezifischen Anforderungen unterschiedlichster Anwendungen zugeschnitten sind.<\/p>\n<p>Wir bei FMP wissen, dass jeder Kunde vor individuellen Herausforderungen steht. Deshalb entwickeln wir ma\u00dfgeschneiderte L\u00f6sungen. Ob einzelne Komponente oder komplettes System \u2013 wir arbeiten eng mit unseren Kunden zusammen, um sicherzustellen, dass jede L\u00f6sung nicht nur ihre Anforderungen erf\u00fcllt, sondern auch die Leistung steigert und den Gesamtnutzen maximiert. Dank unserer schnellen, professionellen Reaktionszeiten und unserer kompetenten Beratung wird jede Anfrage pr\u00e4zise bearbeitet und erzielt stets optimale Ergebnisse.<\/p>\n<p>Wir legen gro\u00dfen Wert auf transparente und kontinuierliche Kommunikation w\u00e4hrend des gesamten Produktentwicklungsprozesses. Unser engagiertes Team arbeitet eng mit den Kunden zusammen, um deren Bed\u00fcrfnisse genau zu verstehen und wertvolle Erkenntnisse sowie praxisorientierte Empfehlungen f\u00fcr optimale Ergebnisse zu liefern. Ob innovative Produkte oder Routineauftr\u00e4ge \u2013 FMP liefert stets termingerecht hochwertige, pr\u00e4zisionsgefertigte L\u00f6sungen. Unser Ziel ist es, die Erwartungen unserer Kunden zu \u00fcbertreffen und in jedem Projekt exzellenten Service und herausragende Ergebnisse zu erzielen.<\/p>\n<p>Im Zentrum der Gesch\u00e4ftst\u00e4tigkeit von FMP steht unser unersch\u00fctterliches Qualit\u00e4tsversprechen. Wir halten uns an h\u00f6chste Fertigungsstandards und setzen strenge Qualit\u00e4tskontrollprozesse ein, um sicherzustellen, dass jedes Produkt die Branchenstandards nicht nur erf\u00fcllt, sondern \u00fcbertrifft. Dieses Streben nach Exzellenz, kombiniert mit unseren Kernwerten Integrit\u00e4t, Teamwork und Beharrlichkeit, hat es uns erm\u00f6glicht, langfristige, vertrauensvolle Beziehungen zu Kunden in fast 30 L\u00e4ndern weltweit aufzubauen.<\/p>\n<p>FMP engagiert sich f\u00fcr den Aufbau globaler Partnerschaften durch kompetente Beratung und ma\u00dfgeschneiderte L\u00f6sungen, die sich mit den dynamischen Bed\u00fcrfnissen unserer Kunden weiterentwickeln. Wir streben langfristige, f\u00fcr beide Seiten vorteilhafte Beziehungen an, die den Erfolg jedes Projekts sichern. Ob Sie innovative L\u00f6sungen f\u00fcr eine neue Initiative suchen oder fortlaufende Unterst\u00fctzung f\u00fcr ein bestehendes System ben\u00f6tigen \u2013 FMP hilft Ihnen, technische Herausforderungen zu meistern und Ihren nachhaltigen Erfolg zu gew\u00e4hrleisten.<\/p>\n<p><img loading=\"lazy\" decoding=\"async\" class=\"alignnone wp-image-2695\" src=\"https:\/\/fmp-components.com\/wp-content\/uploads\/2025\/01\/agricultural-gearbox3.webp\" alt=\"Agrargetriebe\" width=\"1140\" height=\"1138\" title=\"\" srcset=\"https:\/\/fmp-components.com\/wp-content\/uploads\/2025\/01\/agricultural-gearbox3.webp 1140w, https:\/\/fmp-components.com\/wp-content\/uploads\/2025\/01\/agricultural-gearbox3-480x479.webp 480w\" sizes=\"(min-width: 0px) and (max-width: 480px) 480px, (min-width: 481px) 1140px, 100vw\" \/><\/p>\n<p>Autor: CX<\/p>","protected":false},"excerpt":{"rendered":"<p>Drawing For 700 Series Shaft Rotation Alignment For 700 Series Rating Charts Gearbox for Agricultural Machinery 700 Series Features: Two-Piece Aluminum Housing: Constructed with high-strength aluminum, this housing ensures superior corrosion resistance and thermal capacity, making it highly durable for demanding agricultural environments. Precision Machined Components: Each gearbox is precision-machined to guarantee perfect gear meshing [&hellip;]<\/p>","protected":false},"featured_media":3260,"comment_status":"open","ping_status":"closed","template":"","meta":{"_et_pb_use_builder":"","_et_pb_old_content":"","_et_gb_content_width":""},"product_brand":[],"product_cat":[78],"product_tag":[],"class_list":{"0":"post-3259","1":"product","2":"type-product","3":"status-publish","4":"has-post-thumbnail","6":"product_cat-gearbox-for-agricultural-machinery","8":"first","9":"instock","10":"shipping-taxable","11":"product-type-simple"},"_links":{"self":[{"href":"https:\/\/fmp-components.com\/de\/wp-json\/wp\/v2\/product\/3259","targetHints":{"allow":["GET"]}}],"collection":[{"href":"https:\/\/fmp-components.com\/de\/wp-json\/wp\/v2\/product"}],"about":[{"href":"https:\/\/fmp-components.com\/de\/wp-json\/wp\/v2\/types\/product"}],"replies":[{"embeddable":true,"href":"https:\/\/fmp-components.com\/de\/wp-json\/wp\/v2\/comments?post=3259"}],"wp:featuredmedia":[{"embeddable":true,"href":"https:\/\/fmp-components.com\/de\/wp-json\/wp\/v2\/media\/3260"}],"wp:attachment":[{"href":"https:\/\/fmp-components.com\/de\/wp-json\/wp\/v2\/media?parent=3259"}],"wp:term":[{"taxonomy":"product_brand","embeddable":true,"href":"https:\/\/fmp-components.com\/de\/wp-json\/wp\/v2\/product_brand?post=3259"},{"taxonomy":"product_cat","embeddable":true,"href":"https:\/\/fmp-components.com\/de\/wp-json\/wp\/v2\/product_cat?post=3259"},{"taxonomy":"product_tag","embeddable":true,"href":"https:\/\/fmp-components.com\/de\/wp-json\/wp\/v2\/product_tag?post=3259"}],"curies":[{"name":"wp","href":"https:\/\/api.w.org\/{rel}","templated":true}]}}