{"id":3253,"date":"2025-01-06T01:10:21","date_gmt":"2025-01-06T01:10:21","guid":{"rendered":"https:\/\/fmp-components.com\/?page_id=8"},"modified":"2025-01-06T01:15:31","modified_gmt":"2025-01-06T01:15:31","slug":"gearbox-for-agricultural-machinery-600-series","status":"publish","type":"product","link":"https:\/\/fmp-components.com\/de\/product\/gearbox-for-agricultural-machinery-600-series\/","title":{"rendered":"Getriebe f\u00fcr Landmaschinen der Serie 600"},"content":{"rendered":"<h2>Bewertungstabelle<\/h2>\n<p><img loading=\"lazy\" decoding=\"async\" class=\"alignnone wp-image-3255\" src=\"https:\/\/fmp-components.com\/wp-content\/uploads\/2025\/01\/R600-rating-charts.webp\" alt=\"R600-Bewertungsdiagramme\" width=\"844\" height=\"1536\" title=\"\" srcset=\"https:\/\/fmp-components.com\/wp-content\/uploads\/2025\/01\/R600-rating-charts.webp 339w, https:\/\/fmp-components.com\/wp-content\/uploads\/2025\/01\/R600-rating-charts-165x300.webp 165w, https:\/\/fmp-components.com\/wp-content\/uploads\/2025\/01\/R600-rating-charts-7x12.webp 7w\" sizes=\"(max-width: 844px) 100vw, 844px\" \/><\/p>\n<h3>Zeichnung f\u00fcr die 600er-Serie<\/h3>\n<p><img loading=\"lazy\" decoding=\"async\" class=\"alignnone wp-image-3254\" src=\"https:\/\/fmp-components.com\/wp-content\/uploads\/2025\/01\/600drawing.webp\" alt=\"600Zeichnung\" width=\"889\" height=\"1149\" title=\"\" srcset=\"https:\/\/fmp-components.com\/wp-content\/uploads\/2025\/01\/600drawing.webp 889w, https:\/\/fmp-components.com\/wp-content\/uploads\/2025\/01\/600drawing-480x621.webp 480w\" sizes=\"(min-width: 0px) and (max-width: 480px) 480px, (min-width: 481px) 889px, 100vw\" \/><\/p>\n<h3>Wellenrotationsausrichtung f\u00fcr die 600er-Serie<\/h3>\n<p><img loading=\"lazy\" decoding=\"async\" class=\"alignnone size-full wp-image-3257\" src=\"https:\/\/fmp-components.com\/wp-content\/uploads\/2025\/01\/R400-600Rotation.webp\" alt=\"R400-600Rotation\" width=\"1024\" height=\"384\" title=\"\" srcset=\"https:\/\/fmp-components.com\/wp-content\/uploads\/2025\/01\/R400-600Rotation.webp 1024w, https:\/\/fmp-components.com\/wp-content\/uploads\/2025\/01\/R400-600Rotation-980x368.webp 980w, https:\/\/fmp-components.com\/wp-content\/uploads\/2025\/01\/R400-600Rotation-480x180.webp 480w\" sizes=\"(min-width: 0px) and (max-width: 480px) 480px, (min-width: 481px) and (max-width: 980px) 980px, (min-width: 981px) 1024px, 100vw\" \/><\/p>\n<h3>Hauptmerkmale des Getriebes f\u00fcr Landmaschinen \u2013 Serie 600<\/h3>\n<p>Das Getriebe der Serie 600 wurde f\u00fcr anspruchsvolle landwirtschaftliche Anwendungen entwickelt und bietet au\u00dfergew\u00f6hnliche Leistung und Langlebigkeit. Das robuste, zweiteilige Aluminiumgeh\u00e4use bietet \u00fcberlegene Festigkeit, Korrosionsbest\u00e4ndigkeit und W\u00e4rmekapazit\u00e4t und gew\u00e4hrleistet so einen zuverl\u00e4ssigen Betrieb auch unter schwierigen Bedingungen. Ob in Landmaschinen oder anderen Schwerlastger\u00e4ten \u2013 dieses Getriebe ist auf langfristige Zuverl\u00e4ssigkeit und Effizienz ausgelegt.<\/p>\n<ul>\n<li><strong>Zweiteiliges Aluminiumgeh\u00e4use<\/strong>: Das Geh\u00e4use besteht aus hochwertigem Aluminium und bietet eine optimale Kombination aus Festigkeit und geringem Gewicht. Es ist korrosionsbest\u00e4ndig und verf\u00fcgt \u00fcber eine hohe W\u00e4rmekapazit\u00e4t, wodurch es sich ideal f\u00fcr l\u00e4ngere Betriebszeiten und raue Umgebungen eignet.<\/li>\n<li><strong>Pr\u00e4zisionsgefertigte Komponenten<\/strong>: Jede Komponente, einschlie\u00dflich Zahnr\u00e4der und Lager, wird pr\u00e4zise gefertigt, um einen exakten Zahneingriff und eine optimale Lagervorspannung zu gew\u00e4hrleisten und so Reibung und Verschlei\u00df zu minimieren. Dies erh\u00f6ht die Lebensdauer und Leistung des Getriebes.<\/li>\n<li><strong>Gro\u00dfe Auswahl an \u00dcbersetzungsverh\u00e4ltnissen<\/strong>: Das Getriebe verf\u00fcgt \u00fcber sechs pr\u00e4zisionsgeschmiedete \u00dcbersetzungsverh\u00e4ltnisse:\n<ul>\n<li>1:1<\/li>\n<li>1.18:1<\/li>\n<li>1.35:1<\/li>\n<li>1.5:1<\/li>\n<li>1.86:1<\/li>\n<li>2:1 Diese Vielfalt bietet Flexibilit\u00e4t und erm\u00f6glicht die Anpassung des Getriebes an die spezifischen Anforderungen der Kraft\u00fcbertragung verschiedener Landmaschinen.<\/li>\n<\/ul>\n<\/li>\n<li><strong>Kegelrollenlager<\/strong>: Das Getriebe ist mit Kegelrollenlagern ausgestattet und bietet eine erh\u00f6hte Tragf\u00e4higkeit und verl\u00e4ngert die Lagerlebensdauer auch bei anspruchsvollen Eins\u00e4tzen. Diese Funktion tr\u00e4gt dazu bei, Ausfallzeiten und Wartungskosten zu reduzieren.<\/li>\n<li><strong>Welle aus hochfestem Stahl<\/strong>: Der 1,75-Zoll-Schaft besteht aus hochfestem Stahl und bietet \u00fcberlegene Haltbarkeit und Widerstandsf\u00e4higkeit, um schweren Belastungen und rauen Bedingungen standzuhalten und so eine stabile Leistung \u00fcber die Zeit zu gew\u00e4hrleisten.<\/li>\n<li><strong>Schmierung und Pr\u00fcfung<\/strong>: Das Getriebe ist mit 80W90-Getriebe\u00f6l vorgef\u00fcllt, um eine optimale Schmierung zu gew\u00e4hrleisten und den Verschlei\u00df w\u00e4hrend des Betriebs zu reduzieren. Vor dem Versand wird es au\u00dferdem auf Dichtheit gepr\u00fcft, um die Zuverl\u00e4ssigkeit zu gew\u00e4hrleisten und potenziellen Betriebsproblemen vorzubeugen.<\/li>\n<li><strong>Gewicht<\/strong>: Die 600er-Serie wiegt 60-70 lbs<strong>.<\/strong>, einschlie\u00dflich des \u00d6ls, und sorgt f\u00fcr ein ausgewogenes Gewicht zur einfachen Installation und robusten Halt f\u00fcr schwere Landmaschinen.<\/li>\n<\/ul>\n<p>Das Getriebe der Serie 600 eignet sich ideal f\u00fcr eine Vielzahl von Landmaschinen wie Erntemaschinen, Pfl\u00fcge und Traktoren. Seine hohe Tragf\u00e4higkeit und Pr\u00e4zisionstechnik stellen sicher, dass es den hohen Anforderungen moderner landwirtschaftlicher Betriebe gerecht wird und optimale Leistung und Langlebigkeit kritischer Ger\u00e4te gew\u00e4hrleistet.<\/p>\n<p>Mit seiner robusten Konstruktion, den vielseitigen \u00dcbersetzungsverh\u00e4ltnissen und den hochwertigen Komponenten ist das Getriebe der Serie 600 eine zuverl\u00e4ssige Wahl f\u00fcr Landmaschinen. Es ist f\u00fcr raue Arbeitsbedingungen ausgelegt und bietet gleichzeitig eine effiziente Kraft\u00fcbertragung. Es ist eine unverzichtbare Komponente f\u00fcr alle, die langlebige und leistungsstarke Getriebe im Agrarsektor suchen.<\/p>\n<h3>\u00dcber FMP<\/h3>\n<p>FMP mit Hauptsitz in Italien ist ein f\u00fchrender Hersteller, der f\u00fcr seine Expertise in der Konstruktion, Entwicklung und Produktion von Hochleistungsgetrieben mit Schwerpunkt auf dem Landmaschinensektor bekannt ist. FMP hat sich einen hervorragenden Ruf f\u00fcr Pr\u00e4zisionstechnik, innovative L\u00f6sungen und unersch\u00fctterliche Zuverl\u00e4ssigkeit erarbeitet und sich als vertrauensw\u00fcrdiger Partner sowohl f\u00fcr den Agrar- als auch f\u00fcr den Industriemarkt etabliert. Unser umfangreiches Portfolio umfasst kundenspezifische Getriebe f\u00fcr Rasenm\u00e4her, Zapfwellen und andere wichtige Komponenten, die sorgf\u00e4ltig gefertigt werden, um die pr\u00e4zisen Anforderungen einer Vielzahl von Anwendungen zu erf\u00fcllen.<\/p>\n<p>Wir bei FMP wissen, dass jeder Kunde vor individuellen Herausforderungen steht. Daher liefern wir ma\u00dfgeschneiderte L\u00f6sungen, ob f\u00fcr einzelne Komponenten oder vollst\u00e4ndig integrierte Systeme. Durch die enge Zusammenarbeit mit unseren Kunden stellen wir sicher, dass jede L\u00f6sung nicht nur ihre genauen Anforderungen erf\u00fcllt, sondern auch Leistung und Wert maximiert. Unser Engagement f\u00fcr schnelle, professionelle Antworten und kompetente Beratung garantiert eine pr\u00e4zise Bearbeitung jeder Anfrage und optimale Ergebnisse.<\/p>\n<p>Wir legen gro\u00dfen Wert auf transparente und kontinuierliche Kommunikation in jeder Phase des Produktentwicklungszyklus. Unser engagiertes Team arbeitet direkt mit unseren Kunden zusammen, um ihre Bed\u00fcrfnisse umfassend zu verstehen und bietet wertvolle Einblicke und Expertenempfehlungen f\u00fcr optimale Ergebnisse. Ob wir innovative Produkte entwickeln oder Routineauftr\u00e4ge erf\u00fcllen \u2013 FMP ist stets bestrebt, hochwertige, pr\u00e4zise gefertigte L\u00f6sungen p\u00fcnktlich zu liefern. Unser Ziel ist es, die Erwartungen unserer Kunden durch au\u00dfergew\u00f6hnlichen Service und herausragende Ergebnisse bei jedem Projekt stets zu \u00fcbertreffen.<\/p>\n<p>Im Mittelpunkt der Gesch\u00e4ftst\u00e4tigkeit von FMP steht das unersch\u00fctterliche Engagement f\u00fcr Qualit\u00e4t. Wir halten uns an h\u00f6chste Fertigungsstandards und implementieren strenge Qualit\u00e4tskontrollprozesse, um sicherzustellen, dass jedes Produkt die Branchenstandards nicht nur erf\u00fcllt, sondern \u00fcbertrifft. Dieses Engagement f\u00fcr Spitzenleistungen, kombiniert mit unseren Grundwerten Integrit\u00e4t, Teamwork und Beharrlichkeit, hat es uns erm\u00f6glicht, langj\u00e4hrige, vertrauensvolle Beziehungen zu Kunden in fast 30 L\u00e4ndern weltweit aufzubauen.<\/p>\n<p>FMP f\u00f6rdert globale Partnerschaften durch kompetente Beratung und ma\u00dfgeschneiderte L\u00f6sungen, die den sich wandelnden Bed\u00fcrfnissen unserer Kunden gerecht werden. Wir streben langfristige, f\u00fcr beide Seiten vorteilhafte Beziehungen an, die zum Erfolg jedes Projekts beitragen. Ob Sie innovative L\u00f6sungen f\u00fcr eine neue Initiative oder fortlaufende Unterst\u00fctzung f\u00fcr ein bestehendes System suchen \u2013 FMP unterst\u00fctzt Sie bei der Bew\u00e4ltigung technischer Herausforderungen und sichert Ihren anhaltenden Erfolg.<\/p>\n<p><img loading=\"lazy\" decoding=\"async\" class=\"alignnone wp-image-2695\" src=\"https:\/\/fmp-components.com\/wp-content\/uploads\/2025\/01\/agricultural-gearbox3.webp\" alt=\"Agrargetriebe\" width=\"1140\" height=\"1138\" title=\"\" srcset=\"https:\/\/fmp-components.com\/wp-content\/uploads\/2025\/01\/agricultural-gearbox3.webp 1140w, https:\/\/fmp-components.com\/wp-content\/uploads\/2025\/01\/agricultural-gearbox3-480x479.webp 480w\" sizes=\"(min-width: 0px) and (max-width: 480px) 480px, (min-width: 481px) 1140px, 100vw\" \/><\/p>\n<p>Autor: CX<\/p>","protected":false},"excerpt":{"rendered":"<p>Rating Chart Drawing For 600 Series Shaft Rotation Alignment For 600 Series Key Features of Gearbox for Agricultural Machinery &#8211; 600 Series The 600 Series Gearbox is engineered for demanding agricultural applications, designed to deliver exceptional performance and durability. Built with a robust two-piece aluminum housing, this gearbox offers superior strength, corrosion resistance, and thermal [&hellip;]<\/p>","protected":false},"featured_media":3258,"comment_status":"open","ping_status":"closed","template":"","meta":{"_et_pb_use_builder":"","_et_pb_old_content":"","_et_gb_content_width":""},"product_brand":[],"product_cat":[78],"product_tag":[],"class_list":{"0":"post-3253","1":"product","2":"type-product","3":"status-publish","4":"has-post-thumbnail","6":"product_cat-gearbox-for-agricultural-machinery","8":"first","9":"instock","10":"shipping-taxable","11":"product-type-simple"},"_links":{"self":[{"href":"https:\/\/fmp-components.com\/de\/wp-json\/wp\/v2\/product\/3253","targetHints":{"allow":["GET"]}}],"collection":[{"href":"https:\/\/fmp-components.com\/de\/wp-json\/wp\/v2\/product"}],"about":[{"href":"https:\/\/fmp-components.com\/de\/wp-json\/wp\/v2\/types\/product"}],"replies":[{"embeddable":true,"href":"https:\/\/fmp-components.com\/de\/wp-json\/wp\/v2\/comments?post=3253"}],"wp:featuredmedia":[{"embeddable":true,"href":"https:\/\/fmp-components.com\/de\/wp-json\/wp\/v2\/media\/3258"}],"wp:attachment":[{"href":"https:\/\/fmp-components.com\/de\/wp-json\/wp\/v2\/media?parent=3253"}],"wp:term":[{"taxonomy":"product_brand","embeddable":true,"href":"https:\/\/fmp-components.com\/de\/wp-json\/wp\/v2\/product_brand?post=3253"},{"taxonomy":"product_cat","embeddable":true,"href":"https:\/\/fmp-components.com\/de\/wp-json\/wp\/v2\/product_cat?post=3253"},{"taxonomy":"product_tag","embeddable":true,"href":"https:\/\/fmp-components.com\/de\/wp-json\/wp\/v2\/product_tag?post=3253"}],"curies":[{"name":"wp","href":"https:\/\/api.w.org\/{rel}","templated":true}]}}