{"id":3242,"date":"2025-01-06T00:58:53","date_gmt":"2025-01-06T00:58:53","guid":{"rendered":"https:\/\/fmp-components.com\/?page_id=8"},"modified":"2025-01-06T00:58:53","modified_gmt":"2025-01-06T00:58:53","slug":"gearbox-for-agricultural-machinery-500-series","status":"publish","type":"product","link":"https:\/\/fmp-components.com\/de\/product\/gearbox-for-agricultural-machinery-500-series\/","title":{"rendered":"Getriebe f\u00fcr Landmaschinen der 500er-Serie"},"content":{"rendered":"<h2>Bewertungstabelle<\/h2>\n<p><img loading=\"lazy\" decoding=\"async\" class=\"alignnone  wp-image-3250\" src=\"https:\/\/fmp-components.com\/wp-content\/uploads\/2025\/01\/R500-rating-charts.webp\" alt=\"R500-Bewertungsdiagramme\" width=\"870\" height=\"1106\" title=\"\" srcset=\"https:\/\/fmp-components.com\/wp-content\/uploads\/2025\/01\/R500-rating-charts.webp 394w, https:\/\/fmp-components.com\/wp-content\/uploads\/2025\/01\/R500-rating-charts-236x300.webp 236w, https:\/\/fmp-components.com\/wp-content\/uploads\/2025\/01\/R500-rating-charts-9x12.webp 9w\" sizes=\"(max-width: 870px) 100vw, 870px\" \/><\/p>\n<h3>Zeichnung f\u00fcr die 500er-Serie<\/h3>\n<p><img loading=\"lazy\" decoding=\"async\" class=\"alignnone  wp-image-3249\" src=\"https:\/\/fmp-components.com\/wp-content\/uploads\/2025\/01\/500drawing.webp\" alt=\"500Zeichnung\" width=\"888\" height=\"1150\" title=\"\" srcset=\"https:\/\/fmp-components.com\/wp-content\/uploads\/2025\/01\/500drawing.webp 888w, https:\/\/fmp-components.com\/wp-content\/uploads\/2025\/01\/500drawing-480x621.webp 480w\" sizes=\"(min-width: 0px) and (max-width: 480px) 480px, (min-width: 481px) 888px, 100vw\" \/><\/p>\n<h3>Wellenrotationsausrichtung f\u00fcr die 500er-Serie<\/h3>\n<p><img loading=\"lazy\" decoding=\"async\" class=\"alignnone size-full wp-image-3251\" src=\"https:\/\/fmp-components.com\/wp-content\/uploads\/2025\/01\/500-rotation-option.webp\" alt=\"500-Rotations-Option\" width=\"1024\" height=\"384\" title=\"\" srcset=\"https:\/\/fmp-components.com\/wp-content\/uploads\/2025\/01\/500-rotation-option.webp 1024w, https:\/\/fmp-components.com\/wp-content\/uploads\/2025\/01\/500-rotation-option-980x368.webp 980w, https:\/\/fmp-components.com\/wp-content\/uploads\/2025\/01\/500-rotation-option-480x180.webp 480w\" sizes=\"(min-width: 0px) and (max-width: 480px) 480px, (min-width: 481px) and (max-width: 980px) 980px, (min-width: 981px) 1024px, 100vw\" \/><\/p>\n<h3>Getriebe der Serie 500 f\u00fcr Landmaschinen<\/h3>\n<p><strong>Funktionen und Vorteile:<\/strong><\/p>\n<ul>\n<li><strong>Zweiteiliges Aluminiumgeh\u00e4use:<\/strong> Das aus hochfestem Aluminium gefertigte Geh\u00e4use bietet au\u00dfergew\u00f6hnliche Haltbarkeit, Korrosionsbest\u00e4ndigkeit und hervorragende W\u00e4rmekapazit\u00e4t. Dies gew\u00e4hrleistet optimale Leistung auch unter extremen Betriebsbedingungen und macht es ideal f\u00fcr landwirtschaftliche Umgebungen.<\/li>\n<li><strong>Pr\u00e4zisionsbearbeitung:<\/strong> Jede Komponente ist pr\u00e4zise gefertigt, um einen perfekten Zahneingriff und eine pr\u00e4zise Lagervorspannung zu gew\u00e4hrleisten. Diese Liebe zum Detail tr\u00e4gt zu einem reibungsloseren Betrieb, geringerer Reibung und einer l\u00e4ngeren Lebensdauer des Getriebes bei.<\/li>\n<li><strong>Vielseitige \u00dcbersetzungsverh\u00e4ltnisse:<\/strong> Die 500er-Serie verf\u00fcgt \u00fcber pr\u00e4zisionsgeschmiedete Zahnr\u00e4der in vier \u00dcbersetzungsverh\u00e4ltnissen: 1:1, 1,35:1, 1,5:1 und 2:1. Damit bieten sie vielf\u00e4ltige Optionen f\u00fcr unterschiedliche Anwendungsanforderungen. Zus\u00e4tzlich ist ein Spiralkegelrad mit einer \u00dcbersetzung von 1:1 erh\u00e4ltlich, wodurch sich das Getriebe noch besser an verschiedene Aufgaben anpassen l\u00e4sst.<\/li>\n<li><strong>Kegelrollenlager:<\/strong> Hochwertige Kegelrollenlager bieten eine erh\u00f6hte Tragf\u00e4higkeit und l\u00e4ngere Lagerlebensdauer und gew\u00e4hrleisten so eine gleichbleibende, zuverl\u00e4ssige Leistung auch in anspruchsvollen Anwendungen. Diese Lager sind f\u00fcr h\u00f6here radiale und axiale Belastungen ausgelegt und eignen sich daher ideal f\u00fcr schwere Landmaschinen.<\/li>\n<li><strong>Hochfester Stahlschaft:<\/strong> Das Getriebe der 500er-Serie verf\u00fcgt \u00fcber eine 1,375-Zoll-Welle aus hochfestem Stahl, die f\u00fcr verbesserte Haltbarkeit und Verschlei\u00dffestigkeit sorgt. Diese robuste Wellenkonstruktion gew\u00e4hrleistet eine zuverl\u00e4ssige Kraft\u00fcbertragung \u00fcber lange Zeitr\u00e4ume, auch in rauen Umgebungen.<\/li>\n<li><strong>Schmierung und Dichtheitspr\u00fcfung:<\/strong> Das Getriebe ist mit 80W90-Getriebe\u00f6l vorgef\u00fcllt, was von Anfang an einen reibungslosen und effizienten Betrieb gew\u00e4hrleistet. Jede Einheit wird vor dem Versand einer gr\u00fcndlichen Dichtheitspr\u00fcfung unterzogen, um ein leckagefreies Produkt bei der Lieferung zu gew\u00e4hrleisten.<\/li>\n<li><strong>Gewicht und Benutzerfreundlichkeit:<\/strong> Das Getriebe der 500er-Serie wiegt zwischen 25 und 30 Pfund<strong>.<\/strong>, einschlie\u00dflich des Getriebe\u00f6ls. Dieses Gewicht ist sorgf\u00e4ltig ausbalanciert, um Stabilit\u00e4t zu gew\u00e4hrleisten und gleichzeitig f\u00fcr Installation und Betrieb handhabbar zu bleiben.<\/li>\n<\/ul>\n<p>Das Getriebe der 500er-Serie ist die ideale L\u00f6sung f\u00fcr Landmaschinen und bietet verbesserte Haltbarkeit, effiziente Leistung und Vielseitigkeit f\u00fcr verschiedene Anwendungen. Ob in Bodenbearbeitungs-, Pflanz- oder Erntemaschinen \u2013 dieses Getriebe gew\u00e4hrleistet zuverl\u00e4ssigen Betrieb auch unter anspruchsvollsten Arbeitsbedingungen. Die robuste Konstruktion und die hochwertigen Materialien machen es zu einer bew\u00e4hrten Wahl f\u00fcr Hersteller und Betreiber im Agrarsektor, die langlebige und zuverl\u00e4ssige Getriebel\u00f6sungen suchen.<\/p>\n<h2>\u00dcber FMP<\/h2>\n<p>FMP mit Hauptsitz in Italien ist ein renommierter Hersteller, der sich auf die Konstruktion, Entwicklung und Produktion von Hochleistungsgetrieben spezialisiert hat. Mit einem starken Fokus auf den Landmaschinensektor ist FMP f\u00fcr seine Pr\u00e4zisionstechnik, innovativen L\u00f6sungen und unersch\u00fctterliche Zuverl\u00e4ssigkeit bekannt. Im Laufe der Jahre hat sich FMP einen soliden Ruf als vertrauensw\u00fcrdiger Partner sowohl im Agrar- als auch im Industriemarkt erarbeitet. Unser umfangreiches Portfolio umfasst kundenspezifische Getriebe, Zapfwellen und verschiedene andere wichtige Komponenten, die alle sorgf\u00e4ltig auf die spezifischen Anforderungen unterschiedlicher Anwendungen zugeschnitten sind.<\/p>\n<p>Bei FMP wissen wir, dass jeder Kunde individuelle Anforderungen hat. Daher entwickeln wir ma\u00dfgeschneiderte L\u00f6sungen, die sowohl auf einzelne Komponenten als auch auf vollst\u00e4ndig integrierte Systeme zugeschnitten sind. Durch die enge Zusammenarbeit mit unseren Kunden stellen wir sicher, dass jede L\u00f6sung nicht nur ihre spezifischen Anforderungen erf\u00fcllt, sondern auch Leistung, Effizienz und Wert steigert. Unser Engagement f\u00fcr schnelle, professionelle Antworten und kompetente Beratung gew\u00e4hrleistet, dass jede Anfrage pr\u00e4zise bearbeitet wird und optimale Ergebnisse erzielt werden.<\/p>\n<p>Klare und transparente Kommunikation ist f\u00fcr unseren Ansatz von grundlegender Bedeutung. Von der ersten Entwurfsphase bis zur Produktlieferung arbeitet unser engagiertes Team eng mit unseren Kunden zusammen und versteht ihre Herausforderungen genau. Dieser kooperative Ansatz erm\u00f6glicht es uns, wertvolle Erkenntnisse zu liefern, innovative L\u00f6sungen zu teilen und letztendlich optimale Ergebnisse zu erzielen. Ob bei bahnbrechenden Projekten oder der Erf\u00fcllung von Routineauftr\u00e4gen \u2013 FMP ist stets bestrebt, hochwertige, pr\u00e4zise konstruierte L\u00f6sungen p\u00fcnktlich zu liefern. Unser Ziel ist es, die Erwartungen unserer Kunden durch au\u00dfergew\u00f6hnlichen Service und herausragende Ergebnisse bei jedem einzelnen Projekt stets zu \u00fcbertreffen.<\/p>\n<p>Im Mittelpunkt der Gesch\u00e4ftst\u00e4tigkeit von FMP steht das unersch\u00fctterliche Engagement f\u00fcr Qualit\u00e4t. Wir halten uns an h\u00f6chste Fertigungsstandards und implementieren strenge Qualit\u00e4tskontrollprozesse, um sicherzustellen, dass jedes Produkt die Branchenstandards \u00fcbertrifft. Dieses Engagement f\u00fcr Spitzenleistungen, gepaart mit unseren Grundwerten Integrit\u00e4t, Teamwork und Beharrlichkeit, hat es uns erm\u00f6glicht, dauerhafte, vertrauensvolle Beziehungen zu Kunden in \u00fcber 30 L\u00e4ndern weltweit aufzubauen.<\/p>\n<p>FMP legt stets Wert auf die F\u00f6rderung globaler Partnerschaften, bietet kompetente Beratung und ma\u00dfgeschneiderte L\u00f6sungen, die sich mit den Bed\u00fcrfnissen unserer Kunden weiterentwickeln. Unser Ziel ist der Aufbau langfristiger, f\u00fcr beide Seiten vorteilhafter Beziehungen, die zum Erfolg jedes Projekts beitragen. Ob Sie innovative L\u00f6sungen f\u00fcr ein neues Projekt suchen oder fortlaufende Unterst\u00fctzung f\u00fcr ein etabliertes System ben\u00f6tigen \u2013 FMP unterst\u00fctzt Sie bei der Bew\u00e4ltigung technischer Herausforderungen und sichert Ihren anhaltenden Erfolg.<\/p>\n<p><img loading=\"lazy\" decoding=\"async\" class=\"alignnone wp-image-2695\" src=\"https:\/\/fmp-components.com\/wp-content\/uploads\/2025\/01\/agricultural-gearbox3.webp\" alt=\"Agrargetriebe\" width=\"1140\" height=\"1138\" title=\"\" srcset=\"https:\/\/fmp-components.com\/wp-content\/uploads\/2025\/01\/agricultural-gearbox3.webp 1140w, https:\/\/fmp-components.com\/wp-content\/uploads\/2025\/01\/agricultural-gearbox3-480x479.webp 480w\" sizes=\"(min-width: 0px) and (max-width: 480px) 480px, (min-width: 481px) 1140px, 100vw\" \/><\/p>\n<p>Autor: CX<\/p>","protected":false},"excerpt":{"rendered":"<p>Rating Chart Drawing For 500 Series Shaft Rotation Alignment For 500 Series 500 Series Gearbox for Agricultural Machinery Features and Benefits: Two-Piece Aluminum Housing: Crafted with high-strength aluminum, the housing offers exceptional durability, corrosion resistance, and superior thermal capacity. This ensures optimal performance even under extreme operational conditions, making it highly suited for agricultural environments. [&hellip;]<\/p>","protected":false},"featured_media":3252,"comment_status":"open","ping_status":"closed","template":"","meta":{"_et_pb_use_builder":"","_et_pb_old_content":"","_et_gb_content_width":""},"product_brand":[],"product_cat":[78],"product_tag":[],"class_list":{"0":"post-3242","1":"product","2":"type-product","3":"status-publish","4":"has-post-thumbnail","6":"product_cat-gearbox-for-agricultural-machinery","8":"first","9":"instock","10":"shipping-taxable","11":"product-type-simple"},"_links":{"self":[{"href":"https:\/\/fmp-components.com\/de\/wp-json\/wp\/v2\/product\/3242","targetHints":{"allow":["GET"]}}],"collection":[{"href":"https:\/\/fmp-components.com\/de\/wp-json\/wp\/v2\/product"}],"about":[{"href":"https:\/\/fmp-components.com\/de\/wp-json\/wp\/v2\/types\/product"}],"replies":[{"embeddable":true,"href":"https:\/\/fmp-components.com\/de\/wp-json\/wp\/v2\/comments?post=3242"}],"wp:featuredmedia":[{"embeddable":true,"href":"https:\/\/fmp-components.com\/de\/wp-json\/wp\/v2\/media\/3252"}],"wp:attachment":[{"href":"https:\/\/fmp-components.com\/de\/wp-json\/wp\/v2\/media?parent=3242"}],"wp:term":[{"taxonomy":"product_brand","embeddable":true,"href":"https:\/\/fmp-components.com\/de\/wp-json\/wp\/v2\/product_brand?post=3242"},{"taxonomy":"product_cat","embeddable":true,"href":"https:\/\/fmp-components.com\/de\/wp-json\/wp\/v2\/product_cat?post=3242"},{"taxonomy":"product_tag","embeddable":true,"href":"https:\/\/fmp-components.com\/de\/wp-json\/wp\/v2\/product_tag?post=3242"}],"curies":[{"name":"wp","href":"https:\/\/api.w.org\/{rel}","templated":true}]}}