{"id":3241,"date":"2025-01-06T00:37:34","date_gmt":"2025-01-06T00:37:34","guid":{"rendered":"https:\/\/fmp-components.com\/?page_id=8"},"modified":"2025-01-06T06:53:06","modified_gmt":"2025-01-06T06:53:06","slug":"gearbox-for-agricultural-machinery-200-series","status":"publish","type":"product","link":"https:\/\/fmp-components.com\/de\/product\/gearbox-for-agricultural-machinery-200-series\/","title":{"rendered":"Getriebe f\u00fcr Landmaschinen der Serie 200"},"content":{"rendered":"<h2>Bewertungstabelle<\/h2>\n<p><img loading=\"lazy\" decoding=\"async\" class=\"alignnone wp-image-3245\" src=\"https:\/\/fmp-components.com\/wp-content\/uploads\/2025\/01\/R200-rating-charts.webp\" alt=\"R200-Bewertungstabellen\" width=\"917\" height=\"863\" title=\"\" srcset=\"https:\/\/fmp-components.com\/wp-content\/uploads\/2025\/01\/R200-rating-charts.webp 441w, https:\/\/fmp-components.com\/wp-content\/uploads\/2025\/01\/R200-rating-charts-300x282.webp 300w, https:\/\/fmp-components.com\/wp-content\/uploads\/2025\/01\/R200-rating-charts-13x12.webp 13w\" sizes=\"(max-width: 917px) 100vw, 917px\" \/><\/p>\n<h3>Zeichnung f\u00fcr die 200er-Serie<\/h3>\n<p><img loading=\"lazy\" decoding=\"async\" class=\"wp-image-3246 alignnone\" src=\"https:\/\/fmp-components.com\/wp-content\/uploads\/2025\/01\/200drawing.webp\" alt=\"200 Zeichnungen\" width=\"876\" height=\"1134\" title=\"\" srcset=\"https:\/\/fmp-components.com\/wp-content\/uploads\/2025\/01\/200drawing.webp 876w, https:\/\/fmp-components.com\/wp-content\/uploads\/2025\/01\/200drawing-480x621.webp 480w\" sizes=\"(min-width: 0px) and (max-width: 480px) 480px, (min-width: 481px) 876px, 100vw\" \/><\/p>\n<h3>Ausrichtung der Wellenrotation f\u00fcr die 200er-Serie<\/h3>\n<p><img loading=\"lazy\" decoding=\"async\" class=\"alignnone wp-image-3247\" src=\"https:\/\/fmp-components.com\/wp-content\/uploads\/2025\/01\/100shaft-1.webp\" alt=\"100 Welle\" width=\"842\" height=\"255\" title=\"\" srcset=\"https:\/\/fmp-components.com\/wp-content\/uploads\/2025\/01\/100shaft-1.webp 360w, https:\/\/fmp-components.com\/wp-content\/uploads\/2025\/01\/100shaft-1-300x91.webp 300w, https:\/\/fmp-components.com\/wp-content\/uploads\/2025\/01\/100shaft-1-18x5.webp 18w\" sizes=\"(max-width: 842px) 100vw, 842px\" \/><\/p>\n<h3>Getriebe der Serie 200 f\u00fcr Landmaschinen<\/h3>\n<p>Das Getriebe der Serie 200 wurde speziell f\u00fcr die hohen Anforderungen von Landmaschinen entwickelt und bietet robuste Leistung, erh\u00f6hte Langlebigkeit und hervorragende Effizienz. Es eignet sich f\u00fcr eine Vielzahl landwirtschaftlicher Anwendungen und vereint pr\u00e4zise Technik mit hochwertigen Materialien, um h\u00f6chste Zuverl\u00e4ssigkeit auch unter anspruchsvollen Bedingungen zu gew\u00e4hrleisten.<\/p>\n<h4>Merkmale:<\/h4>\n<ul>\n<li><strong>Zweiteiliges Aluminiumgeh\u00e4use<\/strong>Das aus robustem, leichtem Aluminium gefertigte zweiteilige Geh\u00e4use bietet <strong>au\u00dfergew\u00f6hnliche St\u00e4rke<\/strong>, <strong>Korrosionsbest\u00e4ndigkeit<\/strong>, Und <strong>W\u00e4rmekapazit\u00e4t<\/strong>Dadurch eignet es sich gut f\u00fcr landwirtschaftliche Umgebungen, in denen die Einwirkung rauer Bedingungen \u00fcblich ist.<\/li>\n<li><strong>Pr\u00e4zisionsbearbeitung<\/strong>Das Getriebe ist <strong>pr\u00e4zisionsgefertigt<\/strong> Um einen perfekten Zahneingriff und eine optimale Lagervorspannung zu gew\u00e4hrleisten, werden Effizienz und Verschlei\u00df minimiert. Dieses sorgf\u00e4ltige Verfahren sichert einen zuverl\u00e4ssigen und leisen Betrieb \u00fcber lange Zeitr\u00e4ume.<\/li>\n<li><strong>Geschmiedete Zahnr\u00e4der in verschiedenen \u00dcbersetzungsverh\u00e4ltnissen<\/strong>Das Getriebe der 200er-Serie ist ausgestattet mit <strong>pr\u00e4zisionsgeschmiedete Zahnr\u00e4der<\/strong> erh\u00e4ltlich in drei Verh\u00e4ltnissen: <strong>1:1<\/strong>, <strong>1.5:1<\/strong>, Und <strong>2:1<\/strong>Dies erm\u00f6glicht Flexibilit\u00e4t bei verschiedenen Anwendungen und gew\u00e4hrleistet das richtige Verh\u00e4ltnis von Drehzahl und Drehmoment f\u00fcr unterschiedliche landwirtschaftliche Aufgaben.<\/li>\n<li><strong>Kegelrollenlager<\/strong>: <strong>Kegelrollenlager<\/strong> sind in das Design integriert, um eine erh\u00f6hte <strong>Tragf\u00e4higkeit<\/strong> Und <strong>l\u00e4ngere Lagerlebensdauer<\/strong>Dadurch wird ein stabiler Betrieb und eine lange Lebensdauer auch unter hoher Belastung und starker Beanspruchung gew\u00e4hrleistet.<\/li>\n<li><strong>Hochfester 1\u2033-Schaft<\/strong>Das Getriebe verf\u00fcgt \u00fcber ein <strong>1-Zoll-Schaft<\/strong> hergestellt aus <strong>hochfester Stahl<\/strong>, konzipiert f\u00fcr anspruchsvolle landwirtschaftliche Arbeiten, bietet die notwendige St\u00e4rke und Zuverl\u00e4ssigkeit, um auch unter schwierigen Bedingungen zuverl\u00e4ssig zu funktionieren.<\/li>\n<li><strong>Schmierung und Dichtheitspr\u00fcfung<\/strong>: Vorgef\u00fcllt mit <strong>80W90 Getriebe\u00f6l<\/strong>Jedes Getriebe ist gr\u00fcndlich <strong>Dichtigkeitspr\u00fcfung<\/strong> vor dem Versand, um eine ordnungsgem\u00e4\u00dfe Versiegelung zu gew\u00e4hrleisten und sicherzustellen, dass es von Anfang an reibungslos und ohne Probleme funktioniert.<\/li>\n<li><strong>Gewicht<\/strong>Die 200er-Serie wiegt ungef\u00e4hr <strong>12 bis 15 Pfund.<\/strong>einschlie\u00dflich des \u00d6ls, wodurch ein Gleichgewicht zwischen Festigkeit und geringem Gewicht erreicht wird, um die Belastung der landwirtschaftlichen Ger\u00e4te zu minimieren.<\/li>\n<\/ul>\n<p>Das Getriebe der Serie 200 ist eine \u00e4u\u00dferst vielseitige L\u00f6sung f\u00fcr Landmaschinen und bietet hervorragende Kraft\u00fcbertragung, lange Lebensdauer und minimalen Wartungsaufwand. Ob beim Pfl\u00fcgen, Ernten oder anderen landwirtschaftlichen Anwendungen \u2013 die Serie 200 gew\u00e4hrleistet einen reibungslosen und effizienten Betrieb unter allen Bedingungen.<\/p>\n<p>Haben Sie spezielle Anforderungen oder ben\u00f6tigen Sie eine individuelle L\u00f6sung? FMP ber\u00e4t Sie kompetent und entwickelt ma\u00dfgeschneiderte L\u00f6sungen. Wir helfen Ihnen, die Leistung Ihrer Landmaschinen mit dem passenden Getriebe zu optimieren.<\/p>\n<h2>\u00dcber FMP<\/h2>\n<p>FMP mit Hauptsitz in Italien ist ein f\u00fchrender Hersteller von Hochleistungsgetrieben mit Schwerpunkt auf der Landwirtschaft. Dank pr\u00e4ziser Konstruktion, innovativer L\u00f6sungen und best\u00e4ndiger Zuverl\u00e4ssigkeit genie\u00dft FMP einen hervorragenden Ruf als vertrauensw\u00fcrdiger Partner in der Landwirtschaft und der Industrie. Unser vielf\u00e4ltiges Produktsortiment umfasst kundenspezifisch gefertigte Getriebe f\u00fcr Rasenm\u00e4her, Zapfwellen und weitere wichtige Komponenten \u2013 allesamt sorgf\u00e4ltig entwickelt, um den individuellen Anforderungen unterschiedlichster Anwendungen gerecht zu werden.<\/p>\n<p>Wir bei FMP wissen, dass jeder Kunde individuelle Anforderungen und Herausforderungen hat. Deshalb konzentrieren wir uns darauf, ma\u00dfgeschneiderte L\u00f6sungen zu liefern \u2013 ob f\u00fcr einzelne Komponenten oder vollst\u00e4ndig integrierte Systeme. Durch die enge Zusammenarbeit mit unseren Kunden stellen wir sicher, dass jede L\u00f6sung perfekt auf ihre spezifischen Bed\u00fcrfnisse abgestimmt ist, die Leistung optimiert und den Nutzen maximiert. Unser Engagement f\u00fcr schnelle Reaktionszeiten, professionelle Beratung und fachkundige Umsetzung garantiert, dass jedes Projekt pr\u00e4zise abgewickelt wird und stets die bestm\u00f6glichen Ergebnisse erzielt werden.<\/p>\n<p>Wir legen gr\u00f6\u00dften Wert auf eine klare und kontinuierliche Kommunikation w\u00e4hrend des gesamten Produktentwicklungsprozesses. Unser engagiertes Team arbeitet eng mit den Kunden zusammen, um deren Anforderungen genau zu verstehen und wertvolle Erkenntnisse und Empfehlungen f\u00fcr optimale Ergebnisse zu liefern. Ob es um die Entwicklung innovativer Produkte oder die Abwicklung von Routineauftr\u00e4gen geht \u2013 FMP steht stets f\u00fcr die termingerechte Lieferung hochwertiger, pr\u00e4zisionsgefertigter L\u00f6sungen. Unser Ziel ist es, die Erwartungen unserer Kunden zu \u00fcbertreffen und bei jedem Projekt herausragenden Service und exzellente Ergebnisse zu erzielen.<\/p>\n<p>Im Zentrum von FMP steht unser unersch\u00fctterliches Qualit\u00e4tsversprechen. Wir halten uns an die h\u00f6chsten Branchenstandards und setzen strenge Qualit\u00e4tskontrollverfahren ein, um sicherzustellen, dass jedes Produkt die Branchenvorgaben nicht nur erf\u00fcllt, sondern \u00fcbertrifft. Dieses Streben nach Exzellenz, gepaart mit unseren Kernwerten Integrit\u00e4t, Teamwork und Beharrlichkeit, hat es uns erm\u00f6glicht, langfristige, vertrauensvolle Beziehungen zu Kunden in fast 30 L\u00e4ndern weltweit aufzubauen.<\/p>\n<p>FMP engagiert sich leidenschaftlich f\u00fcr den Aufbau globaler Partnerschaften durch kompetente Beratung und ma\u00dfgeschneiderte L\u00f6sungen, die sich mit den sich wandelnden Bed\u00fcrfnissen unserer Kunden weiterentwickeln. Unser Ziel ist der Aufbau langfristiger, f\u00fcr beide Seiten vorteilhafter Beziehungen, die den Erfolg jedes Projekts sichern. Ob Sie innovative L\u00f6sungen f\u00fcr eine neue Initiative oder fortlaufende Unterst\u00fctzung f\u00fcr ein bestehendes System ben\u00f6tigen \u2013 FMP unterst\u00fctzt Sie engagiert bei der Bew\u00e4ltigung technischer Herausforderungen und tr\u00e4gt zu Ihrem nachhaltigen Erfolg bei.<\/p>\n<p><img loading=\"lazy\" decoding=\"async\" class=\"alignnone wp-image-2695\" src=\"https:\/\/fmp-components.com\/wp-content\/uploads\/2025\/01\/agricultural-gearbox3.webp\" alt=\"Agrargetriebe\" width=\"1140\" height=\"1138\" title=\"\" srcset=\"https:\/\/fmp-components.com\/wp-content\/uploads\/2025\/01\/agricultural-gearbox3.webp 1140w, https:\/\/fmp-components.com\/wp-content\/uploads\/2025\/01\/agricultural-gearbox3-480x479.webp 480w\" sizes=\"(min-width: 0px) and (max-width: 480px) 480px, (min-width: 481px) 1140px, 100vw\" \/><\/p>\n<p>Autor: CX<\/p>","protected":false},"excerpt":{"rendered":"<p>Zeichnung zur Wellenausrichtung f\u00fcr Getriebe der Serie 200 f\u00fcr Landmaschinen. Das Getriebe der Serie 200 wurde speziell f\u00fcr die hohen Anforderungen von Landmaschinen entwickelt und bietet robuste Leistung, erh\u00f6hte Langlebigkeit und hervorragende Effizienz. Es ist f\u00fcr eine Vielzahl von landwirtschaftlichen Anwendungen konzipiert und vereint pr\u00e4zise Technik mit hochwertigen Materialien. [\u2026]<\/p>","protected":false},"featured_media":3244,"comment_status":"open","ping_status":"closed","template":"","meta":{"_et_pb_use_builder":"","_et_pb_old_content":"","_et_gb_content_width":""},"product_brand":[],"product_cat":[78],"product_tag":[],"class_list":{"0":"post-3241","1":"product","2":"type-product","3":"status-publish","4":"has-post-thumbnail","6":"product_cat-gearbox-for-agricultural-machinery","8":"first","9":"instock","10":"shipping-taxable","11":"product-type-simple"},"_links":{"self":[{"href":"https:\/\/fmp-components.com\/de\/wp-json\/wp\/v2\/product\/3241","targetHints":{"allow":["GET"]}}],"collection":[{"href":"https:\/\/fmp-components.com\/de\/wp-json\/wp\/v2\/product"}],"about":[{"href":"https:\/\/fmp-components.com\/de\/wp-json\/wp\/v2\/types\/product"}],"replies":[{"embeddable":true,"href":"https:\/\/fmp-components.com\/de\/wp-json\/wp\/v2\/comments?post=3241"}],"wp:featuredmedia":[{"embeddable":true,"href":"https:\/\/fmp-components.com\/de\/wp-json\/wp\/v2\/media\/3244"}],"wp:attachment":[{"href":"https:\/\/fmp-components.com\/de\/wp-json\/wp\/v2\/media?parent=3241"}],"wp:term":[{"taxonomy":"product_brand","embeddable":true,"href":"https:\/\/fmp-components.com\/de\/wp-json\/wp\/v2\/product_brand?post=3241"},{"taxonomy":"product_cat","embeddable":true,"href":"https:\/\/fmp-components.com\/de\/wp-json\/wp\/v2\/product_cat?post=3241"},{"taxonomy":"product_tag","embeddable":true,"href":"https:\/\/fmp-components.com\/de\/wp-json\/wp\/v2\/product_tag?post=3241"}],"curies":[{"name":"wp","href":"https:\/\/api.w.org\/{rel}","templated":true}]}}