{"id":3232,"date":"2025-01-05T08:05:23","date_gmt":"2025-01-05T08:05:23","guid":{"rendered":"https:\/\/fmp-components.com\/?page_id=8"},"modified":"2025-01-05T08:05:23","modified_gmt":"2025-01-05T08:05:23","slug":"gearbox-for-agricultural-machinery-h130-series","status":"publish","type":"product","link":"https:\/\/fmp-components.com\/de\/product\/gearbox-for-agricultural-machinery-h130-series\/","title":{"rendered":"Getriebe f\u00fcr Landmaschinen der H130-Serie"},"content":{"rendered":"<h3>Technische Zeichnung<\/h3>\n<p><img loading=\"lazy\" decoding=\"async\" class=\"alignnone size-full wp-image-3233\" src=\"https:\/\/fmp-components.com\/wp-content\/uploads\/2025\/01\/H130-Spec.webp\" alt=\"H130-Spezifikation\" width=\"1024\" height=\"446\" title=\"\" srcset=\"https:\/\/fmp-components.com\/wp-content\/uploads\/2025\/01\/H130-Spec.webp 1024w, https:\/\/fmp-components.com\/wp-content\/uploads\/2025\/01\/H130-Spec-980x427.webp 980w, https:\/\/fmp-components.com\/wp-content\/uploads\/2025\/01\/H130-Spec-480x209.webp 480w\" sizes=\"(min-width: 0px) and (max-width: 480px) 480px, (min-width: 481px) and (max-width: 980px) 980px, (min-width: 981px) 1024px, 100vw\" \/><\/p>\n<h2>Rotationsoption <img loading=\"lazy\" decoding=\"async\" class=\"alignnone size-full wp-image-3234\" src=\"https:\/\/fmp-components.com\/wp-content\/uploads\/2025\/01\/H130-Rotation-Option.webp\" alt=\"H130-Rotationsoption\" width=\"1024\" height=\"269\" title=\"\" srcset=\"https:\/\/fmp-components.com\/wp-content\/uploads\/2025\/01\/H130-Rotation-Option.webp 1024w, https:\/\/fmp-components.com\/wp-content\/uploads\/2025\/01\/H130-Rotation-Option-980x257.webp 980w, https:\/\/fmp-components.com\/wp-content\/uploads\/2025\/01\/H130-Rotation-Option-480x126.webp 480w\" sizes=\"(min-width: 0px) and (max-width: 480px) 480px, (min-width: 481px) and (max-width: 980px) 980px, (min-width: 981px) 1024px, 100vw\" \/><\/h2>\n<h3>Merkmale des Landwirtschaftsgetriebes der Serie H130<\/h3>\n<p>Das Landwirtschaftsgetriebe der Serie H130 ist eine Premiuml\u00f6sung f\u00fcr Landmaschinen und vereint robuste Leistung, Langlebigkeit und Effizienz. Im Folgenden sind die herausragenden Merkmale dieses Hochleistungsgetriebes aufgef\u00fchrt:<\/p>\n<ul>\n<li><strong>Zweiteiliges Aluminiumgeh\u00e4use<\/strong>Die H130-Serie zeichnet sich durch ein zweiteiliges Aluminiumgeh\u00e4use aus, das au\u00dfergew\u00f6hnliche Stabilit\u00e4t bei gleichzeitig geringem Gewicht gew\u00e4hrleistet. Diese Konstruktion verbessert nicht nur die Gesamtstabilit\u00e4t des Getriebes, sondern bietet auch hervorragenden Korrosionsschutz und ist somit ideal f\u00fcr den Einsatz in rauen landwirtschaftlichen Umgebungen geeignet. Dar\u00fcber hinaus tr\u00e4gt das Aluminiumgeh\u00e4use zur W\u00e4rmeableitung bei und verhindert so eine \u00dcberhitzung bei l\u00e4ngerem Betrieb.<\/li>\n<li><strong>Pr\u00e4zisionsbearbeitung f\u00fcr optimale Leistung<\/strong>Das Getriebe ist pr\u00e4zisionsgefertigt, um einen exakten Zahneingriff und die korrekte Lagervorspannung zu gew\u00e4hrleisten. Dieser pr\u00e4zise Fertigungsprozess minimiert Verschlei\u00df und Reibung und f\u00fchrt so zu einem ruhigeren Lauf und einer langfristig verbesserten Kraft\u00fcbertragungseffizienz. Die geringen Toleranzen tragen dazu bei, die Leistungsf\u00e4higkeit des Getriebes auch unter anspruchsvollen landwirtschaftlichen Bedingungen aufrechtzuerhalten.<\/li>\n<li><strong>Pr\u00e4zisionsgeschmiedete Zahnr\u00e4der mit einem \u00dcbersetzungsverh\u00e4ltnis von 1,61:1<\/strong>Die Zahnr\u00e4der des Getriebes der H130-Serie sind pr\u00e4zisionsgeschmiedet und bieten dadurch au\u00dfergew\u00f6hnliche Festigkeit und Zuverl\u00e4ssigkeit. Diese hochwertigen Zahnr\u00e4der bieten ein \u00dcbersetzungsverh\u00e4ltnis von 1,61:1 und sorgen so f\u00fcr ein optimales Verh\u00e4ltnis zwischen Drehzahl und Drehmoment. Dadurch wird eine optimale Leistung f\u00fcr vielf\u00e4ltige landwirtschaftliche Aufgaben gew\u00e4hrleistet, beispielsweise f\u00fcr den Antrieb von Rotationsger\u00e4ten, Pfl\u00fcgen oder anderen schweren Maschinen.<\/li>\n<li><strong>Kegelrollenlager f\u00fcr erh\u00f6hte Haltbarkeit<\/strong>Der Einsatz von Kegelrollenlagern erh\u00f6ht die Tragf\u00e4higkeit und verl\u00e4ngert die Lagerlebensdauer, selbst unter hohen Belastungen und bei anspruchsvollen Anwendungen. Diese Lager bieten eine optimale Unterst\u00fctzung, reduzieren das Ausfallrisiko und gew\u00e4hrleisten einen effizienten Getriebebetrieb \u00fcber l\u00e4ngere Zeitr\u00e4ume, wodurch Wartungskosten und Ausfallzeiten minimiert werden.<\/li>\n<li><strong>Hochfeste Stahlwellen<\/strong>Die H130-Serie ist serienm\u00e4\u00dfig mit 1,375\u2033-Wellen aus hochfestem Stahl ausgestattet. Diese Stahlwellen sind so konstruiert, dass sie den hohen Drehmomenten und Betriebsbelastungen in Landmaschinen standhalten und somit maximale Zuverl\u00e4ssigkeit und lange Lebensdauer auch unter h\u00e4rtesten Bedingungen gew\u00e4hrleisten.<\/li>\n<li><strong>Einsatzbereit mit 80W90 Getriebe\u00f6l<\/strong>Um einen reibungslosen Betrieb vom ersten Tag an zu gew\u00e4hrleisten, wird die H130-Serie mit 80W90-Getriebe\u00f6l bef\u00fcllt. Jedes Getriebe durchl\u00e4uft strenge Tests, einschlie\u00dflich Einlaufphase und Dichtigkeitspr\u00fcfung, um sicherzustellen, dass es keine M\u00e4ngel aufweist und sofort nach dem Versand einsatzbereit ist.<\/li>\n<li><strong>Leichtes und kompaktes Design<\/strong>Trotz ihrer hohen Belastbarkeit ist die H130-Serie kompakt und leicht und wiegt inklusive 737 ml Schmierstoff nur 16\u201318 kg. Dadurch ist sie einfach zu handhaben und in verschiedenen Landmaschinenkonfigurationen zu installieren und bietet sowohl St\u00e4rke als auch Wendigkeit.<\/li>\n<\/ul>\n<p>Insgesamt vereint das Landwirtschaftsgetriebe der Serie H130 fortschrittliche Technik, langlebige Materialien und pr\u00e4zise Fertigung und bietet so eine zuverl\u00e4ssige und leistungsstarke L\u00f6sung f\u00fcr ein breites Spektrum an landwirtschaftlichen Anwendungen. Es \u00fcberzeugt durch seine lange Lebensdauer, einfache Wartung und effizienten Betrieb und bietet damit ein hervorragendes Preis-Leistungs-Verh\u00e4ltnis.<\/p>\n<h2>\u00dcber FMP<\/h2>\n<p>FMP mit Hauptsitz in Italien ist ein f\u00fchrender Hersteller, der f\u00fcr seine Expertise in der Entwicklung und Produktion von Hochleistungsgetrieben bekannt ist und sich insbesondere auf den Landmaschinensektor spezialisiert hat. Dank pr\u00e4ziser Ingenieurskunst, innovativer L\u00f6sungen und unersch\u00fctterlicher Zuverl\u00e4ssigkeit hat sich FMP zu einem vertrauensw\u00fcrdigen Partner f\u00fcr Branchen im Agrarsektor und dar\u00fcber hinaus entwickelt. Unser umfassendes Produktportfolio umfasst kundenspezifisch gefertigte Getriebe f\u00fcr Rasenm\u00e4her, Zapfwellen und eine Reihe essenzieller Komponenten, die jeweils auf die individuellen Anforderungen verschiedener Anwendungen zugeschnitten sind.<\/p>\n<p>Wir bei FMP wissen, dass jeder Kunde individuelle Herausforderungen und Anforderungen hat. Diese Erkenntnis treibt uns an, ma\u00dfgeschneiderte und hochwirksame L\u00f6sungen zu liefern \u2013 ob f\u00fcr einzelne Komponenten oder vollst\u00e4ndig integrierte Systeme. Durch die enge Zusammenarbeit mit unseren Kunden stellen wir sicher, dass jede L\u00f6sung nicht nur ihre spezifischen Bed\u00fcrfnisse erf\u00fcllt, sondern auch die operative Leistung und den Nutzen maximiert. Wir sind stolz darauf, schnell, professionell und mit kompetenter Beratung zu reagieren und garantieren, dass jede Anfrage mit gr\u00f6\u00dfter Sorgfalt bearbeitet wird, um bestm\u00f6gliche Ergebnisse zu erzielen.<\/p>\n<p>Unser Ansatz basiert auf klarer und kontinuierlicher Kommunikation w\u00e4hrend des gesamten Produktentwicklungszyklus. Unser Team arbeitet eng mit den Kunden zusammen, um deren Anforderungen genau zu verstehen und wertvolle Erkenntnisse und Empfehlungen f\u00fcr optimale Ergebnisse zu liefern. Ob innovative Produktentwicklung oder die Abwicklung von Routineauftr\u00e4gen \u2013 FMP liefert stets hochwertige, pr\u00e4zisionsgefertigte L\u00f6sungen \u2013 termingerecht und zuverl\u00e4ssig. Unsere Mission ist es, die Erwartungen unserer Kunden kontinuierlich zu \u00fcbertreffen und bei jedem Projekt herausragenden Service und beste Ergebnisse zu erzielen.<\/p>\n<p>Bei FMP ist Qualit\u00e4t nicht nur ein Ziel, sondern die Grundlage all unseres Handelns. Wir halten uns an h\u00f6chste Fertigungsstandards und setzen in jedem Produktionsschritt strenge Qualit\u00e4tskontrollen ein, um sicherzustellen, dass jedes Produkt die Branchenstandards nicht nur erf\u00fcllt, sondern oft sogar \u00fcbertrifft. Unser Streben nach Exzellenz, gepaart mit unseren Kernwerten Integrit\u00e4t, Teamwork und Beharrlichkeit, hat es uns erm\u00f6glicht, dauerhafte, vertrauensvolle Beziehungen zu Kunden in fast 30 L\u00e4ndern weltweit aufzubauen.<\/p>\n<p>Wir engagieren uns f\u00fcr den Aufbau langfristiger globaler Partnerschaften und bieten kompetente Beratung sowie ma\u00dfgeschneiderte L\u00f6sungen, die den sich wandelnden Bed\u00fcrfnissen unserer Kunden gerecht werden. Wir setzen auf partnerschaftliche Beziehungen, die zum Erfolg jedes Projekts beitragen. Ob Sie innovative L\u00f6sungen f\u00fcr ein neues Projekt suchen oder fortlaufende Unterst\u00fctzung f\u00fcr ein bestehendes System ben\u00f6tigen \u2013 FMP hilft Ihnen, technische Herausforderungen zu meistern und Ihren nachhaltigen Erfolg zu sichern.<\/p>\n<p><img loading=\"lazy\" decoding=\"async\" class=\"alignnone wp-image-2695\" src=\"https:\/\/fmp-components.com\/wp-content\/uploads\/2025\/01\/agricultural-gearbox3.webp\" alt=\"Agrargetriebe\" width=\"1140\" height=\"1138\" title=\"\" srcset=\"https:\/\/fmp-components.com\/wp-content\/uploads\/2025\/01\/agricultural-gearbox3.webp 1140w, https:\/\/fmp-components.com\/wp-content\/uploads\/2025\/01\/agricultural-gearbox3-480x479.webp 480w\" sizes=\"(min-width: 0px) and (max-width: 480px) 480px, (min-width: 481px) 1140px, 100vw\" \/><\/p>\n<p>Autor: CX<\/p>","protected":false},"excerpt":{"rendered":"<p>Technische Zeichnung \u2013 Rotationsoptionen \u2013 Merkmale des Landwirtschaftsgetriebes der Serie H130: Das Landwirtschaftsgetriebe der Serie H130 ist eine Premium-L\u00f6sung f\u00fcr Landmaschinen und vereint robuste Leistung, Langlebigkeit und Effizienz. Zu den herausragenden Merkmalen dieses Hochleistungsgetriebes geh\u00f6ren: Zweiteiliges Aluminiumgeh\u00e4use: Die Serie H130 verf\u00fcgt \u00fcber ein zweiteiliges Aluminiumgeh\u00e4use, [\u2026]<\/p>","protected":false},"featured_media":3235,"comment_status":"open","ping_status":"closed","template":"","meta":{"_et_pb_use_builder":"","_et_pb_old_content":"","_et_gb_content_width":""},"product_brand":[],"product_cat":[78],"product_tag":[],"class_list":{"0":"post-3232","1":"product","2":"type-product","3":"status-publish","4":"has-post-thumbnail","6":"product_cat-gearbox-for-agricultural-machinery","8":"first","9":"instock","10":"shipping-taxable","11":"product-type-simple"},"_links":{"self":[{"href":"https:\/\/fmp-components.com\/de\/wp-json\/wp\/v2\/product\/3232","targetHints":{"allow":["GET"]}}],"collection":[{"href":"https:\/\/fmp-components.com\/de\/wp-json\/wp\/v2\/product"}],"about":[{"href":"https:\/\/fmp-components.com\/de\/wp-json\/wp\/v2\/types\/product"}],"replies":[{"embeddable":true,"href":"https:\/\/fmp-components.com\/de\/wp-json\/wp\/v2\/comments?post=3232"}],"wp:featuredmedia":[{"embeddable":true,"href":"https:\/\/fmp-components.com\/de\/wp-json\/wp\/v2\/media\/3235"}],"wp:attachment":[{"href":"https:\/\/fmp-components.com\/de\/wp-json\/wp\/v2\/media?parent=3232"}],"wp:term":[{"taxonomy":"product_brand","embeddable":true,"href":"https:\/\/fmp-components.com\/de\/wp-json\/wp\/v2\/product_brand?post=3232"},{"taxonomy":"product_cat","embeddable":true,"href":"https:\/\/fmp-components.com\/de\/wp-json\/wp\/v2\/product_cat?post=3232"},{"taxonomy":"product_tag","embeddable":true,"href":"https:\/\/fmp-components.com\/de\/wp-json\/wp\/v2\/product_tag?post=3232"}],"curies":[{"name":"wp","href":"https:\/\/api.w.org\/{rel}","templated":true}]}}