{"id":3129,"date":"2025-01-05T02:44:39","date_gmt":"2025-01-05T02:44:39","guid":{"rendered":"https:\/\/fmp-components.com\/?page_id=8"},"modified":"2025-01-05T02:44:39","modified_gmt":"2025-01-05T02:44:39","slug":"grain-auger-gearbox-fmp-2390-for-agricultural-grain-storage-and-transportation","status":"publish","type":"product","link":"https:\/\/fmp-components.com\/de\/product\/grain-auger-gearbox-fmp-2390-for-agricultural-grain-storage-and-transportation\/","title":{"rendered":"Getreideschneckengetriebe FMP-2390 f\u00fcr die Lagerung und den Transport von landwirtschaftlichem Getreide"},"content":{"rendered":"<h2>Getreideschneckengetriebe FMP-2390 Spezifikationen<\/h2>\n<p><img loading=\"lazy\" decoding=\"async\" class=\"alignnone size-full wp-image-3131\" src=\"https:\/\/fmp-components.com\/wp-content\/uploads\/2025\/01\/Grain-Auger-Gearbox-EP-2390-Dimension.webp\" alt=\"Getreideschneckengetriebe-EP-2390-Dimension\" width=\"1534\" height=\"1064\" title=\"\" srcset=\"https:\/\/fmp-components.com\/wp-content\/uploads\/2025\/01\/Grain-Auger-Gearbox-EP-2390-Dimension.webp 1534w, https:\/\/fmp-components.com\/wp-content\/uploads\/2025\/01\/Grain-Auger-Gearbox-EP-2390-Dimension-1280x888.webp 1280w, https:\/\/fmp-components.com\/wp-content\/uploads\/2025\/01\/Grain-Auger-Gearbox-EP-2390-Dimension-980x680.webp 980w, https:\/\/fmp-components.com\/wp-content\/uploads\/2025\/01\/Grain-Auger-Gearbox-EP-2390-Dimension-480x333.webp 480w\" sizes=\"(min-width: 0px) and (max-width: 480px) 480px, (min-width: 481px) and (max-width: 980px) 980px, (min-width: 981px) and (max-width: 1280px) 1280px, (min-width: 1281px) 1534px, 100vw\" \/><\/p>\n<table style=\"width: 95.8687%; height: 220px;\" border=\"1\" cellspacing=\"0\" cellpadding=\"0\">\n<tbody>\n<tr class=\"firstRow\">\n<td>Produktname<\/td>\n<td>Getreideschneckengetriebe FMP-2390<\/td>\n<\/tr>\n<tr>\n<td>Material<\/td>\n<td>Geh\u00e4use wie HT250, Welle wie 20CrMnTi<\/td>\n<\/tr>\n<tr>\n<td>Farbe<\/td>\n<td>Dunkel oder Rot oder nach Kundenwunsch<\/td>\n<\/tr>\n<tr>\n<td>Typ<\/td>\n<td>Kegelradgetriebe<\/td>\n<\/tr>\n<tr>\n<td>Verh\u00e4ltnis<\/td>\n<td>1:1<\/td>\n<\/tr>\n<tr>\n<td>Lager<\/td>\n<td>QC oder C&amp;U oder NTN<\/td>\n<\/tr>\n<tr>\n<td>Garantie<\/td>\n<td>eineinhalb Jahre<\/td>\n<\/tr>\n<tr>\n<td>Gebraucht<\/td>\n<td>Getreidelagerung<\/td>\n<\/tr>\n<\/tbody>\n<\/table>\n<h3>Anwendungen von Getreideschneckengetrieben f\u00fcr die Lagerung und den Transport von Getreide<\/h3>\n<p>Getreideschneckengetriebe spielen eine entscheidende Rolle f\u00fcr die effiziente Bewegung und Handhabung von Getreide w\u00e4hrend Lagerungs- und Transportprozessen. Die wichtigsten Anwendungen von Getreideschneckengetrieben in diesen Sektoren sind:<\/p>\n<ol>\n<li><strong>Getreidesilos:<\/strong>\n<ul>\n<li><strong>Getreidesilos:<\/strong> Das Getriebe treibt die Schnecken in Getreidesilos an und bef\u00f6rdert das Getreide auf verschiedene Lagerebenen in Silos. Die effiziente Bewegung des Getreides ist entscheidend, um Verklumpungen oder Besch\u00e4digungen zu vermeiden und optimale Lagerbedingungen zu gew\u00e4hrleisten.<\/li>\n<li><strong>Entladesysteme:<\/strong> Schneckengetriebe sind ein wesentlicher Bestandteil der Getreideentladung aus Lagersilos in LKWs, F\u00f6rderb\u00e4nder oder andere Transportsysteme. Ihre Pr\u00e4zision gew\u00e4hrleistet einen gleichm\u00e4\u00dfigen und konstanten Getreidefluss und verhindert so Verstopfungen oder Verz\u00f6gerungen.<\/li>\n<\/ul>\n<\/li>\n<li><strong>Getreideumschlaganlagen:<\/strong>\n<ul>\n<li><strong>F\u00f6rdersysteme:<\/strong> In Getreideverarbeitungsanlagen werden Schneckengetriebe zum Antrieb von F\u00f6rderschnecken eingesetzt, die das Getreide durch verschiedene Bereiche der Verarbeitungsanlage transportieren. Sie gew\u00e4hrleisten einen schnellen Transport des Getreides zwischen Lager-, Reinigungs- und Mahlbereichen.<\/li>\n<li><strong>Trocknungssysteme:<\/strong> Getreideschneckengetriebe werden in Trocknungssystemen eingesetzt, wo Schnecken das Getreide durch die Trockenkammern transportieren und so f\u00fcr einen gleichm\u00e4\u00dfigen Luftstrom und eine Reduzierung der Feuchtigkeit sorgen. Dadurch wird sichergestellt, dass das Getreide f\u00fcr die Langzeitlagerung in optimalem Zustand bleibt.<\/li>\n<\/ul>\n<\/li>\n<li><strong>Getreidetransport zum Markt:<\/strong>\n<ul>\n<li><strong>LKW-Beladung:<\/strong> Schneckengetriebe sind in LKW-Verladestationen unverzichtbar, wo sie Getreide aus Lagereinrichtungen oder Transportsilos in LKWs zur Weiterverteilung bef\u00f6rdern. Das Getriebe sorgt f\u00fcr eine reibungslose, schnelle und kontrollierte Getreidebef\u00f6rderung.<\/li>\n<li><strong>Handhabung von Sch\u00fcttgut:<\/strong> In Anlagen, in denen gro\u00dfe Mengen Getreide in Sch\u00fcttg\u00fctern transportiert werden, liefern Schneckengetriebe das n\u00f6tige Drehmoment, um das Getreide effizient zu transportieren, wodurch Versch\u00fctten und Abfall minimiert und der Durchsatz maximiert wird.<\/li>\n<\/ul>\n<\/li>\n<li><strong>Getreideverarbeitung und -mahlung:<\/strong>\n<ul>\n<li><strong>Reinigungssysteme:<\/strong> Getriebebetriebene Getreideschnecken werden in Reinigungssystemen eingesetzt, um Getreide durch verschiedene Sieb-, Sortier- und Trennmaschinen zu bef\u00f6rdern. Diese Schnecken helfen, unerw\u00fcnschte R\u00fcckst\u00e4nde zu entfernen und stellen sicher, dass das Getreide zum Mahlen oder zur Weiterverarbeitung bereit ist.<\/li>\n<li><strong>Fr\u00e4seinheiten:<\/strong> Schneckengetriebe unterst\u00fctzen auch den Getreidetransport durch M\u00fchlen, in denen Getreide zu Mehl gemahlen oder f\u00fcr andere Zwecke verarbeitet wird. Sie erm\u00f6glichen die gleichm\u00e4\u00dfige Zufuhr von Getreide in M\u00fchlen oder Brecher.<\/li>\n<\/ul>\n<\/li>\n<li><strong>Verwendung auf dem Bauernhof:<\/strong>\n<ul>\n<li><strong>Schneckenbohrer f\u00fcr die Landwirtschaft:<\/strong> F\u00fcr den Getreidetransport von der Erntemaschine zu Lagerbeh\u00e4ltern oder Anh\u00e4ngern werden in landwirtschaftlichen Betrieben h\u00e4ufig Schneckengetriebe eingesetzt. Die Getriebe sorgen f\u00fcr das n\u00f6tige Drehmoment und die Steuerung der Schnecken und erm\u00f6glichen so einen effektiven Getreidetransport w\u00e4hrend der Erntezeit.<\/li>\n<li><strong>Getreidesilosysteme:<\/strong> Schneckengetriebe in Getreidesilos erleichtern den Transport des Getreides in verschiedene Bereiche des Bauernhofs oder in Lagereinrichtungen und stellen sicher, dass das Getreide w\u00e4hrend des Transports nicht besch\u00e4digt wird.<\/li>\n<\/ul>\n<\/li>\n<\/ol>\n<p>Durch den Einsatz von Getreideschneckengetrieben k\u00f6nnen landwirtschaftliche Betriebe und Lagereinrichtungen ihre Abl\u00e4ufe rationalisieren, die Betriebskosten senken und hohe Getreidequalit\u00e4tsstandards einhalten.<\/p>\n<p><img loading=\"lazy\" decoding=\"async\" class=\"size-full wp-image-3132 aligncenter\" src=\"https:\/\/fmp-components.com\/wp-content\/uploads\/2025\/01\/Grain-Transportation-Gearbox-5.webp\" alt=\"Getreidetransport-Getriebe-5\" width=\"800\" height=\"800\" title=\"\" srcset=\"https:\/\/fmp-components.com\/wp-content\/uploads\/2025\/01\/Grain-Transportation-Gearbox-5.webp 800w, https:\/\/fmp-components.com\/wp-content\/uploads\/2025\/01\/Grain-Transportation-Gearbox-5-480x480.webp 480w\" sizes=\"(min-width: 0px) and (max-width: 480px) 480px, (min-width: 481px) 800px, 100vw\" \/><\/p>\n<h2>Schl\u00fcsselkomponenten des Getreideschneckengetriebes<\/h2>\n<p>Das Getreideschneckengetriebe ist eine wichtige Komponente in landwirtschaftlichen und Lagersystemen, da es die effiziente Bewegung des Getreides durch verschiedene Prozesse wie Transport, Lagerung und Mahlen gew\u00e4hrleistet. Die Hauptkomponenten eines Getreideschneckengetriebes sind auf Langlebigkeit, Leistung und Effizienz ausgelegt. Hier sind die Hauptkomponenten:<\/p>\n<ol>\n<li><strong>Geh\u00e4use (Getriebegeh\u00e4use):<\/strong>\n<ul>\n<li>Das Au\u00dfengeh\u00e4use sch\u00fctzt die inneren Komponenten des Getriebes. Es besteht in der Regel aus hochfesten Materialien wie Gusseisen oder langlebigem Stahl und sorgt daf\u00fcr, dass das Getriebe den rauen Bedingungen in der Landwirtschaft standh\u00e4lt, einschlie\u00dflich Staub, Feuchtigkeit und extremen Temperaturen.<\/li>\n<\/ul>\n<\/li>\n<li><strong>Eingangswelle:<\/strong>\n<ul>\n<li>Die Eingangswelle ist das Bauteil, das die Kraft von der Antriebsquelle (z. B. einem Elektromotor, einer Traktorzapfwelle oder einem Verbrennungsmotor) erh\u00e4lt. Sie \u00fcbertr\u00e4gt die Drehbewegung auf das Getriebe, das sie dann auf den Schneckenmechanismus \u00fcbertr\u00e4gt. Die Eingangswelle ist f\u00fcr hohe Drehzahlen und Drehmomentbelastungen ausgelegt.<\/li>\n<\/ul>\n<\/li>\n<li><strong>Abtriebswelle:<\/strong>\n<ul>\n<li>Die Abtriebswelle ist mit der Schnecke verbunden und \u00fcbertr\u00e4gt die vom Getriebe erzeugte Drehbewegung auf die Schnecke selbst. Sie tr\u00e4gt entscheidend dazu bei, dass die Schnecke reibungslos l\u00e4uft und Getreide transportiert. Die Abtriebswelle ist in der Regel mit Hochleistungslagern ausgestattet, um die Belastung zu tragen und Verschlei\u00df bei langen Betriebsstunden zu vermeiden.<\/li>\n<\/ul>\n<\/li>\n<li><strong>Getriebe:<\/strong>\n<ul>\n<li>Die Zahnr\u00e4der im Getriebe sind die Hauptkomponenten, die das Eingangsdrehmoment und die Drehzahl in die gew\u00fcnschte Leistung umwandeln. Zu den g\u00e4ngigen Zahnradtypen in Getreideschneckengetrieben geh\u00f6ren:\n<ul>\n<li><strong>Schr\u00e4gverzahnte Zahnr\u00e4der:<\/strong> Sorgt f\u00fcr einen reibungslosen und leisen Betrieb mit verbesserter Effizienz.<\/li>\n<li><strong>Stirnr\u00e4der:<\/strong> Einfacher und kosteng\u00fcnstiger, aber normalerweise lauter als Schr\u00e4gverzahnungen.<\/li>\n<li><strong>Kegelr\u00e4der:<\/strong> Wird zum \u00c4ndern der Drehrichtung verwendet und ist h\u00e4ufig in Winkelgetrieben zu finden.<\/li>\n<\/ul>\n<\/li>\n<li>Die Wahl des Getriebetyps h\u00e4ngt vom erforderlichen Drehmoment, der Geschwindigkeit und der Haltbarkeit ab.<\/li>\n<\/ul>\n<\/li>\n<li><strong>Lager:<\/strong>\n<ul>\n<li>Lager st\u00fctzen die rotierenden Wellen im Getriebe, minimieren die Reibung und sorgen f\u00fcr einen reibungslosen Betrieb. Sie sind entscheidend f\u00fcr die Stabilit\u00e4t und reduzieren den Verschlei\u00df, insbesondere bei hoher Belastung. Hochwertige Lager verl\u00e4ngern die Lebensdauer des Getriebes und reduzieren den Wartungsbedarf.<\/li>\n<\/ul>\n<\/li>\n<\/ol>\n<p>Die Schl\u00fcsselkomponenten eines Getreideschneckengetriebes arbeiten zusammen, um eine effiziente und zuverl\u00e4ssige Leistung bei der Handhabung und dem Transport von Getreide zu gew\u00e4hrleisten. Die richtige Auswahl, Wartung und Schmierung dieser Komponenten sind entscheidend f\u00fcr optimale Funktionalit\u00e4t und eine lange Lebensdauer. Das macht das Getreideschneckengetriebe zu einem unverzichtbaren Bestandteil moderner Landwirtschafts- und Lagerbetriebe.<\/p>\n<p><img loading=\"lazy\" decoding=\"async\" class=\"alignnone size-full wp-image-3133\" src=\"https:\/\/fmp-components.com\/wp-content\/uploads\/2025\/01\/Grain-Transportation-Gearbox-6.webp\" alt=\"Getreidetransport-Getriebe-6\" width=\"1534\" height=\"1286\" title=\"\" srcset=\"https:\/\/fmp-components.com\/wp-content\/uploads\/2025\/01\/Grain-Transportation-Gearbox-6.webp 1534w, https:\/\/fmp-components.com\/wp-content\/uploads\/2025\/01\/Grain-Transportation-Gearbox-6-1280x1073.webp 1280w, https:\/\/fmp-components.com\/wp-content\/uploads\/2025\/01\/Grain-Transportation-Gearbox-6-980x822.webp 980w, https:\/\/fmp-components.com\/wp-content\/uploads\/2025\/01\/Grain-Transportation-Gearbox-6-480x402.webp 480w\" sizes=\"(min-width: 0px) and (max-width: 480px) 480px, (min-width: 481px) and (max-width: 980px) 980px, (min-width: 981px) and (max-width: 1280px) 1280px, (min-width: 1281px) 1534px, 100vw\" \/><\/p>\n<h2>\u00dcber FMP<\/h2>\n<p>FMP mit Hauptsitz in Italien ist ein f\u00fchrender Hersteller, der f\u00fcr seine Expertise in der Konstruktion, Entwicklung und Produktion von Hochleistungsgetrieben mit Schwerpunkt auf dem Landmaschinensektor bekannt ist. Bekannt f\u00fcr Pr\u00e4zisionstechnik, innovative L\u00f6sungen und unersch\u00fctterliche Zuverl\u00e4ssigkeit, hat sich FMP einen Ruf als vertrauensw\u00fcrdiger Partner sowohl im Agrar- als auch im Industriemarkt erworben. Unser umfassendes Portfolio umfasst kundenspezifische Getriebe f\u00fcr Rasenm\u00e4her, Zapfwellen und eine breite Palette wichtiger Komponenten, die alle sorgf\u00e4ltig gefertigt werden, um die spezifischen Anforderungen verschiedener Anwendungen zu erf\u00fcllen.<\/p>\n<p>Wir bei FMP wissen, dass jeder Kunde vor individuellen Herausforderungen steht. Deshalb sind wir auf ma\u00dfgeschneiderte L\u00f6sungen spezialisiert, ob f\u00fcr einzelne Komponenten oder vollst\u00e4ndig integrierte Systeme. Durch die enge Zusammenarbeit mit unseren Kunden stellen wir sicher, dass jede L\u00f6sung nicht nur ihren Anforderungen entspricht, sondern auch die Leistung optimiert und den Wert maximiert. Unser Engagement f\u00fcr schnelle, professionelle Antworten und kompetente Beratung garantiert, dass jede Anfrage pr\u00e4zise bearbeitet wird und stets optimale Ergebnisse erzielt werden.<\/p>\n<p>Wir legen Wert auf klare und kontinuierliche Kommunikation w\u00e4hrend des gesamten Produktentwicklungszyklus. Unser engagiertes Team arbeitet eng mit unseren Kunden zusammen, um deren Anforderungen umfassend zu verstehen und wertvolle Erkenntnisse und Empfehlungen f\u00fcr optimale Ergebnisse zu liefern. Ob bei der Entwicklung hochmoderner Produkte oder der Erf\u00fcllung von Routineauftr\u00e4gen \u2013 FMP ist stets bestrebt, hochwertige, pr\u00e4zisionsgefertigte L\u00f6sungen termingerecht zu liefern. Unsere Mission ist es, die Erwartungen unserer Kunden stets zu \u00fcbertreffen und bei jedem Projekt au\u00dfergew\u00f6hnlichen Service und hervorragende Ergebnisse zu bieten.<\/p>\n<p>Qualit\u00e4t steht bei FMP im Mittelpunkt. Wir halten h\u00f6chste Fertigungsstandards ein und setzen strenge Qualit\u00e4tskontrollma\u00dfnahmen ein, um sicherzustellen, dass jedes Produkt die Branchenstandards erf\u00fcllt und oft sogar \u00fcbertrifft. Dieses Engagement f\u00fcr Spitzenleistungen sowie unsere Grundwerte Integrit\u00e4t, Teamwork und Beharrlichkeit haben es uns erm\u00f6glicht, langj\u00e4hrige, vertrauensvolle Beziehungen zu Kunden in fast 30 L\u00e4ndern weltweit aufzubauen.<\/p>\n<p>FMP pflegt stets globale Partnerschaften und bietet kompetente Beratung und ma\u00dfgeschneiderte L\u00f6sungen, die den sich entwickelnden Bed\u00fcrfnissen unserer Kunden gerecht werden. Wir streben langfristige, f\u00fcr beide Seiten vorteilhafte Beziehungen an, die zum Erfolg jedes Projekts beitragen. Ob Sie innovative L\u00f6sungen f\u00fcr eine neue Initiative oder fortlaufende Unterst\u00fctzung f\u00fcr ein bestehendes System ben\u00f6tigen \u2013 FMP unterst\u00fctzt Sie bei der Bew\u00e4ltigung technischer Herausforderungen und sichert Ihren anhaltenden Erfolg.<\/p>\n<p><img loading=\"lazy\" decoding=\"async\" class=\"alignnone wp-image-2695\" src=\"https:\/\/fmp-components.com\/wp-content\/uploads\/2025\/01\/agricultural-gearbox3.webp\" alt=\"Agrargetriebe\" width=\"1140\" height=\"1138\" title=\"\" srcset=\"https:\/\/fmp-components.com\/wp-content\/uploads\/2025\/01\/agricultural-gearbox3.webp 1140w, https:\/\/fmp-components.com\/wp-content\/uploads\/2025\/01\/agricultural-gearbox3-480x479.webp 480w\" sizes=\"(min-width: 0px) and (max-width: 480px) 480px, (min-width: 481px) 1140px, 100vw\" \/><\/p>\n<p>Autor: CX<\/p>","protected":false},"excerpt":{"rendered":"<p>Grain Auger Gearbox FMP-2390 Specifications Product Name Grain auger gearbox FMP-2390 Material Housing as HT250, Shaft as 20CrMnTi Color Dark or Red or as customized Type Bevel gear Ratio 1:1 Bearing QC or C&amp;U or NTN Warranty one and half year Used grain storage Applications of Grain Auger Gearbox for Grain Storage and Transportation Grain [&hellip;]<\/p>","protected":false},"featured_media":3130,"comment_status":"open","ping_status":"closed","template":"","meta":{"_et_pb_use_builder":"","_et_pb_old_content":"","_et_gb_content_width":""},"product_brand":[],"product_cat":[74],"product_tag":[],"class_list":{"0":"post-3129","1":"product","2":"type-product","3":"status-publish","4":"has-post-thumbnail","6":"product_cat-grain-transportation-gearbox","8":"first","9":"instock","10":"shipping-taxable","11":"product-type-simple"},"_links":{"self":[{"href":"https:\/\/fmp-components.com\/de\/wp-json\/wp\/v2\/product\/3129","targetHints":{"allow":["GET"]}}],"collection":[{"href":"https:\/\/fmp-components.com\/de\/wp-json\/wp\/v2\/product"}],"about":[{"href":"https:\/\/fmp-components.com\/de\/wp-json\/wp\/v2\/types\/product"}],"replies":[{"embeddable":true,"href":"https:\/\/fmp-components.com\/de\/wp-json\/wp\/v2\/comments?post=3129"}],"wp:featuredmedia":[{"embeddable":true,"href":"https:\/\/fmp-components.com\/de\/wp-json\/wp\/v2\/media\/3130"}],"wp:attachment":[{"href":"https:\/\/fmp-components.com\/de\/wp-json\/wp\/v2\/media?parent=3129"}],"wp:term":[{"taxonomy":"product_brand","embeddable":true,"href":"https:\/\/fmp-components.com\/de\/wp-json\/wp\/v2\/product_brand?post=3129"},{"taxonomy":"product_cat","embeddable":true,"href":"https:\/\/fmp-components.com\/de\/wp-json\/wp\/v2\/product_cat?post=3129"},{"taxonomy":"product_tag","embeddable":true,"href":"https:\/\/fmp-components.com\/de\/wp-json\/wp\/v2\/product_tag?post=3129"}],"curies":[{"name":"wp","href":"https:\/\/api.w.org\/{rel}","templated":true}]}}