{"id":3123,"date":"2025-01-05T02:34:03","date_gmt":"2025-01-05T02:34:03","guid":{"rendered":"https:\/\/fmp-components.com\/?page_id=8"},"modified":"2025-01-05T02:37:15","modified_gmt":"2025-01-05T02:37:15","slug":"grain-transportation-gearbox-fmp-1001-for-agricultural-grain-transportation","status":"publish","type":"product","link":"https:\/\/fmp-components.com\/de\/product\/grain-transportation-gearbox-fmp-1001-for-agricultural-grain-transportation\/","title":{"rendered":"Getreidetransportgetriebe FMP-1001 f\u00fcr den landwirtschaftlichen Getreidetransport"},"content":{"rendered":"<h2>Getreidetransportgetriebe FMP-1001 Abmessungen<\/h2>\n<p><img loading=\"lazy\" decoding=\"async\" class=\"alignnone size-full wp-image-3127\" src=\"https:\/\/fmp-components.com\/wp-content\/uploads\/2025\/01\/Grain-Transportation-Gearbox-EP-1001-Dimensions.webp\" alt=\"Getreidetransportgetriebe-EP-1001-Abmessungen\" width=\"891\" height=\"593\" title=\"\" srcset=\"https:\/\/fmp-components.com\/wp-content\/uploads\/2025\/01\/Grain-Transportation-Gearbox-EP-1001-Dimensions.webp 891w, https:\/\/fmp-components.com\/wp-content\/uploads\/2025\/01\/Grain-Transportation-Gearbox-EP-1001-Dimensions-480x319.webp 480w\" sizes=\"(min-width: 0px) and (max-width: 480px) 480px, (min-width: 481px) 891px, 100vw\" \/><\/p>\n<h2>Getreidetransportgetriebe FMP-1001 \u2013 Spezifikationen<\/h2>\n<table border=\"1\" width=\"100%\" cellspacing=\"0\" cellpadding=\"0\">\n<tbody>\n<tr>\n<td>Produktname<\/td>\n<td>Getreidetransportgetriebe<\/td>\n<\/tr>\n<tr>\n<td>Modell<\/td>\n<td>EP-1001<\/td>\n<\/tr>\n<tr>\n<td>Farbe<\/td>\n<td>Anpassung<\/td>\n<\/tr>\n<tr>\n<td>Material<\/td>\n<td>HT250 f\u00fcr Geh\u00e4use, 20CrMnTi f\u00fcr Getriebewelle.<\/td>\n<\/tr>\n<tr>\n<td>Gebraucht<\/td>\n<td>Getriebe f\u00fcr den Getreidetransport<\/td>\n<\/tr>\n<\/tbody>\n<\/table>\n<h3>Vorteile der Verwendung des Getreidetransportgetriebes FMP-1001<\/h3>\n<ol>\n<li><strong>Verbesserte Effizienz<\/strong>: Das Getreidetransportgetriebe FMP-1001 ist f\u00fcr optimale Kraft\u00fcbertragung ausgelegt und sorgt f\u00fcr einen reibungslosen und effizienten Getreidetransport. Seine hohe Drehmomentkapazit\u00e4t erm\u00f6glicht einen effektiven Transport, reduziert Ausfallzeiten und verbessert die Gesamtbetriebseffizienz.<\/li>\n<li><strong>Langlebige Konstruktion<\/strong>: Der FMP-1001 ist aus robusten Materialien gefertigt und h\u00e4lt den rauen Arbeitsbedingungen im Getreidetransport stand. Seine langlebige Konstruktion gew\u00e4hrleistet langfristige Zuverl\u00e4ssigkeit auch bei hoher Belastung und sorgt so f\u00fcr niedrige Betriebskosten.<\/li>\n<li><strong>Pr\u00e4zisionstechnik<\/strong>: Das Getriebe wird mit gr\u00f6\u00dfter Sorgfalt und Pr\u00e4zision gefertigt, um eine nahtlose Integration in die Getreideverarbeitungsanlagen zu gew\u00e4hrleisten. Dies gew\u00e4hrleistet optimale Leistung und reduziert die Wahrscheinlichkeit mechanischer Probleme, die den Betrieb beeintr\u00e4chtigen k\u00f6nnten.<\/li>\n<li><strong>Energieeinsparungen<\/strong>: Das effiziente Design des FMP-1001 tr\u00e4gt zur Reduzierung des Energieverbrauchs bei und macht ihn zu einer umweltfreundlichen Wahl f\u00fcr Getreidetransportsysteme. Dies f\u00fchrt zu niedrigeren Betriebskosten und einer geringeren Umweltbelastung.<\/li>\n<li><strong>Anpassbare L\u00f6sungen<\/strong>: FMP bietet Flexibilit\u00e4t bei der Anpassung des FMP-1001 an spezifische Anforderungen und bietet ma\u00dfgeschneiderte L\u00f6sungen, die die Leistung des Getriebes f\u00fcr verschiedene Anforderungen bei der Handhabung und dem Transport von Getreide optimieren.<\/li>\n<\/ol>\n<p><img loading=\"lazy\" decoding=\"async\" class=\"alignnone size-full wp-image-3128\" src=\"https:\/\/fmp-components.com\/wp-content\/uploads\/2025\/01\/Grain-Transportation-Gearbox-11.webp\" alt=\"Getreidetransport-Getriebe-11\" width=\"1534\" height=\"1286\" title=\"\" srcset=\"https:\/\/fmp-components.com\/wp-content\/uploads\/2025\/01\/Grain-Transportation-Gearbox-11.webp 1534w, https:\/\/fmp-components.com\/wp-content\/uploads\/2025\/01\/Grain-Transportation-Gearbox-11-1280x1073.webp 1280w, https:\/\/fmp-components.com\/wp-content\/uploads\/2025\/01\/Grain-Transportation-Gearbox-11-980x822.webp 980w, https:\/\/fmp-components.com\/wp-content\/uploads\/2025\/01\/Grain-Transportation-Gearbox-11-480x402.webp 480w\" sizes=\"(min-width: 0px) and (max-width: 480px) 480px, (min-width: 481px) and (max-width: 980px) 980px, (min-width: 981px) and (max-width: 1280px) 1280px, (min-width: 1281px) 1534px, 100vw\" \/><\/p>\n<h3>Anwendungen des Getreidetransportgetriebes FMP-1001<\/h3>\n<ol>\n<li><strong>Getreidesilos<\/strong>: Das FMP-1001-Getriebe eignet sich ideal f\u00fcr den Einsatz in Getreidehebern, wo es das Heben und den Transport von Getreide von unteren Ebenen zu Lagersilos oder Verarbeitungsbereichen erleichtert und einen reibungslosen und effizienten Betrieb gew\u00e4hrleistet.<\/li>\n<li><strong>F\u00f6rdersysteme<\/strong>: Das in Getreidef\u00f6rdersystemen eingesetzte FMP-1001-Getriebe hilft beim Transport von Sch\u00fcttgut \u00fcber gro\u00dfe Entfernungen in Getreideverarbeitungsanlagen und gew\u00e4hrleistet einen gleichm\u00e4\u00dfigen und zuverl\u00e4ssigen Fluss.<\/li>\n<li><strong>Silo Be- und Entladung<\/strong>: Das FMP-1001-Getriebe ist f\u00fcr den Betrieb von Silo-Be- und Entladesystemen unverzichtbar, da es den effizienten Transport von Getreide zu und von Lagersilos und ein minimales Risiko einer Besch\u00e4digung des Getreides erm\u00f6glicht.<\/li>\n<li><strong>Getreidetrockner<\/strong>: In Getreidetrocknungssystemen wird der FMP-1001 zum Antrieb von F\u00f6rderb\u00e4ndern verwendet, die das Getreide durch die Trocknungseinheiten transportieren. So wird sichergestellt, dass das Getreide richtig getrocknet und durch den Prozess bewegt wird.<\/li>\n<li><strong>Getreidetransporter<\/strong>: Das Getriebe kann in Getreidetransporter oder -anh\u00e4nger integriert werden, wodurch die Leistung des Entladesystems verbessert und der Transportprozess effizienter gestaltet wird.<\/li>\n<\/ol>\n<p><img loading=\"lazy\" decoding=\"async\" class=\"alignnone size-full wp-image-3096\" src=\"https:\/\/fmp-components.com\/wp-content\/uploads\/2025\/01\/Grain-Storage-Gearbox-28.webp\" alt=\"Getreidelagergetriebe\" width=\"1200\" height=\"950\" title=\"\" srcset=\"https:\/\/fmp-components.com\/wp-content\/uploads\/2025\/01\/Grain-Storage-Gearbox-28.webp 1200w, https:\/\/fmp-components.com\/wp-content\/uploads\/2025\/01\/Grain-Storage-Gearbox-28-980x776.webp 980w, https:\/\/fmp-components.com\/wp-content\/uploads\/2025\/01\/Grain-Storage-Gearbox-28-480x380.webp 480w\" sizes=\"(min-width: 0px) and (max-width: 480px) 480px, (min-width: 481px) and (max-width: 980px) 980px, (min-width: 981px) 1200px, 100vw\" \/><\/p>\n<h3>\u00dcber FMP<\/h3>\n<p>FMP mit Hauptsitz in Italien ist ein f\u00fchrender Hersteller, der f\u00fcr seine Expertise in der Konstruktion, Entwicklung und Produktion von Hochleistungsgetrieben mit Schwerpunkt auf Landmaschinen bekannt ist. Dank unserer Pr\u00e4zisionstechnik, innovativen L\u00f6sungen und unersch\u00fctterlichen Zuverl\u00e4ssigkeit hat sich FMP sowohl in der Landwirtschaft als auch in der Industrie einen guten Ruf erworben. Unser umfangreiches Produktportfolio umfasst kundenspezifische Getriebe f\u00fcr Rasenm\u00e4her, Zapfwellen und eine Vielzahl wichtiger Komponenten, die alle sorgf\u00e4ltig entwickelt wurden, um die spezifischen Anforderungen unterschiedlicher Anwendungen zu erf\u00fcllen.<\/p>\n<p>Bei FMP wissen wir, dass jeder Kunde vor individuellen Herausforderungen steht. Deshalb sind wir auf ma\u00dfgeschneiderte L\u00f6sungen spezialisiert \u2013 ob f\u00fcr einzelne Komponenten oder vollst\u00e4ndig integrierte Systeme. Durch die enge Zusammenarbeit mit unseren Kunden stellen wir sicher, dass jede L\u00f6sung nicht nur ihre Bed\u00fcrfnisse erf\u00fcllt, sondern auch die Leistung steigert und den Wert maximiert. Unser Engagement f\u00fcr zeitnahe, professionelle Antworten und kompetente Beratung gew\u00e4hrleistet eine pr\u00e4zise Bearbeitung jeder Anfrage und optimale Ergebnisse.<\/p>\n<p>Wir legen Wert auf klare und kontinuierliche Kommunikation w\u00e4hrend des gesamten Produktentwicklungszyklus. Unser engagiertes Team arbeitet eng mit unseren Kunden zusammen, um deren Anforderungen umfassend zu verstehen und wertvolle Einblicke und Empfehlungen f\u00fcr optimale Ergebnisse zu geben. Ob bei der Entwicklung innovativer Produkte oder der Erf\u00fcllung von Routineauftr\u00e4gen \u2013 FMP ist bestrebt, qualitativ hochwertige, pr\u00e4zise konstruierte L\u00f6sungen p\u00fcnktlich und zuverl\u00e4ssig zu liefern. Unser Ziel ist es, die Erwartungen unserer Kunden stets zu \u00fcbertreffen und bei jedem Projekt au\u00dfergew\u00f6hnlichen Service und hervorragende Ergebnisse zu bieten.<\/p>\n<p>Qualit\u00e4t ist die Grundlage unseres Handelns bei FMP. Wir halten uns an h\u00f6chste Fertigungsstandards und implementieren strenge Qualit\u00e4tskontrollprozesse, um sicherzustellen, dass jedes Produkt die Industriestandards nicht nur erf\u00fcllt, sondern \u00fcbertrifft. Dieses Engagement f\u00fcr Spitzenleistungen, kombiniert mit unseren Grundwerten Integrit\u00e4t, Teamwork und Beharrlichkeit, erm\u00f6glicht es uns, dauerhafte, vertrauensvolle Beziehungen zu Kunden in fast 30 L\u00e4ndern weltweit aufzubauen.<\/p>\n<p>FMP ist stets bestrebt, globale Partnerschaften aufzubauen und bietet kompetente Beratung und ma\u00dfgeschneiderte L\u00f6sungen, die den sich entwickelnden Bed\u00fcrfnissen unserer Kunden gerecht werden. Wir streben langfristige, f\u00fcr beide Seiten vorteilhafte Beziehungen an, die zum Erfolg jedes Projekts beitragen. Ob Sie innovative L\u00f6sungen f\u00fcr eine neue Initiative suchen oder fortlaufende Unterst\u00fctzung f\u00fcr ein bestehendes System ben\u00f6tigen \u2013 FMP unterst\u00fctzt Sie bei der Bew\u00e4ltigung technischer Herausforderungen und sichert Ihren anhaltenden Erfolg.<\/p>\n<p><img loading=\"lazy\" decoding=\"async\" class=\"alignnone wp-image-2695\" src=\"https:\/\/fmp-components.com\/wp-content\/uploads\/2025\/01\/agricultural-gearbox3.webp\" alt=\"Agrargetriebe\" width=\"1140\" height=\"1138\" title=\"\" srcset=\"https:\/\/fmp-components.com\/wp-content\/uploads\/2025\/01\/agricultural-gearbox3.webp 1140w, https:\/\/fmp-components.com\/wp-content\/uploads\/2025\/01\/agricultural-gearbox3-480x479.webp 480w\" sizes=\"(min-width: 0px) and (max-width: 480px) 480px, (min-width: 481px) 1140px, 100vw\" \/><\/p>\n<p>Autor: CX<\/p>","protected":false},"excerpt":{"rendered":"<p>Getreidetransportgetriebe FMP-1001 Abmessungen Getreidetransportgetriebe FMP-1001 Spezifikationen Produktname Getreidetransportgetriebe Modell EP-1001 Farbanpassung Material HT250 f\u00fcr Geh\u00e4use, 20CrMnTi f\u00fcr Getriebewelle. Verwendetes Getreidetransportgetriebe Vorteile der Verwendung des Getreidetransportgetriebes FMP-1001 Verbesserte Effizienz: Das Getreidetransportgetriebe FMP-1001 ist f\u00fcr eine optimale Kraft\u00fcbertragung ausgelegt und gew\u00e4hrleistet eine reibungslose und effiziente [\u2026]<\/p>","protected":false},"featured_media":3126,"comment_status":"open","ping_status":"closed","template":"","meta":{"_et_pb_use_builder":"","_et_pb_old_content":"","_et_gb_content_width":""},"product_brand":[],"product_cat":[74],"product_tag":[],"class_list":{"0":"post-3123","1":"product","2":"type-product","3":"status-publish","4":"has-post-thumbnail","6":"product_cat-grain-transportation-gearbox","8":"first","9":"instock","10":"shipping-taxable","11":"product-type-simple"},"_links":{"self":[{"href":"https:\/\/fmp-components.com\/de\/wp-json\/wp\/v2\/product\/3123","targetHints":{"allow":["GET"]}}],"collection":[{"href":"https:\/\/fmp-components.com\/de\/wp-json\/wp\/v2\/product"}],"about":[{"href":"https:\/\/fmp-components.com\/de\/wp-json\/wp\/v2\/types\/product"}],"replies":[{"embeddable":true,"href":"https:\/\/fmp-components.com\/de\/wp-json\/wp\/v2\/comments?post=3123"}],"wp:featuredmedia":[{"embeddable":true,"href":"https:\/\/fmp-components.com\/de\/wp-json\/wp\/v2\/media\/3126"}],"wp:attachment":[{"href":"https:\/\/fmp-components.com\/de\/wp-json\/wp\/v2\/media?parent=3123"}],"wp:term":[{"taxonomy":"product_brand","embeddable":true,"href":"https:\/\/fmp-components.com\/de\/wp-json\/wp\/v2\/product_brand?post=3123"},{"taxonomy":"product_cat","embeddable":true,"href":"https:\/\/fmp-components.com\/de\/wp-json\/wp\/v2\/product_cat?post=3123"},{"taxonomy":"product_tag","embeddable":true,"href":"https:\/\/fmp-components.com\/de\/wp-json\/wp\/v2\/product_tag?post=3123"}],"curies":[{"name":"wp","href":"https:\/\/api.w.org\/{rel}","templated":true}]}}