{"id":3119,"date":"2025-01-05T02:26:27","date_gmt":"2025-01-05T02:26:27","guid":{"rendered":"https:\/\/fmp-components.com\/?page_id=8"},"modified":"2025-01-05T02:26:27","modified_gmt":"2025-01-05T02:26:27","slug":"grain-transportation-gearbox-fmp-1002-for-agricultural-grain-transportation","status":"publish","type":"product","link":"https:\/\/fmp-components.com\/de\/product\/grain-transportation-gearbox-fmp-1002-for-agricultural-grain-transportation\/","title":{"rendered":"Getreidetransportgetriebe FMP-1002 f\u00fcr den landwirtschaftlichen Getreidetransport"},"content":{"rendered":"<h2>Spezifikationen des Getreidetransportgetriebes FMP-1002<\/h2>\n<table border=\"1\" width=\"100%\" cellspacing=\"0\" cellpadding=\"0\">\n<tbody>\n<tr>\n<td>Produktname<\/td>\n<td>Getreidetransportgetriebe<\/td>\n<\/tr>\n<tr>\n<td>Modell<\/td>\n<td>EP-1002<\/td>\n<\/tr>\n<tr>\n<td>Farbe<\/td>\n<td>Anpassung<\/td>\n<\/tr>\n<tr>\n<td>Material<\/td>\n<td>HT250 f\u00fcr Geh\u00e4use, 20CrMnTi f\u00fcr Getriebewelle.<\/td>\n<\/tr>\n<tr>\n<td>Gebraucht<\/td>\n<td>Getreidetransport<\/td>\n<\/tr>\n<\/tbody>\n<\/table>\n<h2>Hauptkomponenten des Getreidetransportgetriebes FMP-1002<\/h2>\n<p>Das Getreidef\u00f6rdergetriebe FMP-1002 ist f\u00fcr optimale Leistung in Getreidef\u00f6rdersystemen wie F\u00f6rderb\u00e4ndern und F\u00f6rderschnecken ausgelegt. Zu den Hauptkomponenten dieses Getriebes geh\u00f6ren:<\/p>\n<p><strong>1. Wohnen:<\/strong><\/p>\n<ul>\n<li>Material: Das Geh\u00e4use besteht typischerweise aus hochwertigem Gusseisen oder langlebigen Legierungen und dient als Hauptschutzgeh\u00e4use f\u00fcr die internen Komponenten.<\/li>\n<li>Funktion: Bietet strukturelle Unterst\u00fctzung und Schutz vor \u00e4u\u00dferem Verschlei\u00df und gew\u00e4hrleistet gleichzeitig die korrekte Ausrichtung der inneren Zahnr\u00e4der.<\/li>\n<\/ul>\n<p><strong>2. Zahnr\u00e4der:<\/strong><\/p>\n<ul>\n<li>Schr\u00e4gverzahnte Zahnr\u00e4der: Schr\u00e4gverzahnte Zahnr\u00e4der werden h\u00e4ufig wegen ihrer Effizienz und ihres leiseren Betriebs eingesetzt. Sie bieten sanftere \u00dcberg\u00e4nge zwischen den Z\u00e4hnen, reduzieren die Ger\u00e4uschentwicklung und verbessern die Gesamtleistung des Getriebes.<\/li>\n<li>Kegelr\u00e4der: In einigen Konstruktionen werden Kegelr\u00e4der eingesetzt, um die Richtung des Kraftflusses zu \u00e4ndern. Sie erm\u00f6glichen es dem Getriebe, in einem Winkel zu arbeiten, wodurch vielseitige Anwendungen m\u00f6glich werden.<\/li>\n<li>Material: Zahnr\u00e4der werden h\u00e4ufig aus geh\u00e4rtetem Stahl oder anderen langlebigen Materialien hergestellt, um den hohen Drehmomenten und mechanischen Belastungen w\u00e4hrend des Betriebs standzuhalten.<\/li>\n<\/ul>\n<p><strong>3. Wellen:<\/strong><\/p>\n<ul>\n<li>Eingangs- und Ausgangswelle: Diese Wellen bilden das prim\u00e4re mechanische Bindeglied zwischen Motor, Getriebe und Getreidef\u00f6rdersystem.<\/li>\n<li>Material: Geh\u00e4rtete Stahlwellen gew\u00e4hrleisten Festigkeit und Langlebigkeit auch unter hoher Belastung.<\/li>\n<\/ul>\n<p><strong>4. Lager:<\/strong><\/p>\n<ul>\n<li>W\u00e4lzlager oder Kugellager: Lager reduzieren die Reibung zwischen rotierenden Teilen, gew\u00e4hrleisten einen reibungslosen Betrieb und minimieren den Verschlei\u00df.<\/li>\n<li>Funktion: Die Lager st\u00fctzen die rotierenden Bauteile und erm\u00f6glichen so ein freies und effizientes Drehen der Zahnr\u00e4der und Wellen bei gleichzeitiger Aufrechterhaltung der korrekten Ausrichtung.<\/li>\n<\/ul>\n<p><strong>5. Dichtungen und Dichtungsringe:<\/strong><\/p>\n<ul>\n<li>Funktion: Sie verhindern das Austreten von Schmierstoff und sch\u00fctzen die internen Bauteile vor Verunreinigungen wie Staub, Schmutz und Feuchtigkeit. Dichtungen tragen zur Aufrechterhaltung der Getriebeeffizienz bei und verhindern vorzeitigen Verschlei\u00df.<\/li>\n<\/ul>\n<p>Durch die Kombination dieser Komponenten bietet das Getreidetransportgetriebe FMP-1002 eine zuverl\u00e4ssige und effiziente Kraft\u00fcbertragung f\u00fcr Getreidef\u00f6rderanlagen und gew\u00e4hrleistet so einen reibungslosen und gleichm\u00e4\u00dfigen Betrieb auch unter hoher Belastung.<\/p>\n<h2><img loading=\"lazy\" decoding=\"async\" class=\"alignnone size-full wp-image-3120\" src=\"https:\/\/fmp-components.com\/wp-content\/uploads\/2025\/01\/Grain-Transportation-Gearbox-3.webp\" alt=\"Getreidetransportgetriebe-3\" width=\"1534\" height=\"1286\" title=\"\" srcset=\"https:\/\/fmp-components.com\/wp-content\/uploads\/2025\/01\/Grain-Transportation-Gearbox-3.webp 1534w, https:\/\/fmp-components.com\/wp-content\/uploads\/2025\/01\/Grain-Transportation-Gearbox-3-1280x1073.webp 1280w, https:\/\/fmp-components.com\/wp-content\/uploads\/2025\/01\/Grain-Transportation-Gearbox-3-980x822.webp 980w, https:\/\/fmp-components.com\/wp-content\/uploads\/2025\/01\/Grain-Transportation-Gearbox-3-480x402.webp 480w\" sizes=\"(min-width: 0px) and (max-width: 480px) 480px, (min-width: 481px) and (max-width: 980px) 980px, (min-width: 981px) and (max-width: 1280px) 1280px, (min-width: 1281px) 1534px, 100vw\" \/>\u00a0Anwendungsbereiche des Getreidetransportgetriebes FMP-1002<\/h2>\n<p>Das Getreidetransportgetriebe FMP-1002 wurde f\u00fcr optimale Leistung in verschiedenen landwirtschaftlichen und industriellen Anwendungen entwickelt, bei denen Getreide und andere Sch\u00fcttg\u00fcter transportiert werden. Seine zuverl\u00e4ssige Kraft\u00fcbertragung und Langlebigkeit machen es ideal f\u00fcr die folgenden Hauptanwendungen:<\/p>\n<p><strong>1. Getreidesilos<\/strong><\/p>\n<ul>\n<li>Anwendung: Wird in Getreidesilos zum Heben und Transportieren von Getreide von einer Ebene zur anderen verwendet.<\/li>\n<li>Funktion: Das Getriebe \u00fcbertr\u00e4gt die Kraft vom Motor auf das F\u00f6rderbandsystem des Elevators und erm\u00f6glicht so den vertikalen Transport von Getreide innerhalb von Lager- oder Verarbeitungsanlagen.<\/li>\n<\/ul>\n<p><strong>2. F\u00f6rdersysteme<\/strong><\/p>\n<ul>\n<li>Anwendung: Getriebe f\u00fcr den Getreidetransport sind unerl\u00e4sslich in F\u00f6rderanlagen, die \u00fcblicherweise zum Transport von Getreide \u00fcber gr\u00f6\u00dfere Entfernungen innerhalb von Verarbeitungsanlagen, Silos oder Lagerbereichen eingesetzt werden.<\/li>\n<li>Funktion: Das Getriebe treibt das F\u00f6rderband an und gew\u00e4hrleistet so einen gleichm\u00e4\u00dfigen und kontinuierlichen Transport des Getreides \u00fcber verschiedene Distanzen und durch unterschiedliche Verarbeitungsstufen.<\/li>\n<\/ul>\n<p><strong>3. Schneckenf\u00f6rderer<\/strong><\/p>\n<ul>\n<li>Anwendung: Wird in F\u00f6rderschnecken und Schneckenf\u00f6rderern zum effizienten Transport von Getreide und anderen Sch\u00fcttg\u00fctern in der Landwirtschaft und in industriellen Anlagen eingesetzt.<\/li>\n<li>Funktion: Das Getriebe treibt den Schneckenmechanismus an und erm\u00f6glicht so den Transport von Getreide von einem Beh\u00e4lter in einen anderen oder zwischen verschiedenen Stufen der Verarbeitungslinie.<\/li>\n<\/ul>\n<p><strong>4. Getreideernteger\u00e4te<\/strong><\/p>\n<ul>\n<li>Anwendung: Das Getriebe ist in M\u00e4hdrescher und andere Getreideerntemaschinen integriert und erleichtert den Transport des geernteten Getreides vom Sammelbereich zum Lagerraum oder Beh\u00e4lter.<\/li>\n<li>Funktion: Das Getriebe unterst\u00fctzt den Antrieb der F\u00f6rderb\u00e4nder, Schnecken oder anderer Getreidetransportkomponenten im M\u00e4hdrescher und gew\u00e4hrleistet so ein schnelles und effizientes Entladen des Getreides.<\/li>\n<\/ul>\n<p><strong>5. Getreidelagersysteme<\/strong><\/p>\n<ul>\n<li>Anwendung: Wird in Getreidelagersystemen verwendet, insbesondere f\u00fcr den Transport von Getreide in Silos oder Lagerbeh\u00e4lter.<\/li>\n<li>Funktion: Das Getriebe treibt F\u00f6rderb\u00e4nder oder Schneckenf\u00f6rderanlagen an und gew\u00e4hrleistet so einen reibungslosen Transport und die Lagerung von Getreide innerhalb der Anlage.<\/li>\n<\/ul>\n<p>Das Getreidetransportgetriebe FMP-1002 ist eine vielseitige und effiziente Komponente, die im gesamten Agrarsektor weit verbreitet ist und einen reibungslosen, gleichm\u00e4\u00dfigen und zuverl\u00e4ssigen Transport von Getreide und Sch\u00fcttg\u00fctern in verschiedenen Systemen gew\u00e4hrleistet.<\/p>\n<p><img loading=\"lazy\" decoding=\"async\" class=\"alignnone size-full wp-image-3096\" src=\"https:\/\/fmp-components.com\/wp-content\/uploads\/2025\/01\/Grain-Storage-Gearbox-28.webp\" alt=\"Getreidelagergetriebe\" width=\"1200\" height=\"950\" title=\"\" srcset=\"https:\/\/fmp-components.com\/wp-content\/uploads\/2025\/01\/Grain-Storage-Gearbox-28.webp 1200w, https:\/\/fmp-components.com\/wp-content\/uploads\/2025\/01\/Grain-Storage-Gearbox-28-980x776.webp 980w, https:\/\/fmp-components.com\/wp-content\/uploads\/2025\/01\/Grain-Storage-Gearbox-28-480x380.webp 480w\" sizes=\"(min-width: 0px) and (max-width: 480px) 480px, (min-width: 481px) and (max-width: 980px) 980px, (min-width: 981px) 1200px, 100vw\" \/><\/p>\n<h3>\u00dcber FMP<\/h3>\n<p>FMP mit Hauptsitz in Italien ist ein f\u00fchrender Hersteller, der f\u00fcr seine Expertise in der Entwicklung und Produktion von Hochleistungsgetrieben bekannt ist und sich vor allem auf den Landmaschinensektor konzentriert. FMP genie\u00dft hohes Ansehen f\u00fcr Pr\u00e4zisionstechnik, innovative L\u00f6sungen und best\u00e4ndige Zuverl\u00e4ssigkeit und hat sich in der Landwirtschaft und Industrie einen hervorragenden Ruf als verl\u00e4sslicher Partner erworben. Unser vielf\u00e4ltiges Portfolio umfasst kundenspezifisch gefertigte Getriebe f\u00fcr Rasenm\u00e4her, Zapfwellen und eine breite Palette weiterer wichtiger Komponenten, die jeweils sorgf\u00e4ltig auf die spezifischen Anforderungen verschiedener Anwendungen zugeschnitten sind.<\/p>\n<p>Wir bei FMP wissen, dass jeder Kunde vor individuellen Herausforderungen steht. Dieses Verst\u00e4ndnis treibt uns an, ma\u00dfgeschneiderte L\u00f6sungen zu entwickeln \u2013 ob f\u00fcr einzelne Komponenten oder vollst\u00e4ndig integrierte Systeme. Durch die enge Zusammenarbeit mit unseren Kunden stellen wir sicher, dass jede L\u00f6sung nicht nur deren spezifische Bed\u00fcrfnisse erf\u00fcllt, sondern auch die Leistung optimiert und den Nutzen maximiert. Unser Engagement f\u00fcr zeitnahe, professionelle Antworten und kompetente Beratung garantiert, dass jede Anfrage pr\u00e4zise bearbeitet wird und stets optimale Ergebnisse erzielt werden.<\/p>\n<p>Wir legen gro\u00dfen Wert auf transparente und kontinuierliche Kommunikation w\u00e4hrend des gesamten Produktentwicklungsprozesses. Unser engagiertes Team arbeitet eng mit unseren Kunden zusammen, um deren Anforderungen vollst\u00e4ndig zu verstehen und wertvolle Erkenntnisse und Empfehlungen f\u00fcr optimale Ergebnisse zu liefern. Ob es um die Entwicklung innovativer Produkte oder die Abwicklung von Routineauftr\u00e4gen geht \u2013 FMP liefert stets termingerecht hochwertige und pr\u00e4zise L\u00f6sungen. Unser Ziel ist es, die Erwartungen unserer Kunden zu \u00fcbertreffen und bei jedem Projekt herausragenden Service und exzellente Ergebnisse zu erzielen.<\/p>\n<p>Im Zentrum der Gesch\u00e4ftst\u00e4tigkeit von FMP steht unser unersch\u00fctterliches Qualit\u00e4tsversprechen. Wir halten uns an h\u00f6chste Fertigungsstandards und setzen strenge Qualit\u00e4tskontrollprozesse ein, um sicherzustellen, dass jedes Produkt die Branchenstandards nicht nur erf\u00fcllt, sondern \u00fcbertrifft. Dieser konsequente Fokus auf Exzellenz, kombiniert mit unseren Kernwerten Integrit\u00e4t, Teamwork und Beharrlichkeit, hat es uns erm\u00f6glicht, langfristige, vertrauensvolle Beziehungen zu Kunden in fast 30 L\u00e4ndern weltweit aufzubauen.<\/p>\n<p>Wir bei FMP sind stets bestrebt, globale Partnerschaften zu f\u00f6rdern, indem wir kompetente Beratung und ma\u00dfgeschneiderte L\u00f6sungen anbieten, die den sich stetig wandelnden Bed\u00fcrfnissen unserer Kunden gerecht werden. Wir streben langfristige, f\u00fcr beide Seiten vorteilhafte Beziehungen an, die zum Erfolg jedes Projekts beitragen. Ob Sie innovative L\u00f6sungen f\u00fcr eine neue Initiative oder fortlaufende Unterst\u00fctzung f\u00fcr ein bestehendes System suchen \u2013 FMP hilft Ihnen, technische Herausforderungen zu meistern und Ihren nachhaltigen Erfolg zu sichern.<\/p>\n<p><img loading=\"lazy\" decoding=\"async\" class=\"alignnone wp-image-2695\" src=\"https:\/\/fmp-components.com\/wp-content\/uploads\/2025\/01\/agricultural-gearbox3.webp\" alt=\"Agrargetriebe\" width=\"1140\" height=\"1138\" title=\"\" srcset=\"https:\/\/fmp-components.com\/wp-content\/uploads\/2025\/01\/agricultural-gearbox3.webp 1140w, https:\/\/fmp-components.com\/wp-content\/uploads\/2025\/01\/agricultural-gearbox3-480x479.webp 480w\" sizes=\"(min-width: 0px) and (max-width: 480px) 480px, (min-width: 481px) 1140px, 100vw\" \/><\/p>\n<p>Autor: CX<\/p>\n<p>&nbsp;<\/p>\n<p>&nbsp;<\/p>","protected":false},"excerpt":{"rendered":"<p>Grain Transportation Gearbox FMP-1002 Specifications Product Name Grain transportation gearbox Model EP-1002 Color Customization Material HT250 for housing, 20CrMnTi for gear shaft. Used Grain transportation Key Components of Grain Transportation Gearbox FMP-1002 The Grain Transportation Gearbox FMP-1002 is designed to provide optimal performance for grain transportation systems, such as conveyors and augers. Key components of [&hellip;]<\/p>","protected":false},"featured_media":3121,"comment_status":"open","ping_status":"closed","template":"","meta":{"_et_pb_use_builder":"","_et_pb_old_content":"","_et_gb_content_width":""},"product_brand":[],"product_cat":[74],"product_tag":[],"class_list":{"0":"post-3119","1":"product","2":"type-product","3":"status-publish","4":"has-post-thumbnail","6":"product_cat-grain-transportation-gearbox","8":"first","9":"instock","10":"shipping-taxable","11":"product-type-simple"},"_links":{"self":[{"href":"https:\/\/fmp-components.com\/de\/wp-json\/wp\/v2\/product\/3119","targetHints":{"allow":["GET"]}}],"collection":[{"href":"https:\/\/fmp-components.com\/de\/wp-json\/wp\/v2\/product"}],"about":[{"href":"https:\/\/fmp-components.com\/de\/wp-json\/wp\/v2\/types\/product"}],"replies":[{"embeddable":true,"href":"https:\/\/fmp-components.com\/de\/wp-json\/wp\/v2\/comments?post=3119"}],"wp:featuredmedia":[{"embeddable":true,"href":"https:\/\/fmp-components.com\/de\/wp-json\/wp\/v2\/media\/3121"}],"wp:attachment":[{"href":"https:\/\/fmp-components.com\/de\/wp-json\/wp\/v2\/media?parent=3119"}],"wp:term":[{"taxonomy":"product_brand","embeddable":true,"href":"https:\/\/fmp-components.com\/de\/wp-json\/wp\/v2\/product_brand?post=3119"},{"taxonomy":"product_cat","embeddable":true,"href":"https:\/\/fmp-components.com\/de\/wp-json\/wp\/v2\/product_cat?post=3119"},{"taxonomy":"product_tag","embeddable":true,"href":"https:\/\/fmp-components.com\/de\/wp-json\/wp\/v2\/product_tag?post=3119"}],"curies":[{"name":"wp","href":"https:\/\/api.w.org\/{rel}","templated":true}]}}