{"id":3110,"date":"2025-01-05T01:34:53","date_gmt":"2025-01-05T01:34:53","guid":{"rendered":"https:\/\/fmp-components.com\/?page_id=8"},"modified":"2025-01-05T01:34:53","modified_gmt":"2025-01-05T01:34:53","slug":"grain-storage-gearbox-fmp-1003-for-agricultural-grain-storage","status":"publish","type":"product","link":"https:\/\/fmp-components.com\/de\/product\/grain-storage-gearbox-fmp-1003-for-agricultural-grain-storage\/","title":{"rendered":"Getreidelagergetriebe FMP-1003 f\u00fcr die landwirtschaftliche Getreidelagerung"},"content":{"rendered":"<p><img loading=\"lazy\" decoding=\"async\" class=\"size-full wp-image-3111 aligncenter\" src=\"https:\/\/fmp-components.com\/wp-content\/uploads\/2025\/01\/Grain-Transportation-Gearbox-4.webp\" alt=\"Getreidetransportgetriebe-4\" width=\"800\" height=\"800\" title=\"\" srcset=\"https:\/\/fmp-components.com\/wp-content\/uploads\/2025\/01\/Grain-Transportation-Gearbox-4.webp 800w, https:\/\/fmp-components.com\/wp-content\/uploads\/2025\/01\/Grain-Transportation-Gearbox-4-480x480.webp 480w\" sizes=\"(min-width: 0px) and (max-width: 480px) 480px, (min-width: 481px) 800px, 100vw\" \/><\/p>\n<h2>Spezifikationen des Getreidelagergetriebes FMP-1003<\/h2>\n<table style=\"width: 100%; height: 115px;\" border=\"1\" width=\"100%\" cellspacing=\"0\" cellpadding=\"0\">\n<tbody>\n<tr class=\"firstRow\" style=\"height: 23px;\">\n<td style=\"height: 23px;\">Produktname<\/td>\n<td style=\"height: 23px;\">Getreidelagergetriebe<\/td>\n<\/tr>\n<tr style=\"height: 23px;\">\n<td style=\"height: 23px;\">Modell<\/td>\n<td style=\"height: 23px;\">FMP-1003<\/td>\n<\/tr>\n<tr style=\"height: 23px;\">\n<td style=\"height: 23px;\">Farbe<\/td>\n<td style=\"height: 23px;\">Anpassung<\/td>\n<\/tr>\n<tr style=\"height: 23px;\">\n<td style=\"height: 23px;\">Material<\/td>\n<td style=\"height: 23px;\">HT250 f\u00fcr Geh\u00e4use, 20CrMnTi f\u00fcr Getriebewelle.<\/td>\n<\/tr>\n<tr style=\"height: 23px;\">\n<td style=\"height: 23px;\">Gebraucht<\/td>\n<td style=\"height: 23px;\">Getreidelagerung<\/td>\n<\/tr>\n<\/tbody>\n<\/table>\n<h2>Vorteile der Verwendung eines Getreidelagergetriebes f\u00fcr die Getreidelagerung<\/h2>\n<ol>\n<li><strong>Verbesserte betriebliche Effizienz<\/strong><br \/>\nGetreidelagergetriebe sind so konstruiert, dass sie den Transport und die Handhabung von Getreide optimieren. Sie gew\u00e4hrleisten einen reibungslosen Betrieb des Getreidelagersystems, minimieren Ausfallzeiten und maximieren den Durchsatz. Durch die zuverl\u00e4ssige und effiziente Kraft\u00fcbertragung tragen diese Getriebe zum kontinuierlichen Betrieb von Getreidelagern bei.<\/li>\n<li><strong>Haltbarkeit und Langlebigkeit<\/strong><br \/>\nGetriebe f\u00fcr Getreidelager sind so konstruiert, dass sie den rauen Bedingungen in der Landwirtschaft standhalten, darunter hohe Belastungen, Staub und Feuchtigkeit. Ihre robuste Bauweise gew\u00e4hrleistet eine lange Lebensdauer und reduziert den Bedarf an h\u00e4ufigen Reparaturen oder Austauschteilen. Diese Langlebigkeit f\u00fchrt zu geringeren Wartungskosten und erh\u00f6hter Betriebszeit.<\/li>\n<li><strong>Pr\u00e4zise Steuerung und Anpassungsf\u00e4higkeit<\/strong><br \/>\nDie in Getreidelagersystemen eingesetzten Getriebe erm\u00f6glichen eine pr\u00e4zise Steuerung von Drehzahl und Drehmoment, was f\u00fcr die effiziente Getreidehandhabung unerl\u00e4sslich ist. Diese Anpassungsf\u00e4higkeit erlaubt eine individualisierte Leistung und macht das System vielseitiger und f\u00fcr unterschiedliche Getreidearten, -mengen und Lagerbedingungen geeignet.<\/li>\n<li><strong>Energieeffizienz<\/strong><br \/>\nModerne Getriebe f\u00fcr Getreidelager sind auf Energieeffizienz ausgelegt. Durch die Reduzierung von Energieverlusten bei der Kraft\u00fcbertragung tragen diese Getriebe zur Senkung der Betriebskosten bei. Dies ist besonders wichtig f\u00fcr gro\u00dfe Getreidelagerbetriebe, bei denen der Energieverbrauch einen erheblichen Teil der Gesamtkosten ausmachen kann.<\/li>\n<li><strong>Verbesserte Getreidequalit\u00e4tserhaltung<\/strong><br \/>\nDer reibungslose und gleichm\u00e4\u00dfige Betrieb von Getreidef\u00f6rderanlagen, erm\u00f6glicht durch hochwertige Getriebe, tr\u00e4gt dazu bei, Besch\u00e4digungen des Getreides zu vermeiden. Sachgerechte Handhabung und reduzierter Getreidebruch tragen zu einer besseren Erhaltung der Getreidequalit\u00e4t bei und gew\u00e4hrleisten, dass gelagertes Getreide seinen Marktwert und N\u00e4hrwert beh\u00e4lt.<\/li>\n<\/ol>\n<p>Zusammenfassend l\u00e4sst sich sagen, dass der Einsatz von Getrieben in Getreidespeichern die Leistung, Effizienz und Sicherheit von Getreidef\u00f6rderanlagen deutlich verbessert. Sie tragen zu einer besseren Getreidekonservierung, reduzierten Betriebskosten und einer l\u00e4ngeren Lebensdauer der Systeme bei und sind somit ein unverzichtbarer Bestandteil moderner Getreidelager.<\/p>\n<p><img loading=\"lazy\" decoding=\"async\" class=\"alignnone size-full wp-image-3114\" src=\"https:\/\/fmp-components.com\/wp-content\/uploads\/2025\/01\/lSmPwVjn-Grain-Transportation-Gearbox-8.webp\" alt=\"Getreidetransportgetriebe-8\" width=\"1534\" height=\"1286\" title=\"\" srcset=\"https:\/\/fmp-components.com\/wp-content\/uploads\/2025\/01\/lSmPwVjn-Grain-Transportation-Gearbox-8.webp 1534w, https:\/\/fmp-components.com\/wp-content\/uploads\/2025\/01\/lSmPwVjn-Grain-Transportation-Gearbox-8-1280x1073.webp 1280w, https:\/\/fmp-components.com\/wp-content\/uploads\/2025\/01\/lSmPwVjn-Grain-Transportation-Gearbox-8-980x822.webp 980w, https:\/\/fmp-components.com\/wp-content\/uploads\/2025\/01\/lSmPwVjn-Grain-Transportation-Gearbox-8-480x402.webp 480w\" sizes=\"(min-width: 0px) and (max-width: 480px) 480px, (min-width: 481px) and (max-width: 980px) 980px, (min-width: 981px) and (max-width: 1280px) 1280px, (min-width: 1281px) 1534px, 100vw\" \/><\/p>\n<h2 data-pm-slice=\"0 0 []\">Hauptkomponenten des Getreidelagergetriebes<\/h2>\n<ol>\n<li><strong>Eingangswelle<\/strong><br \/>\nDie Eingangswelle ist das Bauteil, das die Antriebskraft von der Energiequelle, typischerweise einem Elektromotor oder Verbrennungsmotor, aufnimmt. Sie \u00fcbertr\u00e4gt diese Kraft an das Getriebe, wo sie dann an andere Komponenten verteilt wird, um das System zu betreiben. Die Eingangswelle ist f\u00fcr hohe Drehmomente und Drehzahlen ausgelegt.<\/li>\n<li><strong>Getriebe<\/strong><br \/>\nDie Zahnr\u00e4der sind die Kernkomponenten des Getriebes und f\u00fcr die Kraft- und Bewegungs\u00fcbertragung verantwortlich. Je nach gew\u00fcnschter Leistung gibt es verschiedene Ausf\u00fchrungen (z. B. Kegelr\u00e4der, Schr\u00e4gverzahnungen, Stirnr\u00e4der). Im Getreidespeichersystem steuern die Zahnr\u00e4der Drehzahl, Drehmoment und Bewegungsrichtung. Die pr\u00e4zise Anordnung der Zahnr\u00e4der bestimmt die Effizienz und Leistung des Getriebes.<\/li>\n<li><strong>Abtriebswelle<\/strong><br \/>\nDie Abtriebswelle \u00fcbertr\u00e4gt die Bewegung vom Getriebe auf die Getreidef\u00f6rderanlagen, wie z. B. F\u00f6rderb\u00e4nder, Elevatoren oder Ventilatoren. Sie spielt eine entscheidende Rolle bei der Steuerung von Richtung und Geschwindigkeit des Getreidetransports und gew\u00e4hrleistet so den ordnungsgem\u00e4\u00dfen Betrieb des Lagersystems.<\/li>\n<li><strong>Lager<\/strong><br \/>\nLager st\u00fctzen die rotierenden Teile des Getriebes, wie beispielsweise die Ein- und Ausgangswellen sowie die Zahnr\u00e4der. Sie reduzieren die Reibung und gew\u00e4hrleisten einen reibungslosen Lauf, was Verschlei\u00df vorbeugt, den Energieverbrauch senkt und die Lebensdauer des Getriebes verl\u00e4ngert. Hochwertige Lager sind unerl\u00e4sslich, um den Wartungsaufwand zu minimieren und die Effizienz des Getriebes sicherzustellen.<\/li>\n<li><strong>Wohnung\/Fall<\/strong><br \/>\nDas Geh\u00e4use, auch Getriebegeh\u00e4use genannt, ist die \u00e4u\u00dfere H\u00fclle des Getriebes, die die internen Komponenten umschlie\u00dft und sch\u00fctzt. Es besteht aus robusten Materialien wie Gusseisen oder Stahl und sch\u00fctzt Zahnr\u00e4der, Lager und andere Teile vor Staub, Feuchtigkeit und Besch\u00e4digungen. Zudem tr\u00e4gt das Geh\u00e4use zur W\u00e4rmeableitung bei und verhindert so eine \u00dcberhitzung.<\/li>\n<\/ol>\n<p>Die wichtigsten Komponenten eines Getreidelagergetriebes arbeiten zusammen, um einen reibungslosen, effizienten und zuverl\u00e4ssigen Betrieb der Getreidef\u00f6rder- und Lagersysteme zu gew\u00e4hrleisten. Von der Eingangswelle, die die Kraft auf die Zahnr\u00e4der und Lager \u00fcbertr\u00e4gt, die die Bewegung erm\u00f6glichen, bis hin zum Schutzgeh\u00e4use und dem Schmiersystem spielt jedes Teil eine entscheidende Rolle f\u00fcr maximale Leistung und lange Lebensdauer des Getriebes.<\/p>\n<p><img loading=\"lazy\" decoding=\"async\" class=\"alignnone size-full wp-image-3113\" src=\"https:\/\/fmp-components.com\/wp-content\/uploads\/2025\/01\/Grain-Transportation-Gearbox-29-1.webp\" alt=\"Getreidetransportgetriebe-29\" width=\"1060\" height=\"561\" title=\"\" srcset=\"https:\/\/fmp-components.com\/wp-content\/uploads\/2025\/01\/Grain-Transportation-Gearbox-29-1.webp 1060w, https:\/\/fmp-components.com\/wp-content\/uploads\/2025\/01\/Grain-Transportation-Gearbox-29-1-980x519.webp 980w, https:\/\/fmp-components.com\/wp-content\/uploads\/2025\/01\/Grain-Transportation-Gearbox-29-1-480x254.webp 480w\" sizes=\"(min-width: 0px) and (max-width: 480px) 480px, (min-width: 481px) and (max-width: 980px) 980px, (min-width: 981px) 1060px, 100vw\" \/><\/p>\n<h3>\u00dcber FMP<\/h3>\n<p>FMP mit Hauptsitz in Italien ist ein f\u00fchrender Hersteller, der f\u00fcr seine Expertise in der Entwicklung und Produktion von Hochleistungsgetrieben bekannt ist, insbesondere f\u00fcr den Landmaschinensektor. FMP genie\u00dft hohes Ansehen f\u00fcr Pr\u00e4zisionstechnik, innovative L\u00f6sungen und absolute Zuverl\u00e4ssigkeit und hat sich als verl\u00e4sslicher Partner in der Landwirtschaft und der Industrie etabliert. Unser umfangreiches Portfolio umfasst kundenspezifische Getriebe f\u00fcr Rasenm\u00e4her, Zapfwellen und eine Vielzahl weiterer Komponenten \u2013 jede einzelne sorgf\u00e4ltig konstruiert, um den spezifischen Anforderungen unterschiedlichster Anwendungen gerecht zu werden.<\/p>\n<p>Wir bei FMP wissen, dass jeder Kunde vor individuellen Herausforderungen steht. Dieses Verst\u00e4ndnis bildet die Grundlage unserer Spezialisierung auf ma\u00dfgeschneiderte L\u00f6sungen \u2013 ob f\u00fcr einzelne Komponenten oder vollst\u00e4ndig integrierte Systeme. Durch die enge Zusammenarbeit mit unseren Kunden stellen wir sicher, dass jede L\u00f6sung nicht nur deren individuelle Bed\u00fcrfnisse erf\u00fcllt, sondern auch die Leistung steigert und den Wert maximiert. Unser Engagement f\u00fcr zeitnahe, professionelle Antworten und kompetente Beratung garantiert, dass jede Anfrage pr\u00e4zise bearbeitet wird und stets optimale Ergebnisse erzielt werden.<\/p>\n<p>Wir legen gro\u00dfen Wert auf klare und kontinuierliche Kommunikation w\u00e4hrend des gesamten Produktentwicklungsprozesses. Unser engagiertes Team arbeitet eng mit unseren Kunden zusammen, um deren Anforderungen genau zu verstehen und wertvolle Erkenntnisse und Empfehlungen zu liefern, die optimale Ergebnisse gew\u00e4hrleisten. Ob wir innovative Produkte entwickeln oder Routineauftr\u00e4ge abwickeln \u2013 FMP liefert stets termingerecht hochwertige, pr\u00e4zisionsgefertigte L\u00f6sungen. Unsere Mission ist es, die Erwartungen unserer Kunden kontinuierlich zu \u00fcbertreffen und bei jedem Projekt herausragenden Service und exzellente Ergebnisse zu liefern.<\/p>\n<p>Qualit\u00e4t steht im Mittelpunkt der Gesch\u00e4ftst\u00e4tigkeit von FMP. Wir halten uns an h\u00f6chste Fertigungsstandards und setzen strenge Qualit\u00e4tskontrollprozesse ein, um sicherzustellen, dass jedes Produkt die Branchenstandards nicht nur erf\u00fcllt, sondern \u00fcbertrifft. Dieses unersch\u00fctterliche Streben nach Exzellenz, gepaart mit unseren Kernwerten Integrit\u00e4t, Teamwork und Beharrlichkeit, hat es uns erm\u00f6glicht, langfristige, vertrauensvolle Beziehungen zu Kunden in fast 30 L\u00e4ndern weltweit aufzubauen.<\/p>\n<p>Wir bei FMP sind stets bestrebt, globale Partnerschaften aufzubauen, indem wir kompetente Beratung und ma\u00dfgeschneiderte L\u00f6sungen anbieten, die den sich stetig wandelnden Bed\u00fcrfnissen unserer Kunden gerecht werden. Unser Ziel ist der Aufbau langfristiger, f\u00fcr beide Seiten vorteilhafter Beziehungen, die zum Erfolg jedes Projekts beitragen. Ob Sie innovative L\u00f6sungen f\u00fcr eine neue Initiative oder fortlaufende Unterst\u00fctzung f\u00fcr ein bestehendes System ben\u00f6tigen \u2013 FMP unterst\u00fctzt Sie bei der Bew\u00e4ltigung technischer Herausforderungen und sichert Ihren nachhaltigen Erfolg.<\/p>\n<p><img loading=\"lazy\" decoding=\"async\" class=\"alignnone wp-image-2695\" src=\"https:\/\/fmp-components.com\/wp-content\/uploads\/2025\/01\/agricultural-gearbox3.webp\" alt=\"Agrargetriebe\" width=\"1140\" height=\"1138\" title=\"\" srcset=\"https:\/\/fmp-components.com\/wp-content\/uploads\/2025\/01\/agricultural-gearbox3.webp 1140w, https:\/\/fmp-components.com\/wp-content\/uploads\/2025\/01\/agricultural-gearbox3-480x479.webp 480w\" sizes=\"(min-width: 0px) and (max-width: 480px) 480px, (min-width: 481px) 1140px, 100vw\" \/><\/p>\n<p>Autor: CX<\/p>","protected":false},"excerpt":{"rendered":"<p>Grain Storage Gearbox FMP-1003 Specifications Product Name Grain\u00a0storage\u00a0gearbox Model FMP-1003 Color Customization Material HT250 for housing, 20CrMnTi for gear shaft. Used Grain\u00a0storage Benefits of Using Grain Storage Gearbox for Grain Storage Enhanced Operational Efficiency Grain storage gearboxes are designed to optimize the movement and handling of grain. They ensure that the grain storage system operates [&hellip;]<\/p>","protected":false},"featured_media":3112,"comment_status":"open","ping_status":"closed","template":"","meta":{"_et_pb_use_builder":"","_et_pb_old_content":"","_et_gb_content_width":""},"product_brand":[],"product_cat":[73],"product_tag":[],"class_list":{"0":"post-3110","1":"product","2":"type-product","3":"status-publish","4":"has-post-thumbnail","6":"product_cat-grain-storage-gearbox","8":"first","9":"instock","10":"shipping-taxable","11":"product-type-simple"},"_links":{"self":[{"href":"https:\/\/fmp-components.com\/de\/wp-json\/wp\/v2\/product\/3110","targetHints":{"allow":["GET"]}}],"collection":[{"href":"https:\/\/fmp-components.com\/de\/wp-json\/wp\/v2\/product"}],"about":[{"href":"https:\/\/fmp-components.com\/de\/wp-json\/wp\/v2\/types\/product"}],"replies":[{"embeddable":true,"href":"https:\/\/fmp-components.com\/de\/wp-json\/wp\/v2\/comments?post=3110"}],"wp:featuredmedia":[{"embeddable":true,"href":"https:\/\/fmp-components.com\/de\/wp-json\/wp\/v2\/media\/3112"}],"wp:attachment":[{"href":"https:\/\/fmp-components.com\/de\/wp-json\/wp\/v2\/media?parent=3110"}],"wp:term":[{"taxonomy":"product_brand","embeddable":true,"href":"https:\/\/fmp-components.com\/de\/wp-json\/wp\/v2\/product_brand?post=3110"},{"taxonomy":"product_cat","embeddable":true,"href":"https:\/\/fmp-components.com\/de\/wp-json\/wp\/v2\/product_cat?post=3110"},{"taxonomy":"product_tag","embeddable":true,"href":"https:\/\/fmp-components.com\/de\/wp-json\/wp\/v2\/product_tag?post=3110"}],"curies":[{"name":"wp","href":"https:\/\/api.w.org\/{rel}","templated":true}]}}