{"id":3107,"date":"2025-01-05T01:22:07","date_gmt":"2025-01-05T01:22:07","guid":{"rendered":"https:\/\/fmp-components.com\/?page_id=8"},"modified":"2025-01-05T01:22:08","modified_gmt":"2025-01-05T01:22:08","slug":"l-series-grain-storage-gearbox-fmp-1005-for-agricultural-grain-storage","status":"publish","type":"product","link":"https:\/\/fmp-components.com\/de\/product\/l-series-grain-storage-gearbox-fmp-1005-for-agricultural-grain-storage\/","title":{"rendered":"Getreidelagergetriebe der L-Serie FMP-1005 f\u00fcr die landwirtschaftliche Getreidelagerung"},"content":{"rendered":"<h2>Spezifikationen des Getreidelagergetriebes FMP-1005<\/h2>\n<table style=\"width: 98.7251%;\" border=\"1\" cellspacing=\"0\" cellpadding=\"0\">\n<tbody>\n<tr class=\"firstRow\">\n<td style=\"width: 24.7312%;\">Produktname<\/td>\n<td style=\"width: 257.354%;\">Getreidelagergetriebe<\/td>\n<\/tr>\n<tr>\n<td style=\"width: 24.7312%;\">Material<\/td>\n<td style=\"width: 257.354%;\">HT250 f\u00fcr das Geh\u00e4use, 40CrMnTi f\u00fcr die Getriebewelle.<\/td>\n<\/tr>\n<tr>\n<td style=\"width: 24.7312%;\">Farbe<\/td>\n<td style=\"width: 257.354%;\">Anpassung<\/td>\n<\/tr>\n<tr>\n<td style=\"width: 24.7312%;\">Schimmel Nr.<\/td>\n<td style=\"width: 257.354%;\">6.5<\/td>\n<\/tr>\n<tr>\n<td style=\"width: 24.7312%;\">Gebraucht<\/td>\n<td style=\"width: 257.354%;\">Getreidelagerung<\/td>\n<\/tr>\n<\/tbody>\n<\/table>\n<h2>Vorteile der Verwendung des Getreidespeichergetriebes FMP-1005<\/h2>\n<p>Das Getreidelagergetriebe FMP-1005 bietet zahlreiche Vorteile, die seine Funktionalit\u00e4t, Effizienz und Zuverl\u00e4ssigkeit in landwirtschaftlichen Getreidelagersystemen verbessern. Im Folgenden sind die wichtigsten Vorteile dieses Getriebes aufgef\u00fchrt:<\/p>\n<p><strong>1. Verbesserte Effizienz<\/strong><\/p>\n<ul>\n<li>Optimierung der Kraft\u00fcbertragung: Das Getriebe FMP-1005 ist f\u00fcr die effiziente Kraft\u00fcbertragung vom Motor auf die Getreidef\u00f6rderanlage ausgelegt. Es reduziert Energieverluste und gew\u00e4hrleistet, dass ein Gro\u00dfteil der Eingangsleistung effektiv in Ausgangsleistung umgewandelt wird. Dies f\u00fchrt zu einem effizienteren Betrieb, geringerem Energieverbrauch und niedrigeren Betriebskosten.<\/li>\n<\/ul>\n<p><strong>2. Hohes Drehmoment<\/strong><\/p>\n<ul>\n<li>Verbesserte Lastaufnahme: Das Getriebe FMP-1005 ist f\u00fcr hohe Drehmomente ausgelegt und eignet sich daher ideal f\u00fcr anspruchsvolle Getreidelageranwendungen, die einen hohen Kraftaufwand zum Bewegen oder Verarbeiten von Getreide erfordern. Es treibt leistungsstarke Anlagen wie F\u00f6rderb\u00e4nder, Schneckenf\u00f6rderer und Getreidesilos an und gew\u00e4hrleistet einen reibungslosen Betrieb auch unter hoher Last.<\/li>\n<\/ul>\n<p><strong>3. Reibungsloser und zuverl\u00e4ssiger Betrieb<\/strong><\/p>\n<ul>\n<li>Reduzierte Vibrationen und Ger\u00e4usche: Dank pr\u00e4ziser Konstruktion arbeitet das Getriebe FMP-1005 besonders vibrationsarm und ruhig. Dies gew\u00e4hrleistet nicht nur eine stabilere und gleichm\u00e4\u00dfigere Leistung, sondern senkt auch den Ger\u00e4uschpegel im Getreidelager und sorgt so f\u00fcr ein angenehmeres Arbeitsumfeld.<\/li>\n<\/ul>\n<p><strong>4. Haltbarkeit und Langlebigkeit<\/strong><\/p>\n<ul>\n<li>Robustes Design: Das Getriebe ist aus hochwertigen Materialien gefertigt, die den rauen Umgebungsbedingungen in der Landwirtschaft, wie Staub, Feuchtigkeit und Temperaturschwankungen, standhalten. Seine robuste Bauweise gew\u00e4hrleistet eine lange Lebensdauer und reduziert den Bedarf an h\u00e4ufiger Wartung oder Austausch.<\/li>\n<\/ul>\n<p><strong>5. Minimaler Wartungsaufwand<\/strong><\/p>\n<ul>\n<li>Langlebige Komponenten: Dank hochfester Zahnr\u00e4der und eines durchdachten Schmiersystems ben\u00f6tigt das Getriebe FMP-1005 weniger Wartung. Die internen Komponenten sind vor Verschlei\u00df gesch\u00fctzt, wodurch Ausfallzeiten und Servicekosten langfristig reduziert werden.<\/li>\n<\/ul>\n<p>Das Getreidelagergetriebe FMP-1005 bietet zahlreiche Vorteile, darunter verbesserte Betriebseffizienz, hohes Drehmoment, Zuverl\u00e4ssigkeit und Langlebigkeit. Dank seines ruhigen Laufs, des geringen Wartungsaufwands und seiner vielseitigen Einsatzm\u00f6glichkeiten ist es eine unverzichtbare Komponente zur Optimierung von Getreidelager- und -f\u00f6rdersystemen. Dieses Getriebe gew\u00e4hrleistet nicht nur eine bessere Leistung, sondern tr\u00e4gt auch zur Senkung der Betriebskosten und zur Verl\u00e4ngerung der Lebensdauer von Landmaschinen bei.<\/p>\n<p><img loading=\"lazy\" decoding=\"async\" class=\"alignnone size-full wp-image-3108\" src=\"https:\/\/fmp-components.com\/wp-content\/uploads\/2025\/01\/Grain-Transportation-Gearbox-29.webp\" alt=\"Getreidetransportgetriebe\" width=\"1060\" height=\"561\" title=\"\" srcset=\"https:\/\/fmp-components.com\/wp-content\/uploads\/2025\/01\/Grain-Transportation-Gearbox-29.webp 1060w, https:\/\/fmp-components.com\/wp-content\/uploads\/2025\/01\/Grain-Transportation-Gearbox-29-980x519.webp 980w, https:\/\/fmp-components.com\/wp-content\/uploads\/2025\/01\/Grain-Transportation-Gearbox-29-480x254.webp 480w\" sizes=\"(min-width: 0px) and (max-width: 480px) 480px, (min-width: 481px) and (max-width: 980px) 980px, (min-width: 981px) 1060px, 100vw\" \/><\/p>\n<h2>Vorteile der Verwendung des Getreidespeichergetriebes FMP-1005<\/h2>\n<p>Das Getreidelagerungsgetriebe FMP-1005 findet h\u00e4ufig Anwendung in verschiedenen landwirtschaftlichen und industriellen Bereichen der Getreideverarbeitung und -lagerung. Nachfolgend sind einige der wichtigsten Einsatzgebiete dieses Getriebes aufgef\u00fchrt:<\/p>\n<p><strong>1. Getreidef\u00f6rderb\u00e4nder<\/strong><\/p>\n<ul>\n<li>Funktion: Das Getriebe FMP-1005 treibt Getreidef\u00f6rderb\u00e4nder an, die Getreide innerhalb eines Lagers transportieren. Es gew\u00e4hrleistet einen reibungslosen und effizienten Getreidetransport \u00fcber lange Strecken, reduziert Verz\u00f6gerungen und verbessert den Durchsatz.<\/li>\n<li>Vorteile: Hilft bei der Verarbeitung gro\u00dfer Getreidemengen und sorgt f\u00fcr eine gleichbleibende Drehzahl und ein gleichm\u00e4\u00dfiges Drehmoment f\u00fcr einen kontinuierlichen Betrieb.<\/li>\n<\/ul>\n<p><strong>2. Getreidesilos<\/strong><\/p>\n<ul>\n<li>Funktion: Das Getriebe wird in Getreidesilos eingesetzt, um Getreide vertikal von tieferen Ebenen in h\u00f6her gelegene Lagersilos oder Beh\u00e4lter zu bef\u00f6rdern. Dank seines hohen Drehmoments kann das System schwere Lasten bew\u00e4ltigen.<\/li>\n<li>Vorteile: Gew\u00e4hrleistet einen zuverl\u00e4ssigen Betrieb auch bei hohen Hebebelastungen und minimiert so das Risiko von Ausfallzeiten und Maschinensch\u00e4den.<\/li>\n<\/ul>\n<p><strong>3. F\u00f6rderschnecken f\u00fcr die Getreidef\u00f6rderung<\/strong><\/p>\n<ul>\n<li>Funktion: FMP-1005-Getriebe werden h\u00e4ufig in F\u00f6rderschnecken eingesetzt, die Getreide in Lagerbeh\u00e4lter, Silos oder Anh\u00e4nger bef\u00f6rdern. F\u00f6rderschnecken sind f\u00fcr den Getreidetransport von einem Beh\u00e4lter in einen anderen unerl\u00e4sslich.<\/li>\n<li>Vorteile: Sorgt f\u00fcr eine gleichm\u00e4\u00dfige und konsistente Bewegung und Kraft\u00fcbertragung im Schneckensystem und gew\u00e4hrleistet so einen effizienten Getreidetransport bei minimaler Besch\u00e4digung des Getreides.<\/li>\n<\/ul>\n<p><strong>4. Getreidesortier- und Reinigungsmaschinen<\/strong><\/p>\n<ul>\n<li>Funktion: Das Getriebe wird in Maschinen eingesetzt, die geerntetes Getreide sortieren und reinigen. Diese Maschinen trennen Verunreinigungen vom Getreide und sortieren es nach Gr\u00f6\u00dfe oder Qualit\u00e4t.<\/li>\n<li>Vorteile: Unterst\u00fctzt eine gleichm\u00e4\u00dfige und zuverl\u00e4ssige Kraft\u00fcbertragung, die f\u00fcr einen kontinuierlichen und reibungslosen Ablauf von Sortier- und Reinigungsprozessen unerl\u00e4sslich ist.<\/li>\n<\/ul>\n<p><strong>5. Getreidetrockner<\/strong><\/p>\n<ul>\n<li>Funktion: Das Getriebe findet sich in Getreidetrocknungsanlagen, wo es Komponenten wie Ventilatoren, F\u00f6rderb\u00e4nder und Schnecken antreibt, die hei\u00dfe Luft durch das Getreide zirkulieren lassen, um den Feuchtigkeitsgehalt zu reduzieren.<\/li>\n<li>Vorteile: Steigert die Trocknungseffizienz durch die Gew\u00e4hrleistung eines reibungslosen Betriebs des Trocknungssystems, was f\u00fcr den Erhalt der Getreidequalit\u00e4t von entscheidender Bedeutung ist.<\/li>\n<\/ul>\n<p>Das Getreidelagergetriebe FMP-1005 ist eine vielseitige Komponente f\u00fcr diverse Anwendungen in der Getreideverarbeitung und -lagerung. Dank seiner robusten Bauweise und zuverl\u00e4ssigen Leistung eignet es sich ideal f\u00fcr den Antrieb von F\u00f6rderb\u00e4ndern, Schneckenf\u00f6rderern, Elevatoren, Reinigungsanlagen und anderen wichtigen Maschinen in der Getreideverarbeitung, -lagerung und im Transport. Seine Anpassungsf\u00e4higkeit gew\u00e4hrleistet einen reibungslosen Betrieb, reduziert Ausfallzeiten und maximiert die Effizienz von Getreidef\u00f6rderanlagen in der Landwirtschaft \u2013 sowohl in gro\u00dfen als auch in kleinen Betrieben.<\/p>\n<p><img loading=\"lazy\" decoding=\"async\" class=\"alignnone size-full wp-image-3096\" src=\"https:\/\/fmp-components.com\/wp-content\/uploads\/2025\/01\/Grain-Storage-Gearbox-28.webp\" alt=\"Getreidelagergetriebe\" width=\"1200\" height=\"950\" title=\"\" srcset=\"https:\/\/fmp-components.com\/wp-content\/uploads\/2025\/01\/Grain-Storage-Gearbox-28.webp 1200w, https:\/\/fmp-components.com\/wp-content\/uploads\/2025\/01\/Grain-Storage-Gearbox-28-980x776.webp 980w, https:\/\/fmp-components.com\/wp-content\/uploads\/2025\/01\/Grain-Storage-Gearbox-28-480x380.webp 480w\" sizes=\"(min-width: 0px) and (max-width: 480px) 480px, (min-width: 481px) and (max-width: 980px) 980px, (min-width: 981px) 1200px, 100vw\" \/><\/p>\n<h2>\u00dcber FMP<\/h2>\n<p>FMP mit Hauptsitz in Italien ist ein f\u00fchrender Hersteller, der f\u00fcr seine Expertise in der Konstruktion, Entwicklung und Produktion von Hochleistungsgetrieben mit Schwerpunkt auf dem Landmaschinensektor bekannt ist. Bekannt f\u00fcr Pr\u00e4zisionstechnik, innovative L\u00f6sungen und unersch\u00fctterliche Zuverl\u00e4ssigkeit, hat sich FMP einen Ruf als vertrauensw\u00fcrdiger Partner sowohl im Agrar- als auch im Industriemarkt erworben. Unser umfassendes Portfolio umfasst kundenspezifische Getriebe f\u00fcr Rasenm\u00e4her, Zapfwellen und eine breite Palette wichtiger Komponenten, die alle sorgf\u00e4ltig gefertigt werden, um die spezifischen Anforderungen verschiedener Anwendungen zu erf\u00fcllen.<\/p>\n<p>Wir bei FMP wissen, dass jeder Kunde vor individuellen Herausforderungen steht. Deshalb sind wir auf ma\u00dfgeschneiderte L\u00f6sungen spezialisiert, ob f\u00fcr einzelne Komponenten oder vollst\u00e4ndig integrierte Systeme. Durch die enge Zusammenarbeit mit unseren Kunden stellen wir sicher, dass jede L\u00f6sung nicht nur ihren Anforderungen entspricht, sondern auch die Leistung optimiert und den Wert maximiert. Unser Engagement f\u00fcr schnelle, professionelle Antworten und kompetente Beratung garantiert, dass jede Anfrage pr\u00e4zise bearbeitet wird und stets optimale Ergebnisse erzielt werden.<\/p>\n<p>Wir legen Wert auf klare und kontinuierliche Kommunikation w\u00e4hrend des gesamten Produktentwicklungszyklus. Unser engagiertes Team arbeitet eng mit unseren Kunden zusammen, um deren Anforderungen umfassend zu verstehen und wertvolle Erkenntnisse und Empfehlungen f\u00fcr optimale Ergebnisse zu liefern. Ob bei der Entwicklung hochmoderner Produkte oder der Erf\u00fcllung von Routineauftr\u00e4gen \u2013 FMP ist stets bestrebt, hochwertige, pr\u00e4zisionsgefertigte L\u00f6sungen termingerecht zu liefern. Unsere Mission ist es, die Erwartungen unserer Kunden stets zu \u00fcbertreffen und bei jedem Projekt au\u00dfergew\u00f6hnlichen Service und hervorragende Ergebnisse zu bieten.<\/p>\n<p>Qualit\u00e4t steht bei FMP im Mittelpunkt. Wir halten h\u00f6chste Fertigungsstandards ein und setzen strenge Qualit\u00e4tskontrollma\u00dfnahmen ein, um sicherzustellen, dass jedes Produkt die Branchenstandards erf\u00fcllt und oft sogar \u00fcbertrifft. Dieses Engagement f\u00fcr Spitzenleistungen sowie unsere Grundwerte Integrit\u00e4t, Teamwork und Beharrlichkeit haben es uns erm\u00f6glicht, langj\u00e4hrige, vertrauensvolle Beziehungen zu Kunden in fast 30 L\u00e4ndern weltweit aufzubauen.<\/p>\n<p>FMP pflegt stets globale Partnerschaften und bietet kompetente Beratung und ma\u00dfgeschneiderte L\u00f6sungen, die den sich entwickelnden Bed\u00fcrfnissen unserer Kunden gerecht werden. Wir streben langfristige, f\u00fcr beide Seiten vorteilhafte Beziehungen an, die zum Erfolg jedes Projekts beitragen. Ob Sie innovative L\u00f6sungen f\u00fcr eine neue Initiative oder fortlaufende Unterst\u00fctzung f\u00fcr ein bestehendes System ben\u00f6tigen \u2013 FMP unterst\u00fctzt Sie bei der Bew\u00e4ltigung technischer Herausforderungen und sichert Ihren anhaltenden Erfolg.<\/p>\n<p><img loading=\"lazy\" decoding=\"async\" class=\"alignnone wp-image-2695\" src=\"https:\/\/fmp-components.com\/wp-content\/uploads\/2025\/01\/agricultural-gearbox3.webp\" alt=\"Agrargetriebe\" width=\"1140\" height=\"1138\" title=\"\" srcset=\"https:\/\/fmp-components.com\/wp-content\/uploads\/2025\/01\/agricultural-gearbox3.webp 1140w, https:\/\/fmp-components.com\/wp-content\/uploads\/2025\/01\/agricultural-gearbox3-480x479.webp 480w\" sizes=\"(min-width: 0px) and (max-width: 480px) 480px, (min-width: 481px) 1140px, 100vw\" \/><\/p>\n<p>Autor: CX<\/p>","protected":false},"excerpt":{"rendered":"<p>Grain Storage Gearbox FMP-1005 Specifications Product Name Grain storage gearbox Material HT250 for housing, 40CrMnTi for gear shaft. Color Customization Mould No 6.5 Used Grain storage Benefits of Using Grain Storage Gearbox FMP-1005 The Grain Storage Gearbox FMP-1005 offers several benefits that enhance its functionality, efficiency, and reliability in agricultural grain storage systems. Below are [&hellip;]<\/p>","protected":false},"featured_media":3109,"comment_status":"open","ping_status":"closed","template":"","meta":{"_et_pb_use_builder":"","_et_pb_old_content":"","_et_gb_content_width":""},"product_brand":[],"product_cat":[73],"product_tag":[],"class_list":{"0":"post-3107","1":"product","2":"type-product","3":"status-publish","4":"has-post-thumbnail","6":"product_cat-grain-storage-gearbox","8":"first","9":"instock","10":"shipping-taxable","11":"product-type-simple"},"_links":{"self":[{"href":"https:\/\/fmp-components.com\/de\/wp-json\/wp\/v2\/product\/3107","targetHints":{"allow":["GET"]}}],"collection":[{"href":"https:\/\/fmp-components.com\/de\/wp-json\/wp\/v2\/product"}],"about":[{"href":"https:\/\/fmp-components.com\/de\/wp-json\/wp\/v2\/types\/product"}],"replies":[{"embeddable":true,"href":"https:\/\/fmp-components.com\/de\/wp-json\/wp\/v2\/comments?post=3107"}],"wp:featuredmedia":[{"embeddable":true,"href":"https:\/\/fmp-components.com\/de\/wp-json\/wp\/v2\/media\/3109"}],"wp:attachment":[{"href":"https:\/\/fmp-components.com\/de\/wp-json\/wp\/v2\/media?parent=3107"}],"wp:term":[{"taxonomy":"product_brand","embeddable":true,"href":"https:\/\/fmp-components.com\/de\/wp-json\/wp\/v2\/product_brand?post=3107"},{"taxonomy":"product_cat","embeddable":true,"href":"https:\/\/fmp-components.com\/de\/wp-json\/wp\/v2\/product_cat?post=3107"},{"taxonomy":"product_tag","embeddable":true,"href":"https:\/\/fmp-components.com\/de\/wp-json\/wp\/v2\/product_tag?post=3107"}],"curies":[{"name":"wp","href":"https:\/\/api.w.org\/{rel}","templated":true}]}}