{"id":3094,"date":"2025-01-05T00:29:23","date_gmt":"2025-01-05T00:29:23","guid":{"rendered":"https:\/\/fmp-components.com\/?page_id=8"},"modified":"2025-01-05T00:53:33","modified_gmt":"2025-01-05T00:53:33","slug":"t-series-grain-storage-gearbox-fmp-4090-for-agricultural-grain-storage","status":"publish","type":"product","link":"https:\/\/fmp-components.com\/de\/product\/t-series-grain-storage-gearbox-fmp-4090-for-agricultural-grain-storage\/","title":{"rendered":"Getreidelagergetriebe der T-Serie FMP-4090 f\u00fcr die landwirtschaftliche Getreidelagerung"},"content":{"rendered":"<h2>Spezifikationen des Getreidelagergetriebes der T-Serie FMP-4090<\/h2>\n<table style=\"width: 97.8083%; height: 184px;\" border=\"1\" cellspacing=\"0\" cellpadding=\"0\">\n<tbody>\n<tr class=\"firstRow\">\n<td>Produktname<\/td>\n<td>Getreidelagergetriebe<\/td>\n<\/tr>\n<tr>\n<td>Material<\/td>\n<td>A380 f\u00fcr das Geh\u00e4use, 40CrMnTi f\u00fcr die Getriebewelle.<\/td>\n<\/tr>\n<tr>\n<td>Farbe<\/td>\n<td>Ma\u00dfgeschneidert<\/td>\n<\/tr>\n<tr>\n<td>Verh\u00e4ltnis<\/td>\n<td>1:35:1<\/td>\n<\/tr>\n<tr>\n<td>Nennleistung<\/td>\n<td>45 PS<\/td>\n<\/tr>\n<tr>\n<td>Gewicht<\/td>\n<td>13,2 kg<\/td>\n<\/tr>\n<tr>\n<td>Gebraucht<\/td>\n<td>Getreidelagerung<\/td>\n<\/tr>\n<\/tbody>\n<\/table>\n<h2>Vorteile der Verwendung des Getreidelagergetriebes der T-Serie f\u00fcr die Landwirtschaft<\/h2>\n<p>Das Getreidelagergetriebe der T-Serie bietet zahlreiche Vorteile f\u00fcr landwirtschaftliche Anwendungen, insbesondere in Getreidelagersystemen. Hier die wichtigsten Vorteile dieses Getriebes:<\/p>\n<p><strong>1. Verbesserte Haltbarkeit und Zuverl\u00e4ssigkeit<\/strong><\/p>\n<ul>\n<li>Dauerhafte Leistung: Die Getriebe der T-Serie werden aus robusten Materialien gefertigt und pr\u00e4zise konstruiert, um den rauen Bedingungen in der Landwirtschaft standzuhalten. Diese Langlebigkeit f\u00fchrt zu weniger Ausf\u00e4llen und einer l\u00e4ngeren Lebensdauer, wodurch Wartungskosten und Stillstandszeiten reduziert werden.<\/li>\n<\/ul>\n<p><strong>2. Hohe Effizienz<\/strong><\/p>\n<ul>\n<li>Optimierte Kraft\u00fcbertragung: Die Getriebe sind auf effiziente Kraft\u00fcbertragung ausgelegt und gew\u00e4hrleisten so den reibungslosen Betrieb des gesamten Getreidef\u00f6rder- und -lagersystems. Diese Effizienz tr\u00e4gt zur Reduzierung des Energieverbrauchs und damit der Betriebskosten bei und erh\u00e4lt gleichzeitig die optimale Leistung aufrecht.<\/li>\n<\/ul>\n<p><strong>3. Anpassungsoptionen<\/strong><\/p>\n<ul>\n<li>Ma\u00dfgeschneidert f\u00fcr spezifische Bed\u00fcrfnisse: Die T-Serie l\u00e4sst sich individuell an die spezifischen Anforderungen verschiedener Getreidelageranwendungen anpassen. Ob f\u00fcr kleine Betriebe oder gro\u00dfe Lageranlagen \u2013 dieses Getriebe ist f\u00fcr eine Vielzahl von Konfigurationen und Systemgr\u00f6\u00dfen geeignet.<\/li>\n<\/ul>\n<p><strong>4. Reibungsloser Betrieb<\/strong><\/p>\n<ul>\n<li>Ger\u00e4usch- und Vibrationsreduzierung: Die fortschrittliche Konstruktion des Getriebes der T-Serie minimiert Betriebsger\u00e4usche und Vibrationen. Dies sorgt f\u00fcr eine ruhigere und stabilere Arbeitsumgebung und tr\u00e4gt zu einer besseren Gesamtleistung des Systems bei.<\/li>\n<\/ul>\n<p><strong>5. Verbesserte Getreideverarbeitung<\/strong><\/p>\n<ul>\n<li>Gleichbleibender Betrieb: Dank zuverl\u00e4ssiger Kraft\u00fcbertragung und pr\u00e4ziser Steuerung gew\u00e4hrleistet das Getriebe der T-Serie einen gleichm\u00e4\u00dfigen und reibungslosen Betrieb von Getreidef\u00f6rderanlagen wie F\u00f6rderb\u00e4ndern und Schnecken. Dies beugt Besch\u00e4digungen des Getreides vor und sorgt f\u00fcr eine effiziente Lagerung.<\/li>\n<\/ul>\n<p>Der Einsatz des Getreidelagergetriebes der T-Serie in landwirtschaftlichen Anlagen steigert die Effizienz, senkt die Betriebskosten und verl\u00e4ngert die Lebensdauer der Ger\u00e4te \u2013 bei gleichzeitig hoher Zuverl\u00e4ssigkeit und geringem Wartungsaufwand. Diese Vorteile machen es zur idealen Wahl f\u00fcr jede moderne Getreidelagerst\u00e4tte und gew\u00e4hrleisten einen reibungslosen Betrieb sowie eine h\u00f6here Kapitalrendite.<\/p>\n<table style=\"border-collapse: collapse; width: 102.065%; height: 354px;\" border=\"0\" width=\"128\" cellspacing=\"0\" cellpadding=\"0\">\n<tbody>\n<tr style=\"height: 13.8pt;\">\n<td style=\"height: 13.8pt; width: 48.318%;\" align=\"right\" width=\"64\" height=\"18\"><img loading=\"lazy\" decoding=\"async\" class=\"alignnone size-full wp-image-3099\" src=\"https:\/\/fmp-components.com\/wp-content\/uploads\/2025\/01\/T-Series-Grain-Storage-Gearbox-for-Agricultural-1.webp\" alt=\"Getreidelagergetriebe\" width=\"1000\" height=\"623\" title=\"\" srcset=\"https:\/\/fmp-components.com\/wp-content\/uploads\/2025\/01\/T-Series-Grain-Storage-Gearbox-for-Agricultural-1.webp 1000w, https:\/\/fmp-components.com\/wp-content\/uploads\/2025\/01\/T-Series-Grain-Storage-Gearbox-for-Agricultural-1-980x611.webp 980w, https:\/\/fmp-components.com\/wp-content\/uploads\/2025\/01\/T-Series-Grain-Storage-Gearbox-for-Agricultural-1-480x299.webp 480w\" sizes=\"(min-width: 0px) and (max-width: 480px) 480px, (min-width: 481px) and (max-width: 980px) 980px, (min-width: 981px) 1000px, 100vw\" \/><\/td>\n<td style=\"width: 51.58%;\" align=\"right\" width=\"64\"><img loading=\"lazy\" decoding=\"async\" class=\"alignnone size-full wp-image-3101\" src=\"https:\/\/fmp-components.com\/wp-content\/uploads\/2025\/01\/Grain-Storage-Gearbox-21.webp\" alt=\"Getreidelagergetriebe\" width=\"946\" height=\"551\" title=\"\" srcset=\"https:\/\/fmp-components.com\/wp-content\/uploads\/2025\/01\/Grain-Storage-Gearbox-21.webp 946w, https:\/\/fmp-components.com\/wp-content\/uploads\/2025\/01\/Grain-Storage-Gearbox-21-480x280.webp 480w\" sizes=\"(min-width: 0px) and (max-width: 480px) 480px, (min-width: 481px) 946px, 100vw\" \/><\/td>\n<\/tr>\n<\/tbody>\n<\/table>\n<h2>Anwendungsbereiche des Getreidelagergetriebes der T-Serie f\u00fcr die Landwirtschaft<\/h2>\n<p>Das Getreidelagergetriebe der T-Serie findet breite Anwendung in der Landwirtschaft, insbesondere bei der Getreideverarbeitung und -lagerung. Seine robuste Bauweise und Effizienz machen es zu einem unverzichtbaren Bestandteil vieler landwirtschaftlicher Betriebe. Im Folgenden sind einige der wichtigsten Anwendungsbereiche des Getreidelagergetriebes der T-Serie aufgef\u00fchrt:<\/p>\n<p><strong>1. Getreidef\u00f6rdersysteme<\/strong><\/p>\n<ul>\n<li>Funktion: Das Getriebe treibt F\u00f6rderb\u00e4nder an, die Getreide innerhalb von Lagereinrichtungen oder zwischen verschiedenen Verarbeitungsstufen transportieren.<\/li>\n<li>Anwendung: Das Getriebe der T-Serie wird in Becherwerken, Horizontalf\u00f6rderern und Schr\u00e4gf\u00f6rderern eingesetzt und gew\u00e4hrleistet einen reibungslosen und effizienten Getreidetransport, wodurch das Risiko von St\u00f6rungen und Verz\u00f6gerungen verringert wird.<\/li>\n<\/ul>\n<p><strong>2. Getreidef\u00f6rderschnecken<\/strong><\/p>\n<ul>\n<li>Funktion: F\u00f6rderschnecken werden h\u00e4ufig zum Be- und Entladen von Getreide aus Lkw oder Silos eingesetzt. Das Getriebe der T-Serie treibt das F\u00f6rderschneckensystem an und gew\u00e4hrleistet einen zuverl\u00e4ssigen und kontinuierlichen Getreidefluss.<\/li>\n<li>Anwendung: Das Getriebe gew\u00e4hrleistet eine gleichm\u00e4\u00dfige Rotation und optimale Steuerung, verhindert Verstopfungen und minimiert den Verschlei\u00df des Schneckensystems, wodurch die Betriebseffizienz verbessert wird.<\/li>\n<\/ul>\n<p><strong>3. Getreidetrocknungssysteme<\/strong><\/p>\n<ul>\n<li>Funktion: In Getreidetrocknern treibt das Getriebe die rotierende Trommel oder F\u00f6rdersysteme an, die das Getreide f\u00fcr eine gleichm\u00e4\u00dfige Trocknung zirkulieren lassen.<\/li>\n<li>Anwendung: Durch die Bereitstellung des erforderlichen Drehmoments gew\u00e4hrleistet das Getriebe der T-Serie eine effiziente und effektive Trocknung, die f\u00fcr den Erhalt der Getreidequalit\u00e4t und die Reduzierung des Feuchtigkeitsgehalts von entscheidender Bedeutung ist.<\/li>\n<\/ul>\n<p><strong>4. Betrieb von Getreidesilos<\/strong><\/p>\n<ul>\n<li>Funktion: Das Getriebe der T-Serie treibt verschiedene Mechanismen in Getreidesilos an, darunter Bel\u00fcftungssysteme, Entladeschnecken und F\u00f6rderb\u00e4nder.<\/li>\n<li>Anwendung: Es gew\u00e4hrleistet einen reibungslosen und zuverl\u00e4ssigen Transport von Getreide in und aus Silos, unterst\u00fctzt bessere Lagerbedingungen und verringert das Risiko von Verderb durch mangelhafte Bel\u00fcftung.<\/li>\n<\/ul>\n<p><strong>5. Getreidereinigungs- und Sortieranlagen<\/strong><\/p>\n<ul>\n<li>Funktion: Das Getriebe dient zum Antrieb der Motoren von Reinigungs- und Sortiermaschinen, wie z. B. Vibrationssieben, Reinigungsmaschinen und Sortiermaschinen, die zur Vorbereitung von Getreide f\u00fcr die Lagerung oder den Verkauf eingesetzt werden.<\/li>\n<li>Anwendung: Dank seiner effizienten Kraft\u00fcbertragung gew\u00e4hrleistet das Getriebe der T-Serie eine gleichbleibende Leistung der Reinigungsanlagen, tr\u00e4gt zur Entfernung von Verunreinigungen bei und sorgt daf\u00fcr, dass nur hochwertiges Getreide gelagert oder versendet wird.<\/li>\n<\/ul>\n<p>Das Getreidelagergetriebe der T-Serie ist eine unverzichtbare Komponente in vielen landwirtschaftlichen Prozessen und gew\u00e4hrleistet eine zuverl\u00e4ssige und effiziente Kraft\u00fcbertragung f\u00fcr verschiedene Getreidef\u00f6rder-, -verarbeitungs- und -lagerungssysteme. Seine Vielseitigkeit, Effizienz und Langlebigkeit machen es ideal f\u00fcr Getreidetransport, Trocknung, Sortierung, Mahlung und vieles mehr und sichern einen reibungslosen Betrieb in einer Vielzahl landwirtschaftlicher Anwendungen.<\/p>\n<p><img loading=\"lazy\" decoding=\"async\" class=\"alignnone size-full wp-image-3096\" src=\"https:\/\/fmp-components.com\/wp-content\/uploads\/2025\/01\/Grain-Storage-Gearbox-28.webp\" alt=\"Getreidelagergetriebe\" width=\"1200\" height=\"950\" title=\"\" srcset=\"https:\/\/fmp-components.com\/wp-content\/uploads\/2025\/01\/Grain-Storage-Gearbox-28.webp 1200w, https:\/\/fmp-components.com\/wp-content\/uploads\/2025\/01\/Grain-Storage-Gearbox-28-980x776.webp 980w, https:\/\/fmp-components.com\/wp-content\/uploads\/2025\/01\/Grain-Storage-Gearbox-28-480x380.webp 480w\" sizes=\"(min-width: 0px) and (max-width: 480px) 480px, (min-width: 481px) and (max-width: 980px) 980px, (min-width: 981px) 1200px, 100vw\" \/><\/p>\n<h2>\u00dcber FMP<\/h2>\n<p>FMP mit Hauptsitz in Italien ist ein f\u00fchrender Hersteller, der f\u00fcr seine Expertise in der Entwicklung und Produktion von Hochleistungsgetrieben bekannt ist und sich vor allem auf den Landmaschinensektor konzentriert. Dank pr\u00e4ziser Konstruktion, innovativer L\u00f6sungen und unersch\u00fctterlicher Zuverl\u00e4ssigkeit hat sich FMP als vertrauensw\u00fcrdiger Partner in der Landwirtschaft und der Industrie etabliert. Das umfangreiche Portfolio umfasst kundenspezifisch gefertigte Getriebe f\u00fcr Rasenm\u00e4her, Zapfwellen und eine Vielzahl kritischer Komponenten, die mit gr\u00f6\u00dfter Sorgfalt und Liebe zum Detail gefertigt werden, um den vielf\u00e4ltigen Anforderungen unterschiedlichster Anwendungen gerecht zu werden.<\/p>\n<p>Wir bei FMP wissen, dass jeder Kunde vor individuellen Herausforderungen steht. Deshalb haben wir uns auf ma\u00dfgeschneiderte L\u00f6sungen spezialisiert \u2013 von Einzelkomponenten bis hin zu vollst\u00e4ndig integrierten Systemen. Durch die enge Zusammenarbeit mit unseren Kunden stellen wir sicher, dass jede L\u00f6sung nicht nur deren spezifische Anforderungen erf\u00fcllt, sondern auch die Leistung steigert und den Nutzen maximiert. Unser Engagement f\u00fcr schnelle, professionelle Antworten und kompetente Beratung garantiert, dass jede Anfrage pr\u00e4zise bearbeitet wird und stets optimale Ergebnisse erzielt werden.<\/p>\n<p>Klare und kontinuierliche Kommunikation ist der Kern unseres Ansatzes w\u00e4hrend des gesamten Produktentwicklungszyklus. Unser engagiertes Team arbeitet eng mit den Kunden zusammen, um deren Bed\u00fcrfnisse genau zu verstehen und wertvolle Erkenntnisse und Empfehlungen f\u00fcr optimale Ergebnisse zu liefern. Ob wir innovative Produkte entwickeln oder Routineauftr\u00e4ge abwickeln \u2013 FMP liefert stets termingerecht hochwertige, pr\u00e4zisionsgefertigte L\u00f6sungen. Unsere Mission ist es, die Erwartungen unserer Kunden durch au\u00dfergew\u00f6hnlichen Service und herausragende Ergebnisse in jedem Projekt zu \u00fcbertreffen.<\/p>\n<p>Qualit\u00e4t steht bei FMP im Mittelpunkt unseres Handelns. Wir halten uns an h\u00f6chste Fertigungsstandards und setzen strenge Qualit\u00e4tskontrollen um, um sicherzustellen, dass jedes Produkt die Branchenstandards nicht nur erf\u00fcllt, sondern oft \u00fcbertrifft. Dieses Streben nach Exzellenz, gepaart mit unseren Kernwerten Integrit\u00e4t, Teamwork und Beharrlichkeit, hat es uns erm\u00f6glicht, langfristige, vertrauensvolle Beziehungen zu Kunden in fast 30 L\u00e4ndern weltweit aufzubauen.<\/p>\n<p>FMP ist stets bestrebt, globale Partnerschaften zu f\u00f6rdern und bietet kompetente Beratung sowie ma\u00dfgeschneiderte L\u00f6sungen, um den sich wandelnden Bed\u00fcrfnissen unserer Kunden gerecht zu werden. Wir setzen auf langfristige, f\u00fcr beide Seiten vorteilhafte Beziehungen, die den Erfolg jedes Projekts sichern. Ob Sie innovative L\u00f6sungen f\u00fcr ein neues Vorhaben suchen oder fortlaufende Unterst\u00fctzung f\u00fcr ein bestehendes System ben\u00f6tigen \u2013 FMP hilft Ihnen, technische Herausforderungen zu meistern und Ihren nachhaltigen Erfolg zu gew\u00e4hrleisten.<\/p>\n<p><img loading=\"lazy\" decoding=\"async\" class=\"alignnone wp-image-2695\" src=\"https:\/\/fmp-components.com\/wp-content\/uploads\/2025\/01\/agricultural-gearbox3.webp\" alt=\"Agrargetriebe\" width=\"1140\" height=\"1138\" title=\"\" srcset=\"https:\/\/fmp-components.com\/wp-content\/uploads\/2025\/01\/agricultural-gearbox3.webp 1140w, https:\/\/fmp-components.com\/wp-content\/uploads\/2025\/01\/agricultural-gearbox3-480x479.webp 480w\" sizes=\"(min-width: 0px) and (max-width: 480px) 480px, (min-width: 481px) 1140px, 100vw\" \/><\/p>\n<p>Autor: CX<\/p>","protected":false},"excerpt":{"rendered":"<p>T Series Grain Storage Gearbox FMP-4090 Specifications Product Name Grain storage gearbox Material A380 for housing, 40CrMnTi for gear shaft. Color Customized Ratio 1:35:1 Rate power 45HP Weight 13.2KG Used Grain storage Benefits of Using the T Series Grain Storage Gearbox for Agricultural The T Series Grain Storage Gearbox offers numerous advantages for agricultural applications, [&hellip;]<\/p>","protected":false},"featured_media":3098,"comment_status":"open","ping_status":"closed","template":"","meta":{"_et_pb_use_builder":"","_et_pb_old_content":"","_et_gb_content_width":""},"product_brand":[],"product_cat":[73],"product_tag":[],"class_list":{"0":"post-3094","1":"product","2":"type-product","3":"status-publish","4":"has-post-thumbnail","6":"product_cat-grain-storage-gearbox","8":"first","9":"instock","10":"shipping-taxable","11":"product-type-simple"},"_links":{"self":[{"href":"https:\/\/fmp-components.com\/de\/wp-json\/wp\/v2\/product\/3094","targetHints":{"allow":["GET"]}}],"collection":[{"href":"https:\/\/fmp-components.com\/de\/wp-json\/wp\/v2\/product"}],"about":[{"href":"https:\/\/fmp-components.com\/de\/wp-json\/wp\/v2\/types\/product"}],"replies":[{"embeddable":true,"href":"https:\/\/fmp-components.com\/de\/wp-json\/wp\/v2\/comments?post=3094"}],"wp:featuredmedia":[{"embeddable":true,"href":"https:\/\/fmp-components.com\/de\/wp-json\/wp\/v2\/media\/3098"}],"wp:attachment":[{"href":"https:\/\/fmp-components.com\/de\/wp-json\/wp\/v2\/media?parent=3094"}],"wp:term":[{"taxonomy":"product_brand","embeddable":true,"href":"https:\/\/fmp-components.com\/de\/wp-json\/wp\/v2\/product_brand?post=3094"},{"taxonomy":"product_cat","embeddable":true,"href":"https:\/\/fmp-components.com\/de\/wp-json\/wp\/v2\/product_cat?post=3094"},{"taxonomy":"product_tag","embeddable":true,"href":"https:\/\/fmp-components.com\/de\/wp-json\/wp\/v2\/product_tag?post=3094"}],"curies":[{"name":"wp","href":"https:\/\/api.w.org\/{rel}","templated":true}]}}