{"id":3088,"date":"2025-01-04T08:55:19","date_gmt":"2025-01-04T08:55:19","guid":{"rendered":"https:\/\/fmp-components.com\/?page_id=8"},"modified":"2025-01-04T09:00:03","modified_gmt":"2025-01-04T09:00:03","slug":"agricultural-combine-harvester-reversing-gearbox-for-rice-harvesting","status":"publish","type":"product","link":"https:\/\/fmp-components.com\/de\/product\/agricultural-combine-harvester-reversing-gearbox-for-rice-harvesting\/","title":{"rendered":"Wendegetriebe f\u00fcr landwirtschaftliche M\u00e4hdrescher zur Reisernte"},"content":{"rendered":"<p><img loading=\"lazy\" decoding=\"async\" class=\"alignnone size-full wp-image-3090\" src=\"https:\/\/fmp-components.com\/wp-content\/uploads\/2025\/01\/10_Combine-Harvester-Gearbox-2.webp\" alt=\"M\u00e4hdrescher-Getriebe\" width=\"1534\" height=\"1138\" title=\"\" srcset=\"https:\/\/fmp-components.com\/wp-content\/uploads\/2025\/01\/10_Combine-Harvester-Gearbox-2.webp 1534w, https:\/\/fmp-components.com\/wp-content\/uploads\/2025\/01\/10_Combine-Harvester-Gearbox-2-1280x950.webp 1280w, https:\/\/fmp-components.com\/wp-content\/uploads\/2025\/01\/10_Combine-Harvester-Gearbox-2-980x727.webp 980w, https:\/\/fmp-components.com\/wp-content\/uploads\/2025\/01\/10_Combine-Harvester-Gearbox-2-480x356.webp 480w\" sizes=\"(min-width: 0px) and (max-width: 480px) 480px, (min-width: 481px) and (max-width: 980px) 980px, (min-width: 981px) and (max-width: 1280px) 1280px, (min-width: 1281px) 1534px, 100vw\" \/><\/p>\n<h2>Produktspezifikationen:<\/h2>\n<table style=\"width: 86.1946%; height: 161px;\" border=\"1\" cellspacing=\"0\" cellpadding=\"0\">\n<tbody>\n<tr>\n<td>Produktname<\/td>\n<td>Kurzh\u00e4cksler-R\u00fcckw\u00e4rtsgang f\u00fcr Reisernte<\/td>\n<\/tr>\n<tr>\n<td>Material<\/td>\n<td>QT450 f\u00fcr Geh\u00e4use, 20CrMnTi f\u00fcr Getriebewelle.<\/td>\n<\/tr>\n<tr>\n<td>Farbe<\/td>\n<td>Anpassung<\/td>\n<\/tr>\n<tr>\n<td>Modell<\/td>\n<td>\u00a0FMP-1.6Z.03-05<\/td>\n<\/tr>\n<tr>\n<td>Gebraucht<\/td>\n<td>Reiserntemaschine<\/td>\n<\/tr>\n<\/tbody>\n<\/table>\n<h2>Vorteile der Verwendung des M\u00e4hdrescher-Wendegetriebes<\/h2>\n<p>Das M\u00e4hdrescher-Wendegetriebe bietet mehrere wesentliche Vorteile, die die Effizienz und Funktionalit\u00e4t des M\u00e4hdreschers verbessern. Hier sind einige wichtige Vorteile dieses Spezialgetriebes:<\/p>\n<p><strong>1. Verbesserte Man\u00f6vrierf\u00e4higkeit<\/strong><\/p>\n<ul>\n<li>Das Wendegetriebe erm\u00f6glicht ein einfaches R\u00fcckw\u00e4rtsfahren des M\u00e4hdreschers ohne komplizierte Man\u00f6ver oder Anhalten und Wenden. Dies ist besonders in engen R\u00e4umen oder bei Positions\u00e4nderungen auf dem Feld n\u00fctzlich und verbessert die Gesamtbetriebseffizienz.<\/li>\n<\/ul>\n<p><strong>2. Erh\u00f6hte Betriebseffizienz<\/strong><\/p>\n<ul>\n<li>Mit einem Wendegetriebe kann der M\u00e4hdrescher schnell die Richtung wechseln, ohne dass er auskuppeln oder zwischen den G\u00e4ngen wechseln muss. Dies erm\u00f6glicht sanftere und schnellere \u00dcberg\u00e4nge beim Ein- und Ausfahren in Bereiche mit dichtem Bewuchs, reduziert Ausfallzeiten und verbessert die Ernteeffizienz.<\/li>\n<\/ul>\n<p><strong>3. Verbesserte Produktivit\u00e4t<\/strong><\/p>\n<ul>\n<li>Durch schnelles Wenden ohne Anhalten k\u00f6nnen Fahrer Verz\u00f6gerungen vermeiden und den Zeitaufwand f\u00fcr das Umpositionieren der Maschine reduzieren. Dies f\u00fchrt zu einem h\u00f6heren Gesamtdurchsatz w\u00e4hrend des Ernteprozesses, insbesondere auf Feldern, die aufgrund von Hindernissen, Kurven oder unebenem Gel\u00e4nde h\u00e4ufige Richtungswechsel erfordern.<\/li>\n<\/ul>\n<p><strong>4. Gr\u00f6\u00dfere Vielseitigkeit<\/strong><\/p>\n<ul>\n<li>Das Wendegetriebe sorgt f\u00fcr mehr Flexibilit\u00e4t bei den Arbeitsbedingungen. Es hilft dem M\u00e4hdrescher, sich an verschiedene Aufgaben anzupassen, wie z. B. das Entfernen von Ernter\u00fcckst\u00e4nden, das R\u00fcckw\u00e4rtsfahren zum Anpassen der Schneidwerkspositionen oder das Umfahren von Hindernissen \u2013 und das alles, ohne dass ein Gangwechsel oder eine Arbeitsunterbrechung erforderlich ist.<\/li>\n<\/ul>\n<p><strong>5. Reduzierter Verschlei\u00df<\/strong><\/p>\n<ul>\n<li>Das Getriebe erm\u00f6glicht einen sanfteren Betrieb beim R\u00fcckw\u00e4rtsfahren und reduziert den Verschlei\u00df anderer wichtiger Komponenten wie Kupplung und Getriebe. Es minimiert au\u00dferdem den Bedarf an manuellen Eingriffen, verl\u00e4ngert die Lebensdauer des Antriebsstrangs des Fahrzeugs und verringert das Risiko mechanischer Ausf\u00e4lle.<\/li>\n<\/ul>\n<p>Zusammenfassend bietet das M\u00e4hdrescher-Wendegetriebe Vorteile wie verbesserte Man\u00f6vrierf\u00e4higkeit, Betriebseffizienz und Produktivit\u00e4t bei gleichzeitiger Verbesserung der Sicherheit, geringerem Verschlei\u00df und h\u00f6herer Kraftstoffeffizienz. Diese Vorteile machen es zu einer unverzichtbaren Komponente im modernen M\u00e4hdrescherbetrieb und erm\u00f6glichen Landwirten Zeit- und Kosteneinsparungen.<\/p>\n<p><img loading=\"lazy\" decoding=\"async\" class=\"alignnone  wp-image-3091\" src=\"https:\/\/fmp-components.com\/wp-content\/uploads\/2025\/01\/10_Combine-Harvester-Gearbox-12.webp\" alt=\"M\u00e4hdrescher-Getriebe\" width=\"1078\" height=\"609\" title=\"\" srcset=\"https:\/\/fmp-components.com\/wp-content\/uploads\/2025\/01\/10_Combine-Harvester-Gearbox-12.webp 1078w, https:\/\/fmp-components.com\/wp-content\/uploads\/2025\/01\/10_Combine-Harvester-Gearbox-12-980x554.webp 980w, https:\/\/fmp-components.com\/wp-content\/uploads\/2025\/01\/10_Combine-Harvester-Gearbox-12-480x271.webp 480w\" sizes=\"(min-width: 0px) and (max-width: 480px) 480px, (min-width: 481px) and (max-width: 980px) 980px, (min-width: 981px) 1078px, 100vw\" \/><\/p>\n<h2>Schl\u00fcsselkomponenten des M\u00e4hdrescher-Wendegetriebes<\/h2>\n<div class=\"flex-shrink-0 flex flex-col relative items-end\">\n<div>\n<div class=\"pt-0\">\n<div class=\"gizmo-bot-avatar flex h-8 w-8 items-center justify-center overflow-hidden rounded-full\">\n<div class=\"relative p-1 rounded-sm flex items-center justify-center bg-token-main-surface-primary text-token-text-primary h-8 w-8\">Das M\u00e4hdrescher-Wendegetriebe ist eine wichtige Komponente moderner M\u00e4hdrescher und erm\u00f6glicht ein effizientes und reibungsloses R\u00fcckw\u00e4rtsfahren ohne manuelles Schalten. Es integriert verschiedene mechanische Komponenten, die zusammen f\u00fcr eine zuverl\u00e4ssige Kraft\u00fcbertragung und Steuerung sorgen. Hier sind die wichtigsten Komponenten eines M\u00e4hdrescher-Wendegetriebes:<\/div>\n<\/div>\n<\/div>\n<\/div>\n<\/div>\n<div class=\"group\/conversation-turn relative flex w-full min-w-0 flex-col agent-turn\">\n<div class=\"flex-col gap-1 md:gap-3\">\n<div class=\"flex max-w-full flex-col flex-grow\">\n<div class=\"min-h-8 text-message flex w-full flex-col items-end gap-2 whitespace-normal break-words text-start [.text-message+&amp;]:mt-5\" dir=\"auto\" data-message-author-role=\"assistant\" data-message-id=\"e6cb3039-0226-4bda-ac7c-bde40b961baf\" data-message-model-slug=\"gpt-4o-mini\">\n<div class=\"flex w-full flex-col gap-1 empty:hidden first:pt-[3px]\">\n<div class=\"markdown prose w-full break-words dark:prose-invert light\">\n<p><strong>1. Eingangswelle<\/strong><\/p>\n<ul>\n<li>Die Eingangswelle \u00fcbertr\u00e4gt die Kraft vom Motor auf das Getriebe. Sie ist die prim\u00e4re Verbindung, \u00fcber die die Drehkraft des Motors in das Getriebe gelangt und den Gangwechselvorgang einleitet.<\/li>\n<\/ul>\n<p><strong>2. R\u00fcckw\u00e4rtsgangsatz<\/strong><\/p>\n<ul>\n<li>Dieses Getriebe ist f\u00fcr die Drehrichtungsumkehr verantwortlich. Bei Aktivierung kehrt es die Drehrichtung der Abtriebswelle um, sodass der M\u00e4hdrescher r\u00fcckw\u00e4rts fahren kann. Das R\u00fcckw\u00e4rtsgetriebe besteht typischerweise aus Zwischenr\u00e4dern, Stirnr\u00e4dern und Ritzeln, die ein- und auskuppeln, um die Drehrichtung umzukehren.<\/li>\n<\/ul>\n<p><strong>3. Hauptgetriebegeh\u00e4use<\/strong><\/p>\n<ul>\n<li>Das Getriebegeh\u00e4use ist das \u00e4u\u00dfere Geh\u00e4use, das alle internen Komponenten enth\u00e4lt und sch\u00fctzt. Es besteht typischerweise aus langlebigen Materialien wie Gusseisen oder Stahl, um den hohen Belastungen und Dr\u00fccken im Betrieb standzuhalten. Das Geh\u00e4use gew\u00e4hrleistet au\u00dferdem die korrekte Ausrichtung von Zahnr\u00e4dern und Wellen.<\/li>\n<\/ul>\n<p><strong>4. Abtriebswelle<\/strong><\/p>\n<ul>\n<li>Die Abtriebswelle \u00fcbertr\u00e4gt die Kraft vom Getriebe auf den Antriebsstrang des M\u00e4hdreschers. Diese Welle ist mit den R\u00e4dern oder Ketten des M\u00e4hdreschers verbunden und erm\u00f6glicht ihm, sich je nach Gangeingriff vorw\u00e4rts oder r\u00fcckw\u00e4rts zu bewegen.<\/li>\n<\/ul>\n<p><strong>5. Kupplungsmechanismus<\/strong><\/p>\n<ul>\n<li>Die Kupplung dient zum Ein- und Auskuppeln des Getriebes von der Motorkraft. Sie erm\u00f6glicht dem Bediener die Steuerung der Verbindung zwischen Motor und Getriebe und sorgt so f\u00fcr einen reibungslosen Gangwechsel. Beim Wendegetriebe erm\u00f6glicht die Kupplung sowohl die Vorw\u00e4rts- als auch die R\u00fcckw\u00e4rtsfahrt.<\/li>\n<\/ul>\n<p>Zusammen bilden diese Schl\u00fcsselkomponenten ein hocheffizientes und zuverl\u00e4ssiges Wendesystem f\u00fcr M\u00e4hdrescher. Das Wendegetriebe erm\u00f6glicht dem Bediener einen einfachen Wechsel zwischen Vorw\u00e4rts- und R\u00fcckw\u00e4rtsfahrt und verbessert so die Man\u00f6vrierf\u00e4higkeit, Produktivit\u00e4t und Betriebseffizienz auf dem Feld.<\/p>\n<p><img loading=\"lazy\" decoding=\"async\" class=\"alignnone size-full wp-image-3092\" src=\"https:\/\/fmp-components.com\/wp-content\/uploads\/2025\/01\/10_Combine-Harvester-Gearbox-14.webp\" alt=\"M\u00e4hdrescher-Getriebe\" width=\"1280\" height=\"720\" title=\"\" srcset=\"https:\/\/fmp-components.com\/wp-content\/uploads\/2025\/01\/10_Combine-Harvester-Gearbox-14.webp 1280w, https:\/\/fmp-components.com\/wp-content\/uploads\/2025\/01\/10_Combine-Harvester-Gearbox-14-980x551.webp 980w, https:\/\/fmp-components.com\/wp-content\/uploads\/2025\/01\/10_Combine-Harvester-Gearbox-14-480x270.webp 480w\" sizes=\"(min-width: 0px) and (max-width: 480px) 480px, (min-width: 481px) and (max-width: 980px) 980px, (min-width: 981px) 1280px, 100vw\" \/><\/p>\n<h2>\u00dcber FMP<\/h2>\n<p>FMP mit Hauptsitz in Italien ist ein f\u00fchrender Hersteller, der f\u00fcr seine Expertise in der Konstruktion, Entwicklung und Produktion von Hochleistungsgetrieben mit Schwerpunkt auf dem Landmaschinensektor bekannt ist. Bekannt f\u00fcr Pr\u00e4zisionstechnik, innovative L\u00f6sungen und unersch\u00fctterliche Zuverl\u00e4ssigkeit, hat sich FMP einen Ruf als vertrauensw\u00fcrdiger Partner sowohl im Agrar- als auch im Industriemarkt erworben. Unser umfassendes Portfolio umfasst kundenspezifische Getriebe f\u00fcr Rasenm\u00e4her, Zapfwellen und eine breite Palette wichtiger Komponenten, die alle sorgf\u00e4ltig gefertigt werden, um die spezifischen Anforderungen verschiedener Anwendungen zu erf\u00fcllen.<\/p>\n<p>Wir bei FMP wissen, dass jeder Kunde vor individuellen Herausforderungen steht. Deshalb sind wir auf ma\u00dfgeschneiderte L\u00f6sungen spezialisiert, ob f\u00fcr einzelne Komponenten oder vollst\u00e4ndig integrierte Systeme. Durch die enge Zusammenarbeit mit unseren Kunden stellen wir sicher, dass jede L\u00f6sung nicht nur ihren Anforderungen entspricht, sondern auch die Leistung optimiert und den Wert maximiert. Unser Engagement f\u00fcr schnelle, professionelle Antworten und kompetente Beratung garantiert, dass jede Anfrage pr\u00e4zise bearbeitet wird und stets optimale Ergebnisse erzielt werden.<\/p>\n<p>Wir legen Wert auf klare und kontinuierliche Kommunikation w\u00e4hrend des gesamten Produktentwicklungszyklus. Unser engagiertes Team arbeitet eng mit unseren Kunden zusammen, um deren Anforderungen umfassend zu verstehen und wertvolle Erkenntnisse und Empfehlungen f\u00fcr optimale Ergebnisse zu liefern. Ob bei der Entwicklung hochmoderner Produkte oder der Erf\u00fcllung von Routineauftr\u00e4gen \u2013 FMP ist stets bestrebt, hochwertige, pr\u00e4zisionsgefertigte L\u00f6sungen termingerecht zu liefern. Unsere Mission ist es, die Erwartungen unserer Kunden stets zu \u00fcbertreffen und bei jedem Projekt au\u00dfergew\u00f6hnlichen Service und hervorragende Ergebnisse zu bieten.<\/p>\n<p>Qualit\u00e4t steht bei FMP im Mittelpunkt. Wir halten h\u00f6chste Fertigungsstandards ein und setzen strenge Qualit\u00e4tskontrollma\u00dfnahmen ein, um sicherzustellen, dass jedes Produkt die Branchenstandards erf\u00fcllt und oft sogar \u00fcbertrifft. Dieses Engagement f\u00fcr Spitzenleistungen sowie unsere Grundwerte Integrit\u00e4t, Teamwork und Beharrlichkeit haben es uns erm\u00f6glicht, langj\u00e4hrige, vertrauensvolle Beziehungen zu Kunden in fast 30 L\u00e4ndern weltweit aufzubauen.<\/p>\n<p>FMP pflegt stets globale Partnerschaften und bietet kompetente Beratung und ma\u00dfgeschneiderte L\u00f6sungen, die den sich entwickelnden Bed\u00fcrfnissen unserer Kunden gerecht werden. Wir streben langfristige, f\u00fcr beide Seiten vorteilhafte Beziehungen an, die zum Erfolg jedes Projekts beitragen. Ob Sie innovative L\u00f6sungen f\u00fcr eine neue Initiative oder fortlaufende Unterst\u00fctzung f\u00fcr ein bestehendes System ben\u00f6tigen \u2013 FMP unterst\u00fctzt Sie bei der Bew\u00e4ltigung technischer Herausforderungen und sichert Ihren anhaltenden Erfolg.<\/p>\n<p><img loading=\"lazy\" decoding=\"async\" class=\"alignnone wp-image-2695\" src=\"https:\/\/fmp-components.com\/wp-content\/uploads\/2025\/01\/agricultural-gearbox3.webp\" alt=\"Agrargetriebe\" width=\"1140\" height=\"1138\" title=\"\" srcset=\"https:\/\/fmp-components.com\/wp-content\/uploads\/2025\/01\/agricultural-gearbox3.webp 1140w, https:\/\/fmp-components.com\/wp-content\/uploads\/2025\/01\/agricultural-gearbox3-480x479.webp 480w\" sizes=\"(min-width: 0px) and (max-width: 480px) 480px, (min-width: 481px) 1140px, 100vw\" \/><\/p>\n<p>Autor: CX<\/p>\n<\/div>\n<\/div>\n<\/div>\n<\/div>\n<\/div>\n<\/div>","protected":false},"excerpt":{"rendered":"<p>Product Specifications: Product Name Short harvester reversing for rice harvester Material QT450 for housing, 20CrMnTi for gear shaft. Color Customization Model \u00a0FMP-1.6Z.03-05 Used Rice harvester Advantages of Using the Combine Harvester Reversing Gearbox The Combine Harvester Reversing Gearbox offers several significant advantages that enhance the efficiency and functionality of the harvester. Here are some key [&hellip;]<\/p>","protected":false},"featured_media":3093,"comment_status":"open","ping_status":"closed","template":"","meta":{"_et_pb_use_builder":"","_et_pb_old_content":"","_et_gb_content_width":""},"product_brand":[],"product_cat":[72],"product_tag":[],"class_list":{"0":"post-3088","1":"product","2":"type-product","3":"status-publish","4":"has-post-thumbnail","6":"product_cat-combine-harvester-gearbox","8":"first","9":"instock","10":"shipping-taxable","11":"product-type-simple"},"_links":{"self":[{"href":"https:\/\/fmp-components.com\/de\/wp-json\/wp\/v2\/product\/3088","targetHints":{"allow":["GET"]}}],"collection":[{"href":"https:\/\/fmp-components.com\/de\/wp-json\/wp\/v2\/product"}],"about":[{"href":"https:\/\/fmp-components.com\/de\/wp-json\/wp\/v2\/types\/product"}],"replies":[{"embeddable":true,"href":"https:\/\/fmp-components.com\/de\/wp-json\/wp\/v2\/comments?post=3088"}],"wp:featuredmedia":[{"embeddable":true,"href":"https:\/\/fmp-components.com\/de\/wp-json\/wp\/v2\/media\/3093"}],"wp:attachment":[{"href":"https:\/\/fmp-components.com\/de\/wp-json\/wp\/v2\/media?parent=3088"}],"wp:term":[{"taxonomy":"product_brand","embeddable":true,"href":"https:\/\/fmp-components.com\/de\/wp-json\/wp\/v2\/product_brand?post=3088"},{"taxonomy":"product_cat","embeddable":true,"href":"https:\/\/fmp-components.com\/de\/wp-json\/wp\/v2\/product_cat?post=3088"},{"taxonomy":"product_tag","embeddable":true,"href":"https:\/\/fmp-components.com\/de\/wp-json\/wp\/v2\/product_tag?post=3088"}],"curies":[{"name":"wp","href":"https:\/\/api.w.org\/{rel}","templated":true}]}}