{"id":3047,"date":"2025-01-04T07:16:41","date_gmt":"2025-01-04T07:16:41","guid":{"rendered":"https:\/\/fmp-components.com\/?page_id=8"},"modified":"2025-01-04T07:16:41","modified_gmt":"2025-01-04T07:16:41","slug":"double-disc-silage-machine-gearbox-fmp-qz115-for-silage-machines","status":"publish","type":"product","link":"https:\/\/fmp-components.com\/de\/product\/double-disc-silage-machine-gearbox-fmp-qz115-for-silage-machines\/","title":{"rendered":"Doppelscheiben-Silagemaschinengetriebe FMP-QZ115 f\u00fcr Silagemaschinen"},"content":{"rendered":"<h2>Doppelscheiben-Silagemaschinengetriebe FMP-QZ115 Technische Daten<\/h2>\n<p><img loading=\"lazy\" decoding=\"async\" class=\"alignnone size-full wp-image-3049\" src=\"https:\/\/fmp-components.com\/wp-content\/uploads\/2025\/01\/Double-Disc-Silage-Machine-Gearbox-EP-QZ115-Dimensions.webp\" alt=\"Doppelscheiben-Silagemaschine-Getriebe-EP-QZ115-Abmessungen\" width=\"1237\" height=\"890\" title=\"\" srcset=\"https:\/\/fmp-components.com\/wp-content\/uploads\/2025\/01\/Double-Disc-Silage-Machine-Gearbox-EP-QZ115-Dimensions.webp 1237w, https:\/\/fmp-components.com\/wp-content\/uploads\/2025\/01\/Double-Disc-Silage-Machine-Gearbox-EP-QZ115-Dimensions-980x705.webp 980w, https:\/\/fmp-components.com\/wp-content\/uploads\/2025\/01\/Double-Disc-Silage-Machine-Gearbox-EP-QZ115-Dimensions-480x345.webp 480w\" sizes=\"(min-width: 0px) and (max-width: 480px) 480px, (min-width: 481px) and (max-width: 980px) 980px, (min-width: 981px) 1237px, 100vw\" \/><\/p>\n<h2>Doppelscheiben-Silagemaschinengetriebe FMP-QZ115 Technische Daten<\/h2>\n<table style=\"width: 92.4037%; height: 146px;\" border=\"1\" cellspacing=\"0\" cellpadding=\"0\">\n<tbody>\n<tr>\n<td colspan=\"2\" rowspan=\"2\">ich<\/td>\n<td rowspan=\"2\">Geeignet<\/td>\n<td>Drehzahleingabe<\/td>\n<td>Drehzahlausgang<\/td>\n<td>Ausgangsdrehmoment<\/td>\n<td>Gewicht<\/td>\n<td rowspan=\"2\">Verzahnung<\/td>\n<\/tr>\n<tr>\n<td>U\/min<\/td>\n<td>U\/min<\/td>\n<td>Nm<\/td>\n<td>kg<\/td>\n<\/tr>\n<tr>\n<td>Verlangsamen<\/td>\n<td>1: 1<\/td>\n<td>Silagemaschinen usw.<\/td>\n<td>1000<\/td>\n<td>1000<\/td>\n<td>580<\/td>\n<td>35<\/td>\n<td>Gleason-Schraubenverzahnung<br \/>\nZ\u00e4hne<\/td>\n<\/tr>\n<tr>\n<td colspan=\"8\">Anmerkung: Wenn Sie spezielle W\u00fcnsche haben, lassen Sie es mich bitte wissen. Wir akzeptieren auch Sonderanfertigungen.<\/td>\n<\/tr>\n<\/tbody>\n<\/table>\n<table style=\"height: 128px; width: 92.5728%;\" border=\"1\" width=\"1005\" cellspacing=\"0\" cellpadding=\"0\">\n<tbody>\n<tr>\n<td style=\"width: 27.4354%;\">A<\/td>\n<td style=\"width: 16.6998%;\">B<\/td>\n<td style=\"width: 27.9324%;\">C<\/td>\n<td style=\"width: 28.329%;\">D<\/td>\n<\/tr>\n<tr>\n<td style=\"width: 27.4354%;\">\u03a645<\/td>\n<td style=\"width: 16.6998%;\">14<\/td>\n<td style=\"width: 27.9324%;\">39.5<\/td>\n<td style=\"width: 28.329%;\">M14<\/td>\n<\/tr>\n<tr>\n<td style=\"width: 27.4354%;\">\u03a640<\/td>\n<td style=\"width: 16.6998%;\">12<\/td>\n<td style=\"width: 27.9324%;\">35<\/td>\n<td style=\"width: 28.329%;\">M12<\/td>\n<\/tr>\n<tr>\n<td style=\"width: 27.4354%;\">\u03a635<\/td>\n<td style=\"width: 16.6998%;\">10<\/td>\n<td style=\"width: 27.9324%;\">30<\/td>\n<td style=\"width: 28.329%;\">M12<\/td>\n<\/tr>\n<\/tbody>\n<\/table>\n<h2>Vorteile des Doppelscheiben-Silagemaschinengetriebes FMP-QZ115<\/h2>\n<p>Das Doppelscheiben-Silagemaschinengetriebe FMP-QZ115 bietet eine Reihe von Vorteilen, die die Effizienz, Zuverl\u00e4ssigkeit und Leistung der Silageernte verbessern. Dieses speziell f\u00fcr Maschinen mit Doppelschneidescheiben entwickelte Getriebe spielt eine Schl\u00fcsselrolle im Silageernteprozess, indem es einen reibungslosen und pr\u00e4zisen Betrieb gew\u00e4hrleistet. Hier sind die wichtigsten Vorteile des FMP-QZ115:<\/p>\n<p><strong>1. Hohe Energieeffizienz und Drehmoment\u00fcbertragung<\/strong><\/p>\n<ul>\n<li>Das Getriebe FMP-QZ115 ist f\u00fcr Anwendungen mit hohem Drehmoment ausgelegt und sorgt f\u00fcr eine effiziente Kraft\u00fcbertragung von der Zapfwelle des Traktors auf die Schneidscheiben der Silagemaschine.<\/li>\n<li>Seine robuste Konstruktion sorgt f\u00fcr eine gleichm\u00e4\u00dfige Kraftverteilung auf beide Schneidscheiben und sorgt so f\u00fcr eine konstante Schnittkraft \u00fcber den gesamten Schneidsatz.<\/li>\n<li>Das Getriebe minimiert den Leistungsverlust und maximiert die Gesamtleistung der Silagemaschine.<\/li>\n<\/ul>\n<p><strong>2. Pr\u00e4zisionsschnitt f\u00fcr hochwertige Silage<\/strong><\/p>\n<ul>\n<li>Das vom FMP-QZ115-Getriebe angetriebene Doppelscheibensystem erm\u00f6glicht das Zerkleinern von Futterpflanzen in gleichm\u00e4\u00dfig gro\u00dfe St\u00fccke, was f\u00fcr die Gew\u00e4hrleistung hochwertiger Silage unerl\u00e4sslich ist.<\/li>\n<li>Der synchronisierte Betrieb der Schneidscheiben sorgt f\u00fcr eine pr\u00e4zise und gleichm\u00e4\u00dfige Schnittl\u00e4nge, die f\u00fcr eine ordnungsgem\u00e4\u00dfe G\u00e4rung und optimale Lagerung der Silage entscheidend ist.<\/li>\n<li>Durch pr\u00e4zises Schneiden ist die Silage besser f\u00fcr die Verdauung durch das Vieh geeignet, wodurch der N\u00e4hrwert des Futters verbessert wird.<\/li>\n<\/ul>\n<p><strong>3. Haltbarkeit und Langlebigkeit<\/strong><\/p>\n<ul>\n<li>Das FMP-QZ115-Getriebe ist aus langlebigen Materialien und mit modernster Technik gefertigt und gew\u00e4hrleistet so auch in anspruchsvollen landwirtschaftlichen Umgebungen eine lang anhaltende Leistung.<\/li>\n<li>Es ist f\u00fcr einen effizienten Betrieb unter rauen Bedingungen, einschlie\u00dflich hoher Belastung, Feuchtigkeit und Schmutz, ausgelegt, ohne dass dabei Kompromisse bei der Zuverl\u00e4ssigkeit eingegangen werden m\u00fcssen.<\/li>\n<li>Die hochwertige Konstruktion des Getriebes verl\u00e4ngert die Lebensdauer der Maschine und reduziert den Bedarf an h\u00e4ufigen Reparaturen und Wartungen.<\/li>\n<\/ul>\n<p><strong>4. Kompaktes und leichtes Design<\/strong><\/p>\n<ul>\n<li>Das FMP-QZ115-Getriebe ist kompakt und leicht, sodass es sich einfacher in die Silagemaschine integrieren l\u00e4sst, ohne unn\u00f6tiges Gewicht oder Volumen hinzuzuf\u00fcgen.<\/li>\n<li>Dies tr\u00e4gt zur allgemeinen Agilit\u00e4t und Man\u00f6vrierf\u00e4higkeit der Maschine bei, erm\u00f6glicht eine bessere Handhabung und reduziert die Betriebsbelastung des Traktors.<\/li>\n<\/ul>\n<p><strong>5. Geringerer Wartungsaufwand<\/strong><\/p>\n<ul>\n<li>Das Getriebe ist wartungsarm konstruiert und verf\u00fcgt \u00fcber abgedichtete Lager und moderne Schmiersysteme, die den Verschlei\u00df der internen Komponenten verringern.<\/li>\n<li>Dadurch werden Ausfallzeiten minimiert und die Gesamtbetriebskosten durch den geringeren Wartungs- und Servicebedarf gesenkt.<\/li>\n<li>Selbstschmierende Eigenschaften sorgen daf\u00fcr, dass die Innenteile richtig ge\u00f6lt bleiben, was zu einem reibungsloseren Betrieb und einer h\u00f6heren Zuverl\u00e4ssigkeit f\u00fchrt.<\/li>\n<\/ul>\n<p>Das Doppelscheiben-Silagemaschinengetriebe FMP-QZ115 bietet eine au\u00dfergew\u00f6hnliche Kombination aus Langlebigkeit, Pr\u00e4zision und Effizienz und ist damit die ideale Wahl f\u00fcr moderne Silageerntebetriebe. Seine fortschrittlichen Funktionen verbessern die Gesamtsilagequalit\u00e4t, senken die Wartungskosten und verl\u00e4ngern die Lebensdauer von Getriebe und Maschine. Das Ergebnis ist ein produktiverer und kosteng\u00fcnstigerer Ernteprozess.<\/p>\n<p><img loading=\"lazy\" decoding=\"async\" class=\"alignnone  wp-image-3042\" src=\"https:\/\/fmp-components.com\/wp-content\/uploads\/2025\/01\/Silage-Machine-Gearbox-EP-QZ-QGXRL-for-German-Champion-Four-Disc-Type-3500-Applications-2-1024x641-1.webp\" alt=\"Silagemaschinengetriebe-EP-QZ-QGXRL-f\u00fcr-Deutschen-Meister-Vierscheiben-Typ-3500-Anwendungen-2-1024x641\" width=\"1093\" height=\"684\" title=\"\" srcset=\"https:\/\/fmp-components.com\/wp-content\/uploads\/2025\/01\/Silage-Machine-Gearbox-EP-QZ-QGXRL-for-German-Champion-Four-Disc-Type-3500-Applications-2-1024x641-1.webp 1093w, https:\/\/fmp-components.com\/wp-content\/uploads\/2025\/01\/Silage-Machine-Gearbox-EP-QZ-QGXRL-for-German-Champion-Four-Disc-Type-3500-Applications-2-1024x641-1-980x613.webp 980w, https:\/\/fmp-components.com\/wp-content\/uploads\/2025\/01\/Silage-Machine-Gearbox-EP-QZ-QGXRL-for-German-Champion-Four-Disc-Type-3500-Applications-2-1024x641-1-480x300.webp 480w\" sizes=\"(min-width: 0px) and (max-width: 480px) 480px, (min-width: 481px) and (max-width: 980px) 980px, (min-width: 981px) 1093px, 100vw\" \/><\/p>\n<h2>Anwendungen des Doppelscheiben-Silagemaschinengetriebes FMP-QZ115<\/h2>\n<p>Das Doppelscheibengetriebe FMP-QZ115 f\u00fcr Silagemaschinen wurde speziell entwickelt, um die Leistung und Effizienz der Silageernte zu steigern. Dank seiner robusten Konstruktion und Pr\u00e4zision eignet es sich f\u00fcr eine Vielzahl landwirtschaftlicher Anwendungen. Nachfolgend sind die wichtigsten Anwendungen des FMP-QZ115-Getriebes aufgef\u00fchrt:<\/p>\n<p><strong>1. Silageernte<\/strong><\/p>\n<ul>\n<li>Das Getriebe FMP-QZ115 wird haupts\u00e4chlich in Silageerntemaschinen eingesetzt. Dort treibt es die Doppelschneidscheiben an, die das Futter in kleine, gleichm\u00e4\u00dfige St\u00fccke zerkleinern. Diese fein gehackten St\u00fccke werden dann verarbeitet und als Silage gelagert.<\/li>\n<li>Das Getriebe sorgt daf\u00fcr, dass die Leistung von der Zapfwelle (Power Take-Off) des Traktors effizient auf beide Schneidscheiben \u00fcbertragen wird und so w\u00e4hrend der Silageernte eine konstante und zuverl\u00e4ssige Leistung gew\u00e4hrleistet wird.<\/li>\n<\/ul>\n<p><strong>2. Futterschneiden und -hacken<\/strong><\/p>\n<ul>\n<li>Das Getriebe ist ein integraler Bestandteil von Maschinen, die eine Vielzahl von Futterpflanzen zerkleinern, darunter Mais, Gras, Luzerne und andere silagefreundliche Pflanzen.<\/li>\n<li>Es erm\u00f6glicht einen pr\u00e4zisen und gleichm\u00e4\u00dfigen Schnitt, der f\u00fcr die Qualit\u00e4t und Konsistenz der Silage unerl\u00e4sslich ist. Die gleichm\u00e4\u00dfige Schnittl\u00e4nge verbessert den Fermentationsprozess und den Gesamtn\u00e4hrwert der Silage und macht es zu einem wichtigen Werkzeug sowohl f\u00fcr die kleine als auch f\u00fcr die gro\u00dfe Futterproduktion.<\/li>\n<\/ul>\n<p><strong>3. Mehrscheiben-Feldh\u00e4cksler<\/strong><\/p>\n<ul>\n<li>Der FMP-QZ115 eignet sich besonders f\u00fcr Mehrscheiben-Futtererntesysteme, bei denen er zwei Schneidscheiben gleichzeitig antreibt. Dies gew\u00e4hrleistet einen synchronisierten Betrieb und erm\u00f6glicht eine effiziente und gleichm\u00e4\u00dfige Erntegutverarbeitung.<\/li>\n<li>Durch den gemeinsamen Antrieb mehrerer Scheiben verbessert das Getriebe die Schnittpr\u00e4zision und steigert die Produktivit\u00e4t der gesamten Silagemaschine.<\/li>\n<\/ul>\n<p><strong>4. Heulageproduktion<\/strong><\/p>\n<ul>\n<li>Das Getriebe kann auch bei der Herstellung von Heulage verwendet werden, die durch Zerkleinern und Lagern von Gras oder H\u00fclsenfr\u00fcchten mit einem h\u00f6heren Feuchtigkeitsgehalt als herk\u00f6mmliches Heu hergestellt wird.<\/li>\n<li>Der FMP-QZ115 stellt sicher, dass der Schneidmechanismus das feuchtere Material verarbeiten kann, das typischerweise bei der Heulageproduktion anf\u00e4llt, ohne dass dies zu Einbu\u00dfen bei Effizienz oder Schnittqualit\u00e4t f\u00fchrt.<\/li>\n<\/ul>\n<p><strong>5. Landwirtschaftliche Anwendungen mit hohem Drehmoment<\/strong><\/p>\n<ul>\n<li>Das FMP-QZ115-Getriebe ist f\u00fcr hohe Drehmomentanforderungen konzipiert und eignet sich ideal f\u00fcr anspruchsvolle landwirtschaftliche Aufgaben, wie das Schneiden von dichtem, faserigem Getreide oder dicken St\u00e4ngeln. Seine robuste Konstruktion gew\u00e4hrleistet die Verarbeitung anspruchsvoller Materialien wie reifer Maisst\u00e4ngel oder holziges Futter und bietet ein hohes Drehmoment ohne Leistungseinbu\u00dfen.<\/li>\n<li>Aufgrund seines hohen Drehmoments eignet es sich f\u00fcr den Einsatz in anspruchsvollen Ernteumgebungen, in denen eine konstante und zuverl\u00e4ssige Leistung unerl\u00e4sslich ist.<\/li>\n<\/ul>\n<p>Das Doppelscheiben-Silagemaschinengetriebe FMP-QZ115 tr\u00e4gt entscheidend zur Verbesserung der Effizienz, Zuverl\u00e4ssigkeit und Pr\u00e4zision von Silageh\u00e4ckslern bei. Seine Anpassungsf\u00e4higkeit an eine Vielzahl von Kulturen, seine F\u00e4higkeit, Anwendungen mit hohem Drehmoment zu bew\u00e4ltigen, und sein vielseitiges Design machen es zu einer wertvollen Komponente f\u00fcr landwirtschaftliche Betriebe, die ihre Silageproduktion optimieren m\u00f6chten, egal ob im kleinen oder gro\u00dfen Ma\u00dfstab.<\/p>\n<p><img loading=\"lazy\" decoding=\"async\" class=\"alignnone size-full wp-image-3051\" src=\"https:\/\/fmp-components.com\/wp-content\/uploads\/2025\/01\/Double-Disc-Silage-Machine-Gearbox-EP-QZ115-Applications.webp\" alt=\"Doppelscheiben-Silagemaschine-Getriebe-EP-QZ115-Anwendungen\" width=\"1024\" height=\"576\" title=\"\" srcset=\"https:\/\/fmp-components.com\/wp-content\/uploads\/2025\/01\/Double-Disc-Silage-Machine-Gearbox-EP-QZ115-Applications.webp 1024w, https:\/\/fmp-components.com\/wp-content\/uploads\/2025\/01\/Double-Disc-Silage-Machine-Gearbox-EP-QZ115-Applications-980x551.webp 980w, https:\/\/fmp-components.com\/wp-content\/uploads\/2025\/01\/Double-Disc-Silage-Machine-Gearbox-EP-QZ115-Applications-480x270.webp 480w\" sizes=\"(min-width: 0px) and (max-width: 480px) 480px, (min-width: 481px) and (max-width: 980px) 980px, (min-width: 981px) 1024px, 100vw\" \/><\/p>\n<h3>\u00dcber FMP<\/h3>\n<p>FMP mit Hauptsitz in Italien ist ein f\u00fchrender Hersteller, der f\u00fcr seine Expertise in der Konstruktion, Entwicklung und Produktion von Hochleistungsgetrieben bekannt ist, insbesondere im Landmaschinensektor. FMP ist bekannt f\u00fcr seine Pr\u00e4zisionstechnik, innovativen L\u00f6sungen und unersch\u00fctterliche Zuverl\u00e4ssigkeit und hat sich als zuverl\u00e4ssiger Partner f\u00fcr die Landwirtschaft und Industrie etabliert. Unser umfassendes Produktportfolio umfasst kundenspezifische Getriebe f\u00fcr Rasenm\u00e4her, Zapfwellen und eine breite Palette wichtiger Komponenten, die alle auf die vielf\u00e4ltigen Anforderungen verschiedener Anwendungen zugeschnitten sind.<\/p>\n<p>Wir bei FMP wissen, dass jeder Kunde vor individuellen Herausforderungen und Bed\u00fcrfnissen steht. Deshalb sind wir auf ma\u00dfgeschneiderte L\u00f6sungen spezialisiert, ob f\u00fcr einzelne Komponenten oder vollintegrierte Systeme. Durch die enge Zusammenarbeit mit unseren Kunden stellen wir sicher, dass jede L\u00f6sung nicht nur ihre spezifischen Anforderungen erf\u00fcllt, sondern auch die Leistung optimiert und einen deutlichen Mehrwert schafft. Unser Engagement f\u00fcr schnelle, professionelle Antworten und kompetente Beratung garantiert eine pr\u00e4zise Bearbeitung jeder Anfrage und sorgt so stets f\u00fcr optimale Ergebnisse.<\/p>\n<p>Wir legen gro\u00dfen Wert auf transparente und kontinuierliche Kommunikation w\u00e4hrend des gesamten Produktentwicklungsprozesses. Unser erfahrenes Team arbeitet direkt mit unseren Kunden zusammen, um deren Bed\u00fcrfnisse umfassend zu verstehen und ihnen fundierte Empfehlungen f\u00fcr optimale Ergebnisse zu geben. Ob wir innovative Produkte entwickeln oder Routineauftr\u00e4ge erf\u00fcllen \u2013 FMP liefert hochwertige, pr\u00e4zise gefertigte L\u00f6sungen, die stets termingerecht umgesetzt werden. Unsere Mission ist es, die Erwartungen unserer Kunden zu \u00fcbertreffen, indem wir bei jedem Projekt au\u00dfergew\u00f6hnlichen Service und hervorragende Ergebnisse liefern.<\/p>\n<p>Bei FMP ist Qualit\u00e4t der Grundstein unseres Handelns. Wir halten h\u00f6chste Fertigungsstandards ein und setzen strenge Qualit\u00e4tskontrollma\u00dfnahmen ein, um sicherzustellen, dass jedes Produkt die Industriestandards nicht nur erf\u00fcllt, sondern \u00fcbertrifft. Dieses Engagement f\u00fcr Spitzenleistungen, gepaart mit unseren Grundwerten Integrit\u00e4t, Teamwork und Beharrlichkeit, hat es uns erm\u00f6glicht, starke, vertrauensvolle Beziehungen zu Kunden in fast 30 L\u00e4ndern weltweit aufzubauen.<\/p>\n<p>FMP ist stets bestrebt, globale Partnerschaften zu pflegen und bietet kompetente Beratung und ma\u00dfgeschneiderte L\u00f6sungen, die den sich entwickelnden Bed\u00fcrfnissen unserer Kunden gerecht werden. Wir gehen \u00fcber die reine Produktlieferung hinaus; unser Ziel sind langfristige Partnerschaften, die zum Erfolg jedes Projekts beitragen. Ob Sie innovative L\u00f6sungen f\u00fcr eine neue Initiative oder fortlaufende Unterst\u00fctzung f\u00fcr ein bestehendes System ben\u00f6tigen \u2013 FMP unterst\u00fctzt Sie bei der Bew\u00e4ltigung Ihrer technischen Herausforderungen und sichert Ihren anhaltenden Erfolg.<\/p>\n<p><img loading=\"lazy\" decoding=\"async\" class=\"alignnone wp-image-2695\" src=\"https:\/\/fmp-components.com\/wp-content\/uploads\/2025\/01\/agricultural-gearbox3.webp\" alt=\"Agrargetriebe\" width=\"953\" height=\"951\" title=\"\" srcset=\"https:\/\/fmp-components.com\/wp-content\/uploads\/2025\/01\/agricultural-gearbox3.webp 953w, https:\/\/fmp-components.com\/wp-content\/uploads\/2025\/01\/agricultural-gearbox3-480x479.webp 480w\" sizes=\"(min-width: 0px) and (max-width: 480px) 480px, (min-width: 481px) 953px, 100vw\" \/><\/p>\n<p>Autor: CX<\/p>\n<p>&nbsp;<\/p>","protected":false},"excerpt":{"rendered":"<p>Double Disc Silage Machine Gearbox FMP-QZ115 Technical Data Double Disc Silage Machine Gearbox FMP-QZ115 Technical Data i Suitable Rpm input Rpm output Output torque Weight Toothing r\/min r\/min N.m kg Decelerate 1: 1 silage machines, etc 1000 1000 580 35 Gleason Helical Teeth Remark: If you have any special require feel free let me know, [&hellip;]<\/p>","protected":false},"featured_media":3050,"comment_status":"open","ping_status":"closed","template":"","meta":{"_et_pb_use_builder":"","_et_pb_old_content":"","_et_gb_content_width":""},"product_brand":[],"product_cat":[69],"product_tag":[],"class_list":{"0":"post-3047","1":"product","2":"type-product","3":"status-publish","4":"has-post-thumbnail","6":"product_cat-silage-machine-gearbox","8":"first","9":"instock","10":"shipping-taxable","11":"product-type-simple"},"_links":{"self":[{"href":"https:\/\/fmp-components.com\/de\/wp-json\/wp\/v2\/product\/3047","targetHints":{"allow":["GET"]}}],"collection":[{"href":"https:\/\/fmp-components.com\/de\/wp-json\/wp\/v2\/product"}],"about":[{"href":"https:\/\/fmp-components.com\/de\/wp-json\/wp\/v2\/types\/product"}],"replies":[{"embeddable":true,"href":"https:\/\/fmp-components.com\/de\/wp-json\/wp\/v2\/comments?post=3047"}],"wp:featuredmedia":[{"embeddable":true,"href":"https:\/\/fmp-components.com\/de\/wp-json\/wp\/v2\/media\/3050"}],"wp:attachment":[{"href":"https:\/\/fmp-components.com\/de\/wp-json\/wp\/v2\/media?parent=3047"}],"wp:term":[{"taxonomy":"product_brand","embeddable":true,"href":"https:\/\/fmp-components.com\/de\/wp-json\/wp\/v2\/product_brand?post=3047"},{"taxonomy":"product_cat","embeddable":true,"href":"https:\/\/fmp-components.com\/de\/wp-json\/wp\/v2\/product_cat?post=3047"},{"taxonomy":"product_tag","embeddable":true,"href":"https:\/\/fmp-components.com\/de\/wp-json\/wp\/v2\/product_tag?post=3047"}],"curies":[{"name":"wp","href":"https:\/\/api.w.org\/{rel}","templated":true}]}}