{"id":304,"date":"2024-12-09T06:10:04","date_gmt":"2024-12-09T06:10:04","guid":{"rendered":"https:\/\/fmp-components.com\/?page_id=8"},"modified":"2024-12-09T06:44:10","modified_gmt":"2024-12-09T06:44:10","slug":"forklift-lifting-hydraulic-cylinder","status":"publish","type":"product","link":"https:\/\/fmp-components.com\/de\/product\/forklift-lifting-hydraulic-cylinder\/","title":{"rendered":"Hydraulikzylinder zum Anheben von Gabelstaplern"},"content":{"rendered":"<p style=\"text-align: center;\"><span style=\"font-size: 24pt;\">Hydraulikzylinder zum Anheben von Gabelstaplern<\/span><\/p>\n<h2><img loading=\"lazy\" decoding=\"async\" class=\"alignnone wp-image-311\" src=\"https:\/\/fmp-components.com\/wp-content\/uploads\/2024\/12\/Forklift-Lifting-Hydraulic-Cylinder-2.webp\" alt=\"Gabelstapler-Hebe-Hydraulikzylinder\" width=\"931\" height=\"931\" title=\"\" srcset=\"https:\/\/fmp-components.com\/wp-content\/uploads\/2024\/12\/Forklift-Lifting-Hydraulic-Cylinder-2.webp 931w, https:\/\/fmp-components.com\/wp-content\/uploads\/2024\/12\/Forklift-Lifting-Hydraulic-Cylinder-2-480x480.webp 480w\" sizes=\"(min-width: 0px) and (max-width: 480px) 480px, (min-width: 481px) 931px, 100vw\" \/><\/h2>\n<h2><strong>Abmessungen des Hydraulikzylinders zum Heben von Gabelstaplern:<\/strong><\/h2>\n<p><img loading=\"lazy\" decoding=\"async\" class=\"alignnone size-full wp-image-306\" src=\"https:\/\/fmp-components.com\/wp-content\/uploads\/2024\/12\/Forklift-Lifting-Hydraulic-Cylinder-Dimensions.webp\" alt=\"Gabelstapler-Hebe-Hydraulikzylinder-Abmessungen\" width=\"1024\" height=\"403\" title=\"\" srcset=\"https:\/\/fmp-components.com\/wp-content\/uploads\/2024\/12\/Forklift-Lifting-Hydraulic-Cylinder-Dimensions.webp 1024w, https:\/\/fmp-components.com\/wp-content\/uploads\/2024\/12\/Forklift-Lifting-Hydraulic-Cylinder-Dimensions-980x386.webp 980w, https:\/\/fmp-components.com\/wp-content\/uploads\/2024\/12\/Forklift-Lifting-Hydraulic-Cylinder-Dimensions-480x189.webp 480w\" sizes=\"(min-width: 0px) and (max-width: 480px) 480px, (min-width: 481px) and (max-width: 980px) 980px, (min-width: 981px) 1024px, 100vw\" \/><\/p>\n<table border=\"1\" cellspacing=\"0\" cellpadding=\"0\">\n<tbody>\n<tr>\n<td width=\"246\">Zylindername<\/td>\n<td width=\"336\">Zeichnungsnummer<\/td>\n<td width=\"126\">Bohrungsdurchmesser (D)<\/td>\n<td width=\"123\">Stabdurchmesser (d)<\/td>\n<td width=\"114\">Hub (S)<\/td>\n<td width=\"170\">Installationsabstand (L)<\/td>\n<td width=\"172\">Arbeitsdruck<\/td>\n<td width=\"366\">Schnittstellenma\u00dfe (M)<\/td>\n<td width=\"96\">Gewicht<\/td>\n<\/tr>\n<tr>\n<td class=\"et3\" width=\"246\" height=\"153\">Hubzylinder<\/td>\n<td class=\"et4\" width=\"336\">N30M300-5\/400000-000<\/td>\n<td class=\"et4\" width=\"126\">\u03a656<\/td>\n<td class=\"et4\" width=\"123\">\u03a645<\/td>\n<td class=\"et4\" width=\"114\">1500<\/td>\n<td class=\"et4\" width=\"170\">1658<\/td>\n<td class=\"et4\" width=\"172\">18,1 MPa<\/td>\n<td class=\"et4\" width=\"366\">G1\/2<\/td>\n<td class=\"et4\" width=\"96\">32,6 kg<\/td>\n<\/tr>\n<tr>\n<td class=\"et3\" width=\"246\" height=\"153\">Hubzylinder<\/td>\n<td class=\"et4\">A2A30M300-400000-000<\/td>\n<td class=\"et4\">\u03a656<\/td>\n<td class=\"et4\">\u03a645<\/td>\n<td class=\"et4\">1500<\/td>\n<td class=\"et4\">1658<\/td>\n<td class=\"et4\">18,1 MPa<\/td>\n<td class=\"et4\">M22*1,5<\/td>\n<td class=\"et4\">36 kg<\/td>\n<\/tr>\n<tr>\n<td class=\"et3\" width=\"246\" height=\"153\">Hubzylinder<\/td>\n<td class=\"et4\">3.5N4.5H-400000-003<\/td>\n<td class=\"et4\">\u03a660<\/td>\n<td class=\"et4\">\u03a645<\/td>\n<td class=\"et4\">1505<\/td>\n<td class=\"et4\">1780<\/td>\n<td class=\"et4\">17,5 MPa<\/td>\n<td class=\"et4\">M22*1,5<\/td>\n<td class=\"et4\">41 kg<\/td>\n<\/tr>\n<tr>\n<td class=\"et3\" width=\"246\" height=\"153\">Hubzylinder<\/td>\n<td class=\"et4\">N35M300-5\/400000-001A<\/td>\n<td class=\"et4\">\u03a660<\/td>\n<td class=\"et4\">\u03a645<\/td>\n<td class=\"et4\">1500<\/td>\n<td class=\"et4\">1808<\/td>\n<td class=\"et4\">18,1 MPa<\/td>\n<td class=\"et4\">G1\/2<\/td>\n<td class=\"et4\">46 kg<\/td>\n<\/tr>\n<tr>\n<td class=\"et3\" width=\"246\" height=\"153\">Hubzylinder<\/td>\n<td class=\"et4\">A2A35M300-400000-000<\/td>\n<td class=\"et4\">\u03a660<\/td>\n<td class=\"et4\">\u03a645<\/td>\n<td class=\"et4\">1500<\/td>\n<td class=\"et4\">1808<\/td>\n<td class=\"et4\">18,1 MPa<\/td>\n<td class=\"et4\">M22*1,5<\/td>\n<td class=\"et4\">50 kg<\/td>\n<\/tr>\n<\/tbody>\n<\/table>\n<h3>Merkmale des Hydraulikzylinders zum Heben von Gabelstaplern<\/h3>\n<p><strong>Hohe Hubkapazit\u00e4t<\/strong><br \/>\nDer Hydraulikzylinder f\u00fcr Gabelstapler ist f\u00fcr den Transport schwerer Lasten ausgelegt und bietet die n\u00f6tige Kraft zum Heben gro\u00dfer Gewichte. Dank seiner robusten Konstruktion und des Hochdruck-Hydrauliksystems sorgt er f\u00fcr ein reibungsloses und effizientes Heben von G\u00fctern, Paletten und Ger\u00e4ten. Die St\u00e4rke des Zylinders ist entscheidend f\u00fcr Gabelstapler im Lager, in Vertriebszentren und in Produktionsst\u00e4tten, wo die Hubkraft f\u00fcr die sichere und effiziente Handhabung gro\u00dfer und sperriger Gegenst\u00e4nde entscheidend ist.<\/p>\n<p><strong>Haltbarkeit und Zuverl\u00e4ssigkeit<\/strong><br \/>\nHydraulikzylinder f\u00fcr Gabelstapler sind f\u00fcr raue Arbeitsbedingungen wie Schwerlastzyklen und extreme Umwelteinfl\u00fcsse ausgelegt. Sie bestehen aus hochwertigen Materialien und sind best\u00e4ndig gegen Verschlei\u00df, Korrosion und Besch\u00e4digungen durch h\u00e4ufigen Gebrauch. Die zuverl\u00e4ssige Leistung des Zylinders gew\u00e4hrleistet minimale Ausfallzeiten des Gabelstaplers, was f\u00fcr die Aufrechterhaltung der Produktivit\u00e4t in schnelllebigen Umgebungen entscheidend ist. Regelm\u00e4\u00dfige Wartung und Inspektion gew\u00e4hrleisten eine optimale Leistung der Zylinder und erh\u00f6hen so die Lebensdauer der Ger\u00e4te.<\/p>\n<p><strong>Reibungsloser und pr\u00e4ziser Betrieb<\/strong><br \/>\nDer Hydraulikzylinder des Gabelstaplers erm\u00f6glicht sanftes und pr\u00e4zises Heben und Senken. Das Hydrauliksystem erm\u00f6glicht kontrollierte, schrittweise Bewegungen und reduziert so das Risiko ruckartiger Bewegungen oder pl\u00f6tzlicher Verschiebungen, die die Last besch\u00e4digen oder die Sicherheit gef\u00e4hrden k\u00f6nnten. Diese pr\u00e4zise Steuerung steigert das Vertrauen und die Effizienz des Bedieners, da er Lasten auch in beengten oder gef\u00e4hrlichen Situationen pr\u00e4zise heben und positionieren kann. Das Ergebnis ist ein sicherer, effektiverer Hebevorgang, der die Gesamtleistung des Gabelstaplers verbessert.<\/p>\n<h3><img loading=\"lazy\" decoding=\"async\" class=\"alignnone size-full wp-image-310\" src=\"https:\/\/fmp-components.com\/wp-content\/uploads\/2024\/12\/Forklift-Lifting-Hydraulic-Cylinder-1.webp\" alt=\"Gabelstapler-Hebe-Hydraulikzylinder\" width=\"1280\" height=\"720\" title=\"\" srcset=\"https:\/\/fmp-components.com\/wp-content\/uploads\/2024\/12\/Forklift-Lifting-Hydraulic-Cylinder-1.webp 1280w, https:\/\/fmp-components.com\/wp-content\/uploads\/2024\/12\/Forklift-Lifting-Hydraulic-Cylinder-1-980x551.webp 980w, https:\/\/fmp-components.com\/wp-content\/uploads\/2024\/12\/Forklift-Lifting-Hydraulic-Cylinder-1-480x270.webp 480w\" sizes=\"(min-width: 0px) and (max-width: 480px) 480px, (min-width: 481px) and (max-width: 980px) 980px, (min-width: 981px) 1280px, 100vw\" \/><\/h3>\n<h3>\u00dcber FMP<\/h3>\n<p>FMP ist ein spezialisierter Hersteller von Hydraulikzylindern mit starkem Fokus auf Forschung und Produktion. Seit seiner Gr\u00fcndung konzentriert sich das Unternehmen konsequent auf die Entwicklung von Hydraulikzylindern und hat sich von der Herstellung vielf\u00e4ltiger Produkte, wie Ernte- und Baumaschinen, hin zur Spezialisierung auf landwirtschaftliche Traktorkomponenten entwickelt. Mit \u00fcber einem Jahrzehnt Fertigungskompetenz, Managementerfahrung und fortschrittlicher Produktionstechnologie garantiert FMP h\u00f6chste Produktqualit\u00e4t.<\/p>\n<p>Im Zuge des Wachstums des Unternehmens wurden eine umfassende Fertigungslinie f\u00fcr die maschinelle Bearbeitung, eine Montagelinie und eine Beschichtungslinie aufgebaut. FMP wird von einem engagierten Team aus erfahrenen F\u00fchrungskr\u00e4ften, qualifizierten Maschinenbauern und hochqualifizierten technischen Mitarbeitern unterst\u00fctzt. Dies gew\u00e4hrleistet eine stabile Produktqualit\u00e4t und gleichzeitig eine effiziente Kontrolle der Prozesskontinuit\u00e4t und der Gesamtproduktionseffizienz.<\/p>\n<p>FMP h\u00e4lt an den Grundwerten fest: \u201eTechnologische Innovation treibt den Fortschritt voran, Qualit\u00e4t schafft Marken, Handwerkskunst sichert Qualit\u00e4t und baut langfristige Win-Win-Beziehungen auf.\u201c Das Unternehmen ist weiterhin bestrebt, qualitativ hochwertige Produkte und einen erstklassigen Kundenservice anzubieten und ist stets bestrebt, die sich entwickelnden Bed\u00fcrfnisse des Marktes zu erf\u00fcllen.<\/p>\n<p><img loading=\"lazy\" decoding=\"async\" class=\"alignnone wp-image-303\" src=\"https:\/\/fmp-components.com\/wp-content\/uploads\/2024\/12\/hydraulic-cylinder-factory-11_1.webp\" alt=\"Hydraulikzylinderfabrik\" width=\"917\" height=\"1003\" title=\"\" srcset=\"https:\/\/fmp-components.com\/wp-content\/uploads\/2024\/12\/hydraulic-cylinder-factory-11_1.webp 917w, https:\/\/fmp-components.com\/wp-content\/uploads\/2024\/12\/hydraulic-cylinder-factory-11_1-480x525.webp 480w\" sizes=\"(min-width: 0px) and (max-width: 480px) 480px, (min-width: 481px) 917px, 100vw\" \/><\/p>\n<table style=\"width: 100%;\" border=\"1\" width=\"100%\" cellspacing=\"0\" cellpadding=\"0\">\n<tbody>\n<tr>\n<td style=\"width: 41.9294%;\" width=\"226\"><img loading=\"lazy\" decoding=\"async\" class=\"alignnone size-full wp-image-309\" src=\"https:\/\/fmp-components.com\/wp-content\/uploads\/2024\/12\/Forklift-Tilt-Hydraulic-Cylinder.webp\" alt=\"Hydraulikzylinder zum Neigen von Gabelstaplern\" width=\"1000\" height=\"750\" title=\"\" srcset=\"https:\/\/fmp-components.com\/wp-content\/uploads\/2024\/12\/Forklift-Tilt-Hydraulic-Cylinder.webp 1000w, https:\/\/fmp-components.com\/wp-content\/uploads\/2024\/12\/Forklift-Tilt-Hydraulic-Cylinder-980x735.webp 980w, https:\/\/fmp-components.com\/wp-content\/uploads\/2024\/12\/Forklift-Tilt-Hydraulic-Cylinder-480x360.webp 480w\" sizes=\"(min-width: 0px) and (max-width: 480px) 480px, (min-width: 481px) and (max-width: 980px) 980px, (min-width: 981px) 1000px, 100vw\" \/><\/td>\n<td style=\"width: 55.6484%;\" width=\"64\"><img loading=\"lazy\" decoding=\"async\" class=\"alignnone wp-image-283\" src=\"https:\/\/fmp-components.com\/wp-content\/uploads\/2024\/12\/hydraulic-cylinder-factory-5.webp\" alt=\"Hydraulikzylinderfabrik\" width=\"542\" height=\"312\" title=\"\"><\/td>\n<\/tr>\n<\/tbody>\n<\/table>\n<p>Autor: CX<\/p>","protected":false},"excerpt":{"rendered":"<p>Der Hydraulikzylinder des Gabelstaplers sorgt f\u00fcr die vertikale Hubkraft, die zum Heben und Senken schwerer Lasten erforderlich ist. Dieser Zylinder nutzt Hydraulikdruck, um den Mast und die Anbauger\u00e4te des Gabelstaplers anzuheben und erm\u00f6glicht dem Bediener so das effiziente Handling und Bewegen von Paletten, Beh\u00e4ltern und anderen Materialien. Der Hydraulikzylinder ist f\u00fcr hohe Dr\u00fccke und Schwerlastbetrieb ausgelegt und gew\u00e4hrleistet sanfte, kontrollierte Hubbewegungen bei gleichzeitiger Wahrung von Stabilit\u00e4t und Sicherheit, selbst beim Handling gro\u00dfer oder sperriger Gegenst\u00e4nde. Seine robuste Konstruktion macht ihn zu einer unverzichtbaren Komponente f\u00fcr Gabelstapler in Lagern, Vertriebszentren und anderen Industrieumgebungen, in denen zuverl\u00e4ssiges und kraftvolles Heben f\u00fcr die Produktivit\u00e4t entscheidend ist.<\/p>","protected":false},"featured_media":311,"comment_status":"open","ping_status":"closed","template":"","meta":{"_et_pb_use_builder":"","_et_pb_old_content":"","_et_gb_content_width":""},"product_brand":[],"product_cat":[20],"product_tag":[],"class_list":{"0":"post-304","1":"product","2":"type-product","3":"status-publish","4":"has-post-thumbnail","6":"product_cat-forklift-hydraulic-cylinders","8":"first","9":"instock","10":"shipping-taxable","11":"product-type-simple"},"_links":{"self":[{"href":"https:\/\/fmp-components.com\/de\/wp-json\/wp\/v2\/product\/304","targetHints":{"allow":["GET"]}}],"collection":[{"href":"https:\/\/fmp-components.com\/de\/wp-json\/wp\/v2\/product"}],"about":[{"href":"https:\/\/fmp-components.com\/de\/wp-json\/wp\/v2\/types\/product"}],"replies":[{"embeddable":true,"href":"https:\/\/fmp-components.com\/de\/wp-json\/wp\/v2\/comments?post=304"}],"wp:featuredmedia":[{"embeddable":true,"href":"https:\/\/fmp-components.com\/de\/wp-json\/wp\/v2\/media\/311"}],"wp:attachment":[{"href":"https:\/\/fmp-components.com\/de\/wp-json\/wp\/v2\/media?parent=304"}],"wp:term":[{"taxonomy":"product_brand","embeddable":true,"href":"https:\/\/fmp-components.com\/de\/wp-json\/wp\/v2\/product_brand?post=304"},{"taxonomy":"product_cat","embeddable":true,"href":"https:\/\/fmp-components.com\/de\/wp-json\/wp\/v2\/product_cat?post=304"},{"taxonomy":"product_tag","embeddable":true,"href":"https:\/\/fmp-components.com\/de\/wp-json\/wp\/v2\/product_tag?post=304"}],"curies":[{"name":"wp","href":"https:\/\/api.w.org\/{rel}","templated":true}]}}