{"id":2883,"date":"2025-01-04T05:26:50","date_gmt":"2025-01-04T05:26:50","guid":{"rendered":"https:\/\/fmp-components.com\/product\/manufacturer-supplier-head-steering-cylinder-hydraulic-ram-cylinder-for-agriculture-trailer\/"},"modified":"2025-05-10T13:06:23","modified_gmt":"2025-05-10T13:06:23","slug":"manufacturer-supplier-head-steering-cylinder-hydraulic-ram-cylinder-for-agriculture-trailer","status":"publish","type":"product","link":"https:\/\/fmp-components.com\/de\/product\/manufacturer-supplier-head-steering-cylinder-hydraulic-ram-cylinder-for-agriculture-trailer\/","title":{"rendered":"Hersteller und Lieferant: Lenkkopfzylinder, Hydraulikzylinder f\u00fcr Landwirtschaftsanh\u00e4nger"},"content":{"rendered":"<div>\n<h2>Hochwertiger kundenspezifischer 10-Tonnen-Hydraulikzylinder f\u00fcr Traktoren<\/h2>\n<p>Der hochwertige, ma\u00dfgefertigte 10-Tonnen-Hydraulikzylinder f\u00fcr Traktoren ist ein robuster und effizienter Hydraulikzylinder, der speziell f\u00fcr Traktoren entwickelt wurde. Mit einer maximalen Hubkraft von 10 Tonnen bietet er die n\u00f6tige Kraft und St\u00e4rke f\u00fcr das Bewegen schwerer Lasten.<\/p>\n<p>Dieser speziell f\u00fcr Traktoren entwickelte Hydraulikzylinder erf\u00fcllt h\u00f6chste Anspr\u00fcche und gew\u00e4hrleistet optimale Leistung und Zuverl\u00e4ssigkeit. Die hochwertigen Materialien machen ihn verschlei\u00dffest, verl\u00e4ngern seine Lebensdauer und reduzieren die Wartungskosten.<\/p>\n<p>Ausgestattet mit modernster Hydrauliktechnik erm\u00f6glicht dieser Zylinder eine reibungslose und pr\u00e4zise Steuerung von Hebevorg\u00e4ngen. Seine robuste Konstruktion und pr\u00e4zise Fertigung gew\u00e4hrleisten Stabilit\u00e4t und Sicherheit im Betrieb und bieten somit eine zuverl\u00e4ssige und effiziente L\u00f6sung zum Heben schwerer Lasten in der Landwirtschaft.<\/p>\n<p>Ob zum Heben von Anbauger\u00e4ten, Einstellen von Zubeh\u00f6r oder Ausf\u00fchren anderer Aufgaben \u2013 der hochwertige, kundenspezifische 10-Tonnen-Hydraulikzylinder f\u00fcr Traktoren ist eine unverzichtbare Komponente, die die Funktionalit\u00e4t und Produktivit\u00e4t von Traktoren bei verschiedenen landwirtschaftlichen Arbeiten steigert.<\/p>\n<\/div>\n<p><img decoding=\"async\" class=\"aligncenter\" src=\"https:\/\/hzpt.com\/wp-content\/uploads\/2023\/11\/Steering-Hydraulic-Cylinder-4.webp\" alt=\"\" title=\"\"><\/p>\n<h2>Anwendung des Lenkhydraulikzylinders<\/h2>\n<p>Lenkhydraulikzylinder sind wesentliche Bestandteile von Lenksystemen in verschiedenen Fahrzeugtypen. Diese Zylinder, auch Lenkaktuatoren genannt, wandeln die von einer Lenkpumpe erzeugte Energie in lineare Bewegung um, mit der die Richtung der Fahrzeugr\u00e4der beeinflusst werden kann. Hier sind einige Anwendungsgebiete von Lenkhydraulikzylindern:<\/p>\n<ol>\n<li>Schwerlastfahrzeuge: Lenkhydraulikzylinder werden h\u00e4ufig in Schwerlastfahrzeugen wie Lkw, Bussen und Baumaschinen eingesetzt. Diese Fahrzeuge ben\u00f6tigen zum Lenken viel Kraft, und ein Hydraulikzylinder kann die n\u00f6tige Kraft zum Drehen der R\u00e4der auch bei hoher Beladung erzeugen. Das Hydrauliksystem erm\u00f6glicht zudem eine feinere Steuerung des Lenkmechanismus und erleichtert dem Fahrer das Man\u00f6vrieren gro\u00dfer, unhandlicher Fahrzeuge.<\/li>\n<li>Gel\u00e4ndefahrzeuge: Auch Gel\u00e4ndefahrzeuge wie Gel\u00e4ndefahrzeuge, D\u00fcnenbuggys und Dirtbikes profitieren von hydraulischen Lenkzylindern. Diese Fahrzeuge sind oft in unwegsamem Gel\u00e4nde unterwegs, wo herk\u00f6mmliche Lenkmechanismen nicht immer effektiv sind. Hydraulikzylinder liefern die n\u00f6tige Kraft und Pr\u00e4zision, um Hindernisse zu \u00fcberwinden und die Kontrolle \u00fcber das Fahrzeug zu behalten.<\/li>\n<li>Anwendungen in der Schifffahrt und Luftfahrt: Lenkhydraulikzylinder sind nicht auf Landfahrzeuge beschr\u00e4nkt. Sie werden auch in der Schifffahrt, beispielsweise in Booten und Schiffen, sowie in der Luft- und Raumfahrttechnik, beispielsweise in Raumfahrzeugen und Flugzeugen, eingesetzt. In diesen Bereichen werden Hydraulikzylinder verwendet, um die Richtung von Rudern, Flossen und anderen Steuerfl\u00e4chen zu beeinflussen, die zur Steuerung von Schiffen oder Flugzeugen beitragen.<\/li>\n<li>Industrieanlagen: Hydraulikzylinder werden auch in verschiedenen industriellen Umgebungen zum Lenken und f\u00fcr andere Anwendungen eingesetzt. Beispielsweise k\u00f6nnen sie zum Lenken von Kr\u00e4nen, Gabelstaplern oder anderen schweren Maschinen verwendet werden. In diesen Umgebungen liefern Hydraulikzylinder die n\u00f6tige Kraft und Pr\u00e4zision, um gro\u00dfe Lasten zu manipulieren oder auf engstem Raum zu arbeiten.<\/li>\n<li>Kundenspezifische Anwendungen: Neben diesen g\u00e4ngigen Anwendungen k\u00f6nnen hydraulische Lenkzylinder auch in einer Vielzahl von kundenspezifischen Umgebungen eingesetzt werden. Beispielsweise k\u00f6nnen sie in Versuchsfahrzeugen oder Prototypen verwendet werden, die einen speziellen Lenkmechanismus erfordern. Sie k\u00f6nnen auch in k\u00fcnstlerischen Installationen oder kinetischen Skulpturen verwendet werden, die pr\u00e4zise und kontrollierte Bewegungen erfordern.<\/li>\n<\/ol>\n<p>Wie Sie sehen, finden hydraulische Lenkzylinder ein breites Anwendungsspektrum in unterschiedlichen Branchen und Umgebungen. Ob in Schwerlastfahrzeugen, Gel\u00e4ndefahrzeugen, der Schifffahrt und Luftfahrt, in Industrieanlagen oder in Sonderanwendungen \u2013 diese Zylinder bieten die n\u00f6tige Kraft, Pr\u00e4zision und Kontrolle f\u00fcr eine effektive Lenkung.<\/p>\n<h2>\u00dcber FMP<\/h2>\n<p>FMP ist ein f\u00fchrender Hersteller und Vertreiber hochwertiger Hydraulikzylinder, Zylinderbaus\u00e4tze und Komponenten f\u00fcr Baumaschinen. Mit langj\u00e4hriger Branchenerfahrung und einem professionellen Team bieten wir unseren Kunden zuverl\u00e4ssige und effiziente L\u00f6sungen f\u00fcr ihre Baumaschinenanforderungen.<\/p>\n<p>Hier sind f\u00fcnf Gr\u00fcnde, warum Sie sich f\u00fcr FMP entscheiden sollten:<\/p>\n<ol>\n<li><strong>Hochwertige Hydraulikzylinder:<\/strong> Wir fertigen unsere Hydraulikzylinder mit Pr\u00e4zisionstechnik. Unser hohes Qualit\u00e4tsbewusstsein garantiert die Verwendung hochwertiger Rohstoffe und strenge Qualit\u00e4tskontrollen der fertigen Produkte, um sicherzustellen, dass sie den Industriestandards entsprechen und diese sogar \u00fcbertreffen.<\/li>\n<li><strong>Umfangreiches Produktsortiment:<\/strong> Unser Produktsortiment umfasst Baumaschinen und Zubeh\u00f6r aller Art. Wir bieten verschiedene Hydraulikzylinder, Getriebe, Ketten, Kettenr\u00e4der, Motorzubeh\u00f6r, Hydrauliksystemkomponenten, Fahrwerkszubeh\u00f6r und Zubeh\u00f6r f\u00fcr elektrische Systeme an.<\/li>\n<li><strong>Etablierte Partnerschaften:<\/strong> Wir haben langj\u00e4hrige und stabile Partnerschaften mit vielen hochwertigen in- und ausl\u00e4ndischen Lieferanten aufgebaut. Dies stellt sicher, dass alle gelieferten Zubeh\u00f6rteile unseren strengen Qualit\u00e4tsstandards entsprechen.<\/li>\n<li><strong>Erfahrenes Verkaufsteam:<\/strong> Unser Vertriebsteam verf\u00fcgt \u00fcber langj\u00e4hrige Erfahrung und Kenntnisse in der Baumaschinenbranche. Es bietet Ihnen eine professionelle Produktberatung und fundierte Kaufberatung, damit Sie fundierte Entscheidungen treffen k\u00f6nnen.<\/li>\n<li><strong>Effizientes Logistik-Vertriebssystem:<\/strong> Wir verf\u00fcgen \u00fcber ein effizientes Logistik- und Vertriebssystem, um sicherzustellen, dass unsere Kunden die ben\u00f6tigten Teile rechtzeitig und genau erhalten.<\/li>\n<\/ol>\n<p><img decoding=\"async\" class=\"aligncenter\" src=\"https:\/\/fmp-components.com\/wp-content\/uploads\/2025\/01\/Dump-Truck-Trailer-Hydraulic-Cylinder-product-3-3.webp\" alt=\"Hydraulikzylinder\" width=\"800\" title=\"\"><\/p>\n<p>Bei FMP haben wir es uns zur Aufgabe gemacht, unseren Kunden hochwertiges und zuverl\u00e4ssiges Baumaschinenzubeh\u00f6r und komplette Maschinenl\u00f6sungen anzubieten. Mit unseren modernen Fabrikanlagen, CNC-Werkzeugmaschinen, computergest\u00fctzter Konstruktion, qualifizierten Mitarbeitern, Hydrauliksystemexperten, Zylindermonteuren und H\u00e4ndlern sind wir der bevorzugte Partner f\u00fcr Ihren Bedarf an Hydraulikzylindern, Zylinderbaus\u00e4tzen und Komponenten.<\/p>\n<p>Autor: CX<\/p>","protected":false},"excerpt":{"rendered":"<p>High Quality Custom 10 Ton Hydraulic Cylinder for Tractor The High Quality Custom 10 Ton Hydraulic Cylinder for Tractor is a durable and efficient hydraulic cylinder designed specifically for tractors. With a maximum lifting capacity of 10 tons, it provides the power and strength required to handle heavy loads. Featuring a custom design, this hydraulic [&hellip;]<\/p>","protected":false},"featured_media":2884,"comment_status":"closed","ping_status":"closed","template":"","meta":{"_et_pb_use_builder":"","_et_pb_old_content":"","_et_gb_content_width":""},"product_brand":[],"product_cat":[67],"product_tag":[34,70],"class_list":{"0":"post-2883","1":"product","2":"type-product","3":"status-publish","4":"has-post-thumbnail","6":"product_cat-steering-hydraulic-cylinder","7":"product_tag-hydraulic-cylinder","8":"product_tag-steering-hydraulic-cylinder","10":"first","11":"instock","12":"product-type-simple"},"_links":{"self":[{"href":"https:\/\/fmp-components.com\/de\/wp-json\/wp\/v2\/product\/2883","targetHints":{"allow":["GET"]}}],"collection":[{"href":"https:\/\/fmp-components.com\/de\/wp-json\/wp\/v2\/product"}],"about":[{"href":"https:\/\/fmp-components.com\/de\/wp-json\/wp\/v2\/types\/product"}],"replies":[{"embeddable":true,"href":"https:\/\/fmp-components.com\/de\/wp-json\/wp\/v2\/comments?post=2883"}],"wp:featuredmedia":[{"embeddable":true,"href":"https:\/\/fmp-components.com\/de\/wp-json\/wp\/v2\/media\/2884"}],"wp:attachment":[{"href":"https:\/\/fmp-components.com\/de\/wp-json\/wp\/v2\/media?parent=2883"}],"wp:term":[{"taxonomy":"product_brand","embeddable":true,"href":"https:\/\/fmp-components.com\/de\/wp-json\/wp\/v2\/product_brand?post=2883"},{"taxonomy":"product_cat","embeddable":true,"href":"https:\/\/fmp-components.com\/de\/wp-json\/wp\/v2\/product_cat?post=2883"},{"taxonomy":"product_tag","embeddable":true,"href":"https:\/\/fmp-components.com\/de\/wp-json\/wp\/v2\/product_tag?post=2883"}],"curies":[{"name":"wp","href":"https:\/\/api.w.org\/{rel}","templated":true}]}}