{"id":2869,"date":"2025-01-04T05:25:27","date_gmt":"2025-01-04T05:25:27","guid":{"rendered":"https:\/\/fmp-components.com\/product\/factory-direct-sale-tractor-steering-cylinder-hydraulic-piston-cylinder\/"},"modified":"2025-01-04T06:30:18","modified_gmt":"2025-01-04T06:30:18","slug":"factory-direct-sale-tractor-steering-cylinder-hydraulic-piston-cylinder","status":"publish","type":"product","link":"https:\/\/fmp-components.com\/de\/product\/factory-direct-sale-tractor-steering-cylinder-hydraulic-piston-cylinder\/","title":{"rendered":"Fabrik Direktverkauf Traktor Lenkzylinder Hydraulischer Kolbenzylinder"},"content":{"rendered":"<h2>Erleben Sie die Kraft des hochwertigen Servolenkzylinders f\u00fcr Traktoren und Anh\u00e4nger.<\/h2>\n<p>Wir pr\u00e4sentieren unseren erstklassigen Servolenkungszylinder f\u00fcr Sattelzugmaschinen \u2013 entwickelt f\u00fcr un\u00fcbertroffene Leistung und Zuverl\u00e4ssigkeit. Dank modernster Technologie und unserem kompromisslosen Streben nach Perfektion haben wir ein Produkt geschaffen, das Ihr Fahrerlebnis mit Sattelzugmaschinen revolutionieren wird.<\/p>\n<p>Hauptmerkmale:<br \/>\n1. Au\u00dfergew\u00f6hnliche Servolenkung: Unser Hydraulikzylinder sorgt f\u00fcr eine reibungslose und m\u00fchelose Lenkung, sodass Sie Ihren Sattelzug mit Leichtigkeit und Pr\u00e4zision man\u00f6vrieren k\u00f6nnen.<br \/>\n2. Un\u00fcbertroffene Qualit\u00e4t: Unser Zylinder wird nach h\u00f6chsten Standards gefertigt und ist auf Langlebigkeit ausgelegt. Dank der Verwendung robuster Materialien h\u00e4lt er selbst h\u00e4rtesten Umgebungsbedingungen und starker Beanspruchung stand.<br \/>\n3. Verbesserte Effizienz: Die fortschrittliche Konstruktion unseres Zylinders maximiert die Hydraulikleistung, was zu einer h\u00f6heren Produktivit\u00e4t und Kraftstoffeffizienz f\u00fchrt.<br \/>\n4. Vielseitige Leistung: Ob Sie durch unwegsames Gel\u00e4nde navigieren oder schwere Lasten bewegen, unser Zylinder liefert eine gleichbleibende Leistung und gew\u00e4hrleistet so optimale Stabilit\u00e4t und Kontrolle.<\/p>\n<p>Warum sollten Sie sich f\u00fcr unseren Servolenkungszylinder f\u00fcr Traktoren und Anh\u00e4nger entscheiden?<br \/>\n1. \u00dcberragende Langlebigkeit: Unser Zylinder wurde entwickelt, um h\u00e4rtesten Bedingungen standzuhalten und garantiert so eine lange Lebensdauer, wodurch Ausfallzeiten und Wartungskosten minimiert werden.<br \/>\n2. Nahtlose Integration: Unser Zylinder ist so konzipiert, dass er sich nahtlos in Ihren Sattelzug integriert und somit einen problemlosen Installationsprozess gew\u00e4hrleistet.<br \/>\n3. Un\u00fcbertroffene Zuverl\u00e4ssigkeit: Mit unserem Produkt k\u00f6nnen Sie sich auf ein gleichbleibendes und zuverl\u00e4ssiges Lenksystem verlassen, wodurch das Risiko von Ausf\u00e4llen oder Fehlfunktionen ausgeschlossen wird.<br \/>\n4. Optimale Sicherheit: Die pr\u00e4zise Steuerung und die sanfte Lenkung unseres Zylinders erh\u00f6hen die Sicherheit, verringern das Unfallrisiko und verbessern das allgemeine Vertrauen des Fahrers.<\/p>\n<p>Erleben Sie noch heute die Leistung und Zuverl\u00e4ssigkeit unseres hochwertigen Servolenkungszylinders f\u00fcr Sattelzugmaschinen. R\u00fcsten Sie Ihre Sattelzugmaschine auf und steigern Sie Ihre Leistung. Vertrauen Sie auf unsere Expertise und lassen Sie uns Ihre Fahrten optimieren.<\/p>\n<p><img decoding=\"async\" src=\"https:\/\/hzpt.com\/wp-content\/uploads\/2023\/11\/agricultural-machinery-hydraulic-cylinder-5.webp\" alt=\"\" title=\"\"><\/p>\n<h2>Anwendung des Lenkhydraulikzylinders<\/h2>\n<p>Lenkhydraulikzylinder sind wesentliche Bestandteile von Lenksystemen in verschiedenen Fahrzeugtypen. Diese Zylinder, auch Lenkaktuatoren genannt, wandeln die von einer Lenkpumpe erzeugte Energie in lineare Bewegung um, mit der die Richtung der Fahrzeugr\u00e4der beeinflusst werden kann. Hier sind einige Anwendungsgebiete von Lenkhydraulikzylindern:<\/p>\n<ol>\n<li>Schwerlastfahrzeuge:\n<p>Lenkhydraulikzylinder werden h\u00e4ufig in Schwerlastfahrzeugen wie Lkw, Bussen und Baumaschinen eingesetzt. Diese Fahrzeuge ben\u00f6tigen zum Lenken viel Kraft, und ein Hydraulikzylinder kann die n\u00f6tige Kraft zum Drehen der R\u00e4der auch bei hoher Beladung erzeugen. Das Hydrauliksystem erm\u00f6glicht zudem eine feinere Steuerung des Lenkmechanismus und erleichtert dem Fahrer das Man\u00f6vrieren gro\u00dfer, unhandlicher Fahrzeuge.<\/li>\n<li>Gel\u00e4ndefahrzeuge:\n<p>Auch Gel\u00e4ndefahrzeuge wie Quads, D\u00fcnenbuggys und Dirtbikes profitieren von hydraulischen Lenkzylindern. Diese Fahrzeuge sind oft in unwegsamem Gel\u00e4nde unterwegs, wo herk\u00f6mmliche Lenkmechanismen nicht immer effektiv sind. Hydraulikzylinder liefern die n\u00f6tige Kraft und Pr\u00e4zision, um Hindernisse zu \u00fcberwinden und die Kontrolle \u00fcber das Fahrzeug zu behalten.<\/li>\n<li>Anwendungen in der Schifffahrt und Luft- und Raumfahrt:\n<p>Lenkhydraulikzylinder sind nicht auf Landfahrzeuge beschr\u00e4nkt. Sie werden auch in der Schifffahrt, beispielsweise in Booten und Schiffen, sowie in der Luft- und Raumfahrttechnik, beispielsweise in Raumfahrzeugen und Flugzeugen, eingesetzt. In diesen Bereichen werden Hydraulikzylinder verwendet, um die Richtung von Rudern, Flossen und anderen Steuerfl\u00e4chen zu beeinflussen, die zur Steuerung des Schiffes oder Flugzeugs beitragen.<\/li>\n<li>Industrielle Ausr\u00fcstung:\n<p>Hydraulikzylinder werden auch in zahlreichen industriellen Anwendungen zum Lenken und f\u00fcr andere Zwecke eingesetzt. Sie k\u00f6nnen beispielsweise zum Lenken von Kr\u00e4nen, Gabelstaplern oder anderen schweren Maschinen verwendet werden. In diesen Bereichen liefern Hydraulikzylinder die n\u00f6tige Kraft und Pr\u00e4zision, um gro\u00dfe Lasten zu manipulieren oder in engen R\u00e4umen zu arbeiten.<\/li>\n<li>Benutzerdefinierte Anwendungen:\n<p>Neben diesen g\u00e4ngigen Anwendungen k\u00f6nnen hydraulische Lenkzylinder auch in einer Vielzahl von kundenspezifischen Umgebungen eingesetzt werden. Beispielsweise k\u00f6nnen sie in Versuchsfahrzeugen oder Prototypen verwendet werden, die einen speziellen Lenkmechanismus erfordern. Sie k\u00f6nnen auch in k\u00fcnstlerischen Installationen oder kinetischen Skulpturen verwendet werden, die pr\u00e4zise und kontrollierte Bewegungen erfordern.<\/li>\n<\/ol>\n<p>Wie Sie sehen, finden hydraulische Lenkzylinder ein breites Anwendungsspektrum in unterschiedlichen Branchen und Umgebungen. Ob in Schwerlastfahrzeugen, Gel\u00e4ndefahrzeugen, der Schifffahrt und Luftfahrt, in Industrieanlagen oder in Sonderanwendungen \u2013 diese Zylinder bieten die n\u00f6tige Kraft, Pr\u00e4zision und Kontrolle f\u00fcr eine effektive Lenkung.<\/p>\n<h2>\u00dcber FMP<\/h2>\n<p>FMP ist ein f\u00fchrender Hersteller und Vertreiber hochwertiger Hydraulikzylinder, Zylinderbaus\u00e4tze und Komponenten f\u00fcr Baumaschinen. Mit langj\u00e4hriger Branchenerfahrung und einem professionellen Team bieten wir unseren Kunden zuverl\u00e4ssige und effiziente L\u00f6sungen f\u00fcr ihre Baumaschinenanforderungen.<\/p>\n<p>Hier sind f\u00fcnf Gr\u00fcnde, warum Sie sich f\u00fcr FMP entscheiden sollten:<\/p>\n<ol>\n<li><strong>Hochwertige Hydraulikzylinder:<\/strong> Wir fertigen unsere Hydraulikzylinder mit Pr\u00e4zisionstechnik. Unser hohes Qualit\u00e4tsbewusstsein garantiert die Verwendung hochwertiger Rohstoffe und strenge Qualit\u00e4tskontrollen der fertigen Produkte, um sicherzustellen, dass sie den Industriestandards entsprechen und diese sogar \u00fcbertreffen.<\/li>\n<li><strong>Umfangreiches Produktsortiment:<\/strong> Unser Produktsortiment umfasst Baumaschinen und Zubeh\u00f6r aller Art. Wir bieten verschiedene Hydraulikzylinder, Getriebe, Ketten, Kettenr\u00e4der, Motorzubeh\u00f6r, Hydrauliksystemkomponenten, Fahrwerkszubeh\u00f6r und Zubeh\u00f6r f\u00fcr elektrische Systeme an.<\/li>\n<li><strong>Etablierte Partnerschaften:<\/strong> Wir haben langj\u00e4hrige und stabile Partnerschaften mit vielen hochwertigen in- und ausl\u00e4ndischen Lieferanten aufgebaut. Dies stellt sicher, dass alle gelieferten Zubeh\u00f6rteile unseren strengen Qualit\u00e4tsstandards entsprechen.<\/li>\n<li><strong>Erfahrenes Verkaufsteam:<\/strong> Unser Vertriebsteam verf\u00fcgt \u00fcber langj\u00e4hrige Erfahrung und Kenntnisse in der Baumaschinenbranche. Es bietet Ihnen eine professionelle Produktberatung und fundierte Kaufberatung, damit Sie fundierte Entscheidungen treffen k\u00f6nnen.<\/li>\n<li><strong>Effizientes Logistik-Vertriebssystem:<\/strong> Wir verf\u00fcgen \u00fcber ein effizientes Logistik- und Vertriebssystem, um sicherzustellen, dass unsere Kunden die ben\u00f6tigten Teile rechtzeitig und genau erhalten.<\/li>\n<\/ol>\n<p><img decoding=\"async\" src=\"https:\/\/fmp-components.com\/wp-content\/uploads\/2025\/01\/Dump-Truck-Trailer-Hydraulic-Cylinder-product-3-3.webp\" alt=\"Hydraulikzylinder\" width=\"800\" title=\"\"><\/p>\n<p>Bei FMP haben wir es uns zur Aufgabe gemacht, unseren Kunden hochwertiges und zuverl\u00e4ssiges Baumaschinenzubeh\u00f6r und komplette Maschinenl\u00f6sungen anzubieten. Mit unseren modernen Fabrikanlagen, CNC-Werkzeugmaschinen, computergest\u00fctzter Konstruktion, qualifizierten Mitarbeitern, Hydrauliksystemexperten, Zylindermonteuren und H\u00e4ndlern sind wir der bevorzugte Partner f\u00fcr Ihren Bedarf an Hydraulikzylindern, Zylinderbaus\u00e4tzen und Komponenten.<\/p>\n<p>Autor: CX<\/p>","protected":false},"excerpt":{"rendered":"<p>Experience the Power of the Excellent Quality Power Steering Cylinder Tractor Trailer Hydraulic Cylinder Introducing our top-of-the-line Power Steering Cylinder Tractor Trailer Hydraulic Cylinder, designed to deliver unmatched performance and reliability. With our cutting-edge technology and unwavering commitment to excellence, we have created a product that will revolutionize your tractor trailer experience. Key Features: 1. [&hellip;]<\/p>","protected":false},"featured_media":2870,"comment_status":"closed","ping_status":"closed","template":"","meta":{"_et_pb_use_builder":"","_et_pb_old_content":"","_et_gb_content_width":""},"product_brand":[],"product_cat":[67],"product_tag":[34,70],"class_list":{"0":"post-2869","1":"product","2":"type-product","3":"status-publish","4":"has-post-thumbnail","6":"product_cat-steering-hydraulic-cylinder","7":"product_tag-hydraulic-cylinder","8":"product_tag-steering-hydraulic-cylinder","10":"first","11":"instock","12":"product-type-simple"},"_links":{"self":[{"href":"https:\/\/fmp-components.com\/de\/wp-json\/wp\/v2\/product\/2869","targetHints":{"allow":["GET"]}}],"collection":[{"href":"https:\/\/fmp-components.com\/de\/wp-json\/wp\/v2\/product"}],"about":[{"href":"https:\/\/fmp-components.com\/de\/wp-json\/wp\/v2\/types\/product"}],"replies":[{"embeddable":true,"href":"https:\/\/fmp-components.com\/de\/wp-json\/wp\/v2\/comments?post=2869"}],"wp:featuredmedia":[{"embeddable":true,"href":"https:\/\/fmp-components.com\/de\/wp-json\/wp\/v2\/media\/2870"}],"wp:attachment":[{"href":"https:\/\/fmp-components.com\/de\/wp-json\/wp\/v2\/media?parent=2869"}],"wp:term":[{"taxonomy":"product_brand","embeddable":true,"href":"https:\/\/fmp-components.com\/de\/wp-json\/wp\/v2\/product_brand?post=2869"},{"taxonomy":"product_cat","embeddable":true,"href":"https:\/\/fmp-components.com\/de\/wp-json\/wp\/v2\/product_cat?post=2869"},{"taxonomy":"product_tag","embeddable":true,"href":"https:\/\/fmp-components.com\/de\/wp-json\/wp\/v2\/product_tag?post=2869"}],"curies":[{"name":"wp","href":"https:\/\/api.w.org\/{rel}","templated":true}]}}