{"id":2845,"date":"2025-01-04T05:25:27","date_gmt":"2025-01-04T05:25:27","guid":{"rendered":"https:\/\/fmp-components.com\/product\/premium-quality-head-steering-cylinder-hydraulic-steering-cylinder-for-tractor\/"},"modified":"2025-01-04T06:24:32","modified_gmt":"2025-01-04T06:24:32","slug":"premium-quality-head-steering-cylinder-hydraulic-steering-cylinder-for-tractor","status":"publish","type":"product","link":"https:\/\/fmp-components.com\/de\/product\/premium-quality-head-steering-cylinder-hydraulic-steering-cylinder-for-tractor\/","title":{"rendered":"Hochwertiger Kopflenkzylinder: Hydraulischer Lenkzylinder f\u00fcr Traktoren"},"content":{"rendered":"<h2>Hersteller Lieferant Mini Hydraulischer Lenkzylinder f\u00fcr Landwirtschaftsanh\u00e4nger<\/h2>\n<p>Der Mini-Hydraulik-Lenkzylinder f\u00fcr landwirtschaftliche Anh\u00e4nger ist ein hochwertiges Produkt zur Verbesserung der Lenkleistung von landwirtschaftlichen Anh\u00e4ngern. Dieser von erfahrenen Fachleuten gefertigte Zylinder bietet eine zuverl\u00e4ssige und effiziente Lenkkontrolle und gew\u00e4hrleistet reibungslose Man\u00f6vrierf\u00e4higkeit in verschiedenen landwirtschaftlichen Anwendungen.<\/p>\n<p>Hauptmerkmale:<br \/>\n1. Kompaktes Design: Die geringe Gr\u00f6\u00dfe dieses Lenkzylinders erm\u00f6glicht eine einfache Installation und Integration in verschiedene Anh\u00e4ngermodelle. Sein leichtes Design erh\u00f6ht das Gewicht des Anh\u00e4ngers nicht und sorgt f\u00fcr optimale Ladekapazit\u00e4t.<\/p>\n<p>2. Hydraulikleistung: Ausgestattet mit einem Hydrauliksystem bietet dieser Lenkzylinder \u00fcberlegene Leistung und Reaktionsf\u00e4higkeit. Er erm\u00f6glicht eine pr\u00e4zise Lenkkontrolle auch in schwierigem Gel\u00e4nde und sorgt so f\u00fcr sicherere und effizientere Betriebsabl\u00e4ufe.<\/p>\n<p>3. Robuste Konstruktion: Dieser Zylinder ist aus langlebigen Materialien gefertigt und h\u00e4lt auch hohen Belastungen in der Landwirtschaft stand. Er ist best\u00e4ndig gegen Korrosion, Rost und andere Verschlei\u00dferscheinungen und gew\u00e4hrleistet so dauerhafte Leistung und Zuverl\u00e4ssigkeit.<\/p>\n<p>4. Einfache Wartung: Die Konstruktion dieses Lenkzylinders erm\u00f6glicht eine unkomplizierte Wartung und Instandhaltung. Routinepr\u00fcfungen und Reparaturen k\u00f6nnen schnell durchgef\u00fchrt werden, wodurch Ausfallzeiten minimiert und die Produktivit\u00e4t maximiert werden.<\/p>\n<p>5. Vielseitige Kompatibilit\u00e4t: Der Mini-Hydraulik-Lenkzylinder f\u00fcr landwirtschaftliche Anh\u00e4nger ist mit einer Vielzahl von Anh\u00e4ngermodellen kompatibel. Er l\u00e4sst sich problemlos in bestehende Systeme integrieren und ist somit die ideale Wahl sowohl f\u00fcr Neuinstallationen als auch f\u00fcr Nachr\u00fcstungsprojekte.<\/p>\n<p>Zusammenfassend l\u00e4sst sich sagen, dass der Mini-Hydraulik-Lenkzylinder f\u00fcr landwirtschaftliche Anh\u00e4nger eine zuverl\u00e4ssige und robuste L\u00f6sung zur Verbesserung der Lenkf\u00e4higkeit von landwirtschaftlichen Anh\u00e4ngern ist. Seine kompakte Bauweise, die hydraulische Leistung, die Langlebigkeit und die Vielseitigkeit machen ihn zu einer ausgezeichneten Wahl f\u00fcr Landwirte und landwirtschaftliche Betriebe, die die Leistung ihrer Anh\u00e4nger optimieren m\u00f6chten.<\/p>\n<p><img decoding=\"async\" src=\"https:\/\/hzpt.com\/wp-content\/uploads\/2023\/11\/Steering-Hydraulic-Cylinder-2.webp\" alt=\"\" title=\"\"><\/p>\n<h2>Anwendung des Lenkhydraulikzylinders<\/h2>\n<p>Lenkhydraulikzylinder sind wesentliche Bestandteile von Lenksystemen in verschiedenen Fahrzeugtypen. Diese Zylinder, auch Lenkaktuatoren genannt, wandeln die von einer Lenkpumpe erzeugte Energie in lineare Bewegung um, mit der die Richtung der Fahrzeugr\u00e4der beeinflusst werden kann. Hier sind einige Anwendungsgebiete von Lenkhydraulikzylindern:<\/p>\n<ol>\n<li>Schwerlastfahrzeuge:\n<p>Lenkhydraulikzylinder werden h\u00e4ufig in Schwerlastfahrzeugen wie Lkw, Bussen und Baumaschinen eingesetzt. Diese Fahrzeuge ben\u00f6tigen zum Lenken viel Kraft, und ein Hydraulikzylinder kann die n\u00f6tige Kraft zum Drehen der R\u00e4der auch bei hoher Beladung erzeugen. Das Hydrauliksystem erm\u00f6glicht zudem eine feinere Steuerung des Lenkmechanismus und erleichtert dem Fahrer das Man\u00f6vrieren gro\u00dfer, unhandlicher Fahrzeuge.<\/li>\n<li>Gel\u00e4ndefahrzeuge:\n<p>Auch Gel\u00e4ndefahrzeuge wie Quads, D\u00fcnenbuggys und Dirtbikes profitieren von hydraulischen Lenkzylindern. Diese Fahrzeuge sind oft in unwegsamem Gel\u00e4nde unterwegs, wo herk\u00f6mmliche Lenkmechanismen nicht immer effektiv sind. Hydraulikzylinder liefern die n\u00f6tige Kraft und Pr\u00e4zision, um Hindernisse zu \u00fcberwinden und die Kontrolle \u00fcber das Fahrzeug zu behalten.<\/li>\n<li>Anwendungen in der Schifffahrt und Luft- und Raumfahrt:\n<p>Lenkhydraulikzylinder sind nicht auf Landfahrzeuge beschr\u00e4nkt. Sie werden auch in der Schifffahrt, beispielsweise in Booten und Schiffen, sowie in der Luft- und Raumfahrttechnik, beispielsweise in Raumfahrzeugen und Flugzeugen, eingesetzt. In diesen Bereichen werden Hydraulikzylinder verwendet, um die Richtung von Rudern, Flossen und anderen Steuerfl\u00e4chen zu beeinflussen, die zur Steuerung des Schiffes oder Flugzeugs beitragen.<\/li>\n<li>Industrielle Ausr\u00fcstung:\n<p>Hydraulikzylinder werden auch in zahlreichen industriellen Anwendungen zum Lenken und f\u00fcr andere Zwecke eingesetzt. Sie k\u00f6nnen beispielsweise zum Lenken von Kr\u00e4nen, Gabelstaplern oder anderen schweren Maschinen verwendet werden. In diesen Bereichen liefern Hydraulikzylinder die n\u00f6tige Kraft und Pr\u00e4zision, um gro\u00dfe Lasten zu manipulieren oder in engen R\u00e4umen zu arbeiten.<\/li>\n<li>Benutzerdefinierte Anwendungen:\n<p>Neben diesen g\u00e4ngigen Anwendungen k\u00f6nnen hydraulische Lenkzylinder auch in einer Vielzahl von kundenspezifischen Umgebungen eingesetzt werden. Beispielsweise k\u00f6nnen sie in Versuchsfahrzeugen oder Prototypen verwendet werden, die einen speziellen Lenkmechanismus erfordern. Sie k\u00f6nnen auch in k\u00fcnstlerischen Installationen oder kinetischen Skulpturen verwendet werden, die pr\u00e4zise und kontrollierte Bewegungen erfordern.<\/li>\n<\/ol>\n<p>Wie Sie sehen, finden hydraulische Lenkzylinder ein breites Anwendungsspektrum in unterschiedlichen Branchen und Umgebungen. Ob in Schwerlastfahrzeugen, Gel\u00e4ndefahrzeugen, der Schifffahrt und Luftfahrt, in Industrieanlagen oder in Sonderanwendungen \u2013 diese Zylinder bieten die n\u00f6tige Kraft, Pr\u00e4zision und Kontrolle f\u00fcr eine effektive Lenkung.<\/p>\n<h2>\u00dcber FMP<\/h2>\n<p>FMP ist ein f\u00fchrender Hersteller und Vertreiber hochwertiger Hydraulikzylinder, Zylinderbaus\u00e4tze und Komponenten f\u00fcr Baumaschinen. Mit langj\u00e4hriger Branchenerfahrung und einem professionellen Team bieten wir unseren Kunden zuverl\u00e4ssige und effiziente L\u00f6sungen f\u00fcr ihre Baumaschinenanforderungen.<\/p>\n<p>Hier sind f\u00fcnf Gr\u00fcnde, warum Sie sich f\u00fcr FMP entscheiden sollten:<\/p>\n<ol>\n<li><strong>Hochwertige Hydraulikzylinder:<\/strong> Wir fertigen unsere Hydraulikzylinder mit Pr\u00e4zisionstechnik. Unser hohes Qualit\u00e4tsbewusstsein garantiert die Verwendung hochwertiger Rohstoffe und strenge Qualit\u00e4tskontrollen der fertigen Produkte, um sicherzustellen, dass sie den Industriestandards entsprechen und diese sogar \u00fcbertreffen.<\/li>\n<li><strong>Umfangreiches Produktsortiment:<\/strong> Unser Produktsortiment umfasst Baumaschinen und Zubeh\u00f6r aller Art. Wir bieten verschiedene Hydraulikzylinder, Getriebe, Ketten, Kettenr\u00e4der, Motorzubeh\u00f6r, Hydrauliksystemkomponenten, Fahrwerkszubeh\u00f6r und Zubeh\u00f6r f\u00fcr elektrische Systeme an.<\/li>\n<li><strong>Etablierte Partnerschaften:<\/strong> Wir haben langj\u00e4hrige und stabile Partnerschaften mit vielen hochwertigen in- und ausl\u00e4ndischen Lieferanten aufgebaut. Dies stellt sicher, dass alle gelieferten Zubeh\u00f6rteile unseren strengen Qualit\u00e4tsstandards entsprechen.<\/li>\n<li><strong>Erfahrenes Verkaufsteam:<\/strong> Unser Vertriebsteam verf\u00fcgt \u00fcber langj\u00e4hrige Erfahrung und Kenntnisse in der Baumaschinenbranche. Es bietet Ihnen eine professionelle Produktberatung und fundierte Kaufberatung, damit Sie fundierte Entscheidungen treffen k\u00f6nnen.<\/li>\n<li><strong>Effizientes Logistik-Vertriebssystem:<\/strong> Wir verf\u00fcgen \u00fcber ein effizientes Logistik- und Vertriebssystem, um sicherzustellen, dass unsere Kunden die ben\u00f6tigten Teile rechtzeitig und genau erhalten.<\/li>\n<\/ol>\n<p><img decoding=\"async\" src=\"https:\/\/fmp-components.com\/wp-content\/uploads\/2025\/01\/Dump-Truck-Trailer-Hydraulic-Cylinder-product-3-3.webp\" alt=\"Hydraulikzylinder\" width=\"800\" title=\"\"><\/p>\n<p>Bei FMP haben wir es uns zur Aufgabe gemacht, unseren Kunden hochwertiges und zuverl\u00e4ssiges Baumaschinenzubeh\u00f6r und komplette Maschinenl\u00f6sungen anzubieten. Mit unseren modernen Fabrikanlagen, CNC-Werkzeugmaschinen, computergest\u00fctzter Konstruktion, qualifizierten Mitarbeitern, Hydrauliksystemexperten, Zylindermonteuren und H\u00e4ndlern sind wir der bevorzugte Partner f\u00fcr Ihren Bedarf an Hydraulikzylindern, Zylinderbaus\u00e4tzen und Komponenten.<\/p>\n<p>Autor: CX<\/p>","protected":false},"excerpt":{"rendered":"<p>Manufacturer Supplier Mini Hydraulic Steering Cylinder for Agriculture Trailer The Mini Hydraulic Steering Cylinder for Agriculture Trailer is a high-quality product designed to enhance the steering performance of agricultural trailers. Manufactured by experienced professionals, this cylinder offers reliable and efficient steering control, ensuring smooth maneuverability in various farming applications. Key Features: 1. Compact Design: The [&hellip;]<\/p>","protected":false},"featured_media":2846,"comment_status":"closed","ping_status":"closed","template":"","meta":{"_et_pb_use_builder":"","_et_pb_old_content":"","_et_gb_content_width":""},"product_brand":[],"product_cat":[67],"product_tag":[34,70],"class_list":{"0":"post-2845","1":"product","2":"type-product","3":"status-publish","4":"has-post-thumbnail","6":"product_cat-steering-hydraulic-cylinder","7":"product_tag-hydraulic-cylinder","8":"product_tag-steering-hydraulic-cylinder","10":"first","11":"instock","12":"product-type-simple"},"_links":{"self":[{"href":"https:\/\/fmp-components.com\/de\/wp-json\/wp\/v2\/product\/2845","targetHints":{"allow":["GET"]}}],"collection":[{"href":"https:\/\/fmp-components.com\/de\/wp-json\/wp\/v2\/product"}],"about":[{"href":"https:\/\/fmp-components.com\/de\/wp-json\/wp\/v2\/types\/product"}],"replies":[{"embeddable":true,"href":"https:\/\/fmp-components.com\/de\/wp-json\/wp\/v2\/comments?post=2845"}],"wp:featuredmedia":[{"embeddable":true,"href":"https:\/\/fmp-components.com\/de\/wp-json\/wp\/v2\/media\/2846"}],"wp:attachment":[{"href":"https:\/\/fmp-components.com\/de\/wp-json\/wp\/v2\/media?parent=2845"}],"wp:term":[{"taxonomy":"product_brand","embeddable":true,"href":"https:\/\/fmp-components.com\/de\/wp-json\/wp\/v2\/product_brand?post=2845"},{"taxonomy":"product_cat","embeddable":true,"href":"https:\/\/fmp-components.com\/de\/wp-json\/wp\/v2\/product_cat?post=2845"},{"taxonomy":"product_tag","embeddable":true,"href":"https:\/\/fmp-components.com\/de\/wp-json\/wp\/v2\/product_tag?post=2845"}],"curies":[{"name":"wp","href":"https:\/\/api.w.org\/{rel}","templated":true}]}}