{"id":2765,"date":"2025-01-04T05:22:33","date_gmt":"2025-01-04T05:22:33","guid":{"rendered":"https:\/\/fmp-components.com\/product\/italy-factory-supply-engineering-hydraulic-ram-cylinder-tractor-power-steering-cylinder\/"},"modified":"2025-03-18T01:43:46","modified_gmt":"2025-03-18T01:43:46","slug":"italy-factory-supply-engineering-hydraulic-ram-cylinder-tractor-power-steering-cylinder","status":"publish","type":"product","link":"https:\/\/fmp-components.com\/de\/product\/italy-factory-supply-engineering-hydraulic-ram-cylinder-tractor-power-steering-cylinder\/","title":{"rendered":"Italien Fabrik Supply Engineering Hydraulischer Ram-Zylinder Traktor Servolenkungszylinder"},"content":{"rendered":"<div class=\"product-description\">\n<h2>Professioneller Mini-Hydraulikkolbenzylinder f\u00fcr Traktoren<\/h2>\n<p>Dieser professionelle Mini-Hydraulikkolbenzylinder wurde speziell f\u00fcr Traktoren entwickelt und bietet leistungsstarke und zuverl\u00e4ssige Hydraulikleistung. Dank seiner kompakten Gr\u00f6\u00dfe passt er perfekt in Traktoren aller Gr\u00f6\u00dfen, ohne Kompromisse bei der Effizienz einzugehen.<\/p>\n<p>Der Kolbenzylinder ist aus hochwertigen Materialien gefertigt und gew\u00e4hrleistet so auch bei starker Beanspruchung Haltbarkeit und Langlebigkeit. Sein fortschrittliches Hydrauliksystem erm\u00f6glicht einen reibungslosen und pr\u00e4zisen Betrieb und eignet sich daher ideal f\u00fcr verschiedene Traktoranwendungen.<\/p>\n<p>Dank seines Mini-Designs ist dieser Hydraulikkolbenzylinder einfach zu installieren und zu warten. Seine kompakte Gr\u00f6\u00dfe sorgt au\u00dferdem daf\u00fcr, dass er das Gesamtdesign des Traktors erg\u00e4nzt, ohne unn\u00f6tige Masse hinzuzuf\u00fcgen.<\/p>\n<p>Ob Sie schwere Lasten heben, Anbauger\u00e4te bedienen oder andere hydraulische Aufgaben erledigen m\u00fcssen \u2013 dieser professionelle Mini-Hydraulikkolbenzylinder ist die perfekte L\u00f6sung. Vertrauen Sie auf seine au\u00dfergew\u00f6hnliche Leistung und Zuverl\u00e4ssigkeit und steigern Sie die Leistungsf\u00e4higkeit Ihres Traktors.<\/p>\n<\/div>\n<h2>Einf\u00fchrung in Hydraulikzylinder<\/h2>\n<p>Hydraulikzylinder sind mechanische Ger\u00e4te, die Fluidkraft in lineare Bewegung umwandeln. Aufgrund ihrer Effizienz und Zuverl\u00e4ssigkeit werden sie seit Jahrhunderten in verschiedenen Branchen eingesetzt. Hydraulikzylinder sind h\u00e4ufig in mobilen Maschinen, landwirtschaftlichen Ger\u00e4ten und schweren Industriemaschinen zu finden.<\/p>\n<h2>Arten von Hydraulikzylindern<\/h2>\n<p>Hydraulikzylinder gibt es in verschiedenen Ausf\u00fchrungen, darunter Kippzylinder, Lenkzylinder und Hubzylinder. Sie unterscheiden sich in Design, Leistung und Anwendung, dienen aber alle dem grundlegenden Zweck, eine kraftvolle, kontrollierte Linearbewegung zu erzeugen.<\/p>\n<h2>Auswahl des richtigen Hydraulikzylinders<\/h2>\n<p><img decoding=\"async\" src=\"https:\/\/hzpt.com\/wp-content\/uploads\/2023\/11\/agricultural-machinery-hydraulic-cylinder-6.webp\" alt=\"\" title=\"\"><\/p>\n<p>Die Wahl des richtigen Hydraulikzylinders ist entscheidend und erfordert die Ber\u00fccksichtigung von Faktoren wie Leistungsbedarf, Lastart, Betriebsumgebung und gew\u00fcnschter Lebensdauer. Es ist auch wichtig zu wissen, wann ein Hydraulikzylinder ausgetauscht werden muss, da ein defekter Zylinder zu Ineffizienz und m\u00f6glichen Maschinensch\u00e4den f\u00fchren kann.<\/p>\n<h2>Anwendung des Lenkhydraulikzylinders<\/h2>\n<p>Lenkhydraulikzylinder sind wesentliche Bestandteile von Lenksystemen in verschiedenen Fahrzeugtypen. Diese Zylinder, auch Lenkaktuatoren genannt, wandeln die von einer Lenkpumpe erzeugte Energie in lineare Bewegung um, mit der die Richtung der Fahrzeugr\u00e4der beeinflusst werden kann. Hier sind einige Anwendungsgebiete von Lenkhydraulikzylindern:<\/p>\n<ol>\n<li>Schwerlastfahrzeuge:\n<p>Lenkhydraulikzylinder werden h\u00e4ufig in Schwerlastfahrzeugen wie Lkw, Bussen und Baumaschinen eingesetzt. Diese Fahrzeuge ben\u00f6tigen zum Lenken viel Kraft, und ein Hydraulikzylinder kann die n\u00f6tige Kraft zum Drehen der R\u00e4der auch bei hoher Beladung erzeugen. Das Hydrauliksystem erm\u00f6glicht zudem eine feinere Steuerung des Lenkmechanismus und erleichtert dem Fahrer das Man\u00f6vrieren gro\u00dfer, unhandlicher Fahrzeuge.<\/li>\n<li>Gel\u00e4ndefahrzeuge:\n<p>Auch Gel\u00e4ndefahrzeuge wie Quads, D\u00fcnenbuggys und Dirtbikes profitieren von hydraulischen Lenkzylindern. Diese Fahrzeuge sind oft in unwegsamem Gel\u00e4nde unterwegs, wo herk\u00f6mmliche Lenkmechanismen nicht immer effektiv sind. Hydraulikzylinder liefern die n\u00f6tige Kraft und Pr\u00e4zision, um Hindernisse zu \u00fcberwinden und die Kontrolle \u00fcber das Fahrzeug zu behalten.<\/li>\n<li>Anwendungen in der Schifffahrt und Luft- und Raumfahrt:\n<p>Lenkhydraulikzylinder sind nicht auf Landfahrzeuge beschr\u00e4nkt. Sie werden auch in der Schifffahrt, beispielsweise in Booten und Schiffen, sowie in der Luft- und Raumfahrttechnik, beispielsweise in Raumfahrzeugen und Flugzeugen, eingesetzt. In diesen Bereichen werden Hydraulikzylinder verwendet, um die Richtung von Rudern, Flossen und anderen Steuerfl\u00e4chen zu beeinflussen, die zur Steuerung des Schiffes oder Flugzeugs beitragen.<\/li>\n<li>Industrielle Ausr\u00fcstung:\n<p>Hydraulikzylinder werden auch in zahlreichen industriellen Anwendungen zum Lenken und f\u00fcr andere Zwecke eingesetzt. Sie k\u00f6nnen beispielsweise zum Lenken von Kr\u00e4nen, Gabelstaplern oder anderen schweren Maschinen verwendet werden. In diesen Bereichen liefern Hydraulikzylinder die n\u00f6tige Kraft und Pr\u00e4zision, um gro\u00dfe Lasten zu manipulieren oder in engen R\u00e4umen zu arbeiten.<\/li>\n<li>Benutzerdefinierte Anwendungen:\n<p>Neben diesen g\u00e4ngigen Anwendungen k\u00f6nnen hydraulische Lenkzylinder auch in einer Vielzahl von kundenspezifischen Umgebungen eingesetzt werden. Beispielsweise k\u00f6nnen sie in Versuchsfahrzeugen oder Prototypen verwendet werden, die einen speziellen Lenkmechanismus erfordern. Sie k\u00f6nnen auch in k\u00fcnstlerischen Installationen oder kinetischen Skulpturen verwendet werden, die pr\u00e4zise und kontrollierte Bewegungen erfordern.<\/li>\n<\/ol>\n<p>Wie Sie sehen, finden hydraulische Lenkzylinder ein breites Anwendungsspektrum in unterschiedlichen Branchen und Umgebungen. Ob in Schwerlastfahrzeugen, Gel\u00e4ndefahrzeugen, der Schifffahrt und Luftfahrt, in Industrieanlagen oder in Sonderanwendungen \u2013 diese Zylinder bieten die n\u00f6tige Kraft, Pr\u00e4zision und Kontrolle f\u00fcr eine effektive Lenkung.<\/p>\n<h2>\u00dcber FMP<\/h2>\n<p>FMP ist ein f\u00fchrender Hersteller und Vertreiber hochwertiger Hydraulikzylinder, Zylinderbaus\u00e4tze und Komponenten f\u00fcr Baumaschinen. Mit langj\u00e4hriger Branchenerfahrung und einem professionellen Team bieten wir unseren Kunden zuverl\u00e4ssige und effiziente L\u00f6sungen f\u00fcr ihre Baumaschinenanforderungen.<\/p>\n<p>Hier sind f\u00fcnf Gr\u00fcnde, warum Sie sich f\u00fcr FMP entscheiden sollten:<\/p>\n<ol>\n<li><strong>Hochwertige Hydraulikzylinder:<\/strong> Wir fertigen unsere Hydraulikzylinder mit Pr\u00e4zisionstechnik. Unser hohes Qualit\u00e4tsbewusstsein garantiert die Verwendung hochwertiger Rohstoffe und strenge Qualit\u00e4tskontrollen der fertigen Produkte, um sicherzustellen, dass sie den Industriestandards entsprechen und diese sogar \u00fcbertreffen.<\/li>\n<li><strong>Umfangreiches Produktsortiment:<\/strong> Unser Produktsortiment umfasst Baumaschinen und Zubeh\u00f6r aller Art. Wir bieten verschiedene Hydraulikzylinder, Getriebe, Ketten, Kettenr\u00e4der, Motorzubeh\u00f6r, Hydrauliksystemkomponenten, Fahrwerkszubeh\u00f6r und Zubeh\u00f6r f\u00fcr elektrische Systeme an.<\/li>\n<li><strong>Etablierte Partnerschaften:<\/strong> Wir haben langj\u00e4hrige und stabile Partnerschaften mit vielen hochwertigen in- und ausl\u00e4ndischen Lieferanten aufgebaut. Dies stellt sicher, dass alle gelieferten Zubeh\u00f6rteile unseren strengen Qualit\u00e4tsstandards entsprechen.<\/li>\n<li><strong>Erfahrenes Verkaufsteam:<\/strong> Unser Vertriebsteam verf\u00fcgt \u00fcber langj\u00e4hrige Erfahrung und Kenntnisse in der Baumaschinenbranche. Es bietet Ihnen eine professionelle Produktberatung und fundierte Kaufberatung, damit Sie fundierte Entscheidungen treffen k\u00f6nnen.<\/li>\n<li><strong>Effizientes Logistik-Vertriebssystem:<\/strong> Wir verf\u00fcgen \u00fcber ein effizientes Logistik- und Vertriebssystem, um sicherzustellen, dass unsere Kunden die ben\u00f6tigten Teile rechtzeitig und genau erhalten.<\/li>\n<\/ol>\n<p><img decoding=\"async\" src=\"https:\/\/fmp-components.com\/wp-content\/uploads\/2025\/01\/Dump-Truck-Trailer-Hydraulic-Cylinder-product-3-3.webp\" alt=\"Hydraulikzylinder\" width=\"800\" title=\"\"><\/p>\n<p>Bei FMP haben wir es uns zur Aufgabe gemacht, unseren Kunden hochwertiges und zuverl\u00e4ssiges Baumaschinenzubeh\u00f6r und komplette Maschinenl\u00f6sungen anzubieten. Mit unseren modernen Fabrikanlagen, CNC-Werkzeugmaschinen, computergest\u00fctzter Konstruktion, qualifizierten Mitarbeitern, Hydrauliksystemexperten, Zylindermonteuren und H\u00e4ndlern sind wir der bevorzugte Partner f\u00fcr Ihren Bedarf an Hydraulikzylindern, Zylinderbaus\u00e4tzen und Komponenten.<\/p>\n<p>Autor: CX<\/p>","protected":false},"excerpt":{"rendered":"<p>Professional Mini Hydraulic Piston Cylinder for Tractors This professional mini hydraulic piston cylinder is specially designed for tractors, providing powerful and reliable hydraulic performance. With its compact size, it fits perfectly in tractors of all sizes, without compromising on efficiency. The piston cylinder is made from high-quality materials, ensuring durability and longevity even under heavy [&hellip;]<\/p>","protected":false},"featured_media":2766,"comment_status":"closed","ping_status":"closed","template":"","meta":{"_et_pb_use_builder":"","_et_pb_old_content":"","_et_gb_content_width":""},"product_brand":[],"product_cat":[67],"product_tag":[34,70],"class_list":{"0":"post-2765","1":"product","2":"type-product","3":"status-publish","4":"has-post-thumbnail","6":"product_cat-steering-hydraulic-cylinder","7":"product_tag-hydraulic-cylinder","8":"product_tag-steering-hydraulic-cylinder","10":"first","11":"instock","12":"product-type-simple"},"_links":{"self":[{"href":"https:\/\/fmp-components.com\/de\/wp-json\/wp\/v2\/product\/2765","targetHints":{"allow":["GET"]}}],"collection":[{"href":"https:\/\/fmp-components.com\/de\/wp-json\/wp\/v2\/product"}],"about":[{"href":"https:\/\/fmp-components.com\/de\/wp-json\/wp\/v2\/types\/product"}],"replies":[{"embeddable":true,"href":"https:\/\/fmp-components.com\/de\/wp-json\/wp\/v2\/comments?post=2765"}],"wp:featuredmedia":[{"embeddable":true,"href":"https:\/\/fmp-components.com\/de\/wp-json\/wp\/v2\/media\/2766"}],"wp:attachment":[{"href":"https:\/\/fmp-components.com\/de\/wp-json\/wp\/v2\/media?parent=2765"}],"wp:term":[{"taxonomy":"product_brand","embeddable":true,"href":"https:\/\/fmp-components.com\/de\/wp-json\/wp\/v2\/product_brand?post=2765"},{"taxonomy":"product_cat","embeddable":true,"href":"https:\/\/fmp-components.com\/de\/wp-json\/wp\/v2\/product_cat?post=2765"},{"taxonomy":"product_tag","embeddable":true,"href":"https:\/\/fmp-components.com\/de\/wp-json\/wp\/v2\/product_tag?post=2765"}],"curies":[{"name":"wp","href":"https:\/\/api.w.org\/{rel}","templated":true}]}}