{"id":2736,"date":"2025-01-04T03:48:26","date_gmt":"2025-01-04T03:48:26","guid":{"rendered":"https:\/\/fmp-components.com\/?page_id=8"},"modified":"2025-01-04T03:51:45","modified_gmt":"2025-01-04T03:51:45","slug":"grader-driven-rake-gearbox-fmp-dx300-1-for-powered-harrow","status":"publish","type":"product","link":"https:\/\/fmp-components.com\/de\/product\/grader-driven-rake-gearbox-fmp-dx300-1-for-powered-harrow\/","title":{"rendered":"Grader-getriebenes Rechengetriebe FMP-DX300-1 f\u00fcr angetriebene Egge"},"content":{"rendered":"<h2>Grader-Antriebs-Rechengetriebe FMP-DX300-1 Technische Daten<\/h2>\n<p><img loading=\"lazy\" decoding=\"async\" class=\"alignnone size-full wp-image-2744\" src=\"https:\/\/fmp-components.com\/wp-content\/uploads\/2025\/01\/Grader-Driven-Rake-Gearbox-EP-DX300-1-Dimensions.webp\" alt=\"Grader-Driven-Rake-Getriebe-EP-DX300-1-Abmessungen\" width=\"1391\" height=\"920\" title=\"\" srcset=\"https:\/\/fmp-components.com\/wp-content\/uploads\/2025\/01\/Grader-Driven-Rake-Gearbox-EP-DX300-1-Dimensions.webp 1391w, https:\/\/fmp-components.com\/wp-content\/uploads\/2025\/01\/Grader-Driven-Rake-Gearbox-EP-DX300-1-Dimensions-1280x847.webp 1280w, https:\/\/fmp-components.com\/wp-content\/uploads\/2025\/01\/Grader-Driven-Rake-Gearbox-EP-DX300-1-Dimensions-980x648.webp 980w, https:\/\/fmp-components.com\/wp-content\/uploads\/2025\/01\/Grader-Driven-Rake-Gearbox-EP-DX300-1-Dimensions-480x317.webp 480w\" sizes=\"(min-width: 0px) and (max-width: 480px) 480px, (min-width: 481px) and (max-width: 980px) 980px, (min-width: 981px) and (max-width: 1280px) 1280px, (min-width: 1281px) 1391px, 100vw\" \/><\/p>\n<h2>Grader-Antriebs-Rechengetriebe FMP-DX300-1 Umdrehung<\/h2>\n<p><img loading=\"lazy\" decoding=\"async\" class=\"alignnone size-full wp-image-2745\" src=\"https:\/\/fmp-components.com\/wp-content\/uploads\/2025\/01\/Grader-Driven-Rake-Gearbox-EP-DX300-1-Turn.webp\" alt=\"Grader-Driven-Rake-Getriebe-EP-DX300-1-Turn\" width=\"1341\" height=\"348\" title=\"\" srcset=\"https:\/\/fmp-components.com\/wp-content\/uploads\/2025\/01\/Grader-Driven-Rake-Gearbox-EP-DX300-1-Turn.webp 1341w, https:\/\/fmp-components.com\/wp-content\/uploads\/2025\/01\/Grader-Driven-Rake-Gearbox-EP-DX300-1-Turn-1280x332.webp 1280w, https:\/\/fmp-components.com\/wp-content\/uploads\/2025\/01\/Grader-Driven-Rake-Gearbox-EP-DX300-1-Turn-980x254.webp 980w, https:\/\/fmp-components.com\/wp-content\/uploads\/2025\/01\/Grader-Driven-Rake-Gearbox-EP-DX300-1-Turn-480x125.webp 480w\" sizes=\"(min-width: 0px) and (max-width: 480px) 480px, (min-width: 481px) and (max-width: 980px) 980px, (min-width: 981px) and (max-width: 1280px) 1280px, (min-width: 1281px) 1341px, 100vw\" \/><\/p>\n<table style=\"width: 96.2953%; height: 160px;\" border=\"1\" cellspacing=\"0\" cellpadding=\"0\">\n<tbody>\n<tr>\n<td colspan=\"2\" rowspan=\"2\">ich<\/td>\n<td rowspan=\"2\">Geeignet<\/td>\n<td>Drehzahleingabe<\/td>\n<td>Drehzahlausgang<\/td>\n<td>KW (Nom)<\/td>\n<td>KW(Max)<\/td>\n<td rowspan=\"2\">Verzahnung<\/td>\n<\/tr>\n<tr>\n<td>U\/min<\/td>\n<td>U\/min<\/td>\n<td>PS<\/td>\n<td>PS<\/td>\n<\/tr>\n<tr>\n<td>Verlangsamen<\/td>\n<td>2.47:1<\/td>\n<td rowspan=\"3\">Motorisierte Egge<\/td>\n<td>1000<\/td>\n<td>404<\/td>\n<td rowspan=\"3\">200<\/td>\n<td>3500<\/td>\n<td rowspan=\"3\">Gleason-Schraubenverzahnung<br \/>\nZ\u00e4hne<\/td>\n<\/tr>\n<tr>\n<td>Verlangsamen<\/td>\n<td>2.63:1<\/td>\n<td>1000<\/td>\n<td>380<\/td>\n<td>3700<\/td>\n<\/tr>\n<tr>\n<td>Verlangsamen<\/td>\n<td>2.04:1<\/td>\n<td>850<\/td>\n<td>416<\/td>\n<td>3400<\/td>\n<\/tr>\n<tr>\n<td colspan=\"8\">Anmerkung: Wenn Sie spezielle W\u00fcnsche haben, lassen Sie es mich bitte wissen. Wir akzeptieren auch Sonderanfertigungen.<\/td>\n<\/tr>\n<\/tbody>\n<\/table>\n<h2>Grader-Antriebs-Rechengetriebe FMP-DX300-1 \u2013 Teilestruktur<\/h2>\n<p>Das Grader-Rechengetriebe FMP-DX300-1 ist eine robuste und unverzichtbare Komponente f\u00fcr den Einsatz in Grader-Rechensystemen, typischerweise in der Landwirtschaft und Industrie. Nachfolgend finden Sie eine \u00dcbersicht der wichtigsten Bauteile des Getriebes FMP-DX300-1:<\/p>\n<p>1. <strong>Geh\u00e4use<\/strong><\/p>\n<ul>\n<li><strong>Material:<\/strong> Das Geh\u00e4use, typischerweise aus hochfestem Gusseisen oder Stahl gefertigt, gew\u00e4hrleistet die strukturelle Integrit\u00e4t und beherbergt die internen Komponenten. Es ist so konstruiert, dass es hohen Belastungen und Drehmomenten standh\u00e4lt und gleichzeitig die darin befindlichen Zahnr\u00e4der und Wellen sch\u00fctzt.<\/li>\n<li><strong>Funktion:<\/strong> Sch\u00fctzt die internen Komponenten vor Staub, Schmutz und \u00e4u\u00dferen Einfl\u00fcssen und bietet gleichzeitig eine sichere und stabile Montagebasis f\u00fcr das Getriebe.<\/li>\n<\/ul>\n<p>2. <strong>Eingangswelle<\/strong><\/p>\n<ul>\n<li><strong>Material:<\/strong> Geschmiedeter Stahl f\u00fcr Langlebigkeit und Festigkeit.<\/li>\n<li><strong>Funktion:<\/strong> Die Eingangswelle ist mit dem Zapfwellenantrieb (PTO) des Traktors verbunden und \u00fcbertr\u00e4gt die Drehbewegung in das Getriebe, wodurch der Untersetzungsprozess eingeleitet wird.<\/li>\n<\/ul>\n<p>3. <strong>Abtriebswelle<\/strong><\/p>\n<ul>\n<li><strong>Material:<\/strong> Hochwertiger Stahl, oft geh\u00e4rtet f\u00fcr l\u00e4ngere Verschlei\u00dffestigkeit.<\/li>\n<li><strong>Funktion:<\/strong> Die Abtriebswelle \u00fcbertr\u00e4gt die reduzierte Leistung vom Getriebe auf das Rechensystem und gew\u00e4hrleistet so den effektiven Betrieb des Rechens.<\/li>\n<\/ul>\n<p>4. <strong>Getriebe<\/strong><\/p>\n<ul>\n<li><strong>Material:<\/strong> Geh\u00e4rteter Stahl oder hochfeste Legierungswerkstoffe f\u00fcr Langlebigkeit und Verschlei\u00dffestigkeit.<\/li>\n<li><strong>Funktion:<\/strong> Die Zahnr\u00e4der im Getriebe FMP-DX300-1 erm\u00f6glichen die Kraft\u00fcbertragung, indem sie die Eingangsdrehzahl und das Eingangsdrehmoment in eine niedrigere, besser steuerbare Ausgangsdrehzahl mit erh\u00f6htem Drehmoment umwandeln. Sie sind in einem Zahnradsatz im Inneren des Getriebes angeordnet, h\u00e4ufig mit Kegel- oder Stirnr\u00e4dern.<\/li>\n<\/ul>\n<p>5. <strong>Lager<\/strong><\/p>\n<ul>\n<li><strong>Material:<\/strong> Pr\u00e4zisionskugel- oder Rollenlager.<\/li>\n<li><strong>Funktion:<\/strong> Die Lager st\u00fctzen die rotierenden Wellen im Getriebe, erm\u00f6glichen einen reibungslosen Betrieb und reduzieren Reibung und Verschlei\u00df an den beweglichen Teilen.<\/li>\n<\/ul>\n<p>Das Grader-betriebene Schwadergetriebe FMP-DX300-1 ist aus robusten, hochwertigen Materialien gefertigt und gew\u00e4hrleistet so einen zuverl\u00e4ssigen, langfristigen Einsatz in Land- und Industriemaschinen. Jede Komponente tr\u00e4gt entscheidend zu einem reibungslosen Betrieb, hoher Drehmoment\u00fcbertragung und effizienter Kraftumwandlung bei. Dadurch eignet sich das Getriebe ideal f\u00fcr anspruchsvolle Schwadersysteme.<\/p>\n<p><img loading=\"lazy\" decoding=\"async\" class=\"alignnone size-full wp-image-2748\" src=\"https:\/\/fmp-components.com\/wp-content\/uploads\/2025\/01\/Grader-Driven-Rake-Gearbox-EP-DX300-1-for-Powered-Harrow1.webp\" alt=\"Grader-Driven-Rake-Getriebe-EP-DX300-1-f\u00fcr-Powered-Harrow(1)\" width=\"1024\" height=\"418\" title=\"\" srcset=\"https:\/\/fmp-components.com\/wp-content\/uploads\/2025\/01\/Grader-Driven-Rake-Gearbox-EP-DX300-1-for-Powered-Harrow1.webp 1024w, https:\/\/fmp-components.com\/wp-content\/uploads\/2025\/01\/Grader-Driven-Rake-Gearbox-EP-DX300-1-for-Powered-Harrow1-980x400.webp 980w, https:\/\/fmp-components.com\/wp-content\/uploads\/2025\/01\/Grader-Driven-Rake-Gearbox-EP-DX300-1-for-Powered-Harrow1-480x196.webp 480w\" sizes=\"(min-width: 0px) and (max-width: 480px) 480px, (min-width: 481px) and (max-width: 980px) 980px, (min-width: 981px) 1024px, 100vw\" \/><\/p>\n<h2>Grader-betriebenes Rechengetriebe FMP-DX300-1 Anwendungen<\/h2>\n<div class=\"flex max-w-full flex-col flex-grow\">\n<div class=\"min-h-8 text-message flex w-full flex-col items-end gap-2 whitespace-normal break-words text-start [.text-message+&amp;]:mt-5\" dir=\"auto\" data-message-author-role=\"assistant\" data-message-id=\"5479eb4d-745a-477c-922c-e95a511ab1ab\" data-message-model-slug=\"gpt-4o\">\n<div class=\"flex w-full flex-col gap-1 empty:hidden first:pt-[3px]\">\n<div class=\"markdown prose w-full break-words dark:prose-invert light\">\n<p>Das Grader-Antriebsschwadergetriebe FMP-DX300-1 ist eine \u00e4u\u00dferst vielseitige Komponente, die f\u00fcr diverse Anwendungen in Landwirtschaft und Industrie konzipiert wurde. Dank seiner robusten Bauweise und zuverl\u00e4ssigen Leistung eignet es sich f\u00fcr anspruchsvolle Umgebungen. Im Folgenden sind die Haupteinsatzgebiete des Grader-Antriebsschwadergetriebes FMP-DX300-1 aufgef\u00fchrt:<\/p>\n<p>1. <strong>Landmaschinen<\/strong><\/p>\n<ul>\n<li><strong>Heurechen:<\/strong> Das Getriebe wird h\u00e4ufig in Heurechen eingesetzt, wo es die Rechenarme effizient antreibt und so ein gleichm\u00e4\u00dfiges Wenden von Heu und anderen Ernteg\u00fctern gew\u00e4hrleistet. Seine Kraft\u00fcbertragungseigenschaften tragen dazu bei, die f\u00fcr eine effektive Erntegutverarbeitung erforderliche Arbeitsgeschwindigkeit und das Drehmoment aufrechtzuerhalten.<\/li>\n<li><strong>Tedders:<\/strong> Das Getriebe wird in Heuwendemaschinen zum Verteilen und Wenden von Heu oder anderen Futterpflanzen eingesetzt und gew\u00e4hrleistet einen reibungslosen und kontinuierlichen Betrieb, wodurch der Trocknungsprozess f\u00fcr Heu optimiert wird.<\/li>\n<\/ul>\n<p>2. <strong>Grader-Rechensysteme<\/strong><\/p>\n<ul>\n<li><strong>Stra\u00dfenhobel:<\/strong> Das Getriebe FMP-DX300-1 wird h\u00e4ufig in Grader-betriebenen Rechensystemen eingesetzt, wo es die Rotation des Rechens steuert und das Material gleichm\u00e4\u00dfig auf Stra\u00dfen oder Fl\u00e4chen verteilt. Diese Anwendung ist f\u00fcr die Instandhaltung und den Bau von Stra\u00dfen unerl\u00e4sslich.<\/li>\n<li><strong>Bodennivellierung und -planierung:<\/strong> Das Getriebe unterst\u00fctzt das Einebnen und Planieren von B\u00f6den auf landwirtschaftlichen Fl\u00e4chen, Baustellen und bei Landschaftsbauprojekten und tr\u00e4gt so zu glatteren und gleichm\u00e4\u00dfigeren Bodenoberfl\u00e4chen bei.<\/li>\n<\/ul>\n<p>3. <strong>Landschaftsgestaltung und Rasenpflege<\/strong><\/p>\n<ul>\n<li><strong>Rasenbel\u00fcfter:<\/strong> Das Getriebe wird in Rasenl\u00fcftern zur Verbesserung der Bodengesundheit eingesetzt und treibt die Zinken oder Stacheln an, die den Boden durchdringen und so das Eindringen von Wasser und das Wurzelwachstum bei Rasenpflegearbeiten verbessern.<\/li>\n<li><strong>Rasen- und Feldpflege:<\/strong> Das Getriebe eignet sich ideal f\u00fcr den Einsatz in Rasenpflegeger\u00e4ten, einschlie\u00dflich Feldrechen und Rasenpflegemaschinen, und gew\u00e4hrleistet eine effiziente Kraft\u00fcbertragung f\u00fcr eine gleichm\u00e4\u00dfige und konsistente Bodenbearbeitung.<\/li>\n<\/ul>\n<p>4. <strong>Forstwirtschaft und Landgewinnung<\/strong><\/p>\n<ul>\n<li><strong>B\u00fcschschar- und Grasrechen:<\/strong> In der Forstwirtschaft findet das Getriebe FMP-DX300-1 Anwendung in Maschinen, die zum Rechen und Roden von Gestr\u00fcpp oder Gras in W\u00e4ldern, Feldern oder Rekultivierungsfl\u00e4chen eingesetzt werden. Das Getriebe gew\u00e4hrleistet den effizienten Transport und die Aufnahme des Materials.<\/li>\n<li><strong>Rodungs- und Rekultivierungsprojekte:<\/strong> Wird bei Landgewinnungsverfahren eingesetzt, um den Boden vorzubereiten, Schutt zu beseitigen und die Fruchtbarkeit des Bodens zu verbessern, damit dieser f\u00fcr Landwirtschaft, Forstwirtschaft oder Bauvorhaben geeignet ist.<\/li>\n<\/ul>\n<p>5. <strong>Bau- und Stra\u00dfenbauarbeiten<\/strong><\/p>\n<ul>\n<li><strong>Baumaschinen:<\/strong> Das Getriebe eignet sich f\u00fcr den Einsatz in Gradern und \u00e4hnlichen Ger\u00e4ten im Bauwesen, wo es das Rechensystem antreibt, um Erde, Kies oder andere Materialien bei Stra\u00dfenbau- und Planierarbeiten zu bewegen oder zu verteilen.<\/li>\n<li><strong>Stra\u00dfeninstandhaltungsfahrzeuge:<\/strong> Es wird in Stra\u00dfeninstandhaltungsmaschinen eingesetzt, um Materialien f\u00fcr die Stra\u00dfenerneuerung zu verteilen, zu ebnen und zu gl\u00e4tten, wodurch eine gleichm\u00e4\u00dfige Verteilung und eine glatte Endoberfl\u00e4che gew\u00e4hrleistet werden.<\/li>\n<\/ul>\n<p>Das Grader-Antriebsgetriebe FMP-DX300-1 eignet sich f\u00fcr vielf\u00e4ltige Anwendungen, vorwiegend in der Landwirtschaft, im Bauwesen und im Landschaftsbau. Dank seiner effizienten und gleichm\u00e4\u00dfigen Kraft\u00fcbertragung ist es ideal f\u00fcr Aufgaben, die eine pr\u00e4zise Steuerung von Schwad-, Planier- und Nivellierungssystemen erfordern. Ob in Heurechen, Stra\u00dfenhobeln oder Bodenbearbeitungsmaschinen \u2013 das FMP-DX300-1 gew\u00e4hrleistet einen reibungslosen Betrieb und zuverl\u00e4ssige Leistung und ist somit eine Schl\u00fcsselkomponente zur Steigerung von Produktivit\u00e4t und Betriebseffizienz in zahlreichen Branchen.<\/p>\n<p><img loading=\"lazy\" decoding=\"async\" class=\"alignnone size-full wp-image-2747\" src=\"https:\/\/fmp-components.com\/wp-content\/uploads\/2025\/01\/Grader-Driven-Rake-Gearbox-EP-DX300-1-Maintenance1.webp\" alt=\"Grader-Driven-Rake-Getriebe-EP-DX300-1-Wartung(1)\" width=\"928\" height=\"519\" title=\"\" srcset=\"https:\/\/fmp-components.com\/wp-content\/uploads\/2025\/01\/Grader-Driven-Rake-Gearbox-EP-DX300-1-Maintenance1.webp 928w, https:\/\/fmp-components.com\/wp-content\/uploads\/2025\/01\/Grader-Driven-Rake-Gearbox-EP-DX300-1-Maintenance1-480x268.webp 480w\" sizes=\"(min-width: 0px) and (max-width: 480px) 480px, (min-width: 481px) 928px, 100vw\" \/><\/p>\n<h2>\u00dcber FMP<\/h2>\n<p>FMP mit Sitz in Italien ist ein f\u00fchrender Hersteller, der f\u00fcr seine Expertise in der Konstruktion, Entwicklung und Produktion von Hochleistungsgetrieben mit besonderem Schwerpunkt auf dem Landmaschinensektor bekannt ist. FMP ist bekannt f\u00fcr Pr\u00e4zisionstechnik, innovative L\u00f6sungen und au\u00dfergew\u00f6hnliche Zuverl\u00e4ssigkeit und hat sich einen Ruf als zuverl\u00e4ssiger Partner sowohl f\u00fcr die Landwirtschaft als auch f\u00fcr die Industrie erworben. Unser umfangreiches Produktportfolio umfasst kundenspezifische Getriebe f\u00fcr Rasenm\u00e4her, Zapfwellen und eine Vielzahl wichtiger Komponenten, die alle auf die vielf\u00e4ltigen Anforderungen eines breiten Anwendungsspektrums zugeschnitten sind.<\/p>\n<p>Bei FMP wissen wir, dass jeder Kunde individuelle Herausforderungen und Anforderungen hat. Deshalb sind wir auf ma\u00dfgeschneiderte L\u00f6sungen spezialisiert, ob f\u00fcr einzelne Komponenten oder vollst\u00e4ndig integrierte Systeme. Durch die enge Zusammenarbeit mit unseren Kunden stellen wir sicher, dass jede L\u00f6sung nicht nur ihre spezifischen Bed\u00fcrfnisse erf\u00fcllt, sondern auch Leistung und Wert maximiert. Unser Engagement f\u00fcr schnelle, professionelle Antworten und kompetente Beratung gew\u00e4hrleistet, dass jede Anfrage sorgf\u00e4ltig und pr\u00e4zise bearbeitet wird und so die bestm\u00f6glichen Ergebnisse erzielt werden.<\/p>\n<p>Transparente und kontinuierliche Kommunikation ist der Kern unseres Ansatzes. Unser engagiertes Team arbeitet w\u00e4hrend des gesamten Produktentwicklungsprozesses direkt mit unseren Kunden zusammen, um ihre Anforderungen umfassend zu verstehen. Wir bieten wertvolle Einblicke und Empfehlungen f\u00fcr optimale Ergebnisse. Ob wir innovative Produkte entwickeln oder laufende Auftr\u00e4ge erf\u00fcllen \u2013 FMP ist stets bestrebt, hochwertige, pr\u00e4zisionsgefertigte L\u00f6sungen termingerecht zu liefern. Unsere Mission ist es, die Erwartungen unserer Kunden zu \u00fcbertreffen, indem wir bei jedem Projekt au\u00dfergew\u00f6hnlichen Service und hervorragende Ergebnisse bieten.<\/p>\n<p><img loading=\"lazy\" decoding=\"async\" class=\"alignnone size-full wp-image-2746\" src=\"https:\/\/fmp-components.com\/wp-content\/uploads\/2025\/01\/Grader-Driven-Rake-Gearbox-EP-DX300-21.webp\" alt=\"Grader-Driven-Rake-Getriebe-EP-DX300-2(1)\" width=\"980\" height=\"342\" title=\"\" srcset=\"https:\/\/fmp-components.com\/wp-content\/uploads\/2025\/01\/Grader-Driven-Rake-Gearbox-EP-DX300-21.webp 980w, https:\/\/fmp-components.com\/wp-content\/uploads\/2025\/01\/Grader-Driven-Rake-Gearbox-EP-DX300-21-480x168.webp 480w\" sizes=\"(min-width: 0px) and (max-width: 480px) 480px, (min-width: 481px) 980px, 100vw\" \/><\/p>\n<p>Qualit\u00e4t ist die Grundlage unseres Handelns. Wir halten uns an h\u00f6chste Fertigungsstandards und setzen strenge Qualit\u00e4tskontrollma\u00dfnahmen ein, um sicherzustellen, dass jedes Produkt die Industriestandards nicht nur erf\u00fcllt, sondern \u00fcbertrifft. Dieses Engagement f\u00fcr Spitzenleistungen sowie unsere Grundwerte Integrit\u00e4t, Teamwork und Beharrlichkeit haben es uns erm\u00f6glicht, langj\u00e4hrige, vertrauensvolle Beziehungen zu Kunden in fast 30 L\u00e4ndern weltweit aufzubauen.<\/p>\n<p>FMP ist stets bestrebt, globale Partnerschaften zu pflegen und bietet kompetente Beratung und ma\u00dfgeschneiderte L\u00f6sungen, die den sich entwickelnden Bed\u00fcrfnissen unserer Kunden gerecht werden. Wir gehen \u00fcber die reine Produktlieferung hinaus; unser Ziel ist der Aufbau dauerhafter Beziehungen, die zum Erfolg jedes Projekts beitragen. Ob Sie innovative L\u00f6sungen f\u00fcr eine neue Initiative oder fortlaufende Unterst\u00fctzung f\u00fcr ein bestehendes System ben\u00f6tigen \u2013 FMP stellt sich Ihren technischen Herausforderungen und sichert Ihren anhaltenden Erfolg.<\/p>\n<p><img loading=\"lazy\" decoding=\"async\" class=\"alignnone wp-image-2695\" src=\"https:\/\/fmp-components.com\/wp-content\/uploads\/2025\/01\/agricultural-gearbox3.webp\" alt=\"Agrargetriebe\" width=\"953\" height=\"951\" title=\"\" srcset=\"https:\/\/fmp-components.com\/wp-content\/uploads\/2025\/01\/agricultural-gearbox3.webp 953w, https:\/\/fmp-components.com\/wp-content\/uploads\/2025\/01\/agricultural-gearbox3-480x479.webp 480w\" sizes=\"(min-width: 0px) and (max-width: 480px) 480px, (min-width: 481px) 953px, 100vw\" \/><\/p>\n<p>Autor: CX<\/p>\n<\/div>\n<\/div>\n<\/div>\n<\/div>","protected":false},"excerpt":{"rendered":"<p>Grader Driven Rake Gearbox FMP-DX300-1 Technical Data Grader Driven Rake Gearbox FMP-DX300-1 Turn i Suitable Rpm input Rpm output KW(Nom) KW(Max) Toothing r\/min r\/min hp hp Decelerate 2.47:1 Powered Harrow 1000 404 200 3500 Gleason Helical Teeth Decelerate 2.63:1 1000 380 3700 Decelerate 2.04:1 850 416 3400 Remark: If you have any special require feel [&hellip;]<\/p>","protected":false},"featured_media":2749,"comment_status":"open","ping_status":"closed","template":"","meta":{"_et_pb_use_builder":"","_et_pb_old_content":"","_et_gb_content_width":""},"product_brand":[],"product_cat":[66],"product_tag":[],"class_list":{"0":"post-2736","1":"product","2":"type-product","3":"status-publish","4":"has-post-thumbnail","6":"product_cat-grader-driven-rake-gearbox","8":"first","9":"instock","10":"shipping-taxable","11":"product-type-simple"},"_links":{"self":[{"href":"https:\/\/fmp-components.com\/de\/wp-json\/wp\/v2\/product\/2736","targetHints":{"allow":["GET"]}}],"collection":[{"href":"https:\/\/fmp-components.com\/de\/wp-json\/wp\/v2\/product"}],"about":[{"href":"https:\/\/fmp-components.com\/de\/wp-json\/wp\/v2\/types\/product"}],"replies":[{"embeddable":true,"href":"https:\/\/fmp-components.com\/de\/wp-json\/wp\/v2\/comments?post=2736"}],"wp:featuredmedia":[{"embeddable":true,"href":"https:\/\/fmp-components.com\/de\/wp-json\/wp\/v2\/media\/2749"}],"wp:attachment":[{"href":"https:\/\/fmp-components.com\/de\/wp-json\/wp\/v2\/media?parent=2736"}],"wp:term":[{"taxonomy":"product_brand","embeddable":true,"href":"https:\/\/fmp-components.com\/de\/wp-json\/wp\/v2\/product_brand?post=2736"},{"taxonomy":"product_cat","embeddable":true,"href":"https:\/\/fmp-components.com\/de\/wp-json\/wp\/v2\/product_cat?post=2736"},{"taxonomy":"product_tag","embeddable":true,"href":"https:\/\/fmp-components.com\/de\/wp-json\/wp\/v2\/product_tag?post=2736"}],"curies":[{"name":"wp","href":"https:\/\/api.w.org\/{rel}","templated":true}]}}