{"id":2717,"date":"2025-01-04T02:00:35","date_gmt":"2025-01-04T02:00:35","guid":{"rendered":"https:\/\/fmp-components.com\/?page_id=8"},"modified":"2025-01-04T02:02:19","modified_gmt":"2025-01-04T02:02:19","slug":"grader-driven-rake-gearbox-fmp190-for-variable-speed-rotary-tillers-and-beaters","status":"publish","type":"product","link":"https:\/\/fmp-components.com\/de\/product\/grader-driven-rake-gearbox-fmp190-for-variable-speed-rotary-tillers-and-beaters\/","title":{"rendered":"Grader-Rechengetriebe FMP190 f\u00fcr Kreiselfr\u00e4sen und Wendeplatten mit variabler Geschwindigkeit"},"content":{"rendered":"<h2>Grader-getriebenes Rechengetriebe FMP190 \u2013 Abmessungen<\/h2>\n<p><img loading=\"lazy\" decoding=\"async\" class=\"alignnone size-full wp-image-2721\" src=\"https:\/\/fmp-components.com\/wp-content\/uploads\/2025\/01\/Grader-Driven-Rake-Gearbox-FMP190-Dimensions.webp\" alt=\"Grader-Driven-Rake-Getriebe-FMP190-Abmessungen\" width=\"1550\" height=\"881\" title=\"\" srcset=\"https:\/\/fmp-components.com\/wp-content\/uploads\/2025\/01\/Grader-Driven-Rake-Gearbox-FMP190-Dimensions.webp 1550w, https:\/\/fmp-components.com\/wp-content\/uploads\/2025\/01\/Grader-Driven-Rake-Gearbox-FMP190-Dimensions-1280x728.webp 1280w, https:\/\/fmp-components.com\/wp-content\/uploads\/2025\/01\/Grader-Driven-Rake-Gearbox-FMP190-Dimensions-980x557.webp 980w, https:\/\/fmp-components.com\/wp-content\/uploads\/2025\/01\/Grader-Driven-Rake-Gearbox-FMP190-Dimensions-480x273.webp 480w\" sizes=\"(min-width: 0px) and (max-width: 480px) 480px, (min-width: 481px) and (max-width: 980px) 980px, (min-width: 981px) and (max-width: 1280px) 1280px, (min-width: 1281px) 1550px, 100vw\" \/><\/p>\n<h2>Grader-getriebenes Rechengetriebe FMP190 Turn<\/h2>\n<p><img loading=\"lazy\" decoding=\"async\" class=\"alignnone size-full wp-image-2724\" src=\"https:\/\/fmp-components.com\/wp-content\/uploads\/2025\/01\/Grader-Driven-Rake-Gearbox-FMP190-Turn.webp\" alt=\"Grader-Angetriebener-Rechen-Getriebe-FMP190-Turn\" width=\"1550\" height=\"370\" title=\"\" srcset=\"https:\/\/fmp-components.com\/wp-content\/uploads\/2025\/01\/Grader-Driven-Rake-Gearbox-FMP190-Turn.webp 1550w, https:\/\/fmp-components.com\/wp-content\/uploads\/2025\/01\/Grader-Driven-Rake-Gearbox-FMP190-Turn-1280x306.webp 1280w, https:\/\/fmp-components.com\/wp-content\/uploads\/2025\/01\/Grader-Driven-Rake-Gearbox-FMP190-Turn-980x234.webp 980w, https:\/\/fmp-components.com\/wp-content\/uploads\/2025\/01\/Grader-Driven-Rake-Gearbox-FMP190-Turn-480x115.webp 480w\" sizes=\"(min-width: 0px) and (max-width: 480px) 480px, (min-width: 481px) and (max-width: 980px) 980px, (min-width: 981px) and (max-width: 1280px) 1280px, (min-width: 1281px) 1550px, 100vw\" \/><\/p>\n<h2>Grader-getriebenes Rechengetriebe FMP190 \u2013 Technische Daten<\/h2>\n<table style=\"width: 100.918%; height: 145px;\" border=\"1\" cellspacing=\"0\" cellpadding=\"0\">\n<tbody>\n<tr>\n<td colspan=\"2\" rowspan=\"2\">ich<\/td>\n<td rowspan=\"2\">Geeignet<\/td>\n<td>Drehzahleingabe<\/td>\n<td>Drehzahlausgang<\/td>\n<td>KW (Nom)<\/td>\n<td>KW(Max)<\/td>\n<td rowspan=\"2\">Verzahnung<\/td>\n<\/tr>\n<tr>\n<td>U\/min<\/td>\n<td>U\/min<\/td>\n<td>PS<\/td>\n<td>PS<\/td>\n<\/tr>\n<tr>\n<td>Verlangsamen<\/td>\n<td>1.93:1<\/td>\n<td rowspan=\"2\">Kreiselfr\u00e4sen, Schl\u00e4ger usw.<\/td>\n<td>540<\/td>\n<td>280<\/td>\n<td>24<\/td>\n<td>45<\/td>\n<td rowspan=\"2\">Gleason-Schraubenverzahnung<br \/>\nZ\u00e4hne<\/td>\n<\/tr>\n<tr>\n<td>Verlangsamen<\/td>\n<td>1.46: 1<\/td>\n<td>540<\/td>\n<td>370<\/td>\n<td>44<\/td>\n<td>62<\/td>\n<\/tr>\n<tr>\n<td colspan=\"8\">Anmerkung: Wenn Sie spezielle W\u00fcnsche haben, lassen Sie es mich bitte wissen. Wir akzeptieren auch Sonderanfertigungen.<\/td>\n<\/tr>\n<\/tbody>\n<\/table>\n<h2>Grader-getriebenes Rechengetriebe FMP190 \u2013 Wellenabmessungen<\/h2>\n<p><img loading=\"lazy\" decoding=\"async\" class=\"alignnone size-full wp-image-2722\" src=\"https:\/\/fmp-components.com\/wp-content\/uploads\/2025\/01\/ohuvOifX-Grader-Driven-Rake-Gearbox-FMP190-Shaft-Dimensions.webp\" alt=\"ohuvOifX-Grader-Driven-Rake-Getriebe-FMP190-Wellenabmessungen\" width=\"1519\" height=\"547\" title=\"\" srcset=\"https:\/\/fmp-components.com\/wp-content\/uploads\/2025\/01\/ohuvOifX-Grader-Driven-Rake-Gearbox-FMP190-Shaft-Dimensions.webp 1519w, https:\/\/fmp-components.com\/wp-content\/uploads\/2025\/01\/ohuvOifX-Grader-Driven-Rake-Gearbox-FMP190-Shaft-Dimensions-1280x461.webp 1280w, https:\/\/fmp-components.com\/wp-content\/uploads\/2025\/01\/ohuvOifX-Grader-Driven-Rake-Gearbox-FMP190-Shaft-Dimensions-980x353.webp 980w, https:\/\/fmp-components.com\/wp-content\/uploads\/2025\/01\/ohuvOifX-Grader-Driven-Rake-Gearbox-FMP190-Shaft-Dimensions-480x173.webp 480w\" sizes=\"(min-width: 0px) and (max-width: 480px) 480px, (min-width: 481px) and (max-width: 980px) 980px, (min-width: 981px) and (max-width: 1280px) 1280px, (min-width: 1281px) 1519px, 100vw\" \/><\/p>\n<h2>Grader-getriebenes Rechengetriebe FMP190 Verl\u00e4ngerungsrohr<\/h2>\n<p><img loading=\"lazy\" decoding=\"async\" class=\"alignnone size-full wp-image-2723\" src=\"https:\/\/fmp-components.com\/wp-content\/uploads\/2025\/01\/Grader-Driven-Rake-Gearbox-FMP190-Extension-Pipe.webp\" alt=\"Grader-Angetriebenes Rechengetriebe-FMP190-Verl\u00e4ngerungsrohr\" width=\"1536\" height=\"755\" title=\"\" srcset=\"https:\/\/fmp-components.com\/wp-content\/uploads\/2025\/01\/Grader-Driven-Rake-Gearbox-FMP190-Extension-Pipe.webp 1536w, https:\/\/fmp-components.com\/wp-content\/uploads\/2025\/01\/Grader-Driven-Rake-Gearbox-FMP190-Extension-Pipe-1280x629.webp 1280w, https:\/\/fmp-components.com\/wp-content\/uploads\/2025\/01\/Grader-Driven-Rake-Gearbox-FMP190-Extension-Pipe-980x482.webp 980w, https:\/\/fmp-components.com\/wp-content\/uploads\/2025\/01\/Grader-Driven-Rake-Gearbox-FMP190-Extension-Pipe-480x236.webp 480w\" sizes=\"(min-width: 0px) and (max-width: 480px) 480px, (min-width: 481px) and (max-width: 980px) 980px, (min-width: 981px) and (max-width: 1280px) 1280px, (min-width: 1281px) 1536px, 100vw\" \/><\/p>\n<h3>Hauptmerkmale des Grader-Rechengetriebes FMP190:<\/h3>\n<p>Das Grader-Rechengetriebe FMP190 bietet mehrere wichtige Funktionen, die es f\u00fcr landwirtschaftliche und industrielle Anwendungen hocheffizient und zuverl\u00e4ssig machen, insbesondere bei schweren Aufgaben wie Planieren und Rechen. Nachfolgend sind die wichtigsten Funktionen des Grader-Rechengetriebes FMP190 aufgef\u00fchrt:<\/p>\n<ol>\n<li><strong>Langlebige Konstruktion:<\/strong>\n<ul>\n<li>Hergestellt aus hochwertigen Materialien, die den harten Anforderungen in Landwirtschaft und Industrie standhalten. Das robuste Geh\u00e4use sorgt f\u00fcr eine lange Lebensdauer und hohe Verschlei\u00dffestigkeit.<\/li>\n<\/ul>\n<\/li>\n<li><strong>\u00dcbertragung mit hohem Drehmoment:<\/strong>\n<ul>\n<li>Entwickelt f\u00fcr die effiziente \u00dcbertragung hoher Drehmomente, die einen reibungslosen Betrieb auch unter hoher Belastung gew\u00e4hrleisten. Dadurch ist es ideal f\u00fcr Maschinen, die eine konstante und starke Leistung erfordern.<\/li>\n<\/ul>\n<\/li>\n<li><strong>Optimiertes \u00dcbersetzungsverh\u00e4ltnis:<\/strong>\n<ul>\n<li>Der FMP190 verf\u00fcgt \u00fcber ein optimiertes \u00dcbersetzungsverh\u00e4ltnis, das die Effizienz steigert und gleichzeitig die Leistungsabgabe an den Rechen oder Planierraupe aufrechterh\u00e4lt. Dadurch wird sichergestellt, dass das System mit H\u00f6chstleistung arbeitet.<\/li>\n<\/ul>\n<\/li>\n<li><strong>Korrosionsbest\u00e4ndiges Design:<\/strong>\n<ul>\n<li>Das Getriebe verf\u00fcgt \u00fcber eine korrosionsbest\u00e4ndige Oberfl\u00e4che, die einen zuverl\u00e4ssigen Betrieb in rauen Umgebungen gew\u00e4hrleistet, einschlie\u00dflich solcher mit hoher Feuchtigkeit, extremen Temperaturen oder Agrarchemikalien.<\/li>\n<\/ul>\n<\/li>\n<li><strong>Kompakt und platzsparend:<\/strong>\n<ul>\n<li>Trotz seines hohen Drehmoments verf\u00fcgt der FMP190 \u00fcber ein kompaktes Design, das die Integration in verschiedene Landmaschinen erleichtert. Seine platzsparende Bauweise ist ideal f\u00fcr beengte Einbauverh\u00e4ltnisse.<\/li>\n<\/ul>\n<\/li>\n<\/ol>\n<p>Das Grader-Rechengetriebe FMP190 ist auf effiziente, zuverl\u00e4ssige und langlebige Leistung f\u00fcr eine breite Palette landwirtschaftlicher Anwendungen ausgelegt, insbesondere f\u00fcr Maschinen, die zum Planieren, Rechen und f\u00fcr andere Schwerlastaufgaben eingesetzt werden.<\/p>\n<p><img loading=\"lazy\" decoding=\"async\" class=\"alignnone size-full wp-image-2718\" src=\"https:\/\/fmp-components.com\/wp-content\/uploads\/2025\/01\/Grader-Driven-Rake-Gearbox-FMP190-Key-Features1.webp\" alt=\"Grader-Angetriebenes Rechengetriebe-FMP190-Hauptmerkmale(1)\" width=\"1395\" height=\"583\" title=\"\" srcset=\"https:\/\/fmp-components.com\/wp-content\/uploads\/2025\/01\/Grader-Driven-Rake-Gearbox-FMP190-Key-Features1.webp 1395w, https:\/\/fmp-components.com\/wp-content\/uploads\/2025\/01\/Grader-Driven-Rake-Gearbox-FMP190-Key-Features1-1280x535.webp 1280w, https:\/\/fmp-components.com\/wp-content\/uploads\/2025\/01\/Grader-Driven-Rake-Gearbox-FMP190-Key-Features1-980x410.webp 980w, https:\/\/fmp-components.com\/wp-content\/uploads\/2025\/01\/Grader-Driven-Rake-Gearbox-FMP190-Key-Features1-480x201.webp 480w\" sizes=\"(min-width: 0px) and (max-width: 480px) 480px, (min-width: 481px) and (max-width: 980px) 980px, (min-width: 981px) and (max-width: 1280px) 1280px, (min-width: 1281px) 1395px, 100vw\" \/><\/p>\n<h3>Anwendungen des Grader-getriebenen Rechengetriebes FMP190:<\/h3>\n<p>Das Grader-Rechengetriebe FMP190 ist f\u00fcr den Einsatz in verschiedenen landwirtschaftlichen und industriellen Anwendungen konzipiert. Seine hohe Drehmoment\u00fcbertragung, Langlebigkeit und Effizienz machen es zur idealen Wahl f\u00fcr Maschinen, die einen konstanten und leistungsstarken Betrieb erfordern. Nachfolgend sind die wichtigsten Anwendungen des Grader-Rechengetriebes FMP190 aufgef\u00fchrt:<\/p>\n<ol>\n<li><strong>Landwirtschaftliche Rechenger\u00e4te:<\/strong>\n<ul>\n<li><strong>Heurechen<\/strong>: Der FMP190 wird h\u00e4ufig in Heurechen eingesetzt, um ein gleichm\u00e4\u00dfiges und effizientes Rechen von Heu oder anderen Feldfr\u00fcchten zu gew\u00e4hrleisten. Sein hohes Drehmoment gew\u00e4hrleistet einen reibungslosen Betrieb auch bei dichten oder schweren Heuschwaden.<\/li>\n<li><strong>Schwadleger<\/strong>: Wird in Schwadlegern verwendet, um saubere und geordnete Schwaden aus geschnittenem Heu oder Stroh zu erzeugen und so die Trocknungseffizienz vor dem Pressen zu verbessern.<\/li>\n<li><strong>Rechen und Heuwender<\/strong>: Ideal f\u00fcr Heuwender, die zum Ausbreiten von frisch geschnittenem Heu verwendet werden, da dadurch schnellere Trocknungszeiten und eine gleichm\u00e4\u00dfigere Abdeckung gew\u00e4hrleistet werden.<\/li>\n<\/ul>\n<\/li>\n<li><strong>Sortiermaschinen:<\/strong>\n<ul>\n<li><strong>Stra\u00dfenplanierer<\/strong>: Das Getriebe wird in Stra\u00dfenhobeln zum Antrieb des R\u00e4umschilds verwendet, das f\u00fcr die Einebnung und Gl\u00e4ttung von Oberfl\u00e4chen im Stra\u00dfenbau und bei der Stra\u00dfeninstandhaltung unerl\u00e4sslich ist.<\/li>\n<li><strong>Gel\u00e4ndenivellierung<\/strong>: Wird in Landnivellierungsger\u00e4ten f\u00fcr die Landwirtschaft verwendet, wo f\u00fcr eine effiziente Bew\u00e4sserung und Bepflanzung eine pr\u00e4zise Nivellierung und Gl\u00e4ttung des Bodens erforderlich ist.<\/li>\n<\/ul>\n<\/li>\n<li><strong>Futtererntemaschinen:<\/strong>\n<ul>\n<li><strong>Feldh\u00e4cksler<\/strong>: In Feldh\u00e4cksler integriert, um das Erntegut effizient zu harken und zu sammeln und so eine ordnungsgem\u00e4\u00dfe Zufuhr des Materials in den M\u00e4hdrescher zu gew\u00e4hrleisten.<\/li>\n<li><strong>Schwader<\/strong>: Das FMP190-Getriebe kann in Schwadern zum Schneiden und Schwaden von Futterpflanzen wie Luzerne oder Klee eingesetzt werden, um diese f\u00fcr die weitere Verarbeitung vorzubereiten.<\/li>\n<\/ul>\n<\/li>\n<li><strong>Rasen- und Sportplatzpflege:<\/strong>\n<ul>\n<li><strong>Rasenplanierer und Rechen<\/strong>: Wird in Ger\u00e4ten zur Sportplatzpflege zum Einebnen und Harken von Rasenfl\u00e4chen verwendet, um eine gleichm\u00e4\u00dfige Grash\u00f6he und eine glatte, ebene Oberfl\u00e4che zu gew\u00e4hrleisten.<\/li>\n<li><strong>Rasenpflegeger\u00e4te<\/strong>: Hilft beim Einebnen des Rasens und der Aufrechterhaltung eines gleichm\u00e4\u00dfigen Untergrunds bei gr\u00f6\u00dferen Rasenpflegemaschinen, die f\u00fcr \u00f6ffentliche Fl\u00e4chen oder Golfpl\u00e4tze verwendet werden.<\/li>\n<\/ul>\n<\/li>\n<li><strong>Anbauger\u00e4te f\u00fcr landwirtschaftliche Traktoren:<\/strong>\n<ul>\n<li><strong>Traktorbetriebene Schwader<\/strong>: Das FMP190-Getriebe wird h\u00e4ufig in von Traktoren angetriebenen Anbauger\u00e4ten verwendet und erm\u00f6glicht in gro\u00dfen landwirtschaftlichen Betrieben ein effizientes Rechen zum Sammeln von Heu und Stroh.<\/li>\n<li><strong>Multifunktionale Traktorger\u00e4te<\/strong>: Es kann f\u00fcr den Einsatz in multifunktionalen Anbauger\u00e4ten angepasst werden, wo es die Kraft\u00fcbertragung beim Planieren, Rechen und anderen Bodenbearbeitungsaufgaben unterst\u00fctzt.<\/li>\n<\/ul>\n<\/li>\n<\/ol>\n<p>Zusammenfassend l\u00e4sst sich sagen, dass das Grader-Rechengetriebe FMP190 ideal f\u00fcr eine Vielzahl landwirtschaftlicher, industrieller und forstwirtschaftlicher Anwendungen geeignet ist und ein hohes Drehmoment, Haltbarkeit und zuverl\u00e4ssige Leistung bei Aufgaben bietet, die vom Rechen von Heu und Futter bis hin zum Planieren von Stra\u00dfen und zur Bodenvorbereitung reichen.<\/p>\n<p><img loading=\"lazy\" decoding=\"async\" class=\"alignnone size-full wp-image-2719\" src=\"https:\/\/fmp-components.com\/wp-content\/uploads\/2025\/01\/Grader-Driven-Rake-Gearbox-FMP190-Applications1.webp\" alt=\"Grader-Driven-Rake-Getriebe-FMP190-Anwendungen(1)\" width=\"1920\" height=\"1080\" title=\"\" srcset=\"https:\/\/fmp-components.com\/wp-content\/uploads\/2025\/01\/Grader-Driven-Rake-Gearbox-FMP190-Applications1.webp 1920w, https:\/\/fmp-components.com\/wp-content\/uploads\/2025\/01\/Grader-Driven-Rake-Gearbox-FMP190-Applications1-1280x720.webp 1280w, https:\/\/fmp-components.com\/wp-content\/uploads\/2025\/01\/Grader-Driven-Rake-Gearbox-FMP190-Applications1-980x551.webp 980w, https:\/\/fmp-components.com\/wp-content\/uploads\/2025\/01\/Grader-Driven-Rake-Gearbox-FMP190-Applications1-480x270.webp 480w\" sizes=\"(min-width: 0px) and (max-width: 480px) 480px, (min-width: 481px) and (max-width: 980px) 980px, (min-width: 981px) and (max-width: 1280px) 1280px, (min-width: 1281px) 1920px, 100vw\" \/><\/p>\n<h2>\u00dcber FMP<\/h2>\n<p>FMP mit Sitz in Italien ist ein f\u00fchrender Hersteller, der sich auf die Konstruktion, Entwicklung und Produktion von Hochleistungsgetrieben spezialisiert hat, insbesondere im Landmaschinensektor. Bekannt f\u00fcr Pr\u00e4zisionstechnik, innovative L\u00f6sungen und unersch\u00fctterliche Zuverl\u00e4ssigkeit, hat sich FMP zu einem zuverl\u00e4ssigen Partner sowohl f\u00fcr die Landwirtschaft als auch f\u00fcr die Industrie entwickelt. Unser umfassendes Produktportfolio umfasst Spezialgetriebe f\u00fcr Rasenm\u00e4her, Zapfwellen und andere Schl\u00fcsselkomponenten, die alle sorgf\u00e4ltig gefertigt werden, um ma\u00dfgeschneiderte L\u00f6sungen f\u00fcr ein breites Anwendungsspektrum zu bieten.<\/p>\n<p>Bei FMP wissen wir, dass jeder Kunde vor individuellen Herausforderungen und Anforderungen steht. Deshalb konzentrieren wir uns auf ma\u00dfgeschneiderte L\u00f6sungen, ob f\u00fcr einzelne Komponenten oder vollst\u00e4ndig integrierte Systeme. Wir arbeiten eng mit unseren Kunden zusammen, um sicherzustellen, dass jede L\u00f6sung nicht nur effektiv, sondern auch effizient ist und sowohl Leistung als auch Wert optimiert. Unser Engagement f\u00fcr schnelle, professionelle Antworten und kompetente Beratung garantiert, dass jede Anfrage mit gr\u00f6\u00dfter Sorgfalt bearbeitet wird und optimale Ergebnisse erzielt werden.<\/p>\n<p>Offene und kontinuierliche Kommunikation ist ein Eckpfeiler unseres Ansatzes. Unser engagiertes Team arbeitet w\u00e4hrend des gesamten Produktentwicklungsprozesses eng mit unseren Kunden zusammen, um ihre spezifischen Bed\u00fcrfnisse umfassend zu verstehen. Wir bieten wertvolle Einblicke und Empfehlungen f\u00fcr optimale L\u00f6sungen. Ob wir neue Produkte entwickeln oder laufende Auftr\u00e4ge erf\u00fcllen \u2013 FMP ist stets bestrebt, hochwertige, pr\u00e4zise gefertigte L\u00f6sungen termingerecht zu liefern. Unsere Mission ist es, die Erwartungen unserer Kunden zu \u00fcbertreffen und bei jedem Projekt hervorragenden Service und hervorragende Ergebnisse zu bieten.<\/p>\n<p>Qualit\u00e4t steht bei allem, was wir tun, im Mittelpunkt. Wir halten uns an h\u00f6chste Fertigungsstandards und implementieren strenge Qualit\u00e4tskontrollverfahren, um sicherzustellen, dass jedes Produkt die Branchenstandards erf\u00fcllt und \u00fcbertrifft. Dieses Engagement f\u00fcr Spitzenleistungen, gepaart mit unseren Grundwerten Integrit\u00e4t, Teamwork und Beharrlichkeit, hat FMP geholfen, langfristige, vertrauensvolle Beziehungen zu Kunden in fast 30 L\u00e4ndern weltweit aufzubauen.<\/p>\n<p>FMP ist stets bestrebt, globale Partnerschaften zu pflegen und bietet kompetente Beratung und ma\u00dfgeschneiderte L\u00f6sungen f\u00fcr die vielf\u00e4ltigen Bed\u00fcrfnisse unserer Kunden. Wir liefern nicht nur Produkte \u2013 unser Ziel ist der Aufbau dauerhafter Beziehungen, die zum langfristigen Erfolg jedes Projekts beitragen. Ob Sie innovative L\u00f6sungen f\u00fcr eine neue Initiative oder fortlaufende Unterst\u00fctzung f\u00fcr ein bestehendes System ben\u00f6tigen \u2013 FMP stellt sich Ihren technischen Herausforderungen und sichert Ihren anhaltenden Erfolg.<\/p>\n<p><img loading=\"lazy\" decoding=\"async\" class=\"alignnone wp-image-2695\" src=\"https:\/\/fmp-components.com\/wp-content\/uploads\/2025\/01\/agricultural-gearbox3.webp\" alt=\"Agrargetriebe\" width=\"953\" height=\"951\" title=\"\" srcset=\"https:\/\/fmp-components.com\/wp-content\/uploads\/2025\/01\/agricultural-gearbox3.webp 953w, https:\/\/fmp-components.com\/wp-content\/uploads\/2025\/01\/agricultural-gearbox3-480x479.webp 480w\" sizes=\"(min-width: 0px) and (max-width: 480px) 480px, (min-width: 481px) 953px, 100vw\" \/><\/p>\n<p>Autor: CX<\/p>","protected":false},"excerpt":{"rendered":"<p>Grader Driven Rake Gearbox FMP190 Dimensions Grader Driven Rake Gearbox FMP190 Turn Grader Driven Rake Gearbox FMP190 Technical Data i Suitable Rpm input Rpm output KW(Nom) KW(Max) Toothing r\/min r\/min hp hp Decelerate 1.93:1 Rotary Tillers, Beaters, etc 540 280 24 45 Gleason Helical Teeth Decelerate 1.46: 1 540 370 44 62 Remark: If you [&hellip;]<\/p>","protected":false},"featured_media":2720,"comment_status":"open","ping_status":"closed","template":"","meta":{"_et_pb_use_builder":"","_et_pb_old_content":"","_et_gb_content_width":""},"product_brand":[],"product_cat":[66],"product_tag":[],"class_list":{"0":"post-2717","1":"product","2":"type-product","3":"status-publish","4":"has-post-thumbnail","6":"product_cat-grader-driven-rake-gearbox","8":"first","9":"instock","10":"shipping-taxable","11":"product-type-simple"},"_links":{"self":[{"href":"https:\/\/fmp-components.com\/de\/wp-json\/wp\/v2\/product\/2717","targetHints":{"allow":["GET"]}}],"collection":[{"href":"https:\/\/fmp-components.com\/de\/wp-json\/wp\/v2\/product"}],"about":[{"href":"https:\/\/fmp-components.com\/de\/wp-json\/wp\/v2\/types\/product"}],"replies":[{"embeddable":true,"href":"https:\/\/fmp-components.com\/de\/wp-json\/wp\/v2\/comments?post=2717"}],"wp:featuredmedia":[{"embeddable":true,"href":"https:\/\/fmp-components.com\/de\/wp-json\/wp\/v2\/media\/2720"}],"wp:attachment":[{"href":"https:\/\/fmp-components.com\/de\/wp-json\/wp\/v2\/media?parent=2717"}],"wp:term":[{"taxonomy":"product_brand","embeddable":true,"href":"https:\/\/fmp-components.com\/de\/wp-json\/wp\/v2\/product_brand?post=2717"},{"taxonomy":"product_cat","embeddable":true,"href":"https:\/\/fmp-components.com\/de\/wp-json\/wp\/v2\/product_cat?post=2717"},{"taxonomy":"product_tag","embeddable":true,"href":"https:\/\/fmp-components.com\/de\/wp-json\/wp\/v2\/product_tag?post=2717"}],"curies":[{"name":"wp","href":"https:\/\/api.w.org\/{rel}","templated":true}]}}