{"id":2667,"date":"2025-01-03T05:45:44","date_gmt":"2025-01-03T05:45:44","guid":{"rendered":"https:\/\/fmp-components.com\/product\/professional-telescopic-hydraulic-cylinder-for-dump-truck\/"},"modified":"2025-01-04T00:42:55","modified_gmt":"2025-01-04T00:42:55","slug":"professional-telescopic-hydraulic-cylinder-for-dump-truck","status":"publish","type":"product","link":"https:\/\/fmp-components.com\/de\/product\/professional-telescopic-hydraulic-cylinder-for-dump-truck\/","title":{"rendered":"Professioneller Teleskop-Hydraulikzylinder f\u00fcr Muldenkipper"},"content":{"rendered":"<h2>Professioneller Teleskop-Hydraulikzylinder f\u00fcr Muldenkipper<\/h2>\n<p>Der professionelle Teleskop-Hydraulikzylinder f\u00fcr Muldenkipper ist ein hochwertiges und effizientes Hydrauliksystem, das speziell f\u00fcr Muldenkipper entwickelt wurde. Dieser Zylinder spielt eine entscheidende Rolle beim sanften und pr\u00e4zisen Heben und Senken der Ladefl\u00e4che und erm\u00f6glicht so ein einfaches Be- und Entladen von Materialien.<\/p>\n<p>Hauptmerkmale:<br \/>\n1. \u00dcberragende Langlebigkeit: Dank robuster Materialien und fortschrittlicher Konstruktion ist dieser Hydraulikzylinder f\u00fcr hohe Belastungen und anspruchsvolle Arbeitsbedingungen ausgelegt. Er ist \u00e4u\u00dferst verschlei\u00dffest und gew\u00e4hrleistet so eine dauerhafte Leistung.<\/p>\n<p>2. Teleskopdesign: Der Zylinder verf\u00fcgt \u00fcber ein Teleskopdesign mit mehreren Stufen, die je nach Bedarf aus- und eingefahren werden k\u00f6nnen. Dies erm\u00f6glicht flexible und einstellbare H\u00f6henpositionen und erf\u00fcllt somit unterschiedliche Kippanforderungen.<\/p>\n<p>3. Pr\u00e4zise Steuerung: Ausgestattet mit einem zuverl\u00e4ssigen Hydrauliksystem erm\u00f6glicht dieser Zylinder eine pr\u00e4zise Steuerung der Hebe- und Senkvorg\u00e4nge. Bediener k\u00f6nnen Geschwindigkeit und Kraft einfach anpassen und so ein sicheres und effizientes Abladen von Materialien gew\u00e4hrleisten.<\/p>\n<p>4. Wartungsfreundlich: Der professionelle Teleskop-Hydraulikzylinder ist wartungsfreundlich konstruiert. Er verf\u00fcgt \u00fcber gut zug\u00e4ngliche Komponenten, die eine bequeme Inspektion, Schmierung und Reparatur erm\u00f6glichen und so Ausfallzeiten minimieren und die Produktivit\u00e4t maximieren.<\/p>\n<p>5. Breites Anwendungsspektrum: Dieser Hydraulikzylinder eignet sich f\u00fcr eine Vielzahl von Muldenkippern, die in Branchen wie dem Bauwesen, dem Bergbau und der Landwirtschaft eingesetzt werden. Er ist f\u00fcr hohe Lasten ausgelegt und bietet zuverl\u00e4ssige Leistung auch unter anspruchsvollen Bedingungen.<\/p>\n<h2>Hauptmerkmale und Spezifikationen<\/h2>\n<p>Der Hydraulikzylinder ist ein Standardprodukt mit digitaler Struktur. Zu seinen Kernkomponenten geh\u00f6ren Lager, auf die eine einj\u00e4hrige Garantie gew\u00e4hrt wird. Das Geh\u00e4use besteht aus Stahl und gew\u00e4hrleistet so Langlebigkeit. Er bietet eine maximale Schubkraft von 3000 Nm und eine maximale Zugkraft von 200 mm. Die schwarze Farbe des Hydraulikzylinders unterstreicht sein professionelles und elegantes Design.<\/p>\n<p><img loading=\"lazy\" decoding=\"async\" class=\"size-full wp-image-2679 aligncenter\" src=\"https:\/\/fmp-components.com\/wp-content\/uploads\/2025\/01\/dump-truck-trailer-hydraulic-cylinder-2-2.webp\" alt=\"Hydraulikzylinder f\u00fcr Kipplasteranh\u00e4nger 2\" width=\"600\" height=\"600\" title=\"\" srcset=\"https:\/\/fmp-components.com\/wp-content\/uploads\/2025\/01\/dump-truck-trailer-hydraulic-cylinder-2-2.webp 600w, https:\/\/fmp-components.com\/wp-content\/uploads\/2025\/01\/dump-truck-trailer-hydraulic-cylinder-2-2-480x480.webp 480w\" sizes=\"(min-width: 0px) and (max-width: 480px) 480px, (min-width: 481px) 600px, 100vw\" \/><\/p>\n<table style=\"width: 93.9385%; height: 229px;\" border=\"1\">\n<tbody>\n<tr>\n<td colspan=\"1\" rowspan=\"1\"><b>Bohrungsgr\u00f6\u00dfe<\/b><\/td>\n<td colspan=\"1\" rowspan=\"1\">2-6 Zoll<\/td>\n<\/tr>\n<tr>\n<td colspan=\"1\" rowspan=\"1\"><b>Stangengr\u00f6\u00dfe<\/b><\/td>\n<td colspan=\"1\" rowspan=\"1\">1,125-4 Zoll<\/td>\n<\/tr>\n<tr>\n<td colspan=\"1\" rowspan=\"1\"><b>Strichgr\u00f6\u00dfe<\/b><\/td>\n<td colspan=\"1\" rowspan=\"1\">6-48 Zoll<\/td>\n<\/tr>\n<tr>\n<td colspan=\"1\" rowspan=\"1\"><b>Pin-Gr\u00f6\u00dfe<\/b><\/td>\n<td colspan=\"1\" rowspan=\"1\">0,5-2 Zoll<\/td>\n<\/tr>\n<tr>\n<td colspan=\"1\" rowspan=\"1\"><b>H\u00e4fen<\/b><\/td>\n<td colspan=\"1\" rowspan=\"1\">G\/SAE\/NPT\/M<\/td>\n<\/tr>\n<\/tbody>\n<\/table>\n<h2>Vorteile von Hydraulikzylindern f\u00fcr Muldenkipper und Anh\u00e4nger<\/h2>\n<ul>\n<li><strong>Erh\u00f6hte Effizienz:<\/strong> Muldenkipper und Anh\u00e4nger mit Hydraulikzylindern arbeiten effizienter als solche ohne. Das Hydrauliksystem sorgt f\u00fcr eine gleichm\u00e4\u00dfige und zuverl\u00e4ssige Kraft\u00fcbertragung, die ein schnelleres und pr\u00e4ziseres Abladen von Materialien erm\u00f6glicht. Dies spart Zeit und Arbeitskosten und steigert gleichzeitig die Gesamtproduktivit\u00e4t. Dar\u00fcber hinaus sind Hydrauliksysteme \u00e4u\u00dferst energieeffizient. Sie ben\u00f6tigen weniger Energie als mechanische Systeme, was zu geringeren Kraftstoffkosten und einer geringeren Umweltbelastung f\u00fchrt. Hydraulikzylinder sind zudem auf Langlebigkeit ausgelegt, wodurch der Bedarf an h\u00e4ufiger Wartung und Reparaturen reduziert wird.<\/li>\n<li><strong>Verbesserte Sicherheit:<\/strong> Muldenkipper und Anh\u00e4nger k\u00f6nnen bei unsachgem\u00e4\u00dfer Bedienung gef\u00e4hrlich sein. Hydraulikzylinder erh\u00f6hen die Sicherheit, indem sie das Risiko des Umkippens oder Versch\u00fcttens beim Entladen verringern. Das Hydrauliksystem sorgt f\u00fcr eine gleichm\u00e4\u00dfige und sanfte Kraft\u00fcbertragung und verhindert ruckartige Bewegungen, die das Fahrzeug destabilisieren k\u00f6nnten. Dar\u00fcber hinaus k\u00f6nnen Hydrauliksysteme mit Sicherheitsfunktionen wie Druckbegrenzungsventilen und \u00dcberlastschutz ausgestattet werden, um eine \u00dcberlastung zu verhindern. Durch die erh\u00f6hte Sicherheit tragen Hydraulikzylinder dazu bei, das Risiko von Unf\u00e4llen und Verletzungen zu reduzieren und somit sowohl Arbeiter als auch Maschinen zu sch\u00fctzen.<\/li>\n<li><strong>Erh\u00f6hte Vielseitigkeit:<\/strong> Muldenkipper und Anh\u00e4nger mit Hydraulikzylindern sind vielseitig einsetzbar. Hydrauliksysteme sind \u00e4u\u00dferst anpassungsf\u00e4hig und lassen sich individuell an die spezifischen Bed\u00fcrfnisse verschiedener Branchen und Anwendungen anpassen. So k\u00f6nnen Hydraulikzylinder beispielsweise f\u00fcr unterschiedliche Dr\u00fccke und Geschwindigkeiten ausgelegt werden, was eine pr\u00e4zise Steuerung des Kippvorgangs erm\u00f6glicht. Sie eignen sich auch zum Heben schwerer Lasten oder zum Beiseiteschieben von Materialien und sind daher in der Bau-, Bergbau- und Landwirtschaft von gro\u00dfem Nutzen.<\/li>\n<li><strong>Verbesserter Komfort:<\/strong> Fahrer von Muldenkippern und Anh\u00e4ngern profitieren vom erh\u00f6hten Komfort hydraulischer Systeme. Der gleichm\u00e4\u00dfige Betrieb der Hydraulikzylinder reduziert Vibrationen und St\u00f6\u00dfe, wodurch die Erm\u00fcdung des Fahrers verringert und der Gesamtkomfort verbessert wird. Dar\u00fcber hinaus k\u00f6nnen Hydrauliksysteme so konstruiert werden, dass sie leise arbeiten, was die L\u00e4rmbelastung reduziert und ein angenehmeres Arbeitsumfeld schafft. Dies ist besonders wichtig f\u00fcr Anwendungen, bei denen sich die Arbeiter \u00fcber l\u00e4ngere Zeitr\u00e4ume in unmittelbarer N\u00e4he der Maschinen aufhalten.<\/li>\n<li><strong>Erh\u00f6hte Kontrolle:<\/strong> Hydraulikzylinder erm\u00f6glichen eine pr\u00e4zise Steuerung des Kippvorgangs und erlauben dem Bediener, Geschwindigkeit und Kippwinkel anzupassen. Diese pr\u00e4zise Steuerung ist besonders vorteilhaft bei Anwendungen, bei denen empfindliche Materialien entladen werden oder eine exakte Positionierung erfordern. Dar\u00fcber hinaus lassen sich Hydraulikzylinder fernsteuern, was die Kontrolle und Flexibilit\u00e4t weiter erh\u00f6ht. Dies ist n\u00fctzlich, wenn sich der Bediener an einem anderen Ort als die Maschine befinden muss oder die Sichtverh\u00e4ltnisse eingeschr\u00e4nkt sind.<\/li>\n<\/ul>\n<p><img loading=\"lazy\" decoding=\"async\" class=\"alignnone size-full wp-image-2676\" src=\"https:\/\/fmp-components.com\/wp-content\/uploads\/2025\/01\/hydraulic-cylinder-workshop.webp\" alt=\"Hydraulikzylinder-Werkstatt\" width=\"914\" height=\"733\" title=\"\" srcset=\"https:\/\/fmp-components.com\/wp-content\/uploads\/2025\/01\/hydraulic-cylinder-workshop.webp 914w, https:\/\/fmp-components.com\/wp-content\/uploads\/2025\/01\/hydraulic-cylinder-workshop-480x385.webp 480w\" sizes=\"(min-width: 0px) and (max-width: 480px) 480px, (min-width: 481px) 914px, 100vw\" \/><\/p>\n<h2>\u00dcber FMP<\/h2>\n<p>FMP ist ein f\u00fchrendes italienisches Unternehmen, das sich auf den Vertrieb und Service von Baumaschinenzubeh\u00f6r und Komplettmaschinen spezialisiert hat. Unser Unternehmen verf\u00fcgt \u00fcber langj\u00e4hrige Branchenerfahrung und ein professionelles Team, das sich der Bereitstellung hochwertiger und zuverl\u00e4ssiger Baumaschinenl\u00f6sungen f\u00fcr unsere Kunden verschrieben hat.<\/p>\n<p>Hier sind f\u00fcnf Gr\u00fcnde, warum Sie sich f\u00fcr FMP entscheiden sollten:<\/p>\n<p>1. Hochwertige Pr\u00e4zisions-Hydraulikzylinder<br \/>\nBei FMP setzen wir auf Qualit\u00e4t in allen Bereichen unseres Unternehmens. Unsere Hydraulikzylinder werden pr\u00e4zisionsgefertigt, um h\u00f6chste Industriestandards zu erf\u00fcllen. Wir verwenden ausschlie\u00dflich hochwertige Rohstoffe und unterziehen die fertigen Produkte strengen Qualit\u00e4tskontrollen, um unseren Kunden bestm\u00f6gliche Produkte zu liefern.<\/p>\n<p>2. Umfangreiches Produktsortiment<br \/>\nWir bieten ein breites Sortiment an Baumaschinenzubeh\u00f6r und Komplettmaschinen, darunter verschiedene Hydraulikzylinder, Getriebe, Ketten und Kettenr\u00e4der. Unser Produktangebot umfasst alle Arten von Baumaschinen und Zubeh\u00f6r, einschlie\u00dflich Motorzubeh\u00f6r, Hydraulikkomponenten, Fahrgestellzubeh\u00f6r und elektrischem Systemzubeh\u00f6r.<\/p>\n<p>3. Langfristige und stabile Kooperationsbeziehungen mit Lieferanten<br \/>\nFMP pflegt langj\u00e4hrige und stabile Kooperationen mit zahlreichen namhaften in- und ausl\u00e4ndischen Lieferanten. Dadurch wird sichergestellt, dass alle gelieferten Zubeh\u00f6rteile strengen Qualit\u00e4tsstandards entsprechen und unsere Kunden Produkte von h\u00f6chster Qualit\u00e4t erhalten.<\/p>\n<p>4. Erfahrenes und kompetentes Vertriebsteam<br \/>\nUnser Vertriebsteam verf\u00fcgt \u00fcber langj\u00e4hrige Erfahrung und umfassendes Fachwissen im Bereich Baumaschinen. Es kennt die neuesten Entwicklungstrends und Kundenbed\u00fcrfnisse und bietet professionelle Produktberatung sowie fundierte Kaufempfehlungen, um sicherzustellen, dass unsere Kunden die passenden Produkte f\u00fcr ihre Anforderungen erhalten.<\/p>\n<p>5. Effizientes Logistik- und Vertriebssystem<br \/>\nWir verf\u00fcgen \u00fcber ein effizientes Logistiksystem, das sicherstellt, dass unsere Kunden die ben\u00f6tigten Teile termingerecht und korrekt erhalten. Unser Logistikteam setzt alles daran, den bestm\u00f6glichen Service zu bieten und so die Zufriedenheit unserer Kunden zu gew\u00e4hrleisten.<\/p>\n<p>Wenn Sie hochwertiges Zubeh\u00f6r und Komplettmaschinen f\u00fcr Baumaschinen suchen, ist FMP die beste Wahl. Kontaktieren Sie uns noch heute, um mehr \u00fcber unsere Produkte zu erfahren und wie wir Sie bei der Erf\u00fcllung Ihrer Baumaschinenanforderungen unterst\u00fctzen k\u00f6nnen.<\/p>\n<p><img loading=\"lazy\" decoding=\"async\" class=\"alignnone wp-image-2672\" src=\"https:\/\/fmp-components.com\/wp-content\/uploads\/2025\/01\/Dump-Truck-Trailer-Hydraulic-Cylinder-product-3-2.webp\" alt=\"Hydraulikzylinder f\u00fcr Kipplaster und Anh\u00e4nger \u2013 Produkt 3\" width=\"921\" height=\"675\" title=\"\" srcset=\"https:\/\/fmp-components.com\/wp-content\/uploads\/2025\/01\/Dump-Truck-Trailer-Hydraulic-Cylinder-product-3-2.webp 921w, https:\/\/fmp-components.com\/wp-content\/uploads\/2025\/01\/Dump-Truck-Trailer-Hydraulic-Cylinder-product-3-2-480x352.webp 480w\" sizes=\"(min-width: 0px) and (max-width: 480px) 480px, (min-width: 481px) 921px, 100vw\" \/><br \/>\nAutor: CX<\/p>","protected":false},"excerpt":{"rendered":"<p>Professional Telescopic Hydraulic Cylinder for Dump Truck The Professional Telescopic Hydraulic Cylinder for Dump Truck is a high-quality and efficient hydraulic system designed specifically for dump trucks. This cylinder plays a crucial role in enabling the smooth and precise lifting and lowering of the truck&#8217;s bed, allowing for easy loading and unloading of materials. Key [&hellip;]<\/p>","protected":false},"featured_media":2668,"comment_status":"closed","ping_status":"closed","template":"","meta":{"_et_pb_use_builder":"","_et_pb_old_content":"","_et_gb_content_width":""},"product_brand":[],"product_cat":[63],"product_tag":[65,34],"class_list":{"0":"post-2667","1":"product","2":"type-product","3":"status-publish","4":"has-post-thumbnail","6":"product_cat-dump-truck-trailer-hydraulic-cylinder","7":"product_tag-dump-truck-trailer-hydraulic-cylinder","8":"product_tag-hydraulic-cylinder","10":"first","11":"instock","12":"product-type-simple"},"_links":{"self":[{"href":"https:\/\/fmp-components.com\/de\/wp-json\/wp\/v2\/product\/2667","targetHints":{"allow":["GET"]}}],"collection":[{"href":"https:\/\/fmp-components.com\/de\/wp-json\/wp\/v2\/product"}],"about":[{"href":"https:\/\/fmp-components.com\/de\/wp-json\/wp\/v2\/types\/product"}],"replies":[{"embeddable":true,"href":"https:\/\/fmp-components.com\/de\/wp-json\/wp\/v2\/comments?post=2667"}],"wp:featuredmedia":[{"embeddable":true,"href":"https:\/\/fmp-components.com\/de\/wp-json\/wp\/v2\/media\/2668"}],"wp:attachment":[{"href":"https:\/\/fmp-components.com\/de\/wp-json\/wp\/v2\/media?parent=2667"}],"wp:term":[{"taxonomy":"product_brand","embeddable":true,"href":"https:\/\/fmp-components.com\/de\/wp-json\/wp\/v2\/product_brand?post=2667"},{"taxonomy":"product_cat","embeddable":true,"href":"https:\/\/fmp-components.com\/de\/wp-json\/wp\/v2\/product_cat?post=2667"},{"taxonomy":"product_tag","embeddable":true,"href":"https:\/\/fmp-components.com\/de\/wp-json\/wp\/v2\/product_tag?post=2667"}],"curies":[{"name":"wp","href":"https:\/\/api.w.org\/{rel}","templated":true}]}}