{"id":2633,"date":"2025-01-03T03:36:28","date_gmt":"2025-01-03T03:36:28","guid":{"rendered":"https:\/\/fmp-components.com\/?page_id=8"},"modified":"2025-01-03T03:37:26","modified_gmt":"2025-01-03T03:37:26","slug":"square-baler-gearbox-fmp-dfk45-for-big-square-baler","status":"publish","type":"product","link":"https:\/\/fmp-components.com\/de\/product\/square-baler-gearbox-fmp-dfk45-for-big-square-baler\/","title":{"rendered":"Quaderballenpressengetriebe FMP-DFK45 f\u00fcr gro\u00dfe Quaderballenpressen"},"content":{"rendered":"<h2>Abmessungen des Getriebes der Quaderballenpresse FMP-DFK45<\/h2>\n<p><img loading=\"lazy\" decoding=\"async\" class=\"alignnone size-full wp-image-2638\" src=\"https:\/\/fmp-components.com\/wp-content\/uploads\/2025\/01\/Square-Baler-Gearbox-EP-DFK45-Dimensions-1.webp\" alt=\"Vierkantballenpresse-Getriebe-FMP-DFK45-Abmessungen-1\" width=\"1256\" height=\"781\" title=\"\" srcset=\"https:\/\/fmp-components.com\/wp-content\/uploads\/2025\/01\/Square-Baler-Gearbox-EP-DFK45-Dimensions-1.webp 1256w, https:\/\/fmp-components.com\/wp-content\/uploads\/2025\/01\/Square-Baler-Gearbox-EP-DFK45-Dimensions-1-980x609.webp 980w, https:\/\/fmp-components.com\/wp-content\/uploads\/2025\/01\/Square-Baler-Gearbox-EP-DFK45-Dimensions-1-480x298.webp 480w\" sizes=\"(min-width: 0px) and (max-width: 480px) 480px, (min-width: 481px) and (max-width: 980px) 980px, (min-width: 981px) 1256px, 100vw\" \/> <img loading=\"lazy\" decoding=\"async\" class=\"alignnone size-full wp-image-2639\" src=\"https:\/\/fmp-components.com\/wp-content\/uploads\/2025\/01\/Square-Baler-Gearbox-EP-DFK45-Dimensions-2.webp\" alt=\"Vierkantballenpresse-Getriebe-FMP-DFK45-Abmessungen-2\" width=\"1196\" height=\"439\" title=\"\" srcset=\"https:\/\/fmp-components.com\/wp-content\/uploads\/2025\/01\/Square-Baler-Gearbox-EP-DFK45-Dimensions-2.webp 1196w, https:\/\/fmp-components.com\/wp-content\/uploads\/2025\/01\/Square-Baler-Gearbox-EP-DFK45-Dimensions-2-980x360.webp 980w, https:\/\/fmp-components.com\/wp-content\/uploads\/2025\/01\/Square-Baler-Gearbox-EP-DFK45-Dimensions-2-480x176.webp 480w\" sizes=\"(min-width: 0px) and (max-width: 480px) 480px, (min-width: 481px) and (max-width: 980px) 980px, (min-width: 981px) 1196px, 100vw\" \/><\/p>\n<h2>Technische Daten zum Getriebe der Quaderballenpresse FMP-DFK45<\/h2>\n<table style=\"width: 92.8%; height: 145px;\" border=\"1\" cellspacing=\"0\" cellpadding=\"0\">\n<tbody>\n<tr>\n<td colspan=\"3\" rowspan=\"2\">ich<\/td>\n<td rowspan=\"2\">Geeignet<\/td>\n<td>Drehzahleingabe<\/td>\n<td>Drehzahlausgang<br \/>\nU\/min<\/td>\n<td colspan=\"2\">Leistung<\/td>\n<td rowspan=\"2\">Verzahnung<\/td>\n<\/tr>\n<tr>\n<td>U\/min<\/td>\n<td>U\/min<\/td>\n<td>kW<\/td>\n<td>PS<\/td>\n<\/tr>\n<tr>\n<td colspan=\"3\">2.1: 1<\/td>\n<td>Gro\u00dfballenpresse<\/td>\n<td>266<\/td>\n<td>126<\/td>\n<td>45<\/td>\n<td>60<\/td>\n<td>Gleason-Schr\u00e4gverzahnung<\/td>\n<\/tr>\n<tr>\n<td colspan=\"9\">Anmerkung: Wenn Sie spezielle W\u00fcnsche haben, lassen Sie es mich bitte wissen. Wir akzeptieren auch Sonderanfertigungen.<\/td>\n<\/tr>\n<\/tbody>\n<\/table>\n<h2>Komponenten des Getriebes der Quaderballenpresse FMP-DFK45<\/h2>\n<p>Das Quaderballenpressen-Getriebe FMP-DFK45 ist eine Schl\u00fcsselkomponente in gro\u00dffl\u00e4chigen Landmaschinen, insbesondere in Quaderballenpressen. Es \u00fcbertr\u00e4gt die Kraft effizient von der Zapfwelle (PTO) eines Traktors auf verschiedene Mechanismen innerhalb der Ballenpresse und gew\u00e4hrleistet so deren optimale Funktion. Hier die typischen Komponenten des Getriebes FMP-DFK45:<\/p>\n<p><strong>Eingangswelle<\/strong><\/p>\n<ul>\n<li>Funktion: Die Eingangswelle ist mit dem Zapfwellenantrieb des Traktors verbunden und \u00fcbertr\u00e4gt die Drehbewegung auf das Getriebe.<\/li>\n<li>Konstruktion: Typischerweise aus hochfestem Stahl gefertigt, um hohen Drehmomenten und Belastungen im Betrieb standzuhalten.<\/li>\n<\/ul>\n<p><strong>Hauptzahnr\u00e4der (Kegel- oder Stirnr\u00e4der)<\/strong><\/p>\n<ul>\n<li>Funktion: Diese Zahnr\u00e4der sind f\u00fcr die \u00dcbertragung der Rotationsenergie von der Eingangswelle auf die Ausgangswelle verantwortlich und modifizieren dabei Drehzahl und Drehmoment nach Bedarf.<\/li>\n<li>Konstruktion: Pr\u00e4zisionsgefertigt f\u00fcr reibungslosen Betrieb, reduzierten Verschlei\u00df und hohe Effizienz.<\/li>\n<\/ul>\n<p><strong>Abtriebswelle<\/strong><\/p>\n<ul>\n<li>Funktion: Die Abtriebswelle \u00fcbertr\u00e4gt die Kraft auf die Betriebssysteme der Ballenpresse, wie z. B. die Ballenkammer, den Verdichtungsmechanismus und den Bindemechanismus.<\/li>\n<li>Konstruktion: Sie ist so konstruiert, dass sie den hohen Drehmomentanforderungen des Ballenpressvorgangs standh\u00e4lt und ist h\u00e4ufig mit Keilwellen zur sicheren Befestigung an verschiedenen Teilen der Ballenpresse ausgestattet.<\/li>\n<\/ul>\n<p><strong>Lager<\/strong><\/p>\n<ul>\n<li>Funktion: Die Lager st\u00fctzen die sich bewegenden Wellen und Zahnr\u00e4der, gew\u00e4hrleisten eine reibungslose Rotation und reduzieren die Reibung.<\/li>\n<li>Konstruktion: Typischerweise sind die Lager abgedichtet, um das Eindringen von Schmutz, Feuchtigkeit und anderen Verunreinigungen und damit verbundene Verschlei\u00dferscheinungen zu verhindern.<\/li>\n<\/ul>\n<p>Bei der Auswahl oder Wartung des Getriebes FMP-DFK45 f\u00fcr Quaderballenpressen ist es entscheidend, sicherzustellen, dass alle Komponenten ordnungsgem\u00e4\u00df geschmiert, abgedichtet und verschlei\u00dffrei sind, um die Effizienz des Getriebes zu erhalten und seine Lebensdauer zu verl\u00e4ngern.<\/p>\n<p><img loading=\"lazy\" decoding=\"async\" class=\"alignnone size-full wp-image-2640\" src=\"https:\/\/fmp-components.com\/wp-content\/uploads\/2025\/01\/Square-Baler-Gearbox-EP-DFK45-Applications.webp\" alt=\"Anwendungen f\u00fcr Vierkantballenpressen-Getriebe FMP-DFK45\" width=\"1000\" height=\"620\" title=\"\" srcset=\"https:\/\/fmp-components.com\/wp-content\/uploads\/2025\/01\/Square-Baler-Gearbox-EP-DFK45-Applications.webp 1000w, https:\/\/fmp-components.com\/wp-content\/uploads\/2025\/01\/Square-Baler-Gearbox-EP-DFK45-Applications-980x608.webp 980w, https:\/\/fmp-components.com\/wp-content\/uploads\/2025\/01\/Square-Baler-Gearbox-EP-DFK45-Applications-480x298.webp 480w\" sizes=\"(min-width: 0px) and (max-width: 480px) 480px, (min-width: 481px) and (max-width: 980px) 980px, (min-width: 981px) 1000px, 100vw\" \/><\/p>\n<h2>Anwendungsbereiche des Quaderballenpressen-Getriebes FMP-DFK45<\/h2>\n<div class=\"group\/conversation-turn relative flex w-full min-w-0 flex-col agent-turn\">\n<div class=\"flex-col gap-1 md:gap-3\">\n<div class=\"flex max-w-full flex-col flex-grow\">\n<div class=\"min-h-8 text-message flex w-full flex-col items-end gap-2 whitespace-normal break-words text-start [.text-message+&amp;]:mt-5\" dir=\"auto\" data-message-author-role=\"assistant\" data-message-id=\"9455a869-4f3f-4093-8494-3ba86af706bc\" data-message-model-slug=\"gpt-4o\">\n<div class=\"flex w-full flex-col gap-1 empty:hidden first:pt-[3px]\">\n<div class=\"markdown prose w-full break-words dark:prose-invert light\">\n<p>Das Quaderballenpressen-Getriebe FMP-DFK45 wurde speziell f\u00fcr die hohen Anforderungen von Landmaschinen, insbesondere f\u00fcr den Betrieb von Gro\u00dfballenpressen, entwickelt. Hier die wichtigsten Anwendungsbereiche dieses Getriebes:<\/p>\n<p><strong>Gro\u00dfe Quaderballenpressen<\/strong><\/p>\n<ul>\n<li>Hauptanwendung: Das Getriebe FMP-DFK45 wird vorwiegend in Gro\u00dfballenpressen eingesetzt, die zum Sammeln und Verdichten von Heu, Stroh oder anderen Ernter\u00fcckst\u00e4nden zu ordentlichen Quaderballen f\u00fcr Lagerung und Transport dienen.<\/li>\n<li>Funktion: Sie erm\u00f6glicht die Kraft\u00fcbertragung vom Zapfwellenantrieb des Traktors auf die internen Komponenten der Ballenpresse, einschlie\u00dflich der Aufnahme, des Zuf\u00fchrmechanismus, der Verdichtungskammer und des Bindesystems.<\/li>\n<\/ul>\n<p><strong>Heu- und Strohernte<\/strong><\/p>\n<ul>\n<li>Anwendung bei der Heuernte: Das Getriebe wird in Quaderballenpressen zur Heuverarbeitung eingesetzt und sorgt daf\u00fcr, dass das Erntegut ordnungsgem\u00e4\u00df zu dichten, gleichm\u00e4\u00dfigen Ballen verdichtet wird.<\/li>\n<li>Strohsammlung: \u00c4hnlich wie bei Heu spielt das Getriebe eine entscheidende Rolle bei der Komprimierung des Strohs zu handlichen Quaderballen und optimiert so die Lager- und Transporteffizienz.<\/li>\n<\/ul>\n<p><strong>Silageproduktion (Ballenbildung)<\/strong><\/p>\n<ul>\n<li>Silageanwendungen: Bei der Silageproduktion, wo Feldfr\u00fcchte zur F\u00fctterung von Nutztieren geerntet werden, unterst\u00fctzt das Getriebe FMP-DFK45 das Pressen verschiedener Silagematerialien wie Gras, Mais oder anderer gr\u00fcner Futterpflanzen zu Quaderballen.<\/li>\n<li>Ballendichte und -gleichm\u00e4\u00dfigkeit: Es gew\u00e4hrleistet einen effizienten Ballenpressvorgang und produziert gleichm\u00e4\u00dfig dichte Ballen f\u00fcr eine effektive Silagefermentation und langfristige Konservierung.<\/li>\n<\/ul>\n<p><strong>Futterernte<\/strong><\/p>\n<ul>\n<li>Futterernteausr\u00fcstung: Das Getriebe wird in gro\u00dfen Futterernteanlagen eingesetzt und hilft dabei, Futterpflanzen wie Luzerne, Klee und andere Futterpflanzen zu Quaderballen f\u00fcr die sp\u00e4tere Verf\u00fctterung, Lagerung oder den Transport zu verarbeiten.<\/li>\n<li>Ballenpressmechanismen: Bei Ballenpressen, die f\u00fcr die Verarbeitung schwererer oder volumin\u00f6serer Futterpflanzen ausgelegt sind, sorgt das Getriebe FMP-DFK45 f\u00fcr eine reibungslose Kraft\u00fcbertragung und damit f\u00fcr eine effektive und gleichm\u00e4\u00dfige Ballenbildung.<\/li>\n<\/ul>\n<p>Das Getriebe FMP-DFK45 ist eine wichtige Komponente zur Optimierung der Leistung und Effizienz von Gro\u00dfballenpressen und unterst\u00fctzt eine Reihe von landwirtschaftlichen Anwendungen, die zu einer effektiven Ernte, einem effizienten Reststoffmanagement und effizienten Anbaumethoden beitragen.<\/p>\n<p><img loading=\"lazy\" decoding=\"async\" class=\"alignnone size-full wp-image-2641\" src=\"https:\/\/fmp-components.com\/wp-content\/uploads\/2025\/01\/Square-Baler-Gearbox-EP-DFK45-for-Big-Square-Baler.webp\" alt=\"Getriebe FMP-DFK45 f\u00fcr Gro\u00dfquadratballenpresse\" width=\"1000\" height=\"510\" title=\"\" srcset=\"https:\/\/fmp-components.com\/wp-content\/uploads\/2025\/01\/Square-Baler-Gearbox-EP-DFK45-for-Big-Square-Baler.webp 1000w, https:\/\/fmp-components.com\/wp-content\/uploads\/2025\/01\/Square-Baler-Gearbox-EP-DFK45-for-Big-Square-Baler-980x500.webp 980w, https:\/\/fmp-components.com\/wp-content\/uploads\/2025\/01\/Square-Baler-Gearbox-EP-DFK45-for-Big-Square-Baler-480x245.webp 480w\" sizes=\"(min-width: 0px) and (max-width: 480px) 480px, (min-width: 481px) and (max-width: 980px) 980px, (min-width: 981px) 1000px, 100vw\" \/><\/p>\n<div class=\"group\/conversation-turn relative flex w-full min-w-0 flex-col agent-turn\">\n<div class=\"flex-col gap-1 md:gap-3\">\n<div class=\"flex max-w-full flex-col flex-grow\">\n<div class=\"min-h-8 text-message flex w-full flex-col items-end gap-2 whitespace-normal break-words text-start [.text-message+&amp;]:mt-5\" dir=\"auto\" data-message-author-role=\"assistant\" data-message-id=\"315fae6f-a490-45b4-9a83-c79e6de69105\" data-message-model-slug=\"gpt-4o\">\n<div class=\"flex w-full flex-col gap-1 empty:hidden first:pt-[3px]\">\n<div class=\"markdown prose w-full break-words dark:prose-invert light\">\n<h3>\u00dcber FMP<\/h3>\n<p>FMP mit Hauptsitz in Italien ist ein f\u00fchrender Hersteller, der f\u00fcr seine Expertise in der Entwicklung und Produktion von Hochleistungsgetrieben bekannt ist. Spezialisiert auf den Landmaschinensektor, bietet FMP pr\u00e4zisionsgefertigte L\u00f6sungen f\u00fcr die dynamischen Anforderungen von Landwirtschaft und Industrie. Unser Produktportfolio umfasst ein breites Spektrum, darunter Spezialgetriebe f\u00fcr Rasenm\u00e4her, Zapfwellen und weitere wichtige Komponenten \u2013 allesamt sorgf\u00e4ltig konstruiert, um ma\u00dfgeschneiderte L\u00f6sungen f\u00fcr vielf\u00e4ltige Anwendungen zu bieten.<\/p>\n<p>Wir bei FMP wissen, dass jeder Kunde individuelle Herausforderungen und Anforderungen hat. Dieses Verst\u00e4ndnis treibt uns an, ma\u00dfgeschneiderte L\u00f6sungen anzubieten \u2013 von einzelnen Komponenten bis hin zu vollst\u00e4ndig integrierten Systemen. Durch die enge Zusammenarbeit mit unseren Kunden stellen wir sicher, dass jede L\u00f6sung hinsichtlich Leistung und Kosteneffizienz optimiert ist und in jeder Phase Mehrwert bietet. Unsere schnellen, professionellen Reaktionszeiten und unsere kompetente Beratung gew\u00e4hrleisten, dass jede Anfrage pr\u00e4zise bearbeitet wird und somit bestm\u00f6gliche Ergebnisse erzielt werden.<\/p>\n<p>Wir legen Wert auf offene und transparente Kommunikation w\u00e4hrend des gesamten Produktentwicklungsprozesses. Unser Team arbeitet eng mit den Kunden zusammen, um deren Bed\u00fcrfnisse genau zu verstehen und wertvolle Erkenntnisse und Empfehlungen f\u00fcr optimale L\u00f6sungen zu liefern. Ob Entwicklung innovativer Produkte oder Abwicklung laufender Auftr\u00e4ge \u2013 FMP liefert stets termingerecht hochwertige, pr\u00e4zisionsgefertigte Produkte. Unser Ziel ist es, die Erwartungen unserer Kunden zu \u00fcbertreffen und bei jedem Projekt h\u00f6chste Service- und Ergebnisqualit\u00e4t zu gew\u00e4hrleisten.<\/p>\n<p>Qualit\u00e4t steht im Mittelpunkt unseres Handelns. Wir halten uns an strengste Fertigungsstandards und setzen rigorose Qualit\u00e4tskontrollprozesse ein, um sicherzustellen, dass jedes Produkt die Branchennormen \u00fcbertrifft. Unser unersch\u00fctterlicher Fokus auf Qualit\u00e4t, gepaart mit unseren Kernwerten Integrit\u00e4t, Teamwork und Beharrlichkeit, hat es uns erm\u00f6glicht, langfristige, vertrauensvolle Beziehungen zu Kunden in fast 30 L\u00e4ndern weltweit aufzubauen.<\/p>\n<p>FMP engagiert sich f\u00fcr globale Partnerschaften und bietet kompetente Beratung sowie ma\u00dfgeschneiderte L\u00f6sungen, die den vielf\u00e4ltigen Bed\u00fcrfnissen unserer Kunden gerecht werden. Wir liefern nicht nur Produkte, sondern streben langfristige Beziehungen an, die zum Erfolg jedes Projekts beitragen. Ob Sie innovative L\u00f6sungen f\u00fcr ein neues Projekt oder fortlaufende Unterst\u00fctzung f\u00fcr ein bestehendes System ben\u00f6tigen \u2013 FMP steht Ihnen zur Seite, um Ihre technischen Herausforderungen zu meistern und Ihren nachhaltigen Erfolg zu sichern.<\/p>\n<\/div>\n<\/div>\n<\/div>\n<\/div>\n<\/div>\n<\/div>\n<p><img loading=\"lazy\" decoding=\"async\" class=\"alignnone size-full wp-image-1861\" src=\"https:\/\/fmp-components.com\/wp-content\/uploads\/2024\/12\/Other-Agricultural-Gearboxes.webp\" sizes=\"(min-width: 0px) and (max-width: 480px) 480px, (min-width: 481px) and (max-width: 980px) 980px, (min-width: 981px) 1200px, 100vw\" srcset=\"https:\/\/fmp-components.com\/wp-content\/uploads\/2024\/12\/Other-Agricultural-Gearboxes.webp 1200w, https:\/\/fmp-components.com\/wp-content\/uploads\/2024\/12\/Other-Agricultural-Gearboxes-980x1143.webp 980w, https:\/\/fmp-components.com\/wp-content\/uploads\/2024\/12\/Other-Agricultural-Gearboxes-480x560.webp 480w\" alt=\"Altri-cambi-agricoli\" width=\"1200\" height=\"1400\" title=\"\"><\/p>\n<p>Autor: CX<\/p>\n<\/div>\n<\/div>\n<\/div>\n<\/div>\n<\/div>\n<\/div>","protected":false},"excerpt":{"rendered":"<p>Square Baler Gearbox FMP-DFK45 Dimensions Square Baler Gearbox FMP-DFK45 Technical Data i Suitable Rpm input Rpm output r\/min Power Toothing r\/min r\/min kw hp 2.1: 1 Big Square Baler 266 126 45 60 Gleason Helical Teeth Remark: If you have any special require feel free let me know, we also accept custom. Components of Square [&hellip;]<\/p>","protected":false},"featured_media":2637,"comment_status":"open","ping_status":"closed","template":"","meta":{"_et_pb_use_builder":"","_et_pb_old_content":"","_et_gb_content_width":""},"product_brand":[],"product_cat":[62],"product_tag":[],"class_list":{"0":"post-2633","1":"product","2":"type-product","3":"status-publish","4":"has-post-thumbnail","6":"product_cat-square-baler-gearbox","8":"first","9":"instock","10":"shipping-taxable","11":"product-type-simple"},"_links":{"self":[{"href":"https:\/\/fmp-components.com\/de\/wp-json\/wp\/v2\/product\/2633","targetHints":{"allow":["GET"]}}],"collection":[{"href":"https:\/\/fmp-components.com\/de\/wp-json\/wp\/v2\/product"}],"about":[{"href":"https:\/\/fmp-components.com\/de\/wp-json\/wp\/v2\/types\/product"}],"replies":[{"embeddable":true,"href":"https:\/\/fmp-components.com\/de\/wp-json\/wp\/v2\/comments?post=2633"}],"wp:featuredmedia":[{"embeddable":true,"href":"https:\/\/fmp-components.com\/de\/wp-json\/wp\/v2\/media\/2637"}],"wp:attachment":[{"href":"https:\/\/fmp-components.com\/de\/wp-json\/wp\/v2\/media?parent=2633"}],"wp:term":[{"taxonomy":"product_brand","embeddable":true,"href":"https:\/\/fmp-components.com\/de\/wp-json\/wp\/v2\/product_brand?post=2633"},{"taxonomy":"product_cat","embeddable":true,"href":"https:\/\/fmp-components.com\/de\/wp-json\/wp\/v2\/product_cat?post=2633"},{"taxonomy":"product_tag","embeddable":true,"href":"https:\/\/fmp-components.com\/de\/wp-json\/wp\/v2\/product_tag?post=2633"}],"curies":[{"name":"wp","href":"https:\/\/api.w.org\/{rel}","templated":true}]}}