{"id":2552,"date":"2025-01-02T06:41:12","date_gmt":"2025-01-02T06:41:12","guid":{"rendered":"https:\/\/fmp-components.com\/?page_id=8"},"modified":"2025-01-02T06:41:13","modified_gmt":"2025-01-02T06:41:13","slug":"feed-mixer-machines-gearboxes-replacement-of-comer-code-d-732a-11-1-411","status":"publish","type":"product","link":"https:\/\/fmp-components.com\/de\/product\/feed-mixer-machines-gearboxes-replacement-of-comer-code-d-732a-11-1-411\/","title":{"rendered":"Getriebe f\u00fcr Futtermischmaschinen \u2013 Ersatz f\u00fcr Comer Code D-732A 1:1\/1,41:1"},"content":{"rendered":"<p><img loading=\"lazy\" decoding=\"async\" class=\"size-full wp-image-2554 aligncenter\" src=\"https:\/\/fmp-components.com\/wp-content\/uploads\/2025\/01\/Horizontal-Feed-Mixer-Gearbox-131.webp\" alt=\"Horizontal-Futtermischer-Getriebe\" width=\"800\" height=\"800\" title=\"\" srcset=\"https:\/\/fmp-components.com\/wp-content\/uploads\/2025\/01\/Horizontal-Feed-Mixer-Gearbox-131.webp 800w, https:\/\/fmp-components.com\/wp-content\/uploads\/2025\/01\/Horizontal-Feed-Mixer-Gearbox-131-480x480.webp 480w\" sizes=\"(min-width: 0px) and (max-width: 480px) 480px, (min-width: 481px) 800px, 100vw\" \/><\/p>\n<h2>Horizontales Futtermischergetriebe D732A \u2013 Abmessungen<\/h2>\n<p><img loading=\"lazy\" decoding=\"async\" class=\"alignnone size-full wp-image-2555\" src=\"https:\/\/fmp-components.com\/wp-content\/uploads\/2025\/01\/Horizontal-Feed-Mixer-Gearbox-D732A-Dimensions.webp\" alt=\"Horizontal-Futtermischer-Getriebe-D732A-Abmessungen\" width=\"712\" height=\"390\" title=\"\" srcset=\"https:\/\/fmp-components.com\/wp-content\/uploads\/2025\/01\/Horizontal-Feed-Mixer-Gearbox-D732A-Dimensions.webp 712w, https:\/\/fmp-components.com\/wp-content\/uploads\/2025\/01\/Horizontal-Feed-Mixer-Gearbox-D732A-Dimensions-480x263.webp 480w\" sizes=\"(min-width: 0px) and (max-width: 480px) 480px, (min-width: 481px) 712px, 100vw\" \/><\/p>\n<h2>Produktspezifikationen:<\/h2>\n<table class=\"kh-1xzm1su\" border=\"1\" cellspacing=\"0\" cellpadding=\"0\" data-intent=\"lists-product-attributes\" data-test-id=\"attributes-list\">\n<tbody class=\"kh-1ago99h\">\n<tr id=\"alexis#custom#item-id\" class=\"kh-bwvum6\" data-test-id=\"attribute-row\">\n<th class=\"kh-10oizfy\">Produktbeschreibung<\/th>\n<td class=\"kh-1f5nhat\">\n<div class=\"kh-pkx4zo\">Horizontales Futtermischergetriebe - Austausch des Comer D732A-Getriebes<\/div>\n<\/td>\n<\/tr>\n<tr id=\"attProductDetails\" class=\"kh-bwvum6\" data-test-id=\"attribute-row\">\n<th class=\"kh-10oizfy\">Produktdetails<\/th>\n<td class=\"kh-1f5nhat\">\n<ul>\n<li class=\"kh-16zd49f\">Kontaktieren Sie uns f\u00fcr eine Leistung bei einer anderen Drehzahl<\/li>\n<li class=\"kh-16zd49f\">Das Getriebe wird ohne \u00d6l geliefert und muss vor der ersten Inbetriebnahme bef\u00fcllt werden.<\/li>\n<li class=\"kh-16zd49f\">Erster \u00d6lwechsel nach 50-70 Betriebsstunden, dann nach 500-700 Betriebsstunden oder mindestens einmal j\u00e4hrlich.<\/li>\n<\/ul>\n<\/td>\n<\/tr>\n<tr id=\"attApplicationRange\" class=\"kh-bwvum6\" data-test-id=\"attribute-row\">\n<th class=\"kh-10oizfy\">Anwendungsbereich<\/th>\n<td class=\"kh-1f5nhat\">\n<div class=\"kh-pkx4zo\">Mischwagen<\/div>\n<\/td>\n<\/tr>\n<tr id=\"attConsistsOf\" class=\"kh-bwvum6\" data-test-id=\"attribute-row\">\n<th class=\"kh-10oizfy\">Besteht aus<\/th>\n<td class=\"kh-1f5nhat\">\n<ul>\n<li class=\"kh-16zd49f\">Getriebe<\/li>\n<li class=\"kh-16zd49f\">Ohne \u00d6l<\/li>\n<\/ul>\n<\/td>\n<\/tr>\n<tr id=\"taMaxInputPowerKw\" class=\"kh-bwvum6\" data-test-id=\"attribute-row\">\n<th class=\"kh-10oizfy\">Max. Eingangsleistung<\/th>\n<td class=\"kh-1f5nhat\">\n<div class=\"kh-pkx4zo\">59 kW<\/div>\n<\/td>\n<\/tr>\n<tr id=\"taMaxOutputPowerHp\" class=\"kh-bwvum6\" data-test-id=\"attribute-row\">\n<th class=\"kh-10oizfy\">Max. Ausgangsleistung<\/th>\n<td class=\"kh-1f5nhat\">\n<div class=\"kh-pkx4zo\">80 PS<\/div>\n<\/td>\n<\/tr>\n<tr id=\"taConnect1OutsideDiameterInch\" class=\"kh-bwvum6\" data-test-id=\"attribute-row\">\n<th class=\"kh-10oizfy\">Anschluss 1 Au\u00dfendurchmesser<\/th>\n<td class=\"kh-1f5nhat\">\n<div class=\"kh-pkx4zo\">1-3\/8 Zoll<\/div>\n<\/td>\n<\/tr>\n<tr id=\"taConnect1SplinesNumber\" class=\"kh-bwvum6\" data-test-id=\"attribute-row\">\n<th class=\"kh-10oizfy\">Anschluss 1 Anzahl der Splines<\/th>\n<td class=\"kh-1f5nhat\">\n<div class=\"kh-pkx4zo\">6<\/div>\n<\/td>\n<\/tr>\n<tr id=\"taConnect2OutsideDiameterInch\" class=\"kh-bwvum6\" data-test-id=\"attribute-row\">\n<th class=\"kh-10oizfy\">Anschluss 2 Au\u00dfendurchmesser<\/th>\n<td class=\"kh-1f5nhat\">\n<div class=\"kh-pkx4zo\">1-3\/4 Zoll<\/div>\n<\/td>\n<\/tr>\n<tr id=\"taConnect2SplinesNumber\" class=\"kh-bwvum6\" data-test-id=\"attribute-row\">\n<th class=\"kh-10oizfy\">Verbindung 2 Anzahl der Splines<\/th>\n<td class=\"kh-1f5nhat\">\n<div class=\"kh-pkx4zo\">6<\/div>\n<\/td>\n<\/tr>\n<tr id=\"taContainsOil\" class=\"kh-bwvum6\" data-test-id=\"attribute-row\">\n<th class=\"kh-10oizfy\">Enth\u00e4lt \u00d6l<\/th>\n<td class=\"kh-1f5nhat\">\n<div class=\"kh-pkx4zo\">NEIN<\/div>\n<\/td>\n<\/tr>\n<tr id=\"taMaxOilCapacityL\" class=\"kh-bwvum6\" data-test-id=\"attribute-row\">\n<th class=\"kh-10oizfy\">Max. \u00d6lkapazit\u00e4t<\/th>\n<td class=\"kh-1f5nhat\">\n<div class=\"kh-pkx4zo\">5,6 l<\/div>\n<\/td>\n<\/tr>\n<tr id=\"taMaxOilChangeIntervalH\" class=\"kh-bwvum6\" data-test-id=\"attribute-row\">\n<th class=\"kh-10oizfy\">Max. \u00d6lwechselintervall<\/th>\n<td class=\"kh-1f5nhat\">\n<div class=\"kh-pkx4zo\">500 h<\/div>\n<\/td>\n<\/tr>\n<tr id=\"taOilSAEViscosityGrade\" class=\"kh-bwvum6\" data-test-id=\"attribute-row\">\n<th class=\"kh-10oizfy\">SAE-Viskosit\u00e4tsklasse des \u00d6ls<\/th>\n<td class=\"kh-1f5nhat\">\n<div class=\"kh-pkx4zo\">80W-90<\/div>\n<\/td>\n<\/tr>\n<tr id=\"taHousingMaterial_16\" class=\"kh-bwvum6\" data-test-id=\"attribute-row\">\n<th class=\"kh-10oizfy\">Geh\u00e4usematerial<\/th>\n<td class=\"kh-1f5nhat\">\n<div class=\"kh-pkx4zo\">Gusseisen GG25<\/div>\n<\/td>\n<\/tr>\n<tr id=\"taWeightKg_75\" class=\"kh-bwvum6\" data-test-id=\"attribute-row\">\n<th class=\"kh-10oizfy\">Gewicht<\/th>\n<td class=\"kh-1f5nhat\">\n<div class=\"kh-pkx4zo\">63 kg<\/div>\n<\/td>\n<\/tr>\n<\/tbody>\n<\/table>\n<h3>Vorteile der Verwendung des Horizontal-Futtermischergetriebes D732A<\/h3>\n<ol>\n<li><strong>Verbesserte Mischeffizienz<\/strong><br \/>\nDas Horizontal-Futtermischergetriebe D732A wurde speziell f\u00fcr eine hervorragende Mischleistung entwickelt. Dank seines hohen Drehmoments und der effizienten Kraft\u00fcbertragung sorgt es f\u00fcr eine gleichm\u00e4\u00dfige und gleichm\u00e4\u00dfige Mischung der Futterzutaten. Dies f\u00fchrt zu einer effektiveren Mischung und verbessert die Gesamtqualit\u00e4t und den N\u00e4hrwert des Futters.<\/li>\n<li><strong>Langlebige und zuverl\u00e4ssige Konstruktion<\/strong><br \/>\nDas Getriebe besteht aus hochfesten Materialien, die den harten Arbeitsbedingungen beim Mischen von Futtermitteln standhalten. Seine robuste Konstruktion gew\u00e4hrleistet eine lange Lebensdauer auch bei hoher Beanspruchung. Dadurch reduziert sich der Bedarf an h\u00e4ufigen Wartungsarbeiten oder Teileaustausch und die Gesamtlebensdauer der Anlage wird erh\u00f6ht.<\/li>\n<li><strong>Energieeffizienz<\/strong><br \/>\nDas Getriebe D732A optimiert den Stromverbrauch und gew\u00e4hrleistet eine effiziente Energienutzung bei gleichbleibend hoher Leistung. Dieses energieeffiziente Design tr\u00e4gt zur Senkung der Betriebskosten bei und ist daher eine kosteng\u00fcnstige Wahl f\u00fcr Unternehmen, die auf kontinuierliche Futtermischvorg\u00e4nge angewiesen sind.<\/li>\n<li><strong>Laufruhiger Betrieb und geringe Vibration<\/strong><br \/>\nDank seiner fortschrittlichen Konstruktion gew\u00e4hrleistet das Getriebe D732A einen reibungslosen Betrieb mit minimalen Vibrationen und sorgt so f\u00fcr eine stabile Leistung. Dies erh\u00f6ht nicht nur die Zuverl\u00e4ssigkeit des Mischers, sondern tr\u00e4gt auch zum Komfort und zur Sicherheit der Bediener bei, reduziert das Risiko mechanischer Ausf\u00e4lle und verbessert die Betriebseffizienz.<\/li>\n<li><strong>Vielseitige Anwendungsm\u00f6glichkeiten<\/strong><br \/>\nDas Getriebe D732A eignet sich f\u00fcr eine Vielzahl von Futtermischanwendungen. Ob in der Landwirtschaft, der Viehzucht oder der industriellen Futtermittelproduktion \u2013 dieses Getriebe bietet die Flexibilit\u00e4t, unterschiedlichen Betriebsanforderungen gerecht zu werden. Seine Anpassungsf\u00e4higkeit an unterschiedliche Mischsysteme macht es zur idealen Wahl f\u00fcr verschiedene Futtermittelherstellungsprozesse.<\/li>\n<\/ol>\n<p>Diese Vorteile machen das Horizontal-Futtermischer-Getriebe D732A zu einer wertvollen Bereicherung f\u00fcr Unternehmen im Agrarsektor, da es optimale Leistung, Haltbarkeit und Effizienz bei der Futtermittelproduktion gew\u00e4hrleistet.<\/p>\n<p><img loading=\"lazy\" decoding=\"async\" class=\"alignnone  wp-image-2553\" src=\"https:\/\/fmp-components.com\/wp-content\/uploads\/2025\/01\/Horizontal-Feed-Mixer-Gearbox-141.webp\" alt=\"Horizontal-Futtermischer-Getriebe\" width=\"941\" height=\"941\" title=\"\" srcset=\"https:\/\/fmp-components.com\/wp-content\/uploads\/2025\/01\/Horizontal-Feed-Mixer-Gearbox-141.webp 941w, https:\/\/fmp-components.com\/wp-content\/uploads\/2025\/01\/Horizontal-Feed-Mixer-Gearbox-141-480x480.webp 480w\" sizes=\"(min-width: 0px) and (max-width: 480px) 480px, (min-width: 481px) 941px, 100vw\" \/><\/p>\n<h3>Hauptkomponenten des Getriebes eines horizontalen Futtermischwagens mit Zapfwellenantrieb f\u00fcr Traktoren<\/h3>\n<ol>\n<li><strong>Zapfwelleneingang<\/strong><br \/>\nDer Zapfwelleneingang (Power Take-Off) ist die zentrale Verbindung zwischen Traktor und Futtermischgetriebe. Er \u00fcbertr\u00e4gt die mechanische Kraft vom Traktormotor auf das Getriebe und erm\u00f6glicht so den Mischvorgang. Die Zapfwelle sorgt f\u00fcr eine reibungslose Energie\u00fcbertragung und erm\u00f6glicht so einen effizienten Getriebebetrieb.<\/li>\n<li><strong>Schr\u00e4gverzahnte Zahnr\u00e4der<\/strong><br \/>\nDas Getriebe eines horizontalen Futtermischwagens ist typischerweise mit Schr\u00e4gverzahnungen ausgestattet, die im Vergleich zu anderen Getriebearten einen ruhigeren und leiseren Betrieb gew\u00e4hrleisten. Diese Getriebe sind f\u00fcr hohe Drehmomentbelastungen ausgelegt und gew\u00e4hrleisten eine effiziente Kraft\u00fcbertragung, wodurch der Verschlei\u00df im Dauerbetrieb reduziert wird.<\/li>\n<li><strong>Geh\u00e4use<\/strong><br \/>\nDer <strong>Getriebegeh\u00e4use<\/strong> ist das Au\u00dfengeh\u00e4use, das alle inneren Komponenten wie Zahnr\u00e4der, Wellen und Lager enth\u00e4lt. Es besteht in der Regel aus langlebigen Materialien wie Gusseisen oder hochfestem Stahl, wodurch das Getriebe robust ist und den harten Bedingungen in der Landwirtschaft standh\u00e4lt.<\/li>\n<li><strong>Lager<\/strong><br \/>\n<strong>Lager<\/strong> sind wichtige Komponenten, die die rotierenden Wellen st\u00fctzen und die Reibung im Getriebe reduzieren. Sie gew\u00e4hrleisten einen reibungslosen Betrieb und minimieren den Verschlei\u00df, sodass das Getriebe \u00fcber lange Zeitr\u00e4ume ohne \u00fcberm\u00e4\u00dfigen Wartungsaufwand zuverl\u00e4ssig funktioniert.<\/li>\n<li><strong>Abtriebswelle<\/strong><br \/>\nDer <strong>Abtriebswelle<\/strong> wird mit der Mischschnecke oder anderen Komponenten des Futtermischwagens verbunden. Sie \u00fcbertr\u00e4gt die Kraft vom Getriebe auf den Mischmechanismus und erm\u00f6glicht so eine effiziente Vermischung der Futterzutaten. Die Abtriebswelle muss f\u00fcr das erforderliche Drehmoment und die Drehzahl ausgelegt sein, um eine optimale Mischleistung zu gew\u00e4hrleisten.<\/li>\n<\/ol>\n<p>Diese Schl\u00fcsselkomponenten arbeiten zusammen, um sicherzustellen, dass das \u00fcber die Zapfwelle des Traktors angetriebene Getriebe des horizontalen Futtermischwagens reibungslos, effizient und zuverl\u00e4ssig funktioniert und optimale Leistung bei landwirtschaftlichen Mischanwendungen bietet.<\/p>\n<p><img loading=\"lazy\" decoding=\"async\" class=\"alignnone size-full wp-image-2556\" src=\"https:\/\/fmp-components.com\/wp-content\/uploads\/2025\/01\/PTO-Shaft-for-Horizontal-Feed-Mixer-Gearbox1.webp\" alt=\"Zapfwelle f\u00fcr Horizontal-Futtermischgetriebe\" width=\"1178\" height=\"600\" title=\"\" srcset=\"https:\/\/fmp-components.com\/wp-content\/uploads\/2025\/01\/PTO-Shaft-for-Horizontal-Feed-Mixer-Gearbox1.webp 1178w, https:\/\/fmp-components.com\/wp-content\/uploads\/2025\/01\/PTO-Shaft-for-Horizontal-Feed-Mixer-Gearbox1-980x499.webp 980w, https:\/\/fmp-components.com\/wp-content\/uploads\/2025\/01\/PTO-Shaft-for-Horizontal-Feed-Mixer-Gearbox1-480x244.webp 480w\" sizes=\"(min-width: 0px) and (max-width: 480px) 480px, (min-width: 481px) and (max-width: 980px) 980px, (min-width: 981px) 1178px, 100vw\" \/><\/p>\n<h3>Funktionsprinzip von Getrieben f\u00fcr Futtermischmaschinen<\/h3>\n<p>Futtermischmaschinen sind entscheidend f\u00fcr das Mischen verschiedener Tierfutterarten, um eine gleichm\u00e4\u00dfige Konsistenz und einen hohen N\u00e4hrwert zu gew\u00e4hrleisten. Das Getriebe spielt eine Schl\u00fcsselrolle beim Antrieb des Futtermischmechanismus. Nachfolgend wird das Funktionsprinzip von Futtermischmaschinengetrieben beschrieben:<br \/>\n1. <strong>Kraft\u00fcbertragung vom Traktor oder Motor zum Getriebe<\/strong><\/p>\n<ul>\n<li>Der Antrieb des Getriebes erfolgt je nach Ausf\u00fchrung des Futtermischwagens entweder \u00fcber die Zapfwelle eines Traktors oder \u00fcber einen Elektromotor.<\/li>\n<li>Bei Mischern mit Zapfwellenantrieb \u00fcbertr\u00e4gt die mit dem Traktor verbundene Zapfwelle die Drehkraft vom Traktormotor auf das Getriebe.<\/li>\n<li>Bei elektromotorisch angetriebenen Systemen treibt der Motor das Getriebe direkt \u00fcber eine Kupplung an.<\/li>\n<\/ul>\n<p>2. <strong>Drehzahlreduzierung und Drehmomentverst\u00e4rkung<\/strong><\/p>\n<ul>\n<li>Das Getriebe dient dazu, die Geschwindigkeit der eingehenden Rotationskraft zu reduzieren und gleichzeitig das Drehmoment zu erh\u00f6hen. Dies ist f\u00fcr den Antrieb der schweren Mischschaufeln oder Schnecken im Futtermischer unerl\u00e4sslich.<\/li>\n<li>Der Getriebemechanismus, der typischerweise aus Schr\u00e4gverzahnungen, Kegelr\u00e4dern oder Planetengetrieben besteht, reduziert die Drehzahl der Kraftquelle und liefert die optimale Ausgangsgeschwindigkeit, die zum Mischen erforderlich ist.<\/li>\n<\/ul>\n<p>3. <strong>Rotation der Schnecken oder Mischbl\u00e4tter<\/strong><\/p>\n<ul>\n<li>Die Ausgangswelle des Getriebes ist mit der Mischschnecke oder den Mischbl\u00e4ttern verbunden, den Kernkomponenten, die f\u00fcr die Bewegung und Mischung der Futterzutaten verantwortlich sind.<\/li>\n<li>Wenn das Getriebe die Kraft an die Schnecke oder die Klingen \u00fcbertr\u00e4gt, beginnt sich der Mischmechanismus zu drehen und hebt und wirbelt das Futtermaterial, um eine gleichm\u00e4\u00dfige Verteilung und gr\u00fcndliche Durchmischung zu gew\u00e4hrleisten.<\/li>\n<li>Durch die Drehbewegung der Schnecken oder Klingen entsteht ein Schereffekt, der Klumpen von Futterzutaten aufbricht und so eine gleichm\u00e4\u00dfige Mischung gew\u00e4hrleistet.<\/li>\n<\/ul>\n<p>4. <strong>Effizientes Materialhandling<\/strong><\/p>\n<ul>\n<li>Das Getriebe sorgt f\u00fcr eine gleichm\u00e4\u00dfige und kontrollierbare Drehzahl der Schnecken oder Klingen und erm\u00f6glicht so eine effiziente Materialhandhabung.<\/li>\n<li>Die Konstruktion des Getriebes erm\u00f6glicht eine gr\u00fcndliche Durchmischung der Futtermittel, ohne dass es zu einer \u00fcberm\u00e4\u00dfigen Belastung oder \u00dcberlastung des Motors oder der Zapfwelle kommt.<\/li>\n<\/ul>\n<p>5. <strong>Kontinuierlicher Leistungsfluss<\/strong><\/p>\n<ul>\n<li>Ein Futtermischwagengetriebe sorgt w\u00e4hrend des Betriebs f\u00fcr einen kontinuierlichen Kraftfluss vom Eingang (Zapfwelle oder Motor) zum Ausgang (Mischwerk).<\/li>\n<li>Je nach Ausf\u00fchrung kann das Getriebe \u00fcber Funktionen wie einen \u00dcberlastungsschutz verf\u00fcgen, der sicherstellt, dass eine \u00fcberm\u00e4\u00dfige Belastung oder Blockierung des Systems das Getriebe nicht besch\u00e4digt.<\/li>\n<\/ul>\n<p>Zusammenfassend l\u00e4sst sich sagen, dass das Funktionsprinzip von Futtermischmaschinengetrieben die Kraft\u00fcbertragung vom Traktor oder Motor auf das Getriebe beinhaltet. Dieses reduziert die Drehzahl und erh\u00f6ht das Drehmoment zum Antrieb der Mischschnecken oder -messer. Das Getriebe sorgt f\u00fcr eine effiziente und gleichm\u00e4\u00dfige Mischung, indem es die Messer oder Schnecken antreibt und so sicherstellt, dass die Futterzutaten gleichm\u00e4\u00dfig bis zur gew\u00fcnschten Konsistenz vermischt werden. Eine ordnungsgem\u00e4\u00dfe Schmierung und K\u00fchlung tragen ebenfalls zum reibungslosen Betrieb des Getriebes w\u00e4hrend des gesamten Prozesses bei.<\/p>\n<p><img loading=\"lazy\" decoding=\"async\" class=\"alignnone  wp-image-2557\" src=\"https:\/\/fmp-components.com\/wp-content\/uploads\/2025\/01\/Horizontal-Feed-Mixer-Gearbox-321.webp\" alt=\"Horizontal-Futtermischer-Getriebe\" width=\"928\" height=\"928\" title=\"\" srcset=\"https:\/\/fmp-components.com\/wp-content\/uploads\/2025\/01\/Horizontal-Feed-Mixer-Gearbox-321.webp 928w, https:\/\/fmp-components.com\/wp-content\/uploads\/2025\/01\/Horizontal-Feed-Mixer-Gearbox-321-480x480.webp 480w\" sizes=\"(min-width: 0px) and (max-width: 480px) 480px, (min-width: 481px) 928px, 100vw\" \/><\/p>\n<h3>\u00dcber FMP<\/h3>\n<p>FMP mit Hauptsitz in Italien ist ein f\u00fchrender Hersteller, der f\u00fcr seine Expertise in der Konstruktion, Entwicklung und Produktion von Hochleistungsgetrieben mit besonderem Schwerpunkt auf dem Landmaschinensektor bekannt ist. Mit seinem Ruf f\u00fcr Pr\u00e4zisionstechnik, innovative L\u00f6sungen und unersch\u00fctterliche Zuverl\u00e4ssigkeit hat sich FMP zu einem vertrauensw\u00fcrdigen Partner entwickelt, der die sich wandelnden Anforderungen der Landwirtschaft und Industrie erf\u00fcllt. Unser vielf\u00e4ltiges Produktsortiment umfasst Spezialgetriebe f\u00fcr Rasenm\u00e4her, Zapfwellen und andere wichtige Komponenten, die alle sorgf\u00e4ltig konstruiert wurden, um ma\u00dfgeschneiderte L\u00f6sungen f\u00fcr ein breites Anwendungsspektrum zu bieten.<\/p>\n<p>Wir bei FMP wissen, dass jeder Kunde individuelle Anforderungen und Herausforderungen hat. Deshalb bieten wir ma\u00dfgeschneiderte L\u00f6sungen an, ob f\u00fcr einzelne Komponenten oder vollst\u00e4ndig integrierte Systeme. Wir arbeiten eng mit unseren Kunden zusammen, um sicherzustellen, dass jede L\u00f6sung nicht nur effektiv, sondern auch effizient ist und sowohl Leistung als auch Wert optimiert. Unser Engagement f\u00fcr schnelle, professionelle Antworten und kompetente Beratung gew\u00e4hrleistet, dass jede Anfrage mit gr\u00f6\u00dfter Sorgfalt und Pr\u00e4zision bearbeitet wird und so die bestm\u00f6glichen Ergebnisse erzielt werden.<\/p>\n<p>Wir legen Wert auf offene und kontinuierliche Kommunikation w\u00e4hrend des gesamten Produktentwicklungsprozesses. Unser engagiertes Team arbeitet direkt mit unseren Kunden zusammen, um deren spezifische Bed\u00fcrfnisse umfassend zu verstehen und liefert wertvolle Einblicke und Empfehlungen f\u00fcr optimale L\u00f6sungen. Ob bei der Entwicklung innovativer Produkte oder der Abwicklung laufender Auftr\u00e4ge \u2013 FMP ist stets bestrebt, hochwertige, pr\u00e4zise gefertigte L\u00f6sungen termingerecht zu liefern. Unser Ziel ist es, unseren Kunden den besten Service und die besten Ergebnisse zu bieten und mit jedem Projekt die Erwartungen zu \u00fcbertreffen.<\/p>\n<p>Qualit\u00e4t ist der Grundstein der Gesch\u00e4ftst\u00e4tigkeit von FMP. Wir halten uns an h\u00f6chste Fertigungsstandards und setzen strenge Qualit\u00e4tskontrollma\u00dfnahmen ein, um sicherzustellen, dass jedes Produkt die Industriestandards nicht nur erf\u00fcllt, sondern \u00fcbertrifft. Dieses unersch\u00fctterliche Engagement f\u00fcr Qualit\u00e4t, kombiniert mit unseren Grundwerten Integrit\u00e4t, Teamwork und Beharrlichkeit, hat es uns erm\u00f6glicht, langj\u00e4hrige, vertrauensvolle Beziehungen zu Kunden in fast 30 L\u00e4ndern weltweit aufzubauen.<\/p>\n<p>FMP ist stets offen f\u00fcr globale Partnerschaften und bietet kompetente Beratung und ma\u00dfgeschneiderte L\u00f6sungen, die den vielf\u00e4ltigen Bed\u00fcrfnissen unserer Kunden gerecht werden. Wir liefern nicht nur Produkte, sondern bauen langfristige Beziehungen auf, die zum Erfolg jedes Projekts beitragen. Ob Sie innovative L\u00f6sungen f\u00fcr eine neue Initiative oder fortlaufende Unterst\u00fctzung f\u00fcr ein bestehendes System ben\u00f6tigen \u2013 FMP bew\u00e4ltigt Ihre technischen Herausforderungen und sichert Ihren anhaltenden Erfolg.<\/p>\n<p><img loading=\"lazy\" decoding=\"async\" class=\"alignnone size-full wp-image-1861\" src=\"https:\/\/fmp-components.com\/wp-content\/uploads\/2024\/12\/Other-Agricultural-Gearboxes.webp\" sizes=\"(min-width: 0px) and (max-width: 480px) 480px, (min-width: 481px) and (max-width: 980px) 980px, (min-width: 981px) 1200px, 100vw\" srcset=\"https:\/\/fmp-components.com\/wp-content\/uploads\/2024\/12\/Other-Agricultural-Gearboxes.webp 1200w, https:\/\/fmp-components.com\/wp-content\/uploads\/2024\/12\/Other-Agricultural-Gearboxes-980x1143.webp 980w, https:\/\/fmp-components.com\/wp-content\/uploads\/2024\/12\/Other-Agricultural-Gearboxes-480x560.webp 480w\" alt=\"Altri-cambi-agricoli\" width=\"1200\" height=\"1400\" title=\"\"><\/p>\n<p>Autor: CX<\/p>\n<p>&nbsp;<\/p>","protected":false},"excerpt":{"rendered":"<p>Horizontal Feed Mixer Gearbox D732A Dimensions Product Specifications: Product Description Horizontal Feed Mixer Gearbox-Replacement of Comer D732A Gearbox Product details Contact us for power at a different RPM The gearbox is delivered without oil and must be filled before first use. First oil change after 50-70 operating hours, then after 500-700 operating hours or at [&hellip;]<\/p>","protected":false},"featured_media":2553,"comment_status":"open","ping_status":"closed","template":"","meta":{"_et_pb_use_builder":"","_et_pb_old_content":"","_et_gb_content_width":""},"product_brand":[],"product_cat":[60],"product_tag":[],"class_list":{"0":"post-2552","1":"product","2":"type-product","3":"status-publish","4":"has-post-thumbnail","6":"product_cat-feed-mixer-gearbox","8":"first","9":"instock","10":"shipping-taxable","11":"product-type-simple"},"_links":{"self":[{"href":"https:\/\/fmp-components.com\/de\/wp-json\/wp\/v2\/product\/2552","targetHints":{"allow":["GET"]}}],"collection":[{"href":"https:\/\/fmp-components.com\/de\/wp-json\/wp\/v2\/product"}],"about":[{"href":"https:\/\/fmp-components.com\/de\/wp-json\/wp\/v2\/types\/product"}],"replies":[{"embeddable":true,"href":"https:\/\/fmp-components.com\/de\/wp-json\/wp\/v2\/comments?post=2552"}],"wp:featuredmedia":[{"embeddable":true,"href":"https:\/\/fmp-components.com\/de\/wp-json\/wp\/v2\/media\/2553"}],"wp:attachment":[{"href":"https:\/\/fmp-components.com\/de\/wp-json\/wp\/v2\/media?parent=2552"}],"wp:term":[{"taxonomy":"product_brand","embeddable":true,"href":"https:\/\/fmp-components.com\/de\/wp-json\/wp\/v2\/product_brand?post=2552"},{"taxonomy":"product_cat","embeddable":true,"href":"https:\/\/fmp-components.com\/de\/wp-json\/wp\/v2\/product_cat?post=2552"},{"taxonomy":"product_tag","embeddable":true,"href":"https:\/\/fmp-components.com\/de\/wp-json\/wp\/v2\/product_tag?post=2552"}],"curies":[{"name":"wp","href":"https:\/\/api.w.org\/{rel}","templated":true}]}}