{"id":2422,"date":"2025-01-01T06:49:10","date_gmt":"2025-01-01T06:49:10","guid":{"rendered":"https:\/\/fmp-components.com\/?page_id=8"},"modified":"2025-01-01T06:49:10","modified_gmt":"2025-01-01T06:49:10","slug":"flail-mower-gearboxes-replacement-of-comer-code-t-292b-1-861","status":"publish","type":"product","link":"https:\/\/fmp-components.com\/de\/product\/flail-mower-gearboxes-replacement-of-comer-code-t-292b-1-861\/","title":{"rendered":"Schlegelm\u00e4hergetriebe \u2013 Ersatz f\u00fcr Comer Code T-292B 1,86:1"},"content":{"rendered":"<p><img loading=\"lazy\" decoding=\"async\" class=\"size-full wp-image-2429 aligncenter\" src=\"https:\/\/fmp-components.com\/wp-content\/uploads\/2025\/01\/Flail-Mower-Gearboxes-Replacement-of-Comer-Code-T-292B.webp\" alt=\"Schlegelm\u00e4her-Getriebe-Austausch-von-Comer-Code-T-292B\" width=\"600\" height=\"491\" title=\"\" srcset=\"https:\/\/fmp-components.com\/wp-content\/uploads\/2025\/01\/Flail-Mower-Gearboxes-Replacement-of-Comer-Code-T-292B.webp 600w, https:\/\/fmp-components.com\/wp-content\/uploads\/2025\/01\/Flail-Mower-Gearboxes-Replacement-of-Comer-Code-T-292B-480x393.webp 480w\" sizes=\"(min-width: 0px) and (max-width: 480px) 480px, (min-width: 481px) 600px, 100vw\" \/><\/p>\n<h2>Technische Daten des Schlegelm\u00e4her-Getriebes T-292B (1,86:1)<\/h2>\n<p>&nbsp;<\/p>\n<table style=\"width: 99.1544%; height: 163px;\" width=\"136\">\n<tbody>\n<tr>\n<td style=\"width: 49.3464%;\" width=\"72\"><img loading=\"lazy\" decoding=\"async\" class=\"alignnone size-full wp-image-2428\" src=\"https:\/\/fmp-components.com\/wp-content\/uploads\/2025\/01\/Flail-Mower-Gearbox-T-292B-Specifications-1.webp\" alt=\"Schlegelm\u00e4her-Getriebe-T-292B-Spezifikationen-1\" width=\"600\" height=\"350\" title=\"\" srcset=\"https:\/\/fmp-components.com\/wp-content\/uploads\/2025\/01\/Flail-Mower-Gearbox-T-292B-Specifications-1.webp 600w, https:\/\/fmp-components.com\/wp-content\/uploads\/2025\/01\/Flail-Mower-Gearbox-T-292B-Specifications-1-480x280.webp 480w\" sizes=\"(min-width: 0px) and (max-width: 480px) 480px, (min-width: 481px) 600px, 100vw\" \/><\/td>\n<td style=\"width: 49.8911%;\" width=\"64\"><img loading=\"lazy\" decoding=\"async\" class=\"alignnone size-full wp-image-2427\" src=\"https:\/\/fmp-components.com\/wp-content\/uploads\/2025\/01\/Flail-Mower-Gearbox-T-292B-Specifications-2.webp\" alt=\"Schlegelm\u00e4her-Getriebe-T-292B-Spezifikationen-2\" width=\"600\" height=\"354\" title=\"\" srcset=\"https:\/\/fmp-components.com\/wp-content\/uploads\/2025\/01\/Flail-Mower-Gearbox-T-292B-Specifications-2.webp 600w, https:\/\/fmp-components.com\/wp-content\/uploads\/2025\/01\/Flail-Mower-Gearbox-T-292B-Specifications-2-480x283.webp 480w\" sizes=\"(min-width: 0px) and (max-width: 480px) 480px, (min-width: 481px) 600px, 100vw\" \/><\/td>\n<\/tr>\n<\/tbody>\n<\/table>\n<table class=\"kh-1xzm1su\" border=\"1\" cellspacing=\"0\" cellpadding=\"0\" data-intent=\"lists-product-attributes\" data-test-id=\"attributes-list\">\n<tbody class=\"kh-1ago99h\">\n<tr id=\"alexis#custom#item-id\" class=\"kh-bwvum6\" data-test-id=\"attribute-row\">\n<th class=\"kh-10oizfy\">Produktbeschreibung<\/th>\n<td class=\"kh-1f5nhat\">\n<div class=\"kh-pkx4zo\">Getriebe f\u00fcr Schlegelm\u00e4her \u2013 Austausch des Comer-Codes T-292B 1,86:1<\/div>\n<\/td>\n<\/tr>\n<tr id=\"attProductDetails\" class=\"kh-bwvum6\" data-test-id=\"attribute-row\">\n<th class=\"kh-10oizfy\">Produktdetails<\/th>\n<td class=\"kh-1f5nhat\">\n<ul>\n<li class=\"kh-16zd49f\">Alle Getriebe werden ohne \u00d6l geliefert.<\/li>\n<li class=\"kh-16zd49f\">Zuerst einen \u00d6lwechsel nach 50-70 Betriebsstunden, dann nach 500-700 Betriebsstunden oder mindestens einmal im Jahr.<\/li>\n<li class=\"kh-16zd49f\">Kontaktieren Sie uns f\u00fcr eine Leistung bei einer anderen Drehzahl.<\/li>\n<\/ul>\n<\/td>\n<\/tr>\n<tr id=\"attApplicationRange\" class=\"kh-bwvum6\" data-test-id=\"attribute-row\">\n<th class=\"kh-10oizfy\">Anwendungsbereich<\/th>\n<td class=\"kh-1f5nhat\">\n<ul>\n<li class=\"kh-16zd49f\">Verschiedene (landwirtschaftliche) Anwendungen<\/li>\n<li class=\"kh-16zd49f\">M\u00e4her<\/li>\n<li class=\"kh-16zd49f\">Bodenfr\u00e4sen<\/li>\n<\/ul>\n<\/td>\n<\/tr>\n<tr id=\"attConsistsOf\" class=\"kh-bwvum6\" data-test-id=\"attribute-row\">\n<th class=\"kh-10oizfy\">Besteht aus<\/th>\n<td class=\"kh-1f5nhat\">\n<ul>\n<li class=\"kh-16zd49f\">Getriebe<\/li>\n<li class=\"kh-16zd49f\">Ohne \u00d6l<\/li>\n<\/ul>\n<\/td>\n<\/tr>\n<tr id=\"taContainsOil\" class=\"kh-bwvum6\" data-test-id=\"attribute-row\">\n<th class=\"kh-10oizfy\">Enth\u00e4lt \u00d6l<\/th>\n<td class=\"kh-1f5nhat\">\n<div class=\"kh-pkx4zo\">NEIN<\/div>\n<\/td>\n<\/tr>\n<tr id=\"taMaxOilCapacityL\" class=\"kh-bwvum6\" data-test-id=\"attribute-row\">\n<th class=\"kh-10oizfy\">Max. \u00d6lkapazit\u00e4t<\/th>\n<td class=\"kh-1f5nhat\">\n<div class=\"kh-pkx4zo\">2,5 l<\/div>\n<\/td>\n<\/tr>\n<tr id=\"taMaxOilChangeIntervalH\" class=\"kh-bwvum6\" data-test-id=\"attribute-row\">\n<th class=\"kh-10oizfy\">Max. \u00d6lwechselintervall<\/th>\n<td class=\"kh-1f5nhat\">\n<div class=\"kh-pkx4zo\">500 h<\/div>\n<\/td>\n<\/tr>\n<tr id=\"taOilSAEViscosityGrade\" class=\"kh-bwvum6\" data-test-id=\"attribute-row\">\n<th class=\"kh-10oizfy\">SAE-Viskosit\u00e4tsklasse des \u00d6ls<\/th>\n<td class=\"kh-1f5nhat\">\n<div class=\"kh-pkx4zo\">80W-90<\/div>\n<\/td>\n<\/tr>\n<tr id=\"taHousingMaterial_16\" class=\"kh-bwvum6\" data-test-id=\"attribute-row\">\n<th class=\"kh-10oizfy\">Geh\u00e4usematerial<\/th>\n<td class=\"kh-1f5nhat\">\n<div class=\"kh-pkx4zo\">Gusseisen GGG40<\/div>\n<\/td>\n<\/tr>\n<tr id=\"taWeightKg_75\" class=\"kh-bwvum6\" data-test-id=\"attribute-row\">\n<th class=\"kh-10oizfy\">Gewicht<\/th>\n<td class=\"kh-1f5nhat\">\n<div class=\"kh-pkx4zo\">33 kg<\/div>\n<\/td>\n<\/tr>\n<tr id=\"taGearArrangementInc\" class=\"kh-bwvum6\" data-test-id=\"attribute-row\">\n<th class=\"kh-10oizfy\">Getriebeanordnung Steigend<\/th>\n<td class=\"kh-1f5nhat\">\n<div class=\"kh-pkx4zo\">33 &#8211; 34<\/div>\n<\/td>\n<\/tr>\n<tr id=\"taInputPowerKwHpInc\" class=\"kh-bwvum6\" data-test-id=\"attribute-row\">\n<th class=\"kh-10oizfy\">Eingangsleistung kW \/ PS Steigend<\/th>\n<td class=\"kh-1f5nhat\">\n<div class=\"kh-pkx4zo\">58,9 \/ 80 kW\/PS<\/div>\n<\/td>\n<\/tr>\n<tr id=\"taInputShaftIncreasi\" class=\"kh-bwvum6\" data-test-id=\"attribute-row\">\n<th class=\"kh-10oizfy\">Eingangswelle Erh\u00f6hung<\/th>\n<td class=\"kh-1f5nhat\">\n<div class=\"kh-pkx4zo\">Z<\/div>\n<\/td>\n<\/tr>\n<tr id=\"taNSOutputTorqueDaNm_1\" class=\"kh-bwvum6\" data-test-id=\"attribute-row\">\n<th class=\"kh-10oizfy\">Ausgangsdrehmoment DaNm zunehmend<\/th>\n<td class=\"kh-1f5nhat\">\n<div class=\"kh-pkx4zo\">54,2 daNm<\/div>\n<\/td>\n<\/tr>\n<tr id=\"taRatioIncreasing\" class=\"kh-bwvum6\" data-test-id=\"attribute-row\">\n<th class=\"kh-10oizfy\">Verh\u00e4ltniserh\u00f6hung<\/th>\n<td class=\"kh-1f5nhat\">\n<div class=\"kh-pkx4zo\">1: 1.86<\/div>\n<\/td>\n<\/tr>\n<tr id=\"taRatioReducing\" class=\"kh-bwvum6\" data-test-id=\"attribute-row\">\n<th class=\"kh-10oizfy\">Verh\u00e4ltnisreduzierung<\/th>\n<td class=\"kh-1f5nhat\">\n<div class=\"kh-pkx4zo\">1.86: 1<\/div>\n<\/td>\n<\/tr>\n<tr id=\"taShaftX\" class=\"kh-bwvum6\" data-test-id=\"attribute-row\">\n<th class=\"kh-10oizfy\">Welle X<\/th>\n<td class=\"kh-1f5nhat\">\n<div class=\"kh-pkx4zo\">35h7<\/div>\n<\/td>\n<\/tr>\n<tr id=\"taShaftZ\" class=\"kh-bwvum6\" data-test-id=\"attribute-row\">\n<th class=\"kh-10oizfy\">Welle Z<\/th>\n<td class=\"kh-1f5nhat\">\n<div class=\"kh-pkx4zo\">1 3\/8\u2033 (6) (A)<\/div>\n<\/td>\n<\/tr>\n<\/tbody>\n<\/table>\n<h2>Merkmale des Schlegelm\u00e4her-Getriebes T-292B (1,86:1)<\/h2>\n<p>Das Schlegelm\u00e4her-Getriebe T-292B mit einem \u00dcbersetzungsverh\u00e4ltnis von 1,86:1 ist auf hohe Effizienz und Langlebigkeit bei verschiedenen M\u00e4hanwendungen ausgelegt, insbesondere in der Landwirtschaft, im Landschaftsbau und in der Industrie. Nachfolgend sind die wichtigsten Merkmale dieses Getriebes aufgef\u00fchrt:<\/p>\n<p><strong>Optimiertes \u00dcbersetzungsverh\u00e4ltnis f\u00fcr optimale Kraft\u00fcbertragung<\/strong><\/p>\n<p>Das \u00dcbersetzungsverh\u00e4ltnis von 1,86:1 im Getriebe des T-292B gew\u00e4hrleistet eine effiziente Kraft\u00fcbertragung von der Zapfwelle des Traktors auf die M\u00e4hwerksmesser. Dieses Verh\u00e4ltnis sorgt f\u00fcr ein ausgewogenes Verh\u00e4ltnis zwischen Drehmoment und Drehzahl, sodass der Schlegelm\u00e4her Gras, Unkraut und leichtes Gestr\u00fcpp effektiv schneidet und gleichzeitig eine bessere Kontrolle \u00fcber den M\u00e4hvorgang erm\u00f6glicht. Dank des h\u00f6heren Drehmoments eignet sich das Getriebe auch f\u00fcr die Bearbeitung von robusterem Bewuchs und verbessert die Schnittleistung.<\/p>\n<p><strong>Robuste Konstruktion f\u00fcr Langlebigkeit<\/strong><\/p>\n<p>Das Getriebe T-292B ist aus hochfesten Materialien gefertigt und f\u00fcr den Einsatz unter h\u00e4rtesten Bedingungen ausgelegt. Sein robustes Geh\u00e4use, die verst\u00e4rkten Zahnr\u00e4der und die pr\u00e4zisionsgefertigten Komponenten sind speziell f\u00fcr hohe Belastungen in anspruchsvollen Umgebungen, wie z. B. unwegsamem Gel\u00e4nde, konzipiert. Diese robuste Konstruktion gew\u00e4hrleistet eine lange Lebensdauer und reduziert den Bedarf an h\u00e4ufigen Reparaturen oder Ersatzteilen.<br \/>\n<strong>Hohe Drehmomentkapazit\u00e4t<\/strong><\/p>\n<p>Mit seinem optimierten \u00dcbersetzungsverh\u00e4ltnis von 1,86:1 bietet das Getriebe T-292B ein hohes Drehmoment. Dadurch kann es die Kraft effizient auf die M\u00e4hwerksmesser \u00fcbertragen und so auch dichtes Gras, Unkraut und kleine Str\u00e4ucher problemlos m\u00e4hen. Das erh\u00f6hte Drehmoment gew\u00e4hrleistet einen ruhigen Lauf, selbst unter schwierigen M\u00e4hbedingungen, und macht das Getriebe zur idealen Wahl f\u00fcr vielf\u00e4ltige landwirtschaftliche und industrielle Aufgaben.<\/p>\n<p><strong>Reduzierte Vibrationen und Ger\u00e4usche<\/strong><\/p>\n<p>Das Getriebe T-292B ist auf einen ruhigen und stabilen Betrieb mit reduzierten Vibrationen und Ger\u00e4uschen ausgelegt. Die pr\u00e4zisionsgefertigten Zahnr\u00e4der minimieren die Reibung und sorgen f\u00fcr eine gleichm\u00e4\u00dfige Kraftverteilung. Dies f\u00fchrt zu einem leiseren Betrieb und geringerem Verschlei\u00df. So wird das M\u00e4hen komfortabler und effizienter, und die Lebensdauer des Getriebes und der zugeh\u00f6rigen Komponenten wird verl\u00e4ngert.<\/p>\n<p><strong>Geringer Wartungsaufwand und zuverl\u00e4ssige Leistung<\/strong><\/p>\n<p>Das Getriebe T-292B ist auf geringen Wartungsaufwand und zuverl\u00e4ssige Leistung ausgelegt. Es verf\u00fcgt \u00fcber abgedichtete Lager und Pr\u00e4zisionsbauteile, wodurch der Bedarf an h\u00e4ufiger Schmierung und Wartung reduziert wird. Regelm\u00e4\u00dfige \u00d6lwechsel und gelegentliche Inspektionen gen\u00fcgen in der Regel, um eine optimale Leistung zu gew\u00e4hrleisten. Diese wartungsarme Konstruktion spart langfristig Zeit und senkt die Betriebskosten.<\/p>\n<p>Das Schlegelm\u00e4her-Getriebe T-292B (1,86:1) bietet eine ausgewogene Kombination aus Leistung, Langlebigkeit und Wartungsarmut. Dank seiner optimierten \u00dcbersetzung, des hohen Drehmoments und der robusten Bauweise eignet es sich f\u00fcr anspruchsvolle M\u00e4harbeiten, w\u00e4hrend der ruhige Lauf und die reduzierten Vibrationen den Bedienkomfort deutlich verbessern. Dieses Getriebe ist ideal f\u00fcr alle, die eine effiziente, zuverl\u00e4ssige und kosteng\u00fcnstige L\u00f6sung f\u00fcr ihren Schlegelm\u00e4her suchen.<\/p>\n<table style=\"width: 99.6423%; height: 10px;\" width=\"136\">\n<tbody>\n<tr style=\"height: 23px;\">\n<td style=\"height: 23px; width: 49.6747%;\" width=\"72\"><img loading=\"lazy\" decoding=\"async\" class=\"alignnone size-full wp-image-2425\" src=\"https:\/\/fmp-components.com\/wp-content\/uploads\/2025\/01\/Agricultural-PTO-Shaft-for-Flail-Mower-Gearbox-41.webp\" alt=\"Landwirtschaftliche Zapfwelle f\u00fcr Schlegelm\u00e4hergetriebe 41\" width=\"900\" height=\"675\" title=\"\" srcset=\"https:\/\/fmp-components.com\/wp-content\/uploads\/2025\/01\/Agricultural-PTO-Shaft-for-Flail-Mower-Gearbox-41.webp 900w, https:\/\/fmp-components.com\/wp-content\/uploads\/2025\/01\/Agricultural-PTO-Shaft-for-Flail-Mower-Gearbox-41-480x360.webp 480w\" sizes=\"(min-width: 0px) and (max-width: 480px) 480px, (min-width: 481px) 900px, 100vw\" \/><\/td>\n<td style=\"height: 23px; width: 49.6746%;\" width=\"64\"><img loading=\"lazy\" decoding=\"async\" class=\"alignnone size-full wp-image-2424\" src=\"https:\/\/fmp-components.com\/wp-content\/uploads\/2025\/01\/Agricultural-PTO-Shaft-for-Flail-Mower-Gearbox-42.webp\" alt=\"Landwirtschaftliche Zapfwelle f\u00fcr Schlegelm\u00e4her-Getriebe 42\" width=\"900\" height=\"675\" title=\"\" srcset=\"https:\/\/fmp-components.com\/wp-content\/uploads\/2025\/01\/Agricultural-PTO-Shaft-for-Flail-Mower-Gearbox-42.webp 900w, https:\/\/fmp-components.com\/wp-content\/uploads\/2025\/01\/Agricultural-PTO-Shaft-for-Flail-Mower-Gearbox-42-480x360.webp 480w\" sizes=\"(min-width: 0px) and (max-width: 480px) 480px, (min-width: 481px) 900px, 100vw\" \/><\/td>\n<\/tr>\n<\/tbody>\n<\/table>\n<h2>Landwirtschaftliche Zapfwelle f\u00fcr Schlegelm\u00e4hergetriebe<\/h2>\n<p>Die Zapfwelle f\u00fcr das Getriebe des Schlegelm\u00e4hers ist eine entscheidende Komponente, die die Kraft vom Zapfwellenantrieb des Traktors auf das Getriebe des Schlegelm\u00e4hers \u00fcbertr\u00e4gt und so einen reibungslosen und effizienten Betrieb gew\u00e4hrleistet. Die Zapfwelle spielt eine wichtige Rolle bei der Verbindung zwischen Traktor und M\u00e4hwerk und der Bereitstellung der f\u00fcr den Antrieb der M\u00e4hwerksmesser ben\u00f6tigten Rotationskraft.<\/p>\n<p>Nachfolgend sind die wichtigsten Merkmale, Vorteile und zu beachtenden Aspekte f\u00fcr die Verwendung einer landwirtschaftlichen Zapfwelle mit einem Schlegelm\u00e4hergetriebe aufgef\u00fchrt:<\/p>\n<p><strong>Energie\u00fcbertragungseffizienz<\/strong><\/p>\n<p>Die Zapfwelle ist so konstruiert, dass sie die Rotationsenergie des Traktormotors effizient auf das Getriebe des Schlegelm\u00e4hers \u00fcbertr\u00e4gt. Die \u00fcber die Zapfwelle \u00fcbertragene Kraft treibt die M\u00e4hwerksmesser an, die Gras, Unkraut und andere Vegetation schneiden. Die Zapfwelle ist f\u00fcr eine optimale Leistung unerl\u00e4sslich und gew\u00e4hrleistet, dass der M\u00e4her mit der richtigen Drehzahl und dem richtigen Drehmoment f\u00fcr ein effektives M\u00e4hergebnis arbeitet.<\/p>\n<ul>\n<li>Durch die hohe Kraft\u00fcbertragungseffizienz wird sichergestellt, dass die M\u00e4hwerksmesser die notwendige Leistung f\u00fcr einen reibungslosen Betrieb erhalten.<\/li>\n<li>Die Zapfwelle eignet sich f\u00fcr hohe Drehmomentanforderungen und ist so konstruiert, dass sie den harten Bedingungen in landwirtschaftlichen Umgebungen standh\u00e4lt.<\/li>\n<\/ul>\n<p><strong>Haltbarkeit und St\u00e4rke<\/strong><\/p>\n<p>Zapfwellen f\u00fcr landwirtschaftliche Ger\u00e4te sind f\u00fcr den Einsatz unter rauen Bedingungen, wie z. B. im h\u00e4ufigen Gebrauch in anspruchsvollen landwirtschaftlichen Umgebungen, ausgelegt. Die Zapfwelle f\u00fcr Schlegelm\u00e4hergetriebe besteht aus hochfesten Materialien wie Stahl oder Kohlefaser, um auch unter hoher Belastung bruch- und verbiegefest zu sein. Die Welle ist f\u00fcr den Dauerbetrieb konzipiert und liefert dem M\u00e4hwerk zuverl\u00e4ssig Leistung, selbst unter extremen Belastungen.<\/p>\n<ul>\n<li>Die robuste Konstruktion gew\u00e4hrleistet Langlebigkeit und minimalen Verschlei\u00df auch bei kontinuierlichem Betrieb.<\/li>\n<li>Die robuste Konstruktion ist widerstandsf\u00e4hig gegen die Belastungen beim M\u00e4hen auf Feldern, an Stra\u00dfenr\u00e4ndern oder in der Forstwirtschaft.<\/li>\n<\/ul>\n<p><strong>Sicherheitsfunktionen<\/strong><\/p>\n<p>Sicherheit ist ein entscheidender Aspekt beim Einsatz von Zapfwellen in der Landwirtschaft. Die Zapfwelle f\u00fcr Schlegelm\u00e4her ist mit Schutzvorrichtungen und \u00dcberlastschutz ausgestattet. Diese Merkmale sch\u00fctzen den Bediener und andere Personen in der N\u00e4he vor potenziellen Gefahren wie rotierenden Teilen, herumfliegenden Teilen oder einem pl\u00f6tzlichen Auskuppeln der Welle.<\/p>\n<ul>\n<li>Schutzvorrichtungen verhindern einen versehentlichen Kontakt mit rotierenden Teilen.<\/li>\n<li>Der \u00dcberlastschutz hilft, Sch\u00e4den an der Zapfwelle und am Getriebe bei unerwarteten Ereignissen wie Blockieren oder \u00fcberm\u00e4\u00dfiger Belastung zu verhindern.<\/li>\n<\/ul>\n<p><strong>Verstellbare L\u00e4nge f\u00fcr optimale Kompatibilit\u00e4t<\/strong><\/p>\n<p>Zapfwellen f\u00fcr Schlegelm\u00e4hergetriebe sind l\u00e4ngenverstellbar, um verschiedene Traktorgr\u00f6\u00dfen und M\u00e4herkonfigurationen zu ber\u00fccksichtigen. Die L\u00e4ngenverstellung gew\u00e4hrleistet die korrekte Verbindung zwischen Traktor-Zapfwelle und Schlegelm\u00e4hergetriebe. Dank dieser Verstellbarkeit l\u00e4sst sich die Zapfwelle an verschiedene Modelle und Marken anpassen und ist somit vielseitig einsetzbar.<\/p>\n<ul>\n<li>Das Teleskopdesign erm\u00f6glicht eine einfache L\u00e4ngenverstellung.<\/li>\n<li>Die individuell anpassbare Passform gew\u00e4hrleistet die Kompatibilit\u00e4t mit verschiedenen Traktormodellen und M\u00e4hwerksgetrieben.<\/li>\n<\/ul>\n<p><strong>Einfache Installation und Wartung<\/strong><\/p>\n<p>Die Montage und Wartung einer Zapfwelle f\u00fcr landwirtschaftliche Ger\u00e4te ist relativ einfach. Die Zapfwelle ist \u00fcblicherweise mit Kreuzgelenken und Schnellkupplungen ausgestattet, wodurch sie sich leicht an das Getriebe des Schlegelm\u00e4hers und den Traktor an- und abkoppeln l\u00e4sst. Zur regelm\u00e4\u00dfigen Wartung geh\u00f6ren die \u00dcberpr\u00fcfung der Welle auf Verschlei\u00df, das Schmieren der Gelenke und die Sicherstellung, dass die Schutzabdeckungen angebracht sind.<\/p>\n<ul>\n<li>Schnellkupplungen erleichtern das Anbringen und Abnehmen.<\/li>\n<li>Der geringe Wartungsaufwand beschr\u00e4nkt sich auf gelegentliches Schmieren und Sicherheits\u00fcberpr\u00fcfungen.<\/li>\n<\/ul>\n<p>Die Zapfwelle f\u00fcr das Getriebe des Schlegelm\u00e4hers ist eine unverzichtbare Komponente f\u00fcr den effizienten Betrieb des Schlegelm\u00e4hers. Sie \u00fcbertr\u00e4gt die notwendige Kraft vom Traktor auf den M\u00e4her und erm\u00f6glicht so eine effektive Vegetationspflege. Dank ihrer robusten Konstruktion, Sicherheitsmerkmale, der verstellbaren L\u00e4nge und der einfachen Wartung ist die Zapfwelle f\u00fcr anspruchsvolle landwirtschaftliche Aufgaben ausgelegt und gew\u00e4hrleistet gleichzeitig die Sicherheit des Bedieners und die Langlebigkeit der Maschine. Bei der Auswahl einer Zapfwelle ist die Kompatibilit\u00e4t mit Ihrem Traktor und dem Getriebe des Schlegelm\u00e4hers f\u00fcr eine optimale Leistung entscheidend.<\/p>\n<p><img loading=\"lazy\" decoding=\"async\" class=\"alignnone size-full wp-image-2426\" src=\"https:\/\/fmp-components.com\/wp-content\/uploads\/2025\/01\/Some-of-Flail-Mower-Gearbox-Common-Problems.webp\" alt=\"H\u00e4ufige Probleme mit dem Getriebe von Schlegelm\u00e4hern\" width=\"1906\" height=\"1048\" title=\"\" srcset=\"https:\/\/fmp-components.com\/wp-content\/uploads\/2025\/01\/Some-of-Flail-Mower-Gearbox-Common-Problems.webp 1906w, https:\/\/fmp-components.com\/wp-content\/uploads\/2025\/01\/Some-of-Flail-Mower-Gearbox-Common-Problems-1280x704.webp 1280w, https:\/\/fmp-components.com\/wp-content\/uploads\/2025\/01\/Some-of-Flail-Mower-Gearbox-Common-Problems-980x539.webp 980w, https:\/\/fmp-components.com\/wp-content\/uploads\/2025\/01\/Some-of-Flail-Mower-Gearbox-Common-Problems-480x264.webp 480w\" sizes=\"(min-width: 0px) and (max-width: 480px) 480px, (min-width: 481px) and (max-width: 980px) 980px, (min-width: 981px) and (max-width: 1280px) 1280px, (min-width: 1281px) 1906px, 100vw\" \/><\/p>\n<h3>\u00dcber FMP<\/h3>\n<p>FMP mit Hauptsitz in Italien ist ein f\u00fchrender Hersteller, der f\u00fcr seine Expertise in der Konstruktion, Entwicklung und Produktion von Hochleistungsgetrieben mit besonderem Schwerpunkt auf dem Landmaschinensektor bekannt ist. Mit seinem Ruf f\u00fcr Pr\u00e4zisionstechnik, innovative L\u00f6sungen und unersch\u00fctterliche Zuverl\u00e4ssigkeit hat sich FMP zu einem vertrauensw\u00fcrdigen Partner entwickelt, der die sich wandelnden Anforderungen der Landwirtschaft und Industrie erf\u00fcllt. Unser vielf\u00e4ltiges Produktsortiment umfasst Spezialgetriebe f\u00fcr Rasenm\u00e4her, Zapfwellen und andere wichtige Komponenten, die alle sorgf\u00e4ltig konstruiert wurden, um ma\u00dfgeschneiderte L\u00f6sungen f\u00fcr ein breites Anwendungsspektrum zu bieten.<\/p>\n<p>Wir bei FMP wissen, dass jeder Kunde individuelle Anforderungen und Herausforderungen hat. Deshalb bieten wir ma\u00dfgeschneiderte L\u00f6sungen an, ob f\u00fcr einzelne Komponenten oder vollst\u00e4ndig integrierte Systeme. Wir arbeiten eng mit unseren Kunden zusammen, um sicherzustellen, dass jede L\u00f6sung nicht nur effektiv, sondern auch effizient ist und sowohl Leistung als auch Wert optimiert. Unser Engagement f\u00fcr schnelle, professionelle Antworten und kompetente Beratung gew\u00e4hrleistet, dass jede Anfrage mit gr\u00f6\u00dfter Sorgfalt und Pr\u00e4zision bearbeitet wird und so die bestm\u00f6glichen Ergebnisse erzielt werden.<\/p>\n<p>Wir legen Wert auf offene und kontinuierliche Kommunikation w\u00e4hrend des gesamten Produktentwicklungsprozesses. Unser engagiertes Team arbeitet direkt mit unseren Kunden zusammen, um deren spezifische Bed\u00fcrfnisse umfassend zu verstehen und liefert wertvolle Einblicke und Empfehlungen f\u00fcr optimale L\u00f6sungen. Ob bei der Entwicklung innovativer Produkte oder der Abwicklung laufender Auftr\u00e4ge \u2013 FMP ist stets bestrebt, hochwertige, pr\u00e4zise gefertigte L\u00f6sungen termingerecht zu liefern. Unser Ziel ist es, unseren Kunden den besten Service und die besten Ergebnisse zu bieten und mit jedem Projekt die Erwartungen zu \u00fcbertreffen.<\/p>\n<p>Qualit\u00e4t ist der Grundstein der Gesch\u00e4ftst\u00e4tigkeit von FMP. Wir halten uns an h\u00f6chste Fertigungsstandards und setzen strenge Qualit\u00e4tskontrollma\u00dfnahmen ein, um sicherzustellen, dass jedes Produkt die Industriestandards nicht nur erf\u00fcllt, sondern \u00fcbertrifft. Dieses unersch\u00fctterliche Engagement f\u00fcr Qualit\u00e4t, kombiniert mit unseren Grundwerten Integrit\u00e4t, Teamwork und Beharrlichkeit, hat es uns erm\u00f6glicht, langj\u00e4hrige, vertrauensvolle Beziehungen zu Kunden in fast 30 L\u00e4ndern weltweit aufzubauen.<\/p>\n<p>FMP ist stets offen f\u00fcr globale Partnerschaften und bietet kompetente Beratung und ma\u00dfgeschneiderte L\u00f6sungen, die den vielf\u00e4ltigen Bed\u00fcrfnissen unserer Kunden gerecht werden. Wir liefern nicht nur Produkte, sondern bauen langfristige Beziehungen auf, die zum Erfolg jedes Projekts beitragen. Ob Sie innovative L\u00f6sungen f\u00fcr eine neue Initiative oder fortlaufende Unterst\u00fctzung f\u00fcr ein bestehendes System ben\u00f6tigen \u2013 FMP bew\u00e4ltigt Ihre technischen Herausforderungen und sichert Ihren anhaltenden Erfolg.<\/p>\n<p><img loading=\"lazy\" decoding=\"async\" class=\"alignnone size-full wp-image-1861\" src=\"https:\/\/fmp-components.com\/wp-content\/uploads\/2024\/12\/Other-Agricultural-Gearboxes.webp\" sizes=\"(min-width: 0px) and (max-width: 480px) 480px, (min-width: 481px) and (max-width: 980px) 980px, (min-width: 981px) 1200px, 100vw\" srcset=\"https:\/\/fmp-components.com\/wp-content\/uploads\/2024\/12\/Other-Agricultural-Gearboxes.webp 1200w, https:\/\/fmp-components.com\/wp-content\/uploads\/2024\/12\/Other-Agricultural-Gearboxes-980x1143.webp 980w, https:\/\/fmp-components.com\/wp-content\/uploads\/2024\/12\/Other-Agricultural-Gearboxes-480x560.webp 480w\" alt=\"Altri-cambi-agricoli\" width=\"1200\" height=\"1400\" title=\"\"><\/p>\n<p>Autor: CX<\/p>","protected":false},"excerpt":{"rendered":"<p>Specifications of Flail Mower Gearbox T-292B (1.86:1) &nbsp; Product Description Flail Mower Gearboxes &#8211; Replacement of Comer Code T-292B 1.86:1 Product details All gearboxes are supplied without oil. First, oil change after 50-70 operating hours, then after 500-700 operating hours or at least once a year. Contact us for power at a different RPM. Application [&hellip;]<\/p>","protected":false},"featured_media":2429,"comment_status":"open","ping_status":"closed","template":"","meta":{"_et_pb_use_builder":"","_et_pb_old_content":"","_et_gb_content_width":""},"product_brand":[],"product_cat":[58],"product_tag":[],"class_list":{"0":"post-2422","1":"product","2":"type-product","3":"status-publish","4":"has-post-thumbnail","6":"product_cat-flail-mower-gearbox","8":"first","9":"instock","10":"shipping-taxable","11":"product-type-simple"},"_links":{"self":[{"href":"https:\/\/fmp-components.com\/de\/wp-json\/wp\/v2\/product\/2422","targetHints":{"allow":["GET"]}}],"collection":[{"href":"https:\/\/fmp-components.com\/de\/wp-json\/wp\/v2\/product"}],"about":[{"href":"https:\/\/fmp-components.com\/de\/wp-json\/wp\/v2\/types\/product"}],"replies":[{"embeddable":true,"href":"https:\/\/fmp-components.com\/de\/wp-json\/wp\/v2\/comments?post=2422"}],"wp:featuredmedia":[{"embeddable":true,"href":"https:\/\/fmp-components.com\/de\/wp-json\/wp\/v2\/media\/2429"}],"wp:attachment":[{"href":"https:\/\/fmp-components.com\/de\/wp-json\/wp\/v2\/media?parent=2422"}],"wp:term":[{"taxonomy":"product_brand","embeddable":true,"href":"https:\/\/fmp-components.com\/de\/wp-json\/wp\/v2\/product_brand?post=2422"},{"taxonomy":"product_cat","embeddable":true,"href":"https:\/\/fmp-components.com\/de\/wp-json\/wp\/v2\/product_cat?post=2422"},{"taxonomy":"product_tag","embeddable":true,"href":"https:\/\/fmp-components.com\/de\/wp-json\/wp\/v2\/product_tag?post=2422"}],"curies":[{"name":"wp","href":"https:\/\/api.w.org\/{rel}","templated":true}]}}