{"id":2303,"date":"2024-12-31T08:01:39","date_gmt":"2024-12-31T08:01:39","guid":{"rendered":"https:\/\/fmp-components.com\/?page_id=8"},"modified":"2024-12-31T08:05:19","modified_gmt":"2024-12-31T08:05:19","slug":"irrigation-center-drive-gearbox-syf-1-series","status":"publish","type":"product","link":"https:\/\/fmp-components.com\/de\/product\/irrigation-center-drive-gearbox-syf-1-series\/","title":{"rendered":"Bew\u00e4sserungsgetriebe mit Mittelantrieb, Serie SYF-1"},"content":{"rendered":"<h2>Modellnummern der Bew\u00e4sserungsgetriebe mit Mittelantrieb der Serie SYF-1<\/h2>\n<p><img loading=\"lazy\" decoding=\"async\" class=\"wp-image-2314 alignleft\" src=\"https:\/\/fmp-components.com\/wp-content\/uploads\/2024\/12\/Irrigation-Center-Drive-Gearbox-SYF-1-Series1.webp\" alt=\"Bew\u00e4sserungs-Center-Drive-Getriebe-SYF-1-Serie(1)\" width=\"165\" height=\"165\" title=\"\">SYF-1-20 = 87 U\/min (Verh\u00e4ltnis 20:1)<br \/>\nSYF-1-30 = 58 U\/min (Verh\u00e4ltnis 30:1)<br \/>\nSYF-1-40 = 43 U\/min (Verh\u00e4ltnis 40:1)<br \/>\nSYF-1-50 = 35 U\/min (Verh\u00e4ltnis 50:1)<br \/>\nSYF-1-58 = 30 U\/min (Verh\u00e4ltnis 58:1)<br \/>\nSYF-1-60 = 29 U\/min (Verh\u00e4ltnis 60:1)<br \/>\n(Bei einer Eingangsdrehzahl von 1740 U\/min)<\/p>\n<h2>Leistung des Bew\u00e4sserungsgetriebes mit Mittelantrieb der SYF-1-Serie<\/h2>\n<p>1. Drehmomentkapazit\u00e4t: 4.500 lb. in (510 Nm).<br \/>\n2. Verh\u00e4ltnis: 20:1, 30:1, 40:1, 50:1, 58:1, 60:1 (andere verf\u00fcgbar).<br \/>\n3. Akzeptiert NEMA 56-C-Frontmotoren mit 0,625-Zoll-Wellen, 2 Zoll lang mit 0,19-Zoll-Schl\u00fcsselschlitz.<br \/>\n4. Mehrere Montagebolzenmuster 5\"\u00d76\", 3,38\" \u00d7 6,38\" passen auf alle Drehpunkte.<br \/>\n5. Hochfestes Schneckengetriebe aus Aluminiumbronze.<br \/>\n6. Enth\u00e4lt eine einfach zu installierende, sto\u00dfd\u00e4mpfende Motor-Schneckengetriebe-Kupplung.<br \/>\n7. Beide Ausgangswellen haben 1\/4\" x 1-1\/4\" Keilnuten.<br \/>\n8. Wird mit \u00d6l geliefert.<br \/>\n9. Enth\u00e4lt spezielle externe Ernteschutzdichtungen.<br \/>\n10. Pr\u00e4zisions-Druckgussgeh\u00e4use aus geh\u00e4rtetem Aluminium.<br \/>\n11. Gewicht: 7,2 kg.<br \/>\n12. \u00d6lkapazit\u00e4t: 0,21 gal (0,8 l)<\/p>\n<h2>Bew\u00e4sserungsgetriebe mit Mittelantrieb der Serie SYF-1 \u2013 Installation und Konturabmessungen<\/h2>\n<p><img loading=\"lazy\" decoding=\"async\" class=\"alignnone size-full wp-image-2312\" src=\"https:\/\/fmp-components.com\/wp-content\/uploads\/2024\/12\/Irrigation-Center-Drive-Gearbox-SYF-1-Series-Installation-and-Contour-Dimensions-1.webp\" alt=\"Bew\u00e4sserungs-Center-Drive-Getriebe-SYF-1-Serie-Installation-und-Kontur-Abmessungen\" width=\"1639\" height=\"774\" title=\"\" srcset=\"https:\/\/fmp-components.com\/wp-content\/uploads\/2024\/12\/Irrigation-Center-Drive-Gearbox-SYF-1-Series-Installation-and-Contour-Dimensions-1.webp 1639w, https:\/\/fmp-components.com\/wp-content\/uploads\/2024\/12\/Irrigation-Center-Drive-Gearbox-SYF-1-Series-Installation-and-Contour-Dimensions-1-1280x604.webp 1280w, https:\/\/fmp-components.com\/wp-content\/uploads\/2024\/12\/Irrigation-Center-Drive-Gearbox-SYF-1-Series-Installation-and-Contour-Dimensions-1-980x463.webp 980w, https:\/\/fmp-components.com\/wp-content\/uploads\/2024\/12\/Irrigation-Center-Drive-Gearbox-SYF-1-Series-Installation-and-Contour-Dimensions-1-480x227.webp 480w\" sizes=\"(min-width: 0px) and (max-width: 480px) 480px, (min-width: 481px) and (max-width: 980px) 980px, (min-width: 981px) and (max-width: 1280px) 1280px, (min-width: 1281px) 1639px, 100vw\" \/> <img loading=\"lazy\" decoding=\"async\" class=\"alignnone size-full wp-image-2313\" src=\"https:\/\/fmp-components.com\/wp-content\/uploads\/2024\/12\/Irrigation-Center-Drive-Gearbox-SYF-1-Series-Installation-and-Contour-Dimensions-2.webp\" alt=\"Bew\u00e4sserungs-Center-Drive-Getriebe-SYF-1-Serie-Installation-und-Kontur-Abmessungen\" width=\"1383\" height=\"565\" title=\"\" srcset=\"https:\/\/fmp-components.com\/wp-content\/uploads\/2024\/12\/Irrigation-Center-Drive-Gearbox-SYF-1-Series-Installation-and-Contour-Dimensions-2.webp 1383w, https:\/\/fmp-components.com\/wp-content\/uploads\/2024\/12\/Irrigation-Center-Drive-Gearbox-SYF-1-Series-Installation-and-Contour-Dimensions-2-1280x523.webp 1280w, https:\/\/fmp-components.com\/wp-content\/uploads\/2024\/12\/Irrigation-Center-Drive-Gearbox-SYF-1-Series-Installation-and-Contour-Dimensions-2-980x400.webp 980w, https:\/\/fmp-components.com\/wp-content\/uploads\/2024\/12\/Irrigation-Center-Drive-Gearbox-SYF-1-Series-Installation-and-Contour-Dimensions-2-480x196.webp 480w\" sizes=\"(min-width: 0px) and (max-width: 480px) 480px, (min-width: 481px) and (max-width: 980px) 980px, (min-width: 981px) and (max-width: 1280px) 1280px, (min-width: 1281px) 1383px, 100vw\" \/><\/p>\n<h2>Vorteile des Bew\u00e4sserungsgetriebes mit Mittelantrieb der Serie SYF-1<\/h2>\n<p>Das Bew\u00e4sserungsgetriebe der SYF-1-Serie mit Zentralantrieb wurde speziell f\u00fcr hohe Leistung, Effizienz und Langlebigkeit in Bew\u00e4sserungssystemen entwickelt. Diese Getriebeserie wurde f\u00fcr eine reibungslose und zuverl\u00e4ssige Kraft\u00fcbertragung entwickelt und ist eine wesentliche Komponente f\u00fcr den Antrieb des zentralen Schwenkarms von Bew\u00e4sserungssystemen. Nachfolgend sind die wichtigsten Vorteile des Bew\u00e4sserungsgetriebes der SYF-1-Serie aufgef\u00fchrt:<\/p>\n<p><strong>Hocheffiziente Kraft\u00fcbertragung<\/strong><\/p>\n<p>Die Getriebe der SYF-1-Serie sind f\u00fcr eine effiziente Kraft\u00fcbertragung optimiert und \u00fcbertragen die Energie von der Zapfwelle des Traktors auf die zentrale Drehpunktstruktur. Ihre Pr\u00e4zisionstechnik sorgt f\u00fcr minimalen Energieverlust bei der Kraft\u00fcbertragung und verbessert so die Gesamteffizienz des Systems. Durch die Aufrechterhaltung einer konstanten Drehzahl und Leistungsabgabe sorgt das Getriebe f\u00fcr eine gleichm\u00e4\u00dfige und zuverl\u00e4ssige Wasserverteilung auf den landwirtschaftlichen Feldern und optimiert so die Bew\u00e4sserungsprozesse.<\/p>\n<p><strong>Haltbarkeit und robuste Konstruktion<\/strong><\/p>\n<p>Das Getriebe der SYF-1-Serie besteht aus hochfesten Materialien wie Kohlenstoffstahl und verst\u00e4rkten Legierungen und ist f\u00fcr die hohen Drehmomentanforderungen im Dauerbetrieb ausgelegt. Diese robuste Konstruktion macht es ideal f\u00fcr anspruchsvolle landwirtschaftliche Umgebungen, in denen Langlebigkeit oberste Priorit\u00e4t hat. Das Getriebe h\u00e4lt hohen Druckbelastungen, h\u00e4ufigem Einsatz und widrigen Wetterbedingungen stand und bietet lang anhaltende Leistung bei minimalem Verschlei\u00df.<\/p>\n<p><strong>Wartungsarm und kosteng\u00fcnstig<\/strong><\/p>\n<p>Die SYF-1-Serie zeichnet sich durch ein abgedichtetes und wartungsfreundliches Design aus, das den Wartungsaufwand minimiert. Pr\u00e4zisionsgetriebe und hochwertige Lager reduzieren Reibung und Verschlei\u00df und verl\u00e4ngern so die Lebensdauer des Getriebes. Regelm\u00e4\u00dfige Schmierung und regelm\u00e4\u00dfige Inspektionen reichen in der Regel aus, um eine optimale Leistung zu gew\u00e4hrleisten. Dies senkt die Gesamtwartungskosten und reduziert Systemausfallzeiten, was f\u00fcr einen zuverl\u00e4ssigen Bew\u00e4sserungsbetrieb entscheidend ist.<\/p>\n<p><strong>Wetterbest\u00e4ndiges und korrosionsbest\u00e4ndiges Design<\/strong><\/p>\n<p>Das Getriebe der SYF-1-Serie ist speziell f\u00fcr den Einsatz unter rauen Au\u00dfenbedingungen konzipiert. Seine wetterfeste Konstruktion umfasst korrosionsbest\u00e4ndige Beschichtungen und versiegelte Komponenten, die es vor Feuchtigkeit, Staub und anderen Umwelteinfl\u00fcssen sch\u00fctzen. Ob bei starkem Regen, extremer Hitze oder Frost \u2013 das Getriebe bleibt zuverl\u00e4ssig und effizient und gew\u00e4hrleistet den unterbrechungsfreien Betrieb der Bew\u00e4sserungsanlage zu jeder Jahreszeit.<\/p>\n<p><strong>Kompatibilit\u00e4t und einfache Installation<\/strong><\/p>\n<p>Das Getriebe der SYF-1-Serie ist f\u00fcr die nahtlose Integration in verschiedene Bew\u00e4sserungssysteme konzipiert und mit einer Vielzahl von Kreisberegnungssystemen kompatibel. Ob im Kleinbetrieb oder in gro\u00dfen landwirtschaftlichen Betrieben \u2013 das Getriebe l\u00e4sst sich an unterschiedliche Systemanforderungen anpassen. Die einfache und benutzerfreundliche Installation sorgt f\u00fcr minimale Ausfallzeiten und erm\u00f6glicht den schnellen Austausch alter oder besch\u00e4digter Getriebe ohne umfangreiche Modifikationen.<\/p>\n<p>Das Bew\u00e4sserungsgetriebe der SYF-1-Serie mit Zentralantrieb bietet erhebliche Vorteile in Bezug auf Effizienz, Langlebigkeit, geringen Wartungsaufwand und Wetterbest\u00e4ndigkeit. Dank seiner robusten Konstruktion und zuverl\u00e4ssigen Leistung ist dieses Getriebe ideal f\u00fcr eine gleichm\u00e4\u00dfige und hochwertige Bew\u00e4sserung landwirtschaftlicher Felder. Die einfache Installation und die Kompatibilit\u00e4t mit verschiedenen Bew\u00e4sserungssystemen machen es zu einer kosteng\u00fcnstigen und zuverl\u00e4ssigen L\u00f6sung f\u00fcr Landwirte und Bew\u00e4sserungsbetreiber und gew\u00e4hrleisten optimale Systemleistung und besseres Wassermanagement.<\/p>\n<table style=\"width: 104.007%; height: 166px;\" width=\"136\">\n<tbody>\n<tr>\n<td style=\"width: 49.2212%;\" width=\"72\"><img loading=\"lazy\" decoding=\"async\" class=\"alignnone size-full wp-image-2316\" src=\"https:\/\/fmp-components.com\/wp-content\/uploads\/2024\/12\/Irrigation-Center-Drive-Gearbox-SYF-1-Series-Applications-1-980x657-1.webp\" alt=\"Bew\u00e4sserung-Center-Drive-Getriebe-SYF-1-Serie-Anwendungen-\" width=\"980\" height=\"657\" title=\"\" srcset=\"https:\/\/fmp-components.com\/wp-content\/uploads\/2024\/12\/Irrigation-Center-Drive-Gearbox-SYF-1-Series-Applications-1-980x657-1.webp 980w, https:\/\/fmp-components.com\/wp-content\/uploads\/2024\/12\/Irrigation-Center-Drive-Gearbox-SYF-1-Series-Applications-1-980x657-1-480x322.webp 480w\" sizes=\"(min-width: 0px) and (max-width: 480px) 480px, (min-width: 481px) 980px, 100vw\" \/><\/td>\n<td style=\"width: 50.0519%;\" width=\"64\"><img loading=\"lazy\" decoding=\"async\" class=\"alignnone size-full wp-image-2315\" src=\"https:\/\/fmp-components.com\/wp-content\/uploads\/2024\/12\/Irrigation-Center-Drive-Gearbox-SYF-1-Series-Applications-2-980x657-1.webp\" alt=\"Bew\u00e4sserung-Center-Drive-Getriebe-SYF-1-Serie-Anwendungen-\" width=\"980\" height=\"657\" title=\"\" srcset=\"https:\/\/fmp-components.com\/wp-content\/uploads\/2024\/12\/Irrigation-Center-Drive-Gearbox-SYF-1-Series-Applications-2-980x657-1.webp 980w, https:\/\/fmp-components.com\/wp-content\/uploads\/2024\/12\/Irrigation-Center-Drive-Gearbox-SYF-1-Series-Applications-2-980x657-1-480x322.webp 480w\" sizes=\"(min-width: 0px) and (max-width: 480px) 480px, (min-width: 481px) 980px, 100vw\" \/><\/td>\n<\/tr>\n<\/tbody>\n<\/table>\n<h2>Anwendungen des Bew\u00e4sserungs-Center-Drive-Getriebes der SYF-1-Serie<\/h2>\n<p>Das Bew\u00e4sserungsgetriebe der SYF-1-Serie ist f\u00fcr den Einsatz in verschiedenen landwirtschaftlichen und Bew\u00e4sserungssystemen konzipiert und bietet zuverl\u00e4ssige Kraft\u00fcbertragung und effizienten Betrieb. Seine robuste Konstruktion, sein hocheffizientes Design und seine Anpassungsf\u00e4higkeit machen es f\u00fcr zahlreiche Anwendungen im Bew\u00e4sserungssektor geeignet. Nachfolgend sind die wichtigsten Anwendungen des Bew\u00e4sserungsgetriebes der SYF-1-Serie aufgef\u00fchrt:<\/p>\n<p><strong>Center-Pivot-Bew\u00e4sserungssysteme<\/strong><\/p>\n<p>Das Getriebe der SYF-1-Serie wird haupts\u00e4chlich in Kreisberegnungssystemen eingesetzt, wo es die Rotation des Schwenkarms antreibt. Dieses Getriebe wandelt die Leistung der Traktorzapfwelle in den Antrieb des zentralen Drehpunkts der Bew\u00e4sserungsanlage um und erm\u00f6glicht so eine gleichm\u00e4\u00dfige Wasserverteilung auf gro\u00dfen Feldern. Dank seines hohen Drehmoments und seiner Langlebigkeit eignet es sich ideal f\u00fcr die gleichm\u00e4\u00dfige Rotation, die f\u00fcr eine effiziente Bew\u00e4sserung erforderlich ist und den Wasserverbrauch sowie das Pflanzenwachstum optimiert.<\/p>\n<p><strong>Lineare Bew\u00e4sserungssysteme<\/strong><\/p>\n<p>Neben Kreisberegnungssystemen kann das Getriebe der SYF-1-Serie auch in linearen Bew\u00e4sserungssystemen eingesetzt werden. Diese Systeme nutzen bewegliche Rohrleitungen zur Wasserverteilung auf Feldern. Das Getriebe der SYF-1-Serie sorgt f\u00fcr die Bewegung dieser Systeme und gew\u00e4hrleistet so eine gleichm\u00e4\u00dfige Bew\u00e4sserung. Seine Vielseitigkeit und Energieeffizienz machen es zu einer zuverl\u00e4ssigen Wahl f\u00fcr Systeme, die lineare Bewegung erfordern und eine effektive Bew\u00e4sserung verschiedener Pflanzenarten erm\u00f6glichen.<\/p>\n<p><strong>Landwirtschaftliche Bew\u00e4sserungsprojekte<\/strong><\/p>\n<p>Das Getriebe der SYF-1-Serie ist eine wichtige Komponente f\u00fcr gro\u00dffl\u00e4chige landwirtschaftliche Bew\u00e4sserungsprojekte, insbesondere auf Feldern, die eine zuverl\u00e4ssige und gleichm\u00e4\u00dfige Bew\u00e4sserung erfordern. Durch die reibungslose und effiziente Bewegung von Kreisberegnungs- und Linearbew\u00e4sserungssystemen tr\u00e4gt das Getriebe zur Aufrechterhaltung eines optimalen Feuchtigkeitsniveaus im Boden bei, was f\u00fcr maximale Ernteertr\u00e4ge unerl\u00e4sslich ist. Seine Langlebigkeit stellt sicher, dass es den kontinuierlichen Anforderungen gro\u00dfer landwirtschaftlicher Betriebe gerecht wird.<\/p>\n<p><strong>Gew\u00e4chshausbew\u00e4sserungssysteme<\/strong><\/p>\n<p>Im Gew\u00e4chshausbetrieb ist eine pr\u00e4zise Wasserverteilung f\u00fcr das Pflanzenwachstum unerl\u00e4sslich. Das Getriebe der SYF-1-Serie wird in Gew\u00e4chshausbew\u00e4sserungssystemen eingesetzt, um die Bewegung von Bew\u00e4sserungsleitungen zu steuern und so eine gleichm\u00e4\u00dfige Wasserversorgung der Pflanzen zu gew\u00e4hrleisten. Dank seiner wetterfesten Konstruktion und des geringen Wartungsaufwands eignet es sich perfekt f\u00fcr Gew\u00e4chshausumgebungen, in denen eine gleichm\u00e4\u00dfige Bew\u00e4sserung entscheidend f\u00fcr die Gesundheit von Pflanzen und Nutzpflanzen ist.<\/p>\n<p><strong>Gartenbau und Landschaftsbew\u00e4sserung<\/strong><\/p>\n<p>Das Getriebe der SYF-1-Serie eignet sich auch f\u00fcr Bew\u00e4sserungssysteme im Garten- und Landschaftsbau. Dank seines energieeffizienten Designs eignet es sich f\u00fcr kleinere Anwendungen wie Landschaftsbau und Rasenpflege. Es versorgt Bew\u00e4sserungssysteme auf Golfpl\u00e4tzen, Sportpl\u00e4tzen, Parks und anderen Gr\u00fcnfl\u00e4chen und sorgt f\u00fcr eine gleichm\u00e4\u00dfige Wasserverteilung auf gro\u00dfen Rasenfl\u00e4chen. Seine Langlebigkeit und Wetterfestigkeit machen es ideal f\u00fcr den Au\u00dfeneinsatz und gew\u00e4hrleisten eine effiziente und zuverl\u00e4ssige Bew\u00e4sserung in verschiedenen Garten- und Landschaftsbauprojekten.<\/p>\n<p>Das Bew\u00e4sserungsgetriebe der SYF-1-Serie mit Zentralantrieb wird in zahlreichen landwirtschaftlichen und Bew\u00e4sserungsanwendungen eingesetzt, darunter Kreisberegnungsanlagen, lineare Bew\u00e4sserungssysteme und Gew\u00e4chshausbew\u00e4sserung. Dank seiner effizienten Kraft\u00fcbertragung, des geringen Wartungsaufwands und der robusten Konstruktion eignet es sich sowohl f\u00fcr gro\u00dfe Bew\u00e4sserungsprojekte als auch f\u00fcr speziellere Anwendungen im Garten- und Landschaftsbau. Ob in gro\u00dfen landwirtschaftlichen Betrieben oder in kleineren Anwendungen \u2013 das Getriebe der SYF-1-Serie sorgt f\u00fcr eine gleichm\u00e4\u00dfige und zuverl\u00e4ssige Wasserverteilung und tr\u00e4gt so zu h\u00f6heren Ernteertr\u00e4gen, optimalem Wassermanagement und einer effizienten Bew\u00e4sserungsleistung bei.<\/p>\n<table style=\"width: 104.338%; height: 79px;\" width=\"136\">\n<tbody>\n<tr>\n<td style=\"width: 50.1035%;\" width=\"72\"><img loading=\"lazy\" decoding=\"async\" class=\"alignnone size-full wp-image-2317\" src=\"https:\/\/fmp-components.com\/wp-content\/uploads\/2024\/12\/Irrigation-Center-Drive-Gearbox-SYF-1-Series-Advantages-2.webp\" alt=\"Bew\u00e4sserung-Center-Drive-Getriebe-SYF-1-Serie-Anwendungen-\" width=\"1024\" height=\"600\" title=\"\" srcset=\"https:\/\/fmp-components.com\/wp-content\/uploads\/2024\/12\/Irrigation-Center-Drive-Gearbox-SYF-1-Series-Advantages-2.webp 1024w, https:\/\/fmp-components.com\/wp-content\/uploads\/2024\/12\/Irrigation-Center-Drive-Gearbox-SYF-1-Series-Advantages-2-980x574.webp 980w, https:\/\/fmp-components.com\/wp-content\/uploads\/2024\/12\/Irrigation-Center-Drive-Gearbox-SYF-1-Series-Advantages-2-480x281.webp 480w\" sizes=\"(min-width: 0px) and (max-width: 480px) 480px, (min-width: 481px) and (max-width: 980px) 980px, (min-width: 981px) 1024px, 100vw\" \/><\/td>\n<td style=\"width: 49.1718%;\" width=\"64\"><img loading=\"lazy\" decoding=\"async\" class=\"alignnone size-full wp-image-2318\" src=\"https:\/\/fmp-components.com\/wp-content\/uploads\/2024\/12\/Irrigation-Center-Drive-Gearbox-SYF-1-Series-Advantages.webp\" alt=\"Bew\u00e4sserung-Center-Drive-Getriebe-SYF-1-Serie-Anwendungen-\" width=\"1024\" height=\"600\" title=\"\" srcset=\"https:\/\/fmp-components.com\/wp-content\/uploads\/2024\/12\/Irrigation-Center-Drive-Gearbox-SYF-1-Series-Advantages.webp 1024w, https:\/\/fmp-components.com\/wp-content\/uploads\/2024\/12\/Irrigation-Center-Drive-Gearbox-SYF-1-Series-Advantages-980x574.webp 980w, https:\/\/fmp-components.com\/wp-content\/uploads\/2024\/12\/Irrigation-Center-Drive-Gearbox-SYF-1-Series-Advantages-480x281.webp 480w\" sizes=\"(min-width: 0px) and (max-width: 480px) 480px, (min-width: 481px) and (max-width: 980px) 980px, (min-width: 981px) 1024px, 100vw\" \/><\/td>\n<\/tr>\n<\/tbody>\n<\/table>\n<h3>\u00dcber FMP<\/h3>\n<p>FMP mit Hauptsitz in Italien ist ein f\u00fchrender Hersteller, der f\u00fcr seine Expertise in der Konstruktion, Entwicklung und Produktion von Hochleistungsgetrieben mit besonderem Schwerpunkt auf dem Landmaschinensektor bekannt ist. Mit seinem Ruf f\u00fcr Pr\u00e4zisionstechnik, innovative L\u00f6sungen und unersch\u00fctterliche Zuverl\u00e4ssigkeit hat sich FMP zu einem vertrauensw\u00fcrdigen Partner entwickelt, der die sich wandelnden Anforderungen der Landwirtschaft und Industrie erf\u00fcllt. Unser vielf\u00e4ltiges Produktsortiment umfasst Spezialgetriebe f\u00fcr Rasenm\u00e4her, Zapfwellen und andere wichtige Komponenten, die alle sorgf\u00e4ltig konstruiert wurden, um ma\u00dfgeschneiderte L\u00f6sungen f\u00fcr ein breites Anwendungsspektrum zu bieten.<\/p>\n<p>Wir bei FMP wissen, dass jeder Kunde individuelle Anforderungen und Herausforderungen hat. Deshalb bieten wir ma\u00dfgeschneiderte L\u00f6sungen an, ob f\u00fcr einzelne Komponenten oder vollst\u00e4ndig integrierte Systeme. Wir arbeiten eng mit unseren Kunden zusammen, um sicherzustellen, dass jede L\u00f6sung nicht nur effektiv, sondern auch effizient ist und sowohl Leistung als auch Wert optimiert. Unser Engagement f\u00fcr schnelle, professionelle Antworten und kompetente Beratung gew\u00e4hrleistet, dass jede Anfrage mit gr\u00f6\u00dfter Sorgfalt und Pr\u00e4zision bearbeitet wird und so die bestm\u00f6glichen Ergebnisse erzielt werden.<\/p>\n<p>Wir legen Wert auf offene und kontinuierliche Kommunikation w\u00e4hrend des gesamten Produktentwicklungsprozesses. Unser engagiertes Team arbeitet direkt mit unseren Kunden zusammen, um deren spezifische Bed\u00fcrfnisse umfassend zu verstehen und liefert wertvolle Einblicke und Empfehlungen f\u00fcr optimale L\u00f6sungen. Ob bei der Entwicklung innovativer Produkte oder der Abwicklung laufender Auftr\u00e4ge \u2013 FMP ist stets bestrebt, hochwertige, pr\u00e4zise gefertigte L\u00f6sungen termingerecht zu liefern. Unser Ziel ist es, unseren Kunden den besten Service und die besten Ergebnisse zu bieten und mit jedem Projekt die Erwartungen zu \u00fcbertreffen.<\/p>\n<p>Qualit\u00e4t ist der Grundstein der Gesch\u00e4ftst\u00e4tigkeit von FMP. Wir halten uns an h\u00f6chste Fertigungsstandards und setzen strenge Qualit\u00e4tskontrollma\u00dfnahmen ein, um sicherzustellen, dass jedes Produkt die Industriestandards nicht nur erf\u00fcllt, sondern \u00fcbertrifft. Dieses unersch\u00fctterliche Engagement f\u00fcr Qualit\u00e4t, kombiniert mit unseren Grundwerten Integrit\u00e4t, Teamwork und Beharrlichkeit, hat es uns erm\u00f6glicht, langj\u00e4hrige, vertrauensvolle Beziehungen zu Kunden in fast 30 L\u00e4ndern weltweit aufzubauen.<\/p>\n<p>FMP ist stets offen f\u00fcr globale Partnerschaften und bietet kompetente Beratung und ma\u00dfgeschneiderte L\u00f6sungen, die den vielf\u00e4ltigen Bed\u00fcrfnissen unserer Kunden gerecht werden. Wir liefern nicht nur Produkte, sondern bauen langfristige Beziehungen auf, die zum Erfolg jedes Projekts beitragen. Ob Sie innovative L\u00f6sungen f\u00fcr eine neue Initiative oder fortlaufende Unterst\u00fctzung f\u00fcr ein bestehendes System ben\u00f6tigen \u2013 FMP bew\u00e4ltigt Ihre technischen Herausforderungen und sichert Ihren anhaltenden Erfolg.<\/p>\n<p><img loading=\"lazy\" decoding=\"async\" class=\"alignnone size-full wp-image-1861\" src=\"https:\/\/fmp-components.com\/wp-content\/uploads\/2024\/12\/Other-Agricultural-Gearboxes.webp\" sizes=\"(min-width: 0px) and (max-width: 480px) 480px, (min-width: 481px) and (max-width: 980px) 980px, (min-width: 981px) 1200px, 100vw\" srcset=\"https:\/\/fmp-components.com\/wp-content\/uploads\/2024\/12\/Other-Agricultural-Gearboxes.webp 1200w, https:\/\/fmp-components.com\/wp-content\/uploads\/2024\/12\/Other-Agricultural-Gearboxes-980x1143.webp 980w, https:\/\/fmp-components.com\/wp-content\/uploads\/2024\/12\/Other-Agricultural-Gearboxes-480x560.webp 480w\" alt=\"Altri-cambi-agricoli\" width=\"1200\" height=\"1400\" title=\"\"><\/p>\n<p>Autor: CX<\/p>","protected":false},"excerpt":{"rendered":"<p>SYF-1 Series\u00a0Irrigation Center-Drive Gearbox Model Numbers SYF-1-20=87rpm(20:1 ratio) SYF-1-30=58rpm(30:1 ratio) SYF-1-40=43rpm(40:1 ratio) SYF-1-50=35rpm(50:1 ratio) SYF-1-58=30rpm(58:1 ratio) SYF-1-60=29rpm(60:1 ratio) (When input speed is 1740 rpm) SYF-1 Series\u00a0Irrigation Center-Drive Gearbox Performance 1. Torque capacity: 4,500 lb. in (510 N.m). 2. Ratio: 20:1, 30:1, 40:1, 50:1, 58:1, 60:1 (others available). 3. Accepts NEMA 56-C face motors with 0.625\u201d [&hellip;]<\/p>","protected":false},"featured_media":2314,"comment_status":"open","ping_status":"closed","template":"","meta":{"_et_pb_use_builder":"","_et_pb_old_content":"","_et_gb_content_width":""},"product_brand":[],"product_cat":[57],"product_tag":[],"class_list":{"0":"post-2303","1":"product","2":"type-product","3":"status-publish","4":"has-post-thumbnail","6":"product_cat-irrigation-gearbox","8":"first","9":"instock","10":"shipping-taxable","11":"product-type-simple"},"_links":{"self":[{"href":"https:\/\/fmp-components.com\/de\/wp-json\/wp\/v2\/product\/2303","targetHints":{"allow":["GET"]}}],"collection":[{"href":"https:\/\/fmp-components.com\/de\/wp-json\/wp\/v2\/product"}],"about":[{"href":"https:\/\/fmp-components.com\/de\/wp-json\/wp\/v2\/types\/product"}],"replies":[{"embeddable":true,"href":"https:\/\/fmp-components.com\/de\/wp-json\/wp\/v2\/comments?post=2303"}],"wp:featuredmedia":[{"embeddable":true,"href":"https:\/\/fmp-components.com\/de\/wp-json\/wp\/v2\/media\/2314"}],"wp:attachment":[{"href":"https:\/\/fmp-components.com\/de\/wp-json\/wp\/v2\/media?parent=2303"}],"wp:term":[{"taxonomy":"product_brand","embeddable":true,"href":"https:\/\/fmp-components.com\/de\/wp-json\/wp\/v2\/product_brand?post=2303"},{"taxonomy":"product_cat","embeddable":true,"href":"https:\/\/fmp-components.com\/de\/wp-json\/wp\/v2\/product_cat?post=2303"},{"taxonomy":"product_tag","embeddable":true,"href":"https:\/\/fmp-components.com\/de\/wp-json\/wp\/v2\/product_tag?post=2303"}],"curies":[{"name":"wp","href":"https:\/\/api.w.org\/{rel}","templated":true}]}}