{"id":2302,"date":"2024-12-31T07:39:57","date_gmt":"2024-12-31T07:39:57","guid":{"rendered":"https:\/\/fmp-components.com\/?page_id=8"},"modified":"2024-12-31T07:45:18","modified_gmt":"2024-12-31T07:45:18","slug":"center-pivot-irrigation-sprinkler-gearbox-replacement-of-valley-umc-zimmatic-gearbox","status":"publish","type":"product","link":"https:\/\/fmp-components.com\/de\/product\/center-pivot-irrigation-sprinkler-gearbox-replacement-of-valley-umc-zimmatic-gearbox\/","title":{"rendered":"Getriebe f\u00fcr Kreisberegnungsanlagen \u2013 Austausch des Getriebes von Valley, UMC und Zimmatic"},"content":{"rendered":"<p><img loading=\"lazy\" decoding=\"async\" class=\"alignnone size-full wp-image-2308\" src=\"https:\/\/fmp-components.com\/wp-content\/uploads\/2024\/12\/irrigation-pivot-gearbox-scaled-1.webp\" alt=\"Center-Pivot-Getriebe\" width=\"2560\" height=\"1215\" title=\"\" srcset=\"https:\/\/fmp-components.com\/wp-content\/uploads\/2024\/12\/irrigation-pivot-gearbox-scaled-1.webp 2560w, https:\/\/fmp-components.com\/wp-content\/uploads\/2024\/12\/irrigation-pivot-gearbox-scaled-1-1280x608.webp 1280w, https:\/\/fmp-components.com\/wp-content\/uploads\/2024\/12\/irrigation-pivot-gearbox-scaled-1-980x465.webp 980w, https:\/\/fmp-components.com\/wp-content\/uploads\/2024\/12\/irrigation-pivot-gearbox-scaled-1-480x228.webp 480w\" sizes=\"(min-width: 0px) and (max-width: 480px) 480px, (min-width: 481px) and (max-width: 980px) 980px, (min-width: 981px) and (max-width: 1280px) 1280px, (min-width: 1281px) 2560px, 100vw\" \/><\/p>\n<p style=\"text-align: center;\"><span style=\"font-size: 18pt;\">Getriebe f\u00fcr Kreisberegnungsanlagen \u2013 Austausch des Getriebes von Valley, UMC und Zimmatic<\/span><\/p>\n<p>Das Getriebe f\u00fcr Kreisberegnungsanlagen \u2013 Ersatz f\u00fcr Valley-, UMC- und Zimmatic-Getriebe \u2013 ist ein Hochleistungsgetriebe, das als direkter Ersatz f\u00fcr die beliebten Valley-, UMC- und Zimmatic-Getriebe in Kreisberegnungsanlagen konzipiert ist. Dieses Getriebe ist auf Zuverl\u00e4ssigkeit und Langlebigkeit ausgelegt und gew\u00e4hrleistet den effizienten Betrieb von Sprinkleranlagen und tr\u00e4gt zur gleichm\u00e4\u00dfigen Wasserverteilung auf landwirtschaftlichen Feldern bei. Dieses Ersatzgetriebe erf\u00fcllt die hohen Anforderungen moderner Bew\u00e4sserung und bietet verbesserte Leistung, geringere Wartungskosten und eine l\u00e4ngere Lebensdauer. Damit ist es die ideale L\u00f6sung f\u00fcr eine Vielzahl von Bew\u00e4sserungsanwendungen.<\/p>\n<p><img loading=\"lazy\" decoding=\"async\" class=\"wp-image-2306 aligncenter\" src=\"https:\/\/fmp-components.com\/wp-content\/uploads\/2024\/12\/center-pivot-irrigation-gearbox.webp\" alt=\"Center-Pivot-Getriebe\" width=\"709\" height=\"709\" title=\"\" srcset=\"https:\/\/fmp-components.com\/wp-content\/uploads\/2024\/12\/center-pivot-irrigation-gearbox.webp 350w, https:\/\/fmp-components.com\/wp-content\/uploads\/2024\/12\/center-pivot-irrigation-gearbox-300x300.webp 300w, https:\/\/fmp-components.com\/wp-content\/uploads\/2024\/12\/center-pivot-irrigation-gearbox-150x150.webp 150w, https:\/\/fmp-components.com\/wp-content\/uploads\/2024\/12\/center-pivot-irrigation-gearbox-12x12.webp 12w, https:\/\/fmp-components.com\/wp-content\/uploads\/2024\/12\/center-pivot-irrigation-gearbox-100x100.webp 100w\" sizes=\"(max-width: 709px) 100vw, 709px\" \/><\/p>\n<h3>Hauptmerkmale:<\/h3>\n<ol>\n<li>Hohe Haltbarkeit und Festigkeit<br \/>\nDas Ersatzgetriebe besteht aus hochfesten Materialien wie verst\u00e4rktem Stahl und langlebigen Legierungen und h\u00e4lt so den harten Bedingungen des Dauereinsatzes in Bew\u00e4sserungssystemen stand. Es ist f\u00fcr den zuverl\u00e4ssigen Betrieb unter hoher Belastung und hohem Drehmoment ausgelegt und bietet selbst in anspruchsvollen landwirtschaftlichen Umgebungen eine lange Lebensdauer, wodurch die H\u00e4ufigkeit von Austausch und Reparaturen reduziert wird.<\/li>\n<li>Effiziente Kraft\u00fcbertragung<br \/>\nDieses Getriebe sorgt f\u00fcr eine gleichm\u00e4\u00dfige und effiziente Kraft\u00fcbertragung und gew\u00e4hrleistet eine optimale Rotation des Kreisberegnungssystems. Es wandelt die Leistung der Zapfwelle des Traktors um und treibt die Beregnungsanlage mit konstanter Geschwindigkeit und Pr\u00e4zision an. Das Getriebe gew\u00e4hrleistet zuverl\u00e4ssige Leistung bei minimalem Energieverlust und tr\u00e4gt so zur Optimierung der Bew\u00e4sserungsleistung und zur Senkung der Betriebskosten bei.<\/li>\n<li>Perfekte Passform und Kompatibilit\u00e4t<br \/>\nDieses Ersatzgetriebe ist f\u00fcr die nahtlose Integration in Center Pivot-Bew\u00e4sserungssysteme von Valley, UMC und Zimmatic konzipiert. Die Kompatibilit\u00e4t mit vorhandenen Sprinklergetrieben gew\u00e4hrleistet eine problemlose Installation und macht es zu einer komfortablen und kosteng\u00fcnstigen L\u00f6sung f\u00fcr den Austausch verschlissener oder besch\u00e4digter Getriebe. Die einfache Installation minimiert Systemausfallzeiten und stellt sicher, dass Ihr Bew\u00e4sserungssystem weiterhin effizient arbeitet.<\/li>\n<\/ol>\n<p>Das Getriebe f\u00fcr Kreisberegnungsanlagen \u2013 Ersatz f\u00fcr Valley-, UMC- und Zimmatic-Getriebe \u2013 ist die perfekte L\u00f6sung f\u00fcr die Aufr\u00fcstung oder den Austausch von Getrieben in Kreisberegnungsanlagen. Dank seiner robusten Konstruktion, der effizienten Kraft\u00fcbertragung und der Kompatibilit\u00e4t mit branchen\u00fcblichen Systemen bietet es zuverl\u00e4ssige, langlebige Leistung f\u00fcr Bew\u00e4sserungsanwendungen in Landwirtschaft, Landschaftsbau und Gartenbau. Dieses Ersatzgetriebe ist wartungsarm, einfach zu installieren und bietet optimale Effizienz. Damit ist es die ideale Wahl zur Verbesserung der Leistung und Zuverl\u00e4ssigkeit Ihrer Bew\u00e4sserungsanlage.<\/p>\n<h2>Spezifikationen des Center Pivot-Bew\u00e4sserungsgetriebes<\/h2>\n<p><img loading=\"lazy\" decoding=\"async\" class=\"alignnone  wp-image-2307\" src=\"https:\/\/fmp-components.com\/wp-content\/uploads\/2024\/12\/irrigation-pivot-gearbox-dimensions.webp\" alt=\"Center-Pivot-Getriebe\" width=\"901\" height=\"795\" title=\"\" srcset=\"https:\/\/fmp-components.com\/wp-content\/uploads\/2024\/12\/irrigation-pivot-gearbox-dimensions.webp 901w, https:\/\/fmp-components.com\/wp-content\/uploads\/2024\/12\/irrigation-pivot-gearbox-dimensions-480x424.webp 480w\" sizes=\"(min-width: 0px) and (max-width: 480px) 480px, (min-width: 481px) 901px, 100vw\" \/><\/p>\n<table class=\"all magic-10\" style=\"width: 100.068%; height: 322px;\" border=\"1\">\n<tbody>\n<tr>\n<td>\n<div class=\"magic-11\"><strong>Eingangsgeschwindigkeit<\/strong><\/div>\n<\/td>\n<td>\n<div class=\"magic-12\">&lt;1500 U\/min<\/div>\n<\/td>\n<\/tr>\n<tr>\n<td>\n<div class=\"magic-11\"><strong>Geh\u00e4usematerial<\/strong><\/div>\n<\/td>\n<td>\n<div class=\"magic-12\">Gusseisen<\/div>\n<\/td>\n<\/tr>\n<tr>\n<td>\n<div class=\"magic-11\"><strong>Eingabestil<\/strong><\/div>\n<\/td>\n<td>\n<div class=\"magic-12\">Vollwelle<\/div>\n<\/td>\n<\/tr>\n<tr>\n<td>\n<div class=\"magic-11\"><strong>Ausgabestil<\/strong><\/div>\n<\/td>\n<td>\n<div class=\"magic-12\">Nabenanschlussflansch<\/div>\n<\/td>\n<\/tr>\n<tr>\n<td>\n<div class=\"magic-13\"><strong>Andere<\/strong><br \/>\n<strong>Eigenschaften<\/strong><\/div>\n<\/td>\n<td>\n<div class=\"magic-12\">Getriebe der Bew\u00e4sserungsmaschine<\/div>\n<\/td>\n<\/tr>\n<tr>\n<td>\n<div class=\"magic-13\"><strong>Wellenausrichtung<\/strong><\/div>\n<\/td>\n<td>\n<div class=\"magic-12\">90 Grad vertikal<\/div>\n<\/td>\n<\/tr>\n<tr>\n<td>\n<div class=\"magic-11\"><strong>Getriebetyp<\/strong><\/div>\n<\/td>\n<td>\n<div class=\"magic-12\">Schneckengetriebe<\/div>\n<\/td>\n<\/tr>\n<tr>\n<td>\n<div class=\"magic-11\"><strong>Fester Weg<\/strong><\/div>\n<\/td>\n<td>\n<div class=\"magic-12\">Flansch<\/div>\n<\/td>\n<\/tr>\n<tr>\n<td>\n<div class=\"magic-11\"><strong>Verh\u00e4ltnis<\/strong><\/div>\n<\/td>\n<td>\n<div class=\"magic-12\">50:1<\/div>\n<\/td>\n<\/tr>\n<tr>\n<td>\n<div class=\"magic-11\"><strong>Ausgangsdrehmoment<\/strong><\/div>\n<\/td>\n<td>\n<div class=\"magic-12\">Standard<\/div>\n<\/td>\n<\/tr>\n<tr>\n<td>\n<div class=\"magic-11\"><strong>Andere Parameter<\/strong><\/div>\n<\/td>\n<td>\n<div class=\"magic-12\">Kann UMC-, DURST-, ZIMMATIC- und Valley-Getriebe ersetzen<\/div>\n<\/td>\n<\/tr>\n<\/tbody>\n<\/table>\n<h2>Merkmale des Center Pivot-Getriebes<\/h2>\n<p>Das Center Pivot-Getriebe ist eine wichtige Komponente in Bew\u00e4sserungssystemen. Es sorgt f\u00fcr die Rotation des Schwenkarms und gew\u00e4hrleistet die gleichm\u00e4\u00dfige Wasserverteilung auf landwirtschaftlichen Feldern. Diese Getriebe sind auf hohe Effizienz, Langlebigkeit und Leistung unter anspruchsvollen Bedingungen ausgelegt und somit ein wesentlicher Bestandteil moderner Bew\u00e4sserungssysteme. Nachfolgend finden Sie die wichtigsten Merkmale, die das Center Pivot-Getriebe zu einer zuverl\u00e4ssigen und effizienten L\u00f6sung f\u00fcr die landwirtschaftliche Bew\u00e4sserung machen:<\/p>\n<p><strong>Hohe Drehmomentkapazit\u00e4t und Haltbarkeit<\/strong><\/p>\n<p>Kreisberegnungsgetriebe sind f\u00fcr hohe Drehmomente und hohe Lasten ausgelegt und gew\u00e4hrleisten eine gleichm\u00e4\u00dfige Rotation des Schwenkarms des Bew\u00e4sserungssystems. Hergestellt aus hochfesten Materialien wie Stahlbeton, sind diese Getriebe f\u00fcr den Dauerbetrieb ausgelegt, selbst bei extremen Wetterbedingungen und harten landwirtschaftlichen Bedingungen. Ihre robuste Konstruktion gew\u00e4hrleistet eine lange Lebensdauer und reduziert den Bedarf an h\u00e4ufigen Reparaturen oder Austausch.<br \/>\n<strong>Effiziente Kraft\u00fcbertragung<\/strong><\/p>\n<p>Diese Getriebe \u00fcbertragen die Kraft effizient von der Zapfwelle des Traktors auf die zentrale Drehpunktstruktur. Durch die richtige \u00dcbersetzung sorgt das Getriebe f\u00fcr eine gleichm\u00e4\u00dfige Rotation und eine optimale Wasserverteilung auf dem Feld. Die effiziente Kraft\u00fcbertragung reduziert den Energieverbrauch und minimiert die Reibung, was zur Gesamteffizienz des Bew\u00e4sserungssystems beitr\u00e4gt. Diese zuverl\u00e4ssige Kraft\u00fcbertragung tr\u00e4gt zu einem gleichm\u00e4\u00dfigen Bew\u00e4sserungsprozess bei, der f\u00fcr die Gesundheit der Pflanzen von entscheidender Bedeutung ist.<br \/>\n<strong>Wartungsarm und kosteng\u00fcnstig<\/strong><\/p>\n<p>Zentralgelenkgetriebe sind auf minimalen Wartungsaufwand ausgelegt und verf\u00fcgen \u00fcber abgedichtete Lager und Pr\u00e4zisionszahnr\u00e4der, die den Verschlei\u00df reduzieren. Diese Konstruktion verl\u00e4ngert die Lebensdauer des Getriebes und senkt die Wartungskosten im Laufe der Zeit. Regelm\u00e4\u00dfige Inspektionen und Schmierung reichen in der Regel aus, um das Getriebe in gutem Zustand zu halten, niedrige Betriebskosten zu gew\u00e4hrleisten und Ausfallzeiten w\u00e4hrend der Bew\u00e4sserungssaison zu reduzieren.<\/p>\n<p><img loading=\"lazy\" decoding=\"async\" class=\"size-full wp-image-2310 aligncenter\" src=\"https:\/\/fmp-components.com\/wp-content\/uploads\/2024\/12\/center-pivot-gearbox.webp\" alt=\"Center-Pivot-Getriebe\" width=\"400\" height=\"400\" title=\"\" srcset=\"https:\/\/fmp-components.com\/wp-content\/uploads\/2024\/12\/center-pivot-gearbox.webp 400w, https:\/\/fmp-components.com\/wp-content\/uploads\/2024\/12\/center-pivot-gearbox-300x300.webp 300w, https:\/\/fmp-components.com\/wp-content\/uploads\/2024\/12\/center-pivot-gearbox-150x150.webp 150w, https:\/\/fmp-components.com\/wp-content\/uploads\/2024\/12\/center-pivot-gearbox-12x12.webp 12w, https:\/\/fmp-components.com\/wp-content\/uploads\/2024\/12\/center-pivot-gearbox-100x100.webp 100w\" sizes=\"(max-width: 400px) 100vw, 400px\" \/><br \/>\n<strong>Wetterbest\u00e4ndiges und wetterfestes Design<\/strong><\/p>\n<p>Kreisberegnungsgetriebe sind so konstruiert, dass sie den rauen Umweltbedingungen in der Landwirtschaft standhalten. Mit wetterfesten Dichtungen, korrosionsbest\u00e4ndigen Beschichtungen und verst\u00e4rkten Komponenten sind diese Getriebe f\u00fcr den effizienten Betrieb bei allen Wetterbedingungen ausgelegt, von starkem Regen bis zu hohen Temperaturen. Die wetterfeste Konstruktion gew\u00e4hrleistet die Funktionsf\u00e4higkeit und Effizienz des Getriebes unabh\u00e4ngig von den \u00e4u\u00dferen Bedingungen und tr\u00e4gt so zur ganzj\u00e4hrigen Zuverl\u00e4ssigkeit des Bew\u00e4sserungssystems bei.<br \/>\n<strong>Vielseitigkeit und Kompatibilit\u00e4t<\/strong><\/p>\n<p>Center-Pivot-Getriebe sind \u00e4u\u00dferst vielseitig und lassen sich problemlos in verschiedene Bew\u00e4sserungssysteme integrieren, unabh\u00e4ngig von Hersteller und Modell. Diese Getriebe sind so konzipiert, dass sie mit verschiedenen Center-Pivot-Konfigurationen kompatibel sind, wie sie beispielsweise von Valley-, UMC- und Zimmatic-Systemen verwendet werden. Diese Vielseitigkeit gew\u00e4hrleistet den Einsatz des Getriebes in einer Vielzahl von landwirtschaftlichen Anwendungen, von der Gro\u00dflandwirtschaft bis hin zu kleineren, spezialisierten Betrieben, und sorgt f\u00fcr optimale Wasserverteilung und zuverl\u00e4ssige Leistung.<\/p>\n<p>Das Center Pivot-Getriebe ist ein wesentlicher Bestandteil moderner Bew\u00e4sserungssysteme und bietet hohes Drehmoment, effiziente Kraft\u00fcbertragung, geringen Wartungsaufwand und robuste Langlebigkeit. Dank ihrer Witterungsbest\u00e4ndigkeit und vielseitigen Kompatibilit\u00e4t bieten diese Getriebe zuverl\u00e4ssige und kosteng\u00fcnstige L\u00f6sungen f\u00fcr landwirtschaftliche Betriebe jeder Gr\u00f6\u00dfe. Ihre Konstruktion gew\u00e4hrleistet eine gleichm\u00e4\u00dfige und gleichm\u00e4\u00dfige Bew\u00e4sserung und tr\u00e4gt so zu besseren Ernteertr\u00e4gen und einem effizienteren Wassermanagement bei.<\/p>\n<p><img loading=\"lazy\" decoding=\"async\" class=\"alignnone wp-image-2309\" src=\"https:\/\/fmp-components.com\/wp-content\/uploads\/2024\/12\/center-pivot-irrigation-gearbox-1.webp\" alt=\"Center-Pivot-Getriebe\" width=\"928\" height=\"440\" title=\"\" srcset=\"https:\/\/fmp-components.com\/wp-content\/uploads\/2024\/12\/center-pivot-irrigation-gearbox-1.webp 928w, https:\/\/fmp-components.com\/wp-content\/uploads\/2024\/12\/center-pivot-irrigation-gearbox-1-480x228.webp 480w\" sizes=\"(min-width: 0px) and (max-width: 480px) 480px, (min-width: 481px) 928px, 100vw\" \/><\/p>\n<h2>Zapfwellen f\u00fcr Center Pivot-Bew\u00e4sserungsgetriebe<\/h2>\n<p>Zapfwellen f\u00fcr Kreisberegnungsgetriebe sind wesentliche Komponenten moderner Bew\u00e4sserungssysteme. Sie erm\u00f6glichen die Kraft\u00fcbertragung von der Zapfwelle (Power Take-Off) des Traktors auf das Bew\u00e4sserungsgetriebe, das den Kreisberegnungsmechanismus antreibt. Diese Wellen gew\u00e4hrleisten den reibungslosen und zuverl\u00e4ssigen Betrieb von Kreisberegnungssystemen, indem sie die Rotationsenergie effizient \u00fcbertragen, um den Kreisberegnungsmechanismus zu drehen. So wird eine gleichm\u00e4\u00dfige Wasserverteilung \u00fcber gro\u00dfe landwirtschaftliche Fl\u00e4chen gew\u00e4hrleistet. Die f\u00fcr Hochleistungsanwendungen konzipierten Zapfwellen halten den Belastungen des Dauerbetriebs in anspruchsvollen landwirtschaftlichen Umgebungen stand.<\/p>\n<p><strong>Effiziente Kraft\u00fcbertragung<\/strong><\/p>\n<p>Zapfwellen f\u00fcr Kreisberegnungsgetriebe sind f\u00fcr eine effiziente Kraft\u00fcbertragung von der Traktorzapfwelle zum Getriebe ausgelegt, das wiederum den Kreisberegnungsantrieb antreibt. Diese nahtlose Energie\u00fcbertragung gew\u00e4hrleistet einen reibungslosen Betrieb des Bew\u00e4sserungssystems mit minimalem Leistungsverlust. Die pr\u00e4zise Konstruktion der Zapfwelle erm\u00f6glicht eine konstante Drehzahl und sorgt so f\u00fcr eine gleichm\u00e4\u00dfige und pr\u00e4zise Wasserverteilung auf dem Feld, die f\u00fcr die Gesundheit und das Wachstum der Pflanzen entscheidend ist.<\/p>\n<p><strong>Haltbarkeit und St\u00e4rke<\/strong><\/p>\n<p>Zapfwellen f\u00fcr Kreisberegnungsgetriebe werden aus hochfestem Stahl und anderen langlebigen Materialien gefertigt und halten hohen Drehmomenten, schweren Lasten und den anspruchsvollen Umweltbedingungen landwirtschaftlicher Anwendungen stand. Diese Wellen sind auf Langlebigkeit ausgelegt und halten Dauereinsatz ohne Leistungseinbu\u00dfen stand. Ihre robuste Konstruktion gew\u00e4hrleistet Zuverl\u00e4ssigkeit und Langlebigkeit auch bei rauen Wetterbedingungen wie extremer Hitze, Regen oder Staub und macht sie zur idealen Wahl f\u00fcr landwirtschaftliche Betriebe, die eine langfristige und intensive Nutzung erfordern.<\/p>\n<p><strong>Anpassung f\u00fcr spezifische Anwendungen<\/strong><\/p>\n<p>Um verschiedenen Kreisberegnungssystemen und Traktorkonfigurationen gerecht zu werden, sind Zapfwellen in verschiedenen Gr\u00f6\u00dfen, L\u00e4ngen und Ausf\u00fchrungen erh\u00e4ltlich. Diese individuelle Anpassung gew\u00e4hrleistet eine perfekte Anpassung an die spezifischen Betriebsanforderungen verschiedener Bew\u00e4sserungssysteme. Unabh\u00e4ngig davon, ob das System in der Gro\u00dflandwirtschaft oder in kleineren Betrieben eingesetzt wird, k\u00f6nnen Zapfwellen an die individuellen Anforderungen jeder Anwendung angepasst werden und garantieren eine effiziente Kraft\u00fcbertragung und optimale Systemleistung.<\/p>\n<p><strong>Sicherheit und Schutz<\/strong><\/p>\n<p>Sicherheit hat beim Betrieb von Zapfwellen f\u00fcr Kreisberegnungsgetriebe oberste Priorit\u00e4t. Diese Wellen sind mit Schutzvorrichtungen wie Scherstiften und Schutzschilden ausgestattet. Der Scherstift ist so konstruiert, dass er bei \u00fcberm\u00e4\u00dfiger Belastung bricht und so Sch\u00e4den am Getriebe und anderen Systemkomponenten verhindert. Schutzschilde umh\u00fcllen die beweglichen Teile der Zapfwelle und verringern so das Verletzungsrisiko f\u00fcr Bediener und Umstehende. Diese Sicherheitsmechanismen gew\u00e4hrleisten den sicheren Betrieb des Bew\u00e4sserungssystems und sch\u00fctzen sowohl die Ausr\u00fcstung als auch das Personal.<\/p>\n<p><strong>Geringer Wartungsaufwand und einfache Installation<\/strong><\/p>\n<p>Zapfwellen f\u00fcr Kreisberegnungsgetriebe erfordern nur minimalen Wartungsaufwand. Regelm\u00e4\u00dfige Schmierung und regelm\u00e4\u00dfige Inspektionen reichen in der Regel aus, um die Wellen in einwandfreiem Zustand zu halten. Die Konstruktion dieser Zapfwellen erm\u00f6glicht einen einfachen Ein- und Ausbau, wodurch Wartung und Austausch problemlos erfolgen. Diese einfache Installation reduziert Systemausfallzeiten und stellt sicher, dass das Kreisberegnungssystem effizient und ohne Unterbrechungen arbeitet.<\/p>\n<p>Zapfwellen f\u00fcr Kreisberegnungsgetriebe sind entscheidend f\u00fcr die Leistung und Effizienz moderner Bew\u00e4sserungssysteme. Diese robusten und langlebigen Wellen \u00fcbertragen die Kraft nahtlos von der Traktorzapfwelle auf das Getriebe und sorgen so f\u00fcr einen reibungslosen Betrieb der Bew\u00e4sserungsanlage. Ihre robuste Konstruktion, die individuelle Passform und die Sicherheitsfunktionen machen sie ideal f\u00fcr landwirtschaftliche Anwendungen. Dank geringem Wartungsaufwand und einfacher Installation tragen Zapfwellen dazu bei, Ausfallzeiten zu minimieren und die Bew\u00e4sserung zu optimieren. Dies tr\u00e4gt zu h\u00f6heren Ernteertr\u00e4gen und einem effizienteren Wasserverbrauch bei.<\/p>\n<table style=\"width: 101.471%; height: 494px;\" width=\"136\">\n<tbody>\n<tr style=\"height: 494px;\">\n<td style=\"height: 494px; width: 50.5857%;\" width=\"72\"><img loading=\"lazy\" decoding=\"async\" class=\"alignnone  wp-image-2305\" src=\"https:\/\/fmp-components.com\/wp-content\/uploads\/2024\/12\/center-pivot-gearbox-2.webp\" alt=\"Center-Pivot-Getriebe\" width=\"483\" height=\"483\" title=\"\" srcset=\"https:\/\/fmp-components.com\/wp-content\/uploads\/2024\/12\/center-pivot-gearbox-2.webp 200w, https:\/\/fmp-components.com\/wp-content\/uploads\/2024\/12\/center-pivot-gearbox-2-150x150.webp 150w, https:\/\/fmp-components.com\/wp-content\/uploads\/2024\/12\/center-pivot-gearbox-2-12x12.webp 12w, https:\/\/fmp-components.com\/wp-content\/uploads\/2024\/12\/center-pivot-gearbox-2-100x100.webp 100w\" sizes=\"(max-width: 483px) 100vw, 483px\" \/><\/td>\n<td style=\"height: 494px; width: 48.6688%;\" width=\"64\"><img loading=\"lazy\" decoding=\"async\" class=\"alignnone  wp-image-2304\" src=\"https:\/\/fmp-components.com\/wp-content\/uploads\/2024\/12\/center-pivot-gearbox-1.webp\" alt=\"Center-Pivot-Getriebe\" width=\"473\" height=\"473\" title=\"\" srcset=\"https:\/\/fmp-components.com\/wp-content\/uploads\/2024\/12\/center-pivot-gearbox-1.webp 200w, https:\/\/fmp-components.com\/wp-content\/uploads\/2024\/12\/center-pivot-gearbox-1-150x150.webp 150w, https:\/\/fmp-components.com\/wp-content\/uploads\/2024\/12\/center-pivot-gearbox-1-12x12.webp 12w, https:\/\/fmp-components.com\/wp-content\/uploads\/2024\/12\/center-pivot-gearbox-1-100x100.webp 100w\" sizes=\"(max-width: 473px) 100vw, 473px\" \/><\/td>\n<\/tr>\n<\/tbody>\n<\/table>\n<h3>\u00dcber FMP<\/h3>\n<p>FMP mit Hauptsitz in Italien ist ein f\u00fchrender Hersteller, der f\u00fcr seine Expertise in der Konstruktion, Entwicklung und Produktion von Hochleistungsgetrieben mit besonderem Schwerpunkt auf dem Landmaschinensektor bekannt ist. Mit seinem Ruf f\u00fcr Pr\u00e4zisionstechnik, innovative L\u00f6sungen und unersch\u00fctterliche Zuverl\u00e4ssigkeit hat sich FMP zu einem vertrauensw\u00fcrdigen Partner entwickelt, der die sich wandelnden Anforderungen der Landwirtschaft und Industrie erf\u00fcllt. Unser vielf\u00e4ltiges Produktsortiment umfasst Spezialgetriebe f\u00fcr Rasenm\u00e4her, Zapfwellen und andere wichtige Komponenten, die alle sorgf\u00e4ltig konstruiert wurden, um ma\u00dfgeschneiderte L\u00f6sungen f\u00fcr ein breites Anwendungsspektrum zu bieten.<\/p>\n<p>Wir bei FMP wissen, dass jeder Kunde individuelle Anforderungen und Herausforderungen hat. Deshalb bieten wir ma\u00dfgeschneiderte L\u00f6sungen an, ob f\u00fcr einzelne Komponenten oder vollst\u00e4ndig integrierte Systeme. Wir arbeiten eng mit unseren Kunden zusammen, um sicherzustellen, dass jede L\u00f6sung nicht nur effektiv, sondern auch effizient ist und sowohl Leistung als auch Wert optimiert. Unser Engagement f\u00fcr schnelle, professionelle Antworten und kompetente Beratung gew\u00e4hrleistet, dass jede Anfrage mit gr\u00f6\u00dfter Sorgfalt und Pr\u00e4zision bearbeitet wird und so die bestm\u00f6glichen Ergebnisse erzielt werden.<\/p>\n<p>Wir legen Wert auf offene und kontinuierliche Kommunikation w\u00e4hrend des gesamten Produktentwicklungsprozesses. Unser engagiertes Team arbeitet direkt mit unseren Kunden zusammen, um deren spezifische Bed\u00fcrfnisse umfassend zu verstehen und liefert wertvolle Einblicke und Empfehlungen f\u00fcr optimale L\u00f6sungen. Ob bei der Entwicklung innovativer Produkte oder der Abwicklung laufender Auftr\u00e4ge \u2013 FMP ist stets bestrebt, hochwertige, pr\u00e4zise gefertigte L\u00f6sungen termingerecht zu liefern. Unser Ziel ist es, unseren Kunden den besten Service und die besten Ergebnisse zu bieten und mit jedem Projekt die Erwartungen zu \u00fcbertreffen.<\/p>\n<p>Qualit\u00e4t ist der Grundstein der Gesch\u00e4ftst\u00e4tigkeit von FMP. Wir halten uns an h\u00f6chste Fertigungsstandards und setzen strenge Qualit\u00e4tskontrollma\u00dfnahmen ein, um sicherzustellen, dass jedes Produkt die Industriestandards nicht nur erf\u00fcllt, sondern \u00fcbertrifft. Dieses unersch\u00fctterliche Engagement f\u00fcr Qualit\u00e4t, kombiniert mit unseren Grundwerten Integrit\u00e4t, Teamwork und Beharrlichkeit, hat es uns erm\u00f6glicht, langj\u00e4hrige, vertrauensvolle Beziehungen zu Kunden in fast 30 L\u00e4ndern weltweit aufzubauen.<\/p>\n<p>FMP ist stets offen f\u00fcr globale Partnerschaften und bietet kompetente Beratung und ma\u00dfgeschneiderte L\u00f6sungen, die den vielf\u00e4ltigen Bed\u00fcrfnissen unserer Kunden gerecht werden. Wir liefern nicht nur Produkte, sondern bauen langfristige Beziehungen auf, die zum Erfolg jedes Projekts beitragen. Ob Sie innovative L\u00f6sungen f\u00fcr eine neue Initiative oder fortlaufende Unterst\u00fctzung f\u00fcr ein bestehendes System ben\u00f6tigen \u2013 FMP bew\u00e4ltigt Ihre technischen Herausforderungen und sichert Ihren anhaltenden Erfolg.<\/p>\n<p><img loading=\"lazy\" decoding=\"async\" class=\"alignnone size-full wp-image-1861\" src=\"https:\/\/fmp-components.com\/wp-content\/uploads\/2024\/12\/Other-Agricultural-Gearboxes.webp\" sizes=\"(min-width: 0px) and (max-width: 480px) 480px, (min-width: 481px) and (max-width: 980px) 980px, (min-width: 981px) 1200px, 100vw\" srcset=\"https:\/\/fmp-components.com\/wp-content\/uploads\/2024\/12\/Other-Agricultural-Gearboxes.webp 1200w, https:\/\/fmp-components.com\/wp-content\/uploads\/2024\/12\/Other-Agricultural-Gearboxes-980x1143.webp 980w, https:\/\/fmp-components.com\/wp-content\/uploads\/2024\/12\/Other-Agricultural-Gearboxes-480x560.webp 480w\" alt=\"Altri-cambi-agricoli\" width=\"1200\" height=\"1400\" title=\"\"><\/p>\n<p>Autor: CX<\/p>","protected":false},"excerpt":{"rendered":"<p>Center Pivot Irrigation Sprinkler Gearbox \u2013 Replacement of Valley, UMC, Zimmatic Gearbox The Center Pivot Irrigation Sprinkler Gearbox \u2013 Replacement of Valley, UMC, Zimmatic Gearbox is a high-performance gearbox designed as a direct replacement for the popular Valley, UMC, and Zimmatic gearboxes used in center pivot irrigation systems. Engineered for reliability and durability, this gearbox [&hellip;]<\/p>","protected":false},"featured_media":2306,"comment_status":"open","ping_status":"closed","template":"","meta":{"_et_pb_use_builder":"","_et_pb_old_content":"","_et_gb_content_width":""},"product_brand":[],"product_cat":[57],"product_tag":[],"class_list":{"0":"post-2302","1":"product","2":"type-product","3":"status-publish","4":"has-post-thumbnail","6":"product_cat-irrigation-gearbox","8":"first","9":"instock","10":"shipping-taxable","11":"product-type-simple"},"_links":{"self":[{"href":"https:\/\/fmp-components.com\/de\/wp-json\/wp\/v2\/product\/2302","targetHints":{"allow":["GET"]}}],"collection":[{"href":"https:\/\/fmp-components.com\/de\/wp-json\/wp\/v2\/product"}],"about":[{"href":"https:\/\/fmp-components.com\/de\/wp-json\/wp\/v2\/types\/product"}],"replies":[{"embeddable":true,"href":"https:\/\/fmp-components.com\/de\/wp-json\/wp\/v2\/comments?post=2302"}],"wp:featuredmedia":[{"embeddable":true,"href":"https:\/\/fmp-components.com\/de\/wp-json\/wp\/v2\/media\/2306"}],"wp:attachment":[{"href":"https:\/\/fmp-components.com\/de\/wp-json\/wp\/v2\/media?parent=2302"}],"wp:term":[{"taxonomy":"product_brand","embeddable":true,"href":"https:\/\/fmp-components.com\/de\/wp-json\/wp\/v2\/product_brand?post=2302"},{"taxonomy":"product_cat","embeddable":true,"href":"https:\/\/fmp-components.com\/de\/wp-json\/wp\/v2\/product_cat?post=2302"},{"taxonomy":"product_tag","embeddable":true,"href":"https:\/\/fmp-components.com\/de\/wp-json\/wp\/v2\/product_tag?post=2302"}],"curies":[{"name":"wp","href":"https:\/\/api.w.org\/{rel}","templated":true}]}}