{"id":2284,"date":"2024-12-31T06:33:04","date_gmt":"2024-12-31T06:33:04","guid":{"rendered":"https:\/\/fmp-components.com\/?page_id=8"},"modified":"2024-12-31T06:33:37","modified_gmt":"2024-12-31T06:33:37","slug":"rotary-cutter-gearboxes-replacement-of-omni-code-rc-130-gearbox","status":"publish","type":"product","link":"https:\/\/fmp-components.com\/de\/product\/rotary-cutter-gearboxes-replacement-of-omni-code-rc-130-gearbox\/","title":{"rendered":"Rotationsschneidergetriebe \u2013 Austausch des Omni Code RC-130-Getriebes"},"content":{"rendered":"<p style=\"text-align: center;\"><span style=\"font-size: 18pt;\">Rotationsschneidergetriebe \u2013 Austausch des Omni Code RC-130-Getriebes<\/span><\/p>\n<p>Das Rotationsschneider-Getriebe \u2013 Ersatz f\u00fcr das Omni Code RC-130-Getriebe \u2013 ist ein robustes Hochleistungsgetriebe, das speziell als Ersatz f\u00fcr das Omni Code RC-130-Getriebe in Rotationsschneidersystemen entwickelt wurde. Dieses Getriebe wurde f\u00fcr anspruchsvolle Anwendungen in Landwirtschaft, Industrie und Landmanagement entwickelt und bietet \u00fcberlegene Kraft\u00fcbertragung, Zuverl\u00e4ssigkeit und Langlebigkeit. Es gew\u00e4hrleistet optimale Schneidleistung unter anspruchsvollen Bedingungen und eignet sich daher ideal f\u00fcr den Einsatz beim M\u00e4hen, Entfernen von Gestr\u00fcpp und zur Vegetationspflege in gro\u00dffl\u00e4chigen Betrieben.<\/p>\n<p><img loading=\"lazy\" decoding=\"async\" class=\"alignnone size-full wp-image-2294\" src=\"https:\/\/fmp-components.com\/wp-content\/uploads\/2024\/12\/Rotary-Cutter-Gearboxes-Replacement-of-Omni-Code-RC-130-Gearbox.webp\" alt=\"Rotationsschneider-Getriebe \u2013 Austausch des Omni-Code-RC-130-Getriebes\" width=\"1392\" height=\"961\" title=\"\" srcset=\"https:\/\/fmp-components.com\/wp-content\/uploads\/2024\/12\/Rotary-Cutter-Gearboxes-Replacement-of-Omni-Code-RC-130-Gearbox.webp 1392w, https:\/\/fmp-components.com\/wp-content\/uploads\/2024\/12\/Rotary-Cutter-Gearboxes-Replacement-of-Omni-Code-RC-130-Gearbox-1280x884.webp 1280w, https:\/\/fmp-components.com\/wp-content\/uploads\/2024\/12\/Rotary-Cutter-Gearboxes-Replacement-of-Omni-Code-RC-130-Gearbox-980x677.webp 980w, https:\/\/fmp-components.com\/wp-content\/uploads\/2024\/12\/Rotary-Cutter-Gearboxes-Replacement-of-Omni-Code-RC-130-Gearbox-480x331.webp 480w\" sizes=\"(min-width: 0px) and (max-width: 480px) 480px, (min-width: 481px) and (max-width: 980px) 980px, (min-width: 981px) and (max-width: 1280px) 1280px, (min-width: 1281px) 1392px, 100vw\" \/><\/p>\n<h3>Hauptmerkmale:<\/h3>\n<ol>\n<li>Hohe Leistungskapazit\u00e4t<br \/>\nDas RC-130-Ersatzgetriebe ist f\u00fcr bis zu 130 PS ausgelegt und erf\u00fcllt damit den Leistungsbedarf gro\u00dfer Rotationsschneider in verschiedenen Anwendungen. Dank dieser Kapazit\u00e4t bew\u00e4ltigt das Getriebe auch dichte Vegetation, unwegsames Gel\u00e4nde und anspruchsvolle Schneidbedingungen effizient, ohne die Leistung zu beeintr\u00e4chtigen.<\/li>\n<li>Langlebige und robuste Konstruktion<br \/>\nDas RC-130-Getriebe besteht aus hochfesten Materialien und ist f\u00fcr raue Umgebungsbedingungen und Dauereinsatz ausgelegt. Sein korrosionsbest\u00e4ndiges Geh\u00e4use und die verst\u00e4rkten Komponenten sorgen f\u00fcr au\u00dfergew\u00f6hnliche Langlebigkeit und erm\u00f6glichen einen effizienten Betrieb in rauen landwirtschaftlichen und industriellen Umgebungen. Diese robuste Konstruktion gew\u00e4hrleistet minimalen Wartungsaufwand und eine lange Lebensdauer.<\/li>\n<li>Effiziente Kraft\u00fcbertragung<br \/>\nDas Getriebe verf\u00fcgt \u00fcber ein fortschrittliches \u00dcbersetzungssystem, das die Kraft effizient von der Zapfwelle des Traktors auf die rotierenden Schneidklingen \u00fcbertr\u00e4gt. Durch die Reduzierung der Traktordrehzahl auf die ideale Schnittgeschwindigkeit und die Erh\u00f6hung des Drehmoments sorgt das RC-130-Getriebe f\u00fcr eine gleichm\u00e4\u00dfige und gleichm\u00e4\u00dfige Rotation der Klingen und liefert so optimale Schnittleistung bei gleichzeitiger Reduzierung von Energieverbrauch und Betriebskosten.<\/li>\n<\/ol>\n<p>Das Rotationsschneidergetriebe \u2013 Ersatz f\u00fcr das Omni Code RC-130-Getriebe \u2013 ist eine leistungsstarke, langlebige und effiziente L\u00f6sung f\u00fcr Rotationsschneidersysteme. Dieses Getriebe bietet eine reibungslose Kraft\u00fcbertragung, au\u00dfergew\u00f6hnliche Haltbarkeit und einfache Installation und eignet sich perfekt f\u00fcr anspruchsvolle Anwendungen in der Landwirtschaft, Rodung, Stra\u00dfenunterhaltung und Industrie. Dank seines wartungsarmen Designs und seiner langlebigen Leistung gew\u00e4hrleistet das RC-130-Ersatzgetriebe optimale Schneidleistung und minimale Ausfallzeiten und ist somit eine ausgezeichnete Wahl f\u00fcr Betreiber, die ihre Rotationsschneidersysteme verbessern m\u00f6chten.<\/p>\n<h2>Spezifikationen des RC130-Rotationsschneidergetriebes<\/h2>\n<table style=\"width: 102.548%; height: 408px;\" border=\"1\" cellspacing=\"0\" cellpadding=\"0\">\n<tbody>\n<tr>\n<td>Modell:<\/td>\n<td>FMP-RC130 Rotationsschneidergetriebe<\/td>\n<\/tr>\n<tr>\n<td>Leistung:<\/td>\n<td>47 \u2013 104 PS<br \/>\n35 \u2013 78 kW<\/td>\n<\/tr>\n<tr>\n<td>Anwendungen:<\/td>\n<td>M\u00e4her f\u00fcr den Innenausbau<br \/>\nRotationsschneider<br \/>\nKreiselh\u00e4cksler<\/td>\n<\/tr>\n<tr>\n<td>Drehmoment:<\/td>\n<td>7.117 \u2013 19.950 lb.-in.<br \/>\n(803 \u2013 2.252 Nm.)<\/td>\n<\/tr>\n<tr>\n<td>Verh\u00e4ltnisse:<\/td>\n<td>1.21:1, 1:1, 1:1.21, 1:1.46, 1:1.92<\/td>\n<\/tr>\n<tr>\n<td>Getriebetyp:<\/td>\n<td>Fase<\/td>\n<\/tr>\n<tr>\n<td>Dichtungstyp:<\/td>\n<td>Dreifach-Lippenfederung<\/td>\n<\/tr>\n<tr>\n<td>Lagertyp:<\/td>\n<td>Kegelrollenlager<\/td>\n<\/tr>\n<tr>\n<td>\u00d6lkapazit\u00e4t:<\/td>\n<td>60 Unzen.<br \/>\n(1,8 l)<\/td>\n<\/tr>\n<tr>\n<td>Gewicht:<\/td>\n<td>109 Pfund.<br \/>\n(49,9 kg.)<\/td>\n<\/tr>\n<\/tbody>\n<\/table>\n<p><img loading=\"lazy\" decoding=\"async\" class=\"alignnone size-full wp-image-2296\" src=\"https:\/\/fmp-components.com\/wp-content\/uploads\/2024\/12\/Rotary-Cutter-Gearboxes-1.webp\" alt=\"Rotationsschneider-Getriebe\" width=\"1278\" height=\"676\" title=\"\" srcset=\"https:\/\/fmp-components.com\/wp-content\/uploads\/2024\/12\/Rotary-Cutter-Gearboxes-1.webp 1278w, https:\/\/fmp-components.com\/wp-content\/uploads\/2024\/12\/Rotary-Cutter-Gearboxes-1-980x518.webp 980w, https:\/\/fmp-components.com\/wp-content\/uploads\/2024\/12\/Rotary-Cutter-Gearboxes-1-480x254.webp 480w\" sizes=\"(min-width: 0px) and (max-width: 480px) 480px, (min-width: 481px) and (max-width: 980px) 980px, (min-width: 981px) 1278px, 100vw\" \/><\/p>\n<h2>So befestigen Sie ein Rotationsschneidergetriebe an einem Rotationsschneider<\/h2>\n<p>Das Anbringen eines Rotationsschneidergetriebes an einem Rotationsschneider ist unkompliziert, erfordert jedoch Sorgfalt und Liebe zum Detail, um einen sicheren, effizienten und zuverl\u00e4ssigen Betrieb zu gew\u00e4hrleisten. Nachfolgend finden Sie die Schritte zum Anbringen eines Rotationsschneidergetriebes an einem Rotationsschneider:<\/p>\n<p><strong>Bereiten Sie die erforderlichen Werkzeuge und Ger\u00e4te vor<\/strong><\/p>\n<p>Legen Sie vor Beginn der Installation alle notwendigen Werkzeuge bereit, darunter Schraubenschl\u00fcssel, Schrauben, Schutzhandschuhe und alle f\u00fcr Ihr Getriebemodell erforderlichen Spezialwerkzeuge. Stellen Sie sicher, dass der Traktor sicher auf einer ebenen Fl\u00e4che steht und die Zapfwelle (Power Take-Off) abgekoppelt ist, um ein versehentliches Einkuppeln zu verhindern. \u00dcberpr\u00fcfen Sie au\u00dferdem den Zustand von Getriebe, Zapfwelle und Schneidsystem auf Sauberkeit und Besch\u00e4digungen.<\/p>\n<p><strong>Richten Sie das Getriebe mit dem Schneidwerk aus<\/strong><\/p>\n<p>Positionieren Sie das Getriebe des Rotationsschneiders in der N\u00e4he des M\u00e4hdecks und achten Sie darauf, dass die Eingangswelle (die Welle, die mit der Zapfwelle verbunden ist) mit dem entsprechenden Anschlusspunkt am M\u00e4hdeck ausgerichtet ist. Heben Sie das Getriebe vorsichtig an seinen Platz und achten Sie darauf, dass die Befestigungsl\u00f6cher am Getriebe mit den Befestigungspunkten am M\u00e4hdeck \u00fcbereinstimmen. Dieser Schritt erfordert eine sorgf\u00e4ltige Ausrichtung, um Sch\u00e4den am Getriebe oder M\u00e4hdeck w\u00e4hrend der Installation zu vermeiden.<\/p>\n<p><strong>Befestigen Sie das Getriebe am Schneidwerk<\/strong><\/p>\n<p>Sobald das Getriebe korrekt mit dem M\u00e4hdeck ausgerichtet ist, befestigen Sie es mit den mitgelieferten Schrauben und Befestigungsteilen am M\u00e4hdeck. Ziehen Sie die Schrauben mit dem entsprechenden Werkzeug gleichm\u00e4\u00dfig an, um eine feste, stabile Verbindung zu gew\u00e4hrleisten. Beachten Sie unbedingt die Drehmomentangaben des Herstellers, um ein zu festes Anziehen zu vermeiden, das zu Sch\u00e4den am Getriebe oder den Befestigungspunkten f\u00fchren kann. \u00dcberpr\u00fcfen Sie vor dem n\u00e4chsten Schritt, ob alle Schrauben fest angezogen sind.<\/p>\n<p><strong>Verbinden Sie die Zapfwelle mit dem Getriebe<\/strong><\/p>\n<p>Verbinden Sie anschlie\u00dfend die Zapfwelle mit der Eingangswelle des Getriebes. Die Zapfwelle sollte korrekt mit dem Zapfwelleneingang des Getriebes ausgerichtet sein. Stellen Sie sicher, dass die Welle vollst\u00e4ndig eingef\u00fchrt und gem\u00e4\u00df den Anweisungen des Herstellers verriegelt ist. Je nach Zapfwellentyp ben\u00f6tigen Sie m\u00f6glicherweise einen Scherstift oder einen Verriegelungsmechanismus zur Sicherung. Stellen Sie sicher, dass die Zapfwelle korrekt installiert ist und keine L\u00fccken oder losen Verbindungen aufweist, um Leistungsverluste oder Sicherheitsrisiken zu vermeiden.<\/p>\n<p><strong>Ausrichtung pr\u00fcfen und System testen<\/strong><\/p>\n<p>Nachdem Sie Getriebe und Zapfwelle befestigt haben, \u00fcberpr\u00fcfen Sie die Ausrichtung noch einmal, um sicherzustellen, dass keine Fehlausrichtungen oder Klemmen vorliegen. Stellen Sie sicher, dass sich das Getriebe frei und reibungslos dreht. Bevor Sie den Betrieb aufnehmen, ist es wichtig, das System bei niedriger Drehzahl am Traktor zu testen, um die ordnungsgem\u00e4\u00dfe Funktion sicherzustellen. Achten Sie auf ungew\u00f6hnliche Ger\u00e4usche oder Vibrationen, die auf ein Installationsproblem hinweisen k\u00f6nnten. Wenn alles reibungslos l\u00e4uft, ist das Getriebe nun ordnungsgem\u00e4\u00df befestigt und Sie k\u00f6nnen mit dem Rotationsschneider beginnen.<\/p>\n<p>Der Anbau eines Kreiselschneidergetriebes an einen Kreiselschneider erfordert sorgf\u00e4ltige Vorbereitung, Ausrichtung und Sicherung der Komponenten, um einen reibungslosen und sicheren Betrieb zu gew\u00e4hrleisten. Durch Befolgen dieser Schritte und die ordnungsgem\u00e4\u00dfe Installation von Zapfwelle, Getriebe und M\u00e4hdeck k\u00f6nnen Bediener von ihrem Kreiselschneidersystem zuverl\u00e4ssige Leistung und Langlebigkeit erwarten.<\/p>\n<p><img loading=\"lazy\" decoding=\"async\" class=\"alignnone size-full wp-image-2291\" src=\"https:\/\/fmp-components.com\/wp-content\/uploads\/2024\/12\/Installation-of-Rotary-Cutter-Gearbox-for-Rotary-Cutter1.webp\" alt=\"Einbau-des-Rotationsschneider-Getriebes-f\u00fcr-Rotationsschneider\" width=\"2064\" height=\"1112\" title=\"\" srcset=\"https:\/\/fmp-components.com\/wp-content\/uploads\/2024\/12\/Installation-of-Rotary-Cutter-Gearbox-for-Rotary-Cutter1.webp 2064w, https:\/\/fmp-components.com\/wp-content\/uploads\/2024\/12\/Installation-of-Rotary-Cutter-Gearbox-for-Rotary-Cutter1-1280x690.webp 1280w, https:\/\/fmp-components.com\/wp-content\/uploads\/2024\/12\/Installation-of-Rotary-Cutter-Gearbox-for-Rotary-Cutter1-980x528.webp 980w, https:\/\/fmp-components.com\/wp-content\/uploads\/2024\/12\/Installation-of-Rotary-Cutter-Gearbox-for-Rotary-Cutter1-480x259.webp 480w\" sizes=\"(min-width: 0px) and (max-width: 480px) 480px, (min-width: 481px) and (max-width: 980px) 980px, (min-width: 981px) and (max-width: 1280px) 1280px, (min-width: 1281px) 2064px, 100vw\" \/><\/p>\n<h2>Landwirtschaftliche Zapfwellen f\u00fcr Kreiselschneidergetriebe<\/h2>\n<p>Landwirtschaftliche Zapfwellen sind wichtige Komponenten, die das Zapfwellensystem (Power Take-Off) eines Traktors mit einem Kreiselmessergetriebe verbinden und die mechanische Kraft vom Traktor auf die Schneidklingen \u00fcbertragen. Diese Wellen sind f\u00fcr eine effiziente Kraft\u00fcbertragung auf Kreiselmesser ausgelegt und gew\u00e4hrleisten so eine optimale Schneidleistung bei landwirtschaftlichen Anwendungen wie M\u00e4hen, Buschroden und Landmanagement. Die auf Langlebigkeit, Sicherheit und Benutzerfreundlichkeit ausgelegten Zapfwellen f\u00fcr Kreiselmessergetriebe halten den hohen Drehmomentanforderungen in der Landwirtschaft und Industrie stand.<\/p>\n<p><strong>Effiziente Kraft\u00fcbertragung<\/strong><\/p>\n<p>Zapfwellen f\u00fcr Kreiselm\u00e4hgetriebe \u00fcbertragen die Kraft effizient von der Zapfwelle des Traktors auf das Kreiselm\u00e4hgetriebe, das wiederum die M\u00e4hklingen antreibt. Die Welle gew\u00e4hrleistet eine gleichm\u00e4\u00dfige und zuverl\u00e4ssige Kraft\u00fcbertragung bei der erforderlichen Drehzahl, sodass der Kreiselm\u00e4her auch in dichter Vegetation, unebenem Gel\u00e4nde und bei gro\u00dffl\u00e4chigen Arbeiten eingesetzt werden kann. Das Design der Zapfwelle minimiert den Energieverlust w\u00e4hrend der Kraft\u00fcbertragung, wodurch das System effizienter wird und der Kraftstoffverbrauch sinkt.<\/p>\n<p><strong>Robuste Konstruktion<\/strong><\/p>\n<p>Zapfwellen f\u00fcr Kreiselm\u00e4hgetriebe werden aus hochbelastbaren Materialien gefertigt, um den Belastungen bei hohen Drehmomenten standzuhalten. Sie bestehen typischerweise aus hochfestem Stahl und verf\u00fcgen \u00fcber langlebige Kreuzgelenke, die auch unter extremen Belastungen Flexibilit\u00e4t und einen reibungslosen Betrieb gew\u00e4hrleisten. Diese robuste Konstruktion erm\u00f6glicht den Zapfwellen einen zuverl\u00e4ssigen Einsatz in anspruchsvollen landwirtschaftlichen Umgebungen, beispielsweise beim Schneiden durch dichtes Gestr\u00fcpp oder unwegsames Gel\u00e4nde.<\/p>\n<p><strong>Sicherheitsfunktionen<\/strong><\/p>\n<p>Zapfwellen sind mit wichtigen Sicherheitsfunktionen ausgestattet, um Unf\u00e4lle w\u00e4hrend des Betriebs zu vermeiden. Scherstifte, Kupplungsmechanismen und Schutzschilde sind \u00fcblicherweise in die Konstruktion integriert. Der Scherstift sch\u00fctzt Zapfwelle und Getriebe vor \u00dcberlastung, indem er bei zu hohem Widerstand bricht. Das Schutzschild deckt die rotierende Welle ab, um versehentlichen Kontakt mit Bedienern oder Ger\u00e4ten in der N\u00e4he zu verhindern und so die Sicherheit im Feld zu erh\u00f6hen.<\/p>\n<p><strong>Anpassbare L\u00e4nge und Passform<\/strong><\/p>\n<p>Landwirtschaftliche Zapfwellen f\u00fcr Kreiselm\u00e4hgetriebe sind in verschiedenen L\u00e4ngen und Ausf\u00fchrungen erh\u00e4ltlich, passend f\u00fcr unterschiedliche Traktormodelle und Schneidsysteme. Je nach ben\u00f6tigter Reichweite und Traktorspezifikationen k\u00f6nnen die Zapfwellen individuell angepasst werden, um eine perfekte Passform zu gew\u00e4hrleisten. Ob ein- oder mehrstufige Welle \u2013 die Zapfwellen k\u00f6nnen an die spezifischen Anforderungen Ihres Kreiselm\u00e4hwerks angepasst werden und gew\u00e4hrleisten so eine reibungslose Kraft\u00fcbertragung und einen effizienten Betrieb.<\/p>\n<p><strong>Einfache Installation und Wartung<\/strong><\/p>\n<p>Zapfwellen sind f\u00fcr einen einfachen Ein- und Ausbau konzipiert und erm\u00f6glichen ein schnelles An- und Abkuppeln zwischen Traktor und Kreiselm\u00e4hgetriebe. Das Kardangelenk sorgt f\u00fcr Flexibilit\u00e4t und gleicht leichte Fluchtungsfehler zwischen Zapfwelle und Getriebeeingang aus. Zur regelm\u00e4\u00dfigen Wartung der Zapfwellen geh\u00f6ren Schmierung und Verschlei\u00dfpr\u00fcfung, z. B. auf Risse oder verschlissene Gelenke. Eine ordnungsgem\u00e4\u00dfe Wartung verl\u00e4ngert die Lebensdauer der Zapfwelle und gew\u00e4hrleistet einen dauerhaft zuverl\u00e4ssigen Betrieb.<\/p>\n<p>Landwirtschaftliche Zapfwellen f\u00fcr Kreiselm\u00e4hgetriebe sind unverzichtbare Komponenten f\u00fcr die Kraft\u00fcbertragung von der Traktorzapfwelle auf die M\u00e4hklingen und gew\u00e4hrleisten eine effiziente und zuverl\u00e4ssige Schneidleistung in einer Vielzahl von landwirtschaftlichen Anwendungen. Dank ihrer robusten Konstruktion, Sicherheitsfunktionen und individuellen Passform sind Zapfwellen f\u00fcr die Anforderungen der Gro\u00dflandwirtschaft und Landbewirtschaftung ausgelegt. Regelm\u00e4\u00dfige Wartung und korrekte Installation gew\u00e4hrleisten eine langfristige Leistung und machen Zapfwellen zu einem unverzichtbaren Bestandteil eines Kreiselm\u00e4hsystems.<\/p>\n<table style=\"width: 103.235%; height: 75px;\" width=\"136\">\n<tbody>\n<tr>\n<td style=\"width: 49.7908%;\" width=\"72\"><img loading=\"lazy\" decoding=\"async\" class=\"alignnone size-full wp-image-2292\" src=\"https:\/\/fmp-components.com\/wp-content\/uploads\/2024\/12\/Agricultural-PTO-Shafts-for-Rotary-Cutter-Gearboxes-91.webp\" alt=\"Landwirtschaftliche Zapfwellen f\u00fcr Kreiselschneidgetriebe\" width=\"964\" height=\"545\" title=\"\" srcset=\"https:\/\/fmp-components.com\/wp-content\/uploads\/2024\/12\/Agricultural-PTO-Shafts-for-Rotary-Cutter-Gearboxes-91.webp 964w, https:\/\/fmp-components.com\/wp-content\/uploads\/2024\/12\/Agricultural-PTO-Shafts-for-Rotary-Cutter-Gearboxes-91-480x271.webp 480w\" sizes=\"(min-width: 0px) and (max-width: 480px) 480px, (min-width: 481px) 964px, 100vw\" \/><\/td>\n<td style=\"width: 49.477%;\" width=\"64\"><img loading=\"lazy\" decoding=\"async\" class=\"alignnone size-full wp-image-2293\" src=\"https:\/\/fmp-components.com\/wp-content\/uploads\/2024\/12\/Agricultural-PTO-Shafts-for-Rotary-Cutter-Gearboxes-81.webp\" alt=\"Landwirtschaftliche Zapfwellen f\u00fcr Kreiselschneidgetriebe\" width=\"964\" height=\"545\" title=\"\" srcset=\"https:\/\/fmp-components.com\/wp-content\/uploads\/2024\/12\/Agricultural-PTO-Shafts-for-Rotary-Cutter-Gearboxes-81.webp 964w, https:\/\/fmp-components.com\/wp-content\/uploads\/2024\/12\/Agricultural-PTO-Shafts-for-Rotary-Cutter-Gearboxes-81-480x271.webp 480w\" sizes=\"(min-width: 0px) and (max-width: 480px) 480px, (min-width: 481px) 964px, 100vw\" \/><\/td>\n<\/tr>\n<\/tbody>\n<\/table>\n<h3>\u00dcber FMP<\/h3>\n<p>FMP mit Hauptsitz in Italien ist ein f\u00fchrender Hersteller, der f\u00fcr seine Expertise in der Konstruktion, Entwicklung und Produktion von Hochleistungsgetrieben mit besonderem Schwerpunkt auf dem Landmaschinensektor bekannt ist. Mit seinem Ruf f\u00fcr Pr\u00e4zisionstechnik, innovative L\u00f6sungen und unersch\u00fctterliche Zuverl\u00e4ssigkeit hat sich FMP zu einem vertrauensw\u00fcrdigen Partner entwickelt, der die sich wandelnden Anforderungen der Landwirtschaft und Industrie erf\u00fcllt. Unser vielf\u00e4ltiges Produktsortiment umfasst Spezialgetriebe f\u00fcr Rasenm\u00e4her, Zapfwellen und andere wichtige Komponenten, die alle sorgf\u00e4ltig konstruiert wurden, um ma\u00dfgeschneiderte L\u00f6sungen f\u00fcr ein breites Anwendungsspektrum zu bieten.<\/p>\n<p>Wir bei FMP wissen, dass jeder Kunde individuelle Anforderungen und Herausforderungen hat. Deshalb bieten wir ma\u00dfgeschneiderte L\u00f6sungen an, ob f\u00fcr einzelne Komponenten oder vollst\u00e4ndig integrierte Systeme. Wir arbeiten eng mit unseren Kunden zusammen, um sicherzustellen, dass jede L\u00f6sung nicht nur effektiv, sondern auch effizient ist und sowohl Leistung als auch Wert optimiert. Unser Engagement f\u00fcr schnelle, professionelle Antworten und kompetente Beratung gew\u00e4hrleistet, dass jede Anfrage mit gr\u00f6\u00dfter Sorgfalt und Pr\u00e4zision bearbeitet wird und so die bestm\u00f6glichen Ergebnisse erzielt werden.<\/p>\n<p>Wir legen Wert auf offene und kontinuierliche Kommunikation w\u00e4hrend des gesamten Produktentwicklungsprozesses. Unser engagiertes Team arbeitet direkt mit unseren Kunden zusammen, um deren spezifische Bed\u00fcrfnisse umfassend zu verstehen und liefert wertvolle Einblicke und Empfehlungen f\u00fcr optimale L\u00f6sungen. Ob bei der Entwicklung innovativer Produkte oder der Abwicklung laufender Auftr\u00e4ge \u2013 FMP ist stets bestrebt, hochwertige, pr\u00e4zise gefertigte L\u00f6sungen termingerecht zu liefern. Unser Ziel ist es, unseren Kunden den besten Service und die besten Ergebnisse zu bieten und mit jedem Projekt die Erwartungen zu \u00fcbertreffen.<\/p>\n<p>Qualit\u00e4t ist der Grundstein der Gesch\u00e4ftst\u00e4tigkeit von FMP. Wir halten uns an h\u00f6chste Fertigungsstandards und setzen strenge Qualit\u00e4tskontrollma\u00dfnahmen ein, um sicherzustellen, dass jedes Produkt die Industriestandards nicht nur erf\u00fcllt, sondern \u00fcbertrifft. Dieses unersch\u00fctterliche Engagement f\u00fcr Qualit\u00e4t, kombiniert mit unseren Grundwerten Integrit\u00e4t, Teamwork und Beharrlichkeit, hat es uns erm\u00f6glicht, langj\u00e4hrige, vertrauensvolle Beziehungen zu Kunden in fast 30 L\u00e4ndern weltweit aufzubauen.<\/p>\n<p>FMP ist stets offen f\u00fcr globale Partnerschaften und bietet kompetente Beratung und ma\u00dfgeschneiderte L\u00f6sungen, die den vielf\u00e4ltigen Bed\u00fcrfnissen unserer Kunden gerecht werden. Wir liefern nicht nur Produkte, sondern bauen langfristige Beziehungen auf, die zum Erfolg jedes Projekts beitragen. Ob Sie innovative L\u00f6sungen f\u00fcr eine neue Initiative oder fortlaufende Unterst\u00fctzung f\u00fcr ein bestehendes System ben\u00f6tigen \u2013 FMP bew\u00e4ltigt Ihre technischen Herausforderungen und sichert Ihren anhaltenden Erfolg.<\/p>\n<p><img loading=\"lazy\" decoding=\"async\" class=\"alignnone size-full wp-image-1861\" src=\"https:\/\/fmp-components.com\/wp-content\/uploads\/2024\/12\/Other-Agricultural-Gearboxes.webp\" sizes=\"(min-width: 0px) and (max-width: 480px) 480px, (min-width: 481px) and (max-width: 980px) 980px, (min-width: 981px) 1200px, 100vw\" srcset=\"https:\/\/fmp-components.com\/wp-content\/uploads\/2024\/12\/Other-Agricultural-Gearboxes.webp 1200w, https:\/\/fmp-components.com\/wp-content\/uploads\/2024\/12\/Other-Agricultural-Gearboxes-980x1143.webp 980w, https:\/\/fmp-components.com\/wp-content\/uploads\/2024\/12\/Other-Agricultural-Gearboxes-480x560.webp 480w\" alt=\"Altri-cambi-agricoli\" width=\"1200\" height=\"1400\" title=\"\"><\/p>\n<p>Autor: CX<\/p>","protected":false},"excerpt":{"rendered":"<p>Rotary Cutter Gearboxes \u2013 Replacement of Omni Code RC-130 Gearbox The Rotary Cutter Gearbox \u2013 Replacement of Omni Code RC-130 Gearbox is a robust, high-performance gearbox specifically engineered to replace the Omni Code RC-130 gearbox in rotary cutter systems. Designed for heavy-duty agricultural, industrial, and land management applications, this gearbox offers superior power transmission, reliability, [&hellip;]<\/p>","protected":false},"featured_media":2295,"comment_status":"open","ping_status":"closed","template":"","meta":{"_et_pb_use_builder":"","_et_pb_old_content":"","_et_gb_content_width":""},"product_brand":[],"product_cat":[56],"product_tag":[],"class_list":{"0":"post-2284","1":"product","2":"type-product","3":"status-publish","4":"has-post-thumbnail","6":"product_cat-rotary-cutter-gearbox","8":"first","9":"instock","10":"shipping-taxable","11":"product-type-simple"},"_links":{"self":[{"href":"https:\/\/fmp-components.com\/de\/wp-json\/wp\/v2\/product\/2284","targetHints":{"allow":["GET"]}}],"collection":[{"href":"https:\/\/fmp-components.com\/de\/wp-json\/wp\/v2\/product"}],"about":[{"href":"https:\/\/fmp-components.com\/de\/wp-json\/wp\/v2\/types\/product"}],"replies":[{"embeddable":true,"href":"https:\/\/fmp-components.com\/de\/wp-json\/wp\/v2\/comments?post=2284"}],"wp:featuredmedia":[{"embeddable":true,"href":"https:\/\/fmp-components.com\/de\/wp-json\/wp\/v2\/media\/2295"}],"wp:attachment":[{"href":"https:\/\/fmp-components.com\/de\/wp-json\/wp\/v2\/media?parent=2284"}],"wp:term":[{"taxonomy":"product_brand","embeddable":true,"href":"https:\/\/fmp-components.com\/de\/wp-json\/wp\/v2\/product_brand?post=2284"},{"taxonomy":"product_cat","embeddable":true,"href":"https:\/\/fmp-components.com\/de\/wp-json\/wp\/v2\/product_cat?post=2284"},{"taxonomy":"product_tag","embeddable":true,"href":"https:\/\/fmp-components.com\/de\/wp-json\/wp\/v2\/product_tag?post=2284"}],"curies":[{"name":"wp","href":"https:\/\/api.w.org\/{rel}","templated":true}]}}