{"id":2237,"date":"2024-12-31T02:56:15","date_gmt":"2024-12-31T02:56:15","guid":{"rendered":"https:\/\/fmp-components.com\/?page_id=8"},"modified":"2024-12-31T03:03:57","modified_gmt":"2024-12-31T03:03:57","slug":"rotary-cutter-gearbox-for-rotary-cutter-replacement-of-omni-gearbox-rc61","status":"publish","type":"product","link":"https:\/\/fmp-components.com\/de\/product\/rotary-cutter-gearbox-for-rotary-cutter-replacement-of-omni-gearbox-rc61\/","title":{"rendered":"Rotationsschneidergetriebe f\u00fcr Rotationsschneider - Ersatz des Omni-Getriebes RC61"},"content":{"rendered":"<p><span style=\"font-size: 18pt;\">Rotationsschneider-Getriebe f\u00fcr Rotationsschneider \u2013 Ersatz f\u00fcr Omni-Getriebe RC61<\/span><\/p>\n<p>Das Rotationsschneidergetriebe f\u00fcr Rotationsschneider \u2013 Ersatz f\u00fcr Omni Gearbox RC61 ist ein hochwertiges, langlebiges Getriebe, das als Ersatz f\u00fcr das Omni Gearbox RC61 entwickelt wurde. Es bietet nahtlose Kompatibilit\u00e4t und verbesserte Leistung f\u00fcr Rotationsschneider in der Landwirtschaft und Industrie. Dieses Ersatzgetriebe gew\u00e4hrleistet die gleiche zuverl\u00e4ssige Kraft\u00fcbertragung und Schneidleistung wie das Original und verf\u00fcgt gleichzeitig \u00fcber moderne Designverbesserungen, die seine Lebensdauer verl\u00e4ngern und die Wartungskosten senken.<\/p>\n<table style=\"border-collapse: collapse; width: 101.281%; height: 21px;\" border=\"0\" width=\"128\" cellspacing=\"0\" cellpadding=\"0\">\n<tbody>\n<tr style=\"height: 13.8pt;\">\n<td style=\"height: 13.8pt; width: 48pt;\" align=\"right\" width=\"64\" height=\"18\"><img loading=\"lazy\" decoding=\"async\" class=\"alignnone size-full wp-image-2251\" src=\"https:\/\/fmp-components.com\/wp-content\/uploads\/2024\/12\/75HP-Rotary-Cutter-Gearbox-1.webp\" alt=\"75 PS-Rotationsschneider-Getriebe\" width=\"800\" height=\"800\" title=\"\" srcset=\"https:\/\/fmp-components.com\/wp-content\/uploads\/2024\/12\/75HP-Rotary-Cutter-Gearbox-1.webp 800w, https:\/\/fmp-components.com\/wp-content\/uploads\/2024\/12\/75HP-Rotary-Cutter-Gearbox-1-480x480.webp 480w\" sizes=\"(min-width: 0px) and (max-width: 480px) 480px, (min-width: 481px) 800px, 100vw\" \/><\/td>\n<td style=\"width: 48pt;\" align=\"right\" width=\"64\"><img loading=\"lazy\" decoding=\"async\" class=\"alignnone size-full wp-image-2252\" src=\"https:\/\/fmp-components.com\/wp-content\/uploads\/2024\/12\/75HP-Rotary-Cutter-Gearbox.webp\" alt=\"75 PS-Rotationsschneider-Getriebe\" width=\"800\" height=\"800\" title=\"\" srcset=\"https:\/\/fmp-components.com\/wp-content\/uploads\/2024\/12\/75HP-Rotary-Cutter-Gearbox.webp 800w, https:\/\/fmp-components.com\/wp-content\/uploads\/2024\/12\/75HP-Rotary-Cutter-Gearbox-480x480.webp 480w\" sizes=\"(min-width: 0px) and (max-width: 480px) 480px, (min-width: 481px) 800px, 100vw\" \/><\/td>\n<\/tr>\n<\/tbody>\n<\/table>\n<ol>\n<li>Direkter Ersatz f\u00fcr Omni Gearbox RC61<br \/>\nDieses Ersatzgetriebe wurde speziell f\u00fcr die Spezifikationen des Omni RC61 entwickelt und passt direkt in Rotationsschneider, die zuvor mit dem Omni-Getriebe ausgestattet waren. Es gew\u00e4hrleistet eine problemlose Installation, minimiert Ausfallzeiten und stellt sicher, dass Ihre Anlage schnell wieder einsatzbereit ist.<\/li>\n<li>Hohe Leistungskapazit\u00e4t<br \/>\nDas Ersatzgetriebe ist auf den Leistungsbedarf von Hochleistungs-Rotationsm\u00e4hern ausgelegt und bietet zuverl\u00e4ssige Leistung f\u00fcr Aufgaben wie M\u00e4hen, Roden und Buschschneiden. Es gew\u00e4hrleistet eine gleichm\u00e4\u00dfige und effiziente Kraft\u00fcbertragung von der Zapfwelle des Traktors auf die Schneidklingen und optimiert so die Betriebseffizienz.<\/li>\n<li>Verbesserte Haltbarkeit und Leistung<br \/>\nDas Ersatzgetriebe besteht aus hochfesten, verschlei\u00dffesten Materialien und bietet im Vergleich zum Original Omni RC61 eine verbesserte Haltbarkeit und Langlebigkeit. Es ist f\u00fcr anspruchsvolle landwirtschaftliche und industrielle Bedingungen wie unwegsames Gel\u00e4nde, dichte Vegetation und Dauerbetrieb ausgelegt und stellt somit eine zuverl\u00e4ssige L\u00f6sung f\u00fcr anspruchsvolle Aufgaben dar.<\/li>\n<li>Verbesserte W\u00e4rmeableitung<br \/>\nDas Getriebe ist mit einem hervorragenden W\u00e4rmemanagement ausgestattet, das auch bei hoher Belastung und l\u00e4ngerem Einsatz einen effizienten Betrieb gew\u00e4hrleistet. Die verbesserte W\u00e4rmeableitung reduziert das Risiko einer \u00dcberhitzung und verl\u00e4ngert die Lebensdauer von Getriebe und Rollschneider, sodass die Spitzenleistung w\u00e4hrend des gesamten Arbeitstages erhalten bleibt.<\/li>\n<li>Geringer Wartungsaufwand und einfache Wartung<br \/>\nDas Ersatzgetriebe ist wartungsfreundlich konzipiert und verf\u00fcgt \u00fcber gut zug\u00e4ngliche Schmierstellen und abgedichtete Lager, die den Schmierbedarf reduzieren. Die robuste Konstruktion und die effizienten Dichtungsmechanismen sch\u00fctzen vor Schmutz, Feuchtigkeit und Verunreinigungen und reduzieren so den Verschlei\u00df und die Wartungsh\u00e4ufigkeit.<\/li>\n<\/ol>\n<p>Das Rotationsschneidergetriebe f\u00fcr Rotationsschneider \u2013 Ersatz f\u00fcr das Omni-Getriebe RC61 ist die perfekte L\u00f6sung f\u00fcr alle, die ihr Omni RC61-Getriebe ohne Kompromisse bei Leistung oder Zuverl\u00e4ssigkeit ersetzen m\u00f6chten. Mit verbesserter Haltbarkeit, effizienter Kraft\u00fcbertragung und einfachen Wartungsfunktionen sorgt dieses Ersatzgetriebe daf\u00fcr, dass Ihr Rotationsschneider auch in anspruchsvollsten landwirtschaftlichen und industriellen Anwendungen optimal funktioniert. Als direkter Ersatz mit verbesserten Funktionen sorgt es f\u00fcr minimale Ausfallzeiten und dauerhafte Zuverl\u00e4ssigkeit und ist damit die ideale Wahl f\u00fcr Betreiber, die das Beste von ihren Maschinen verlangen.<\/p>\n<h2>Spezifikationen des Rotationsschneidergetriebes RC61:<\/h2>\n<p>Modell: FMP-RC61<\/p>\n<table border=\"1\" width=\"100%\" cellspacing=\"0\" cellpadding=\"0\">\n<tbody>\n<tr>\n<td class=\"et2\" rowspan=\"2\" width=\"117\" height=\"162\">Drehmoment<\/td>\n<td class=\"et2\" width=\"117\">4.803 \u2013 9.683 lb.-in.<\/td>\n<\/tr>\n<tr>\n<td class=\"et2\" width=\"117\">(461 \u2013 1.903 Nm.)<\/td>\n<\/tr>\n<tr>\n<td class=\"et2\" width=\"117\" height=\"96\">Verh\u00e4ltnisse<\/td>\n<td class=\"et2\" width=\"117\">1.21:1, 1:1, 1:1.21, 1:1.46, 1:1.93<\/td>\n<\/tr>\n<tr>\n<td class=\"et2\" width=\"117\" height=\"27\">Getriebetyp<\/td>\n<td class=\"et2\" width=\"117\">Fase<\/td>\n<\/tr>\n<tr>\n<td class=\"et2\" width=\"117\" height=\"72\">Dichtungstyp<\/td>\n<td class=\"et2\" width=\"117\">Dreifach-Lippenfederung<\/td>\n<\/tr>\n<tr>\n<td class=\"et2\" width=\"117\" height=\"54\">Lagertyp<\/td>\n<td class=\"et2\" width=\"117\">Kegelrollenlager<\/td>\n<\/tr>\n<tr>\n<td class=\"et2\" rowspan=\"2\" width=\"117\" height=\"54\">\u00d6lkapazit\u00e4t<\/td>\n<td class=\"et2\" width=\"117\">32 Unzen.<\/td>\n<\/tr>\n<tr>\n<td class=\"et2\" width=\"117\">(0,95 l)<\/td>\n<\/tr>\n<tr>\n<td class=\"et2\" rowspan=\"2\" width=\"117\" height=\"54\">Gewicht<\/td>\n<td class=\"et2\" width=\"117\">81 Pfund.<\/td>\n<\/tr>\n<tr>\n<td class=\"et2\" width=\"117\">(36,7 kg.)<\/td>\n<\/tr>\n<\/tbody>\n<\/table>\n<p>75 PS starkes Rotationsschneidgetriebe mit 1-3\/8\u2033 6-Keil-Eingangswelle und einer \u00dcbersetzung von 1:1,46. Das Gusseisengeh\u00e4use ist zum Schutz der Zahnr\u00e4der und Lager abgedichtet. Die Montageplatte verf\u00fcgt \u00fcber vier Schraubenl\u00f6cher im Abstand von 5,5\u2033 im Quadrat. Lieferung ohne \u00d6l (16 oz bei 80-90 W).<\/p>\n<p>Das Getriebe verf\u00fcgt \u00fcber einen gef\u00fchrten Flanschboden, der in ein 5-5\/8\u2033-F\u00fchrungsloch im M\u00e4hwerk\/Schneidwerk passt.<\/p>\n<table style=\"border-collapse: collapse; width: 97.0182%; height: 19px;\" border=\"0\" width=\"128\" cellspacing=\"0\" cellpadding=\"0\">\n<tbody>\n<tr style=\"height: 13.8pt;\">\n<td style=\"height: 19px; width: 49.6183%;\" align=\"right\" width=\"64\" height=\"18\"><img loading=\"lazy\" decoding=\"async\" class=\"alignnone size-full wp-image-2248\" src=\"https:\/\/fmp-components.com\/wp-content\/uploads\/2024\/12\/Rotary-Cutter-Gearbox-Manufacturers-1.webp\" alt=\"Rotationsschneider-Getriebe\" width=\"1173\" height=\"866\" title=\"\" srcset=\"https:\/\/fmp-components.com\/wp-content\/uploads\/2024\/12\/Rotary-Cutter-Gearbox-Manufacturers-1.webp 1173w, https:\/\/fmp-components.com\/wp-content\/uploads\/2024\/12\/Rotary-Cutter-Gearbox-Manufacturers-1-980x724.webp 980w, https:\/\/fmp-components.com\/wp-content\/uploads\/2024\/12\/Rotary-Cutter-Gearbox-Manufacturers-1-480x354.webp 480w\" sizes=\"(min-width: 0px) and (max-width: 480px) 480px, (min-width: 481px) and (max-width: 980px) 980px, (min-width: 981px) 1173px, 100vw\" \/><\/td>\n<td style=\"width: 378.551%; height: 19px;\" align=\"right\" width=\"64\"><img loading=\"lazy\" decoding=\"async\" class=\"alignnone  wp-image-2249\" src=\"https:\/\/fmp-components.com\/wp-content\/uploads\/2024\/12\/Rotary-Cutter-Gearbox-Manufacturers.webp\" alt=\"Rotationsschneider-Getriebe\" width=\"523\" height=\"382\" title=\"\"><\/td>\n<\/tr>\n<\/tbody>\n<\/table>\n<h2>Zapfwellen f\u00fcr Kreiselschneidergetriebe<\/h2>\n<p>Die Zapfwellen f\u00fcr Kreiselm\u00e4hgetriebe spielen eine entscheidende Rolle bei der Kraft\u00fcbertragung von der Zapfwelle des Traktors zum Kreiselm\u00e4hgetriebe und erm\u00f6glichen so den effizienten Betrieb der Schneidmesser. Diese Wellen sind f\u00fcr das hohe Drehmoment und die anspruchsvollen Bedingungen in landwirtschaftlichen und industriellen Anwendungen ausgelegt und gew\u00e4hrleisten eine zuverl\u00e4ssige Kraft\u00fcbertragung f\u00fcr eine Vielzahl von Kreiselm\u00e4haufgaben wie M\u00e4hen, Roden und Vegetationspflege.<\/p>\n<p>Zapfwellen bestehen aus hochfesten Materialien und sind auf Langlebigkeit ausgelegt. Sie halten den harten Bedingungen in der Landwirtschaft und in der Industrie stand. Ihre robuste Konstruktion reduziert das Verschlei\u00dfrisiko und sorgt f\u00fcr dauerhafte Leistung bei minimalem Wartungs- oder Austauschbedarf. Das macht sie zu einer kosteng\u00fcnstigen L\u00f6sung f\u00fcr Betreiber, die zuverl\u00e4ssige Ger\u00e4te f\u00fcr den Schwerlastbetrieb suchen.<\/p>\n<p>Die vielseitig einsetzbaren Zapfwellen f\u00fcr Rotationsschneidergetriebe sind in verschiedenen Gr\u00f6\u00dfen und Ausf\u00fchrungen erh\u00e4ltlich und somit mit einer Vielzahl von Rotationsschneidern und Getrieben kompatibel. Diese universelle Kompatibilit\u00e4t stellt sicher, dass Bediener problemlos eine passende Welle f\u00fcr ihre spezifische Maschine finden und eine nahtlose Integration in vorhandene Ger\u00e4te ohne zus\u00e4tzliche Modifikationen erm\u00f6glichen.<\/p>\n<p>Die Zapfwellen sind mit Kreuzgelenken ausgestattet, die eine reibungslose Kraft\u00fcbertragung erm\u00f6glichen und Vibrationen w\u00e4hrend des Betriebs reduzieren. Dies erh\u00f6ht nicht nur die Effizienz des Rotationsschneiders, sondern minimiert auch den Verschlei\u00df an Welle und Getriebe und verl\u00e4ngert so die Lebensdauer beider Komponenten. Dar\u00fcber hinaus tragen diese Gelenke zum Bedienkomfort bei, indem sie Vibrationen reduzieren, die sonst zu Beschwerden oder Ger\u00e4tesch\u00e4den f\u00fchren k\u00f6nnen.<\/p>\n<p>Sicherheit hat bei Zapfwellen f\u00fcr Kreiselfr\u00e4sengetriebe oberste Priorit\u00e4t. Sie sind mit Schutzabdeckungen ausgestattet, die einen versehentlichen Kontakt mit beweglichen Teilen verhindern und so das Verletzungsrisiko w\u00e4hrend des Betriebs verringern. Dank ihres wartungsfreundlichen Designs mit leicht zug\u00e4nglichen Schmierstellen ben\u00f6tigen Zapfwellen nur minimale Wartung, was einen reibungslosen, unterbrechungsfreien Betrieb gew\u00e4hrleistet und dem Bediener Sicherheit gibt.<\/p>\n<table style=\"border-collapse: collapse; width: 99.75%; height: 84px;\" border=\"0\" width=\"128\" cellspacing=\"0\" cellpadding=\"0\">\n<tbody>\n<tr style=\"height: 13.8pt;\">\n<td style=\"height: 13.8pt; width: 48pt;\" align=\"right\" width=\"64\" height=\"18\"><img loading=\"lazy\" decoding=\"async\" class=\"alignnone size-full wp-image-2247\" src=\"https:\/\/fmp-components.com\/wp-content\/uploads\/2024\/12\/PTO-Shafts-for-Rotary-Cutters-Gearboxes.webp\" alt=\"Zapfwellen f\u00fcr Kreiss\u00e4gengetriebe\" width=\"800\" height=\"547\" title=\"\" srcset=\"https:\/\/fmp-components.com\/wp-content\/uploads\/2024\/12\/PTO-Shafts-for-Rotary-Cutters-Gearboxes.webp 800w, https:\/\/fmp-components.com\/wp-content\/uploads\/2024\/12\/PTO-Shafts-for-Rotary-Cutters-Gearboxes-480x328.webp 480w\" sizes=\"(min-width: 0px) and (max-width: 480px) 480px, (min-width: 481px) 800px, 100vw\" \/><\/td>\n<td style=\"width: 48pt;\" align=\"right\" width=\"64\"><img loading=\"lazy\" decoding=\"async\" class=\"alignnone size-full wp-image-2246\" src=\"https:\/\/fmp-components.com\/wp-content\/uploads\/2024\/12\/PTO-Shafts-for-Rotary-Cutters-Gearboxes-1.webp\" alt=\"Zapfwellen f\u00fcr Kreiss\u00e4gengetriebe\" width=\"800\" height=\"547\" title=\"\" srcset=\"https:\/\/fmp-components.com\/wp-content\/uploads\/2024\/12\/PTO-Shafts-for-Rotary-Cutters-Gearboxes-1.webp 800w, https:\/\/fmp-components.com\/wp-content\/uploads\/2024\/12\/PTO-Shafts-for-Rotary-Cutters-Gearboxes-1-480x328.webp 480w\" sizes=\"(min-width: 0px) and (max-width: 480px) 480px, (min-width: 481px) 800px, 100vw\" \/><\/td>\n<\/tr>\n<\/tbody>\n<\/table>\n<article class=\"w-full scroll-mb-[var(--thread-trailing-height,150px)] text-token-text-primary focus-visible:outline-2 focus-visible:outline-offset-[-4px]\" dir=\"auto\" data-testid=\"conversation-turn-20\" data-scroll-anchor=\"false\">\n<div class=\"m-auto text-base py-[18px] px-3 md:px-4 w-full md:px-5 lg:px-4 xl:px-5\">\n<div class=\"mx-auto flex flex-1 gap-4 text-base md:gap-5 lg:gap-6 md:max-w-3xl lg:max-w-[40rem] xl:max-w-[48rem]\">\n<div class=\"group\/conversation-turn relative flex w-full min-w-0 flex-col\">\n<div class=\"flex-col gap-1 md:gap-3\">\n<div class=\"flex max-w-full flex-col flex-grow\">\n<div class=\"min-h-8 text-message flex w-full flex-col items-end gap-2 whitespace-normal break-words text-start [.text-message+&amp;]:mt-5\" dir=\"auto\" data-message-author-role=\"user\" data-message-id=\"aaa27fd9-49dc-4708-a221-af5ead1cb429\">\n<div class=\"flex w-full flex-col gap-1 empty:hidden items-end rtl:items-start\">\n<div class=\"relative max-w-[var(--user-chat-width,70%)] rounded-3xl bg-token-message-surface px-5 py-2.5\">\n<h2 class=\"whitespace-pre-wrap\">Rotationsschneidergetriebe f\u00fcr landwirtschaftliche Anwendungen<\/h2>\n<\/div>\n<\/div>\n<\/div>\n<\/div>\n<\/div>\n<\/div>\n<\/div>\n<\/div>\n<\/article>\n<article class=\"w-full scroll-mb-[var(--thread-trailing-height,150px)] text-token-text-primary focus-visible:outline-2 focus-visible:outline-offset-[-4px]\" dir=\"auto\" data-testid=\"conversation-turn-21\" data-scroll-anchor=\"true\">\n<div class=\"m-auto text-base py-[18px] px-3 md:px-4 w-full md:px-5 lg:px-4 xl:px-5\">\n<div class=\"mx-auto flex flex-1 gap-4 text-base md:gap-5 lg:gap-6 md:max-w-3xl lg:max-w-[40rem] xl:max-w-[48rem]\">\n<div class=\"group\/conversation-turn relative flex w-full min-w-0 flex-col agent-turn\">\n<div class=\"flex-col gap-1 md:gap-3\">\n<div class=\"flex max-w-full flex-col flex-grow\">\n<div class=\"min-h-8 text-message flex w-full flex-col items-end gap-2 whitespace-normal break-words text-start [.text-message+&amp;]:mt-5\" dir=\"auto\" data-message-author-role=\"assistant\" data-message-id=\"3f3b9200-b56c-4000-a794-05c47b9c7c81\" data-message-model-slug=\"gpt-4o\">\n<div class=\"flex w-full flex-col gap-1 empty:hidden first:pt-[3px]\">\n<div class=\"markdown prose w-full break-words dark:prose-invert light\">\n<p>Das Kreiselmessergetriebe spielt eine zentrale Rolle in landwirtschaftlichen Maschinen, insbesondere in Kreiselmessern zum M\u00e4hen, Roden und zur Vegetationspflege. Dieses Getriebe \u00fcbertr\u00e4gt die Kraft effizient von der Zapfwelle (Power Take-Off) des Traktors auf die Kreiselmesser und sorgt so f\u00fcr einen reibungslosen Betrieb und eine effektive Schneidleistung in einer Vielzahl landwirtschaftlicher Anwendungen.<\/p>\n<ol>\n<li>Leistungsstarke und effiziente Leistung<br \/>\nKreiselschneidgetriebe sind f\u00fcr hohe Leistungen ausgelegt und eignen sich daher f\u00fcr anspruchsvolle landwirtschaftliche Aufgaben. Sie wandeln die Leistung der Traktorzapfwelle effizient in Rotationskraft f\u00fcr die Schneidmesser um und gew\u00e4hrleisten so hohe Leistung auch in dichter oder z\u00e4her Vegetation. Diese Kraft\u00fcbertragung minimiert Energieverluste und optimiert die Schneidleistung, wodurch Kraftstoffverbrauch und Betriebskosten gesenkt werden.<\/li>\n<li>Haltbarkeit und Zuverl\u00e4ssigkeit<br \/>\nLandwirtschaftliche Umgebungen k\u00f6nnen rau sein, mit unwegsamem Gel\u00e4nde und st\u00e4ndiger Belastung durch Schmutz, Feuchtigkeit und Chemikalien. Rotationsschneidgetriebe sind so konstruiert, dass sie diesen Bedingungen standhalten, dank ihrer langlebigen Konstruktion und verschlei\u00df- und korrosionsbest\u00e4ndigen Materialien. Ihre robuste Konstruktion gew\u00e4hrleistet langfristige Zuverl\u00e4ssigkeit und reduzierten Wartungsbedarf und macht sie ideal f\u00fcr Landwirte und Bediener, die ihre Maschinen \u00fcber l\u00e4ngere Zeitr\u00e4ume nutzen.<\/li>\n<li>Vielseitigkeit im landwirtschaftlichen Betrieb<br \/>\nKreiselm\u00e4hgetriebe sind vielseitig einsetzbar und k\u00f6nnen in verschiedenen landwirtschaftlichen Anwendungen eingesetzt werden, beispielsweise zum M\u00e4hen gro\u00dfer Felder, zum Entfernen von Unkraut und Gestr\u00fcpp, zur Graspflege und zur Stra\u00dfenrandpflege. Diese Getriebe k\u00f6nnen an verschiedene Kreiselm\u00e4hmodelle angepasst werden und bieten somit eine flexible L\u00f6sung f\u00fcr eine Vielzahl von Aufgaben in der Landwirtschaft und Landpflege.<\/li>\n<li>Einfache Wartung<br \/>\nRegelm\u00e4\u00dfige Wartung des Rotationsschneidergetriebes ist unerl\u00e4sslich, um dessen Lebensdauer und Leistung zu maximieren. Diese Getriebe sind wartungsfreundlich konzipiert und verf\u00fcgen \u00fcber leicht zug\u00e4ngliche Schmierstellen und abgedichtete Lager, die nur minimale Schmierung erfordern. Dar\u00fcber hinaus verf\u00fcgen viele Modelle \u00fcber Schutzfunktionen, die das Eindringen von Schmutz und Verunreinigungen reduzieren. Dies gew\u00e4hrleistet einen reibungsloseren Betrieb und reduziert die H\u00e4ufigkeit von Reparaturen oder Austausch.<\/li>\n<li>Sicherheit und Schutz<br \/>\nDie Getriebe landwirtschaftlicher Rotationsm\u00e4hwerke sind mit Sicherheitsfunktionen wie einem \u00dcberlastschutz ausgestattet, der sicherstellt, dass das Getriebe auch unter hoher Belastung betriebsbereit bleibt, ohne dass es besch\u00e4digt wird. Dar\u00fcber hinaus sind diese Getriebe h\u00e4ufig mit Schutzvorrichtungen ausgestattet, die den Bediener vor beweglichen Teilen sch\u00fctzen und so zu einer sichereren Arbeitsumgebung beitragen.<\/li>\n<\/ol>\n<p>Das Kreiselmessergetriebe ist ein wesentlicher Bestandteil moderner Landmaschinen und bietet die f\u00fcr vielf\u00e4ltige Schneidaufgaben erforderliche Leistung und Langlebigkeit. Dank effizienter Kraft\u00fcbertragung, robuster Konstruktion und einfacher Wartung sorgen diese Getriebe daf\u00fcr, dass Kreiselmesser \u00fcber lange Zeitr\u00e4ume hinweg H\u00f6chstleistungen erbringen und sind somit ein wertvolles Werkzeug f\u00fcr Landwirte und Landbewirtschafter. Ob beim M\u00e4hen, Roden oder in der Vegetationspflege \u2013 das Kreiselmessergetriebe tr\u00e4gt zu verbesserter Produktivit\u00e4t, geringeren Betriebskosten und erh\u00f6hter Sicherheit im landwirtschaftlichen Betrieb bei.<\/p>\n<table style=\"border-collapse: collapse; width: 100.734%; height: 112px;\" border=\"0\" width=\"128\" cellspacing=\"0\" cellpadding=\"0\">\n<tbody>\n<tr style=\"height: 13.8pt;\">\n<td style=\"height: 13.8pt; width: 48pt;\" align=\"right\" width=\"64\" height=\"18\"><img loading=\"lazy\" decoding=\"async\" class=\"alignnone size-full wp-image-2244\" src=\"https:\/\/fmp-components.com\/wp-content\/uploads\/2024\/12\/RC61-75HP-Rotary-Cutter-Gearbox-Features-1.webp\" alt=\"RC61-75HP-Rotationsschneider-Getriebe-Funktionen\" width=\"1024\" height=\"768\" title=\"\" srcset=\"https:\/\/fmp-components.com\/wp-content\/uploads\/2024\/12\/RC61-75HP-Rotary-Cutter-Gearbox-Features-1.webp 1024w, https:\/\/fmp-components.com\/wp-content\/uploads\/2024\/12\/RC61-75HP-Rotary-Cutter-Gearbox-Features-1-980x735.webp 980w, https:\/\/fmp-components.com\/wp-content\/uploads\/2024\/12\/RC61-75HP-Rotary-Cutter-Gearbox-Features-1-480x360.webp 480w\" sizes=\"(min-width: 0px) and (max-width: 480px) 480px, (min-width: 481px) and (max-width: 980px) 980px, (min-width: 981px) 1024px, 100vw\" \/><\/td>\n<td style=\"width: 48pt;\" align=\"right\" width=\"64\"><img loading=\"lazy\" decoding=\"async\" class=\"alignnone size-full wp-image-2245\" src=\"https:\/\/fmp-components.com\/wp-content\/uploads\/2024\/12\/RC61-75HP-Rotary-Cutter-Gearbox-Features-2.webp\" alt=\"RC61-75HP-Rotationsschneider-Getriebe-Funktionen\" width=\"1024\" height=\"768\" title=\"\" srcset=\"https:\/\/fmp-components.com\/wp-content\/uploads\/2024\/12\/RC61-75HP-Rotary-Cutter-Gearbox-Features-2.webp 1024w, https:\/\/fmp-components.com\/wp-content\/uploads\/2024\/12\/RC61-75HP-Rotary-Cutter-Gearbox-Features-2-980x735.webp 980w, https:\/\/fmp-components.com\/wp-content\/uploads\/2024\/12\/RC61-75HP-Rotary-Cutter-Gearbox-Features-2-480x360.webp 480w\" sizes=\"(min-width: 0px) and (max-width: 480px) 480px, (min-width: 481px) and (max-width: 980px) 980px, (min-width: 981px) 1024px, 100vw\" \/><\/td>\n<\/tr>\n<\/tbody>\n<\/table>\n<h3>\u00dcber FMP<\/h3>\n<p>FMP mit Hauptsitz in Italien ist ein f\u00fchrender Hersteller, der f\u00fcr seine Expertise in der Konstruktion, Entwicklung und Produktion von Hochleistungsgetrieben mit besonderem Schwerpunkt auf dem Landmaschinensektor bekannt ist. Mit seinem Ruf f\u00fcr Pr\u00e4zisionstechnik, innovative L\u00f6sungen und unersch\u00fctterliche Zuverl\u00e4ssigkeit hat sich FMP zu einem vertrauensw\u00fcrdigen Partner entwickelt, der die sich wandelnden Anforderungen der Landwirtschaft und Industrie erf\u00fcllt. Unser vielf\u00e4ltiges Produktsortiment umfasst Spezialgetriebe f\u00fcr Rasenm\u00e4her, Zapfwellen und andere wichtige Komponenten, die alle sorgf\u00e4ltig konstruiert wurden, um ma\u00dfgeschneiderte L\u00f6sungen f\u00fcr ein breites Anwendungsspektrum zu bieten.<\/p>\n<p>Wir bei FMP wissen, dass jeder Kunde individuelle Anforderungen und Herausforderungen hat. Deshalb bieten wir ma\u00dfgeschneiderte L\u00f6sungen an, ob f\u00fcr einzelne Komponenten oder vollst\u00e4ndig integrierte Systeme. Wir arbeiten eng mit unseren Kunden zusammen, um sicherzustellen, dass jede L\u00f6sung nicht nur effektiv, sondern auch effizient ist und sowohl Leistung als auch Wert optimiert. Unser Engagement f\u00fcr schnelle, professionelle Antworten und kompetente Beratung gew\u00e4hrleistet, dass jede Anfrage mit gr\u00f6\u00dfter Sorgfalt und Pr\u00e4zision bearbeitet wird und so die bestm\u00f6glichen Ergebnisse erzielt werden.<\/p>\n<p>Wir legen Wert auf offene und kontinuierliche Kommunikation w\u00e4hrend des gesamten Produktentwicklungsprozesses. Unser engagiertes Team arbeitet direkt mit unseren Kunden zusammen, um deren spezifische Bed\u00fcrfnisse umfassend zu verstehen und liefert wertvolle Einblicke und Empfehlungen f\u00fcr optimale L\u00f6sungen. Ob bei der Entwicklung innovativer Produkte oder der Abwicklung laufender Auftr\u00e4ge \u2013 FMP ist stets bestrebt, hochwertige, pr\u00e4zise gefertigte L\u00f6sungen termingerecht zu liefern. Unser Ziel ist es, unseren Kunden den besten Service und die besten Ergebnisse zu bieten und mit jedem Projekt die Erwartungen zu \u00fcbertreffen.<\/p>\n<p>Qualit\u00e4t ist der Grundstein der Gesch\u00e4ftst\u00e4tigkeit von FMP. Wir halten uns an h\u00f6chste Fertigungsstandards und setzen strenge Qualit\u00e4tskontrollma\u00dfnahmen ein, um sicherzustellen, dass jedes Produkt die Industriestandards nicht nur erf\u00fcllt, sondern \u00fcbertrifft. Dieses unersch\u00fctterliche Engagement f\u00fcr Qualit\u00e4t, kombiniert mit unseren Grundwerten Integrit\u00e4t, Teamwork und Beharrlichkeit, hat es uns erm\u00f6glicht, langj\u00e4hrige, vertrauensvolle Beziehungen zu Kunden in fast 30 L\u00e4ndern weltweit aufzubauen.<\/p>\n<p>FMP ist stets offen f\u00fcr globale Partnerschaften und bietet kompetente Beratung und ma\u00dfgeschneiderte L\u00f6sungen, die den vielf\u00e4ltigen Bed\u00fcrfnissen unserer Kunden gerecht werden. Wir liefern nicht nur Produkte, sondern bauen langfristige Beziehungen auf, die zum Erfolg jedes Projekts beitragen. Ob Sie innovative L\u00f6sungen f\u00fcr eine neue Initiative oder fortlaufende Unterst\u00fctzung f\u00fcr ein bestehendes System ben\u00f6tigen \u2013 FMP bew\u00e4ltigt Ihre technischen Herausforderungen und sichert Ihren anhaltenden Erfolg.<\/p>\n<p><img loading=\"lazy\" decoding=\"async\" class=\"alignnone size-full wp-image-1861\" src=\"https:\/\/fmp-components.com\/wp-content\/uploads\/2024\/12\/Other-Agricultural-Gearboxes.webp\" sizes=\"(min-width: 0px) and (max-width: 480px) 480px, (min-width: 481px) and (max-width: 980px) 980px, (min-width: 981px) 1200px, 100vw\" srcset=\"https:\/\/fmp-components.com\/wp-content\/uploads\/2024\/12\/Other-Agricultural-Gearboxes.webp 1200w, https:\/\/fmp-components.com\/wp-content\/uploads\/2024\/12\/Other-Agricultural-Gearboxes-980x1143.webp 980w, https:\/\/fmp-components.com\/wp-content\/uploads\/2024\/12\/Other-Agricultural-Gearboxes-480x560.webp 480w\" alt=\"Altri-cambi-agricoli\" width=\"1200\" height=\"1400\" title=\"\"><\/p>\n<p>Autor: CX<\/p>\n<\/div>\n<\/div>\n<\/div>\n<\/div>\n<\/div>\n<\/div>\n<\/div>\n<\/div>\n<\/article>","protected":false},"excerpt":{"rendered":"<p>Rotary Cutter Gearbox for Rotary Cutter \u2013 Replacement for Omni Gearbox RC61 The Rotary Cutter Gearbox for Rotary Cutter \u2013 Replacement for Omni Gearbox RC61 is a high-quality, durable gearbox designed to replace the Omni Gearbox RC61, offering seamless compatibility and enhanced performance for rotary cutters used in agricultural and industrial applications. This replacement gearbox [&hellip;]<\/p>","protected":false},"featured_media":2243,"comment_status":"open","ping_status":"closed","template":"","meta":{"_et_pb_use_builder":"","_et_pb_old_content":"","_et_gb_content_width":""},"product_brand":[],"product_cat":[56],"product_tag":[],"class_list":{"0":"post-2237","1":"product","2":"type-product","3":"status-publish","4":"has-post-thumbnail","6":"product_cat-rotary-cutter-gearbox","8":"first","9":"instock","10":"shipping-taxable","11":"product-type-simple"},"_links":{"self":[{"href":"https:\/\/fmp-components.com\/de\/wp-json\/wp\/v2\/product\/2237","targetHints":{"allow":["GET"]}}],"collection":[{"href":"https:\/\/fmp-components.com\/de\/wp-json\/wp\/v2\/product"}],"about":[{"href":"https:\/\/fmp-components.com\/de\/wp-json\/wp\/v2\/types\/product"}],"replies":[{"embeddable":true,"href":"https:\/\/fmp-components.com\/de\/wp-json\/wp\/v2\/comments?post=2237"}],"wp:featuredmedia":[{"embeddable":true,"href":"https:\/\/fmp-components.com\/de\/wp-json\/wp\/v2\/media\/2243"}],"wp:attachment":[{"href":"https:\/\/fmp-components.com\/de\/wp-json\/wp\/v2\/media?parent=2237"}],"wp:term":[{"taxonomy":"product_brand","embeddable":true,"href":"https:\/\/fmp-components.com\/de\/wp-json\/wp\/v2\/product_brand?post=2237"},{"taxonomy":"product_cat","embeddable":true,"href":"https:\/\/fmp-components.com\/de\/wp-json\/wp\/v2\/product_cat?post=2237"},{"taxonomy":"product_tag","embeddable":true,"href":"https:\/\/fmp-components.com\/de\/wp-json\/wp\/v2\/product_tag?post=2237"}],"curies":[{"name":"wp","href":"https:\/\/api.w.org\/{rel}","templated":true}]}}