{"id":2218,"date":"2024-12-31T01:15:47","date_gmt":"2024-12-31T01:15:47","guid":{"rendered":"https:\/\/fmp-components.com\/?page_id=8"},"modified":"2024-12-31T01:49:51","modified_gmt":"2024-12-31T01:49:51","slug":"rotary-cutter-gearboxes-replacement-of-omni-code-rc-27-gearbox","status":"publish","type":"product","link":"https:\/\/fmp-components.com\/de\/product\/rotary-cutter-gearboxes-replacement-of-omni-code-rc-27-gearbox\/","title":{"rendered":"Rotationsschneidergetriebe \u2013 Austausch des Omni Code RC-27-Getriebes"},"content":{"rendered":"<p style=\"text-align: center;\"><span style=\"font-size: 18pt;\">Rotationsschneidergetriebe \u2013 Ersatz des Omni Code RC-27-Getriebes<\/span><\/p>\n<p>Das RC-27-Rotationsschneidergetriebe ist ein Hochleistungsgetriebe f\u00fcr die zuverl\u00e4ssige und effiziente Kraft\u00fcbertragung von Rotationsschneidern in der Landwirtschaft und Landpflege. Dieses Ersatzgetriebe ist die ideale L\u00f6sung f\u00fcr den Austausch des Omni Code RC-27-Getriebes und stellt sicher, dass Ihr Rotationsschneider weiterhin mit optimaler Effizienz arbeitet.<\/p>\n<p><img loading=\"lazy\" decoding=\"async\" class=\"size-full wp-image-2221 aligncenter\" src=\"https:\/\/fmp-components.com\/wp-content\/uploads\/2024\/12\/Rotary-Cutter-Gearboxes-Replacement-of-Omni-Code-RC-27-Gearbox.webp\" alt=\"Rotationsschneider-Getriebe \u2013 Austausch des Omni-Code-RC-27-Getriebes\" width=\"500\" height=\"500\" title=\"\" srcset=\"https:\/\/fmp-components.com\/wp-content\/uploads\/2024\/12\/Rotary-Cutter-Gearboxes-Replacement-of-Omni-Code-RC-27-Gearbox.webp 500w, https:\/\/fmp-components.com\/wp-content\/uploads\/2024\/12\/Rotary-Cutter-Gearboxes-Replacement-of-Omni-Code-RC-27-Gearbox-480x480.webp 480w\" sizes=\"(min-width: 0px) and (max-width: 480px) 480px, (min-width: 481px) 500px, 100vw\" \/><\/p>\n<h3>Hauptmerkmale:<\/h3>\n<ul>\n<li>Hohe Drehmomentkapazit\u00e4t: Das RC-27-Getriebe wurde f\u00fcr anspruchsvolle Schneidaufgaben entwickelt und bietet das n\u00f6tige Drehmoment, um sich durch dichtes Gestr\u00fcpp, schweres Gras und andere z\u00e4he Vegetation zu arbeiten.<\/li>\n<li>Haltbarkeit: Das aus robusten, hochfesten Materialien gefertigte RC-27-Getriebe bietet auch unter rauen Arbeitsbedingungen eine lang anhaltende Leistung und minimiert Ausfallzeiten.<\/li>\n<li>Pr\u00e4zise Kraft\u00fcbertragung: Das Getriebe ist f\u00fcr eine gleichm\u00e4\u00dfige und effiziente Kraft\u00fcbertragung vom Traktor auf die rotierenden Schneidklingen ausgelegt und gew\u00e4hrleistet so eine konstante Klingengeschwindigkeit und Schnittleistung.<\/li>\n<li>Vielseitigkeit: Das RC-27-Getriebe ist mit einer Vielzahl von Rotationsschneidermodellen kompatibel und ein idealer Ersatz f\u00fcr das Omni Code RC-27. Es passt nahtlos zu Ihrer vorhandenen Ausr\u00fcstung.<\/li>\n<li>Einfache Wartung: Dank seines einfachen Designs und leicht zug\u00e4nglicher Komponenten vereinfacht das RC-27-Getriebe die routinem\u00e4\u00dfige Wartung und sorgt so f\u00fcr weniger Ausfallzeiten und einen effizienteren Betrieb.<\/li>\n<\/ul>\n<p>R\u00fcsten Sie Ihren Rotationsschneider mit dem Rotationsschneidergetriebe RC-27 auf, um eine zuverl\u00e4ssige und effiziente Leistung bei anspruchsvollen Aufgaben in der Landwirtschaft und Landbewirtschaftung zu erzielen.<\/p>\n<h2>RC27 Rotationsschneider-Getriebe \u2013 Technische Daten<\/h2>\n<table style=\"width: 98.8984%; height: 384px;\" border=\"1\" cellspacing=\"0\" cellpadding=\"0\">\n<tbody>\n<tr>\n<td style=\"width: 31.0383%;\">Modell:<\/td>\n<td style=\"width: 68.8525%;\">FMP-RC27 Rotationsschneidergetriebe<\/td>\n<\/tr>\n<tr>\n<td style=\"width: 31.0383%;\">Leistung:<\/td>\n<td style=\"width: 68.8525%;\">23 \u2013 53 PS<br \/>\n17 \u2013 40 kW<\/td>\n<\/tr>\n<tr>\n<td style=\"width: 31.0383%;\">Drehmoment<\/td>\n<td style=\"width: 68.8525%;\">2.683 \u2013 6.183 lb.-in.<br \/>\n(303 \u2013 698 Nm.)<\/td>\n<\/tr>\n<tr>\n<td style=\"width: 31.0383%;\">Verh\u00e4ltnisse<\/td>\n<td style=\"width: 68.8525%;\">1:2.5, 1:2.83<\/td>\n<\/tr>\n<tr>\n<td style=\"width: 31.0383%;\">Getriebetyp<\/td>\n<td style=\"width: 68.8525%;\">Fase<\/td>\n<\/tr>\n<tr>\n<td style=\"width: 31.0383%;\">Dichtungstyp<\/td>\n<td style=\"width: 68.8525%;\">Doppellippenfeder<\/td>\n<\/tr>\n<tr>\n<td style=\"width: 31.0383%;\">\u00d6lkapazit\u00e4t<\/td>\n<td style=\"width: 68.8525%;\">20 Unzen.<br \/>\n(0,59 l)<\/td>\n<\/tr>\n<tr>\n<td style=\"width: 31.0383%;\">Gewicht<\/td>\n<td style=\"width: 68.8525%;\">47 Pfund.<br \/>\n(21,3 kg.)<\/td>\n<\/tr>\n<tr>\n<td style=\"width: 31.0383%;\">\u00a0Anwendungen:<\/td>\n<td style=\"width: 68.8525%;\">M\u00e4her f\u00fcr den Innenausbau<br \/>\nRotationsschneider<br \/>\nKreiselh\u00e4cksler<\/td>\n<\/tr>\n<\/tbody>\n<\/table>\n<h2>Merkmale des RC27-Rotationsschneidergetriebes<\/h2>\n<p>Das RC27-Rotationsschneidergetriebe bietet robuste, zuverl\u00e4ssige und effiziente Kraft\u00fcbertragung f\u00fcr Rotationsschneider in der Landwirtschaft und Landpflege. Es ist speziell f\u00fcr anspruchsvolle Schneidaufgaben konzipiert, vom Entfernen von dichtem Gestr\u00fcpp bis zum M\u00e4hen gro\u00dfer Fl\u00e4chen. Hier sind die wichtigsten Merkmale des RC27-Rotationsschneidergetriebes:<\/p>\n<p><strong>Hohe Drehmomentleistung<\/strong><\/p>\n<p>Das RC27-Getriebe liefert ein hohes Drehmoment und erm\u00f6glicht so das Arbeiten durch dichte Vegetation, hohes Gras und dickes Gestr\u00fcpp. Dadurch eignet es sich sowohl f\u00fcr leichte als auch f\u00fcr schwere Schneidarbeiten und gew\u00e4hrleistet eine konstante und kraftvolle Leistung.<\/p>\n<p><strong>Langlebige Konstruktion<\/strong><\/p>\n<p>Das RC27-Getriebe besteht aus hochwertigen, verschlei\u00dffesten Materialien und ist auf Langlebigkeit ausgelegt, selbst unter h\u00e4rtesten Arbeitsbedingungen. Das robuste Geh\u00e4use und die pr\u00e4zisionsgefertigten Komponenten sorgen daf\u00fcr, dass es auch unter rauen Bedingungen standh\u00e4lt, das Ausfallrisiko minimiert und die Lebensdauer Ihres Rollschneiders verl\u00e4ngert.<\/p>\n<p><strong>Effiziente Kraft\u00fcbertragung<\/strong><\/p>\n<p>Das RC27-Getriebe sorgt f\u00fcr eine effiziente Kraft\u00fcbertragung vom Traktor auf die Rotationsmesser und optimiert so die Schnittleistung. Es sorgt f\u00fcr eine konstante Messergeschwindigkeit, verbessert die Schnitteffizienz und gew\u00e4hrleistet ein hochwertiges Ergebnis bei einer Vielzahl von Aufgaben.<\/p>\n<p><strong>Vielseitigkeit und Kompatibilit\u00e4t<\/strong><\/p>\n<p>Das RC27-Getriebe ist mit einer Vielzahl von Rotationsschneidermodellen kompatibel und eignet sich daher hervorragend als Ersatz f\u00fcr vorhandene Omni Code RC-27-Getriebe. Dank seines vielseitigen Designs l\u00e4sst es sich problemlos in verschiedene Ger\u00e4tetypen integrieren und bietet eine zuverl\u00e4ssige und kosteng\u00fcnstige L\u00f6sung.<\/p>\n<p><strong>Einfache Wartung<\/strong><\/p>\n<p>Dank seines benutzerfreundlichen Designs ist das RC27-Getriebe einfach zu warten und zu warten. Die Komponenten sind leicht zug\u00e4nglich, sodass routinem\u00e4\u00dfige Wartungsarbeiten wie Schmierung und Inspektionen einfach durchgef\u00fchrt werden k\u00f6nnen. Dies minimiert Ausfallzeiten und stellt sicher, dass das Getriebe stets in einwandfreiem Zustand bleibt.<\/p>\n<p><strong>W\u00e4rmeableitung<\/strong><\/p>\n<p>Das RC27-Getriebe wurde speziell f\u00fcr die W\u00e4rmeregulierung entwickelt und ist f\u00fcr die hohen Temperaturen ausgelegt, die bei l\u00e4ngerem Gebrauch auftreten k\u00f6nnen. Sein effizientes W\u00e4rmeableitungssystem sorgt daf\u00fcr, dass das Getriebe auch unter hoher Belastung reibungslos funktioniert, \u00dcberhitzung verhindert und die Leistung verbessert wird.<\/p>\n<p>Das RC27-Rotationsschneidergetriebe ist ein leistungsstarkes, langlebiges und vielseitiges Getriebe, das Rotationsschneidern zuverl\u00e4ssige Leistung liefert und sich somit sowohl f\u00fcr den gewerblichen als auch f\u00fcr den landwirtschaftlichen Einsatz eignet.<\/p>\n<p><img loading=\"lazy\" decoding=\"async\" class=\"alignnone size-full wp-image-2215\" src=\"https:\/\/fmp-components.com\/wp-content\/uploads\/2024\/12\/Rotary-Cutter-Gearbox1.webp\" alt=\"Rotationsschneidergetriebe\" width=\"1279\" height=\"761\" title=\"\" srcset=\"https:\/\/fmp-components.com\/wp-content\/uploads\/2024\/12\/Rotary-Cutter-Gearbox1.webp 1279w, https:\/\/fmp-components.com\/wp-content\/uploads\/2024\/12\/Rotary-Cutter-Gearbox1-980x583.webp 980w, https:\/\/fmp-components.com\/wp-content\/uploads\/2024\/12\/Rotary-Cutter-Gearbox1-480x286.webp 480w\" sizes=\"(min-width: 0px) and (max-width: 480px) 480px, (min-width: 481px) and (max-width: 980px) 980px, (min-width: 981px) 1279px, 100vw\" \/><\/p>\n<h2>Rotationsschneidergetriebe vs. Rotationsm\u00e4hergetriebe<\/h2>\n<ol>\n<li><strong>Zweck und Anwendung<\/strong><br \/>\nKreiselschneidergetriebe und Kreiselm\u00e4hergetriebe erf\u00fcllen \u00e4hnliche Funktionen, sind jedoch f\u00fcr unterschiedliche Arbeiten ausgelegt. Ein <strong>Rotationsschneidergetriebe<\/strong> wird typischerweise f\u00fcr schwere Aufgaben wie das Roden von dichtem Gestr\u00fcpp, hohem Gras und holziger Vegetation verwendet und ist daher ideal f\u00fcr die Rodung, Landwirtschaft und andere robuste Anwendungen. Im Gegensatz dazu ist ein <strong>Kreiselm\u00e4hergetriebe<\/strong> wird normalerweise f\u00fcr leichtere M\u00e4harbeiten eingesetzt, wie zum Beispiel die Pflege von Rasenfl\u00e4chen, Parks und Golfpl\u00e4tzen, wo die Vegetation weniger dicht ist.<\/li>\n<li><strong>Design und Haltbarkeit<\/strong><br \/>\nDer <strong>Rotationsschneidergetriebe<\/strong> ist mit robusteren, hochbelastbaren Komponenten ausgestattet, die den hohen Belastungen beim Grobschneiden standhalten. Diese Getriebe verf\u00fcgen typischerweise \u00fcber ein st\u00e4rkeres Geh\u00e4use und gr\u00f6\u00dfere Zahnr\u00e4der, um h\u00f6here Drehmomente zu bew\u00e4ltigen und Sch\u00e4den beim Schneiden von z\u00e4hen Materialien zu vermeiden. Andererseits <strong>Kreiselm\u00e4hergetriebe<\/strong> sind im Allgemeinen leichter und weniger robust und bieten eine gleichm\u00e4\u00dfigere Leistung f\u00fcr weniger anspruchsvolle, feinere Schnitte. Sie haben oft ein einfacheres Design mit geringerer Drehmomentkapazit\u00e4t.<\/li>\n<li><strong>Drehmoment und Drehzahl<\/strong><br \/>\nIn Bezug auf die Leistung, <strong>Rotationsschneidergetriebe<\/strong> sind auf hohes Drehmoment ausgelegt, wodurch sie sich durch dichte Materialien arbeiten k\u00f6nnen, ohne abzuw\u00fcrgen. Das h\u00f6here Drehmoment sorgt daf\u00fcr, dass der Rotationsschneider auch unter schwierigen Bedingungen eine konstante Schneidleistung liefert. Gleichzeitig <strong>Kreiselm\u00e4hergetriebe<\/strong> sind so konstruiert, dass sie eine h\u00f6here Messergeschwindigkeit bei geringerem Drehmoment erm\u00f6glichen und so f\u00fcr gleichm\u00e4\u00dfige Schnitte in weicherer, d\u00fcnnerer Vegetation optimiert sind. Bei Rasenm\u00e4hern liegt der Schwerpunkt eher auf Geschwindigkeit und Pr\u00e4zision als auf der rohen Kraft, die zum Entfernen dichterer Vegetation erforderlich ist.<\/li>\n<li><strong>Wartung und Langlebigkeit<\/strong><br \/>\nWeil <strong>Rotationsschneidergetriebe<\/strong> sind f\u00fcr anspruchsvollere Aufgaben konzipiert, in der Regel robuster, erfordern weniger Wartung und bieten eine l\u00e4ngere Lebensdauer bei starker Beanspruchung. Diese Getriebe verf\u00fcgen oft \u00fcber Hochleistungsdichtungen und K\u00fchlsysteme, um der Hitze und Belastung des Dauerbetriebs unter rauen Bedingungen standzuhalten. <strong>Kreiselm\u00e4hergetriebe<\/strong>erfordern im Vergleich dazu aufgrund ihrer leichteren Bauweise und h\u00f6heren Betriebsgeschwindigkeiten m\u00f6glicherweise eine h\u00e4ufigere Wartung. Sie sind im Allgemeinen einfacher zu warten, haben jedoch m\u00f6glicherweise eine k\u00fcrzere Lebensdauer, wenn sie in anspruchsvolleren Anwendungen eingesetzt werden.<\/li>\n<li><strong>Kosten und Effizienz<\/strong><br \/>\nTypischerweise <strong>Rotationsschneidergetriebe<\/strong> sind aufgrund ihrer robusten Bauweise und ihrer F\u00e4higkeit, h\u00e4rtere Arbeiten zu bew\u00e4ltigen, teurer. F\u00fcr Anwender, die h\u00e4ufig Land roden oder Geb\u00fcsch schneiden m\u00fcssen, sind sie aufgrund ihrer Langlebigkeit und Leistung auf lange Sicht jedoch eine kosteng\u00fcnstige Wahl. Im Gegensatz dazu <strong>Kreiselm\u00e4hergetriebe<\/strong> sind kosteng\u00fcnstiger und effizienter f\u00fcr die Rasen- und Gr\u00fcnfl\u00e4chenpflege und bieten ein ausgewogenes Preis-Leistungs-Verh\u00e4ltnis f\u00fcr leichtere Anwendungen. Sie sind ideal f\u00fcr Kunden, die Effizienz und Pr\u00e4zision ohne die zus\u00e4tzlichen Kosten eines Hochleistungsgetriebes ben\u00f6tigen.<\/li>\n<\/ol>\n<table border=\"1\" cellspacing=\"0\" cellpadding=\"0\">\n<tbody>\n<tr>\n<td><img loading=\"lazy\" decoding=\"async\" class=\"alignnone size-full wp-image-2223\" src=\"https:\/\/fmp-components.com\/wp-content\/uploads\/2024\/12\/Rotary-Cutter-Gearbox-Vs-Rotary-Mower-Gearbox-61.webp\" alt=\"Rotationsschneider-Getriebe-Vs.-Rotationsm\u00e4her-Getriebe\" width=\"1500\" height=\"1000\" title=\"\" srcset=\"https:\/\/fmp-components.com\/wp-content\/uploads\/2024\/12\/Rotary-Cutter-Gearbox-Vs-Rotary-Mower-Gearbox-61.webp 1500w, https:\/\/fmp-components.com\/wp-content\/uploads\/2024\/12\/Rotary-Cutter-Gearbox-Vs-Rotary-Mower-Gearbox-61-1280x853.webp 1280w, https:\/\/fmp-components.com\/wp-content\/uploads\/2024\/12\/Rotary-Cutter-Gearbox-Vs-Rotary-Mower-Gearbox-61-980x653.webp 980w, https:\/\/fmp-components.com\/wp-content\/uploads\/2024\/12\/Rotary-Cutter-Gearbox-Vs-Rotary-Mower-Gearbox-61-480x320.webp 480w\" sizes=\"(min-width: 0px) and (max-width: 480px) 480px, (min-width: 481px) and (max-width: 980px) 980px, (min-width: 981px) and (max-width: 1280px) 1280px, (min-width: 1281px) 1500px, 100vw\" \/><\/td>\n<td><img loading=\"lazy\" decoding=\"async\" class=\"alignnone size-full wp-image-2222\" src=\"https:\/\/fmp-components.com\/wp-content\/uploads\/2024\/12\/Rotary-Cutter-Gearbox-Vs-Rotary-Mower-Gearbox-71.webp\" alt=\"Rotationsschneider-Getriebe-Vs.-Rotationsm\u00e4her-Getriebe\" width=\"1500\" height=\"1000\" title=\"\" srcset=\"https:\/\/fmp-components.com\/wp-content\/uploads\/2024\/12\/Rotary-Cutter-Gearbox-Vs-Rotary-Mower-Gearbox-71.webp 1500w, https:\/\/fmp-components.com\/wp-content\/uploads\/2024\/12\/Rotary-Cutter-Gearbox-Vs-Rotary-Mower-Gearbox-71-1280x853.webp 1280w, https:\/\/fmp-components.com\/wp-content\/uploads\/2024\/12\/Rotary-Cutter-Gearbox-Vs-Rotary-Mower-Gearbox-71-980x653.webp 980w, https:\/\/fmp-components.com\/wp-content\/uploads\/2024\/12\/Rotary-Cutter-Gearbox-Vs-Rotary-Mower-Gearbox-71-480x320.webp 480w\" sizes=\"(min-width: 0px) and (max-width: 480px) 480px, (min-width: 481px) and (max-width: 980px) 980px, (min-width: 981px) and (max-width: 1280px) 1280px, (min-width: 1281px) 1500px, 100vw\" \/><\/td>\n<\/tr>\n<tr>\n<td><strong>Rotationsschneidergetriebe<\/strong><\/td>\n<td><strong>Kreiselm\u00e4hergetriebe<\/strong><\/td>\n<\/tr>\n<\/tbody>\n<\/table>\n<h2>Zapfwellen f\u00fcr Kreiselschneidergetriebe<\/h2>\n<ol>\n<li><strong>Zweck und Funktionalit\u00e4t<\/strong><br \/>\nZapfwellen f\u00fcr Kreiselschneidergetriebe sind wichtige Komponenten, die die Kraft vom Traktormotor auf das Getriebe \u00fcbertragen, das wiederum die Schneidklingen des Kreiselschneiders antreibt. Diese Wellen sind f\u00fcr den hohen Leistungsbedarf von Kreiselschneidern ausgelegt und gew\u00e4hrleisten einen effizienten Maschinenbetrieb unter anspruchsvollen Bedingungen wie dichter Vegetation und unebenem Gel\u00e4nde.<\/li>\n<li><strong>Design und Konstruktion<\/strong><br \/>\nZapfwellen f\u00fcr Kreiselm\u00e4hgetriebe werden \u00fcblicherweise aus hochfestem Stahl gefertigt, um dem hohen Drehmoment im Betrieb standzuhalten. Sie verf\u00fcgen an beiden Enden \u00fcber Kreuzgelenke, die eine flexible und reibungslose Kraft\u00fcbertragung zwischen Traktor und Getriebe erm\u00f6glichen, selbst bei Fehlausrichtungen oder \u00c4nderungen des Arbeitswinkels. Die Wellen sind h\u00e4ufig mit Sicherheitsvorrichtungen wie Scherbolzen oder Kupplungsmechanismen ausgestattet, um Sch\u00e4den durch \u00dcberlastung zu vermeiden.<\/li>\n<li><strong>Haltbarkeit und Leistung<\/strong><br \/>\nAngesichts der hohen Anforderungen des Rotationsschneiderbetriebs sind die Zapfwellen dieser Getriebe extrem langlebig und widerstandsf\u00e4hig gegen raue Arbeitsumgebungen. Sie m\u00fcssen Dauerbelastungen, Vibrationen und gelegentlichen Sto\u00dfbelastungen durch das Schneiden von dichtem Gestr\u00fcpp oder kleinen B\u00e4umen standhalten. Um maximale Leistung zu gew\u00e4hrleisten, werden diese Wellen \u00fcblicherweise ausgewuchtet, um Vibrationen zu minimieren, die mit der Zeit zu Verschlei\u00df und Sch\u00e4den f\u00fchren k\u00f6nnen.<\/li>\n<li><strong>Anpassung und Passform<\/strong><br \/>\nZapfwellen f\u00fcr Kreiselm\u00e4hgetriebe sind in verschiedenen Gr\u00f6\u00dfen und Ausf\u00fchrungen erh\u00e4ltlich, um unterschiedlichen Modellen und Leistungsanforderungen gerecht zu werden. Anpassungsoptionen sorgen daf\u00fcr, dass die Zapfwelle sowohl auf Traktor als auch Getriebe optimal abgestimmt ist. Dies gew\u00e4hrleistet eine optimale Kraft\u00fcbertragung und minimiert das Ausfallrisiko durch unsachgem\u00e4\u00dfe Montage oder Fehlausrichtung. Zapfwellen sind au\u00dferdem in verschiedenen L\u00e4ngen erh\u00e4ltlich, um verschiedenen M\u00e4hkonfigurationen und Arbeitsbreiten gerecht zu werden.<\/li>\n<\/ol>\n<table style=\"width: 101.801%; height: 44px;\" width=\"136\">\n<tbody>\n<tr>\n<td style=\"width: 49.363%;\" width=\"72\"><img loading=\"lazy\" decoding=\"async\" class=\"alignnone size-full wp-image-2225\" src=\"https:\/\/fmp-components.com\/wp-content\/uploads\/2024\/12\/PTO-Shafts-for-Rotary-Cutter-Gearboxes-71.webp\" alt=\"Zapfwellen f\u00fcr Kreiselfr\u00e4sengetriebe\" width=\"800\" height=\"600\" title=\"\" srcset=\"https:\/\/fmp-components.com\/wp-content\/uploads\/2024\/12\/PTO-Shafts-for-Rotary-Cutter-Gearboxes-71.webp 800w, https:\/\/fmp-components.com\/wp-content\/uploads\/2024\/12\/PTO-Shafts-for-Rotary-Cutter-Gearboxes-71-480x360.webp 480w\" sizes=\"(min-width: 0px) and (max-width: 480px) 480px, (min-width: 481px) 800px, 100vw\" \/><\/td>\n<td style=\"width: 50%;\" width=\"64\"><img loading=\"lazy\" decoding=\"async\" class=\"alignnone size-full wp-image-2224\" src=\"https:\/\/fmp-components.com\/wp-content\/uploads\/2024\/12\/PTO-Shafts-for-Rotary-Cutter-Gearboxes-81.webp\" alt=\"Zapfwellen f\u00fcr Kreiselfr\u00e4sengetriebe\" width=\"800\" height=\"600\" title=\"\" srcset=\"https:\/\/fmp-components.com\/wp-content\/uploads\/2024\/12\/PTO-Shafts-for-Rotary-Cutter-Gearboxes-81.webp 800w, https:\/\/fmp-components.com\/wp-content\/uploads\/2024\/12\/PTO-Shafts-for-Rotary-Cutter-Gearboxes-81-480x360.webp 480w\" sizes=\"(min-width: 0px) and (max-width: 480px) 480px, (min-width: 481px) 800px, 100vw\" \/><\/td>\n<\/tr>\n<\/tbody>\n<\/table>\n<h3>\u00dcber FMP<\/h3>\n<p>FMP mit Hauptsitz in Italien ist ein f\u00fchrender Hersteller, der f\u00fcr seine Expertise in der Konstruktion, Entwicklung und Produktion von Hochleistungsgetrieben mit Schwerpunkt auf der Landmaschinenbranche bekannt ist. Bekannt f\u00fcr sein Engagement f\u00fcr Pr\u00e4zisionstechnik, Innovation und h\u00f6chste Zuverl\u00e4ssigkeit, hat sich FMP einen hervorragenden Ruf als Lieferant von Premiumprodukten erworben, die den dynamischen Anforderungen der Agrar- und Industriem\u00e4rkte gerecht werden. Unser umfangreiches Produktportfolio umfasst Spezialgetriebe f\u00fcr Rasenm\u00e4her, Zapfwellen und andere wichtige Komponenten, die alle ma\u00dfgeschneidert sind, um ma\u00dfgeschneiderte L\u00f6sungen f\u00fcr ein breites Anwendungsspektrum zu bieten.<\/p>\n<p>Bei FMP wissen wir, dass jeder Kunde mit individuellen Herausforderungen und Anforderungen konfrontiert ist. Deshalb sind wir auf ma\u00dfgeschneiderte L\u00f6sungen spezialisiert, ob Einzelkomponenten oder komplette, integrierte Systeme. Wir arbeiten eng mit unseren Kunden zusammen und stellen sicher, dass jede L\u00f6sung nicht nur effektiv, sondern auch effizient ist und Leistung und Wert optimiert. Unser Engagement f\u00fcr schnelle, professionelle Antworten und fachkundige Beratung gew\u00e4hrleistet, dass jede Anfrage pr\u00e4zise und sorgf\u00e4ltig bearbeitet wird.<\/p>\n<p>Wir legen Wert auf klare und kontinuierliche Kommunikation, insbesondere bei der Entwicklung neuer Produkte. Unser engagiertes Team arbeitet direkt mit unseren Kunden zusammen, um deren spezifische Bed\u00fcrfnisse umfassend zu verstehen und bietet praktische Einblicke, die zu optimalen L\u00f6sungen f\u00fchren. Ob wir innovative Produkte entwickeln oder laufende Auftr\u00e4ge erf\u00fcllen, wir bleiben unserem Anspruch treu, hochwertige, pr\u00e4zisionsgefertigte L\u00f6sungen schnell und zuverl\u00e4ssig zu liefern.<\/p>\n<p>Im Mittelpunkt der Gesch\u00e4ftst\u00e4tigkeit von FMP steht der konsequente Fokus auf Qualit\u00e4t. Wir halten uns an h\u00f6chste Fertigungsstandards und setzen strenge Qualit\u00e4tskontrollverfahren ein, um sicherzustellen, dass jedes Produkt die Branchenerwartungen nicht nur erf\u00fcllt, sondern \u00fcbertrifft. Unser Engagement f\u00fcr Qualit\u00e4t, gepaart mit unseren Grundwerten Integrit\u00e4t, Zusammenarbeit und Best\u00e4ndigkeit, hat uns geholfen, starke, langfristige Beziehungen zu Kunden in \u00fcber 30 L\u00e4ndern weltweit aufzubauen.<\/p>\n<p>FMP ist stets offen f\u00fcr globale Partnerschaften und bietet kompetente Beratung und ma\u00dfgeschneiderte L\u00f6sungen f\u00fcr die vielf\u00e4ltigen Bed\u00fcrfnisse unserer Kunden. Wir liefern nicht nur Produkte, sondern streben nach dauerhaften, sinnvollen Beziehungen, die den Erfolg jedes Projekts vorantreiben. Ob Sie innovative L\u00f6sungen f\u00fcr eine neue Initiative oder fortlaufende Unterst\u00fctzung f\u00fcr ein bestehendes System suchen \u2013 FMP ist f\u00fcr Sie da, um Ihre technischen Herausforderungen zu meistern und Ihren anhaltenden Erfolg sicherzustellen.<\/p>\n<p><img loading=\"lazy\" decoding=\"async\" class=\"alignnone size-full wp-image-1861\" src=\"https:\/\/fmp-components.com\/wp-content\/uploads\/2024\/12\/Other-Agricultural-Gearboxes.webp\" sizes=\"(min-width: 0px) and (max-width: 480px) 480px, (min-width: 481px) and (max-width: 980px) 980px, (min-width: 981px) 1200px, 100vw\" srcset=\"https:\/\/fmp-components.com\/wp-content\/uploads\/2024\/12\/Other-Agricultural-Gearboxes.webp 1200w, https:\/\/fmp-components.com\/wp-content\/uploads\/2024\/12\/Other-Agricultural-Gearboxes-980x1143.webp 980w, https:\/\/fmp-components.com\/wp-content\/uploads\/2024\/12\/Other-Agricultural-Gearboxes-480x560.webp 480w\" alt=\"Altri-cambi-agricoli\" width=\"1200\" height=\"1400\" title=\"\"><\/p>\n<p>Autor: CX<\/p>","protected":false},"excerpt":{"rendered":"<p>Rotary Cutter Gearbox \u2013 Replacement of Omni Code RC-27 Gearbox The RC-27 Rotary Cutter Gearbox is a high-performance gearbox designed to deliver reliable and efficient power transfer for rotary cutters used in agricultural and land maintenance tasks. This replacement gearbox serves as an ideal solution for replacing the Omni Code RC-27 gearbox, ensuring that your [&hellip;]<\/p>","protected":false},"featured_media":2221,"comment_status":"open","ping_status":"closed","template":"","meta":{"_et_pb_use_builder":"","_et_pb_old_content":"","_et_gb_content_width":""},"product_brand":[],"product_cat":[56],"product_tag":[],"class_list":{"0":"post-2218","1":"product","2":"type-product","3":"status-publish","4":"has-post-thumbnail","6":"product_cat-rotary-cutter-gearbox","8":"first","9":"instock","10":"shipping-taxable","11":"product-type-simple"},"_links":{"self":[{"href":"https:\/\/fmp-components.com\/de\/wp-json\/wp\/v2\/product\/2218","targetHints":{"allow":["GET"]}}],"collection":[{"href":"https:\/\/fmp-components.com\/de\/wp-json\/wp\/v2\/product"}],"about":[{"href":"https:\/\/fmp-components.com\/de\/wp-json\/wp\/v2\/types\/product"}],"replies":[{"embeddable":true,"href":"https:\/\/fmp-components.com\/de\/wp-json\/wp\/v2\/comments?post=2218"}],"wp:featuredmedia":[{"embeddable":true,"href":"https:\/\/fmp-components.com\/de\/wp-json\/wp\/v2\/media\/2221"}],"wp:attachment":[{"href":"https:\/\/fmp-components.com\/de\/wp-json\/wp\/v2\/media?parent=2218"}],"wp:term":[{"taxonomy":"product_brand","embeddable":true,"href":"https:\/\/fmp-components.com\/de\/wp-json\/wp\/v2\/product_brand?post=2218"},{"taxonomy":"product_cat","embeddable":true,"href":"https:\/\/fmp-components.com\/de\/wp-json\/wp\/v2\/product_cat?post=2218"},{"taxonomy":"product_tag","embeddable":true,"href":"https:\/\/fmp-components.com\/de\/wp-json\/wp\/v2\/product_tag?post=2218"}],"curies":[{"name":"wp","href":"https:\/\/api.w.org\/{rel}","templated":true}]}}