{"id":2209,"date":"2024-12-31T00:44:14","date_gmt":"2024-12-31T00:44:14","guid":{"rendered":"https:\/\/fmp-components.com\/?page_id=8"},"modified":"2024-12-31T01:41:45","modified_gmt":"2024-12-31T01:41:45","slug":"rotary-cutter-gearboxes-replacement-of-omni-code-rc-20-gearbox","status":"publish","type":"product","link":"https:\/\/fmp-components.com\/de\/product\/rotary-cutter-gearboxes-replacement-of-omni-code-rc-20-gearbox\/","title":{"rendered":"Rotationsschneidergetriebe \u2013 Austausch des Omni Code RC-20-Getriebes"},"content":{"rendered":"<p style=\"text-align: center;\"><span style=\"font-size: 18pt;\">Rotationsschneidergetriebe \u2013 Austausch des Omni Code RC-20-Getriebes<\/span><\/p>\n<p><img loading=\"lazy\" decoding=\"async\" class=\"size-full wp-image-2211 aligncenter\" src=\"https:\/\/fmp-components.com\/wp-content\/uploads\/2024\/12\/Rotary-Cutter-Gearboxes-Replacement-of-Omni-Code-RC-20-Gearbox-1.webp\" alt=\"Rotationsschneider-Getriebe \u2013 Austausch des Omni-Code-RC-20-Getriebes\" width=\"500\" height=\"500\" title=\"\" srcset=\"https:\/\/fmp-components.com\/wp-content\/uploads\/2024\/12\/Rotary-Cutter-Gearboxes-Replacement-of-Omni-Code-RC-20-Gearbox-1.webp 500w, https:\/\/fmp-components.com\/wp-content\/uploads\/2024\/12\/Rotary-Cutter-Gearboxes-Replacement-of-Omni-Code-RC-20-Gearbox-1-480x480.webp 480w\" sizes=\"(min-width: 0px) and (max-width: 480px) 480px, (min-width: 481px) 500px, 100vw\" \/><\/p>\n<p>Das Getriebe f\u00fcr Rotationsm\u00e4her als Ersatz f\u00fcr das Omni Code RC-20 Getriebe bietet h\u00f6chste Leistung und Langlebigkeit in landwirtschaftlichen und industriellen Anwendungen. Dieses hochwertige Ersatzgetriebe ist passgenau f\u00fcr Rotationsm\u00e4her konstruiert und bietet eine effiziente und zuverl\u00e4ssige L\u00f6sung f\u00fcr Rasenpflege, Rodung und Pflanzenpflege. Dank pr\u00e4ziser Konstruktion und robuster Bauweise gew\u00e4hrleistet es optimale Kraft\u00fcbertragung und Leistung und erm\u00f6glicht so einen reibungslosen Betrieb der Rotationsm\u00e4her unter verschiedensten Arbeitsbedingungen.<\/p>\n<h3>Hauptmerkmale:<\/h3>\n<ol>\n<li><strong>Kompatibilit\u00e4t<\/strong>Das Getriebe ist als Ersatz f\u00fcr das Omni Code RC-20-Getriebe konzipiert und gew\u00e4hrleistet eine einfache Installation sowie Kompatibilit\u00e4t mit bestehenden Anlagen. Es erm\u00f6glicht einen direkten Austausch und minimiert so Ausfallzeiten und den Bedarf an Modifikationen.<\/li>\n<li><strong>Hohe Effizienz<\/strong>Das auf hohe Effizienz ausgelegte Rotationsm\u00e4hwerkgetriebe gew\u00e4hrleistet eine effektive Kraft\u00fcbertragung von der Zapfwelle des Traktors auf die M\u00e4hklingen und maximiert so die Betriebsleistung.<\/li>\n<li><strong>Haltbarkeit<\/strong>Das aus hochwertigen Materialien gefertigte Getriebe ist f\u00fcr den Einsatz unter rauen Arbeitsbedingungen ausgelegt. Es bietet au\u00dfergew\u00f6hnliche Best\u00e4ndigkeit gegen Verschlei\u00df, Korrosion und extreme Belastungen und gew\u00e4hrleistet so langfristige Zuverl\u00e4ssigkeit und reduzierte Wartungskosten.<\/li>\n<li><strong>Geringer Wartungsaufwand<\/strong>Die Konstruktion des Getriebes minimiert den Wartungsaufwand. Seine abgedichteten Lager und pr\u00e4zisionsgefertigten Bauteile reduzieren die Reibung, erh\u00f6hen die Lebensdauer und verringern den Verschlei\u00df.<\/li>\n<li><strong>Vielseitige Anwendung<\/strong>Ideal f\u00fcr den Einsatz in einer Vielzahl von Anwendungen, darunter landwirtschaftliche Fl\u00e4chen, Weiden und industrielle Umgebungen, wo Rotationsm\u00e4her zum M\u00e4hen, Roden von Gestr\u00fcpp oder Schneiden von Gras und kleinen Str\u00e4uchern eingesetzt werden.<\/li>\n<\/ol>\n<h2>Spezifikationen des Getriebes f\u00fcr Rotationsm\u00e4her RC20<\/h2>\n<table style=\"width: 94.902%; height: 417px;\" border=\"1\" cellspacing=\"0\" cellpadding=\"0\">\n<tbody>\n<tr>\n<td style=\"width: 28.4738%;\">Modell:<\/td>\n<td style=\"width: 71.4123%;\">\u00a0FMP-RC20 Rotationsm\u00e4her-Getriebe<\/td>\n<\/tr>\n<tr>\n<td style=\"width: 28.4738%;\">Leistung:<\/td>\n<td style=\"width: 71.4123%;\">15 \u2013 18 PS<br \/>\n11 \u2013 21 kW<\/td>\n<\/tr>\n<tr>\n<td style=\"width: 28.4738%;\">Drehmoment:<\/td>\n<td style=\"width: 71.4123%;\">1.750 \u2013 3.267 lb.-in.<br \/>\n(198 \u2013 369 Nm.)<\/td>\n<\/tr>\n<tr>\n<td style=\"width: 28.4738%;\">Verh\u00e4ltnisse:<\/td>\n<td style=\"width: 71.4123%;\">1:1.25, 1:2.83<\/td>\n<\/tr>\n<tr>\n<td style=\"width: 28.4738%;\">Getriebetyp:<\/td>\n<td style=\"width: 71.4123%;\">Fase<\/td>\n<\/tr>\n<tr>\n<td style=\"width: 28.4738%;\">Dichtungstyp:<\/td>\n<td style=\"width: 71.4123%;\">Dreifach-Lippenfederung<\/td>\n<\/tr>\n<tr>\n<td style=\"width: 28.4738%;\">Lagertyp:<\/td>\n<td style=\"width: 71.4123%;\">Kugel mit tiefer Rille<\/td>\n<\/tr>\n<tr>\n<td style=\"width: 28.4738%;\">\u00d6lkapazit\u00e4t:<\/td>\n<td style=\"width: 71.4123%;\">16 oz.<br \/>\n(0,47 l)<\/td>\n<\/tr>\n<tr>\n<td style=\"width: 28.4738%;\">Gewicht:<\/td>\n<td style=\"width: 71.4123%;\">34 Pfund.<br \/>\n(15,4 kg)<\/td>\n<\/tr>\n<tr>\n<td style=\"width: 28.4738%;\">Anwendungen:<\/td>\n<td style=\"width: 71.4123%;\">M\u00e4her f\u00fcr den Innenausbau<br \/>\nRotationsschneider<br \/>\nKreiselh\u00e4cksler<\/td>\n<\/tr>\n<\/tbody>\n<\/table>\n<h2>\u00dcbersetzungsverh\u00e4ltnis des RC20-Rotationsm\u00e4hergetriebes<\/h2>\n<p>Das Getriebe des Rotationsm\u00e4hers RC20 bietet verschiedene \u00dcbersetzungsverh\u00e4ltnisse f\u00fcr unterschiedliche Leistungs- und Schnittanforderungen. Das \u00dcbersetzungsverh\u00e4ltnis bestimmt die Drehzahl des S\u00e4geblatts: H\u00f6here \u00dcbersetzungen f\u00fchren zu h\u00f6heren Drehzahlen, aber geringerem Drehmoment, w\u00e4hrend niedrigere \u00dcbersetzungen mehr Drehmoment bei reduzierter Drehzahl erm\u00f6glichen.<\/p>\n<p>Verf\u00fcgbar in Verh\u00e4ltnissen wie zum Beispiel <strong>1:1.25<\/strong> Und <strong>1:2.83<\/strong>Die geeignete Auswahl h\u00e4ngt von den spezifischen Anforderungen Ihrer Anwendung ab.<\/p>\n<ul>\n<li><strong>H\u00f6here Verh\u00e4ltnisse<\/strong> (z. B. 1:1,25) eignen sich ideal f\u00fcr leichtere Arbeiten, bei denen es auf Geschwindigkeit ankommt, wie z. B. Rasenm\u00e4hen oder Grasschneiden.<\/li>\n<li><strong>Niedrigere Verh\u00e4ltnisse<\/strong> (z. B. 1:2,83) eignen sich besser f\u00fcr anspruchsvolle Anwendungen wie das Roden von unwegsamem Gel\u00e4nde, das Schneiden von dichtem Gestr\u00fcpp oder die Landrodung, da sie mehr Drehmoment liefern, um auch h\u00e4rtere Materialien zu durchdringen.<\/li>\n<\/ul>\n<p>Bei der Wahl des \u00dcbersetzungsverh\u00e4ltnisses m\u00fcssen Faktoren wie die Motorleistung Ihres Traktors, die Dichte des zu schneidenden Materials und die f\u00fcr einen sauberen und gleichm\u00e4\u00dfigen Schnitt erforderliche Messergeschwindigkeit ber\u00fccksichtigt werden. Die Wahl des richtigen Getriebe\u00fcbersetzungsverh\u00e4ltnisses f\u00fcr Ihren RC20-Rotationsm\u00e4her gew\u00e4hrleistet optimale Leistung, Effizienz und Langlebigkeit sowohl des Getriebes als auch des M\u00e4hers.<\/p>\n<p><img loading=\"lazy\" decoding=\"async\" class=\"alignnone size-full wp-image-2215\" src=\"https:\/\/fmp-components.com\/wp-content\/uploads\/2024\/12\/Rotary-Cutter-Gearbox1.webp\" alt=\"Rotationsschneidergetriebe\" width=\"1279\" height=\"761\" title=\"\" srcset=\"https:\/\/fmp-components.com\/wp-content\/uploads\/2024\/12\/Rotary-Cutter-Gearbox1.webp 1279w, https:\/\/fmp-components.com\/wp-content\/uploads\/2024\/12\/Rotary-Cutter-Gearbox1-980x583.webp 980w, https:\/\/fmp-components.com\/wp-content\/uploads\/2024\/12\/Rotary-Cutter-Gearbox1-480x286.webp 480w\" sizes=\"(min-width: 0px) and (max-width: 480px) 480px, (min-width: 481px) and (max-width: 980px) 980px, (min-width: 981px) 1279px, 100vw\" \/><\/p>\n<h2>Merkmale des RC20 Rotationsm\u00e4her-Getriebes<\/h2>\n<ol>\n<li><strong>Langlebige Konstruktion<\/strong>Das Getriebe des RC20-Rotationsm\u00e4hers ist aus hochwertigen Materialien gefertigt und gew\u00e4hrleistet so eine lange Lebensdauer und Verschlei\u00dffestigkeit, selbst unter anspruchsvollen Bedingungen. Dank dieser robusten Konstruktion bew\u00e4ltigt das Getriebe auch hohe Belastungen zuverl\u00e4ssig und bietet jahrelange Leistung.<\/li>\n<li><strong>Mehrere \u00dcbersetzungsverh\u00e4ltnisse<\/strong>Erh\u00e4ltlich in verschiedenen \u00dcbersetzungsverh\u00e4ltnissen, wie zum Beispiel <strong>1:1.25<\/strong> Und <strong>1:2.83<\/strong>Das RC20-Getriebe bietet Flexibilit\u00e4t f\u00fcr unterschiedliche Schneidanforderungen. Dank dieser \u00dcbersetzungsverh\u00e4ltnisse k\u00f6nnen Anwender zwischen h\u00f6herer Messergeschwindigkeit f\u00fcr leichtere Aufgaben oder erh\u00f6htem Drehmoment f\u00fcr anspruchsvolle Anwendungen wie das Roden von dichtem Gestr\u00fcpp w\u00e4hlen.<\/li>\n<li><strong>Reibungsloser Betrieb<\/strong>Das Getriebe ist f\u00fcr eine reibungslose und effiziente Kraft\u00fcbertragung ausgelegt, minimiert Energieverluste und maximiert die Schnittleistung. Seine pr\u00e4zise Konstruktion gew\u00e4hrleistet einen vibrations- und ger\u00e4uscharmen Betrieb des M\u00e4hers und sorgt so f\u00fcr ein besseres Benutzererlebnis.<\/li>\n<li><strong>Vielseitigkeit<\/strong>Das RC20-Getriebe f\u00fcr Rotationsm\u00e4her eignet sich f\u00fcr vielf\u00e4ltige Anwendungen und ist ideal f\u00fcr Aufgaben wie Rasenm\u00e4hen, Roden und das Schneiden dichter Vegetation. Dank seiner Anpassungsf\u00e4higkeit passt es perfekt zu verschiedenen M\u00e4hermodellen und unterschiedlichem Gel\u00e4nde.<\/li>\n<li><strong>Einfache Wartung<\/strong>Das Getriebe des RC20 wurde mit Blick auf einfache Wartung entwickelt. Es verf\u00fcgt \u00fcber leicht zug\u00e4ngliche Komponenten, die routinem\u00e4\u00dfige Inspektionen, Schmierung und Reparaturen vereinfachen und so sicherstellen, dass der Rasenm\u00e4her mit minimalen Ausfallzeiten in Top-Zustand bleibt.<\/li>\n<li><strong>Hohe Drehmomentkapazit\u00e4t<\/strong>Das RC20-Getriebe liefert ein hohes Drehmoment, insbesondere in den unteren G\u00e4ngen, und eignet sich daher ideal f\u00fcr anspruchsvolle Aufgaben wie das Durchschneiden von dichtem Gestr\u00fcpp oder unwegsamem Gel\u00e4nde. Diese Eigenschaft gew\u00e4hrleistet optimale Leistung auch unter hoher Belastung.<\/li>\n<li><strong>Kompaktes und leichtes Design<\/strong>Trotz seiner robusten Bauweise ist das RC20-Getriebe kompakt und leicht, was die Montage und Wartung vereinfacht. Seine Konstruktion tr\u00e4gt zur Gesamteffizienz des M\u00e4hers bei und minimiert gleichzeitig unn\u00f6tiges Gewicht.<\/li>\n<\/ol>\n<p>Durch die Integration dieser Merkmale ist das RC20-Rotationsm\u00e4hergetriebe eine zuverl\u00e4ssige und leistungsstarke L\u00f6sung f\u00fcr eine breite Palette von M\u00e4h- und Rodungsanwendungen.<\/p>\n<table style=\"width: 103.676%; height: 337px;\" width=\"136\">\n<tbody>\n<tr style=\"height: 337px;\">\n<td style=\"width: 49.375%; height: 337px;\" width=\"72\"><img loading=\"lazy\" decoding=\"async\" class=\"alignnone size-full wp-image-2216\" src=\"https:\/\/fmp-components.com\/wp-content\/uploads\/2024\/12\/Using-RC20-Rotary-Mower-Gearbox-Precautions-1.webp\" alt=\"Vorsichtsma\u00dfnahmen bei der Verwendung des RC20-Rotationsm\u00e4hergetriebes\" width=\"1000\" height=\"700\" title=\"\" srcset=\"https:\/\/fmp-components.com\/wp-content\/uploads\/2024\/12\/Using-RC20-Rotary-Mower-Gearbox-Precautions-1.webp 1000w, https:\/\/fmp-components.com\/wp-content\/uploads\/2024\/12\/Using-RC20-Rotary-Mower-Gearbox-Precautions-1-980x686.webp 980w, https:\/\/fmp-components.com\/wp-content\/uploads\/2024\/12\/Using-RC20-Rotary-Mower-Gearbox-Precautions-1-480x336.webp 480w\" sizes=\"(min-width: 0px) and (max-width: 480px) 480px, (min-width: 481px) and (max-width: 980px) 980px, (min-width: 981px) 1000px, 100vw\" \/><\/td>\n<td style=\"width: 49.8959%; height: 337px;\" width=\"64\"><img loading=\"lazy\" decoding=\"async\" class=\"alignnone size-full wp-image-2217\" src=\"https:\/\/fmp-components.com\/wp-content\/uploads\/2024\/12\/Using-RC20-Rotary-Mower-Gearbox-Precautions-2.webp\" alt=\"Vorsichtsma\u00dfnahmen bei der Verwendung des RC20-Rotationsm\u00e4hergetriebes\" width=\"1000\" height=\"700\" title=\"\" srcset=\"https:\/\/fmp-components.com\/wp-content\/uploads\/2024\/12\/Using-RC20-Rotary-Mower-Gearbox-Precautions-2.webp 1000w, https:\/\/fmp-components.com\/wp-content\/uploads\/2024\/12\/Using-RC20-Rotary-Mower-Gearbox-Precautions-2-980x686.webp 980w, https:\/\/fmp-components.com\/wp-content\/uploads\/2024\/12\/Using-RC20-Rotary-Mower-Gearbox-Precautions-2-480x336.webp 480w\" sizes=\"(min-width: 0px) and (max-width: 480px) 480px, (min-width: 481px) and (max-width: 980px) 980px, (min-width: 981px) 1000px, 100vw\" \/><\/td>\n<\/tr>\n<\/tbody>\n<\/table>\n<h2>Zapfwelle f\u00fcr Getriebe f\u00fcr Rotationsm\u00e4her<\/h2>\n<p>Die Zapfwelle (PTO-Welle) ist ein wesentliches Bauteil, das das Getriebe des Rotationsm\u00e4hers mit dem Antriebssystem des Traktors verbindet und so die Kraft\u00fcbertragung vom Traktor zum M\u00e4hwerk erm\u00f6glicht. Eine hochwertige Zapfwelle gew\u00e4hrleistet den effizienten und zuverl\u00e4ssigen Betrieb des Getriebes und bef\u00e4higt es, auch anspruchsvolle M\u00e4h- und Rodungsarbeiten zu bew\u00e4ltigen. Im Folgenden sind die wichtigsten Merkmale und Vorteile der Zapfwelle f\u00fcr ein Rotationsm\u00e4hergetriebe aufgef\u00fchrt:<\/p>\n<p><strong>Effiziente Kraft\u00fcbertragung<\/strong><\/p>\n<p>Die Zapfwelle stellt eine nahtlose Verbindung zwischen dem Zapfwellensystem des Traktors und dem Getriebe des Rotationsm\u00e4hwerks her. Sie \u00fcbertr\u00e4gt die Rotationskraft effizient und sorgt so daf\u00fcr, dass die M\u00e4hwerksmesser die optimale Drehzahl f\u00fcr einen effizienten Schnitt erreichen. Diese direkte Kraft\u00fcbertragung tr\u00e4gt zur Aufrechterhaltung einer hohen Produktivit\u00e4t im Betrieb bei.<\/p>\n<p><strong>Langlebige Konstruktion<\/strong><\/p>\n<p>Die Zapfwelle besteht aus hochfesten Materialien und ist f\u00fcr hohe Drehmomente und intensive Beanspruchung ausgelegt. Sie ist so konstruiert, dass sie auch unter rauen Arbeitsbedingungen Verschlei\u00df und Erm\u00fcdung widersteht und so eine lange Lebensdauer bei minimalem Wartungsaufwand gew\u00e4hrleistet.<\/p>\n<p><strong>Flexibilit\u00e4t und Vielseitigkeit<\/strong><\/p>\n<p>Zapfwellen sind in verschiedenen Gr\u00f6\u00dfen und Ausf\u00fchrungen erh\u00e4ltlich und daher mit unterschiedlichen Getrieben von Rotationsm\u00e4hern und Traktormodellen kompatibel. Sie sind f\u00fcr vielf\u00e4ltige landwirtschaftliche Aufgaben wie M\u00e4hen, Roden und Freischneiden auf unterschiedlichem Terrain und in verschiedenen Vegetationstypen ausgelegt.<\/p>\n<p><strong>Sicherheitsfunktionen<\/strong><\/p>\n<p>Viele Zapfwellen sind mit Sicherheitsvorrichtungen wie Scherbolzen oder Rutschkupplungen ausgestattet, die die Maschine vor Sch\u00e4den durch pl\u00f6tzliche \u00dcberlastung oder Blockierung sch\u00fctzen. Diese Vorrichtungen gew\u00e4hrleisten einen sicheren Betrieb und verhindern Sch\u00e4den am Getriebe des M\u00e4hwerks und am Zapfwellensystem des Traktors.<\/p>\n<p><strong>Einfache Installation und Wartung<\/strong><\/p>\n<p>Zapfwellen f\u00fcr Getriebe von Rotationsm\u00e4hern sind f\u00fcr die einfache Montage und Demontage am Zapfwellenantrieb des Traktors ausgelegt. Ihre einfache, benutzerfreundliche Konstruktion erm\u00f6glicht eine schnelle Montage und Wartung und reduziert so Ausfallzeiten w\u00e4hrend des Arbeitstages. Regelm\u00e4\u00dfige Wartung und Schmierung der Zapfwelle gew\u00e4hrleisten zudem einen reibungslosen Betrieb und verl\u00e4ngern ihre Lebensdauer.<\/p>\n<p><strong>Hochleistungsf\u00e4higkeit<\/strong><\/p>\n<p>F\u00fcr anspruchsvollere Anwendungen, wie das Roden von dichtem Gestr\u00fcpp oder Arbeiten in unwegsamem Gel\u00e4nde, ist die Zapfwelle der Getriebe von Rotationsm\u00e4hern f\u00fcr hohe Drehmomentbelastungen ausgelegt. Sie gew\u00e4hrleistet einen optimalen Getriebebetrieb auch unter Volllastbedingungen und liefert eine konstante und zuverl\u00e4ssige Kraft auf die Messer des Rotationsm\u00e4hers.<\/p>\n<p><strong>Korrosionsbest\u00e4ndigkeit<\/strong><\/p>\n<p>Um den Witterungseinfl\u00fcssen standzuhalten, werden Zapfwellen h\u00e4ufig mit korrosionsbest\u00e4ndigen Materialien beschichtet. Dies sch\u00fctzt sie vor Rost und Verschlei\u00df durch Feuchtigkeit, Schmutz und andere Umwelteinfl\u00fcsse. Dadurch eignen sie sich f\u00fcr den Einsatz unter verschiedenen Wetterbedingungen und ihre Lebensdauer wird verl\u00e4ngert.<\/p>\n<p>Zusammenfassend l\u00e4sst sich sagen, dass die Zapfwelle f\u00fcr Getriebe von Rotationsm\u00e4hern eine entscheidende Rolle f\u00fcr den effizienten, zuverl\u00e4ssigen und sicheren Betrieb landwirtschaftlicher Maschinen spielt. Durch die Gew\u00e4hrleistung einer reibungslosen Kraft\u00fcbertragung sowie durch Flexibilit\u00e4t und Langlebigkeit stellt die Zapfwelle sicher, dass der Rotationsm\u00e4her optimal arbeitet und den Anforderungen vielf\u00e4ltiger Schneidaufgaben gerecht wird.<\/p>\n<table style=\"width: 104.338%; height: 13px;\" width=\"136\">\n<tbody>\n<tr>\n<td style=\"width: 51.3458%;\" width=\"72\"><img loading=\"lazy\" decoding=\"async\" class=\"alignnone size-full wp-image-2213\" src=\"https:\/\/fmp-components.com\/wp-content\/uploads\/2024\/12\/PTO-Shaft-for-Rotary-Cutter-Gearbox-61.webp\" alt=\"Zapfwelle f\u00fcr Rotationsschneidgetriebe\" width=\"600\" height=\"400\" title=\"\" srcset=\"https:\/\/fmp-components.com\/wp-content\/uploads\/2024\/12\/PTO-Shaft-for-Rotary-Cutter-Gearbox-61.webp 600w, https:\/\/fmp-components.com\/wp-content\/uploads\/2024\/12\/PTO-Shaft-for-Rotary-Cutter-Gearbox-61-480x320.webp 480w\" sizes=\"(min-width: 0px) and (max-width: 480px) 480px, (min-width: 481px) 600px, 100vw\" \/><\/td>\n<td style=\"width: 47.9296%;\" width=\"64\"><img loading=\"lazy\" decoding=\"async\" class=\"alignnone size-full wp-image-2214\" src=\"https:\/\/fmp-components.com\/wp-content\/uploads\/2024\/12\/PTO-Shaft-for-Rotary-Cutter-Gearbox-51.webp\" alt=\"Zapfwelle f\u00fcr Rotationsschneidgetriebe\" width=\"600\" height=\"400\" title=\"\" srcset=\"https:\/\/fmp-components.com\/wp-content\/uploads\/2024\/12\/PTO-Shaft-for-Rotary-Cutter-Gearbox-51.webp 600w, https:\/\/fmp-components.com\/wp-content\/uploads\/2024\/12\/PTO-Shaft-for-Rotary-Cutter-Gearbox-51-480x320.webp 480w\" sizes=\"(min-width: 0px) and (max-width: 480px) 480px, (min-width: 481px) 600px, 100vw\" \/><\/td>\n<\/tr>\n<\/tbody>\n<\/table>\n<h3>\u00dcber FMP<\/h3>\n<p>FMP mit Hauptsitz in Italien ist ein f\u00fchrender Hersteller, der f\u00fcr seine Expertise in der Konstruktion, Entwicklung und Produktion von Hochleistungsgetrieben, vor allem f\u00fcr den Landmaschinensektor, bekannt ist. Bekannt f\u00fcr Pr\u00e4zisionstechnik, Innovation und unersch\u00fctterliche Zuverl\u00e4ssigkeit, hat sich FMP als zuverl\u00e4ssiger Partner etabliert, der die steigenden Anforderungen sowohl der Agrar- als auch der Industriem\u00e4rkte erf\u00fcllt. Unser umfassendes Produktportfolio umfasst Spezialgetriebe f\u00fcr Rasenm\u00e4her, Zapfwellen und andere wichtige Komponenten, die alle darauf ausgelegt sind, effektive, ma\u00dfgeschneiderte L\u00f6sungen f\u00fcr ein breites Anwendungsspektrum zu bieten.<\/p>\n<p>Wir bei FMP wissen, dass jeder Kunde individuelle Bed\u00fcrfnisse und Herausforderungen hat. Deshalb bieten wir ma\u00dfgeschneiderte L\u00f6sungen an, ob einzelne Komponenten oder vollst\u00e4ndig integrierte Systeme. Wir verfolgen einen kooperativen Ansatz und arbeiten eng mit unseren Kunden zusammen, um sicherzustellen, dass jede L\u00f6sung nicht nur effektiv, sondern auch effizient ist. Unser Engagement f\u00fcr schnelle, professionelle Antworten und kompetente Beratung garantiert, dass jede Anfrage mit gr\u00f6\u00dfter Sorgfalt und Pr\u00e4zision bearbeitet wird, um optimale Ergebnisse f\u00fcr unsere Kunden zu erzielen.<\/p>\n<p>Wir legen gro\u00dfen Wert auf offene und kontinuierliche Kommunikation, insbesondere bei der Entwicklung neuer Produkte. Unser engagiertes Team arbeitet direkt mit unseren Kunden zusammen, um deren Anforderungen umfassend zu verstehen und liefert wertvolle Einblicke und Empfehlungen, die zu optimalen L\u00f6sungen f\u00fchren. Ob wir innovative Produkte entwickeln oder bestehende Auftr\u00e4ge erf\u00fcllen \u2013 FMP ist stets bestrebt, hochwertige, pr\u00e4zise gefertigte L\u00f6sungen p\u00fcnktlich zu liefern und unseren Kunden so den besten Service und die besten Ergebnisse zu bieten.<\/p>\n<p>Im Mittelpunkt der Gesch\u00e4ftst\u00e4tigkeit von FMP steht unser unerm\u00fcdlicher Fokus auf Qualit\u00e4t. Wir halten uns an h\u00f6chste Fertigungsstandards und setzen strenge Qualit\u00e4tskontrollma\u00dfnahmen ein, um sicherzustellen, dass jedes Produkt die Branchenerwartungen nicht nur erf\u00fcllt, sondern \u00fcbertrifft. Dieses Qualit\u00e4tsbewusstsein, gepaart mit unseren Grundwerten Integrit\u00e4t, Teamwork und Beharrlichkeit, erm\u00f6glicht es uns, dauerhafte und vertrauensvolle Beziehungen zu Kunden in fast 30 L\u00e4ndern weltweit aufzubauen.<\/p>\n<p>FMP ist stets bestrebt, globale Partnerschaften aufzubauen und bietet kompetente Beratung und ma\u00dfgeschneiderte L\u00f6sungen f\u00fcr die vielf\u00e4ltigen Bed\u00fcrfnisse unserer Kunden. Unser Ansatz geht \u00fcber die reine Produktlieferung hinaus; wir streben langfristige Beziehungen an, die zum Erfolg jedes Projekts beitragen. Ob Sie innovative L\u00f6sungen f\u00fcr ein neues Projekt oder fortlaufende Unterst\u00fctzung f\u00fcr ein bestehendes System ben\u00f6tigen \u2013 FMP ist f\u00fcr Sie da, um Ihre technischen Herausforderungen zu meistern und Ihren nachhaltigen Erfolg zu sichern.<\/p>\n<p><img loading=\"lazy\" decoding=\"async\" class=\"alignnone size-full wp-image-1861\" src=\"https:\/\/fmp-components.com\/wp-content\/uploads\/2024\/12\/Other-Agricultural-Gearboxes.webp\" sizes=\"(min-width: 0px) and (max-width: 480px) 480px, (min-width: 481px) and (max-width: 980px) 980px, (min-width: 981px) 1200px, 100vw\" srcset=\"https:\/\/fmp-components.com\/wp-content\/uploads\/2024\/12\/Other-Agricultural-Gearboxes.webp 1200w, https:\/\/fmp-components.com\/wp-content\/uploads\/2024\/12\/Other-Agricultural-Gearboxes-980x1143.webp 980w, https:\/\/fmp-components.com\/wp-content\/uploads\/2024\/12\/Other-Agricultural-Gearboxes-480x560.webp 480w\" alt=\"Altri-cambi-agricoli\" width=\"1200\" height=\"1400\" title=\"\"><\/p>\n<p>Autor: CX<\/p>","protected":false},"excerpt":{"rendered":"<p>Rotary Cutter Gearboxes \u2013 Replacement of Omni Code RC-20 Gearbox The Rotary Cutter Gearbox for the replacement of the Omni Code RC-20 gearbox is designed to provide superior performance and durability in agricultural and industrial applications. This high-quality replacement gearbox is engineered to fit seamlessly into rotary cutters, offering an efficient and reliable solution for [&hellip;]<\/p>","protected":false},"featured_media":2211,"comment_status":"open","ping_status":"closed","template":"","meta":{"_et_pb_use_builder":"","_et_pb_old_content":"","_et_gb_content_width":""},"product_brand":[],"product_cat":[56],"product_tag":[],"class_list":{"0":"post-2209","1":"product","2":"type-product","3":"status-publish","4":"has-post-thumbnail","6":"product_cat-rotary-cutter-gearbox","8":"first","9":"instock","10":"shipping-taxable","11":"product-type-simple"},"_links":{"self":[{"href":"https:\/\/fmp-components.com\/de\/wp-json\/wp\/v2\/product\/2209","targetHints":{"allow":["GET"]}}],"collection":[{"href":"https:\/\/fmp-components.com\/de\/wp-json\/wp\/v2\/product"}],"about":[{"href":"https:\/\/fmp-components.com\/de\/wp-json\/wp\/v2\/types\/product"}],"replies":[{"embeddable":true,"href":"https:\/\/fmp-components.com\/de\/wp-json\/wp\/v2\/comments?post=2209"}],"wp:featuredmedia":[{"embeddable":true,"href":"https:\/\/fmp-components.com\/de\/wp-json\/wp\/v2\/media\/2211"}],"wp:attachment":[{"href":"https:\/\/fmp-components.com\/de\/wp-json\/wp\/v2\/media?parent=2209"}],"wp:term":[{"taxonomy":"product_brand","embeddable":true,"href":"https:\/\/fmp-components.com\/de\/wp-json\/wp\/v2\/product_brand?post=2209"},{"taxonomy":"product_cat","embeddable":true,"href":"https:\/\/fmp-components.com\/de\/wp-json\/wp\/v2\/product_cat?post=2209"},{"taxonomy":"product_tag","embeddable":true,"href":"https:\/\/fmp-components.com\/de\/wp-json\/wp\/v2\/product_tag?post=2209"}],"curies":[{"name":"wp","href":"https:\/\/api.w.org\/{rel}","templated":true}]}}