{"id":2203,"date":"2024-12-30T08:55:17","date_gmt":"2024-12-30T08:55:17","guid":{"rendered":"https:\/\/fmp-components.com\/?page_id=8"},"modified":"2025-03-20T00:46:26","modified_gmt":"2025-03-20T00:46:26","slug":"agricultural-sprayer-gearbox-replacement-of-comer-code-d21b-d21f","status":"publish","type":"product","link":"https:\/\/fmp-components.com\/de\/product\/agricultural-sprayer-gearbox-replacement-of-comer-code-d21b-d21f\/","title":{"rendered":"Getriebe f\u00fcr landwirtschaftliche Spr\u00fchger\u00e4te \u2013 Austausch des Comer-Codes D21B D21F"},"content":{"rendered":"<h2>Technische Daten des Getriebes D21B\/D21F f\u00fcr Landwirtschaftsspritzen<\/h2>\n<p><img loading=\"lazy\" decoding=\"async\" class=\"alignnone size-full wp-image-2205\" src=\"https:\/\/fmp-components.com\/wp-content\/uploads\/2024\/12\/agricultural-sprayer-gearbox-specification-D21B-D21F.webp\" alt=\"Spezifikation f\u00fcr das Getriebe von Landwirtschaftsspritzen D21B-D21F\" width=\"851\" height=\"439\" title=\"\" srcset=\"https:\/\/fmp-components.com\/wp-content\/uploads\/2024\/12\/agricultural-sprayer-gearbox-specification-D21B-D21F.webp 851w, https:\/\/fmp-components.com\/wp-content\/uploads\/2024\/12\/agricultural-sprayer-gearbox-specification-D21B-D21F-480x248.webp 480w\" sizes=\"(min-width: 0px) and (max-width: 480px) 480px, (min-width: 481px) 851px, 100vw\" \/><\/p>\n<table style=\"width: 90.6811%; height: 309px;\" border=\"1\" cellspacing=\"0\" cellpadding=\"0\">\n<tbody>\n<tr>\n<td rowspan=\"2\"><strong>ich<\/strong><\/td>\n<td rowspan=\"2\"><strong>N<sub>1<\/sub>[U\/min]<\/strong><\/td>\n<td rowspan=\"2\"><strong>P<sub>1<\/sub>[kW]<\/strong><\/td>\n<td rowspan=\"2\"><strong>M<sub>2<\/sub>[Nm]<\/strong><\/td>\n<td colspan=\"2\"><strong>Wellentyp<\/strong><strong><br \/>\n<\/strong><\/td>\n<td rowspan=\"2\"><strong>Eingang<\/strong><\/td>\n<\/tr>\n<tr>\n<td><strong>X<br \/>\n<\/strong>\u00a0<img loading=\"lazy\" decoding=\"async\" class=\"alignnone size-full wp-image-2180\" src=\"https:\/\/fmp-components.com\/wp-content\/uploads\/2024\/12\/shaft-x-3.webp\" alt=\"Welle-x\" width=\"81\" height=\"78\" title=\"\" srcset=\"https:\/\/fmp-components.com\/wp-content\/uploads\/2024\/12\/shaft-x-3.webp 81w, https:\/\/fmp-components.com\/wp-content\/uploads\/2024\/12\/shaft-x-3-12x12.webp 12w\" sizes=\"(max-width: 81px) 100vw, 81px\" \/><\/td>\n<td><strong>Z<img loading=\"lazy\" decoding=\"async\" class=\"size-full wp-image-2181 aligncenter\" src=\"https:\/\/fmp-components.com\/wp-content\/uploads\/2024\/12\/shaft-z.webp\" alt=\"Welle-z\" width=\"81\" height=\"84\" title=\"\" srcset=\"https:\/\/fmp-components.com\/wp-content\/uploads\/2024\/12\/shaft-z.webp 81w, https:\/\/fmp-components.com\/wp-content\/uploads\/2024\/12\/shaft-z-12x12.webp 12w\" sizes=\"(max-width: 81px) 100vw, 81px\" \/><\/strong><\/td>\n<\/tr>\n<tr>\n<td>3.90<br \/>\n4.90<\/td>\n<td>540<\/td>\n<td>38.9<\/td>\n<td>&#8211;<\/td>\n<td>1\u201d 3\/8 Z6<\/td>\n<td>L270 35<\/td>\n<td>X<\/td>\n<\/tr>\n<tr>\n<td>3.60<br \/>\n4.50<\/td>\n<td>540<\/td>\n<td>40.5<\/td>\n<td>&#8211;<\/td>\n<td>1\u201d 3\/8 Z6<\/td>\n<td>L165 40<\/td>\n<td>X<\/td>\n<\/tr>\n<tr>\n<td>3.60<br \/>\n4.50<\/td>\n<td>540<\/td>\n<td>47.8<\/td>\n<td>&#8211;<\/td>\n<td>1\u201d 3\/8 Z6<\/td>\n<td>L286 40<\/td>\n<td>X<\/td>\n<\/tr>\n<tr>\n<td>2.90<br \/>\n3.90<\/td>\n<td>540<\/td>\n<td>41.2<\/td>\n<td>&#8211;<\/td>\n<td>1\u201d 3\/8 Z6<\/td>\n<td>L221 35<\/td>\n<td>X<\/td>\n<\/tr>\n<\/tbody>\n<\/table>\n<h3>Hauptkomponenten des Getriebes einer Landwirtschaftsspritze<\/h3>\n<p>Die wichtigsten Komponenten eines Getriebes f\u00fcr landwirtschaftliche Feldspritzen sind entscheidend f\u00fcr deren Funktion, Langlebigkeit und Effizienz beim Spritzvorgang. Diese Komponenten gew\u00e4hrleisten eine reibungslose Kraft\u00fcbertragung und erm\u00f6glichen optimale Leistung bei landwirtschaftlichen Arbeiten. Zu den Hauptkomponenten geh\u00f6ren typischerweise:<\/p>\n<ol>\n<li><strong>Eingangswelle<\/strong>Die Eingangswelle verbindet das Getriebe mit der Antriebsquelle, \u00fcblicherweise der Zapfwelle (PTO) des Traktors. Sie \u00fcbertr\u00e4gt die Drehbewegung des Traktors auf das Getriebe und erm\u00f6glicht so dessen Betrieb.<\/li>\n<li><strong>Zahnradsatz (Schr\u00e4g- oder Stirnr\u00e4der)<\/strong>Das Getriebe ist unerl\u00e4sslich f\u00fcr die \u00dcbertragung der Drehbewegung von der Eingangswelle auf die Ausgangswelle. Die Zahnr\u00e4der sind so konstruiert, dass sie die f\u00fcr die Pumpe des Spr\u00fchger\u00e4ts oder andere zugeh\u00f6rige Mechanismen erforderlichen Drehzahl- und Drehmomenteinstellungen erm\u00f6glichen.<\/li>\n<li><strong>Abtriebswelle<\/strong>Die Abtriebswelle \u00fcbertr\u00e4gt die Kraft auf die Spr\u00fchkomponenten, wie beispielsweise die Pumpe oder die Spr\u00fcharme. Sie ist mit den Teilen verbunden, die die Spr\u00fchapplikation steuern, und treibt diese koordiniert an.<\/li>\n<li><strong>Lager und Dichtungen<\/strong>Lager dienen dazu, die Reibung zwischen beweglichen Teilen zu reduzieren, einen reibungslosen Lauf zu gew\u00e4hrleisten und Verschlei\u00df zu verhindern. Dichtungen sind entscheidend, um \u00d6laustritt, Verunreinigungen und das Eindringen von Feuchtigkeit zu verhindern und somit die Lebensdauer des Getriebes zu verl\u00e4ngern.<\/li>\n<li><strong>Geh\u00e4use<\/strong>Das Getriebegeh\u00e4use umschlie\u00dft alle internen Komponenten und gew\u00e4hrleistet die strukturelle Integrit\u00e4t. Es ist so konstruiert, dass es hohen Dr\u00fccken, Umgebungsbedingungen und den im Betrieb auftretenden mechanischen Belastungen standh\u00e4lt.<\/li>\n<li><strong>Schmiersystem<\/strong>Das Schmiersystem sorgt f\u00fcr den reibungslosen Lauf der beweglichen Teile im Getriebe, reduziert die Reibung und verhindert \u00dcberhitzung. Eine ordnungsgem\u00e4\u00dfe Schmierung ist unerl\u00e4sslich f\u00fcr die Langlebigkeit und Effizienz des Getriebes.<\/li>\n<li><strong>\u00dcberlastschutz<\/strong>Einige Getriebe von Landwirtschaftsspritzen sind mit \u00dcberlastschutzmechanismen wie Scherbolzen oder Kupplungsmechanismen ausgestattet, um Sch\u00e4den am Getriebe bei unerwartetem Widerstand oder Betriebsbelastung zu verhindern.<\/li>\n<\/ol>\n<p>Diese Schl\u00fcsselkomponenten arbeiten zusammen, um sicherzustellen, dass das Getriebe die Kraft effizient \u00fcbertr\u00e4gt, Drehzahl und Drehmoment regelt und die Funktionalit\u00e4t des Spr\u00fchger\u00e4ts unterst\u00fctzt. Regelm\u00e4\u00dfige Wartung und Inspektion dieser Komponenten sind entscheidend f\u00fcr optimale Leistung und Langlebigkeit.<\/p>\n<p><img loading=\"lazy\" decoding=\"async\" class=\"alignnone size-full wp-image-2193\" src=\"https:\/\/fmp-components.com\/wp-content\/uploads\/2024\/12\/Agricultural-Sprayer-Gearbox-19.webp\" alt=\"Agrar-Spr\u00fchger\u00e4te-Getriebe\" width=\"2016\" height=\"1512\" title=\"\" srcset=\"https:\/\/fmp-components.com\/wp-content\/uploads\/2024\/12\/Agricultural-Sprayer-Gearbox-19.webp 2016w, https:\/\/fmp-components.com\/wp-content\/uploads\/2024\/12\/Agricultural-Sprayer-Gearbox-19-1280x960.webp 1280w, https:\/\/fmp-components.com\/wp-content\/uploads\/2024\/12\/Agricultural-Sprayer-Gearbox-19-980x735.webp 980w, https:\/\/fmp-components.com\/wp-content\/uploads\/2024\/12\/Agricultural-Sprayer-Gearbox-19-480x360.webp 480w\" sizes=\"(min-width: 0px) and (max-width: 480px) 480px, (min-width: 481px) and (max-width: 980px) 980px, (min-width: 981px) and (max-width: 1280px) 1280px, (min-width: 1281px) 2016px, 100vw\" \/><\/p>\n<h2>Landwirtschaftliche Anwendungen des Spritzengetriebes<\/h2>\n<p>Getriebe f\u00fcr landwirtschaftliche Spritzen spielen eine entscheidende Rolle in verschiedenen landwirtschaftlichen Anwendungen, indem sie ein effizientes und pr\u00e4zises Ausbringen von D\u00fcngemitteln, Pestiziden, Herbiziden und anderen Chemikalien gew\u00e4hrleisten. Im Folgenden sind einige wichtige Anwendungsbereiche aufgef\u00fchrt, in denen Getriebe f\u00fcr Spritzen weit verbreitet sind:<\/p>\n<ol>\n<li><strong>Pflanzenschutz<\/strong>Die Getriebe von Pflanzenschutzspritzen sind f\u00fcr deren Funktion unerl\u00e4sslich. Sie erm\u00f6glichen die effiziente Ausbringung von Pestiziden, Herbiziden, Fungiziden und Insektiziden. Diese Getriebe tragen dazu bei, einen gleichm\u00e4\u00dfigen Druck und Durchfluss aufrechtzuerhalten und so die gleichm\u00e4\u00dfige Verteilung der Chemikalien auf gro\u00dfen Feldern zu gew\u00e4hrleisten. Dadurch werden die Nutzpflanzen vor Sch\u00e4dlingen und Krankheiten gesch\u00fctzt.<\/li>\n<li><strong>D\u00fcngung<\/strong>Getriebe in D\u00fcngerstreuern und -spritzen steuern den Durchfluss und die Verteilung von Fl\u00fcssigd\u00fcngern auf landwirtschaftlichen Fl\u00e4chen. Sie gew\u00e4hrleisten eine gleichm\u00e4\u00dfige D\u00fcngung, die f\u00fcr gesundes Pflanzenwachstum und optimale Ertr\u00e4ge unerl\u00e4sslich ist. Diese Systeme sind f\u00fcr verschiedene Fl\u00fcssigd\u00fcngerarten ausgelegt und erm\u00f6glichen eine pr\u00e4zise Ausbringung unter unterschiedlichen Bodenbedingungen.<\/li>\n<li><strong>Unkrautbek\u00e4mpfung<\/strong>Getriebe f\u00fcr landwirtschaftliche Spritzen werden in Spritzger\u00e4ten zur Unkrautbek\u00e4mpfung eingesetzt. Durch die effiziente Ausbringung von Herbiziden erm\u00f6glichen diese Getriebe die gezielte Unkrautbek\u00e4mpfung und reduzieren die Konkurrenz um N\u00e4hrstoffe und Wasser in den Kulturpflanzen. Diese Anwendung ist wesentlich f\u00fcr die Steigerung der Ernteertr\u00e4ge und die Verringerung des Arbeitsaufwands.<\/li>\n<li><strong>Nachernteanwendungen<\/strong>Spr\u00fchgetriebe werden auch bei der Nacherntebehandlung von Feldfr\u00fcchten eingesetzt. Nach der Ernte k\u00f6nnen Spr\u00fchger\u00e4te verwendet werden, um Schutzanstriche oder Konservierungsmittel auf Obst, Gem\u00fcse und Getreide aufzutragen, wodurch deren Haltbarkeit verl\u00e4ngert und Verderb w\u00e4hrend Transport und Lagerung verhindert wird.<\/li>\n<li><strong>Feldbew\u00e4sserung und Chemikalienmischung<\/strong>Einige Spr\u00fchgetriebe sind Bestandteil von Bew\u00e4sserungssystemen, wo sie das Mischen und Verteilen von Chemikalien wie Wachstumsregulatoren oder Fungiziden mit dem Wasser unterst\u00fctzen. Diese Getriebe gew\u00e4hrleisten eine gleichm\u00e4\u00dfige und kontrollierte Verteilung der L\u00f6sung \u00fcber die Pflanzen und sorgen so f\u00fcr optimale Wachstumsbedingungen.<\/li>\n<li><strong>Bespr\u00fchen von Obstg\u00e4rten und Weinbergen<\/strong>In speziellen Anwendungsbereichen wie Obstplantagen und Weinbergen sind Spr\u00fchgetriebe unerl\u00e4sslich, um Pflanzenschutzmittel zum Schutz der Kulturpflanzen vor Sch\u00e4dlingen, Krankheiten und Umweltbelastungen auszubringen. Die Getriebe liefern dem Spr\u00fchger\u00e4t eine gleichm\u00e4\u00dfige Kraft und gew\u00e4hrleisten so eine pr\u00e4zise Benetzung von Pflanzen und B\u00e4umen in Reihen und auf unterschiedlichem Gel\u00e4nde.<\/li>\n<li><strong>Bodenbehandlung<\/strong>In bestimmten landwirtschaftlichen Systemen werden Spr\u00fchgetriebe zur Bodenbearbeitung eingesetzt, beispielsweise zum Ausbringen von Bodenverbesserungsmitteln oder Vorauflaufherbiziden. Diese Getriebe gew\u00e4hrleisten eine pr\u00e4zise und gleichm\u00e4\u00dfige Verteilung der Bodenbehandlungsmittel, verbessern die Bodengesundheit und tragen zu h\u00f6heren Ernteertr\u00e4gen bei.<\/li>\n<\/ol>\n<p>Diese vielf\u00e4ltigen landwirtschaftlichen Anwendungen verdeutlichen die entscheidende Rolle von Spritzgetrieben f\u00fcr effektive und effiziente Spritzprozesse. Durch die Bereitstellung gleichbleibender Leistung, pr\u00e4ziser Steuerung und zuverl\u00e4ssiger Funktion tragen Spritzgetriebe zu h\u00f6heren Ernteertr\u00e4gen, einem verbesserten Sch\u00e4dlings- und Krankheitsmanagement und einer insgesamt h\u00f6heren Produktivit\u00e4t des landwirtschaftlichen Betriebs bei.<\/p>\n<p><img loading=\"lazy\" decoding=\"async\" class=\"alignnone size-full wp-image-2185\" src=\"https:\/\/fmp-components.com\/wp-content\/uploads\/2024\/12\/Agricultural-Sprayer-Gearbox-Applications.webp\" alt=\"Anwendungen f\u00fcr Landwirtschaftsspritzen-Getriebe\" width=\"1200\" height=\"770\" title=\"\" srcset=\"https:\/\/fmp-components.com\/wp-content\/uploads\/2024\/12\/Agricultural-Sprayer-Gearbox-Applications.webp 1200w, https:\/\/fmp-components.com\/wp-content\/uploads\/2024\/12\/Agricultural-Sprayer-Gearbox-Applications-980x629.webp 980w, https:\/\/fmp-components.com\/wp-content\/uploads\/2024\/12\/Agricultural-Sprayer-Gearbox-Applications-480x308.webp 480w\" sizes=\"(min-width: 0px) and (max-width: 480px) 480px, (min-width: 481px) and (max-width: 980px) 980px, (min-width: 981px) 1200px, 100vw\" \/><\/p>\n<h3>\u00dcber FMP<\/h3>\n<p>FMP mit Hauptsitz in Italien ist ein f\u00fchrender Hersteller, der f\u00fcr seine Expertise in der Konstruktion, Entwicklung und Produktion von Hochleistungsgetrieben, vor allem f\u00fcr den Landmaschinensektor, bekannt ist. Bekannt f\u00fcr Pr\u00e4zisionstechnik, Innovation und unersch\u00fctterliche Zuverl\u00e4ssigkeit, hat sich FMP als zuverl\u00e4ssiger Partner etabliert, der die steigenden Anforderungen sowohl der Agrar- als auch der Industriem\u00e4rkte erf\u00fcllt. Unser umfassendes Produktportfolio umfasst Spezialgetriebe f\u00fcr Rasenm\u00e4her, Zapfwellen und andere wichtige Komponenten, die alle darauf ausgelegt sind, effektive, ma\u00dfgeschneiderte L\u00f6sungen f\u00fcr ein breites Anwendungsspektrum zu bieten.<\/p>\n<p>Wir bei FMP wissen, dass jeder Kunde individuelle Bed\u00fcrfnisse und Herausforderungen hat. Deshalb bieten wir ma\u00dfgeschneiderte L\u00f6sungen an, ob einzelne Komponenten oder vollst\u00e4ndig integrierte Systeme. Wir verfolgen einen kooperativen Ansatz und arbeiten eng mit unseren Kunden zusammen, um sicherzustellen, dass jede L\u00f6sung nicht nur effektiv, sondern auch effizient ist. Unser Engagement f\u00fcr schnelle, professionelle Antworten und kompetente Beratung garantiert, dass jede Anfrage mit gr\u00f6\u00dfter Sorgfalt und Pr\u00e4zision bearbeitet wird, um optimale Ergebnisse f\u00fcr unsere Kunden zu erzielen.<\/p>\n<p>Wir legen gro\u00dfen Wert auf offene und kontinuierliche Kommunikation, insbesondere bei der Entwicklung neuer Produkte. Unser engagiertes Team arbeitet direkt mit unseren Kunden zusammen, um deren Anforderungen umfassend zu verstehen und liefert wertvolle Einblicke und Empfehlungen, die zu optimalen L\u00f6sungen f\u00fchren. Ob wir innovative Produkte entwickeln oder bestehende Auftr\u00e4ge erf\u00fcllen \u2013 FMP ist stets bestrebt, hochwertige, pr\u00e4zise gefertigte L\u00f6sungen p\u00fcnktlich zu liefern und unseren Kunden so den besten Service und die besten Ergebnisse zu bieten.<\/p>\n<p>Im Mittelpunkt der Gesch\u00e4ftst\u00e4tigkeit von FMP steht unser unerm\u00fcdlicher Fokus auf Qualit\u00e4t. Wir halten uns an h\u00f6chste Fertigungsstandards und setzen strenge Qualit\u00e4tskontrollma\u00dfnahmen ein, um sicherzustellen, dass jedes Produkt die Branchenerwartungen nicht nur erf\u00fcllt, sondern \u00fcbertrifft. Dieses Qualit\u00e4tsbewusstsein, gepaart mit unseren Grundwerten Integrit\u00e4t, Teamwork und Beharrlichkeit, erm\u00f6glicht es uns, dauerhafte und vertrauensvolle Beziehungen zu Kunden in fast 30 L\u00e4ndern weltweit aufzubauen.<\/p>\n<p>FMP ist stets bestrebt, globale Partnerschaften aufzubauen und bietet kompetente Beratung und ma\u00dfgeschneiderte L\u00f6sungen f\u00fcr die vielf\u00e4ltigen Bed\u00fcrfnisse unserer Kunden. Unser Ansatz geht \u00fcber die reine Produktlieferung hinaus; wir streben langfristige Beziehungen an, die zum Erfolg jedes Projekts beitragen. Ob Sie innovative L\u00f6sungen f\u00fcr ein neues Projekt oder fortlaufende Unterst\u00fctzung f\u00fcr ein bestehendes System ben\u00f6tigen \u2013 FMP ist f\u00fcr Sie da, um Ihre technischen Herausforderungen zu meistern und Ihren nachhaltigen Erfolg zu sichern.<\/p>\n<p><img loading=\"lazy\" decoding=\"async\" class=\"alignnone size-full wp-image-1861\" src=\"https:\/\/fmp-components.com\/wp-content\/uploads\/2024\/12\/Other-Agricultural-Gearboxes.webp\" sizes=\"(min-width: 0px) and (max-width: 480px) 480px, (min-width: 481px) and (max-width: 980px) 980px, (min-width: 981px) 1200px, 100vw\" srcset=\"https:\/\/fmp-components.com\/wp-content\/uploads\/2024\/12\/Other-Agricultural-Gearboxes.webp 1200w, https:\/\/fmp-components.com\/wp-content\/uploads\/2024\/12\/Other-Agricultural-Gearboxes-980x1143.webp 980w, https:\/\/fmp-components.com\/wp-content\/uploads\/2024\/12\/Other-Agricultural-Gearboxes-480x560.webp 480w\" alt=\"Altri-cambi-agricoli\" width=\"1200\" height=\"1400\" title=\"\"><\/p>\n<p>Autor: CX<\/p>","protected":false},"excerpt":{"rendered":"<p>Specifications of Agricultural Sprayer Gearbox D21B\/D21F i N1[rpm] P1[kW] M2[Nm] Shaft Type Input X \u00a0 Z 3.90 4.90 540 38.9 &#8211; 1&#8221; 3\/8 Z6 L270 35 X 3.60 4.50 540 40.5 &#8211; 1&#8221; 3\/8 Z6 L165 40 X 3.60 4.50 540 47.8 &#8211; 1&#8221; 3\/8 Z6 L286 40 X 2.90 3.90 540 41.2 &#8211; 1&#8221; [&hellip;]<\/p>","protected":false},"featured_media":2182,"comment_status":"open","ping_status":"closed","template":"","meta":{"_et_pb_use_builder":"","_et_pb_old_content":"","_et_gb_content_width":""},"product_brand":[],"product_cat":[55],"product_tag":[],"class_list":{"0":"post-2203","1":"product","2":"type-product","3":"status-publish","4":"has-post-thumbnail","6":"product_cat-agricultural-sprayer-gearbox","8":"first","9":"instock","10":"shipping-taxable","11":"product-type-simple"},"_links":{"self":[{"href":"https:\/\/fmp-components.com\/de\/wp-json\/wp\/v2\/product\/2203","targetHints":{"allow":["GET"]}}],"collection":[{"href":"https:\/\/fmp-components.com\/de\/wp-json\/wp\/v2\/product"}],"about":[{"href":"https:\/\/fmp-components.com\/de\/wp-json\/wp\/v2\/types\/product"}],"replies":[{"embeddable":true,"href":"https:\/\/fmp-components.com\/de\/wp-json\/wp\/v2\/comments?post=2203"}],"wp:featuredmedia":[{"embeddable":true,"href":"https:\/\/fmp-components.com\/de\/wp-json\/wp\/v2\/media\/2182"}],"wp:attachment":[{"href":"https:\/\/fmp-components.com\/de\/wp-json\/wp\/v2\/media?parent=2203"}],"wp:term":[{"taxonomy":"product_brand","embeddable":true,"href":"https:\/\/fmp-components.com\/de\/wp-json\/wp\/v2\/product_brand?post=2203"},{"taxonomy":"product_cat","embeddable":true,"href":"https:\/\/fmp-components.com\/de\/wp-json\/wp\/v2\/product_cat?post=2203"},{"taxonomy":"product_tag","embeddable":true,"href":"https:\/\/fmp-components.com\/de\/wp-json\/wp\/v2\/product_tag?post=2203"}],"curies":[{"name":"wp","href":"https:\/\/api.w.org\/{rel}","templated":true}]}}