{"id":2158,"date":"2024-12-30T07:35:02","date_gmt":"2024-12-30T07:35:02","guid":{"rendered":"https:\/\/fmp-components.com\/?page_id=8"},"modified":"2024-12-30T08:06:30","modified_gmt":"2024-12-30T08:06:30","slug":"fertilizer-spreader-gearbox-replacement-of-comer-code-l-25j","status":"publish","type":"product","link":"https:\/\/fmp-components.com\/de\/product\/fertilizer-spreader-gearbox-replacement-of-comer-code-l-25j\/","title":{"rendered":"D\u00fcngerstreuergetriebe \u2013 Austausch des Comer-Codes L-25J"},"content":{"rendered":"<p><img loading=\"lazy\" decoding=\"async\" class=\"alignnone size-full wp-image-2159\" src=\"https:\/\/fmp-components.com\/wp-content\/uploads\/2024\/12\/Agricultural-Gearbox-and-PTO-Drive-Shaft-3.webp\" alt=\"Landwirtschaftliches Getriebe und Zapfwellenantrieb 3\" width=\"1200\" height=\"540\" title=\"\" srcset=\"https:\/\/fmp-components.com\/wp-content\/uploads\/2024\/12\/Agricultural-Gearbox-and-PTO-Drive-Shaft-3.webp 1200w, https:\/\/fmp-components.com\/wp-content\/uploads\/2024\/12\/Agricultural-Gearbox-and-PTO-Drive-Shaft-3-980x441.webp 980w, https:\/\/fmp-components.com\/wp-content\/uploads\/2024\/12\/Agricultural-Gearbox-and-PTO-Drive-Shaft-3-480x216.webp 480w\" sizes=\"(min-width: 0px) and (max-width: 480px) 480px, (min-width: 481px) and (max-width: 980px) 980px, (min-width: 981px) 1200px, 100vw\" \/><\/p>\n<h2>Technische Daten des D\u00fcngerstreuer-Getriebes L-25J<\/h2>\n<table style=\"width: 103.326%; height: 185px;\" width=\"270\">\n<tbody>\n<tr>\n<td width=\"132\"><img loading=\"lazy\" decoding=\"async\" class=\"alignnone size-full wp-image-2163\" src=\"https:\/\/fmp-components.com\/wp-content\/uploads\/2024\/12\/Fertilizer-Spreader-Gearbox-L-25J-Specifications-1.webp\" alt=\"D\u00fcngerstreuer-Getriebe-L-25J-Spezifikationen-1\" width=\"600\" height=\"600\" title=\"\" srcset=\"https:\/\/fmp-components.com\/wp-content\/uploads\/2024\/12\/Fertilizer-Spreader-Gearbox-L-25J-Specifications-1.webp 600w, https:\/\/fmp-components.com\/wp-content\/uploads\/2024\/12\/Fertilizer-Spreader-Gearbox-L-25J-Specifications-1-480x480.webp 480w\" sizes=\"(min-width: 0px) and (max-width: 480px) 480px, (min-width: 481px) 600px, 100vw\" \/><\/td>\n<td width=\"138\"><img loading=\"lazy\" decoding=\"async\" class=\"alignnone size-full wp-image-2164\" src=\"https:\/\/fmp-components.com\/wp-content\/uploads\/2024\/12\/Fertilizer-Spreader-Gearbox-L-25J-Specifications-2.webp\" alt=\"D\u00fcngerstreuer-Getriebe-L-25J-Spezifikationen-2\" width=\"600\" height=\"600\" title=\"\" srcset=\"https:\/\/fmp-components.com\/wp-content\/uploads\/2024\/12\/Fertilizer-Spreader-Gearbox-L-25J-Specifications-2.webp 600w, https:\/\/fmp-components.com\/wp-content\/uploads\/2024\/12\/Fertilizer-Spreader-Gearbox-L-25J-Specifications-2-480x480.webp 480w\" sizes=\"(min-width: 0px) and (max-width: 480px) 480px, (min-width: 481px) 600px, 100vw\" \/><\/td>\n<\/tr>\n<\/tbody>\n<\/table>\n<table class=\"kh-1xzm1su\" border=\"1\" cellspacing=\"0\" cellpadding=\"0\" data-intent=\"lists-product-attributes\" data-test-id=\"attributes-list\">\n<tbody class=\"kh-1ago99h\">\n<tr id=\"attLongDescription\" class=\"kh-bwvum6\">\n<th class=\"kh-10oizfy\">Beschreibung<\/th>\n<td class=\"kh-1f5nhat\">\n<div class=\"kh-pkx4zo\">D\u00fcngerstreuer-Getriebe \u2013 Austausch des Comer-Getriebes L-25J<\/div>\n<\/td>\n<\/tr>\n<tr id=\"attApplicationRange\" class=\"kh-bwvum6\">\n<th class=\"kh-10oizfy\">Anwendung<\/th>\n<td class=\"kh-1f5nhat\">\n<ul>\n<li class=\"kh-16zd49f\">Verschiedene (landwirtschaftliche) Anwendungen<\/li>\n<li class=\"kh-16zd49f\">M\u00e4her<\/li>\n<li class=\"kh-16zd49f\">Chemische D\u00fcngemittelstreuer<\/li>\n<li class=\"kh-16zd49f\">Bands\u00e4gen<\/li>\n<\/ul>\n<\/td>\n<\/tr>\n<tr id=\"attConsistsOf\" class=\"kh-bwvum6\">\n<th class=\"kh-10oizfy\">Besteht aus<\/th>\n<td class=\"kh-1f5nhat\">\n<ul>\n<li class=\"kh-16zd49f\">Getriebe<\/li>\n<li class=\"kh-16zd49f\">Ohne \u00d6l<\/li>\n<\/ul>\n<\/td>\n<\/tr>\n<tr id=\"attTechnicalInformation\" class=\"kh-bwvum6\">\n<th class=\"kh-10oizfy\">Technische Informationen<\/th>\n<td class=\"kh-1f5nhat\">\n<ul>\n<li class=\"kh-16zd49f\">Wenn Sie Fragen zur Leistung bei unterschiedlichen Geschwindigkeiten haben, z\u00f6gern Sie bitte nicht, uns zu kontaktieren.<\/li>\n<li class=\"kh-16zd49f\">Bei der Erstinbetriebnahme ist nach 50 Betriebsstunden ein \u00d6lwechsel durchzuf\u00fchren.<\/li>\n<\/ul>\n<\/td>\n<\/tr>\n<tr id=\"taMaxOutputTorqueDaNm\" class=\"kh-bwvum6\">\n<th class=\"kh-10oizfy\">Max. Abtriebsdrehmoment<\/th>\n<td class=\"kh-1f5nhat\">\n<div class=\"kh-pkx4zo\">22,7 daNm<\/div>\n<\/td>\n<\/tr>\n<tr id=\"taContainsOil\" class=\"kh-bwvum6\">\n<th class=\"kh-10oizfy\">Enth\u00e4lt \u00d6l<\/th>\n<td class=\"kh-1f5nhat\">\n<div class=\"kh-pkx4zo\">NEIN<\/div>\n<\/td>\n<\/tr>\n<tr id=\"taMaxOilCapacityL\" class=\"kh-bwvum6\">\n<th class=\"kh-10oizfy\">Max. \u00d6lkapazit\u00e4t<\/th>\n<td class=\"kh-1f5nhat\">\n<div class=\"kh-pkx4zo\">0,35 l<\/div>\n<\/td>\n<\/tr>\n<tr id=\"taMaxOilChangeIntervalH\" class=\"kh-bwvum6\">\n<th class=\"kh-10oizfy\">Max. \u00d6lwechselintervall<\/th>\n<td class=\"kh-1f5nhat\">\n<div class=\"kh-pkx4zo\">500 h<\/div>\n<\/td>\n<\/tr>\n<tr id=\"taOilSAEViscosityGrade\" class=\"kh-bwvum6\">\n<th class=\"kh-10oizfy\">SAE-Viskosit\u00e4tsklasse des \u00d6ls<\/th>\n<td class=\"kh-1f5nhat\">\n<div class=\"kh-pkx4zo\">80W-90<\/div>\n<\/td>\n<\/tr>\n<tr id=\"taHousingMaterial_16\" class=\"kh-bwvum6\">\n<th class=\"kh-10oizfy\">Geh\u00e4usematerial<\/th>\n<td class=\"kh-1f5nhat\">\n<div class=\"kh-pkx4zo\">Aluminium<\/div>\n<\/td>\n<\/tr>\n<tr id=\"taWeightKg_75\" class=\"kh-bwvum6\">\n<th class=\"kh-10oizfy\">Gewicht<\/th>\n<td class=\"kh-1f5nhat\">\n<div class=\"kh-pkx4zo\">4,1 kg<\/div>\n<\/td>\n<\/tr>\n<tr id=\"taGearArrangementRed\" class=\"kh-bwvum6\">\n<th class=\"kh-10oizfy\">Getriebeanordnung Reduzieren<\/th>\n<td class=\"kh-1f5nhat\">\n<div class=\"kh-pkx4zo\">3 &#8211; 4<\/div>\n<\/td>\n<\/tr>\n<tr id=\"taInputPowerKwHpInc\" class=\"kh-bwvum6\">\n<th class=\"kh-10oizfy\">Eingangsleistung kW \/ PS Steigend<\/th>\n<td class=\"kh-1f5nhat\">\n<div class=\"kh-pkx4zo\">11 \/ 15 kW\/PS<\/div>\n<\/td>\n<\/tr>\n<tr id=\"taInputShaftIncreasi\" class=\"kh-bwvum6\">\n<th class=\"kh-10oizfy\">Eingangswelle Erh\u00f6hung<\/th>\n<td class=\"kh-1f5nhat\">\n<div class=\"kh-pkx4zo\">X<\/div>\n<\/td>\n<\/tr>\n<tr id=\"taInputShaftReducing\" class=\"kh-bwvum6\">\n<th class=\"kh-10oizfy\">Eingangswelle Reduzierst\u00fcck<\/th>\n<td class=\"kh-1f5nhat\">\n<div class=\"kh-pkx4zo\">Z<\/div>\n<\/td>\n<\/tr>\n<tr id=\"taNSInputpowerKW-HPR\" class=\"kh-bwvum6\">\n<th class=\"kh-10oizfy\">Eingangsleistung KW \/ PS Reduzierung<\/th>\n<td class=\"kh-1f5nhat\">\n<div class=\"kh-pkx4zo\">7 \/ 9,5 kW\/PS<\/div>\n<\/td>\n<\/tr>\n<tr id=\"taNSOutputTorqueDaNm_1\" class=\"kh-bwvum6\">\n<th class=\"kh-10oizfy\">Ausgangsdrehmoment DaNm zunehmend<\/th>\n<td class=\"kh-1f5nhat\">\n<div class=\"kh-pkx4zo\">9,9 daNm<\/div>\n<\/td>\n<\/tr>\n<tr id=\"taRatioIncreasing\" class=\"kh-bwvum6\">\n<th class=\"kh-10oizfy\">Verh\u00e4ltniserh\u00f6hung<\/th>\n<td class=\"kh-1f5nhat\">\n<div class=\"kh-pkx4zo\">1: 1,9<\/div>\n<\/td>\n<\/tr>\n<tr id=\"taRatioReducing\" class=\"kh-bwvum6\">\n<th class=\"kh-10oizfy\">Verh\u00e4ltnisreduzierung<\/th>\n<td class=\"kh-1f5nhat\">\n<div class=\"kh-pkx4zo\">1.9: 1<\/div>\n<\/td>\n<\/tr>\n<tr id=\"taShaftX\" class=\"kh-bwvum6\">\n<th class=\"kh-10oizfy\">Welle X<\/th>\n<td class=\"kh-1f5nhat\">\n<div class=\"kh-pkx4zo\">1 3\/8\u2033 (6) (A)<\/div>\n<\/td>\n<\/tr>\n<tr id=\"taShaftZ\" class=\"kh-bwvum6\">\n<th class=\"kh-10oizfy\">Welle Z<\/th>\n<td class=\"kh-1f5nhat\">\n<div class=\"kh-pkx4zo\">22 (D)<\/div>\n<\/td>\n<\/tr>\n<\/tbody>\n<\/table>\n<h2>Merkmale des D\u00fcngerstreuergetriebes L-25J<\/h2>\n<ol>\n<li><strong>Hohe Leistung und Effizienz<\/strong>Das Getriebe des D\u00fcngerstreuers L-25J ist f\u00fcr optimale Leistung in vielf\u00e4ltigen Streuanwendungen ausgelegt. Es \u00fcbertr\u00e4gt die Kraft der Traktorzapfwelle effizient auf den D\u00fcngerstreuer und gew\u00e4hrleistet so einen reibungslosen und gleichm\u00e4\u00dfigen Betrieb. Dank seines hohen Wirkungsgrades wird der Kraftstoffverbrauch gesenkt und die Produktivit\u00e4t gesteigert.<\/li>\n<li><strong>Langlebige Konstruktion<\/strong>Das aus robusten Materialien gefertigte Getriebe L-25J ist f\u00fcr die rauen Bedingungen in der Landwirtschaft ausgelegt. Sein hochfestes Geh\u00e4use und die internen Komponenten sind verschlei\u00df- und korrosionsbest\u00e4ndig und gew\u00e4hrleisten so eine lange Lebensdauer sowie einen reduzierten Wartungs- und Austauschbedarf.<\/li>\n<li><strong>Kompaktes und platzsparendes Design<\/strong>Das Getriebe L-25J ist kompakt und l\u00e4sst sich einfach in D\u00fcngerstreuer integrieren. Dank seiner platzsparenden Bauweise ist es unkompliziert zu installieren und bietet sowohl einfache Bedienung als auch problemlosen Einbau in verschiedenste Landmaschinen.<\/li>\n<li><strong>Gleichm\u00e4\u00dfige Kraft\u00fcbertragung<\/strong>Dieses Getriebe zeichnet sich durch einen sanften Kraft\u00fcbertragungsmechanismus aus, der eine gleichm\u00e4\u00dfige D\u00fcngerverteilung gew\u00e4hrleistet und so zu einer homogenen Ausbringung auf gro\u00dfen landwirtschaftlichen Fl\u00e4chen beitr\u00e4gt. Seine Konstruktion minimiert Vibrationen und sorgt f\u00fcr einen stabilen und kontrollierten Betrieb, der eine ungleichm\u00e4\u00dfige D\u00fcngung verhindert.<\/li>\n<li><strong>Vielseitige Anwendung<\/strong>Das Getriebe L-25J ist \u00e4u\u00dferst vielseitig und wird in verschiedenen D\u00fcngerstreuern eingesetzt, darunter auch solche f\u00fcr Granulat- und Pelletd\u00fcnger. Es erm\u00f6glicht unterschiedliche Streubreiten und einstellbare Durchflussmengen und eignet sich somit f\u00fcr ein breites Spektrum landwirtschaftlicher Anwendungen, von kleinen bis hin zu gro\u00dfen Betrieben.<\/li>\n<\/ol>\n<p>Das Getriebe des D\u00fcngerstreuers L-25J bietet eine zuverl\u00e4ssige und effiziente L\u00f6sung f\u00fcr D\u00fcngemittelstreuaufgaben und zeichnet sich durch seine Langlebigkeit, Laufruhe und Vielseitigkeit aus, wodurch es zu einer unverzichtbaren Komponente f\u00fcr die Optimierung landwirtschaftlicher Abl\u00e4ufe wird.<\/p>\n<p><img loading=\"lazy\" decoding=\"async\" class=\"alignnone size-full wp-image-2172\" src=\"https:\/\/fmp-components.com\/wp-content\/uploads\/2024\/12\/Characteristic-of-Fertilizer-Spreader-Gearbox-L-25J.webp\" alt=\"Charakteristik des D\u00fcngerstreuer-Getriebes L-25J\" width=\"1200\" height=\"743\" title=\"\" srcset=\"https:\/\/fmp-components.com\/wp-content\/uploads\/2024\/12\/Characteristic-of-Fertilizer-Spreader-Gearbox-L-25J.webp 1200w, https:\/\/fmp-components.com\/wp-content\/uploads\/2024\/12\/Characteristic-of-Fertilizer-Spreader-Gearbox-L-25J-980x607.webp 980w, https:\/\/fmp-components.com\/wp-content\/uploads\/2024\/12\/Characteristic-of-Fertilizer-Spreader-Gearbox-L-25J-480x297.webp 480w\" sizes=\"(min-width: 0px) and (max-width: 480px) 480px, (min-width: 481px) and (max-width: 980px) 980px, (min-width: 981px) 1200px, 100vw\" \/><\/p>\n<h3>Zapfwellen f\u00fcr Getriebe von landwirtschaftlichen D\u00fcngerstreuern<\/h3>\n<ol>\n<li><strong>Zuverl\u00e4ssige Energie\u00fcbertragung<\/strong><br \/>\nZapfwellen f\u00fcr die Getriebe von D\u00fcngerstreuern sind unerl\u00e4sslich f\u00fcr die effiziente Kraft\u00fcbertragung vom Traktor auf das Getriebe. Diese Wellen sind so konstruiert, dass sie eine gleichm\u00e4\u00dfige und zuverl\u00e4ssige Kraft\u00fcbertragung gew\u00e4hrleisten und somit den reibungslosen Betrieb des D\u00fcngerstreuers sicherstellen. Mit einer optimal ausgelegten Zapfwelle kann das Getriebe den Streumechanismus effektiv antreiben und die korrekte D\u00fcngermenge gew\u00e4hrleisten.<\/li>\n<li><strong>Robuste Konstruktion<\/strong><br \/>\nLandwirtschaftliche Zapfwellen sind f\u00fcr die anspruchsvollen Bedingungen in der Landwirtschaft konzipiert. Hergestellt aus hochfesten Materialien, halten sie hohen Belastungen, St\u00f6\u00dfen und Spannungen im Dauereinsatz stand. Ob in trockener, nasser oder schlammiger Umgebung \u2013 diese Zapfwellen sind verschlei\u00df- und korrosionsbest\u00e4ndig und gew\u00e4hrleisten so Langlebigkeit und zuverl\u00e4ssige Leistung selbst unter h\u00e4rtesten Bedingungen in der Landwirtschaft.<\/li>\n<li><strong>Einfaches Verbinden und Trennen<\/strong><br \/>\nEin herausragendes Merkmal von Zapfwellen f\u00fcr D\u00fcngerstreuer ist ihre einfache Montage und Demontage. Dank ihrer Konstruktion f\u00fcr die schnelle Verbindung mit Traktor und Getriebe bieten diese Wellen Landwirten hohen Bedienkomfort. Die Schnellkupplung minimiert Ausfallzeiten und erm\u00f6glicht es dem Fahrer, je nach Bedarf schnell zwischen verschiedenen Ger\u00e4ten zu wechseln, was die Betriebseffizienz steigert.<\/li>\n<li><strong>Sicherheitsfunktionen<\/strong><br \/>\nSicherheit ist bei Landmaschinen von entscheidender Bedeutung, und die Zapfwellen von D\u00fcngerstreuern sind mit integrierten Sicherheitsmerkmalen ausgestattet. Dazu geh\u00f6ren in der Regel Schutzabdeckungen und Sicherheitskupplungen, die ein versehentliches Trennen verhindern und das Verletzungsrisiko verringern. Die Abdeckungen sch\u00fctzen die rotierenden Teile, w\u00e4hrend die Sicherheitskupplungen im Falle einer Fehlfunktion die Welle trennen und dem Bediener so zus\u00e4tzliche Sicherheit bieten.<\/li>\n<li><strong>Einstellbare L\u00e4nge f\u00fcr Vielseitigkeit<\/strong><br \/>\nZapfwellen sind in verstellbaren L\u00e4ngen erh\u00e4ltlich und somit f\u00fcr verschiedene Landmaschinenkonfigurationen geeignet. Diese Flexibilit\u00e4t gew\u00e4hrleistet den Einsatz der Welle mit einer Vielzahl von D\u00fcngerstreuern und Traktoren, unabh\u00e4ngig von Gr\u00f6\u00dfe und Bauart. Die verstellbare Wellenl\u00e4nge sorgt f\u00fcr optimale Ausrichtung und effiziente Kraft\u00fcbertragung und macht diese Zapfwellen zu einer vielseitigen L\u00f6sung f\u00fcr unterschiedliche landwirtschaftliche Anwendungen.<\/li>\n<\/ol>\n<table style=\"width: 103.326%; height: 185px;\" width=\"270\">\n<tbody>\n<tr>\n<td style=\"width: 49.6862%;\" width=\"132\"><img loading=\"lazy\" decoding=\"async\" class=\"alignnone size-full wp-image-2170\" src=\"https:\/\/fmp-components.com\/wp-content\/uploads\/2024\/12\/PTO-Shafts-for-Agricultural-Fertilizer-Spreader-Gearbox-2.webp\" alt=\"Zapfwellen f\u00fcr landwirtschaftliche D\u00fcngerstreuer-Getriebe 2\" width=\"1200\" height=\"800\" title=\"\" srcset=\"https:\/\/fmp-components.com\/wp-content\/uploads\/2024\/12\/PTO-Shafts-for-Agricultural-Fertilizer-Spreader-Gearbox-2.webp 1200w, https:\/\/fmp-components.com\/wp-content\/uploads\/2024\/12\/PTO-Shafts-for-Agricultural-Fertilizer-Spreader-Gearbox-2-980x653.webp 980w, https:\/\/fmp-components.com\/wp-content\/uploads\/2024\/12\/PTO-Shafts-for-Agricultural-Fertilizer-Spreader-Gearbox-2-480x320.webp 480w\" sizes=\"(min-width: 0px) and (max-width: 480px) 480px, (min-width: 481px) and (max-width: 980px) 980px, (min-width: 981px) 1200px, 100vw\" \/><\/td>\n<td style=\"width: 49.6862%;\" width=\"138\"><img loading=\"lazy\" decoding=\"async\" class=\"alignnone size-full wp-image-2171\" src=\"https:\/\/fmp-components.com\/wp-content\/uploads\/2024\/12\/PTO-Shafts-for-Agricultural-Fertilizer-Spreader-Gearbox-1.webp\" alt=\"Zapfwellen f\u00fcr landwirtschaftliches D\u00fcngemittelstreuer-Getriebe 1\" width=\"1200\" height=\"800\" title=\"\" srcset=\"https:\/\/fmp-components.com\/wp-content\/uploads\/2024\/12\/PTO-Shafts-for-Agricultural-Fertilizer-Spreader-Gearbox-1.webp 1200w, https:\/\/fmp-components.com\/wp-content\/uploads\/2024\/12\/PTO-Shafts-for-Agricultural-Fertilizer-Spreader-Gearbox-1-980x653.webp 980w, https:\/\/fmp-components.com\/wp-content\/uploads\/2024\/12\/PTO-Shafts-for-Agricultural-Fertilizer-Spreader-Gearbox-1-480x320.webp 480w\" sizes=\"(min-width: 0px) and (max-width: 480px) 480px, (min-width: 481px) and (max-width: 980px) 980px, (min-width: 981px) 1200px, 100vw\" \/><\/td>\n<\/tr>\n<\/tbody>\n<\/table>\n<h3>\u00dcber FMP<\/h3>\n<p>FMP mit Hauptsitz in Italien ist ein f\u00fchrender Getriebehersteller und bekannt f\u00fcr seine Expertise in der Entwicklung und Produktion von Hochleistungsgetrieben. Als Spezialist f\u00fcr Landmaschinen hat sich FMP in der Branche einen Namen gemacht. Dank pr\u00e4ziser Technik, Innovation und absoluter Zuverl\u00e4ssigkeit liefern wir Premiumprodukte, die den sich wandelnden Anforderungen der Landwirtschaft und der Industrie gerecht werden. Unser vielf\u00e4ltiges Produktportfolio umfasst Spezialgetriebe f\u00fcr Rasenm\u00e4her, Zapfwellen und weitere wichtige Komponenten \u2013 allesamt entwickelt, um ma\u00dfgeschneiderte L\u00f6sungen f\u00fcr ein breites Anwendungsspektrum zu bieten.<\/p>\n<p>FMP bietet mehr als nur Produkte; wir liefern umfassende, ma\u00dfgeschneiderte L\u00f6sungen, die den individuellen Herausforderungen unserer Kunden gerecht werden. Ob Einzelkomponenten oder komplett integrierte Systeme \u2013 wir entwickeln L\u00f6sungen, die Leistung optimieren und Mehrwert schaffen. In enger Zusammenarbeit mit unseren Kunden stellen wir sicher, dass jede L\u00f6sung effektiv und effizient ist und pr\u00e4zise auf spezifische Bed\u00fcrfnisse zugeschnitten wird, um maximale Ergebnisse zu erzielen. Unser Engagement f\u00fcr schnelle, professionelle Reaktionszeiten und kompetente Beratung garantiert, dass jede Anfrage pr\u00e4zise und sorgf\u00e4ltig bearbeitet wird und st\u00e4rkt unseren Ruf f\u00fcr Zuverl\u00e4ssigkeit.<\/p>\n<p>Offene Kommunikation ist der Schl\u00fcssel zu unserem Erfolg, insbesondere bei der Entwicklung neuer Produkte. Unser engagiertes Team arbeitet eng mit den Kunden zusammen, um deren individuelle Bed\u00fcrfnisse genau zu verstehen und wertvolle Erkenntnisse f\u00fcr optimale L\u00f6sungen zu gewinnen. Ob wir innovative Produkte entwickeln oder laufende Auftr\u00e4ge abwickeln \u2013 wir liefern stets hochwertige, pr\u00e4zisionsgefertigte L\u00f6sungen mit Effizienz und Zuverl\u00e4ssigkeit. Bei FMP verfolgen wir bei jedem Projekt das Ziel, langfristige Kundenzufriedenheit und h\u00f6chste Funktionalit\u00e4t zu gew\u00e4hrleisten.<\/p>\n<p>Qualit\u00e4t steht im Mittelpunkt unseres Handelns. Wir halten uns an h\u00f6chste Fertigungsstandards und integrieren strenge Qualit\u00e4tskontrollprozesse, um sicherzustellen, dass jedes Produkt die Branchenerwartungen nicht nur erf\u00fcllt, sondern \u00fcbertrifft. Unser Engagement f\u00fcr kontinuierliche Verbesserung, gepaart mit unseren Kernwerten Integrit\u00e4t, Zusammenarbeit und Beharrlichkeit, hat es uns erm\u00f6glicht, dauerhafte Kundenbeziehungen in \u00fcber 30 L\u00e4ndern weltweit aufzubauen. Dieses Streben nach Exzellenz macht FMP zum bevorzugten Partner f\u00fcr Unternehmen, die zuverl\u00e4ssige Hochleistungskomponenten suchen.<\/p>\n<p>FMP ist stets daran interessiert, globale Partnerschaften aufzubauen und zu pflegen. Wir wissen, dass jeder Kunde individuelle Bed\u00fcrfnisse hat und bieten daher kompetente Beratung und ma\u00dfgeschneiderte L\u00f6sungen, um diese Anforderungen zu erf\u00fcllen. Unser Ansatz geht \u00fcber die reine Produktlieferung hinaus; wir streben langfristige Beziehungen an, die den Erfolg jedes Projekts sichern. Ob Sie innovative L\u00f6sungen f\u00fcr eine neue Initiative oder fortlaufende Unterst\u00fctzung f\u00fcr ein bestehendes System ben\u00f6tigen \u2013 FMP ist f\u00fcr Sie da, um Ihre technischen Herausforderungen zu meistern und Ihren nachhaltigen Erfolg zu gew\u00e4hrleisten. Mit FMP gewinnen Sie mehr als nur einen Lieferanten \u2013 Sie gewinnen einen vertrauensw\u00fcrdigen Partner, der sich f\u00fcr den Erfolg Ihres Unternehmens einsetzt.<\/p>\n<p><img loading=\"lazy\" decoding=\"async\" class=\"alignnone size-full wp-image-1861\" src=\"https:\/\/fmp-components.com\/wp-content\/uploads\/2024\/12\/Other-Agricultural-Gearboxes.webp\" sizes=\"(min-width: 0px) and (max-width: 480px) 480px, (min-width: 481px) and (max-width: 980px) 980px, (min-width: 981px) 1200px, 100vw\" srcset=\"https:\/\/fmp-components.com\/wp-content\/uploads\/2024\/12\/Other-Agricultural-Gearboxes.webp 1200w, https:\/\/fmp-components.com\/wp-content\/uploads\/2024\/12\/Other-Agricultural-Gearboxes-980x1143.webp 980w, https:\/\/fmp-components.com\/wp-content\/uploads\/2024\/12\/Other-Agricultural-Gearboxes-480x560.webp 480w\" alt=\"Altri-cambi-agricoli\" width=\"1200\" height=\"1400\" title=\"\"><\/p>\n<p>Autor: CX<\/p>","protected":false},"excerpt":{"rendered":"<p>Specifications of Fertilizer Spreader Gearbox L-25J Description Fertilizer Spreader Gearbox &#8211; Replacement of Comer Gearbox L-25J Application Various (agricultural) applications Mowers Chemical fertilizer spreaders Band saws Consists of Gearbox Without oil Technical information If you have any questions regarding performance at different speeds, please do not hesitate to contact us. When using it for the [&hellip;]<\/p>","protected":false},"featured_media":2160,"comment_status":"open","ping_status":"closed","template":"","meta":{"_et_pb_use_builder":"","_et_pb_old_content":"","_et_gb_content_width":""},"product_brand":[],"product_cat":[53],"product_tag":[],"class_list":{"0":"post-2158","1":"product","2":"type-product","3":"status-publish","4":"has-post-thumbnail","6":"product_cat-rotary-tiller-gearbox","8":"first","9":"instock","10":"shipping-taxable","11":"product-type-simple"},"_links":{"self":[{"href":"https:\/\/fmp-components.com\/de\/wp-json\/wp\/v2\/product\/2158","targetHints":{"allow":["GET"]}}],"collection":[{"href":"https:\/\/fmp-components.com\/de\/wp-json\/wp\/v2\/product"}],"about":[{"href":"https:\/\/fmp-components.com\/de\/wp-json\/wp\/v2\/types\/product"}],"replies":[{"embeddable":true,"href":"https:\/\/fmp-components.com\/de\/wp-json\/wp\/v2\/comments?post=2158"}],"wp:featuredmedia":[{"embeddable":true,"href":"https:\/\/fmp-components.com\/de\/wp-json\/wp\/v2\/media\/2160"}],"wp:attachment":[{"href":"https:\/\/fmp-components.com\/de\/wp-json\/wp\/v2\/media?parent=2158"}],"wp:term":[{"taxonomy":"product_brand","embeddable":true,"href":"https:\/\/fmp-components.com\/de\/wp-json\/wp\/v2\/product_brand?post=2158"},{"taxonomy":"product_cat","embeddable":true,"href":"https:\/\/fmp-components.com\/de\/wp-json\/wp\/v2\/product_cat?post=2158"},{"taxonomy":"product_tag","embeddable":true,"href":"https:\/\/fmp-components.com\/de\/wp-json\/wp\/v2\/product_tag?post=2158"}],"curies":[{"name":"wp","href":"https:\/\/api.w.org\/{rel}","templated":true}]}}