{"id":2148,"date":"2024-12-30T06:48:50","date_gmt":"2024-12-30T06:48:50","guid":{"rendered":"https:\/\/fmp-components.com\/?page_id=8"},"modified":"2024-12-30T08:06:20","modified_gmt":"2024-12-30T08:06:20","slug":"fertilizer-spreader-gearbox-replacement-of-comer-code-l-150c","status":"publish","type":"product","link":"https:\/\/fmp-components.com\/de\/product\/fertilizer-spreader-gearbox-replacement-of-comer-code-l-150c\/","title":{"rendered":"D\u00fcngerstreuergetriebe \u2013 Austausch des Comer-Codes L-150C"},"content":{"rendered":"<p><img loading=\"lazy\" decoding=\"async\" class=\"wp-image-2150 aligncenter\" src=\"https:\/\/fmp-components.com\/wp-content\/uploads\/2024\/12\/fertilizer-spreader-gearbox-l150c1.webp\" alt=\"D\u00fcngerstreuer-Getriebe-L150C\" width=\"453\" height=\"453\" title=\"\" srcset=\"https:\/\/fmp-components.com\/wp-content\/uploads\/2024\/12\/fertilizer-spreader-gearbox-l150c1.webp 300w, https:\/\/fmp-components.com\/wp-content\/uploads\/2024\/12\/fertilizer-spreader-gearbox-l150c1-150x150.webp 150w, https:\/\/fmp-components.com\/wp-content\/uploads\/2024\/12\/fertilizer-spreader-gearbox-l150c1-12x12.webp 12w, https:\/\/fmp-components.com\/wp-content\/uploads\/2024\/12\/fertilizer-spreader-gearbox-l150c1-100x100.webp 100w\" sizes=\"(max-width: 453px) 100vw, 453px\" \/><\/p>\n<h2>Technische Daten des D\u00fcngerstreuer-Getriebes L-150C<\/h2>\n<p><img loading=\"lazy\" decoding=\"async\" class=\"alignnone size-full wp-image-2149\" src=\"https:\/\/fmp-components.com\/wp-content\/uploads\/2024\/12\/fertilizer-spreader-gearbox-specifications-l150c.webp\" alt=\"D\u00fcngerstreuer-Getriebespezifikationen-L150C\" width=\"1000\" height=\"744\" title=\"\" srcset=\"https:\/\/fmp-components.com\/wp-content\/uploads\/2024\/12\/fertilizer-spreader-gearbox-specifications-l150c.webp 1000w, https:\/\/fmp-components.com\/wp-content\/uploads\/2024\/12\/fertilizer-spreader-gearbox-specifications-l150c-980x729.webp 980w, https:\/\/fmp-components.com\/wp-content\/uploads\/2024\/12\/fertilizer-spreader-gearbox-specifications-l150c-480x357.webp 480w\" sizes=\"(min-width: 0px) and (max-width: 480px) 480px, (min-width: 481px) and (max-width: 980px) 980px, (min-width: 981px) 1000px, 100vw\" \/><\/p>\n<table style=\"width: 100%;\" border=\"1\" width=\"100%\" cellspacing=\"0\" cellpadding=\"0\">\n<tbody>\n<tr>\n<th style=\"width: 53.9957%;\">Eingangsverh\u00e4ltnis (i)<\/th>\n<td style=\"width: 45.7883%;\">1.35<\/td>\n<\/tr>\n<tr>\n<th style=\"width: 53.9957%;\">Eingangsdrehzahl (N1 [U\/min])<\/th>\n<td style=\"width: 45.7883%;\">540<\/td>\n<\/tr>\n<tr>\n<th style=\"width: 53.9957%;\">Eingangsleistung (P1 [kW])<\/th>\n<td style=\"width: 45.7883%;\">9.9<\/td>\n<\/tr>\n<tr>\n<th style=\"width: 53.9957%;\">Ausgangsdrehmoment (M2 [Nm])<\/th>\n<td style=\"width: 45.7883%;\">126<\/td>\n<\/tr>\n<\/tbody>\n<\/table>\n<h3>Merkmale des D\u00fcngerstreuer-Getriebes<\/h3>\n<ol>\n<li><strong>Hohe Pr\u00e4zision und Effizienz<\/strong><br \/>\nDas Getriebe des D\u00fcngerstreuers ist f\u00fcr eine pr\u00e4zise und effiziente Kraft\u00fcbertragung in landwirtschaftlichen D\u00fcngerstreuern ausgelegt. Es gew\u00e4hrleistet ein optimales \u00dcbersetzungsverh\u00e4ltnis f\u00fcr eine gleichm\u00e4\u00dfige und konsistente D\u00fcngerverteilung, was entscheidend f\u00fcr maximale Ernteertr\u00e4ge und weniger Verluste ist. Dank seiner zuverl\u00e4ssigen Leistung tr\u00e4gt das Getriebe dazu bei, die f\u00fcr eine pr\u00e4zise D\u00fcngerverteilung erforderliche Drehzahl und das Drehmoment aufrechtzuerhalten.<\/li>\n<li><strong>Haltbarkeit und St\u00e4rke<\/strong><br \/>\nDas Getriebe des D\u00fcngerstreuers wurde f\u00fcr die anspruchsvollen Bedingungen in der Landwirtschaft entwickelt und besteht aus robusten Materialien, die eine lange Lebensdauer gew\u00e4hrleisten. Dank seiner stabilen Konstruktion bew\u00e4ltigt es die hohen Belastungen und den Dauerbetrieb, die in schwierigen Umgebungen wie unebenem Gel\u00e4nde oder bei widrigen Wetterbedingungen erforderlich sind.<\/li>\n<li><strong>Kompaktes und platzsparendes Design<\/strong><br \/>\nDas Getriebe ist kompakt und dennoch leistungsstark konstruiert, sodass es sich nahtlos in den Streuer einf\u00fcgt, ohne unn\u00f6tig Platz zu beanspruchen. Diese platzsparende Bauweise tr\u00e4gt zur Gewichtsreduzierung der Maschine bei und gew\u00e4hrleistet gleichzeitig optimale Leistung. Dank der kompakten Bauweise werden Installation und Wartung zudem vereinfacht, was wertvolle Zeit und M\u00fche spart.<\/li>\n<li><strong>Geringer Wartungsaufwand und einfache Bedienung<\/strong><br \/>\nDas Getriebe des D\u00fcngerstreuers ist auf einfache Bedienung und minimalen Wartungsaufwand ausgelegt. Dank hochwertiger Dichtungen und Schmiersysteme l\u00e4uft es reibungslos und ben\u00f6tigt seltener Wartung. Regelm\u00e4\u00dfige Kontrollen und grundlegende Wartungsarbeiten gen\u00fcgen in der Regel, um die optimale Leistung des Getriebes zu gew\u00e4hrleisten. Damit ist es die ideale L\u00f6sung f\u00fcr anspruchsvolle landwirtschaftliche Eins\u00e4tze.<\/li>\n<li><strong>Vielseitigkeit und Anpassung<\/strong><br \/>\nDiese Getriebe sind vielseitig und lassen sich individuell an verschiedene D\u00fcngerstreuer anpassen \u2013 egal ob f\u00fcr kleine oder gro\u00dfe landwirtschaftliche Betriebe. Dank einstellbarer \u00dcbersetzungsverh\u00e4ltnisse und Konfigurationen kann das Getriebe optimal auf spezifische Betriebsanforderungen abgestimmt werden und gew\u00e4hrleistet so die Kompatibilit\u00e4t mit unterschiedlichen D\u00fcngemitteln und Streuermodellen. Diese Flexibilit\u00e4t erm\u00f6glicht es Anwendern, ihre Ger\u00e4te f\u00fcr maximale Effizienz und Produktivit\u00e4t zu optimieren.<\/li>\n<\/ol>\n<p><img loading=\"lazy\" decoding=\"async\" class=\"wp-image-2152 aligncenter\" src=\"https:\/\/fmp-components.com\/wp-content\/uploads\/2024\/12\/pto-shaft-for-fertilizer-spreader.webp\" alt=\"Zapfwelle f\u00fcr D\u00fcngerstreuer\" width=\"881\" height=\"663\" title=\"\" srcset=\"https:\/\/fmp-components.com\/wp-content\/uploads\/2024\/12\/pto-shaft-for-fertilizer-spreader.webp 881w, https:\/\/fmp-components.com\/wp-content\/uploads\/2024\/12\/pto-shaft-for-fertilizer-spreader-480x361.webp 480w\" sizes=\"(min-width: 0px) and (max-width: 480px) 480px, (min-width: 481px) 881px, 100vw\" \/><\/p>\n<h3>Zapfwelle f\u00fcr D\u00fcngerstreuer<\/h3>\n<ol>\n<li><strong>Effiziente Kraft\u00fcbertragung<\/strong><br \/>\nDie Zapfwelle von D\u00fcngerstreuern ist so konstruiert, dass sie die mechanische Kraft von der Traktor-Zapfwelle (PTO) effizient auf das Getriebe des Streuers \u00fcbertr\u00e4gt. Diese direkte Kraft\u00fcbertragung gew\u00e4hrleistet einen ruhigen und gleichm\u00e4\u00dfigen Betrieb des D\u00fcngerstreuers und optimiert so dessen Leistung beim Ausbringen. Die Zapfwelle liefert das notwendige Drehmoment f\u00fcr den Antrieb der Streuerkomponenten und sorgt so f\u00fcr eine gleichm\u00e4\u00dfige und pr\u00e4zise D\u00fcngerverteilung.<\/li>\n<li><strong>Langlebigkeit und Robustheit<\/strong><br \/>\nDie Zapfwelle f\u00fcr D\u00fcngerstreuer wurde speziell f\u00fcr die harten Bedingungen in der Landwirtschaft entwickelt und besteht aus hochwertigen Materialien, die f\u00fcr Stabilit\u00e4t und Langlebigkeit sorgen. Sie bew\u00e4ltigt die intensive Belastung beim D\u00fcngen gro\u00dfer Felder, selbst unter schwierigen Wetterbedingungen und in unwegsamem Gel\u00e4nde. Die robuste Konstruktion gew\u00e4hrleistet eine lange Lebensdauer und minimiert den Bedarf an h\u00e4ufigen Reparaturen oder Austauschteilen.<\/li>\n<li><strong>Sicherheitsfunktionen<\/strong><br \/>\nSicherheit spielt bei der Konstruktion der Zapfwelle von D\u00fcngerstreuern eine zentrale Rolle. Ausgestattet mit Schutzvorrichtungen und weiteren Schutzeinrichtungen tr\u00e4gt die Welle dazu bei, Unf\u00e4lle zu vermeiden, indem sie das Risiko von Verheddern oder Verletzungen w\u00e4hrend des Betriebs minimiert. Diese Sicherheitsmerkmale sind entscheidend f\u00fcr einen sicheren und zuverl\u00e4ssigen Betrieb und reduzieren das Gefahrenpotenzial f\u00fcr Bediener und Nutztiere in der N\u00e4he.<\/li>\n<li><strong>Einfache Installation und Wartung<\/strong><br \/>\nDie Zapfwelle f\u00fcr D\u00fcngerstreuer ist f\u00fcr ein einfaches An- und Abkuppeln an Traktor und Streuer konzipiert. Diese benutzerfreundliche Funktion spart Zeit und Aufwand bei Montage und Wartung. Auch die regelm\u00e4\u00dfige Schmierung und Wartung der Zapfwelle ist unkompliziert und tr\u00e4gt zu einem reibungslosen Betrieb sowie einer l\u00e4ngeren Lebensdauer von Zapfwelle und D\u00fcngerstreuer bei.<\/li>\n<li><strong>Vielseitige Kompatibilit\u00e4t<\/strong><br \/>\nDie Zapfwelle f\u00fcr D\u00fcngerstreuer ist in verschiedenen Gr\u00f6\u00dfen und Ausf\u00fchrungen erh\u00e4ltlich, vielseitig einsetzbar und an eine breite Palette von Streuermodellen und Traktortypen anpassbar. Ob f\u00fcr kleine landwirtschaftliche Betriebe oder gro\u00dfe Agrarunternehmen \u2013 die Zapfwelle l\u00e4sst sich individuell an die spezifischen Leistungsanforderungen des Streuers anpassen und gew\u00e4hrleistet so Kompatibilit\u00e4t und optimale Leistung in unterschiedlichen Anwendungsbereichen. Diese Flexibilit\u00e4t erm\u00f6glicht es Anwendern, ihre Ger\u00e4te unabh\u00e4ngig von der Betriebsgr\u00f6\u00dfe effizient einzusetzen.<\/li>\n<\/ol>\n<p><img loading=\"lazy\" decoding=\"async\" class=\"alignnone size-full wp-image-2088\" src=\"https:\/\/fmp-components.com\/wp-content\/uploads\/2024\/12\/Agricultural-Gearbox-and-PTO-Drive-Shaft1.webp\" alt=\"Landwirtschaftliches Getriebe und Zapfwelle\" width=\"1200\" height=\"540\" title=\"\" srcset=\"https:\/\/fmp-components.com\/wp-content\/uploads\/2024\/12\/Agricultural-Gearbox-and-PTO-Drive-Shaft1.webp 1200w, https:\/\/fmp-components.com\/wp-content\/uploads\/2024\/12\/Agricultural-Gearbox-and-PTO-Drive-Shaft1-980x441.webp 980w, https:\/\/fmp-components.com\/wp-content\/uploads\/2024\/12\/Agricultural-Gearbox-and-PTO-Drive-Shaft1-480x216.webp 480w\" sizes=\"(min-width: 0px) and (max-width: 480px) 480px, (min-width: 481px) and (max-width: 980px) 980px, (min-width: 981px) 1200px, 100vw\" \/><\/p>\n<h3>\u00dcber FMP<\/h3>\n<p>FMP mit Hauptsitz in Italien ist ein f\u00fchrender Hersteller, der f\u00fcr seine Expertise in der Konstruktion, Entwicklung und Produktion von Hochleistungsgetrieben mit besonderem Schwerpunkt auf dem Landmaschinensektor bekannt ist. Mit seinem Ruf f\u00fcr Pr\u00e4zisionstechnik, innovative L\u00f6sungen und unersch\u00fctterliche Zuverl\u00e4ssigkeit hat sich FMP zu einem vertrauensw\u00fcrdigen Partner entwickelt, der die sich wandelnden Anforderungen der Landwirtschaft und Industrie erf\u00fcllt. Unser vielf\u00e4ltiges Produktsortiment umfasst Spezialgetriebe f\u00fcr Rasenm\u00e4her, Zapfwellen und andere wichtige Komponenten, die alle sorgf\u00e4ltig konstruiert wurden, um ma\u00dfgeschneiderte L\u00f6sungen f\u00fcr ein breites Anwendungsspektrum zu bieten.<\/p>\n<p>Wir bei FMP wissen, dass jeder Kunde individuelle Anforderungen und Herausforderungen hat. Deshalb bieten wir ma\u00dfgeschneiderte L\u00f6sungen an, ob f\u00fcr einzelne Komponenten oder vollst\u00e4ndig integrierte Systeme. Wir arbeiten eng mit unseren Kunden zusammen, um sicherzustellen, dass jede L\u00f6sung nicht nur effektiv, sondern auch effizient ist und sowohl Leistung als auch Wert optimiert. Unser Engagement f\u00fcr schnelle, professionelle Antworten und kompetente Beratung gew\u00e4hrleistet, dass jede Anfrage mit gr\u00f6\u00dfter Sorgfalt und Pr\u00e4zision bearbeitet wird und so die bestm\u00f6glichen Ergebnisse erzielt werden.<\/p>\n<p>Wir legen Wert auf offene und kontinuierliche Kommunikation w\u00e4hrend des gesamten Produktentwicklungsprozesses. Unser engagiertes Team arbeitet direkt mit unseren Kunden zusammen, um deren spezifische Bed\u00fcrfnisse umfassend zu verstehen und liefert wertvolle Einblicke und Empfehlungen f\u00fcr optimale L\u00f6sungen. Ob bei der Entwicklung innovativer Produkte oder der Abwicklung laufender Auftr\u00e4ge \u2013 FMP ist stets bestrebt, hochwertige, pr\u00e4zise gefertigte L\u00f6sungen termingerecht zu liefern. Unser Ziel ist es, unseren Kunden den besten Service und die besten Ergebnisse zu bieten und mit jedem Projekt die Erwartungen zu \u00fcbertreffen.<\/p>\n<p>Qualit\u00e4t ist der Grundstein der Gesch\u00e4ftst\u00e4tigkeit von FMP. Wir halten uns an h\u00f6chste Fertigungsstandards und setzen strenge Qualit\u00e4tskontrollma\u00dfnahmen ein, um sicherzustellen, dass jedes Produkt die Industriestandards nicht nur erf\u00fcllt, sondern \u00fcbertrifft. Dieses unersch\u00fctterliche Engagement f\u00fcr Qualit\u00e4t, kombiniert mit unseren Grundwerten Integrit\u00e4t, Teamwork und Beharrlichkeit, hat es uns erm\u00f6glicht, langj\u00e4hrige, vertrauensvolle Beziehungen zu Kunden in fast 30 L\u00e4ndern weltweit aufzubauen.<\/p>\n<p>FMP ist stets offen f\u00fcr globale Partnerschaften und bietet kompetente Beratung und ma\u00dfgeschneiderte L\u00f6sungen, die den vielf\u00e4ltigen Bed\u00fcrfnissen unserer Kunden gerecht werden. Wir liefern nicht nur Produkte, sondern bauen langfristige Beziehungen auf, die zum Erfolg jedes Projekts beitragen. Ob Sie innovative L\u00f6sungen f\u00fcr eine neue Initiative oder fortlaufende Unterst\u00fctzung f\u00fcr ein bestehendes System ben\u00f6tigen \u2013 FMP bew\u00e4ltigt Ihre technischen Herausforderungen und sichert Ihren anhaltenden Erfolg.<\/p>\n<p><img loading=\"lazy\" decoding=\"async\" class=\"alignnone size-full wp-image-1861\" src=\"https:\/\/fmp-components.com\/wp-content\/uploads\/2024\/12\/Other-Agricultural-Gearboxes.webp\" sizes=\"(min-width: 0px) and (max-width: 480px) 480px, (min-width: 481px) and (max-width: 980px) 980px, (min-width: 981px) 1200px, 100vw\" srcset=\"https:\/\/fmp-components.com\/wp-content\/uploads\/2024\/12\/Other-Agricultural-Gearboxes.webp 1200w, https:\/\/fmp-components.com\/wp-content\/uploads\/2024\/12\/Other-Agricultural-Gearboxes-980x1143.webp 980w, https:\/\/fmp-components.com\/wp-content\/uploads\/2024\/12\/Other-Agricultural-Gearboxes-480x560.webp 480w\" alt=\"Altri-cambi-agricoli\" width=\"1200\" height=\"1400\" title=\"\"><\/p>\n<p>Autor: CX<\/p>\n<p>&nbsp;<\/p>","protected":false},"excerpt":{"rendered":"<p>Technische Daten des D\u00fcngerstreuergetriebes L-150C: Eingangs\u00fcbersetzung (i) 1,35, Eingangsdrehzahl (N1 [U\/min]) 540, Eingangsleistung (P1 [kW]) 9,9, Ausgangsdrehmoment (M2 [Nm]) 126. Merkmale des D\u00fcngerstreuergetriebes: Hohe Pr\u00e4zision und Effizienz. Das D\u00fcngerstreuergetriebe ist f\u00fcr eine pr\u00e4zise und effiziente Kraft\u00fcbertragung in landwirtschaftlichen D\u00fcngerstreuern ausgelegt. Es gew\u00e4hrleistet ein optimales \u00dcbersetzungsverh\u00e4ltnis [\u2026]<\/p>","protected":false},"featured_media":2150,"comment_status":"open","ping_status":"closed","template":"","meta":{"_et_pb_use_builder":"","_et_pb_old_content":"","_et_gb_content_width":""},"product_brand":[],"product_cat":[54],"product_tag":[],"class_list":{"0":"post-2148","1":"product","2":"type-product","3":"status-publish","4":"has-post-thumbnail","6":"product_cat-fertilizer-spreader-gearbox","8":"first","9":"instock","10":"shipping-taxable","11":"product-type-simple"},"_links":{"self":[{"href":"https:\/\/fmp-components.com\/de\/wp-json\/wp\/v2\/product\/2148","targetHints":{"allow":["GET"]}}],"collection":[{"href":"https:\/\/fmp-components.com\/de\/wp-json\/wp\/v2\/product"}],"about":[{"href":"https:\/\/fmp-components.com\/de\/wp-json\/wp\/v2\/types\/product"}],"replies":[{"embeddable":true,"href":"https:\/\/fmp-components.com\/de\/wp-json\/wp\/v2\/comments?post=2148"}],"wp:featuredmedia":[{"embeddable":true,"href":"https:\/\/fmp-components.com\/de\/wp-json\/wp\/v2\/media\/2150"}],"wp:attachment":[{"href":"https:\/\/fmp-components.com\/de\/wp-json\/wp\/v2\/media?parent=2148"}],"wp:term":[{"taxonomy":"product_brand","embeddable":true,"href":"https:\/\/fmp-components.com\/de\/wp-json\/wp\/v2\/product_brand?post=2148"},{"taxonomy":"product_cat","embeddable":true,"href":"https:\/\/fmp-components.com\/de\/wp-json\/wp\/v2\/product_cat?post=2148"},{"taxonomy":"product_tag","embeddable":true,"href":"https:\/\/fmp-components.com\/de\/wp-json\/wp\/v2\/product_tag?post=2148"}],"curies":[{"name":"wp","href":"https:\/\/api.w.org\/{rel}","templated":true}]}}