{"id":2101,"date":"2024-12-30T03:47:55","date_gmt":"2024-12-30T03:47:55","guid":{"rendered":"https:\/\/fmp-components.com\/?page_id=8"},"modified":"2024-12-30T05:08:43","modified_gmt":"2024-12-30T05:08:43","slug":"rotary-tiller-gearboxes-replacement-of-comer-code-tb-278c","status":"publish","type":"product","link":"https:\/\/fmp-components.com\/de\/product\/rotary-tiller-gearboxes-replacement-of-comer-code-tb-278c\/","title":{"rendered":"Getriebe f\u00fcr Kreiselfr\u00e4sen \u2013 Ersatz f\u00fcr Comer Code TB-278C"},"content":{"rendered":"<table style=\"width: 100%;\" border=\"1\" width=\"100%\" cellspacing=\"0\" cellpadding=\"0\">\n<tbody>\n<tr>\n<td width=\"132\"><img loading=\"lazy\" decoding=\"async\" class=\"alignnone size-full wp-image-2108\" src=\"https:\/\/fmp-components.com\/wp-content\/uploads\/2024\/12\/Rotary-Tiller-Gearbox-Replacement-of-Comer-Code-TB-278C.webp\" alt=\"Kreiselfr\u00e4sen-Getriebe-Austausch-von-Comer-Code-TB-278C\" width=\"600\" height=\"600\" title=\"\" srcset=\"https:\/\/fmp-components.com\/wp-content\/uploads\/2024\/12\/Rotary-Tiller-Gearbox-Replacement-of-Comer-Code-TB-278C.webp 600w, https:\/\/fmp-components.com\/wp-content\/uploads\/2024\/12\/Rotary-Tiller-Gearbox-Replacement-of-Comer-Code-TB-278C-480x480.webp 480w\" sizes=\"(min-width: 0px) and (max-width: 480px) 480px, (min-width: 481px) 600px, 100vw\" \/><\/td>\n<td width=\"138\"><img loading=\"lazy\" decoding=\"async\" class=\"alignnone size-full wp-image-2109\" src=\"https:\/\/fmp-components.com\/wp-content\/uploads\/2024\/12\/Rotary-Tiller-Gearboxes-Replacement-of-Comer-Gearbox-TB-278C.webp\" alt=\"Kreiselfr\u00e4sengetriebe \u2013 Austausch des Comer-Getriebes \u2013 TB-278C\" width=\"600\" height=\"600\" title=\"\" srcset=\"https:\/\/fmp-components.com\/wp-content\/uploads\/2024\/12\/Rotary-Tiller-Gearboxes-Replacement-of-Comer-Gearbox-TB-278C.webp 600w, https:\/\/fmp-components.com\/wp-content\/uploads\/2024\/12\/Rotary-Tiller-Gearboxes-Replacement-of-Comer-Gearbox-TB-278C-480x480.webp 480w\" sizes=\"(min-width: 0px) and (max-width: 480px) 480px, (min-width: 481px) 600px, 100vw\" \/><\/td>\n<\/tr>\n<\/tbody>\n<\/table>\n<h2>Spezifikationen des Kreiselfr\u00e4sengetriebes TB-278C<\/h2>\n<table style=\"width: 100%;\" border=\"1\" width=\"100%\" cellspacing=\"0\" cellpadding=\"0\">\n<tbody>\n<tr style=\"height: 23px;\">\n<td style=\"height: 46px;\" rowspan=\"2\" width=\"132\"><img loading=\"lazy\" decoding=\"async\" class=\"alignnone size-full wp-image-2107\" src=\"https:\/\/fmp-components.com\/wp-content\/uploads\/2024\/12\/Specifications-of-Rotary-Tiller-Gearbox-TB-278C.webp\" alt=\"Spezifikationen des Kreiselfr\u00e4sengetriebes TB-278C\" width=\"600\" height=\"420\" title=\"\" srcset=\"https:\/\/fmp-components.com\/wp-content\/uploads\/2024\/12\/Specifications-of-Rotary-Tiller-Gearbox-TB-278C.webp 600w, https:\/\/fmp-components.com\/wp-content\/uploads\/2024\/12\/Specifications-of-Rotary-Tiller-Gearbox-TB-278C-480x336.webp 480w\" sizes=\"(min-width: 0px) and (max-width: 480px) 480px, (min-width: 481px) 600px, 100vw\" \/><\/td>\n<td style=\"height: 23px;\" width=\"138\"><img loading=\"lazy\" decoding=\"async\" class=\"alignnone size-full wp-image-2106\" src=\"https:\/\/fmp-components.com\/wp-content\/uploads\/2024\/12\/Specifications-of-Rotary-Tiller-Gearbox-TB-278C-1.webp\" alt=\"Spezifikationen des Kreiselfr\u00e4sengetriebes TB-278C-1\" width=\"600\" height=\"198\" title=\"\" srcset=\"https:\/\/fmp-components.com\/wp-content\/uploads\/2024\/12\/Specifications-of-Rotary-Tiller-Gearbox-TB-278C-1.webp 600w, https:\/\/fmp-components.com\/wp-content\/uploads\/2024\/12\/Specifications-of-Rotary-Tiller-Gearbox-TB-278C-1-480x158.webp 480w\" sizes=\"(min-width: 0px) and (max-width: 480px) 480px, (min-width: 481px) 600px, 100vw\" \/><\/td>\n<\/tr>\n<tr style=\"height: 23px;\">\n<td style=\"height: 23px;\"><img loading=\"lazy\" decoding=\"async\" class=\"alignnone size-full wp-image-2105\" src=\"https:\/\/fmp-components.com\/wp-content\/uploads\/2024\/12\/Specifications-of-Rotary-Tiller-Gearbox-TB-278C-2.webp\" alt=\"Spezifikationen des Kreiselfr\u00e4sengetriebes TB-278C-2\" width=\"600\" height=\"298\" title=\"\" srcset=\"https:\/\/fmp-components.com\/wp-content\/uploads\/2024\/12\/Specifications-of-Rotary-Tiller-Gearbox-TB-278C-2.webp 600w, https:\/\/fmp-components.com\/wp-content\/uploads\/2024\/12\/Specifications-of-Rotary-Tiller-Gearbox-TB-278C-2-480x238.webp 480w\" sizes=\"(min-width: 0px) and (max-width: 480px) 480px, (min-width: 481px) 600px, 100vw\" \/><\/td>\n<\/tr>\n<\/tbody>\n<\/table>\n<p>&nbsp;<\/p>\n<table class=\"kh-1xzm1su\" border=\"1\" cellspacing=\"0\" cellpadding=\"0\" data-intent=\"lists-product-attributes\" data-test-id=\"attributes-list\">\n<tbody class=\"kh-1ago99h\">\n<tr id=\"attLongDescription\" class=\"kh-bwvum6\">\n<th class=\"kh-10oizfy\">Beschreibung<\/th>\n<td class=\"kh-1f5nhat\">\n<div class=\"kh-pkx4zo\">Getriebe f\u00fcr Kreiselfr\u00e4sen \u2013 Austausch des Comer-Getriebes TB-278C<\/div>\n<\/td>\n<\/tr>\n<tr id=\"attApplicationRange\" class=\"kh-bwvum6\">\n<th class=\"kh-10oizfy\">Anwendung<\/th>\n<td class=\"kh-1f5nhat\">\n<ul>\n<li class=\"kh-16zd49f\">Verschiedene (landwirtschaftliche) Anwendungen<\/li>\n<li class=\"kh-16zd49f\">M\u00e4her<\/li>\n<li class=\"kh-16zd49f\">Mehrreihige Kreiseleggen<\/li>\n<\/ul>\n<\/td>\n<\/tr>\n<tr id=\"attConsistsOf\" class=\"kh-bwvum6\">\n<th class=\"kh-10oizfy\">Besteht aus<\/th>\n<td class=\"kh-1f5nhat\">\n<ul>\n<li class=\"kh-16zd49f\">Getriebe<\/li>\n<li class=\"kh-16zd49f\">Ohne \u00d6l<\/li>\n<\/ul>\n<\/td>\n<\/tr>\n<tr id=\"attTechnicalInformation\" class=\"kh-bwvum6\">\n<th class=\"kh-10oizfy\">Technische Informationen<\/th>\n<td class=\"kh-1f5nhat\">\n<ul>\n<li class=\"kh-16zd49f\">Wenn Sie Fragen zur Leistung bei unterschiedlichen Geschwindigkeiten haben, z\u00f6gern Sie bitte nicht, uns zu kontaktieren.<\/li>\n<li class=\"kh-16zd49f\">Bei der Erstinbetriebnahme ist nach 50 Betriebsstunden ein \u00d6lwechsel durchzuf\u00fchren.<\/li>\n<\/ul>\n<\/td>\n<\/tr>\n<tr id=\"taMaxOutputTorqueDaNm\" class=\"kh-bwvum6\">\n<th class=\"kh-10oizfy\">Max. Abtriebsdrehmoment<\/th>\n<td class=\"kh-1f5nhat\">\n<div class=\"kh-pkx4zo\">100,8 daNm<\/div>\n<\/td>\n<\/tr>\n<tr id=\"taContainsOil\" class=\"kh-bwvum6\">\n<th class=\"kh-10oizfy\">Enth\u00e4lt \u00d6l<\/th>\n<td class=\"kh-1f5nhat\">\n<div class=\"kh-pkx4zo\">NEIN<\/div>\n<\/td>\n<\/tr>\n<tr id=\"taMaxOilCapacityL\" class=\"kh-bwvum6\">\n<th class=\"kh-10oizfy\">Max. \u00d6lkapazit\u00e4t<\/th>\n<td class=\"kh-1f5nhat\">\n<div class=\"kh-pkx4zo\">1,6 l<\/div>\n<\/td>\n<\/tr>\n<tr id=\"taMaxOilChangeIntervalH\" class=\"kh-bwvum6\">\n<th class=\"kh-10oizfy\">Max. \u00d6lwechselintervall<\/th>\n<td class=\"kh-1f5nhat\">\n<div class=\"kh-pkx4zo\">500 h<\/div>\n<\/td>\n<\/tr>\n<tr id=\"taOilSAEViscosityGrade\" class=\"kh-bwvum6\">\n<th class=\"kh-10oizfy\">SAE-Viskosit\u00e4tsklasse des \u00d6ls<\/th>\n<td class=\"kh-1f5nhat\">\n<div class=\"kh-pkx4zo\">80W-90<\/div>\n<\/td>\n<\/tr>\n<tr id=\"taHousingMaterial_16\" class=\"kh-bwvum6\">\n<th class=\"kh-10oizfy\">Geh\u00e4usematerial<\/th>\n<td class=\"kh-1f5nhat\">\n<div class=\"kh-pkx4zo\">Gusseisen GG25<\/div>\n<\/td>\n<\/tr>\n<tr id=\"taWeightKg_75\" class=\"kh-bwvum6\">\n<th class=\"kh-10oizfy\">Gewicht<\/th>\n<td class=\"kh-1f5nhat\">\n<div class=\"kh-pkx4zo\">24 kg<\/div>\n<\/td>\n<\/tr>\n<tr id=\"taGearArrangementRed\" class=\"kh-bwvum6\">\n<th class=\"kh-10oizfy\">Getriebeanordnung Reduzieren<\/th>\n<td class=\"kh-1f5nhat\">\n<div class=\"kh-pkx4zo\">5 &#8211; 6<\/div>\n<\/td>\n<\/tr>\n<tr id=\"taGearRatio\" class=\"kh-bwvum6\">\n<th class=\"kh-10oizfy\">\u00dcbersetzungsverh\u00e4ltnis<\/th>\n<td class=\"kh-1f5nhat\">\n<div class=\"kh-pkx4zo\">1.6:1<\/div>\n<\/td>\n<\/tr>\n<tr id=\"taInputShaftReducing\" class=\"kh-bwvum6\">\n<th class=\"kh-10oizfy\">Eingangswelle Reduzierst\u00fcck<\/th>\n<td class=\"kh-1f5nhat\">\n<div class=\"kh-pkx4zo\">Z<\/div>\n<\/td>\n<\/tr>\n<tr id=\"taNSInputpowerKW-HPR\" class=\"kh-bwvum6\">\n<th class=\"kh-10oizfy\">Eingangsleistung KW \/ PS Reduzierung<\/th>\n<td class=\"kh-1f5nhat\">\n<div class=\"kh-pkx4zo\">36,8 \/ 50 kW\/PS<\/div>\n<\/td>\n<\/tr>\n<tr id=\"taRatioIncreasing\" class=\"kh-bwvum6\">\n<th class=\"kh-10oizfy\">Verh\u00e4ltniserh\u00f6hung<\/th>\n<td class=\"kh-1f5nhat\">\n<div class=\"kh-pkx4zo\">1:1,6<\/div>\n<\/td>\n<\/tr>\n<tr id=\"taRatioReducing\" class=\"kh-bwvum6\">\n<th class=\"kh-10oizfy\">Verh\u00e4ltnisreduzierung<\/th>\n<td class=\"kh-1f5nhat\">\n<div class=\"kh-pkx4zo\">1.6: 1<\/div>\n<\/td>\n<\/tr>\n<tr id=\"taShaftX\" class=\"kh-bwvum6\">\n<th class=\"kh-10oizfy\">Welle X<\/th>\n<td class=\"kh-1f5nhat\">\n<div class=\"kh-pkx4zo\">41,45 mm Sechskant (C)<\/div>\n<\/td>\n<\/tr>\n<tr id=\"taShaftZ\" class=\"kh-bwvum6\">\n<th class=\"kh-10oizfy\">Welle Z<\/th>\n<td class=\"kh-1f5nhat\">\n<div class=\"kh-pkx4zo\">1 3\/8\u2033 (6) (A)<\/div>\n<\/td>\n<\/tr>\n<\/tbody>\n<\/table>\n<h2>Vorteile des Kreiselfr\u00e4sengetriebes TB-278C<\/h2>\n<p>Das Bodenfr\u00e4sengetriebe TB-278C bietet mehrere wichtige Vorteile f\u00fcr landwirtschaftliche Betriebe und sorgt f\u00fcr optimale Leistung und Effizienz bei Bodenbearbeitungsarbeiten. Hier sind die wichtigsten Vorteile:<\/p>\n<ol>\n<li>Langlebigkeit und Zuverl\u00e4ssigkeit: Das TB-278C-Getriebe ist f\u00fcr die anspruchsvollen Bedingungen in der Landwirtschaft ausgelegt. Es besteht aus hochwertigen Materialien und ist f\u00fcr den harten Einsatz konzipiert. Es gew\u00e4hrleistet langfristige Zuverl\u00e4ssigkeit auch unter rauen Betriebsbedingungen. Diese Langlebigkeit minimiert den Reparatur- oder Austauschbedarf und bietet langfristig kosteng\u00fcnstige Leistung.<\/li>\n<li>Effiziente Kraft\u00fcbertragung: Der TB-278C wurde f\u00fcr die effiziente Kraft\u00fcbertragung von der Zapfwelle des Traktors auf die Fr\u00e4se entwickelt und sorgt so f\u00fcr eine reibungslose und effiziente Bodenbearbeitung. Diese effiziente Kraft\u00fcbertragung optimiert die Leistung der Fr\u00e4sklingen und f\u00fchrt zu einer besseren Bodenbearbeitung und verbesserter Betriebseffizienz, egal ob bei leichten oder schweren Bodenverh\u00e4ltnissen.<\/li>\n<li>Vielseitigkeit und Kompatibilit\u00e4t: Das TB-278C-Getriebe ist mit verschiedenen Bodenfr\u00e4senmodellen kompatibel und bietet Flexibilit\u00e4t f\u00fcr unterschiedliche Landmaschinen. Dank seines vielseitigen Designs eignet es sich f\u00fcr eine Vielzahl von Anwendungen, vom kleinen Gartenbau bis hin zu gro\u00dfen landwirtschaftlichen Betrieben. Damit ist es ein wertvolles Werkzeug in verschiedenen landwirtschaftlichen Umgebungen.<\/li>\n<li>Reduzierter Kraftstoffverbrauch: Durch die Optimierung der Kraft\u00fcbertragung und die Reduzierung unn\u00f6tiger Energieverluste tr\u00e4gt das TB-278C-Getriebe zur Verbesserung der Kraftstoffeffizienz bei. Dies f\u00fchrt zu niedrigeren Betriebskosten, da der Traktor bei gleicher Arbeitsleistung weniger Kraftstoff verbraucht. Die verbesserte Kraftstoffeffizienz tr\u00e4gt zudem zur allgemeinen Umweltvertr\u00e4glichkeit bei, indem sie die Emissionen reduziert.<\/li>\n<li>Einfache Wartung und Langlebigkeit: Dank seines benutzerfreundlichen Designs erfordert das TB-278C-Getriebe nur minimale Wartung, was seine Langlebigkeit weiter erh\u00f6ht. Die regelm\u00e4\u00dfige Wartung ist unkompliziert, und das Getriebe ist auf minimalen Verschlei\u00df ausgelegt, sodass es w\u00e4hrend seiner gesamten Lebensdauer Spitzenleistung liefert. Dies macht es zu einer zuverl\u00e4ssigen Wahl f\u00fcr Landwirte, die wartungsarme und leistungsstarke Ger\u00e4te suchen.<\/li>\n<\/ol>\n<p>Insgesamt ist das TB-278C-Getriebe eine vielseitige, zuverl\u00e4ssige und kosteng\u00fcnstige L\u00f6sung f\u00fcr die Bodenbearbeitung mit Kreiseleggen. Es bietet eine Reihe von Vorteilen, die die Effizienz verbessern, die Betriebskosten senken und eine langfristige Leistung sicherstellen.<\/p>\n<table style=\"width: 100%; height: 463px;\" border=\"1\" width=\"100%\" cellspacing=\"0\" cellpadding=\"0\">\n<tbody>\n<tr style=\"height: 463px;\">\n<td style=\"width: 49.8921%; height: 463px;\" width=\"132\"><img loading=\"lazy\" decoding=\"async\" class=\"alignnone size-full wp-image-2103\" src=\"https:\/\/fmp-components.com\/wp-content\/uploads\/2024\/12\/Where-Are-Rotary-Tiller-Gearboxes-Used-1.webp\" alt=\"Wo werden Kreiselfr\u00e4sengetriebe eingesetzt\" width=\"1000\" height=\"1000\" title=\"\" srcset=\"https:\/\/fmp-components.com\/wp-content\/uploads\/2024\/12\/Where-Are-Rotary-Tiller-Gearboxes-Used-1.webp 1000w, https:\/\/fmp-components.com\/wp-content\/uploads\/2024\/12\/Where-Are-Rotary-Tiller-Gearboxes-Used-1-980x980.webp 980w, https:\/\/fmp-components.com\/wp-content\/uploads\/2024\/12\/Where-Are-Rotary-Tiller-Gearboxes-Used-1-480x480.webp 480w\" sizes=\"(min-width: 0px) and (max-width: 480px) 480px, (min-width: 481px) and (max-width: 980px) 980px, (min-width: 981px) 1000px, 100vw\" \/><\/td>\n<td style=\"width: 49.892%; height: 463px;\" width=\"138\"><img loading=\"lazy\" decoding=\"async\" class=\"alignnone size-full wp-image-2104\" src=\"https:\/\/fmp-components.com\/wp-content\/uploads\/2024\/12\/Where-Are-Rotary-Tiller-Gearboxes-Used-2.webp\" alt=\"Wo werden Kreiselfr\u00e4sengetriebe eingesetzt\" width=\"1000\" height=\"1000\" title=\"\" srcset=\"https:\/\/fmp-components.com\/wp-content\/uploads\/2024\/12\/Where-Are-Rotary-Tiller-Gearboxes-Used-2.webp 1000w, https:\/\/fmp-components.com\/wp-content\/uploads\/2024\/12\/Where-Are-Rotary-Tiller-Gearboxes-Used-2-980x980.webp 980w, https:\/\/fmp-components.com\/wp-content\/uploads\/2024\/12\/Where-Are-Rotary-Tiller-Gearboxes-Used-2-480x480.webp 480w\" sizes=\"(min-width: 0px) and (max-width: 480px) 480px, (min-width: 481px) and (max-width: 980px) 980px, (min-width: 981px) 1000px, 100vw\" \/><\/td>\n<\/tr>\n<\/tbody>\n<\/table>\n<h2>Wo werden Kreiselfr\u00e4sengetriebe eingesetzt?<\/h2>\n<p><strong>Fr\u00e4sgetriebe<\/strong> sind wesentliche Komponenten in verschiedenen landwirtschaftlichen Anwendungen, bei denen Bodenbearbeitung und Landbewirtschaftung erforderlich sind. Hier sind die wichtigsten Bereiche, in denen diese Getriebe eingesetzt werden:<\/p>\n<ol>\n<li><strong>Bodenbearbeitung und Bodenvorbereitung<\/strong>: Fr\u00e4sgetriebe werden haupts\u00e4chlich in der Bodenbearbeitung eingesetzt, um den Boden aufzulockern, zu bel\u00fcften und f\u00fcr die Bepflanzung vorzubereiten. Das Getriebe \u00fcbertr\u00e4gt die Kraft von der Zapfwelle des Traktors auf die Fr\u00e4se, sodass die rotierenden Messer den Boden effizient auflockern und f\u00fcr die Bepflanzung bearbeitbar machen. Dies ist in der Landwirtschaft im gro\u00dfen Ma\u00dfstab sowie im Garten- und Landschaftsbau von entscheidender Bedeutung, da es sicherstellt, dass der Boden f\u00fcr die Aussaat optimal vorbereitet ist.<\/li>\n<li><strong>Rodung und Vegetationskontrolle<\/strong>: Diese Getriebe werden auch bei der Rodung eingesetzt, wo sie Fr\u00e4sen antreiben, die beim Entfernen von Unkraut, Unkraut und \u00fcberwucherter Vegetation helfen. Durch den Einsatz einer Fr\u00e4se mit Getriebe k\u00f6nnen Landwirte und Landschaftsg\u00e4rtner bisher vernachl\u00e4ssigte oder \u00fcberwucherte Fl\u00e4chen schnell f\u00fcr die Bewirtschaftung oder Bebauung vorbereiten und so eine bessere Kontrolle der Vegetation und eine effizientere Landnutzung gew\u00e4hrleisten.<\/li>\n<li><strong>Fruchtfolge und Bodenbel\u00fcftung<\/strong>: In Fruchtfolgesystemen unterst\u00fctzen Bodenfr\u00e4sengetriebe die Bodenbearbeitung zwischen den Pflanzzeiten, bel\u00fcften den Boden und helfen bei der Unkraut- und Sch\u00e4dlingsbek\u00e4mpfung. Dieser Prozess verbessert die Bodengesundheit, indem er sicherstellt, dass Luft, Wasser und N\u00e4hrstoffe die Pflanzenwurzeln leicht erreichen k\u00f6nnen. Regelm\u00e4\u00dfige Bodenbel\u00fcftung ist unerl\u00e4sslich, um die Ernteertr\u00e4ge zu maximieren und die Bodenfruchtbarkeit langfristig zu erhalten.<\/li>\n<li><strong>Pflege von Weinbergen und Obstg\u00e4rten<\/strong>: Fr\u00e4sgetriebe werden auch h\u00e4ufig im Wein- und Obstbau eingesetzt. Sie helfen bei der Bodenpflege zwischen Reb- und Baumreihen und sorgen f\u00fcr die notwendige Bodenbearbeitung, um den Boden locker und fruchtbar zu halten. Dies gew\u00e4hrleistet optimale Bedingungen f\u00fcr fruchttragende Pflanzen und f\u00f6rdert Wachstum und Produktivit\u00e4t, insbesondere in Dauerkulturen wie Obstg\u00e4rten.<\/li>\n<li><strong>Gartenbau und Gartenarbeit<\/strong>: Neben der Gro\u00dflandwirtschaft werden Fr\u00e4sgetriebe auch h\u00e4ufig in kleineren Anwendungen wie dem Gartenbau und der Hausg\u00e4rtnerei eingesetzt. Hobbyg\u00e4rtner, Landschaftsgestalter und Baumschulen nutzen Fr\u00e4sen, um Gartenbeete vorzubereiten, Blumenreihen anzulegen und Bodenverbesserungsmittel effizient einzuarbeiten, um ein gesundes Wachstum von Blumen, Gem\u00fcse und anderen Pflanzen zu erm\u00f6glichen.<\/li>\n<\/ol>\n<p>Insgesamt spielen Bodenfr\u00e4sengetriebe eine entscheidende Rolle bei der Verbesserung der Bodenbearbeitungsprozesse in zahlreichen Bereichen der Landwirtschaft, Landschaftsgestaltung und des Gartenbaus und tragen zu einer verbesserten Produktivit\u00e4t, Bodengesundheit und Landbewirtschaftung bei.<\/p>\n<p><img loading=\"lazy\" decoding=\"async\" class=\"alignnone size-full wp-image-2102\" src=\"https:\/\/fmp-components.com\/wp-content\/uploads\/2024\/12\/PTO-Shaft-for-Rotary-Tiller-Gearbox.webp\" alt=\"Zapfwelle f\u00fcr Kreiselfr\u00e4sengetriebe\" width=\"1000\" height=\"600\" title=\"\" srcset=\"https:\/\/fmp-components.com\/wp-content\/uploads\/2024\/12\/PTO-Shaft-for-Rotary-Tiller-Gearbox.webp 1000w, https:\/\/fmp-components.com\/wp-content\/uploads\/2024\/12\/PTO-Shaft-for-Rotary-Tiller-Gearbox-980x588.webp 980w, https:\/\/fmp-components.com\/wp-content\/uploads\/2024\/12\/PTO-Shaft-for-Rotary-Tiller-Gearbox-480x288.webp 480w\" sizes=\"(min-width: 0px) and (max-width: 480px) 480px, (min-width: 481px) and (max-width: 980px) 980px, (min-width: 981px) 1000px, 100vw\" \/><\/p>\n<h3>\u00dcber FMP<\/h3>\n<p>FMP mit Hauptsitz in Italien ist ein f\u00fchrender Hersteller, der f\u00fcr seine Expertise in der Konstruktion, Entwicklung und Produktion von Hochleistungsgetrieben bekannt ist und vor allem die Landmaschinenindustrie beliefert. Mit dem Fokus auf Pr\u00e4zisionstechnik, Innovation und Zuverl\u00e4ssigkeit hat sich FMP einen Ruf als Lieferant hochwertiger Produkte erarbeitet, die den sich wandelnden Anforderungen der Landwirtschaft und Industrie gerecht werden. Das umfangreiche Produktsortiment umfasst Spezialgetriebe f\u00fcr Rasenm\u00e4her, Zapfwellen und andere wichtige Komponenten, die alle darauf ausgelegt sind, ma\u00dfgeschneiderte L\u00f6sungen f\u00fcr ein breites Anwendungsspektrum zu bieten.<\/p>\n<p>Bei FMP wissen wir, dass jeder Kunde individuelle Anforderungen hat. Deshalb sind wir auf ma\u00dfgeschneiderte L\u00f6sungen spezialisiert, ob f\u00fcr einzelne Komponenten oder vollintegrierte Systeme. Durch die enge Zusammenarbeit mit unseren Kunden stellen wir sicher, dass jede L\u00f6sung hocheffektiv und effizient ist. Unser Engagement f\u00fcr schnelle, professionelle Antworten und kompetente Beratung gew\u00e4hrleistet, dass jede Anfrage mit gr\u00f6\u00dfter Sorgfalt und Pr\u00e4zision bearbeitet wird.<\/p>\n<p>Wir legen gro\u00dfen Wert auf eine offene und kontinuierliche Kommunikation, insbesondere in der Produktentwicklung. Unser engagiertes Team arbeitet direkt mit unseren Kunden zusammen, um deren Bed\u00fcrfnisse und Herausforderungen umfassend zu verstehen und umsetzbare Erkenntnisse zu liefern, die zu optimalen L\u00f6sungen f\u00fchren. Ob bei der Entwicklung innovativer Produkte oder der Erf\u00fcllung bestehender Auftr\u00e4ge \u2013 FMP ist bestrebt, hochwertige, pr\u00e4zisionsgefertigte L\u00f6sungen zeitnah und zuverl\u00e4ssig zu liefern.<\/p>\n<p>Im Mittelpunkt der Gesch\u00e4ftst\u00e4tigkeit von FMP steht das unersch\u00fctterliche Engagement f\u00fcr Qualit\u00e4t. Wir halten uns an h\u00f6chste Fertigungsstandards und stellen sicher, dass jedes Produkt die Branchenerwartungen erf\u00fcllt oder \u00fcbertrifft. Ein strenger Qualit\u00e4tskontrollprozess gew\u00e4hrleistet die Fehlerfreiheit jedes einzelnen Produkts und spiegelt unsere Grundwerte Integrit\u00e4t, Teamwork und Beharrlichkeit wider. Diese Prinzipien haben uns geholfen, starke und dauerhafte Beziehungen zu Kunden in fast 30 L\u00e4ndern weltweit aufzubauen.<\/p>\n<p>FMP pflegt langfristige globale Partnerschaften und bietet kompetente Beratung sowie ma\u00dfgeschneiderte L\u00f6sungen, die auf die spezifischen Bed\u00fcrfnisse unserer Kunden zugeschnitten sind. Wir liefern nicht nur Produkte, sondern legen Wert auf den Aufbau dauerhafter Beziehungen, die zum Erfolg jedes Projekts beitragen. Ob Sie neue, innovative L\u00f6sungen oder Unterst\u00fctzung f\u00fcr ein bestehendes System ben\u00f6tigen \u2013 FMP ist f\u00fcr Sie da, um Ihre technischen Herausforderungen zu meistern und Ihren anhaltenden Erfolg sicherzustellen.<\/p>\n<p><img loading=\"lazy\" decoding=\"async\" class=\"alignnone size-full wp-image-1861\" src=\"https:\/\/fmp-components.com\/wp-content\/uploads\/2024\/12\/Other-Agricultural-Gearboxes.webp\" sizes=\"(min-width: 0px) and (max-width: 480px) 480px, (min-width: 481px) and (max-width: 980px) 980px, (min-width: 981px) 1200px, 100vw\" srcset=\"https:\/\/fmp-components.com\/wp-content\/uploads\/2024\/12\/Other-Agricultural-Gearboxes.webp 1200w, https:\/\/fmp-components.com\/wp-content\/uploads\/2024\/12\/Other-Agricultural-Gearboxes-980x1143.webp 980w, https:\/\/fmp-components.com\/wp-content\/uploads\/2024\/12\/Other-Agricultural-Gearboxes-480x560.webp 480w\" alt=\"Altri-cambi-agricoli\" width=\"1200\" height=\"1400\" title=\"\"><\/p>\n<p>Autor: CX<\/p>","protected":false},"excerpt":{"rendered":"<p>Specifications of Rotary Tiller Gearbox TB-278C &nbsp; Description Rotary Tiller Gearboxes &#8211; Replacement of Comer Gearbox TB-278C Application Various (agricultural) applications Mowers Multi-row rotary tillers Consists of Gearbox Without oil Technical information If you have any questions regarding performance at different speeds, please do not hesitate to contact us. When using it for the first [&hellip;]<\/p>","protected":false},"featured_media":2109,"comment_status":"open","ping_status":"closed","template":"","meta":{"_et_pb_use_builder":"","_et_pb_old_content":"","_et_gb_content_width":""},"product_brand":[],"product_cat":[53],"product_tag":[],"class_list":{"0":"post-2101","1":"product","2":"type-product","3":"status-publish","4":"has-post-thumbnail","6":"product_cat-rotary-tiller-gearbox","8":"first","9":"instock","10":"shipping-taxable","11":"product-type-simple"},"_links":{"self":[{"href":"https:\/\/fmp-components.com\/de\/wp-json\/wp\/v2\/product\/2101","targetHints":{"allow":["GET"]}}],"collection":[{"href":"https:\/\/fmp-components.com\/de\/wp-json\/wp\/v2\/product"}],"about":[{"href":"https:\/\/fmp-components.com\/de\/wp-json\/wp\/v2\/types\/product"}],"replies":[{"embeddable":true,"href":"https:\/\/fmp-components.com\/de\/wp-json\/wp\/v2\/comments?post=2101"}],"wp:featuredmedia":[{"embeddable":true,"href":"https:\/\/fmp-components.com\/de\/wp-json\/wp\/v2\/media\/2109"}],"wp:attachment":[{"href":"https:\/\/fmp-components.com\/de\/wp-json\/wp\/v2\/media?parent=2101"}],"wp:term":[{"taxonomy":"product_brand","embeddable":true,"href":"https:\/\/fmp-components.com\/de\/wp-json\/wp\/v2\/product_brand?post=2101"},{"taxonomy":"product_cat","embeddable":true,"href":"https:\/\/fmp-components.com\/de\/wp-json\/wp\/v2\/product_cat?post=2101"},{"taxonomy":"product_tag","embeddable":true,"href":"https:\/\/fmp-components.com\/de\/wp-json\/wp\/v2\/product_tag?post=2101"}],"curies":[{"name":"wp","href":"https:\/\/api.w.org\/{rel}","templated":true}]}}