{"id":2031,"date":"2024-12-27T01:51:37","date_gmt":"2024-12-27T01:51:37","guid":{"rendered":"https:\/\/fmp-components.com\/?page_id=8"},"modified":"2024-12-27T01:51:37","modified_gmt":"2024-12-27T01:51:37","slug":"agricultural-lawn-mower-gearbox-fmp-rc81","status":"publish","type":"product","link":"https:\/\/fmp-components.com\/de\/product\/agricultural-lawn-mower-gearbox-fmp-rc81\/","title":{"rendered":"Landwirtschaftliches Rasenm\u00e4hergetriebe FMP-RC81"},"content":{"rendered":"<h2>Spezifikation des landwirtschaftlichen Rasenm\u00e4hergetriebes FMP-RC81<\/h2>\n<table style=\"width: 96.2203%; height: 596px;\" border=\"1\" width=\"100%\" cellspacing=\"0\" cellpadding=\"0\">\n<tbody>\n<tr>\n<td width=\"110\"><img loading=\"lazy\" decoding=\"async\" class=\"alignnone size-full wp-image-2033\" src=\"https:\/\/fmp-components.com\/wp-content\/uploads\/2024\/12\/fmp_agricultural-gearbox-HC-RC81-2.webp\" alt=\"fmp_landwirtschaftliches-getriebe-HC-RC81-2\" width=\"399\" height=\"518\" title=\"\" srcset=\"https:\/\/fmp-components.com\/wp-content\/uploads\/2024\/12\/fmp_agricultural-gearbox-HC-RC81-2.webp 399w, https:\/\/fmp-components.com\/wp-content\/uploads\/2024\/12\/fmp_agricultural-gearbox-HC-RC81-2-231x300.webp 231w, https:\/\/fmp-components.com\/wp-content\/uploads\/2024\/12\/fmp_agricultural-gearbox-HC-RC81-2-9x12.webp 9w\" sizes=\"(max-width: 399px) 100vw, 399px\" \/><\/td>\n<td width=\"98\"><img loading=\"lazy\" decoding=\"async\" class=\"alignnone size-full wp-image-2034\" src=\"https:\/\/fmp-components.com\/wp-content\/uploads\/2024\/12\/fmp_agricultural-gearbox-HC-RC81.webp\" alt=\"fmp_landwirtschaftliches-getriebe-HC-RC81-2\" width=\"400\" height=\"400\" title=\"\" srcset=\"https:\/\/fmp-components.com\/wp-content\/uploads\/2024\/12\/fmp_agricultural-gearbox-HC-RC81.webp 400w, https:\/\/fmp-components.com\/wp-content\/uploads\/2024\/12\/fmp_agricultural-gearbox-HC-RC81-300x300.webp 300w, https:\/\/fmp-components.com\/wp-content\/uploads\/2024\/12\/fmp_agricultural-gearbox-HC-RC81-150x150.webp 150w, https:\/\/fmp-components.com\/wp-content\/uploads\/2024\/12\/fmp_agricultural-gearbox-HC-RC81-12x12.webp 12w, https:\/\/fmp-components.com\/wp-content\/uploads\/2024\/12\/fmp_agricultural-gearbox-HC-RC81-100x100.webp 100w\" sizes=\"(max-width: 400px) 100vw, 400px\" \/><\/td>\n<\/tr>\n<\/tbody>\n<\/table>\n<table style=\"width: 95.6387%; height: 235px;\" border=\"1\">\n<tbody>\n<tr>\n<td><strong>ARTIKEL<\/strong><\/td>\n<td>FMP-RC81<\/td>\n<\/tr>\n<tr>\n<td><strong>Verh\u00e4ltnis<\/strong><\/td>\n<td>1:1.93\/1:1.46<\/td>\n<\/tr>\n<tr>\n<td><strong>Z\u00e4hne<\/strong><\/td>\n<td>27\/14 19\/13<\/td>\n<\/tr>\n<tr>\n<td><strong>Modul<\/strong><\/td>\n<td>5.5 \/ 7.0<\/td>\n<\/tr>\n<tr>\n<td><strong>Leistung (PS)<\/strong><\/td>\n<td>80<\/td>\n<\/tr>\n<tr>\n<td><strong>Nenneingangsleistung<\/strong><\/td>\n<td>600 U\/min<\/td>\n<\/tr>\n<tr>\n<td><strong>Eingang\/Ausgang Beschreibung<\/strong><\/td>\n<td>1-3\/8 Z6 Kegelverzahnung<\/td>\n<\/tr>\n<tr>\n<td><strong>Gewicht (NW)<\/strong><\/td>\n<td>28,7 kg<\/td>\n<\/tr>\n<\/tbody>\n<\/table>\n<h3>Merkmale des landwirtschaftlichen Rasenm\u00e4hergetriebes FMP-RC81<\/h3>\n<p>Das FMP-RC81 Rasenm\u00e4hergetriebe ist ein leistungsstarkes, robustes Getriebe, das f\u00fcr au\u00dfergew\u00f6hnliche Zuverl\u00e4ssigkeit, Effizienz und Langlebigkeit bei anspruchsvollen Rasenm\u00e4heranwendungen entwickelt wurde. Es ist f\u00fcr h\u00e4rteste Bedingungen ausgelegt und bietet eine lange Lebensdauer. Zu den wichtigsten Merkmalen des FMP-RC81 geh\u00f6ren:<\/p>\n<ol>\n<li><strong>Robustes Design<\/strong><br \/>\nDer FMP-RC81 ist aus robusten, hochfesten Materialien gefertigt und h\u00e4lt den hohen Belastungen beim Rasenm\u00e4hen stand. Seine robuste Konstruktion gew\u00e4hrleistet \u00fcberlegene Leistung in anspruchsvollen Umgebungen, von dichtem Gras bis hin zu unebenem Gel\u00e4nde.<\/li>\n<li><strong>Hohe Drehmomentkapazit\u00e4t<\/strong><br \/>\nDank seiner hervorragenden Drehmomentbelastbarkeit eignet sich der FMP-RC81 ideal f\u00fcr Anwendungen mit hoher Belastung. Er gew\u00e4hrleistet eine effiziente Kraft\u00fcbertragung auch unter anspruchsvollsten Bedingungen und erm\u00f6glicht dem M\u00e4her selbst in dichtem Gras oder auf absch\u00fcssigem Gel\u00e4nde optimale Leistung.<\/li>\n<li><strong>Pr\u00e4zisionsgefertigte Zahnr\u00e4der<\/strong><br \/>\nAusgestattet mit pr\u00e4zisionsgefertigten Getrieben sorgt der FMP-RC81 f\u00fcr eine gleichm\u00e4\u00dfige, effiziente Kraft\u00fcbertragung bei minimaler Vibration. Diese Pr\u00e4zision reduziert den Verschlei\u00df und sorgt f\u00fcr eine l\u00e4ngere Lebensdauer und geringere Wartungskosten.<\/li>\n<li><strong>Optimierte Energieeffizienz<\/strong><br \/>\nDer FMP-RC81 verf\u00fcgt \u00fcber ein optimiertes Getriebedesign, das Leistungsverluste minimiert und die Gesamteffizienz des M\u00e4hers steigert. Dies reduziert die Motorbelastung, verbessert den Kraftstoffverbrauch und stellt sicher, dass die Leistung effektiv zum M\u00e4hen genutzt wird.<\/li>\n<li><strong>Kompakt und leicht<\/strong><br \/>\nTrotz seiner hohen Belastbarkeit ist der FMP-RC81 kompakt und leicht. Dadurch l\u00e4sst er sich problemlos in verschiedene Rasenm\u00e4hersysteme integrieren, ohne zus\u00e4tzliches Gewicht hinzuzuf\u00fcgen. Dies tr\u00e4gt zu besserer Man\u00f6vrierf\u00e4higkeit und geringerer Belastung des Ger\u00e4ts bei.<\/li>\n<li><strong>Wartungsarmes Design<\/strong><br \/>\nDas FMP-RC81-Getriebe ist auf minimalen Wartungsaufwand ausgelegt. Selbstschmierende Komponenten reduzieren den Wartungsbedarf. Diese Konstruktion gew\u00e4hrleistet einen kontinuierlichen Betrieb mit reduzierten Ausfallzeiten und Wartungskosten.<\/li>\n<li><strong>Vielseitig und anpassungsf\u00e4hig<\/strong><br \/>\nDer FMP-RC81 ist \u00e4u\u00dferst vielseitig und mit einer Vielzahl von Rasenm\u00e4hern aus der Landwirtschaft und Landschaftspflege kompatibel. Er kann an spezifische Anforderungen angepasst werden und gew\u00e4hrleistet so optimale Leistung bei unterschiedlichen M\u00e4herkonfigurationen.<\/li>\n<\/ol>\n<p>Das Rasenm\u00e4hergetriebe FMP-RC81 vereint St\u00e4rke, Effizienz und Zuverl\u00e4ssigkeit und ist damit die ideale Wahl f\u00fcr landwirtschaftliche und industrielle M\u00e4hanwendungen. Es ist f\u00fcr hohe Belastungen, reduzierten Wartungsaufwand und eine reibungslose Kraft\u00fcbertragung ausgelegt und sorgt f\u00fcr maximale Betriebseffizienz und minimale Ausfallzeiten.<\/p>\n<p><img loading=\"lazy\" decoding=\"async\" class=\"alignnone size-full wp-image-1994\" src=\"https:\/\/fmp-components.com\/wp-content\/uploads\/2024\/12\/Lawn-Mower-Gearbox-7.webp\" alt=\"Rasenm\u00e4her-Getriebe\" width=\"1502\" height=\"805\" title=\"\" srcset=\"https:\/\/fmp-components.com\/wp-content\/uploads\/2024\/12\/Lawn-Mower-Gearbox-7.webp 1502w, https:\/\/fmp-components.com\/wp-content\/uploads\/2024\/12\/Lawn-Mower-Gearbox-7-1280x686.webp 1280w, https:\/\/fmp-components.com\/wp-content\/uploads\/2024\/12\/Lawn-Mower-Gearbox-7-980x525.webp 980w, https:\/\/fmp-components.com\/wp-content\/uploads\/2024\/12\/Lawn-Mower-Gearbox-7-480x257.webp 480w\" sizes=\"(min-width: 0px) and (max-width: 480px) 480px, (min-width: 481px) and (max-width: 980px) 980px, (min-width: 981px) and (max-width: 1280px) 1280px, (min-width: 1281px) 1502px, 100vw\" \/><\/p>\n<h3>\u00dcber FMP<\/h3>\n<p>FMP mit Hauptsitz in Italien ist ein f\u00fchrender Hersteller von Hochleistungsgetrieben f\u00fcr Landmaschinen. Bekannt f\u00fcr Pr\u00e4zisionstechnik, Innovation und Zuverl\u00e4ssigkeit, bieten wir eine breite Palette an Getrieben, darunter auch Rasenm\u00e4hergetriebe, und wichtige Komponenten wie Zapfwellen. Unsere Mission ist es, ma\u00dfgeschneiderte L\u00f6sungen anzubieten, die den spezifischen Anforderungen der Landwirtschaft und Industrie gerecht werden \u2013 sei es durch Einzelprodukte oder integrierte Systeme.<\/p>\n<p>Wir wissen, dass jeder Kunde individuelle Anforderungen hat. Deshalb passen wir unsere Produkte individuell an Ihre Bed\u00fcrfnisse an. Ob Sie ein Spezialgetriebe oder ein komplettes System ben\u00f6tigen, wir arbeiten eng mit Ihnen zusammen, um die effektivsten und effizientesten L\u00f6sungen zu entwickeln. Unsere schnellen und professionellen Antworten sowie unsere kompetente Beratung gew\u00e4hrleisten, dass jede Anfrage sorgf\u00e4ltig und pr\u00e4zise bearbeitet wird.<\/p>\n<p>Bei FMP legen wir Wert auf offene Kommunikation und Zusammenarbeit, insbesondere bei der Entwicklung neuer Produkte. Unser Team arbeitet eng mit unseren Kunden zusammen, um deren Herausforderungen zu verstehen und Erkenntnisse zu gewinnen, die zu optimalen L\u00f6sungen f\u00fchren. Wir verpflichten uns, hochwertige, pr\u00e4zisionsgefertigte Produkte termingerecht zu liefern, egal ob es sich um Neuentwicklungen oder bestehende Auftr\u00e4ge handelt.<\/p>\n<p>Qualit\u00e4t steht bei FMP im Mittelpunkt. Unsere Fertigungsprozesse entsprechen h\u00f6chsten Standards und gew\u00e4hrleisten Genauigkeit und Fehlerfreiheit. Strenge Qualit\u00e4tskontrollen garantieren, dass jedes Produkt die Industriestandards erf\u00fcllt oder \u00fcbertrifft. Dieses Qualit\u00e4tsbewusstsein, gepaart mit unseren Grundwerten Integrit\u00e4t, Teamwork und Beharrlichkeit, erm\u00f6glicht es uns, starke Beziehungen zu Kunden in fast 30 L\u00e4ndern aufzubauen.<\/p>\n<p>FMP ist stets offen f\u00fcr globale Partnerschaften und bietet kompetente Beratung und ma\u00dfgeschneiderte L\u00f6sungen. Unser Ansatz geht \u00fcber die reine Produktlieferung hinaus; wir streben langfristige Beziehungen an, die gemeinsamen Erfolg f\u00f6rdern. Ob Sie neue L\u00f6sungen oder Unterst\u00fctzung f\u00fcr bestehende Systeme ben\u00f6tigen \u2013 FMP k\u00fcmmert sich um Ihre technischen Herausforderungen und sorgt f\u00fcr anhaltenden Erfolg.<\/p>\n<p><img loading=\"lazy\" decoding=\"async\" class=\"alignnone size-full wp-image-1861\" src=\"https:\/\/fmp-components.com\/wp-content\/uploads\/2024\/12\/Other-Agricultural-Gearboxes.webp\" sizes=\"(min-width: 0px) and (max-width: 480px) 480px, (min-width: 481px) and (max-width: 980px) 980px, (min-width: 981px) 1200px, 100vw\" srcset=\"https:\/\/fmp-components.com\/wp-content\/uploads\/2024\/12\/Other-Agricultural-Gearboxes.webp 1200w, https:\/\/fmp-components.com\/wp-content\/uploads\/2024\/12\/Other-Agricultural-Gearboxes-980x1143.webp 980w, https:\/\/fmp-components.com\/wp-content\/uploads\/2024\/12\/Other-Agricultural-Gearboxes-480x560.webp 480w\" alt=\"Altri-cambi-agricoli\" width=\"1200\" height=\"1400\" title=\"\"><\/p>\n<p>Autor: CX<\/p>","protected":false},"excerpt":{"rendered":"<p>Agricultural Lawn Mower Gearbox FMP-RC81 Specification ITEM FMP-RC81 Ratio 1:1.93\/1:1.46 Teeth 27\/14 19\/13 Module 5.5 \/ 7.0 Power(HP) 80 Rated Input 600rpm Input\/Output Description 1-3\/8 Z6 Taper spline Weight(N.W) 28.7KG Features of Agricultural Lawn Mower Gearbox FMP-RC81 The FMP-RC81 Agricultural Lawn Mower Gearbox is a high-performance, heavy-duty gearbox designed to deliver exceptional reliability, efficiency, and [&hellip;]<\/p>","protected":false},"featured_media":2034,"comment_status":"open","ping_status":"closed","template":"","meta":{"_et_pb_use_builder":"","_et_pb_old_content":"","_et_gb_content_width":""},"product_brand":[],"product_cat":[52],"product_tag":[],"class_list":{"0":"post-2031","1":"product","2":"type-product","3":"status-publish","4":"has-post-thumbnail","6":"product_cat-lawn-mower-gearbox","8":"first","9":"instock","10":"shipping-taxable","11":"product-type-simple"},"_links":{"self":[{"href":"https:\/\/fmp-components.com\/de\/wp-json\/wp\/v2\/product\/2031","targetHints":{"allow":["GET"]}}],"collection":[{"href":"https:\/\/fmp-components.com\/de\/wp-json\/wp\/v2\/product"}],"about":[{"href":"https:\/\/fmp-components.com\/de\/wp-json\/wp\/v2\/types\/product"}],"replies":[{"embeddable":true,"href":"https:\/\/fmp-components.com\/de\/wp-json\/wp\/v2\/comments?post=2031"}],"wp:featuredmedia":[{"embeddable":true,"href":"https:\/\/fmp-components.com\/de\/wp-json\/wp\/v2\/media\/2034"}],"wp:attachment":[{"href":"https:\/\/fmp-components.com\/de\/wp-json\/wp\/v2\/media?parent=2031"}],"wp:term":[{"taxonomy":"product_brand","embeddable":true,"href":"https:\/\/fmp-components.com\/de\/wp-json\/wp\/v2\/product_brand?post=2031"},{"taxonomy":"product_cat","embeddable":true,"href":"https:\/\/fmp-components.com\/de\/wp-json\/wp\/v2\/product_cat?post=2031"},{"taxonomy":"product_tag","embeddable":true,"href":"https:\/\/fmp-components.com\/de\/wp-json\/wp\/v2\/product_tag?post=2031"}],"curies":[{"name":"wp","href":"https:\/\/api.w.org\/{rel}","templated":true}]}}