{"id":2028,"date":"2024-12-27T01:47:24","date_gmt":"2024-12-27T01:47:24","guid":{"rendered":"https:\/\/fmp-components.com\/?page_id=8"},"modified":"2024-12-27T01:47:24","modified_gmt":"2024-12-27T01:47:24","slug":"agricultural-lawn-mower-gearbox-fmp-rc61","status":"publish","type":"product","link":"https:\/\/fmp-components.com\/de\/product\/agricultural-lawn-mower-gearbox-fmp-rc61\/","title":{"rendered":"Landwirtschaftliches Rasenm\u00e4hergetriebe FMP-RC61"},"content":{"rendered":"<h2>Spezifikation des landwirtschaftlichen Rasenm\u00e4hergetriebes FMP-RC61<\/h2>\n<table style=\"width: 96.2203%; height: 596px;\" border=\"1\" width=\"100%\" cellspacing=\"0\" cellpadding=\"0\">\n<tbody>\n<tr>\n<td width=\"110\"><img loading=\"lazy\" decoding=\"async\" class=\"alignnone size-full wp-image-2029\" src=\"https:\/\/fmp-components.com\/wp-content\/uploads\/2024\/12\/fmp_agricultural-gearbox-HC-RC61-2.webp\" alt=\"fmp_landwirtschaftliches-getriebe-HC-RC61-2\" width=\"470\" height=\"564\" title=\"\" srcset=\"https:\/\/fmp-components.com\/wp-content\/uploads\/2024\/12\/fmp_agricultural-gearbox-HC-RC61-2.webp 470w, https:\/\/fmp-components.com\/wp-content\/uploads\/2024\/12\/fmp_agricultural-gearbox-HC-RC61-2-250x300.webp 250w, https:\/\/fmp-components.com\/wp-content\/uploads\/2024\/12\/fmp_agricultural-gearbox-HC-RC61-2-10x12.webp 10w\" sizes=\"(max-width: 470px) 100vw, 470px\" \/><\/td>\n<td width=\"98\"><img loading=\"lazy\" decoding=\"async\" class=\"alignnone size-full wp-image-2030\" src=\"https:\/\/fmp-components.com\/wp-content\/uploads\/2024\/12\/fmp_agricultural-gearbox-HC-RC61.webp\" alt=\"fmp_landwirtschaftliches-getriebe-HC-RC61-2\" width=\"400\" height=\"400\" title=\"\" srcset=\"https:\/\/fmp-components.com\/wp-content\/uploads\/2024\/12\/fmp_agricultural-gearbox-HC-RC61.webp 400w, https:\/\/fmp-components.com\/wp-content\/uploads\/2024\/12\/fmp_agricultural-gearbox-HC-RC61-300x300.webp 300w, https:\/\/fmp-components.com\/wp-content\/uploads\/2024\/12\/fmp_agricultural-gearbox-HC-RC61-150x150.webp 150w, https:\/\/fmp-components.com\/wp-content\/uploads\/2024\/12\/fmp_agricultural-gearbox-HC-RC61-12x12.webp 12w, https:\/\/fmp-components.com\/wp-content\/uploads\/2024\/12\/fmp_agricultural-gearbox-HC-RC61-100x100.webp 100w\" sizes=\"(max-width: 400px) 100vw, 400px\" \/><\/td>\n<\/tr>\n<\/tbody>\n<\/table>\n<table style=\"width: 96.4817%; height: 184px;\" border=\"1\">\n<tbody>\n<tr style=\"height: 23px;\">\n<td style=\"width: 39.6789%; height: 23px;\"><strong>ARTIKEL<\/strong><\/td>\n<td style=\"width: 62.0413%; height: 23px;\">FMP-RC61<\/td>\n<\/tr>\n<tr style=\"height: 23px;\">\n<td style=\"width: 39.6789%; height: 23px;\"><strong>Verh\u00e4ltnis<\/strong><\/td>\n<td style=\"width: 62.0413%; height: 23px;\">1:1.46\/1:1.93<\/td>\n<\/tr>\n<tr style=\"height: 23px;\">\n<td style=\"width: 39.6789%; height: 23px;\"><strong>Z\u00e4hne<\/strong><\/td>\n<td style=\"width: 62.0413%; height: 23px;\">19\/13 27\/14<\/td>\n<\/tr>\n<tr style=\"height: 23px;\">\n<td style=\"width: 39.6789%; height: 23px;\"><strong>Modul<\/strong><\/td>\n<td style=\"width: 62.0413%; height: 23px;\">\u00a07.0\u00a0\/5.5<\/td>\n<\/tr>\n<tr style=\"height: 23px;\">\n<td style=\"width: 39.6789%; height: 23px;\"><strong>Leistung (PS)<\/strong><\/td>\n<td style=\"width: 62.0413%; height: 23px;\">60<\/td>\n<\/tr>\n<tr style=\"height: 23px;\">\n<td style=\"width: 39.6789%; height: 23px;\"><strong>Nenneingangsleistung<\/strong><\/td>\n<td style=\"width: 62.0413%; height: 23px;\">540 U\/min<\/td>\n<\/tr>\n<tr style=\"height: 23px;\">\n<td style=\"width: 39.6789%; height: 23px;\"><strong>Eingang\/Ausgang Beschreibung<\/strong><\/td>\n<td style=\"width: 62.0413%; height: 23px;\">1-3\/8 Z6 Kegelverzahnung<\/td>\n<\/tr>\n<tr style=\"height: 23px;\">\n<td style=\"width: 39.6789%; height: 23px;\"><strong>Gewicht (NW)<\/strong><\/td>\n<td style=\"width: 62.0413%; height: 23px;\">36,5 kg<\/td>\n<\/tr>\n<\/tbody>\n<\/table>\n<h2>Merkmale des landwirtschaftlichen Rasenm\u00e4hergetriebes FMP-RC61<\/h2>\n<p>Das Rasenm\u00e4hergetriebe FMP-RC61 bietet herausragende Leistung, Langlebigkeit und Zuverl\u00e4ssigkeit in anspruchsvollen landwirtschaftlichen Umgebungen. Es ist f\u00fcr den Einsatz unter extremen Bedingungen konzipiert und bietet h\u00f6chste Effizienz und eine lange Lebensdauer. Zu den wichtigsten Merkmalen des FMP-RC61 geh\u00f6ren:<\/p>\n<ol>\n<li><strong>Robuste Konstruktion<\/strong><br \/>\nDer FMP-RC61 ist aus hochfesten Materialien gefertigt und h\u00e4lt den hohen Anforderungen des Rasenm\u00e4hens in der Landwirtschaft stand. Seine robuste Konstruktion gew\u00e4hrleistet Zuverl\u00e4ssigkeit auch unter harten Arbeitsbedingungen.<\/li>\n<li><strong>Hohes Drehmoment und hohe Belastbarkeit<\/strong><br \/>\nDas FMP-RC61-Getriebe kann h\u00f6here Drehmomentbelastungen bew\u00e4ltigen und eignet sich hervorragend f\u00fcr Schwerlastanwendungen. Es gew\u00e4hrleistet eine effiziente Kraft\u00fcbertragung auf die M\u00e4hklingen, selbst bei dichtem Gras und schwierigem Gel\u00e4nde.<\/li>\n<li><strong>Pr\u00e4zisionsgetriebedesign<\/strong><br \/>\nDank der pr\u00e4zisen Zahnr\u00e4der sorgt das FMP-RC61 f\u00fcr eine gleichm\u00e4\u00dfige und gleichm\u00e4\u00dfige Kraft\u00fcbertragung. Diese Pr\u00e4zision reduziert den Verschlei\u00df, minimiert Vibrationen und verl\u00e4ngert die Lebensdauer des Getriebes.<\/li>\n<li><strong>Verbesserte Energieeffizienz<\/strong><br \/>\nDer FMP-RC61 ist auf maximale Effizienz ausgelegt und minimiert den Energieverlust bei der Kraft\u00fcbertragung. Das effiziente Design senkt den Kraftstoffverbrauch, reduziert die Motorbelastung und sorgt f\u00fcr optimale M\u00e4hleistung.<\/li>\n<li><strong>Kompakt und platzsparend<\/strong><br \/>\nTrotz seiner Hochleistungsf\u00e4higkeiten verf\u00fcgt der FMP-RC61 \u00fcber eine kompakte, platzsparende Struktur, die eine einfache Integration in verschiedene Rasenm\u00e4hersysteme ohne Leistungseinbu\u00dfen erm\u00f6glicht.<\/li>\n<li><strong>Geringer Wartungsaufwand<\/strong><br \/>\nDer FMP-RC61 ist auf minimalen Wartungsaufwand ausgelegt und verf\u00fcgt \u00fcber selbstschmierende Komponenten und langlebige Dichtungen, die den Bedarf an h\u00e4ufigen Wartungsarbeiten reduzieren und einen kontinuierlichen Betrieb mit minimalen Ausfallzeiten gew\u00e4hrleisten.<\/li>\n<li><strong>Vielseitige Kompatibilit\u00e4t<\/strong><br \/>\nDer FMP-RC61 ist mit einer Vielzahl landwirtschaftlicher Rasenm\u00e4her kompatibel und bietet Vielseitigkeit f\u00fcr unterschiedliche Anwendungen. Er kann an spezifische Maschinenkonfigurationen und Kundenanforderungen angepasst werden.<\/li>\n<\/ol>\n<p>Das FMP-RC61 Rasenm\u00e4hergetriebe ist eine leistungsstarke, zuverl\u00e4ssige und langlebige L\u00f6sung f\u00fcr anspruchsvolle landwirtschaftliche und industrielle M\u00e4hanwendungen. Seine innovativen Funktionen sorgen f\u00fcr optimale Effizienz, lange Lebensdauer und niedrige Betriebskosten.<\/p>\n<p><img loading=\"lazy\" decoding=\"async\" class=\"alignnone size-full wp-image-1994\" src=\"https:\/\/fmp-components.com\/wp-content\/uploads\/2024\/12\/Lawn-Mower-Gearbox-7.webp\" alt=\"Rasenm\u00e4her-Getriebe\" width=\"1502\" height=\"805\" title=\"\" srcset=\"https:\/\/fmp-components.com\/wp-content\/uploads\/2024\/12\/Lawn-Mower-Gearbox-7.webp 1502w, https:\/\/fmp-components.com\/wp-content\/uploads\/2024\/12\/Lawn-Mower-Gearbox-7-1280x686.webp 1280w, https:\/\/fmp-components.com\/wp-content\/uploads\/2024\/12\/Lawn-Mower-Gearbox-7-980x525.webp 980w, https:\/\/fmp-components.com\/wp-content\/uploads\/2024\/12\/Lawn-Mower-Gearbox-7-480x257.webp 480w\" sizes=\"(min-width: 0px) and (max-width: 480px) 480px, (min-width: 481px) and (max-width: 980px) 980px, (min-width: 981px) and (max-width: 1280px) 1280px, (min-width: 1281px) 1502px, 100vw\" \/><\/p>\n<h3>\u00dcber FMP<\/h3>\n<p>FMP mit Sitz in Italien ist ein f\u00fchrender Hersteller, der f\u00fcr seine leistungsstarken, ma\u00dfgeschneiderten Landmaschinengetriebe bekannt ist. Dank unseres hervorragenden Rufs f\u00fcr Pr\u00e4zisionstechnik, Innovation und Zuverl\u00e4ssigkeit bieten wir ein umfassendes Getriebesortiment, darunter spezielle Rasenm\u00e4hergetriebe und wichtige Komponenten wie Zapfwellen. Unser Ziel ist es, ma\u00dfgeschneiderte L\u00f6sungen zu liefern, die perfekt auf die individuellen Anforderungen der Landwirtschaft und Industrie abgestimmt sind \u2013 ob als eigenst\u00e4ndige Produkte oder integrierte Systeme.<\/p>\n<p>Da jeder Kunde individuelle Bed\u00fcrfnisse hat, sind wir darauf spezialisiert, unsere Produkte individuell anzupassen. Ob Sie ein ma\u00dfgeschneidertes Getriebe oder ein komplettes System ben\u00f6tigen, arbeiten wir eng mit Ihnen zusammen, um effiziente und effektive L\u00f6sungen zu entwickeln. Unsere schnellen, professionellen Antworten und unsere kompetente Beratung gew\u00e4hrleisten, dass jede Anfrage mit gr\u00f6\u00dfter Sorgfalt und Genauigkeit bearbeitet wird.<\/p>\n<p>Bei FMP legen wir gro\u00dfen Wert auf transparente Kommunikation und Zusammenarbeit, insbesondere bei der Konzeption und Entwicklung neuer Produkte. Wir arbeiten Hand in Hand mit unseren Kunden, um ihre Herausforderungen genau zu verstehen und Erkenntnisse zu liefern, die zu optimalen, innovativen L\u00f6sungen f\u00fchren. Unser Engagement, hochwertige, pr\u00e4zisionsgefertigte Produkte p\u00fcnktlich und gem\u00e4\u00df den Kundenerwartungen zu liefern, steht im Mittelpunkt unseres Handelns.<\/p>\n<p>Qualit\u00e4t ist der Grundstein der Gesch\u00e4ftst\u00e4tigkeit von FMP. Unsere Fertigungsprozesse unterliegen h\u00f6chsten Standards und gew\u00e4hrleisten eine einwandfreie Ausf\u00fchrung und fehlerfreie Produktion. Strenge Qualit\u00e4tskontrollen stellen sicher, dass jedes Produkt die Branchenstandards erf\u00fcllt oder \u00fcbertrifft. Dieses unersch\u00fctterliche Engagement f\u00fcr Qualit\u00e4t, gepaart mit unseren Grundwerten Integrit\u00e4t, Teamwork und Beharrlichkeit, hat uns geholfen, dauerhafte Beziehungen zu Kunden in \u00fcber 30 L\u00e4ndern aufzubauen.<\/p>\n<p>FMP ist stets offen f\u00fcr globale Partnerschaften und bietet kompetente Beratung und individuelle L\u00f6sungen. Unser Ansatz besteht nicht nur darin, Produkte zu liefern, sondern langfristige Partnerschaften aufzubauen, die zum gemeinsamen Erfolg f\u00fchren. Ob Sie innovative L\u00f6sungen oder fortlaufende Unterst\u00fctzung f\u00fcr bestehende Systeme suchen \u2013 FMP ist bestrebt, Ihre technischen Herausforderungen zu l\u00f6sen und Ihren anhaltenden Erfolg sicherzustellen.<\/p>\n<p><img loading=\"lazy\" decoding=\"async\" class=\"alignnone size-full wp-image-1861\" src=\"https:\/\/fmp-components.com\/wp-content\/uploads\/2024\/12\/Other-Agricultural-Gearboxes.webp\" sizes=\"(min-width: 0px) and (max-width: 480px) 480px, (min-width: 481px) and (max-width: 980px) 980px, (min-width: 981px) 1200px, 100vw\" srcset=\"https:\/\/fmp-components.com\/wp-content\/uploads\/2024\/12\/Other-Agricultural-Gearboxes.webp 1200w, https:\/\/fmp-components.com\/wp-content\/uploads\/2024\/12\/Other-Agricultural-Gearboxes-980x1143.webp 980w, https:\/\/fmp-components.com\/wp-content\/uploads\/2024\/12\/Other-Agricultural-Gearboxes-480x560.webp 480w\" alt=\"Altri-cambi-agricoli\" width=\"1200\" height=\"1400\" title=\"\"><\/p>\n<p>Autor: CX<\/p>","protected":false},"excerpt":{"rendered":"<p>Agricultural Lawn Mower Gearbox FMP-RC61 Specification ITEM FMP-RC61 Ratio 1:1.46\/1:1.93 Teeth 19\/13 27\/14 Module \u00a07.0\u00a0\/5.5 Power(HP) 60 Rated Input 540rpm Input\/Output Description 1-3\/8 Z6 Taper spline Weight(N.W) 36.5KG Features of Agricultural Lawn Mower Gearbox FMP-RC61 The FMP-RC61 Agricultural Lawn Mower Gearbox is engineered to provide outstanding performance, durability, and reliability in demanding agricultural environments. Designed [&hellip;]<\/p>","protected":false},"featured_media":2030,"comment_status":"open","ping_status":"closed","template":"","meta":{"_et_pb_use_builder":"","_et_pb_old_content":"","_et_gb_content_width":""},"product_brand":[],"product_cat":[52],"product_tag":[],"class_list":{"0":"post-2028","1":"product","2":"type-product","3":"status-publish","4":"has-post-thumbnail","6":"product_cat-lawn-mower-gearbox","8":"first","9":"instock","10":"shipping-taxable","11":"product-type-simple"},"_links":{"self":[{"href":"https:\/\/fmp-components.com\/de\/wp-json\/wp\/v2\/product\/2028","targetHints":{"allow":["GET"]}}],"collection":[{"href":"https:\/\/fmp-components.com\/de\/wp-json\/wp\/v2\/product"}],"about":[{"href":"https:\/\/fmp-components.com\/de\/wp-json\/wp\/v2\/types\/product"}],"replies":[{"embeddable":true,"href":"https:\/\/fmp-components.com\/de\/wp-json\/wp\/v2\/comments?post=2028"}],"wp:featuredmedia":[{"embeddable":true,"href":"https:\/\/fmp-components.com\/de\/wp-json\/wp\/v2\/media\/2030"}],"wp:attachment":[{"href":"https:\/\/fmp-components.com\/de\/wp-json\/wp\/v2\/media?parent=2028"}],"wp:term":[{"taxonomy":"product_brand","embeddable":true,"href":"https:\/\/fmp-components.com\/de\/wp-json\/wp\/v2\/product_brand?post=2028"},{"taxonomy":"product_cat","embeddable":true,"href":"https:\/\/fmp-components.com\/de\/wp-json\/wp\/v2\/product_cat?post=2028"},{"taxonomy":"product_tag","embeddable":true,"href":"https:\/\/fmp-components.com\/de\/wp-json\/wp\/v2\/product_tag?post=2028"}],"curies":[{"name":"wp","href":"https:\/\/api.w.org\/{rel}","templated":true}]}}