{"id":2021,"date":"2024-12-27T01:29:14","date_gmt":"2024-12-27T01:29:14","guid":{"rendered":"https:\/\/fmp-components.com\/?page_id=8"},"modified":"2024-12-27T01:42:20","modified_gmt":"2024-12-27T01:42:20","slug":"agricultural-lawn-mower-gearbox-fmp-rc51","status":"publish","type":"product","link":"https:\/\/fmp-components.com\/de\/product\/agricultural-lawn-mower-gearbox-fmp-rc51\/","title":{"rendered":"Landwirtschaftliches Rasenm\u00e4hergetriebe FMP-RC51"},"content":{"rendered":"<h2>Spezifikation<\/h2>\n<table style=\"width: 96.2203%; height: 596px;\" border=\"1\" width=\"100%\" cellspacing=\"0\" cellpadding=\"0\">\n<tbody>\n<tr>\n<td width=\"110\"><img loading=\"lazy\" decoding=\"async\" class=\"alignnone size-full wp-image-2025\" src=\"https:\/\/fmp-components.com\/wp-content\/uploads\/2024\/12\/fmp_agricultural-gearbox-HC-RC51-2.webp\" alt=\"fmp_landwirtschaftliches-getriebe-HC-RC51-2\" width=\"404\" height=\"547\" title=\"\" srcset=\"https:\/\/fmp-components.com\/wp-content\/uploads\/2024\/12\/fmp_agricultural-gearbox-HC-RC51-2.webp 404w, https:\/\/fmp-components.com\/wp-content\/uploads\/2024\/12\/fmp_agricultural-gearbox-HC-RC51-2-222x300.webp 222w, https:\/\/fmp-components.com\/wp-content\/uploads\/2024\/12\/fmp_agricultural-gearbox-HC-RC51-2-9x12.webp 9w\" sizes=\"(max-width: 404px) 100vw, 404px\" \/><\/td>\n<td width=\"98\"><img loading=\"lazy\" decoding=\"async\" class=\"alignnone size-full wp-image-2026\" src=\"https:\/\/fmp-components.com\/wp-content\/uploads\/2024\/12\/fmp_agricultural-gearbox-HC-RC51.webp\" alt=\"fmp_landwirtschaftliches-getriebe-HC-RC51-2\" width=\"400\" height=\"400\" title=\"\" srcset=\"https:\/\/fmp-components.com\/wp-content\/uploads\/2024\/12\/fmp_agricultural-gearbox-HC-RC51.webp 400w, https:\/\/fmp-components.com\/wp-content\/uploads\/2024\/12\/fmp_agricultural-gearbox-HC-RC51-300x300.webp 300w, https:\/\/fmp-components.com\/wp-content\/uploads\/2024\/12\/fmp_agricultural-gearbox-HC-RC51-150x150.webp 150w, https:\/\/fmp-components.com\/wp-content\/uploads\/2024\/12\/fmp_agricultural-gearbox-HC-RC51-12x12.webp 12w, https:\/\/fmp-components.com\/wp-content\/uploads\/2024\/12\/fmp_agricultural-gearbox-HC-RC51-100x100.webp 100w\" sizes=\"(max-width: 400px) 100vw, 400px\" \/><\/td>\n<\/tr>\n<\/tbody>\n<\/table>\n<p>&nbsp;<\/p>\n<table style=\"width: 100.19%; height: 241px;\" border=\"1\">\n<tbody>\n<tr>\n<td style=\"width: 36.3538%;\"><strong>ARTIKEL<\/strong><\/td>\n<td style=\"width: 62.9989%;\">FMP-rc51<\/td>\n<\/tr>\n<tr>\n<td style=\"width: 36.3538%;\"><strong>Verh\u00e4ltnis<\/strong><\/td>\n<td style=\"width: 62.9989%;\">1:1.47\/1:1.93<\/td>\n<\/tr>\n<tr>\n<td style=\"width: 36.3538%;\"><strong>Z\u00e4hne<\/strong><\/td>\n<td style=\"width: 62.9989%;\">22\/15 29\/15<\/td>\n<\/tr>\n<tr>\n<td style=\"width: 36.3538%;\"><strong>Modul<\/strong><\/td>\n<td style=\"width: 62.9989%;\">\u00a05.08 \/4.0<\/td>\n<\/tr>\n<tr>\n<td style=\"width: 36.3538%;\"><strong>Leistung (PS)<\/strong><\/td>\n<td style=\"width: 62.9989%;\">30<\/td>\n<\/tr>\n<tr>\n<td style=\"width: 36.3538%;\"><strong>Nenneingangsleistung<\/strong><\/td>\n<td style=\"width: 62.9989%;\">540 U\/min<\/td>\n<\/tr>\n<tr>\n<td style=\"width: 36.3538%;\"><strong>Eingang\/Ausgang Beschreibung<\/strong><\/td>\n<td style=\"width: 62.9989%;\">\u00a0Keilwellenverzahnung\/Kegelwellenverzahnung<\/td>\n<\/tr>\n<tr>\n<td style=\"width: 36.3538%;\"><strong>Gewicht (NW)<\/strong><\/td>\n<td style=\"width: 62.9989%;\">29 kg<\/td>\n<\/tr>\n<\/tbody>\n<\/table>\n<h2>Merkmale des landwirtschaftlichen Rasenm\u00e4hergetriebes FMP-RC51<\/h2>\n<p>Das Rasenm\u00e4hergetriebe FMP-RC51 ist auf hohe Leistung, Zuverl\u00e4ssigkeit und Langlebigkeit ausgelegt und somit die ideale L\u00f6sung f\u00fcr Rasenm\u00e4heranwendungen. Zu den wichtigsten Merkmalen des FMP-RC51 geh\u00f6ren:<\/p>\n<ol>\n<li><strong>Robustes Design<\/strong><br \/>\nDas aus hochwertigen Materialien gefertigte FMP-RC51-Getriebe bietet au\u00dfergew\u00f6hnliche St\u00e4rke und Belastbarkeit und stellt sicher, dass es den harten Anforderungen landwirtschaftlicher Umgebungen standh\u00e4lt.<\/li>\n<li><strong>Pr\u00e4zisionstechnik<\/strong><br \/>\nDas FMP-RC51 zeichnet sich durch seine Pr\u00e4zisionsbearbeitung aus, die einen reibungslosen Betrieb und eine optimale Kraft\u00fcbertragung gew\u00e4hrleistet. Diese Konstruktion minimiert den Verschlei\u00df und erh\u00f6ht die Langlebigkeit und Effizienz des Getriebes.<\/li>\n<li><strong>Hohe Drehmomentkapazit\u00e4t<\/strong><br \/>\nDer FMP-RC51 ist f\u00fcr hohe Drehmomentbelastungen ausgelegt und bietet unter schwierigen M\u00e4hbedingungen eine hervorragende Leistung, sodass auch in schwierigem Gel\u00e4nde ein zuverl\u00e4ssiger Betrieb gew\u00e4hrleistet ist.<\/li>\n<li><strong>Effiziente Kraft\u00fcbertragung<\/strong><br \/>\nDank seines hocheffizienten Getriebedesigns sorgt der FMP-RC51 f\u00fcr minimalen Energieverlust und maximale Leistungsabgabe. Dies erm\u00f6glicht einen reibungslosen Betrieb, reduziert die Motorbelastung und erh\u00f6ht die Kraftstoffeffizienz.<\/li>\n<li><strong>Kompakt und leicht<\/strong><br \/>\nDas Getriebe ist kompakt und leicht konstruiert, sodass es sich einfach installieren und in verschiedene Rasenm\u00e4hersysteme integrieren l\u00e4sst, ohne unn\u00f6tiges Gewicht hinzuzuf\u00fcgen.<\/li>\n<li><strong>Geringer Wartungsaufwand<\/strong><br \/>\nDas FMP-RC51-Getriebe ist wartungsarm konzipiert und verf\u00fcgt \u00fcber selbstschmierende Komponenten, die den Bedarf an h\u00e4ufigen Wartungen reduzieren, die Produktivit\u00e4t steigern und Ausfallzeiten minimieren.<\/li>\n<li><strong>Vielseitige Kompatibilit\u00e4t<\/strong><br \/>\nDer FMP-RC51 ist mit einer Vielzahl von Rasenm\u00e4hern kompatibel und somit vielseitig einsetzbar f\u00fcr verschiedene Anwendungen in der Landwirtschaft. Er l\u00e4sst sich problemlos an spezifische Maschinenanforderungen anpassen.<\/li>\n<\/ol>\n<p>Diese Eigenschaften machen das FMP-RC51-Getriebe f\u00fcr landwirtschaftliche Rasenm\u00e4her zu einer zuverl\u00e4ssigen, effizienten und langlebigen Wahl f\u00fcr landwirtschaftliche Maschinen und bieten au\u00dfergew\u00f6hnliche Leistung und Langlebigkeit f\u00fcr Rasenm\u00e4harbeiten.<\/p>\n<div class=\"flex-shrink-0 flex flex-col relative items-end\">\n<div>\n<div class=\"pt-0\">\n<div class=\"gizmo-bot-avatar flex h-8 w-8 items-center justify-center overflow-hidden rounded-full\">\n<div class=\"relative p-1 rounded-sm flex items-center justify-center bg-token-main-surface-primary text-token-text-primary h-8 w-8\"><img loading=\"lazy\" decoding=\"async\" class=\"alignnone size-full wp-image-1994\" src=\"https:\/\/fmp-components.com\/wp-content\/uploads\/2024\/12\/Lawn-Mower-Gearbox-7.webp\" alt=\"Rasenm\u00e4her-Getriebe\" width=\"1502\" height=\"805\" title=\"\" srcset=\"https:\/\/fmp-components.com\/wp-content\/uploads\/2024\/12\/Lawn-Mower-Gearbox-7.webp 1502w, https:\/\/fmp-components.com\/wp-content\/uploads\/2024\/12\/Lawn-Mower-Gearbox-7-1280x686.webp 1280w, https:\/\/fmp-components.com\/wp-content\/uploads\/2024\/12\/Lawn-Mower-Gearbox-7-980x525.webp 980w, https:\/\/fmp-components.com\/wp-content\/uploads\/2024\/12\/Lawn-Mower-Gearbox-7-480x257.webp 480w\" sizes=\"(min-width: 0px) and (max-width: 480px) 480px, (min-width: 481px) and (max-width: 980px) 980px, (min-width: 981px) and (max-width: 1280px) 1280px, (min-width: 1281px) 1502px, 100vw\" \/><\/div>\n<\/div>\n<\/div>\n<\/div>\n<\/div>\n<div class=\"group\/conversation-turn relative flex w-full min-w-0 flex-col agent-turn\">\n<div class=\"flex-col gap-1 md:gap-3\">\n<div class=\"flex max-w-full flex-col flex-grow\">\n<div class=\"min-h-8 text-message flex w-full flex-col items-end gap-2 whitespace-normal break-words text-start [.text-message+&amp;]:mt-5\" dir=\"auto\" data-message-author-role=\"assistant\" data-message-id=\"f83c79da-cb0c-4da0-823f-20067c852903\" data-message-model-slug=\"gpt-4o\">\n<div class=\"flex w-full flex-col gap-1 empty:hidden first:pt-[3px]\">\n<div class=\"markdown prose w-full break-words dark:prose-invert light\">\n<h3>\u00dcber FMP<\/h3>\n<p>FMP mit Sitz in Italien ist ein f\u00fchrender Hersteller, der f\u00fcr seine leistungsstarken, ma\u00dfgeschneiderten Landmaschinengetriebe bekannt ist. Dank unseres hervorragenden Rufs f\u00fcr Pr\u00e4zisionstechnik, Innovation und Zuverl\u00e4ssigkeit bieten wir ein umfassendes Getriebesortiment, darunter spezielle Rasenm\u00e4hergetriebe und wichtige Komponenten wie Zapfwellen. Unser Ziel ist es, ma\u00dfgeschneiderte L\u00f6sungen zu liefern, die perfekt auf die individuellen Anforderungen der Landwirtschaft und Industrie abgestimmt sind \u2013 ob als eigenst\u00e4ndige Produkte oder integrierte Systeme.<\/p>\n<p>Da jeder Kunde individuelle Bed\u00fcrfnisse hat, sind wir darauf spezialisiert, unsere Produkte individuell anzupassen. Ob Sie ein ma\u00dfgeschneidertes Getriebe oder ein komplettes System ben\u00f6tigen, arbeiten wir eng mit Ihnen zusammen, um effiziente und effektive L\u00f6sungen zu entwickeln. Unsere schnellen, professionellen Antworten und unsere kompetente Beratung gew\u00e4hrleisten, dass jede Anfrage mit gr\u00f6\u00dfter Sorgfalt und Genauigkeit bearbeitet wird.<\/p>\n<p>Bei FMP legen wir gro\u00dfen Wert auf transparente Kommunikation und Zusammenarbeit, insbesondere bei der Konzeption und Entwicklung neuer Produkte. Wir arbeiten Hand in Hand mit unseren Kunden, um ihre Herausforderungen genau zu verstehen und Erkenntnisse zu liefern, die zu optimalen, innovativen L\u00f6sungen f\u00fchren. Unser Engagement, hochwertige, pr\u00e4zisionsgefertigte Produkte p\u00fcnktlich und gem\u00e4\u00df den Kundenerwartungen zu liefern, steht im Mittelpunkt unseres Handelns.<\/p>\n<p>Qualit\u00e4t ist der Grundstein der Gesch\u00e4ftst\u00e4tigkeit von FMP. Unsere Fertigungsprozesse unterliegen h\u00f6chsten Standards und gew\u00e4hrleisten eine einwandfreie Ausf\u00fchrung und fehlerfreie Produktion. Strenge Qualit\u00e4tskontrollen stellen sicher, dass jedes Produkt die Branchenstandards erf\u00fcllt oder \u00fcbertrifft. Dieses unersch\u00fctterliche Engagement f\u00fcr Qualit\u00e4t, gepaart mit unseren Grundwerten Integrit\u00e4t, Teamwork und Beharrlichkeit, hat uns geholfen, dauerhafte Beziehungen zu Kunden in \u00fcber 30 L\u00e4ndern aufzubauen.<\/p>\n<p>FMP ist stets offen f\u00fcr globale Partnerschaften und bietet kompetente Beratung und individuelle L\u00f6sungen. Unser Ansatz besteht nicht nur darin, Produkte zu liefern, sondern langfristige Partnerschaften aufzubauen, die zum gemeinsamen Erfolg f\u00fchren. Ob Sie innovative L\u00f6sungen oder fortlaufende Unterst\u00fctzung f\u00fcr bestehende Systeme suchen \u2013 FMP ist bestrebt, Ihre technischen Herausforderungen zu l\u00f6sen und Ihren anhaltenden Erfolg sicherzustellen.<\/p>\n<\/div>\n<\/div>\n<\/div>\n<\/div>\n<\/div>\n<\/div>\n<p><img loading=\"lazy\" decoding=\"async\" class=\"alignnone size-full wp-image-1861\" src=\"https:\/\/fmp-components.com\/wp-content\/uploads\/2024\/12\/Other-Agricultural-Gearboxes.webp\" sizes=\"(min-width: 0px) and (max-width: 480px) 480px, (min-width: 481px) and (max-width: 980px) 980px, (min-width: 981px) 1200px, 100vw\" srcset=\"https:\/\/fmp-components.com\/wp-content\/uploads\/2024\/12\/Other-Agricultural-Gearboxes.webp 1200w, https:\/\/fmp-components.com\/wp-content\/uploads\/2024\/12\/Other-Agricultural-Gearboxes-980x1143.webp 980w, https:\/\/fmp-components.com\/wp-content\/uploads\/2024\/12\/Other-Agricultural-Gearboxes-480x560.webp 480w\" alt=\"Altri-cambi-agricoli\" width=\"1200\" height=\"1400\" title=\"\"><\/p>\n<p>Autor: CX<\/p>","protected":false},"excerpt":{"rendered":"<p>Specification &nbsp; ITEM FMP-rc51 Ratio 1:1.47\/1:1.93 Teeth 22\/15 29\/15 Module \u00a05.08 \/4.0 Power(HP) 30 Rated Input 540rpm Input\/Output Description \u00a0Spline \/Taper spline Weight(N.W) 29KG Features of Agricultural Lawn Mower Gearbox FMP-RC51 The FMP-RC51 Agricultural Lawn Mower Gearbox is designed for high performance, reliability, and durability, making it the ideal solution for lawn mowing applications. Key [&hellip;]<\/p>","protected":false},"featured_media":2026,"comment_status":"open","ping_status":"closed","template":"","meta":{"_et_pb_use_builder":"","_et_pb_old_content":"","_et_gb_content_width":""},"product_brand":[],"product_cat":[52],"product_tag":[],"class_list":{"0":"post-2021","1":"product","2":"type-product","3":"status-publish","4":"has-post-thumbnail","6":"product_cat-lawn-mower-gearbox","8":"first","9":"instock","10":"shipping-taxable","11":"product-type-simple"},"_links":{"self":[{"href":"https:\/\/fmp-components.com\/de\/wp-json\/wp\/v2\/product\/2021","targetHints":{"allow":["GET"]}}],"collection":[{"href":"https:\/\/fmp-components.com\/de\/wp-json\/wp\/v2\/product"}],"about":[{"href":"https:\/\/fmp-components.com\/de\/wp-json\/wp\/v2\/types\/product"}],"replies":[{"embeddable":true,"href":"https:\/\/fmp-components.com\/de\/wp-json\/wp\/v2\/comments?post=2021"}],"wp:featuredmedia":[{"embeddable":true,"href":"https:\/\/fmp-components.com\/de\/wp-json\/wp\/v2\/media\/2026"}],"wp:attachment":[{"href":"https:\/\/fmp-components.com\/de\/wp-json\/wp\/v2\/media?parent=2021"}],"wp:term":[{"taxonomy":"product_brand","embeddable":true,"href":"https:\/\/fmp-components.com\/de\/wp-json\/wp\/v2\/product_brand?post=2021"},{"taxonomy":"product_cat","embeddable":true,"href":"https:\/\/fmp-components.com\/de\/wp-json\/wp\/v2\/product_cat?post=2021"},{"taxonomy":"product_tag","embeddable":true,"href":"https:\/\/fmp-components.com\/de\/wp-json\/wp\/v2\/product_tag?post=2021"}],"curies":[{"name":"wp","href":"https:\/\/api.w.org\/{rel}","templated":true}]}}