{"id":2020,"date":"2024-12-27T01:24:26","date_gmt":"2024-12-27T01:24:26","guid":{"rendered":"https:\/\/fmp-components.com\/?page_id=8"},"modified":"2024-12-27T01:37:57","modified_gmt":"2024-12-27T01:37:57","slug":"agricultural-lawn-mower-gearbox-fmp-rc31-193-fmp-rc31-147","status":"publish","type":"product","link":"https:\/\/fmp-components.com\/de\/product\/agricultural-lawn-mower-gearbox-fmp-rc31-193-fmp-rc31-147\/","title":{"rendered":"Landwirtschaftliches Rasenm\u00e4hergetriebe FMP-RC31-193 FMP-RC31-147"},"content":{"rendered":"<h2>Spezifikation<\/h2>\n<table style=\"width: 96.2203%; height: 596px;\" border=\"1\" width=\"100%\" cellspacing=\"0\" cellpadding=\"0\">\n<tbody>\n<tr>\n<td width=\"110\">\u00a0<img loading=\"lazy\" decoding=\"async\" class=\"alignnone size-full wp-image-2024\" src=\"https:\/\/fmp-components.com\/wp-content\/uploads\/2024\/12\/fmp_agricultural-gearbox-HC-RC31-2.webp\" alt=\"fmp_landwirtschaftliches-getriebe-HC-RC31\" width=\"460\" height=\"559\" title=\"\" srcset=\"https:\/\/fmp-components.com\/wp-content\/uploads\/2024\/12\/fmp_agricultural-gearbox-HC-RC31-2.webp 460w, https:\/\/fmp-components.com\/wp-content\/uploads\/2024\/12\/fmp_agricultural-gearbox-HC-RC31-2-247x300.webp 247w, https:\/\/fmp-components.com\/wp-content\/uploads\/2024\/12\/fmp_agricultural-gearbox-HC-RC31-2-10x12.webp 10w\" sizes=\"(max-width: 460px) 100vw, 460px\" \/><\/td>\n<td width=\"98\"><img loading=\"lazy\" decoding=\"async\" class=\"alignnone size-full wp-image-2023\" src=\"https:\/\/fmp-components.com\/wp-content\/uploads\/2024\/12\/fmp_agricultural-gearbox-HC-RC31.webp\" alt=\"fmp_landwirtschaftliches-getriebe-HC-RC31\" width=\"400\" height=\"400\" title=\"\" srcset=\"https:\/\/fmp-components.com\/wp-content\/uploads\/2024\/12\/fmp_agricultural-gearbox-HC-RC31.webp 400w, https:\/\/fmp-components.com\/wp-content\/uploads\/2024\/12\/fmp_agricultural-gearbox-HC-RC31-300x300.webp 300w, https:\/\/fmp-components.com\/wp-content\/uploads\/2024\/12\/fmp_agricultural-gearbox-HC-RC31-150x150.webp 150w, https:\/\/fmp-components.com\/wp-content\/uploads\/2024\/12\/fmp_agricultural-gearbox-HC-RC31-12x12.webp 12w, https:\/\/fmp-components.com\/wp-content\/uploads\/2024\/12\/fmp_agricultural-gearbox-HC-RC31-100x100.webp 100w\" sizes=\"(max-width: 400px) 100vw, 400px\" \/><\/td>\n<\/tr>\n<\/tbody>\n<\/table>\n<p>&nbsp;<\/p>\n<table style=\"width: 99.0815%; height: 208px;\" border=\"1\" cellspacing=\"0\" cellpadding=\"0\">\n<tbody>\n<tr>\n<td><strong>ARTIKEL<\/strong><\/td>\n<td>Rasenm\u00e4hergetriebe FMP-RC30-193<\/td>\n<\/tr>\n<tr>\n<td><strong>Verh\u00e4ltnis<\/strong><\/td>\n<td>1:1.93<\/td>\n<\/tr>\n<tr>\n<td><strong>Z\u00e4hne<\/strong><\/td>\n<td>15\/29<\/td>\n<\/tr>\n<tr>\n<td><strong>Modul<\/strong><\/td>\n<td>4.0<\/td>\n<\/tr>\n<tr>\n<td><strong>Leistung (PS)<\/strong><\/td>\n<td>30<\/td>\n<\/tr>\n<tr>\n<td><strong>Nenneingangsleistung<\/strong><\/td>\n<td>540 U\/min<\/td>\n<\/tr>\n<tr>\n<td><strong>Eingang\/Ausgang Beschreibung<\/strong><\/td>\n<td>1-3\/8 Z6\u03c631.75 Optische Achse<\/td>\n<\/tr>\n<tr>\n<td><strong>Gewicht (NW)<\/strong><\/td>\n<td>24,5 kg<\/td>\n<\/tr>\n<\/tbody>\n<\/table>\n<h2>Landwirtschaftliches Rasenm\u00e4hergetriebe FMP-RC31-193 &amp; FMP-RC31-147<\/h2>\n<p>FMP bietet eine Reihe leistungsstarker Rasenm\u00e4hergetriebe f\u00fcr die Landwirtschaft an, die den Anforderungen verschiedener Rasenpflegeanwendungen gerecht werden. Zu unseren herausragenden Modellen z\u00e4hlen das FMP-RC31-193 und das FMP-RC31-147, die sich durch herausragende Zuverl\u00e4ssigkeit, Langlebigkeit und Effizienz auszeichnen. Beide Modelle sind auf optimale Leistung f\u00fcr eine Vielzahl von Land- und Industriemaschinen ausgelegt und gew\u00e4hrleisten einen reibungslosen Betrieb und hohe Produktivit\u00e4t.<\/p>\n<h3>Hauptmerkmale von FMP-RC31-193 und FMP-RC31-147:<\/h3>\n<ol>\n<li><strong>Hohe Effizienz und Drehmoment\u00fcbertragung<\/strong>:\n<ul>\n<li>Beide Getriebe sind auf ein starkes Drehmoment und hohe Effizienz ausgelegt und sorgen daf\u00fcr, dass Ihr Rasenm\u00e4her oder Ihre Landmaschine mit H\u00f6chstleistung arbeitet.<\/li>\n<\/ul>\n<\/li>\n<li><strong>Haltbarkeit<\/strong>:\n<ul>\n<li>Die Modelle FMP-RC31-193 und FMP-RC31-147 werden aus hochwertigen Materialien und mit modernster Technik gefertigt und sind so konstruiert, dass sie rauen Arbeitsbedingungen und l\u00e4ngerer Nutzung standhalten und eine lange Lebensdauer bieten.<\/li>\n<\/ul>\n<\/li>\n<li><strong>Pr\u00e4zisionstechnik<\/strong>:\n<ul>\n<li>Diese Modelle werden mit h\u00f6chster Pr\u00e4zision gefertigt, um minimales Spiel und Ger\u00e4usche zu gew\u00e4hrleisten und so einen reibungslosen Betrieb Ihres Rasenm\u00e4hers oder anderer landwirtschaftlicher Ger\u00e4te zu gew\u00e4hrleisten.<\/li>\n<\/ul>\n<\/li>\n<li><strong>Vielseitigkeit<\/strong>:\n<ul>\n<li>Die Getriebe FMP-RC31-193 und FMP-RC31-147 lassen sich problemlos in eine Vielzahl von Landmaschinen integrieren und bieten Flexibilit\u00e4t bei Installation und Einsatz. Beide Modelle sind an unterschiedliche Leistungsanforderungen anpassbar.<\/li>\n<\/ul>\n<\/li>\n<li><strong>Geringer Wartungsaufwand<\/strong>:\n<ul>\n<li>Beide Getriebe sind auf minimalen Verschlei\u00df ausgelegt und erfordern weniger h\u00e4ufige Wartung, wodurch Ausfallzeiten reduziert und die Betriebseffizienz verbessert werden.<\/li>\n<\/ul>\n<\/li>\n<li><strong>Leiser Betrieb<\/strong>:\n<ul>\n<li>Dank fortschrittlicher Fertigung und hochwertiger Materialien sind sowohl die Getriebe FMP-RC31-193 als auch FMP-RC31-147 f\u00fcr einen leisen, reibungslosen Betrieb ausgelegt und reduzieren die Ger\u00e4uschentwicklung w\u00e4hrend des Betriebs.<\/li>\n<\/ul>\n<\/li>\n<\/ol>\n<p><img loading=\"lazy\" decoding=\"async\" class=\"alignnone size-full wp-image-2009\" src=\"https:\/\/fmp-components.com\/wp-content\/uploads\/2024\/12\/Lawn-Mower-Gearbox-Suppliers-6.webp\" alt=\"Rasenm\u00e4her-Getriebe\" width=\"1000\" height=\"445\" title=\"\" srcset=\"https:\/\/fmp-components.com\/wp-content\/uploads\/2024\/12\/Lawn-Mower-Gearbox-Suppliers-6.webp 1000w, https:\/\/fmp-components.com\/wp-content\/uploads\/2024\/12\/Lawn-Mower-Gearbox-Suppliers-6-980x436.webp 980w, https:\/\/fmp-components.com\/wp-content\/uploads\/2024\/12\/Lawn-Mower-Gearbox-Suppliers-6-480x214.webp 480w\" sizes=\"(min-width: 0px) and (max-width: 480px) 480px, (min-width: 481px) and (max-width: 980px) 980px, (min-width: 981px) 1000px, 100vw\" \/><\/p>\n<h3>Anwendungen:<\/h3>\n<p>FMP-RC31-193 und FMP-RC31-147 eignen sich ideal f\u00fcr den Einsatz in:<\/p>\n<ul>\n<li><strong>Kreiselm\u00e4her<\/strong><\/li>\n<li><strong>Rasenpflegeger\u00e4te<\/strong><\/li>\n<li><strong>Landmaschinen<\/strong><\/li>\n<li><strong>Rollschneider und Schlitzer<\/strong><\/li>\n<li><strong>Feldm\u00e4hsysteme<\/strong><\/li>\n<\/ul>\n<h3>Warum FMP-RC31-193 und FMP-RC31-147 w\u00e4hlen?<\/h3>\n<p>Die Getriebe von FMP sind auf die spezifischen Anforderungen landwirtschaftlicher Maschinen zugeschnitten und vereinen Robustheit, Pr\u00e4zision und Zuverl\u00e4ssigkeit. Ob Sie ein Ersatzteil ben\u00f6tigen oder ein neues System entwickeln, diese Modelle bieten eine effiziente und langlebige L\u00f6sung f\u00fcr Ihre landwirtschaftlichen Anforderungen.<\/p>\n<p>FMP ist sich bewusst, dass jede Anwendung einzigartig ist. Daher bieten wir kundenspezifische Anpassungsm\u00f6glichkeiten f\u00fcr spezifische Betriebsanforderungen. Ob Sie ein ma\u00dfgeschneidertes Leistungsaufnahme-\/-abgabeverh\u00e4ltnis oder spezielle Montagekonfigurationen ben\u00f6tigen, wir helfen Ihnen, die perfekte L\u00f6sung f\u00fcr Ihre Anforderungen zu entwickeln.<\/p>\n<p>F\u00fcr weitere Informationen oder ein Angebot wenden Sie sich bitte an unser Team bei FMP. Wir bieten Ihnen Getriebe h\u00f6chster Qualit\u00e4t und au\u00dfergew\u00f6hnlichen Service, um alle Ihre Anforderungen an Landmaschinen zu erf\u00fcllen.<\/p>\n<p><img loading=\"lazy\" decoding=\"async\" class=\"alignnone size-full wp-image-1994\" src=\"https:\/\/fmp-components.com\/wp-content\/uploads\/2024\/12\/Lawn-Mower-Gearbox-7.webp\" alt=\"Rasenm\u00e4her-Getriebe\" width=\"1502\" height=\"805\" title=\"\" srcset=\"https:\/\/fmp-components.com\/wp-content\/uploads\/2024\/12\/Lawn-Mower-Gearbox-7.webp 1502w, https:\/\/fmp-components.com\/wp-content\/uploads\/2024\/12\/Lawn-Mower-Gearbox-7-1280x686.webp 1280w, https:\/\/fmp-components.com\/wp-content\/uploads\/2024\/12\/Lawn-Mower-Gearbox-7-980x525.webp 980w, https:\/\/fmp-components.com\/wp-content\/uploads\/2024\/12\/Lawn-Mower-Gearbox-7-480x257.webp 480w\" sizes=\"(min-width: 0px) and (max-width: 480px) 480px, (min-width: 481px) and (max-width: 980px) 980px, (min-width: 981px) and (max-width: 1280px) 1280px, (min-width: 1281px) 1502px, 100vw\" \/><\/p>\n<h3>\u00dcber FMP<\/h3>\n<p>FMP mit Sitz in Italien ist ein f\u00fchrender Hersteller, der f\u00fcr seine Expertise in der Konstruktion, Entwicklung und Produktion von Hochleistungsgetrieben f\u00fcr Landmaschinen bekannt ist. Wir stehen f\u00fcr Pr\u00e4zisionstechnik, Innovation und Zuverl\u00e4ssigkeit. Unser Produktportfolio umfasst Rasenm\u00e4hergetriebe und Schl\u00fcsselkomponenten wie Zapfwellen und bietet ma\u00dfgeschneiderte L\u00f6sungen f\u00fcr die Landwirtschaft und Industrie. Ob Einzelkomponenten oder vollintegrierte Systeme \u2013 wir konzentrieren uns auf die individuellen Bed\u00fcrfnisse unserer Kunden.<\/p>\n<p>Wir bei FMP wissen, dass jeder Kunde spezifische Anforderungen hat. Deshalb sind wir auf ma\u00dfgeschneiderte L\u00f6sungen spezialisiert. Von Spezialgetrieben bis hin zu Komplettsystemen arbeiten wir eng mit unseren Kunden zusammen, um die effektivsten und effizientesten L\u00f6sungen zu gew\u00e4hrleisten. Unsere schnellen und professionellen Antworten sowie unsere kompetente Beratung garantieren, dass jede Anfrage mit Sorgfalt und Pr\u00e4zision bearbeitet wird.<\/p>\n<p>Wir legen Wert auf eine offene und kontinuierliche Kommunikation mit unseren Kunden, insbesondere bei der Entwicklung neuer Produkte. Unser Team arbeitet direkt mit den Kunden zusammen, um ihre Herausforderungen vollst\u00e4ndig zu verstehen und Erkenntnisse zu liefern, die zu optimalen L\u00f6sungen f\u00fchren. Ob wir neue Produkte entwickeln oder bestehende Auftr\u00e4ge erf\u00fcllen, wir sind bestrebt, hochwertige, pr\u00e4zisionsgefertigte Produkte termingerecht zu liefern.<\/p>\n<p>Qualit\u00e4t ist die Grundlage unseres Handelns bei FMP. Unsere Fertigungsprozesse erf\u00fcllen h\u00f6chste Genauigkeitsstandards und gew\u00e4hrleisten die Null-Fehler-Garantie. Wir implementieren strenge Qualit\u00e4tskontrollverfahren, um sicherzustellen, dass jedes Produkt die Industriestandards erf\u00fcllt oder \u00fcbertrifft. Dieses Engagement f\u00fcr Qualit\u00e4t, gepaart mit unseren Grundwerten Integrit\u00e4t, Teamwork und Beharrlichkeit, hat es uns erm\u00f6glicht, starke und dauerhafte Beziehungen zu Kunden in fast 30 L\u00e4ndern aufzubauen.<\/p>\n<p>FMP ist stets offen f\u00fcr globale Partnerschaften und bietet kompetente Beratung und ma\u00dfgeschneiderte L\u00f6sungen. Unser Ansatz geht \u00fcber die reine Produktlieferung hinaus \u2013 wir legen Wert auf langfristige Kundenbeziehungen und sichern deren Erfolg mit jedem Projekt. Ob Sie innovative L\u00f6sungen f\u00fcr ein neues Projekt oder Unterst\u00fctzung f\u00fcr ein bestehendes System ben\u00f6tigen \u2013 FMP k\u00fcmmert sich um Ihre technischen Herausforderungen und sichert Ihren anhaltenden Erfolg.<\/p>\n<p><img loading=\"lazy\" decoding=\"async\" class=\"alignnone size-full wp-image-1861\" src=\"https:\/\/fmp-components.com\/wp-content\/uploads\/2024\/12\/Other-Agricultural-Gearboxes.webp\" sizes=\"(min-width: 0px) and (max-width: 480px) 480px, (min-width: 481px) and (max-width: 980px) 980px, (min-width: 981px) 1200px, 100vw\" srcset=\"https:\/\/fmp-components.com\/wp-content\/uploads\/2024\/12\/Other-Agricultural-Gearboxes.webp 1200w, https:\/\/fmp-components.com\/wp-content\/uploads\/2024\/12\/Other-Agricultural-Gearboxes-980x1143.webp 980w, https:\/\/fmp-components.com\/wp-content\/uploads\/2024\/12\/Other-Agricultural-Gearboxes-480x560.webp 480w\" alt=\"Altri-cambi-agricoli\" width=\"1200\" height=\"1400\" title=\"\"><\/p>\n<p>Autor: CX<\/p>","protected":false},"excerpt":{"rendered":"<p>Specification \u00a0 &nbsp; ITEM Lawnmower Gearbox FMP-RC30-193 Ratio 1:1.93 Teeth 15\/29 Module 4.0 Power(HP) 30 Rated Input 540rpm Input\/Output Description 1-3\/8 Z6\u03c631.75 Optic axis Weight(N.W) 24.5KG Agricultural Lawn Mower Gearbox FMP-RC31-193 &amp; FMP-RC31-147 FMP offers a range of high-performance agricultural lawn mower gearboxes designed to meet the demands of various lawn maintenance applications. Among our [&hellip;]<\/p>","protected":false},"featured_media":2023,"comment_status":"open","ping_status":"closed","template":"","meta":{"_et_pb_use_builder":"","_et_pb_old_content":"","_et_gb_content_width":""},"product_brand":[],"product_cat":[52],"product_tag":[],"class_list":{"0":"post-2020","1":"product","2":"type-product","3":"status-publish","4":"has-post-thumbnail","6":"product_cat-lawn-mower-gearbox","8":"first","9":"instock","10":"shipping-taxable","11":"product-type-simple"},"_links":{"self":[{"href":"https:\/\/fmp-components.com\/de\/wp-json\/wp\/v2\/product\/2020","targetHints":{"allow":["GET"]}}],"collection":[{"href":"https:\/\/fmp-components.com\/de\/wp-json\/wp\/v2\/product"}],"about":[{"href":"https:\/\/fmp-components.com\/de\/wp-json\/wp\/v2\/types\/product"}],"replies":[{"embeddable":true,"href":"https:\/\/fmp-components.com\/de\/wp-json\/wp\/v2\/comments?post=2020"}],"wp:featuredmedia":[{"embeddable":true,"href":"https:\/\/fmp-components.com\/de\/wp-json\/wp\/v2\/media\/2023"}],"wp:attachment":[{"href":"https:\/\/fmp-components.com\/de\/wp-json\/wp\/v2\/media?parent=2020"}],"wp:term":[{"taxonomy":"product_brand","embeddable":true,"href":"https:\/\/fmp-components.com\/de\/wp-json\/wp\/v2\/product_brand?post=2020"},{"taxonomy":"product_cat","embeddable":true,"href":"https:\/\/fmp-components.com\/de\/wp-json\/wp\/v2\/product_cat?post=2020"},{"taxonomy":"product_tag","embeddable":true,"href":"https:\/\/fmp-components.com\/de\/wp-json\/wp\/v2\/product_tag?post=2020"}],"curies":[{"name":"wp","href":"https:\/\/api.w.org\/{rel}","templated":true}]}}