{"id":1993,"date":"2024-12-26T08:39:30","date_gmt":"2024-12-26T08:39:30","guid":{"rendered":"https:\/\/fmp-components.com\/?page_id=8"},"modified":"2024-12-26T08:43:04","modified_gmt":"2024-12-26T08:43:04","slug":"agricultural-lawn-mower-gearbox-fmp-966109","status":"publish","type":"product","link":"https:\/\/fmp-components.com\/de\/product\/agricultural-lawn-mower-gearbox-fmp-966109\/","title":{"rendered":"Landwirtschaftliches Rasenm\u00e4hergetriebe FMP-966109"},"content":{"rendered":"<h2>Spezifikation f\u00fcr das Getriebe FMP-966109 von Landwirtschaftsrasenm\u00e4hern<\/h2>\n<p><img loading=\"lazy\" decoding=\"async\" class=\"size-full wp-image-1997 alignleft\" src=\"https:\/\/fmp-components.com\/wp-content\/uploads\/2024\/12\/fmp_agricultural-gearbox-HC-GS4RC-2-1.webp\" alt=\"fmp_agricultural-gearbox-HC-GS4RC-2-1\" width=\"506\" height=\"640\" title=\"\" srcset=\"https:\/\/fmp-components.com\/wp-content\/uploads\/2024\/12\/fmp_agricultural-gearbox-HC-GS4RC-2-1.webp 506w, https:\/\/fmp-components.com\/wp-content\/uploads\/2024\/12\/fmp_agricultural-gearbox-HC-GS4RC-2-1-480x607.webp 480w\" sizes=\"(min-width: 0px) and (max-width: 480px) 480px, (min-width: 481px) 506px, 100vw\" \/><img loading=\"lazy\" decoding=\"async\" class=\"wp-image-1996 aligncenter\" src=\"https:\/\/fmp-components.com\/wp-content\/uploads\/2024\/12\/FMP_agricultural-gearbox-HC-966109.webp\" alt=\"FMP_landwirtschaftliches-getriebe-HC-966109\" width=\"383\" height=\"383\" title=\"\" srcset=\"https:\/\/fmp-components.com\/wp-content\/uploads\/2024\/12\/FMP_agricultural-gearbox-HC-966109.webp 400w, https:\/\/fmp-components.com\/wp-content\/uploads\/2024\/12\/FMP_agricultural-gearbox-HC-966109-300x300.webp 300w, https:\/\/fmp-components.com\/wp-content\/uploads\/2024\/12\/FMP_agricultural-gearbox-HC-966109-150x150.webp 150w, https:\/\/fmp-components.com\/wp-content\/uploads\/2024\/12\/FMP_agricultural-gearbox-HC-966109-12x12.webp 12w, https:\/\/fmp-components.com\/wp-content\/uploads\/2024\/12\/FMP_agricultural-gearbox-HC-966109-100x100.webp 100w\" sizes=\"(max-width: 383px) 100vw, 383px\" \/><\/p>\n<table style=\"width: 92.3941%; height: 221px;\" border=\"1\">\n<tbody>\n<tr>\n<td style=\"width: 31.5789%;\"><strong>ARTIKEL<\/strong><\/td>\n<td style=\"width: 67.7193%;\">FMP-966109<\/td>\n<\/tr>\n<tr>\n<td style=\"width: 31.5789%;\"><strong>Verh\u00e4ltnis<\/strong><\/td>\n<td style=\"width: 67.7193%;\">1:1.47\/1:1.93<\/td>\n<\/tr>\n<tr>\n<td style=\"width: 31.5789%;\"><strong>Z\u00e4hne<\/strong><\/td>\n<td style=\"width: 67.7193%;\">13\/19 14\/27<\/td>\n<\/tr>\n<tr>\n<td style=\"width: 31.5789%;\"><strong>Modul<\/strong><\/td>\n<td style=\"width: 67.7193%;\">\u00a07.0 \/5.5<\/td>\n<\/tr>\n<tr>\n<td style=\"width: 31.5789%;\"><strong>Leistung (PS)<\/strong><\/td>\n<td style=\"width: 67.7193%;\">60<\/td>\n<\/tr>\n<tr>\n<td style=\"width: 31.5789%;\"><strong>Nenneingangsleistung<\/strong><\/td>\n<td style=\"width: 67.7193%;\">540 U\/min<\/td>\n<\/tr>\n<tr>\n<td style=\"width: 31.5789%;\"><strong>Eingang\/Ausgang Beschreibung<\/strong><\/td>\n<td style=\"width: 67.7193%;\">\u00a01 3\/8 Z6\/1 3\/4 Z20 Optic ax1 Kegelkeil<\/td>\n<\/tr>\n<tr>\n<td style=\"width: 31.5789%;\"><strong>Gewicht (NW)<\/strong><\/td>\n<td style=\"width: 67.7193%;\">29 kg<\/td>\n<\/tr>\n<\/tbody>\n<\/table>\n<h2>Konstruktion von Getriebeteilen f\u00fcr Rasenm\u00e4her<\/h2>\n<p><img loading=\"lazy\" decoding=\"async\" class=\"alignnone size-full wp-image-1995\" src=\"https:\/\/fmp-components.com\/wp-content\/uploads\/2024\/12\/Lawn-Mower-Gearbox-Parts-Design.webp\" alt=\"Rasenm\u00e4her-Getriebe\" width=\"1000\" height=\"614\" title=\"\" srcset=\"https:\/\/fmp-components.com\/wp-content\/uploads\/2024\/12\/Lawn-Mower-Gearbox-Parts-Design.webp 1000w, https:\/\/fmp-components.com\/wp-content\/uploads\/2024\/12\/Lawn-Mower-Gearbox-Parts-Design-980x602.webp 980w, https:\/\/fmp-components.com\/wp-content\/uploads\/2024\/12\/Lawn-Mower-Gearbox-Parts-Design-480x295.webp 480w\" sizes=\"(min-width: 0px) and (max-width: 480px) 480px, (min-width: 481px) and (max-width: 980px) 980px, (min-width: 981px) 1000px, 100vw\" \/><\/p>\n<h3>Merkmale des Getriebes von Landwirtschaftsrasenm\u00e4hern<\/h3>\n<ol>\n<li><strong>Anpassbare \u00dcbersetzungsverh\u00e4ltnisse<\/strong>Wir bieten eine Vielzahl von \u00dcbersetzungsverh\u00e4ltnissen an, die auf Ihre spezifischen Bed\u00fcrfnisse zugeschnitten sind.<\/li>\n<li><strong>Professionelle Qualit\u00e4tskontrolle<\/strong>Unsere eigens daf\u00fcr eingerichtete Qualit\u00e4tskontrollabteilung verwendet fortschrittliche Pr\u00fcfger\u00e4te, um in jedem Getriebe pr\u00e4zise Abmessungen, minimales Spiel und niedrige Ger\u00e4uschpegel zu gew\u00e4hrleisten.<\/li>\n<li><strong>ODM- und OEM-F\u00e4higkeiten<\/strong>Unsere Technologieabteilung ist in der Lage, kundenspezifische Getriebe nach Ihren individuellen Anforderungen zu konstruieren und zu entwickeln. Wir bieten sowohl Original Design Manufacturer (ODM)- als auch Original Equipment Manufacturer (OEM)-Dienstleistungen an.<\/li>\n<li><strong>Garantiezeitraum<\/strong>Wir bieten eine Garantiezeit von 1,5 bis 2 Jahren, um die Langlebigkeit und Zuverl\u00e4ssigkeit unserer Produkte zu gew\u00e4hrleisten.<\/li>\n<li><strong>Umfangreiche Erfahrung<\/strong>Mit \u00fcber 20 Jahren Branchenerfahrung sind unsere Getriebe f\u00fcr ihre Sicherheit, Zuverl\u00e4ssigkeit, Wirtschaftlichkeit und Langlebigkeit bekannt.<\/li>\n<li><strong>Strenge Verpackungs- und Lieferkontrolle<\/strong>Alle unsere Mitarbeiter sind bestens geschult, um h\u00f6chste Qualit\u00e4tsstandards zu gew\u00e4hrleisten. Jedes Getriebe wird vor dem Versand einer 100%-Pr\u00fcfung unterzogen, um einwandfreie Funktion sicherzustellen.<\/li>\n<\/ol>\n<p>Wir sind bestrebt, Ihnen au\u00dfergew\u00f6hnliche Designs, professionelle Qualit\u00e4tskontrolle, wettbewerbsf\u00e4hige Preise und einen hervorragenden Kundenservice zu bieten, um Ihre Bed\u00fcrfnisse zu erf\u00fcllen.<\/p>\n<p><img loading=\"lazy\" decoding=\"async\" class=\"alignnone size-full wp-image-1994\" src=\"https:\/\/fmp-components.com\/wp-content\/uploads\/2024\/12\/Lawn-Mower-Gearbox-7.webp\" alt=\"Rasenm\u00e4her-Getriebe\" width=\"1502\" height=\"805\" title=\"\" srcset=\"https:\/\/fmp-components.com\/wp-content\/uploads\/2024\/12\/Lawn-Mower-Gearbox-7.webp 1502w, https:\/\/fmp-components.com\/wp-content\/uploads\/2024\/12\/Lawn-Mower-Gearbox-7-1280x686.webp 1280w, https:\/\/fmp-components.com\/wp-content\/uploads\/2024\/12\/Lawn-Mower-Gearbox-7-980x525.webp 980w, https:\/\/fmp-components.com\/wp-content\/uploads\/2024\/12\/Lawn-Mower-Gearbox-7-480x257.webp 480w\" sizes=\"(min-width: 0px) and (max-width: 480px) 480px, (min-width: 481px) and (max-width: 980px) 980px, (min-width: 981px) and (max-width: 1280px) 1280px, (min-width: 1281px) 1502px, 100vw\" \/><\/p>\n<h3>\u00dcber FMP<\/h3>\n<p>FMP mit Hauptsitz in Italien ist ein f\u00fchrender Hersteller von Hochleistungsgetrieben f\u00fcr Landmaschinen. Bekannt f\u00fcr Pr\u00e4zisionstechnik, Innovation und Zuverl\u00e4ssigkeit, bieten wir eine breite Palette an Getrieben, darunter auch Rasenm\u00e4hergetriebe, und wichtige Komponenten wie Zapfwellen. Unsere Mission ist es, ma\u00dfgeschneiderte L\u00f6sungen anzubieten, die den spezifischen Anforderungen der Landwirtschaft und Industrie gerecht werden \u2013 sei es durch Einzelprodukte oder integrierte Systeme.<\/p>\n<p>Wir wissen, dass jeder Kunde individuelle Anforderungen hat. Deshalb passen wir unsere Produkte individuell an Ihre Bed\u00fcrfnisse an. Ob Sie ein Spezialgetriebe oder ein komplettes System ben\u00f6tigen, wir arbeiten eng mit Ihnen zusammen, um die effektivsten und effizientesten L\u00f6sungen zu entwickeln. Unsere schnellen und professionellen Antworten sowie unsere kompetente Beratung gew\u00e4hrleisten, dass jede Anfrage sorgf\u00e4ltig und pr\u00e4zise bearbeitet wird.<\/p>\n<p>Bei FMP legen wir Wert auf offene Kommunikation und Zusammenarbeit, insbesondere bei der Entwicklung neuer Produkte. Unser Team arbeitet eng mit unseren Kunden zusammen, um deren Herausforderungen zu verstehen und Erkenntnisse zu gewinnen, die zu optimalen L\u00f6sungen f\u00fchren. Wir verpflichten uns, hochwertige, pr\u00e4zisionsgefertigte Produkte termingerecht zu liefern, egal ob es sich um Neuentwicklungen oder bestehende Auftr\u00e4ge handelt.<\/p>\n<p>Qualit\u00e4t steht bei FMP im Mittelpunkt. Unsere Fertigungsprozesse entsprechen h\u00f6chsten Standards und gew\u00e4hrleisten Genauigkeit und Fehlerfreiheit. Strenge Qualit\u00e4tskontrollen garantieren, dass jedes Produkt die Industriestandards erf\u00fcllt oder \u00fcbertrifft. Dieses Qualit\u00e4tsbewusstsein, gepaart mit unseren Grundwerten Integrit\u00e4t, Teamwork und Beharrlichkeit, erm\u00f6glicht es uns, starke Beziehungen zu Kunden in fast 30 L\u00e4ndern aufzubauen.<\/p>\n<p>FMP ist stets offen f\u00fcr globale Partnerschaften und bietet kompetente Beratung und ma\u00dfgeschneiderte L\u00f6sungen. Unser Ansatz geht \u00fcber die reine Produktlieferung hinaus; wir streben langfristige Beziehungen an, die gemeinsamen Erfolg f\u00f6rdern. Ob Sie neue L\u00f6sungen oder Unterst\u00fctzung f\u00fcr bestehende Systeme ben\u00f6tigen \u2013 FMP k\u00fcmmert sich um Ihre technischen Herausforderungen und sorgt f\u00fcr anhaltenden Erfolg.<\/p>\n<p><img loading=\"lazy\" decoding=\"async\" class=\"alignnone size-full wp-image-1861\" src=\"https:\/\/fmp-components.com\/wp-content\/uploads\/2024\/12\/Other-Agricultural-Gearboxes.webp\" sizes=\"(min-width: 0px) and (max-width: 480px) 480px, (min-width: 481px) and (max-width: 980px) 980px, (min-width: 981px) 1200px, 100vw\" srcset=\"https:\/\/fmp-components.com\/wp-content\/uploads\/2024\/12\/Other-Agricultural-Gearboxes.webp 1200w, https:\/\/fmp-components.com\/wp-content\/uploads\/2024\/12\/Other-Agricultural-Gearboxes-980x1143.webp 980w, https:\/\/fmp-components.com\/wp-content\/uploads\/2024\/12\/Other-Agricultural-Gearboxes-480x560.webp 480w\" alt=\"Altri-cambi-agricoli\" width=\"1200\" height=\"1400\" title=\"\"><\/p>\n<p>Autor: CX<\/p>","protected":false},"excerpt":{"rendered":"<p>Agricultural Lawn Mower Gearbox FMP-966109 Specification ITEM FMP-966109 Ratio 1:1.47\/1:1.93 Teeth 13\/19 14\/27 Module \u00a07.0 \/5.5 Power(HP) 60 Rated Input 540rpm Input\/Output Description \u00a01 3\/8 Z6\/1 3\/4 Z20 Optic ax1 Taper spline Weight(N.W) 29KG Lawn Mower Gearbox Parts Design Agricultural Lawnmower Gearbox Features Customizable Transmission Ratios: We offer a variety of transmission ratios tailored to [&hellip;]<\/p>","protected":false},"featured_media":1996,"comment_status":"open","ping_status":"closed","template":"","meta":{"_et_pb_use_builder":"","_et_pb_old_content":"","_et_gb_content_width":""},"product_brand":[],"product_cat":[52],"product_tag":[],"class_list":{"0":"post-1993","1":"product","2":"type-product","3":"status-publish","4":"has-post-thumbnail","6":"product_cat-lawn-mower-gearbox","8":"first","9":"instock","10":"shipping-taxable","11":"product-type-simple"},"_links":{"self":[{"href":"https:\/\/fmp-components.com\/de\/wp-json\/wp\/v2\/product\/1993","targetHints":{"allow":["GET"]}}],"collection":[{"href":"https:\/\/fmp-components.com\/de\/wp-json\/wp\/v2\/product"}],"about":[{"href":"https:\/\/fmp-components.com\/de\/wp-json\/wp\/v2\/types\/product"}],"replies":[{"embeddable":true,"href":"https:\/\/fmp-components.com\/de\/wp-json\/wp\/v2\/comments?post=1993"}],"wp:featuredmedia":[{"embeddable":true,"href":"https:\/\/fmp-components.com\/de\/wp-json\/wp\/v2\/media\/1996"}],"wp:attachment":[{"href":"https:\/\/fmp-components.com\/de\/wp-json\/wp\/v2\/media?parent=1993"}],"wp:term":[{"taxonomy":"product_brand","embeddable":true,"href":"https:\/\/fmp-components.com\/de\/wp-json\/wp\/v2\/product_brand?post=1993"},{"taxonomy":"product_cat","embeddable":true,"href":"https:\/\/fmp-components.com\/de\/wp-json\/wp\/v2\/product_cat?post=1993"},{"taxonomy":"product_tag","embeddable":true,"href":"https:\/\/fmp-components.com\/de\/wp-json\/wp\/v2\/product_tag?post=1993"}],"curies":[{"name":"wp","href":"https:\/\/api.w.org\/{rel}","templated":true}]}}