{"id":1989,"date":"2024-12-26T08:28:11","date_gmt":"2024-12-26T08:28:11","guid":{"rendered":"https:\/\/fmp-components.com\/?page_id=8"},"modified":"2024-12-26T08:28:11","modified_gmt":"2024-12-26T08:28:11","slug":"fmp-40002-lawn-mower-gearbox","status":"publish","type":"product","link":"https:\/\/fmp-components.com\/de\/product\/fmp-40002-lawn-mower-gearbox\/","title":{"rendered":"FMP-40002 Rasenm\u00e4hergetriebe"},"content":{"rendered":"<p><img loading=\"lazy\" decoding=\"async\" class=\"size-full wp-image-1991 aligncenter\" src=\"https:\/\/fmp-components.com\/wp-content\/uploads\/2024\/12\/fmp_agricultural-gearbox-HC-40002.webp\" alt=\"fmp_landwirtschaftliches-getriebe-HC-40002\" width=\"400\" height=\"400\" title=\"\" srcset=\"https:\/\/fmp-components.com\/wp-content\/uploads\/2024\/12\/fmp_agricultural-gearbox-HC-40002.webp 400w, https:\/\/fmp-components.com\/wp-content\/uploads\/2024\/12\/fmp_agricultural-gearbox-HC-40002-300x300.webp 300w, https:\/\/fmp-components.com\/wp-content\/uploads\/2024\/12\/fmp_agricultural-gearbox-HC-40002-150x150.webp 150w, https:\/\/fmp-components.com\/wp-content\/uploads\/2024\/12\/fmp_agricultural-gearbox-HC-40002-12x12.webp 12w, https:\/\/fmp-components.com\/wp-content\/uploads\/2024\/12\/fmp_agricultural-gearbox-HC-40002-100x100.webp 100w\" sizes=\"(max-width: 400px) 100vw, 400px\" \/><\/p>\n<h2>FMP-40002 Rasenm\u00e4her-Getriebespezifikation<\/h2>\n<p><img loading=\"lazy\" decoding=\"async\" class=\"alignnone  wp-image-1990\" src=\"https:\/\/fmp-components.com\/wp-content\/uploads\/2024\/12\/fmp_agricultural-gearbox-HC-40002-1.webp\" alt=\"fmp_landwirtschaftliches-getriebe-HC-40002\" width=\"849\" height=\"572\" title=\"\" srcset=\"https:\/\/fmp-components.com\/wp-content\/uploads\/2024\/12\/fmp_agricultural-gearbox-HC-40002-1.webp 849w, https:\/\/fmp-components.com\/wp-content\/uploads\/2024\/12\/fmp_agricultural-gearbox-HC-40002-1-480x323.webp 480w\" sizes=\"(min-width: 0px) and (max-width: 480px) 480px, (min-width: 481px) 849px, 100vw\" \/><\/p>\n<table style=\"width: 97.3284%; height: 220px;\" border=\"1\">\n<tbody>\n<tr>\n<td style=\"width: 27.852%;\">ARTIKEL<\/td>\n<td style=\"width: 71.5313%;\">40002 Rasenm\u00e4hergetriebe<\/td>\n<\/tr>\n<tr>\n<td style=\"width: 27.852%;\">Verh\u00e4ltnis<\/td>\n<td style=\"width: 71.5313%;\">3.2:1\/3.77:1\/4.17:1<\/td>\n<\/tr>\n<tr>\n<td style=\"width: 27.852%;\">Z\u00e4hne<\/td>\n<td style=\"width: 71.5313%;\">15\/48 13\/49 12\/50<\/td>\n<\/tr>\n<tr>\n<td style=\"width: 27.852%;\">Modul<\/td>\n<td style=\"width: 71.5313%;\">15\/48 13\/49 12\/50<\/td>\n<\/tr>\n<tr>\n<td style=\"width: 27.852%;\">Leistung (PS)<\/td>\n<td style=\"width: 71.5313%;\">85\/85\/85<\/td>\n<\/tr>\n<tr>\n<td style=\"width: 27.852%;\">Nenneingangsleistung<\/td>\n<td style=\"width: 71.5313%;\">540 U\/min<\/td>\n<\/tr>\n<tr>\n<td style=\"width: 27.852%;\">Beschreibung der Ein-\/Ausgabe<\/td>\n<td style=\"width: 71.5313%;\">\u00a01 3\/4 Z6<\/td>\n<\/tr>\n<tr>\n<td style=\"width: 27.852%;\">Gewicht (NW)<\/td>\n<td style=\"width: 71.5313%;\">111 kg<\/td>\n<\/tr>\n<\/tbody>\n<\/table>\n<h2>Vorteile des Rasenm\u00e4hergetriebes FMP-40002<\/h2>\n<p>Das Rasenm\u00e4hergetriebe FMP-40002 ist ein Hochleistungsbauteil mit pr\u00e4zisionsgefertigter Konstruktion, das den Betrieb von landwirtschaftlichen und industriellen Rasenm\u00e4hern optimiert. Hier einige der wichtigsten Vorteile des Getriebes FMP-40002:<\/p>\n<h3>Haltbarkeit und Langlebigkeit<\/h3>\n<ul>\n<li>Robuste Konstruktion: Dank der Verwendung hochfester Materialien ist der FMP-40002 so konstruiert, dass er rauen Bedingungen und starker Beanspruchung standh\u00e4lt und somit eine lange Lebensdauer gew\u00e4hrleistet.<\/li>\n<li>Korrosionsbest\u00e4ndigkeit: Das Getriebe ist so konstruiert, dass es Verschlei\u00df und Korrosion widersteht und sich daher ideal f\u00fcr den l\u00e4ngeren Au\u00dfeneinsatz unter verschiedenen Witterungsbedingungen eignet.<\/li>\n<\/ul>\n<h3>Hohe Effizienz und Kraft\u00fcbertragung<\/h3>\n<ul>\n<li>Optimale Kraft\u00fcbertragung: Der FMP-40002 gew\u00e4hrleistet eine effiziente Kraft\u00fcbertragung vom Motor auf die M\u00e4hwerksmesser und sorgt so f\u00fcr eine gleichbleibende und zuverl\u00e4ssige Leistung w\u00e4hrend des Betriebs.<\/li>\n<li>Pr\u00e4zise Drehzahlregelung: Sie liefert das notwendige Drehmoment und die erforderliche Drehzahl, um auch unter schwierigen Arbeitsbedingungen beste Schnittergebnisse zu erzielen.<\/li>\n<\/ul>\n<h3>Anpassungsoptionen<\/h3>\n<ul>\n<li>Ma\u00dfgeschneiderte L\u00f6sungen: Wir bei FMP wissen, dass verschiedene Rasenm\u00e4her spezifische Leistungsanforderungen haben. Der FMP-40002 l\u00e4sst sich individuell an Ihre Bed\u00fcrfnisse anpassen, beispielsweise durch \u00c4nderungen an Abtriebswellen, \u00dcbersetzungsverh\u00e4ltnissen und Montagekonfigurationen.<\/li>\n<li>Anpassungsf\u00e4higes Design: Das Getriebe kann an verschiedene Rasenm\u00e4hermodelle angepasst werden, wodurch eine nahtlose Kompatibilit\u00e4t und optimale Leistung gew\u00e4hrleistet werden.<\/li>\n<\/ul>\n<h3>Einfache Wartung<\/h3>\n<ul>\n<li>Geringer Wartungsaufwand: Der FMP-40002 ist auf Zuverl\u00e4ssigkeit ausgelegt und ben\u00f6tigt daher nur minimalen Wartungsaufwand, was dazu beitr\u00e4gt, Ausfallzeiten und Betriebskosten zu reduzieren.<\/li>\n<li>Benutzerfreundlich: Dank des einfachen Designs und der leichten Installation k\u00f6nnen die Bediener das Getriebe schnell und mit minimalem technischem Fachwissen einrichten und warten.<\/li>\n<\/ul>\n<h3>Kosteneffizienz<\/h3>\n<ul>\n<li>Langfristige Einsparungen: Dank seiner hohen Langlebigkeit und Zuverl\u00e4ssigkeit reduziert der FMP-40002 den Bedarf an h\u00e4ufigen Reparaturen und Ersatzbeschaffungen und bietet Ihnen somit einen langfristigen Mehrwert f\u00fcr Ihre Investition.<\/li>\n<li>Energieeffizienz: Die effiziente Kraft\u00fcbertragung gew\u00e4hrleistet einen geringeren Energieverbrauch und tr\u00e4gt so zur Senkung der Betriebskosten Ihres Rasenm\u00e4hers bei.<\/li>\n<\/ul>\n<p>Zusammenfassend l\u00e4sst sich sagen, dass sich das Rasenm\u00e4hergetriebe FMP-40002 durch seine Langlebigkeit, Effizienz und Vielseitigkeit auszeichnet. Dank der M\u00f6glichkeit, das Getriebe an spezifische Anforderungen anzupassen, ist es die ideale Wahl zur Leistungssteigerung von Rasenm\u00e4hern in landwirtschaftlichen und industriellen Anwendungen.<\/p>\n<p><img loading=\"lazy\" decoding=\"async\" class=\"alignnone  wp-image-1992\" src=\"https:\/\/fmp-components.com\/wp-content\/uploads\/2024\/12\/Lawn-Mower-Gearbox-6.webp\" alt=\"Rasenm\u00e4her-Getriebe\" width=\"879\" height=\"646\" title=\"\" srcset=\"https:\/\/fmp-components.com\/wp-content\/uploads\/2024\/12\/Lawn-Mower-Gearbox-6.webp 879w, https:\/\/fmp-components.com\/wp-content\/uploads\/2024\/12\/Lawn-Mower-Gearbox-6-480x353.webp 480w\" sizes=\"(min-width: 0px) and (max-width: 480px) 480px, (min-width: 481px) 879px, 100vw\" \/><\/p>\n<h3>\u00dcber FMP<\/h3>\n<p>FMP mit Sitz in Italien ist ein f\u00fchrender Hersteller von Hochleistungsgetrieben f\u00fcr Landmaschinen. Wir entwickeln und produzieren diese Getriebe. Pr\u00e4zision, Innovation und Zuverl\u00e4ssigkeit stehen bei uns an erster Stelle. Wir bieten ein umfassendes Getriebesortiment, darunter auch Getriebe f\u00fcr Rasenm\u00e4her, sowie wichtige Komponenten wie Zapfwellen. Unsere Mission ist es, ma\u00dfgeschneiderte L\u00f6sungen f\u00fcr die spezifischen Bed\u00fcrfnisse der Landwirtschaft und Industrie zu entwickeln \u2013 von Einzelprodukten bis hin zu vollst\u00e4ndig integrierten Systemen.<\/p>\n<p>Wir bei FMP wissen, dass jeder Kunde individuelle Anforderungen hat. Deshalb zeichnen wir uns durch die ma\u00dfgeschneiderte Anpassung unserer Produkte aus, die diese Bed\u00fcrfnisse optimal erf\u00fcllen. Ob Sie ein Spezialgetriebe oder ein komplettes System ben\u00f6tigen \u2013 wir arbeiten eng mit Ihnen zusammen, um die effektivste und effizienteste L\u00f6sung zu entwickeln. Unser Engagement f\u00fcr Kundenzufriedenheit zeigt sich in unseren schnellen, professionellen Antworten und unserer kompetenten Beratung. So stellen wir sicher, dass jede Anfrage pr\u00e4zise und sorgf\u00e4ltig bearbeitet wird.<\/p>\n<p>Wir legen Wert auf eine offene und kontinuierliche Kommunikation mit unseren Kunden, insbesondere bei der Entwicklung neuer Produkte. Unser engagiertes Team arbeitet eng mit den Kunden zusammen, um ihre spezifischen Herausforderungen zu verstehen und wertvolle Erkenntnisse f\u00fcr optimale L\u00f6sungen zu liefern. Ob Produktentwicklung oder Auftragsabwicklung \u2013 wir liefern stets hochwertige, pr\u00e4zisionsgefertigte Produkte schnell und effizient.<\/p>\n<p>Bei FMP steht Qualit\u00e4t im Mittelpunkt unseres Handelns. Unsere Fertigungsprozesse entsprechen h\u00f6chsten Standards und gew\u00e4hrleisten so Pr\u00e4zision und Fehlerfreiheit. Strenge Qualit\u00e4tskontrollen stellen sicher, dass jedes Produkt die Branchenstandards erf\u00fcllt oder \u00fcbertrifft. Dieser konsequente Fokus auf Qualit\u00e4t, gepaart mit unseren Kernwerten Integrit\u00e4t, Teamwork und Ausdauer, hat es uns erm\u00f6glicht, starke und dauerhafte Kundenbeziehungen in fast 30 L\u00e4ndern weltweit aufzubauen.<\/p>\n<p>FMP ist stets offen f\u00fcr globale Partnerschaften und bietet kompetente Beratung sowie ma\u00dfgeschneiderte L\u00f6sungen. Unser Ansatz geht \u00fcber die reine Produktlieferung hinaus \u2013 wir streben langfristige Kundenbeziehungen an und sichern den Erfolg jedes Projekts. Ob Sie L\u00f6sungen f\u00fcr ein neues Vorhaben oder Unterst\u00fctzung f\u00fcr ein bestehendes System ben\u00f6tigen: FMP widmet sich Ihren technischen Herausforderungen und unterst\u00fctzt Sie dabei, nachhaltig erfolgreich zu sein.<\/p>\n<p><img loading=\"lazy\" decoding=\"async\" class=\"alignnone size-full wp-image-1861\" src=\"https:\/\/fmp-components.com\/wp-content\/uploads\/2024\/12\/Other-Agricultural-Gearboxes.webp\" sizes=\"(min-width: 0px) and (max-width: 480px) 480px, (min-width: 481px) and (max-width: 980px) 980px, (min-width: 981px) 1200px, 100vw\" srcset=\"https:\/\/fmp-components.com\/wp-content\/uploads\/2024\/12\/Other-Agricultural-Gearboxes.webp 1200w, https:\/\/fmp-components.com\/wp-content\/uploads\/2024\/12\/Other-Agricultural-Gearboxes-980x1143.webp 980w, https:\/\/fmp-components.com\/wp-content\/uploads\/2024\/12\/Other-Agricultural-Gearboxes-480x560.webp 480w\" alt=\"Altri-cambi-agricoli\" width=\"1200\" height=\"1400\" title=\"\"><\/p>\n<p>Autor: CX<\/p>\n<p>&nbsp;<\/p>","protected":false},"excerpt":{"rendered":"<p>FMP-40002 Lawn Mower Gearbox Specification ITEM 40002 Lawn mower gearbox Ratio 3.2:1\/3.77:1\/4.17:1 Teeth 15\/48 13\/49 12\/50 Module 15\/48 13\/49 12\/50 Power\uff08HP\uff09 85\/85\/85 Rated Input 540rpm Input\/Output description \u00a01 3\/4 Z6 Weight\uff08N.W\uff09 111Kg Advantages of FMP-40002 Lawn Mower Gearbox The FMP-40002 Lawn Mower Gearbox is a high-performance, precision-engineered component designed to optimize the operation of agricultural [&hellip;]<\/p>","protected":false},"featured_media":1991,"comment_status":"open","ping_status":"closed","template":"","meta":{"_et_pb_use_builder":"","_et_pb_old_content":"","_et_gb_content_width":""},"product_brand":[],"product_cat":[52],"product_tag":[],"class_list":{"0":"post-1989","1":"product","2":"type-product","3":"status-publish","4":"has-post-thumbnail","6":"product_cat-lawn-mower-gearbox","8":"first","9":"instock","10":"shipping-taxable","11":"product-type-simple"},"_links":{"self":[{"href":"https:\/\/fmp-components.com\/de\/wp-json\/wp\/v2\/product\/1989","targetHints":{"allow":["GET"]}}],"collection":[{"href":"https:\/\/fmp-components.com\/de\/wp-json\/wp\/v2\/product"}],"about":[{"href":"https:\/\/fmp-components.com\/de\/wp-json\/wp\/v2\/types\/product"}],"replies":[{"embeddable":true,"href":"https:\/\/fmp-components.com\/de\/wp-json\/wp\/v2\/comments?post=1989"}],"wp:featuredmedia":[{"embeddable":true,"href":"https:\/\/fmp-components.com\/de\/wp-json\/wp\/v2\/media\/1991"}],"wp:attachment":[{"href":"https:\/\/fmp-components.com\/de\/wp-json\/wp\/v2\/media?parent=1989"}],"wp:term":[{"taxonomy":"product_brand","embeddable":true,"href":"https:\/\/fmp-components.com\/de\/wp-json\/wp\/v2\/product_brand?post=1989"},{"taxonomy":"product_cat","embeddable":true,"href":"https:\/\/fmp-components.com\/de\/wp-json\/wp\/v2\/product_cat?post=1989"},{"taxonomy":"product_tag","embeddable":true,"href":"https:\/\/fmp-components.com\/de\/wp-json\/wp\/v2\/product_tag?post=1989"}],"curies":[{"name":"wp","href":"https:\/\/api.w.org\/{rel}","templated":true}]}}