{"id":1983,"date":"2024-12-26T07:51:14","date_gmt":"2024-12-26T07:51:14","guid":{"rendered":"https:\/\/fmp-components.com\/?page_id=8"},"modified":"2024-12-30T02:49:27","modified_gmt":"2024-12-30T02:49:27","slug":"fmp-ag135-lawnmower-135-deg-gearbox-11-for-agricultural","status":"publish","type":"product","link":"https:\/\/fmp-components.com\/de\/product\/fmp-ag135-lawnmower-135-deg-gearbox-11-for-agricultural\/","title":{"rendered":"FMP-AG135 Rasenm\u00e4her 135 Grad Getriebe 1:1 f\u00fcr Landwirtschaft"},"content":{"rendered":"<h2>FMP-AG135 Rasenm\u00e4her 135\u00b0-Getriebe 1:1 f\u00fcr landwirtschaftliche Ausf\u00fchrung<\/h2>\n<p><img loading=\"lazy\" decoding=\"async\" class=\"alignnone wp-image-1984\" src=\"https:\/\/fmp-components.com\/wp-content\/uploads\/2024\/12\/fmp_agricultural-gearbox-HC-AG135-1.webp\" alt=\"fmp_landwirtschaftliches-getriebe-HC-AG135\" width=\"919\" height=\"548\" title=\"\" srcset=\"https:\/\/fmp-components.com\/wp-content\/uploads\/2024\/12\/fmp_agricultural-gearbox-HC-AG135-1.webp 919w, https:\/\/fmp-components.com\/wp-content\/uploads\/2024\/12\/fmp_agricultural-gearbox-HC-AG135-1-480x286.webp 480w\" sizes=\"(min-width: 0px) and (max-width: 480px) 480px, (min-width: 481px) 919px, 100vw\" \/><\/p>\n<table style=\"width: 99.0594%; height: 184px;\" border=\"1\">\n<tbody>\n<tr style=\"height: 23px;\">\n<td style=\"height: 23px;\">ARTIKEL<\/td>\n<td style=\"height: 23px;\">FMP-AG135 135\u00b0-Getriebe<\/td>\n<\/tr>\n<tr style=\"height: 23px;\">\n<td style=\"height: 23px;\">Verh\u00e4ltnis<\/td>\n<td style=\"height: 23px;\">1:1<\/td>\n<\/tr>\n<tr style=\"height: 23px;\">\n<td style=\"height: 23px;\">Z\u00e4hne<\/td>\n<td style=\"height: 23px;\">20\/20<\/td>\n<\/tr>\n<tr style=\"height: 23px;\">\n<td style=\"height: 23px;\">Modul<\/td>\n<td style=\"height: 23px;\">6.0<\/td>\n<\/tr>\n<tr style=\"height: 23px;\">\n<td style=\"height: 23px;\">Leistung (PS)<\/td>\n<td style=\"height: 23px;\">50<\/td>\n<\/tr>\n<tr style=\"height: 23px;\">\n<td style=\"height: 23px;\">Nenneingangsleistung<\/td>\n<td style=\"height: 23px;\">540 U\/min<\/td>\n<\/tr>\n<tr style=\"height: 23px;\">\n<td style=\"height: 23px;\">Beschreibung der Ein-\/Ausgabe<\/td>\n<td style=\"height: 23px;\">\u00a01 3\/8 Z6 Kegelbasis Ausgleichswelle<\/td>\n<\/tr>\n<tr style=\"height: 23px;\">\n<td style=\"height: 23px;\">Gewicht (NW)<\/td>\n<td style=\"height: 23px;\">16,5 kg<\/td>\n<\/tr>\n<\/tbody>\n<\/table>\n<h3>Merkmale des Rasenm\u00e4hergetriebes<\/h3>\n<p>Die Getriebe von Rasenm\u00e4hern sind essenzielle Bauteile, die die Schneidmesser antreiben und so einen effizienten und gleichm\u00e4\u00dfigen Betrieb des M\u00e4hers gew\u00e4hrleisten. Im Folgenden sind die wichtigsten Merkmale aufgef\u00fchrt, die diese Getriebe in verschiedenen M\u00e4hanwendungen so effektiv und zuverl\u00e4ssig machen:<\/p>\n<h4>Langlebigkeit und Robustheit<\/h4>\n<p>Getriebe f\u00fcr Rasenm\u00e4her sind so konstruiert, dass sie den hohen Belastungen und dem Dauerbetrieb im Au\u00dfenbereich standhalten. Sie bestehen aus hochwertigen Materialien wie geh\u00e4rtetem Stahl und sind daher langlebig und verschlei\u00dffest. So gew\u00e4hrleisten sie auch unter h\u00e4rtesten Bedingungen langfristige Zuverl\u00e4ssigkeit.<\/p>\n<h4>Pr\u00e4zisionsgetriebedesign<\/h4>\n<p>Diese Getriebe verf\u00fcgen \u00fcber pr\u00e4zisionsgefertigte Zahnr\u00e4der, die eine gleichm\u00e4\u00dfige und effiziente Kraft\u00fcbertragung auf die M\u00e4hwerksmesser gew\u00e4hrleisten. Die pr\u00e4zise Konstruktion minimiert die Reibung, reduziert Energieverluste und verbessert die Leistung des Schneidsystems. Das Ergebnis sind sauberere Schnitte und ein geringerer Kraftstoffverbrauch.<\/p>\n<h4>Hohe Drehmomentkapazit\u00e4t<\/h4>\n<p>Die Getriebe von Rasenm\u00e4hern sind so konstruiert, dass sie die hohen Drehmomente bew\u00e4ltigen, die f\u00fcr den effektiven Antrieb der M\u00e4hwerksmesser erforderlich sind. Ob f\u00fcr Rotationsm\u00e4her oder Industriemodelle \u2013 diese Getriebe \u00fcbertragen die ben\u00f6tigte Kraft effizient und erm\u00f6glichen es den Messern, auch dichtes Gras, Unkraut und andere hartn\u00e4ckige Vegetation zu schneiden.<\/p>\n<h4>Kompakt und leicht<\/h4>\n<p>Trotz ihrer Robustheit und Langlebigkeit sind Rasenm\u00e4hergetriebe kompakt und leicht konstruiert. Dadurch lassen sie sich einfacher montieren, warten und bedienen, ohne das Ger\u00e4t unn\u00f6tig zu beschweren. Dies kann die Man\u00f6vrierf\u00e4higkeit und den Kraftstoffverbrauch verbessern.<\/p>\n<h4>Korrosions- und Witterungsbest\u00e4ndigkeit<\/h4>\n<p>Da Rasenm\u00e4her typischerweise im Freien eingesetzt werden, sind ihre Getriebe mit Schutzmechanismen gegen Rost und Korrosion ausgestattet. Viele Rasenm\u00e4hergetriebe sind mit Schutzbeschichtungen versehen oder aus korrosionsbest\u00e4ndigen Materialien gefertigt, um eine optimale Leistung unter verschiedenen Witterungsbedingungen wie Regen, hoher Luftfeuchtigkeit und extremen Temperaturen zu gew\u00e4hrleisten.<\/p>\n<p>Getriebe f\u00fcr Rasenm\u00e4her vereinen Robustheit, Pr\u00e4zision und Effizienz f\u00fcr den effektiven Antrieb von Schneidsystemen. Sie sind auf Langlebigkeit, geringen Wartungsaufwand und hohe Leistung ausgelegt und somit ein unverzichtbarer Bestandteil moderner M\u00e4hger\u00e4te. Ob f\u00fcr den privaten oder gewerblichen Einsatz \u2013 das richtige Getriebe gew\u00e4hrleistet optimale M\u00e4hergebnisse und eine lange Lebensdauer des Ger\u00e4ts.<\/p>\n<p><img loading=\"lazy\" decoding=\"async\" class=\"alignnone wp-image-1985\" src=\"https:\/\/fmp-components.com\/wp-content\/uploads\/2024\/12\/Lawn-Mower-Gearbox-1-1.webp\" alt=\"Rasenm\u00e4her-Getriebe\" width=\"943\" height=\"630\" title=\"\" srcset=\"https:\/\/fmp-components.com\/wp-content\/uploads\/2024\/12\/Lawn-Mower-Gearbox-1-1.webp 943w, https:\/\/fmp-components.com\/wp-content\/uploads\/2024\/12\/Lawn-Mower-Gearbox-1-1-480x321.webp 480w\" sizes=\"(min-width: 0px) and (max-width: 480px) 480px, (min-width: 481px) 943px, 100vw\" \/><\/p>\n<h3>\u00dcber FMP<\/h3>\n<p>FMP mit Sitz in Italien ist ein f\u00fchrender Hersteller von Hochleistungsgetrieben f\u00fcr Landmaschinen. Wir sind bekannt f\u00fcr Pr\u00e4zisionstechnik, Innovation und Zuverl\u00e4ssigkeit und bieten ein umfassendes Getriebesortiment, darunter auch Getriebe f\u00fcr Rasenm\u00e4her, sowie wichtige Komponenten wie Zapfwellen. Unsere Mission ist es, ma\u00dfgeschneiderte L\u00f6sungen zu liefern, die den spezifischen Anforderungen der Landwirtschaft und der Industrie gerecht werden \u2013 ob als Einzelprodukte oder als vollst\u00e4ndig integrierte Systeme.<\/p>\n<p>Wir bei FMP wissen, dass jeder Kunde individuelle Anforderungen hat. Deshalb passen wir unsere Produkte stets genau an Ihre Bed\u00fcrfnisse an. Ob Sie ein Spezialgetriebe oder ein komplettes System ben\u00f6tigen \u2013 wir arbeiten eng mit Ihnen zusammen, um die effektivste und effizienteste L\u00f6sung zu finden. Wir legen Wert auf schnelle und professionelle Antworten und bearbeiten jede Anfrage mit h\u00f6chster Fachkompetenz und Sorgfalt.<\/p>\n<p>Offene Kommunikation und Zusammenarbeit sind die Grundlage unseres Ansatzes, insbesondere bei der Entwicklung neuer Produkte. Unser Team arbeitet eng mit den Kunden zusammen, um ihre Herausforderungen genau zu verstehen und wertvolle Erkenntnisse zu gewinnen, die zu optimalen L\u00f6sungen f\u00fchren. Von der Entwicklung neuer Produkte bis zur Abwicklung bestehender Auftr\u00e4ge \u2013 wir liefern qualitativ hochwertige, pr\u00e4zisionsgefertigte Produkte schnell und genau.<\/p>\n<p>Qualit\u00e4t steht im Mittelpunkt unseres Handelns. Unsere Fertigungsprozesse basieren auf h\u00f6chsten Standards, Pr\u00e4zision und Fehlerfreiheit. Strenge Qualit\u00e4tskontrollen gew\u00e4hrleisten, dass jedes Produkt die Branchenstandards \u00fcbertrifft. Dieser konsequente Fokus auf Qualit\u00e4t, gepaart mit unseren Werten Integrit\u00e4t, Teamwork und Ausdauer, hat es uns erm\u00f6glicht, dauerhafte Kundenbeziehungen in fast 30 L\u00e4ndern weltweit aufzubauen.<\/p>\n<p>FMP ist stets offen f\u00fcr globale Partnerschaften und bietet kompetente Beratung sowie ma\u00dfgeschneiderte L\u00f6sungen. Unsere Philosophie geht \u00fcber die reine Produktlieferung hinaus \u2013 wir setzen auf langfristige Beziehungen, die gemeinsamen Erfolg sichern. Ob Sie L\u00f6sungen f\u00fcr ein neues Projekt oder Unterst\u00fctzung f\u00fcr ein bestehendes System ben\u00f6tigen: FMP widmet sich Ihren technischen Herausforderungen und Ihrem nachhaltigen Erfolg.<\/p>\n<p><img loading=\"lazy\" decoding=\"async\" class=\"alignnone size-full wp-image-1861\" src=\"https:\/\/fmp-components.com\/wp-content\/uploads\/2024\/12\/Other-Agricultural-Gearboxes.webp\" sizes=\"(min-width: 0px) and (max-width: 480px) 480px, (min-width: 481px) and (max-width: 980px) 980px, (min-width: 981px) 1200px, 100vw\" srcset=\"https:\/\/fmp-components.com\/wp-content\/uploads\/2024\/12\/Other-Agricultural-Gearboxes.webp 1200w, https:\/\/fmp-components.com\/wp-content\/uploads\/2024\/12\/Other-Agricultural-Gearboxes-980x1143.webp 980w, https:\/\/fmp-components.com\/wp-content\/uploads\/2024\/12\/Other-Agricultural-Gearboxes-480x560.webp 480w\" alt=\"Altri-cambi-agricoli\" width=\"1200\" height=\"1400\" title=\"\"><\/p>\n<p>Autor: CX<\/p>","protected":false},"excerpt":{"rendered":"<p>FMP-AG135 Lawnmower 135 deg gearbox 1:1 for Agricultural Specification ITEM FMP-AG135 135 deg gearbox Ratio 1:1 Teeth 20\/20 Module 6.0 Power\uff08HP\uff09 50 Rated Input 540rpm Input\/Output description \u00a01 3\/8 Z6 Cone base aequilate Spline Shaft Weight\uff08N.W\uff09 16.5Kg Features of Lawn Mower Gearbox Lawn mower gearboxes are essential components that drive the cutting blades, ensuring efficient [&hellip;]<\/p>","protected":false},"featured_media":2078,"comment_status":"open","ping_status":"closed","template":"","meta":{"_et_pb_use_builder":"","_et_pb_old_content":"","_et_gb_content_width":""},"product_brand":[],"product_cat":[52],"product_tag":[],"class_list":{"0":"post-1983","1":"product","2":"type-product","3":"status-publish","4":"has-post-thumbnail","6":"product_cat-lawn-mower-gearbox","8":"first","9":"instock","10":"shipping-taxable","11":"product-type-simple"},"_links":{"self":[{"href":"https:\/\/fmp-components.com\/de\/wp-json\/wp\/v2\/product\/1983","targetHints":{"allow":["GET"]}}],"collection":[{"href":"https:\/\/fmp-components.com\/de\/wp-json\/wp\/v2\/product"}],"about":[{"href":"https:\/\/fmp-components.com\/de\/wp-json\/wp\/v2\/types\/product"}],"replies":[{"embeddable":true,"href":"https:\/\/fmp-components.com\/de\/wp-json\/wp\/v2\/comments?post=1983"}],"wp:featuredmedia":[{"embeddable":true,"href":"https:\/\/fmp-components.com\/de\/wp-json\/wp\/v2\/media\/2078"}],"wp:attachment":[{"href":"https:\/\/fmp-components.com\/de\/wp-json\/wp\/v2\/media?parent=1983"}],"wp:term":[{"taxonomy":"product_brand","embeddable":true,"href":"https:\/\/fmp-components.com\/de\/wp-json\/wp\/v2\/product_brand?post=1983"},{"taxonomy":"product_cat","embeddable":true,"href":"https:\/\/fmp-components.com\/de\/wp-json\/wp\/v2\/product_cat?post=1983"},{"taxonomy":"product_tag","embeddable":true,"href":"https:\/\/fmp-components.com\/de\/wp-json\/wp\/v2\/product_tag?post=1983"}],"curies":[{"name":"wp","href":"https:\/\/api.w.org\/{rel}","templated":true}]}}