{"id":1969,"date":"2024-12-26T05:22:40","date_gmt":"2024-12-26T05:22:40","guid":{"rendered":"https:\/\/fmp-components.com\/?page_id=8"},"modified":"2024-12-26T05:33:45","modified_gmt":"2024-12-26T05:33:45","slug":"mowers-gearboxes-replacement-of-comer-code-tl-311d","status":"publish","type":"product","link":"https:\/\/fmp-components.com\/de\/product\/mowers-gearboxes-replacement-of-comer-code-tl-311d\/","title":{"rendered":"Rasenm\u00e4hergetriebe \u2013 Ersatz f\u00fcr Comer Code TL-311D"},"content":{"rendered":"<p><img loading=\"lazy\" decoding=\"async\" class=\"alignnone size-full wp-image-1971\" src=\"https:\/\/fmp-components.com\/wp-content\/uploads\/2024\/12\/Mowers-Gearboxes-\u2013-Replacement-of-Comer-Code-TL-311D.webp\" alt=\"Rasenm\u00e4hergetriebe \u2013 Ersatz f\u00fcr Comer Code TL-311D\" width=\"1000\" height=\"500\" title=\"\" srcset=\"https:\/\/fmp-components.com\/wp-content\/uploads\/2024\/12\/Mowers-Gearboxes-\u2013-Replacement-of-Comer-Code-TL-311D.webp 1000w, https:\/\/fmp-components.com\/wp-content\/uploads\/2024\/12\/Mowers-Gearboxes-\u2013-Replacement-of-Comer-Code-TL-311D-300x150.webp 300w, https:\/\/fmp-components.com\/wp-content\/uploads\/2024\/12\/Mowers-Gearboxes-\u2013-Replacement-of-Comer-Code-TL-311D-768x384.webp 768w, https:\/\/fmp-components.com\/wp-content\/uploads\/2024\/12\/Mowers-Gearboxes-\u2013-Replacement-of-Comer-Code-TL-311D-18x9.webp 18w, https:\/\/fmp-components.com\/wp-content\/uploads\/2024\/12\/Mowers-Gearboxes-\u2013-Replacement-of-Comer-Code-TL-311D-980x490.webp 980w, https:\/\/fmp-components.com\/wp-content\/uploads\/2024\/12\/Mowers-Gearboxes-\u2013-Replacement-of-Comer-Code-TL-311D-480x240.webp 480w, https:\/\/fmp-components.com\/wp-content\/uploads\/2024\/12\/Mowers-Gearboxes-\u2013-Replacement-of-Comer-Code-TL-311D-600x300.webp 600w\" sizes=\"(max-width: 1000px) 100vw, 1000px\" \/><\/p>\n<h2>Getriebe f\u00fcr Rasenm\u00e4her \u2013 Austausch gem\u00e4\u00df Spezifikation f\u00fcr Comer Code TL-311D<\/h2>\n<table style=\"width: 100%;\" border=\"1\" width=\"100%\" cellspacing=\"0\" cellpadding=\"0\">\n<tbody>\n<tr>\n<th>Beschreibung<\/th>\n<td>Getriebe f\u00fcr Rasenm\u00e4her \u2013 Austausch des Getriebes mit der Comer-Nummer TL-311D<\/td>\n<\/tr>\n<tr>\n<th>Anwendung<\/th>\n<td>M\u00e4her<\/td>\n<\/tr>\n<tr>\n<th>Besteht aus<\/th>\n<td>Getriebe<\/td>\n<\/tr>\n<tr>\n<th>\u00d6l separat bestellen<\/th>\n<td>Technische Informationen<\/td>\n<\/tr>\n<tr>\n<th><\/th>\n<td>Alle technischen Daten entsprechen ISO 6335 und ISO 281.<\/td>\n<\/tr>\n<tr>\n<th>Enth\u00e4lt \u00d6l<\/th>\n<td>NEIN<\/td>\n<\/tr>\n<tr>\n<th>Max. \u00d6lkapazit\u00e4t<\/th>\n<td>1,2 l<\/td>\n<\/tr>\n<tr>\n<th>\u00d6l SAE-Viskosit\u00e4tsklasse<\/th>\n<td>80W-90<\/td>\n<\/tr>\n<tr>\n<th>Gewicht<\/th>\n<td>23,5 kg<\/td>\n<\/tr>\n<tr>\n<th>Getriebeanordnung zunehmend<\/th>\n<td>27-28<\/td>\n<\/tr>\n<tr>\n<th>Eingangsleistung kW \/ PS Steigend<\/th>\n<td>36,8 \/ 50 kW\/PS<\/td>\n<\/tr>\n<tr>\n<th>Eingangswellenerh\u00f6hung<\/th>\n<td>X<\/td>\n<\/tr>\n<tr>\n<th>Ausgangsdrehmoment DaNm zunehmend<\/th>\n<td>21 daNm<\/td>\n<\/tr>\n<tr>\n<th>Verh\u00e4ltniserh\u00f6hung<\/th>\n<td>1 : 3<\/td>\n<\/tr>\n<tr>\n<th>Verh\u00e4ltnisreduzierung<\/th>\n<td>3 : 1<\/td>\n<\/tr>\n<tr>\n<th>Welle X<\/th>\n<td>1 3\/8\u2033 (6) (A)<\/td>\n<\/tr>\n<tr>\n<th>Welle Y<\/th>\n<td>1 3\/8\u2033 (6) (A)<\/td>\n<\/tr>\n<tr>\n<th>Welle Z<\/th>\n<td>33 (B)<\/td>\n<\/tr>\n<\/tbody>\n<\/table>\n<h2>Zapfwelle f\u00fcr landwirtschaftliches Rasenm\u00e4hergetriebe<\/h2>\n<p>Die Zapfwelle (PTO) ist ein essentielles Verbindungselement zwischen dem Traktormotor oder anderen Antriebsquellen und dem Getriebe des Rasenm\u00e4hers. Sie spielt eine entscheidende Rolle bei der \u00dcbertragung der mechanischen Kraft auf die Schneidmesser und gew\u00e4hrleistet so einen effizienten und reibungslosen Betrieb. FMP ist spezialisiert auf die Bereitstellung eines breiten Sortiments hochwertiger Zapfwellen, die optimal auf Rasenm\u00e4hergetriebe abgestimmt sind und maximale Leistung, Zuverl\u00e4ssigkeit und Langlebigkeit garantieren.<\/p>\n<h3>Hauptmerkmale der FMP-Gelenkwellen f\u00fcr Rasenm\u00e4hergetriebe:<\/h3>\n<h4>Haltbarkeit und St\u00e4rke<\/h4>\n<p>FMP-Zapfwellen sind f\u00fcr die harten Anforderungen im landwirtschaftlichen Einsatz konzipiert. Hergestellt aus hochwertigen Materialien, darunter Stahl, zeichnen sie sich durch hohe Zuverl\u00e4ssigkeit und Langlebigkeit aus. Ob Sie Rotationsm\u00e4her, Rasenm\u00e4her oder andere Landmaschinen einsetzen \u2013 unsere Zapfwellen bieten minimalen Verschlei\u00df und au\u00dfergew\u00f6hnliche Haltbarkeit, selbst unter anspruchsvollen Bedingungen.<\/p>\n<h4>Hohe Leistung<\/h4>\n<p>Die Zapfwellen von FMP sind so konstruiert, dass sie eine optimale Kraft\u00fcbertragung gew\u00e4hrleisten und die M\u00e4hwerksmesser mit der idealen Drehzahl und dem optimalen Drehmoment f\u00fcr einen effektiven Schnitt rotieren lassen. Dies garantiert gleichbleibende Leistung und hocheffizientes M\u00e4hen, selbst unter schwierigen Bedingungen. Ob dichtes Gras oder unwegsames Gel\u00e4nde \u2013 die Zapfwellen von FMP tragen zu erstklassigen Schnittergebnissen bei.<\/p>\n<h4>Anpassungsoptionen<\/h4>\n<p>Wir wissen, dass jeder Betrieb einzigartig ist. Deshalb bieten wir Zapfwellen an, die individuell auf Ihre Bed\u00fcrfnisse zugeschnitten werden k\u00f6nnen. Ob Anpassungen hinsichtlich L\u00e4nge, Drehmomentkapazit\u00e4t oder Kupplungstyp erforderlich sind \u2013 FMP arbeitet eng mit seinen Kunden zusammen, um sicherzustellen, dass die Zapfwelle perfekt zu Ihrer Maschine passt und h\u00f6chste Leistung und Zuverl\u00e4ssigkeit bietet.<\/p>\n<h4>Sicherheit und Benutzerfreundlichkeit<\/h4>\n<p>Sicherheit hat bei Landmaschinen h\u00f6chste Priorit\u00e4t, und die Zapfwellen von FMP sind mit integrierten Sicherheitsmerkmalen ausgestattet. Dazu geh\u00f6ren Freilaufkupplungen und Ausr\u00fcckmechanismen, die Sch\u00e4den beim Auskuppeln der Welle verhindern. Dar\u00fcber hinaus sind unsere Zapfwellen einfach zu montieren und zu warten und bieten dem Bediener somit Komfort und Sicherheit.<\/p>\n<h4>Vielseitigkeit<\/h4>\n<p>FMP-Zapfwellen sind vielseitig und mit einer Vielzahl von Rasenm\u00e4hergetrieben und anderen Landmaschinen kompatibel. Ob Sie eine Standard-Zapfwelle oder eine kundenspezifische L\u00f6sung ben\u00f6tigen \u2013 wir bieten Produkte f\u00fcr Betriebe jeder Gr\u00f6\u00dfenordnung, vom kleinen Bauernhof bis zum gro\u00dfen Industriebetrieb.<\/p>\n<h4>Kosteng\u00fcnstig<\/h4>\n<p>Mit langlebigen und leistungsstarken Zapfwellen tr\u00e4gt FMP dazu bei, Wartungskosten und Ausfallzeiten zu reduzieren. Unsere Zapfwellen sind auf dauerhafte Leistung ausgelegt und gew\u00e4hrleisten einen reibungslosen und effizienten Betrieb Ihrer Maschinen, wodurch Sie letztendlich Reparatur- und Ersatzteilkosten sparen. Dar\u00fcber hinaus bietet Ihnen unser wettbewerbsf\u00e4higes Preis-Leistungs-Verh\u00e4ltnis ein hervorragendes Preis-Leistungs-Verh\u00e4ltnis.<\/p>\n<h3>Warum sollten Sie sich f\u00fcr FMP-Zapfwellen f\u00fcr Ihr Rasenm\u00e4hergetriebe entscheiden?<\/h3>\n<ul>\n<li><strong>Qualit\u00e4tssicherung:<\/strong> Bei FMP halten wir bei jedem Produkt, das wir herstellen, h\u00f6chste Qualit\u00e4tsstandards ein, um sicherzustellen, dass Ihre Zapfwelle optimal funktioniert und l\u00e4nger h\u00e4lt.<\/li>\n<li><strong>Anpassung und Support:<\/strong> Wir bieten Ihnen fachkundige Beratung und ma\u00dfgeschneiderte L\u00f6sungen, die den spezifischen Anforderungen Ihrer Maschinen und Ihres Betriebs gerecht werden und Ihnen genau das bieten, was Sie ben\u00f6tigen.<\/li>\n<li><strong>Globale Reichweite:<\/strong> Mit Kunden in fast 30 L\u00e4ndern hat sich FMP einen hervorragenden Ruf f\u00fcr die Lieferung leistungsstarker und zuverl\u00e4ssiger Komponenten f\u00fcr den Agrarsektor erworben.<\/li>\n<\/ul>\n<p>F\u00fcr weitere Informationen oder Anfragen zu ma\u00dfgefertigten Zapfwellen f\u00fcr das Getriebe Ihres Rasenm\u00e4hers kontaktieren Sie FMP noch heute. Wir bieten Ihnen optimale L\u00f6sungen f\u00fcr Ihre Maschinen und gew\u00e4hrleisten so die Effizienz und Zuverl\u00e4ssigkeit Ihrer Arbeitsabl\u00e4ufe.<\/p>\n<p><img loading=\"lazy\" decoding=\"async\" class=\"alignnone size-full wp-image-1873\" src=\"https:\/\/fmp-components.com\/wp-content\/uploads\/2024\/12\/PTO-Shaft-for-Rotary-Mower-Gearboxes-15.webp\" sizes=\"(min-width: 0px) and (max-width: 480px) 480px, (min-width: 481px) and (max-width: 980px) 980px, (min-width: 981px) 1000px, 100vw\" srcset=\"https:\/\/fmp-components.com\/wp-content\/uploads\/2024\/12\/PTO-Shaft-for-Rotary-Mower-Gearboxes-15.webp 1000w, https:\/\/fmp-components.com\/wp-content\/uploads\/2024\/12\/PTO-Shaft-for-Rotary-Mower-Gearboxes-15-980x980.webp 980w, https:\/\/fmp-components.com\/wp-content\/uploads\/2024\/12\/PTO-Shaft-for-Rotary-Mower-Gearboxes-15-480x480.webp 480w\" alt=\"Zapfwelle-f\u00fcr-Sichelm\u00e4hergetriebe-15\" width=\"1000\" height=\"1000\" title=\"\"><\/p>\n<h3>\u00dcber FMP<\/h3>\n<p>FMP mit Sitz in Italien ist ein f\u00fchrender Hersteller von Hochleistungsgetrieben f\u00fcr Landmaschinen. Wir entwickeln und produzieren diese Getriebe. Unser Ziel ist es, pr\u00e4zisionsgefertigte L\u00f6sungen mit h\u00f6chstem Anspruch an Qualit\u00e4t, Innovation und Zuverl\u00e4ssigkeit zu bieten. Unser umfangreiches Produktportfolio umfasst eine Vielzahl von Getrieben, darunter auch Getriebe f\u00fcr Rasenm\u00e4her, sowie wichtige Komponenten wie Zapfwellen. FMP hat es sich zur Aufgabe gemacht, ma\u00dfgeschneiderte L\u00f6sungen f\u00fcr die spezifischen Bed\u00fcrfnisse der Landwirtschaft und Industrie zu entwickeln \u2013 von Einzelprodukten bis hin zu vollst\u00e4ndig integrierten Systemen.<\/p>\n<p>Wir bei FMP wissen, dass jeder Kunde individuelle Anforderungen hat. Unsere St\u00e4rke liegt darin, ma\u00dfgeschneiderte Produkte anzubieten, die perfekt auf diese Bed\u00fcrfnisse abgestimmt sind. Ob Sie ein Spezialgetriebe oder ein komplettes System ben\u00f6tigen \u2013 wir arbeiten eng mit Ihnen zusammen, um die effektivste und effizienteste L\u00f6sung zu finden. Unser Engagement f\u00fcr Kundenzufriedenheit zeigt sich in unseren schnellen, professionellen Antworten und unserer kompetenten Beratung. Wir bearbeiten jede Anfrage sorgf\u00e4ltig und pr\u00e4zise.<\/p>\n<p>Wir setzen auf offene und kontinuierliche Kommunikation mit unseren Kunden, insbesondere bei der Entwicklung neuer Produkte. Unser engagiertes Team arbeitet eng mit den Kunden zusammen, um ihre spezifischen Herausforderungen zu verstehen und wertvolle Einblicke und Beratung f\u00fcr optimale L\u00f6sungen zu bieten. Von der Produktentwicklung bis zur Abwicklung bestehender Auftr\u00e4ge liefern wir stets qualitativ hochwertige Produkte schnell und pr\u00e4zise.<\/p>\n<p>Im Zentrum der Gesch\u00e4ftst\u00e4tigkeit von FMP steht die konsequente Ausrichtung auf Qualit\u00e4t. Unsere Fertigungsprozesse folgen strengen Prinzipien h\u00f6chster Standards, Pr\u00e4zision und Fehlerfreiheit. Wir setzen rigorose Qualit\u00e4tskontrollma\u00dfnahmen ein, um sicherzustellen, dass jedes Produkt die Branchenstandards \u00fcbertrifft. Dieses unersch\u00fctterliche Qualit\u00e4tsversprechen, gepaart mit unseren Werten Integrit\u00e4t, Teamwork und Beharrlichkeit, hat es uns erm\u00f6glicht, dauerhafte und wertvolle Partnerschaften mit Kunden in fast 30 L\u00e4ndern weltweit aufzubauen.<\/p>\n<p>FMP ist stets offen f\u00fcr globale Partnerschaften und bietet Ihnen kompetente Beratung sowie ma\u00dfgeschneiderte L\u00f6sungen. Wir setzen auf langfristige Kundenbeziehungen und gew\u00e4hrleisten Ihren Erfolg und Ihre Zufriedenheit bei jedem Projekt. Ob Sie L\u00f6sungen f\u00fcr ein neues Projekt ben\u00f6tigen oder Unterst\u00fctzung f\u00fcr ein bestehendes System w\u00fcnschen \u2013 FMP unterst\u00fctzt Sie bei der L\u00f6sung Ihrer technischen Herausforderungen und sichert Ihren nachhaltigen Erfolg.<\/p>\n<p><img loading=\"lazy\" decoding=\"async\" class=\"alignnone size-full wp-image-1861\" src=\"https:\/\/fmp-components.com\/wp-content\/uploads\/2024\/12\/Other-Agricultural-Gearboxes.webp\" sizes=\"(min-width: 0px) and (max-width: 480px) 480px, (min-width: 481px) and (max-width: 980px) 980px, (min-width: 981px) 1200px, 100vw\" srcset=\"https:\/\/fmp-components.com\/wp-content\/uploads\/2024\/12\/Other-Agricultural-Gearboxes.webp 1200w, https:\/\/fmp-components.com\/wp-content\/uploads\/2024\/12\/Other-Agricultural-Gearboxes-980x1143.webp 980w, https:\/\/fmp-components.com\/wp-content\/uploads\/2024\/12\/Other-Agricultural-Gearboxes-480x560.webp 480w\" alt=\"Altri-cambi-agricoli\" width=\"1200\" height=\"1400\" title=\"\"><\/p>\n<p>Autor: CX<\/p>","protected":false},"excerpt":{"rendered":"<p>Mowers Gearboxes \u2013 Replacement of Comer Code TL-311D Specification Description Mowers Gearboxes &#8211; Replacement of Comer Code TL-311D Application Mowers Consists of Gearbox Order Oil Separately Technical Information All technical data corresponds to ISO 6335 and ISO 281. Contains Oil No Max. Oil Capacity 1.2 l Oil SAE Viscosity Grade 80W-90 Weight 23.5 kg Gear [&hellip;]<\/p>","protected":false},"featured_media":1972,"comment_status":"open","ping_status":"closed","template":"","meta":{"_et_pb_use_builder":"","_et_pb_old_content":"","_et_gb_content_width":""},"product_brand":[],"product_cat":[52],"product_tag":[],"class_list":{"0":"post-1969","1":"product","2":"type-product","3":"status-publish","4":"has-post-thumbnail","6":"product_cat-lawn-mower-gearbox","8":"first","9":"instock","10":"shipping-taxable","11":"product-type-simple"},"_links":{"self":[{"href":"https:\/\/fmp-components.com\/de\/wp-json\/wp\/v2\/product\/1969","targetHints":{"allow":["GET"]}}],"collection":[{"href":"https:\/\/fmp-components.com\/de\/wp-json\/wp\/v2\/product"}],"about":[{"href":"https:\/\/fmp-components.com\/de\/wp-json\/wp\/v2\/types\/product"}],"replies":[{"embeddable":true,"href":"https:\/\/fmp-components.com\/de\/wp-json\/wp\/v2\/comments?post=1969"}],"wp:featuredmedia":[{"embeddable":true,"href":"https:\/\/fmp-components.com\/de\/wp-json\/wp\/v2\/media\/1972"}],"wp:attachment":[{"href":"https:\/\/fmp-components.com\/de\/wp-json\/wp\/v2\/media?parent=1969"}],"wp:term":[{"taxonomy":"product_brand","embeddable":true,"href":"https:\/\/fmp-components.com\/de\/wp-json\/wp\/v2\/product_brand?post=1969"},{"taxonomy":"product_cat","embeddable":true,"href":"https:\/\/fmp-components.com\/de\/wp-json\/wp\/v2\/product_cat?post=1969"},{"taxonomy":"product_tag","embeddable":true,"href":"https:\/\/fmp-components.com\/de\/wp-json\/wp\/v2\/product_tag?post=1969"}],"curies":[{"name":"wp","href":"https:\/\/api.w.org\/{rel}","templated":true}]}}