{"id":1962,"date":"2024-12-26T03:46:41","date_gmt":"2024-12-26T03:46:41","guid":{"rendered":"https:\/\/fmp-components.com\/?page_id=8"},"modified":"2024-12-26T03:48:03","modified_gmt":"2024-12-26T03:48:03","slug":"agricultural-lawn-mower-gearbox-fmp-lf211","status":"publish","type":"product","link":"https:\/\/fmp-components.com\/de\/product\/agricultural-lawn-mower-gearbox-fmp-lf211\/","title":{"rendered":"Landwirtschaftliches Rasenm\u00e4hergetriebe FMP-LF211"},"content":{"rendered":"<h2>Technische Daten des landwirtschaftlichen Rasenm\u00e4hergetriebes FMP-LF211:<\/h2>\n<p>&nbsp;<\/p>\n<p><img loading=\"lazy\" decoding=\"async\" class=\"alignnone size-full wp-image-1963\" src=\"https:\/\/fmp-components.com\/wp-content\/uploads\/2024\/12\/Lawn-Mower-Gearbox-2.webp\" alt=\"Rasenm\u00e4her-Getriebe\" width=\"1000\" height=\"500\" title=\"\" srcset=\"https:\/\/fmp-components.com\/wp-content\/uploads\/2024\/12\/Lawn-Mower-Gearbox-2.webp 1000w, https:\/\/fmp-components.com\/wp-content\/uploads\/2024\/12\/Lawn-Mower-Gearbox-2-980x490.webp 980w, https:\/\/fmp-components.com\/wp-content\/uploads\/2024\/12\/Lawn-Mower-Gearbox-2-480x240.webp 480w\" sizes=\"(min-width: 0px) and (max-width: 480px) 480px, (min-width: 481px) and (max-width: 980px) 980px, (min-width: 981px) 1000px, 100vw\" \/><\/p>\n<table style=\"width: 102.595%; height: 206px;\" border=\"1\">\n<tbody>\n<tr>\n<td style=\"width: 32.2105%;\"><strong>ARTIKEL<\/strong><\/td>\n<td style=\"width: 67.0526%;\">FMP-LF211<\/td>\n<\/tr>\n<tr>\n<td style=\"width: 32.2105%;\"><strong>Verh\u00e4ltnis<\/strong><\/td>\n<td style=\"width: 67.0526%;\">1:2.83<\/td>\n<\/tr>\n<tr>\n<td style=\"width: 32.2105%;\"><strong>Z\u00e4hne<\/strong><\/td>\n<td style=\"width: 67.0526%;\">34\/12<\/td>\n<\/tr>\n<tr>\n<td style=\"width: 32.2105%;\"><strong>Modul<\/strong><\/td>\n<td style=\"width: 67.0526%;\">3.36<\/td>\n<\/tr>\n<tr>\n<td style=\"width: 32.2105%;\"><strong>Leistung (PS)<\/strong><\/td>\n<td style=\"width: 67.0526%;\">20<\/td>\n<\/tr>\n<tr>\n<td style=\"width: 32.2105%;\"><strong>Nenneingangsleistung<\/strong><\/td>\n<td style=\"width: 67.0526%;\">540 U\/min<\/td>\n<\/tr>\n<tr>\n<td style=\"width: 32.2105%;\"><strong>Eingang\/Ausgang Beschreibung<\/strong><\/td>\n<td style=\"width: 67.0526%;\">1-3\/8 Z6 Optische Achse<\/td>\n<\/tr>\n<tr>\n<td style=\"width: 32.2105%;\"><strong>Gewicht (NW)<\/strong><\/td>\n<td style=\"width: 67.0526%;\">14,5 kg<\/td>\n<\/tr>\n<\/tbody>\n<\/table>\n<h2>Zapfwelle f\u00fcr landwirtschaftliches Rasenm\u00e4hergetriebe<\/h2>\n<p>Eine Zapfwelle (Power Take-Off) ist ein wichtiges Bauteil f\u00fcr den Anschluss eines Traktors oder einer anderen Antriebsquelle an das Getriebe eines Rasenm\u00e4hers. Sie spielt eine wesentliche Rolle bei der \u00dcbertragung der mechanischen Kraft vom Traktormotor auf die Schneidmesser des M\u00e4hers und erm\u00f6glicht so einen effizienten Betrieb. FMP bietet eine gro\u00dfe Auswahl an hochwertigen Zapfwellen, die f\u00fcr die nahtlose Zusammenarbeit mit Rasenm\u00e4hergetrieben konzipiert sind und optimale Leistung und Zuverl\u00e4ssigkeit gew\u00e4hrleisten.<\/p>\n<h3>Hauptmerkmale der FMP-Gelenkwellen f\u00fcr Rasenm\u00e4hergetriebe:<\/h3>\n<ol>\n<li><strong>Haltbarkeit und St\u00e4rke<\/strong><br \/>\nFMP-Gelenkwellen sind langlebig und aus hochwertigen Materialien wie Stahl gefertigt, um den Belastungen im harten landwirtschaftlichen Einsatz standzuhalten. Ob in Kreiselm\u00e4hern, Rasenm\u00e4hern oder anderen landwirtschaftlichen Ger\u00e4ten \u2013 unsere Gelenkwellen bieten langfristige Zuverl\u00e4ssigkeit und minimalen Verschlei\u00df.<\/li>\n<li><strong>Hohe Leistung<\/strong><br \/>\nUnsere Zapfwellen sind f\u00fcr eine effiziente Kraft\u00fcbertragung ausgelegt und gew\u00e4hrleisten, dass die M\u00e4hklingen mit der richtigen Geschwindigkeit und dem richtigen Drehmoment rotieren und so effektiv schneiden. Diese konstante Leistung ist entscheidend f\u00fcr optimale M\u00e4hergebnisse, auch unter schwierigen Bedingungen.<\/li>\n<li><strong>Anpassungsoptionen<\/strong><br \/>\nWir bei FMP wissen, dass unterschiedliche Anwendungen unterschiedliche L\u00f6sungen erfordern. Wir bieten ma\u00dfgeschneiderte Zapfwellen f\u00fcr spezifische Anforderungen, einschlie\u00dflich Anpassungen hinsichtlich L\u00e4nge, Drehmomentkapazit\u00e4t und Kupplungstypen. Unser Team arbeitet eng mit unseren Kunden zusammen, um sicherzustellen, dass die Zapfwelle perfekt zu ihrer Ausr\u00fcstung passt und Spitzenleistung liefert.<\/li>\n<li><strong>Sicherheit und Benutzerfreundlichkeit<\/strong><br \/>\nSicherheit hat bei landwirtschaftlichen Ger\u00e4ten oberste Priorit\u00e4t. FMP-Gelenkwellen sind mit Sicherheitsfunktionen wie Freilaufkupplungen und anderen Mechanismen ausgestattet, die Sch\u00e4den beim Auskuppeln der Gelenkwelle verhindern. Sie sind au\u00dferdem einfach zu installieren und zu warten und bieten so dem Bediener Komfort.<\/li>\n<li><strong>Vielseitigkeit<\/strong><br \/>\nUnsere Zapfwellen sind mit einer Vielzahl von Rasenm\u00e4hergetrieben und Landmaschinen kompatibel. Ob Standard-Zapfwellen oder ma\u00dfgeschneiderte L\u00f6sungen \u2013 FMP bietet passende Produkte f\u00fcr verschiedene M\u00e4hermodelle \u2013 vom Kleinbetrieb bis zum industriellen Gro\u00dfeinsatz.<\/li>\n<li><strong>Kosteng\u00fcnstig<\/strong><br \/>\nMit langlebigen, leistungsstarken Zapfwellen tr\u00e4gt FMP dazu bei, Ausfallzeiten und Reparaturkosten zu reduzieren und sorgt f\u00fcr einen reibungslosen und effizienten Betrieb Ihrer Landmaschinen. Unsere wettbewerbsf\u00e4higen Preise garantieren Ihnen den besten Gegenwert f\u00fcr Ihre Investition.<\/li>\n<\/ol>\n<h3>Warum sollten Sie sich f\u00fcr FMP-Zapfwellen f\u00fcr Ihr Rasenm\u00e4hergetriebe entscheiden?<\/h3>\n<ul>\n<li><strong>Qualit\u00e4tssicherung:<\/strong> FMP verpflichtet sich, bei jedem von uns hergestellten Produkt die h\u00f6chsten Qualit\u00e4tsstandards einzuhalten und so sicherzustellen, dass Ihre Zapfwelle langfristig optimale Leistung bringt.<\/li>\n<li><strong>Anpassung und Support:<\/strong> Wir bieten fachkundige Beratung und ma\u00dfgeschneiderte L\u00f6sungen, um die spezifischen Anforderungen Ihrer Maschinen und Ihres Betriebs zu erf\u00fcllen.<\/li>\n<li><strong>Globale Reichweite:<\/strong> Mit Kunden in fast 30 L\u00e4ndern hat sich FMP einen Ruf als Lieferant zuverl\u00e4ssiger Hochleistungskomponenten f\u00fcr den Agrarsektor erworben.<\/li>\n<\/ul>\n<p>F\u00fcr weitere Informationen oder Anfragen zu ma\u00dfgeschneiderten Zapfwellen f\u00fcr Ihr Rasenm\u00e4hergetriebe kontaktieren Sie FMP noch heute. Wir bieten Ihnen die besten L\u00f6sungen f\u00fcr Ihre Maschinen und gew\u00e4hrleisten Zuverl\u00e4ssigkeit und Effizienz in Ihrem Betrieb.<\/p>\n<table style=\"width: 100%;\" border=\"1\" width=\"100%\" cellspacing=\"0\" cellpadding=\"0\">\n<tbody>\n<tr>\n<td width=\"110\"><img loading=\"lazy\" decoding=\"async\" class=\"alignnone size-full wp-image-1872\" src=\"https:\/\/fmp-components.com\/wp-content\/uploads\/2024\/12\/PTO-Shaft-for-Rotary-Mower-Gearboxes-16.webp\" alt=\"Zapfwelle-f\u00fcr-Sichelm\u00e4hergetriebe-16\" width=\"1000\" height=\"1000\" title=\"\" srcset=\"https:\/\/fmp-components.com\/wp-content\/uploads\/2024\/12\/PTO-Shaft-for-Rotary-Mower-Gearboxes-16.webp 1000w, https:\/\/fmp-components.com\/wp-content\/uploads\/2024\/12\/PTO-Shaft-for-Rotary-Mower-Gearboxes-16-980x980.webp 980w, https:\/\/fmp-components.com\/wp-content\/uploads\/2024\/12\/PTO-Shaft-for-Rotary-Mower-Gearboxes-16-480x480.webp 480w\" sizes=\"(min-width: 0px) and (max-width: 480px) 480px, (min-width: 481px) and (max-width: 980px) 980px, (min-width: 981px) 1000px, 100vw\" \/><\/td>\n<td width=\"98\"><img loading=\"lazy\" decoding=\"async\" class=\"alignnone size-full wp-image-1873\" src=\"https:\/\/fmp-components.com\/wp-content\/uploads\/2024\/12\/PTO-Shaft-for-Rotary-Mower-Gearboxes-15.webp\" alt=\"Zapfwelle-f\u00fcr-Sichelm\u00e4hergetriebe-15\" width=\"1000\" height=\"1000\" title=\"\" srcset=\"https:\/\/fmp-components.com\/wp-content\/uploads\/2024\/12\/PTO-Shaft-for-Rotary-Mower-Gearboxes-15.webp 1000w, https:\/\/fmp-components.com\/wp-content\/uploads\/2024\/12\/PTO-Shaft-for-Rotary-Mower-Gearboxes-15-980x980.webp 980w, https:\/\/fmp-components.com\/wp-content\/uploads\/2024\/12\/PTO-Shaft-for-Rotary-Mower-Gearboxes-15-480x480.webp 480w\" sizes=\"(min-width: 0px) and (max-width: 480px) 480px, (min-width: 481px) and (max-width: 980px) 980px, (min-width: 981px) 1000px, 100vw\" \/><\/td>\n<\/tr>\n<\/tbody>\n<\/table>\n<h3>\u00dcber FMP<\/h3>\n<p>FMP ist ein f\u00fchrender Getriebehersteller mit Sitz in Italien und spezialisiert auf die Konstruktion, Entwicklung und Produktion von Hochleistungsgetrieben f\u00fcr Landmaschinen. Mit einem starken Fokus auf Qualit\u00e4t, Pr\u00e4zision und Innovation bieten wir ein umfassendes Sortiment an Getrieben, darunter auch Rasenm\u00e4hergetriebe sowie wichtige Komponenten wie Zapfwellen. Unsere Mission ist es, ma\u00dfgeschneiderte L\u00f6sungen f\u00fcr den Agrar- und Industriesektor anzubieten und die individuellen Bed\u00fcrfnisse unserer Kunden sowohl mit Einzelprodukten als auch mit vollst\u00e4ndig integrierten Systemen zu erf\u00fcllen.<\/p>\n<p>Bei FMP wissen wir, dass jeder Kunde individuelle Anforderungen hat. Unsere St\u00e4rke liegt in der Entwicklung ma\u00dfgeschneiderter L\u00f6sungen f\u00fcr diese vielf\u00e4ltigen Bed\u00fcrfnisse. Ob Sie einen bestimmten Getriebetyp oder ein komplettes System ben\u00f6tigen \u2013 wir arbeiten eng mit Ihnen zusammen, um das effektivste und effizienteste Produkt zu gew\u00e4hrleisten. Unser Engagement f\u00fcr Kundenzufriedenheit spiegelt sich in unserer reaktionsschnellen und professionellen Arbeitsweise wider. Wir stellen sicher, dass jede Anfrage mit kompetenter Beratung und Unterst\u00fctzung beantwortet wird.<\/p>\n<p>Wir legen Wert auf eine offene und kontinuierliche Kommunikation mit unseren Kunden, insbesondere bei der Entwicklung neuer Produkte. Unser Team arbeitet Hand in Hand mit unseren Kunden, um ihre Herausforderungen zu verstehen und bietet wertvolle Einblicke und Beratung f\u00fcr optimale L\u00f6sungen. Ob bei der Entwicklung neuer Produkte oder der Erf\u00fcllung bestehender Auftr\u00e4ge \u2013 wir sind bestrebt, qualitativ hochwertige Produkte schnell und pr\u00e4zise zu liefern.<\/p>\n<p>Qualit\u00e4t steht im Mittelpunkt unseres Handelns. Unser Fertigungsprozess folgt den Prinzipien \u201ehoher Standard, hohe Pr\u00e4zision und fehlerfrei\u201c. Wir implementieren strenge Qualit\u00e4tskontrollprotokolle, um sicherzustellen, dass jedes unserer Produkte die Industriestandards \u00fcbertrifft. Dieser unersch\u00fctterliche Fokus auf Qualit\u00e4t, kombiniert mit unseren Werten Teamwork, Integrit\u00e4t und Best\u00e4ndigkeit, hat uns geholfen, starke und dauerhafte Beziehungen zu Kunden in fast 30 L\u00e4ndern weltweit aufzubauen.<\/p>\n<p>FMP begr\u00fc\u00dft die globale Zusammenarbeit und bietet Ihnen stets kompetente Beratung und individuelle L\u00f6sungen. Unser Ansatz geht \u00fcber die Produktlieferung hinaus; es geht um die F\u00f6rderung langfristiger Partnerschaften, die zum gemeinsamen Erfolg beitragen. Ob Sie L\u00f6sungen f\u00fcr neue Projekte oder bestehende Anforderungen suchen \u2013 FMP unterst\u00fctzt Sie bei Ihren technischen Herausforderungen und sichert Ihren anhaltenden Erfolg.<\/p>\n<p><img loading=\"lazy\" decoding=\"async\" class=\"alignnone size-full wp-image-1861\" src=\"https:\/\/fmp-components.com\/wp-content\/uploads\/2024\/12\/Other-Agricultural-Gearboxes.webp\" sizes=\"(min-width: 0px) and (max-width: 480px) 480px, (min-width: 481px) and (max-width: 980px) 980px, (min-width: 981px) 1200px, 100vw\" srcset=\"https:\/\/fmp-components.com\/wp-content\/uploads\/2024\/12\/Other-Agricultural-Gearboxes.webp 1200w, https:\/\/fmp-components.com\/wp-content\/uploads\/2024\/12\/Other-Agricultural-Gearboxes-980x1143.webp 980w, https:\/\/fmp-components.com\/wp-content\/uploads\/2024\/12\/Other-Agricultural-Gearboxes-480x560.webp 480w\" alt=\"Altri-cambi-agricoli\" width=\"1200\" height=\"1400\" title=\"\"><\/p>\n<p>Autor: CX<\/p>","protected":false},"excerpt":{"rendered":"<p>Technische Daten des Getriebes FMP-LF211 f\u00fcr Landwirtschaftsrasenm\u00e4her: Artikelnummer: FMP-LF211, \u00dcbersetzung: 1:2,83, Z\u00e4hne: 34\/12, Modul: 3,36, Leistung: 20 PS, Nenndrehzahl: 540 U\/min, Ein-\/Ausgangsbeschreibung: 1-3\/8 Z6 Optikachse, Gewicht (netto): 14,5 kg. Zapfwelle f\u00fcr das Getriebe von Landwirtschaftsrasenm\u00e4hern: Eine Zapfwelle (PTO \u2013 Power Take-Off) ist eine wichtige Komponente zur Verbindung eines Traktors oder einer anderen Antriebsquelle mit einem landwirtschaftlichen Ger\u00e4t. [\u2026]<\/p>","protected":false},"featured_media":1965,"comment_status":"open","ping_status":"closed","template":"","meta":{"_et_pb_use_builder":"","_et_pb_old_content":"","_et_gb_content_width":""},"product_brand":[],"product_cat":[52],"product_tag":[],"class_list":{"0":"post-1962","1":"product","2":"type-product","3":"status-publish","4":"has-post-thumbnail","6":"product_cat-lawn-mower-gearbox","8":"first","9":"instock","10":"shipping-taxable","11":"product-type-simple"},"_links":{"self":[{"href":"https:\/\/fmp-components.com\/de\/wp-json\/wp\/v2\/product\/1962","targetHints":{"allow":["GET"]}}],"collection":[{"href":"https:\/\/fmp-components.com\/de\/wp-json\/wp\/v2\/product"}],"about":[{"href":"https:\/\/fmp-components.com\/de\/wp-json\/wp\/v2\/types\/product"}],"replies":[{"embeddable":true,"href":"https:\/\/fmp-components.com\/de\/wp-json\/wp\/v2\/comments?post=1962"}],"wp:featuredmedia":[{"embeddable":true,"href":"https:\/\/fmp-components.com\/de\/wp-json\/wp\/v2\/media\/1965"}],"wp:attachment":[{"href":"https:\/\/fmp-components.com\/de\/wp-json\/wp\/v2\/media?parent=1962"}],"wp:term":[{"taxonomy":"product_brand","embeddable":true,"href":"https:\/\/fmp-components.com\/de\/wp-json\/wp\/v2\/product_brand?post=1962"},{"taxonomy":"product_cat","embeddable":true,"href":"https:\/\/fmp-components.com\/de\/wp-json\/wp\/v2\/product_cat?post=1962"},{"taxonomy":"product_tag","embeddable":true,"href":"https:\/\/fmp-components.com\/de\/wp-json\/wp\/v2\/product_tag?post=1962"}],"curies":[{"name":"wp","href":"https:\/\/api.w.org\/{rel}","templated":true}]}}